{"id":9227,"date":"2024-12-31T17:43:41","date_gmt":"2024-12-31T15:43:41","guid":{"rendered":"https:\/\/hylajams.fi\/?post_type=product&#038;p=9227"},"modified":"2026-02-27T14:13:50","modified_gmt":"2026-02-27T12:13:50","slug":"hyla-eteeriset-tuoksut-3-x-30-ml","status":"publish","type":"product","link":"https:\/\/hylajams.fi\/?product=hyla-eteeriset-tuoksut-3-x-30-ml","title":{"rendered":"17456 Hyla eteerinen tuoksusetti &#8211; Rose Vanilla, Green Forest ja Fresh Flower | Hyla Jams"},"content":{"rendered":"<h3 data-start=\"165\" data-end=\"248\">Hyla eteeriset tuoksut 3&#215;30 ml<\/h3>\n<p data-start=\"165\" data-end=\"248\">Hyla eteeriset tuoksut 3&#215;30 ml &#8211; Rose Vanilla, Green Forest ja Fresh Flower<\/p>\n<h3 data-start=\"165\" data-end=\"248\"><strong>Aito luonnonhoito \u2013 Hylan eteeriset \u00f6ljyt 3 kpl settin\u00e4, jokaisessa pullossa 30 ml eteerist\u00e4 \u00f6ljy\u00e4.<\/strong><\/h3>\n<h3 data-start=\"165\" data-end=\"248\">Hyla eteeriset tuoksut 3&#215;30 ml<strong data-start=\"250\" data-end=\"295\"> \u2013 kolmekertaa enemm\u00e4n tuoksua<\/strong>\u00a0kuin markkinoiden standardi 10\u202fml pullot \u2013 enemm\u00e4n tuoksukokemusta, parempi hinta-laatusuhde.<\/h3>\n<p data-start=\"250\" data-end=\"389\">N\u00e4m\u00e4 luonnolliset eteeriset kolmen pullon \u00f6ljyjen setti sis\u00e4lt\u00e4\u00e4 kolme erilaista tuoksumaailmaa:<\/p>\n<h4 data-start=\"396\" data-end=\"432\">Valitse oma tuoksusi aamuun ja oma tuoksusi iltaan ja tee n\u00e4in oma tuoksuel\u00e4myksesi:<\/h4>\n<ul data-start=\"434\" data-end=\"881\">\n<li data-start=\"434\" data-end=\"585\">\n<p data-start=\"436\" data-end=\"585\"><strong data-start=\"1638\" data-end=\"1657\">\ud83c\udf39 Rose Vanilla<\/strong><br data-start=\"452\" data-end=\"455\" \/>Ainutlaatuinen yhdistelm\u00e4 aitoa ruusun pehmeytt\u00e4 ja pehme\u00e4\u00e4 vaniljan l\u00e4mmitt\u00e4v\u00e4\u00e4 syleily\u00e4 \u2013 ylellinen ja romanttinen tuoksumaku.<\/p>\n<\/li>\n<li data-start=\"587\" data-end=\"721\">\n<p data-start=\"589\" data-end=\"721\"><strong data-start=\"1840\" data-end=\"1860\">\ud83c\udf38 Fresh Flowers<\/strong><br data-start=\"606\" data-end=\"609\" \/>Raikas ja naisellinen kukkasekoitus kuin kes\u00e4inen puutarha pullossa \u2013 Kirkastaa mielen ja kodin ilmapiirin luonnollisesti.<\/p>\n<\/li>\n<li data-start=\"723\" data-end=\"881\">\n<p data-start=\"725\" data-end=\"881\"><strong data-start=\"2044\" data-end=\"2063\"> \ud83c\udf32 Green Forest<\/strong><br data-start=\"741\" data-end=\"744\" \/>Mets\u00e4inen ja vivahteikas \u2013 havupuun syvyys yhdistettyn\u00e4 vihre\u00e4n lehtien puhtaaseen vivahteeseen. Aktivoi aistit ja tuo luonnon raikkauden sis\u00e4tiloihin.<\/p>\n<\/li>\n<\/ul>\n<p data-start=\"2248\" data-end=\"2295\"><strong data-start=\"2248\" data-end=\"2293\">Miksi valita Rose Vanilla Green Forest ja Fresh Flower &#8211; Hylan eteeriset tuoksut 30\u202fml?<\/strong><\/p>\n<ul>\n<li data-start=\"2298\" data-end=\"2379\">Tripla-annos tuoksua \u2013 pitk\u00e4kestoisempi k\u00e4ytt\u00f6kokemus verrattuna 10\u202fml pulloihin.<\/li>\n<li data-start=\"2382\" data-end=\"2461\">T\u00e4ysin luonnollisia eteerisi\u00e4 \u00f6ljyj\u00e4 \u2013 turvallinen vaihtoehto koko perheelle.<\/li>\n<li data-start=\"2464\" data-end=\"2556\">Monik\u00e4ytt\u00f6iset \u2013 sopii Hyla-j\u00e4rjestelm\u00e4\u00e4n, diffuuseriin, kylpyyn ja tilojen raikastukseen.<\/li>\n<li data-start=\"2559\" data-end=\"2641\">Taloudellinen valinta \u2013 enemm\u00e4n tuoksua samaan hintaan, v\u00e4hemm\u00e4n t\u00e4ytt\u00f6vastetta ja tyhjiksi j\u00e4\u00e4neit\u00e4 pulloja.<\/li>\n<\/ul>\n<p data-start=\"2643\" data-end=\"2759\">Nauti monipuolisesta tuoksuel\u00e4myksest\u00e4 ja tee siivouksesta sek\u00e4 huoneilman puhdistuksesta entist\u00e4 miellytt\u00e4v\u00e4mp\u00e4\u00e4.<\/p>\n<p data-start=\"2643\" data-end=\"2759\"><strong data-start=\"1550\" data-end=\"1561\">K\u00e4ytt\u00f6:<\/strong><br data-start=\"1561\" data-end=\"1564\" \/>Lis\u00e4\u00e4 muutama tippa Hylan vesis\u00e4ili\u00f6\u00f6n ilmanraikastajalla ja nauti miellytt\u00e4v\u00e4st\u00e4, luonnollisesta tuoksusta kotona. Jokainen tuoksu on suunniteltu luomaan haluttu tunnelma: romanttinen, raikas tai mets\u00e4nraikas.<\/p>\n<p data-start=\"1778\" data-end=\"1796\"><strong data-start=\"1778\" data-end=\"1794\">Tuotetiedot:<\/strong><\/p>\n<ul data-start=\"1797\" data-end=\"1937\">\n<li data-start=\"1797\" data-end=\"1874\">\n<p data-start=\"1799\" data-end=\"1874\">Sarjaan kuuluu kolme tuoksua: Rose Vanilla, Fresh Flowers ja Green Forest<\/p>\n<\/li>\n<li data-start=\"1875\" data-end=\"1937\">\n<p data-start=\"1877\" data-end=\"1937\">Jokainen pullo sis\u00e4lt\u00e4\u00e4 30\u202fml laadukasta luonnosta poimittuja eteerist\u00e4 tuoksua<\/p>\n<\/li>\n<\/ul>\n<h4><strong><a href=\"https:\/\/hylajams.fi\/?page_id=8935\"><span style=\"color: #339966;\">Hylan eteeriset tuoksu info<\/span><\/a><\/strong><\/h4>\n<h5><a href=\"https:\/\/www.hyla-naturalcare.com\/en\/\"><strong><span dir=\"auto\" style=\"vertical-align: inherit;\"><span dir=\"auto\" style=\"vertical-align: inherit;\">LUONNOLLINEN HOITO\u00a0<\/span><\/span><\/strong><\/a><\/h5>\n<hr data-start=\"2761\" data-end=\"2764\" \/>\n<h3 data-start=\"2766\" data-end=\"2796\"><strong data-start=\"2770\" data-end=\"2794\">Usein kysytty\u00e4 (FAQ)<\/strong><\/h3>\n<p data-start=\"2798\" data-end=\"2854\"><strong data-start=\"2798\" data-end=\"2852\">\ud83d\udca1 Miksi Hylan tuoksupullot ovat 30\u202fml eik\u00e4 10\u202fml?<\/strong><\/p>\n<ul data-start=\"2855\" data-end=\"2965\">\n<li data-start=\"2855\" data-end=\"2965\">\n<p data-start=\"2857\" data-end=\"2965\">Suurempi pullo tarjoaa kolminkertaisen annoksen tuoksua, joka kest\u00e4\u00e4 pidemp\u00e4\u00e4n ja v\u00e4hent\u00e4\u00e4 t\u00e4ytt\u00f6tarvetta.<\/p>\n<\/li>\n<\/ul>\n<p data-start=\"2967\" data-end=\"3043\"><strong data-start=\"2967\" data-end=\"3041\">\ud83d\udca1 Voinko k\u00e4ytt\u00e4\u00e4 tuoksuja muissa laitteissa kuin Hyla-j\u00e4rjestelm\u00e4ss\u00e4?<\/strong><\/p>\n<ul data-start=\"3044\" data-end=\"3133\">\n<li data-start=\"3044\" data-end=\"3133\">\n<p data-start=\"3046\" data-end=\"3133\">Kyll\u00e4, voit k\u00e4ytt\u00e4\u00e4 diffuuserissa, kylvyss\u00e4 tai muissa kodin raikastustarkoituksissa.<\/p>\n<\/li>\n<\/ul>\n<p data-start=\"3135\" data-end=\"3195\"><strong data-start=\"3135\" data-end=\"3193\">\ud83d\udca1 Ovatko tuoksut turvallisia lapsille ja lemmikeille?<\/strong><\/p>\n<ul data-start=\"3196\" data-end=\"3321\">\n<li data-start=\"3196\" data-end=\"3321\">\n<p data-start=\"3198\" data-end=\"3321\">Kyll\u00e4, ne sis\u00e4lt\u00e4v\u00e4t vain luonnollisia eteerisi\u00e4 \u00f6ljyj\u00e4, mutta v\u00e4lt\u00e4 suoraa nauttimista tai suuria m\u00e4\u00e4ri\u00e4 suoraan iholle.<\/p>\n<\/li>\n<\/ul>\n<p data-start=\"3323\" data-end=\"3379\"><strong data-start=\"3323\" data-end=\"3377\">\ud83d\udca1 Kuinka monta tippaa tulisi lis\u00e4t\u00e4 vesis\u00e4ili\u00f6\u00f6n?<\/strong><\/p>\n<ul data-start=\"3380\" data-end=\"3476\">\n<li data-start=\"3380\" data-end=\"3476\">\n<p data-start=\"3382\" data-end=\"3476\">Suositus: 3\u20135 tippaa Hylan vesiastiaan, riippuen huoneen koosta ja halutusta voimakkuudesta. Hyla AERA ilmanraikastimessa 2-3 tippaa.<\/p>\n<\/li>\n<\/ul>\n<p data-start=\"3478\" data-end=\"3544\"><strong data-start=\"3478\" data-end=\"3542\">\ud83d\udca1 Mit\u00e4 hy\u00f6ty\u00e4 eteerisist\u00e4 \u00f6ljyist\u00e4 on kodin puhdistuksessa?<\/strong><\/p>\n<ul data-start=\"3545\" data-end=\"3647\">\n<li data-start=\"3545\" data-end=\"3647\">\n<p data-start=\"3547\" data-end=\"3647\">Ne neutraloivat hajuja, raikastavat huoneilman ja luovat miellytt\u00e4v\u00e4n tunnelman siivouksen aikana.<\/p>\n<\/li>\n<\/ul>\n<p data-start=\"3547\" data-end=\"3647\"><strong data-start=\"2517\" data-end=\"2548\">\ud83d\udca1 Kuinka kauan tuoksu kest\u00e4\u00e4?<\/strong><\/p>\n<ul>\n<li data-start=\"3547\" data-end=\"3647\">Riippuen veden m\u00e4\u00e4r\u00e4st\u00e4 ja tilasta, 30\u202fml antaa pitk\u00e4kestoisen kokemuksen verrattuna 10\u202fml pulloihin.<\/li>\n<\/ul>\n<h5><strong><a href=\"https:\/\/www.hyla.com\/products\/products\"><span dir=\"auto\"><span dir=\"auto\" style=\"vertical-align: inherit;\"><span dir=\"auto\" style=\"vertical-align: inherit;\"><span dir=\"auto\" style=\"vertical-align: inherit;\"><span dir=\"auto\" style=\"vertical-align: inherit;\"><span dir=\"auto\" style=\"vertical-align: inherit;\"><span dir=\"auto\" style=\"vertical-align: inherit;\">HYLA INTERNATIONAL<\/span><\/span><\/span><\/span><\/span><\/span><\/span><\/a><\/strong><\/h5>\n","protected":false},"excerpt":{"rendered":"<p data-start=\"1210\" data-end=\"1294\"><strong>Rose Vanilla Green Forest ja Fresh Flower<\/strong> &#8211;\u00a0<strong data-start=\"932\" data-end=\"1022\">Puhdas tuoksuel\u00e4mys alkaa Hylan eteerisist\u00e4 tuoksupulloista \u2013 Hyla Jams Verkkokaupasta<\/strong><\/p>\n<p data-start=\"1210\" data-end=\"1294\">Kolmen pullon setti (30\u202fml\/pullo\/kpl) tarjoaa kolme kertaa enemm\u00e4n tuoksua kuin tavalliset 10\u202fml pullot. Valitse Rose Vanilla, Fresh Flowers tai Green Forest ja tuo kotiisi luonnollista raikkautta. Sopii Hylan vesis\u00e4ili\u00f6\u00f6n, diffuuseriin, ilman raikastukseen esim. Hyla AERAn kanssa\u00a0 tai henkil\u00f6kohtaiseen k\u00e4ytt\u00f6\u00f6n. T\u00e4ysin luonnolliset eteeriset \u00f6ljyt \u2013 pitk\u00e4kestoinen ja monik\u00e4ytt\u00f6inen tuoksuel\u00e4mys.<\/p>\n","protected":false},"featured_media":11672,"template":"","meta":[],"product_brand":[],"product_cat":[66,54,50],"product_tag":[1568,1566,1565,1403],"class_list":{"0":"post-9227","1":"product","2":"type-product","3":"status-publish","4":"has-post-thumbnail","6":"product_cat-hyla-eteeriset-tuoksusetit-3x30-ml","7":"product_cat-hyla-tuoksusetti-kesa-90-ml","8":"product_cat-hyla-tuoksut","9":"product_tag-eteerinen-tuoksusetti","10":"product_tag-fresh-flower","11":"product_tag-green-forest","12":"product_tag-rose-vanilla","13":"product_shipping_class-matkahuolto-s-10-x-40-x-55-cm","14":"_wholesalex wsx-wholesalex-product","16":"first","17":"instock","18":"featured","19":"shipping-taxable","20":"purchasable","21":"product-type-simple"},"yoast_head":"<!-- This site is optimized with the Yoast SEO plugin v27.3 - https:\/\/yoast.com\/product\/yoast-seo-wordpress\/ -->\n<title>Hyla eteeriset tuoksut 3x30 ml - Kolme uutta luonnollista tuoksua<\/title>\n<meta name=\"description\" content=\"Hyla eteeriset tuoksut 3x30 ml - sis. (Rose Vanilla, Green Forest ja Fresh Flower) \u2013 100 % luonnolliset eteeriset tuoksut kotiin, saunaan ja raikastukseen\" \/>\n<meta name=\"robots\" content=\"index, follow, max-snippet:-1, max-image-preview:large, max-video-preview:-1\" \/>\n<link rel=\"canonical\" href=\"https:\/\/hylajams.fi\/?product=hyla-eteeriset-tuoksut-3-x-30-ml\" \/>\n<meta property=\"og:locale\" content=\"fi_FI\" \/>\n<meta property=\"og:type\" content=\"article\" \/>\n<meta property=\"og:title\" content=\"Hyla eteeriset tuoksut 3x30 ml - Kolme uutta luonnollista tuoksua\" \/>\n<meta property=\"og:description\" content=\"Hyla eteeriset tuoksut 3x30 ml - sis. (Rose Vanilla, Green Forest ja Fresh Flower) \u2013 100 % luonnolliset eteeriset tuoksut kotiin, saunaan ja raikastukseen\" \/>\n<meta property=\"og:url\" content=\"https:\/\/hylajams.fi\/?product=hyla-eteeriset-tuoksut-3-x-30-ml\" \/>\n<meta property=\"og:site_name\" content=\"Hyla Jams Verkkokauppa\" \/>\n<meta property=\"article:modified_time\" content=\"2026-02-27T12:13:50+00:00\" \/>\n<meta property=\"og:image\" content=\"https:\/\/hylajams.fi\/wp-content\/uploads\/2024\/12\/17456-Rose-Vanilla-Green-Forest-ja-Fresh-Flower.jpg\" \/>\n\t<meta property=\"og:image:width\" content=\"960\" \/>\n\t<meta property=\"og:image:height\" content=\"540\" \/>\n\t<meta property=\"og:image:type\" content=\"image\/jpeg\" \/>\n<meta name=\"twitter:card\" content=\"summary_large_image\" \/>\n<meta name=\"twitter:label1\" content=\"Arvioitu lukuaika\" \/>\n\t<meta name=\"twitter:data1\" content=\"3 minuuttia\" \/>\n<script type=\"application\/ld+json\" class=\"yoast-schema-graph\">{\"@context\":\"https:\\\/\\\/schema.org\",\"@graph\":[{\"@type\":\"WebPage\",\"@id\":\"https:\\\/\\\/hylajams.fi\\\/?product=hyla-eteeriset-tuoksut-3-x-30-ml\",\"url\":\"https:\\\/\\\/hylajams.fi\\\/?product=hyla-eteeriset-tuoksut-3-x-30-ml\",\"name\":\"Hyla eteeriset tuoksut 3x30 ml - Kolme uutta luonnollista tuoksua\",\"isPartOf\":{\"@id\":\"https:\\\/\\\/hylajams.fi\\\/#website\"},\"primaryImageOfPage\":{\"@id\":\"https:\\\/\\\/hylajams.fi\\\/?product=hyla-eteeriset-tuoksut-3-x-30-ml#primaryimage\"},\"image\":{\"@id\":\"https:\\\/\\\/hylajams.fi\\\/?product=hyla-eteeriset-tuoksut-3-x-30-ml#primaryimage\"},\"thumbnailUrl\":\"https:\\\/\\\/hylajams.fi\\\/wp-content\\\/uploads\\\/2024\\\/12\\\/17456-Rose-Vanilla-Green-Forest-ja-Fresh-Flower.jpg\",\"datePublished\":\"2024-12-31T15:43:41+00:00\",\"dateModified\":\"2026-02-27T12:13:50+00:00\",\"description\":\"Hyla eteeriset tuoksut 3x30 ml - sis. (Rose Vanilla, Green Forest ja Fresh Flower) \u2013 100 % luonnolliset eteeriset tuoksut kotiin, saunaan ja raikastukseen\",\"breadcrumb\":{\"@id\":\"https:\\\/\\\/hylajams.fi\\\/?product=hyla-eteeriset-tuoksut-3-x-30-ml#breadcrumb\"},\"inLanguage\":\"fi\",\"potentialAction\":[{\"@type\":\"ReadAction\",\"target\":[\"https:\\\/\\\/hylajams.fi\\\/?product=hyla-eteeriset-tuoksut-3-x-30-ml\"]}]},{\"@type\":\"ImageObject\",\"inLanguage\":\"fi\",\"@id\":\"https:\\\/\\\/hylajams.fi\\\/?product=hyla-eteeriset-tuoksut-3-x-30-ml#primaryimage\",\"url\":\"https:\\\/\\\/hylajams.fi\\\/wp-content\\\/uploads\\\/2024\\\/12\\\/17456-Rose-Vanilla-Green-Forest-ja-Fresh-Flower.jpg\",\"contentUrl\":\"https:\\\/\\\/hylajams.fi\\\/wp-content\\\/uploads\\\/2024\\\/12\\\/17456-Rose-Vanilla-Green-Forest-ja-Fresh-Flower.jpg\",\"width\":960,\"height\":540,\"caption\":\"Hyla eteeriset tuoksut 3x30 ml - Rose Vanilla Green Forest ja Fresh Flower\"},{\"@type\":\"BreadcrumbList\",\"@id\":\"https:\\\/\\\/hylajams.fi\\\/?product=hyla-eteeriset-tuoksut-3-x-30-ml#breadcrumb\",\"itemListElement\":[{\"@type\":\"ListItem\",\"position\":1,\"name\":\"Etusivu\",\"item\":\"https:\\\/\\\/hylajams.fi\\\/\"},{\"@type\":\"ListItem\",\"position\":2,\"name\":\"VERKKOKAUPPA\",\"item\":\"https:\\\/\\\/hylajams.fi\\\/?page_id=9\"},{\"@type\":\"ListItem\",\"position\":3,\"name\":\"17456 Hyla eteerinen tuoksusetti &#8211; Rose Vanilla, Green Forest ja Fresh Flower | Hyla Jams\"}]},{\"@type\":\"WebSite\",\"@id\":\"https:\\\/\\\/hylajams.fi\\\/#website\",\"url\":\"https:\\\/\\\/hylajams.fi\\\/\",\"name\":\"Hyla Jams Verkkokauppa\",\"description\":\"Hyla ilman- ja huoneen puhdistusj\u00e4rjestelm\u00e4 Suomessa\",\"publisher\":{\"@id\":\"https:\\\/\\\/hylajams.fi\\\/#organization\"},\"potentialAction\":[{\"@type\":\"SearchAction\",\"target\":{\"@type\":\"EntryPoint\",\"urlTemplate\":\"https:\\\/\\\/hylajams.fi\\\/?s={search_term_string}\"},\"query-input\":{\"@type\":\"PropertyValueSpecification\",\"valueRequired\":true,\"valueName\":\"search_term_string\"}}],\"inLanguage\":\"fi\"},{\"@type\":\"Organization\",\"@id\":\"https:\\\/\\\/hylajams.fi\\\/#organization\",\"name\":\"Hyla Jams Verkkokauppa\",\"url\":\"https:\\\/\\\/hylajams.fi\\\/\",\"logo\":{\"@type\":\"ImageObject\",\"inLanguage\":\"fi\",\"@id\":\"https:\\\/\\\/hylajams.fi\\\/#\\\/schema\\\/logo\\\/image\\\/\",\"url\":\"https:\\\/\\\/hylajams.fi\\\/wp-content\\\/uploads\\\/2025\\\/02\\\/Logo-1-2.jpg\",\"contentUrl\":\"https:\\\/\\\/hylajams.fi\\\/wp-content\\\/uploads\\\/2025\\\/02\\\/Logo-1-2.jpg\",\"width\":500,\"height\":500,\"caption\":\"Hyla Jams Verkkokauppa\"},\"image\":{\"@id\":\"https:\\\/\\\/hylajams.fi\\\/#\\\/schema\\\/logo\\\/image\\\/\"},\"sameAs\":[\"https:\\\/\\\/www.instagram.com\\\/hylasiivous\\\/\"]}]}<\/script>\n<!-- \/ Yoast SEO plugin. -->","yoast_head_json":{"title":"Hyla eteeriset tuoksut 3x30 ml - Kolme uutta luonnollista tuoksua","description":"Hyla eteeriset tuoksut 3x30 ml - sis. (Rose Vanilla, Green Forest ja Fresh Flower) \u2013 100 % luonnolliset eteeriset tuoksut kotiin, saunaan ja raikastukseen","robots":{"index":"index","follow":"follow","max-snippet":"max-snippet:-1","max-image-preview":"max-image-preview:large","max-video-preview":"max-video-preview:-1"},"canonical":"https:\/\/hylajams.fi\/?product=hyla-eteeriset-tuoksut-3-x-30-ml","og_locale":"fi_FI","og_type":"article","og_title":"Hyla eteeriset tuoksut 3x30 ml - Kolme uutta luonnollista tuoksua","og_description":"Hyla eteeriset tuoksut 3x30 ml - sis. (Rose Vanilla, Green Forest ja Fresh Flower) \u2013 100 % luonnolliset eteeriset tuoksut kotiin, saunaan ja raikastukseen","og_url":"https:\/\/hylajams.fi\/?product=hyla-eteeriset-tuoksut-3-x-30-ml","og_site_name":"Hyla Jams Verkkokauppa","article_modified_time":"2026-02-27T12:13:50+00:00","og_image":[{"width":960,"height":540,"url":"https:\/\/hylajams.fi\/wp-content\/uploads\/2024\/12\/17456-Rose-Vanilla-Green-Forest-ja-Fresh-Flower.jpg","type":"image\/jpeg"}],"twitter_card":"summary_large_image","twitter_misc":{"Arvioitu lukuaika":"3 minuuttia"},"schema":{"@context":"https:\/\/schema.org","@graph":[{"@type":"WebPage","@id":"https:\/\/hylajams.fi\/?product=hyla-eteeriset-tuoksut-3-x-30-ml","url":"https:\/\/hylajams.fi\/?product=hyla-eteeriset-tuoksut-3-x-30-ml","name":"Hyla eteeriset tuoksut 3x30 ml - Kolme uutta luonnollista tuoksua","isPartOf":{"@id":"https:\/\/hylajams.fi\/#website"},"primaryImageOfPage":{"@id":"https:\/\/hylajams.fi\/?product=hyla-eteeriset-tuoksut-3-x-30-ml#primaryimage"},"image":{"@id":"https:\/\/hylajams.fi\/?product=hyla-eteeriset-tuoksut-3-x-30-ml#primaryimage"},"thumbnailUrl":"https:\/\/hylajams.fi\/wp-content\/uploads\/2024\/12\/17456-Rose-Vanilla-Green-Forest-ja-Fresh-Flower.jpg","datePublished":"2024-12-31T15:43:41+00:00","dateModified":"2026-02-27T12:13:50+00:00","description":"Hyla eteeriset tuoksut 3x30 ml - sis. (Rose Vanilla, Green Forest ja Fresh Flower) \u2013 100 % luonnolliset eteeriset tuoksut kotiin, saunaan ja raikastukseen","breadcrumb":{"@id":"https:\/\/hylajams.fi\/?product=hyla-eteeriset-tuoksut-3-x-30-ml#breadcrumb"},"inLanguage":"fi","potentialAction":[{"@type":"ReadAction","target":["https:\/\/hylajams.fi\/?product=hyla-eteeriset-tuoksut-3-x-30-ml"]}]},{"@type":"ImageObject","inLanguage":"fi","@id":"https:\/\/hylajams.fi\/?product=hyla-eteeriset-tuoksut-3-x-30-ml#primaryimage","url":"https:\/\/hylajams.fi\/wp-content\/uploads\/2024\/12\/17456-Rose-Vanilla-Green-Forest-ja-Fresh-Flower.jpg","contentUrl":"https:\/\/hylajams.fi\/wp-content\/uploads\/2024\/12\/17456-Rose-Vanilla-Green-Forest-ja-Fresh-Flower.jpg","width":960,"height":540,"caption":"Hyla eteeriset tuoksut 3x30 ml - Rose Vanilla Green Forest ja Fresh Flower"},{"@type":"BreadcrumbList","@id":"https:\/\/hylajams.fi\/?product=hyla-eteeriset-tuoksut-3-x-30-ml#breadcrumb","itemListElement":[{"@type":"ListItem","position":1,"name":"Etusivu","item":"https:\/\/hylajams.fi\/"},{"@type":"ListItem","position":2,"name":"VERKKOKAUPPA","item":"https:\/\/hylajams.fi\/?page_id=9"},{"@type":"ListItem","position":3,"name":"17456 Hyla eteerinen tuoksusetti &#8211; Rose Vanilla, Green Forest ja Fresh Flower | Hyla Jams"}]},{"@type":"WebSite","@id":"https:\/\/hylajams.fi\/#website","url":"https:\/\/hylajams.fi\/","name":"Hyla Jams Verkkokauppa","description":"Hyla ilman- ja huoneen puhdistusj\u00e4rjestelm\u00e4 Suomessa","publisher":{"@id":"https:\/\/hylajams.fi\/#organization"},"potentialAction":[{"@type":"SearchAction","target":{"@type":"EntryPoint","urlTemplate":"https:\/\/hylajams.fi\/?s={search_term_string}"},"query-input":{"@type":"PropertyValueSpecification","valueRequired":true,"valueName":"search_term_string"}}],"inLanguage":"fi"},{"@type":"Organization","@id":"https:\/\/hylajams.fi\/#organization","name":"Hyla Jams Verkkokauppa","url":"https:\/\/hylajams.fi\/","logo":{"@type":"ImageObject","inLanguage":"fi","@id":"https:\/\/hylajams.fi\/#\/schema\/logo\/image\/","url":"https:\/\/hylajams.fi\/wp-content\/uploads\/2025\/02\/Logo-1-2.jpg","contentUrl":"https:\/\/hylajams.fi\/wp-content\/uploads\/2025\/02\/Logo-1-2.jpg","width":500,"height":500,"caption":"Hyla Jams Verkkokauppa"},"image":{"@id":"https:\/\/hylajams.fi\/#\/schema\/logo\/image\/"},"sameAs":["https:\/\/www.instagram.com\/hylasiivous\/"]}]}},"_links":{"self":[{"href":"https:\/\/hylajams.fi\/index.php?rest_route=\/wp\/v2\/product\/9227","targetHints":{"allow":["GET"]}}],"collection":[{"href":"https:\/\/hylajams.fi\/index.php?rest_route=\/wp\/v2\/product"}],"about":[{"href":"https:\/\/hylajams.fi\/index.php?rest_route=\/wp\/v2\/types\/product"}],"version-history":[{"count":17,"href":"https:\/\/hylajams.fi\/index.php?rest_route=\/wp\/v2\/product\/9227\/revisions"}],"predecessor-version":[{"id":13125,"href":"https:\/\/hylajams.fi\/index.php?rest_route=\/wp\/v2\/product\/9227\/revisions\/13125"}],"wp:featuredmedia":[{"embeddable":true,"href":"https:\/\/hylajams.fi\/index.php?rest_route=\/wp\/v2\/media\/11672"}],"wp:attachment":[{"href":"https:\/\/hylajams.fi\/index.php?rest_route=%2Fwp%2Fv2%2Fmedia&parent=9227"}],"wp:term":[{"taxonomy":"product_brand","embeddable":true,"href":"https:\/\/hylajams.fi\/index.php?rest_route=%2Fwp%2Fv2%2Fproduct_brand&post=9227"},{"taxonomy":"product_cat","embeddable":true,"href":"https:\/\/hylajams.fi\/index.php?rest_route=%2Fwp%2Fv2%2Fproduct_cat&post=9227"},{"taxonomy":"product_tag","embeddable":true,"href":"https:\/\/hylajams.fi\/index.php?rest_route=%2Fwp%2Fv2%2Fproduct_tag&post=9227"}],"curies":[{"name":"wp","href":"https:\/\/api.w.org\/{rel}","templated":true}]}}