{"id":8062,"date":"2024-08-22T20:45:38","date_gmt":"2024-08-22T17:45:38","guid":{"rendered":"https:\/\/hylajams.fi\/?post_type=product&#038;p=8062"},"modified":"2026-02-27T19:57:33","modified_gmt":"2026-02-27T17:57:33","slug":"hyla-est-sahkomoottoriharja","status":"publish","type":"product","link":"https:\/\/hylajams.fi\/?product=hyla-est-sahkomoottoriharja","title":{"rendered":"46320 Hyla EST s\u00e4hk\u00f6moottoriharja"},"content":{"rendered":"<h2 data-start=\"191\" data-end=\"265\"><strong data-start=\"194\" data-end=\"265\">Hyla EST S\u00e4hk\u00f6moottoriharja \u2013 Tehoa ja tarkkuutta syv\u00e4puhdistukseen<\/strong><\/h2>\n<p data-start=\"267\" data-end=\"363\"><strong data-start=\"267\" data-end=\"361\">Kun haluat oikeasti puhdasta, valitse\u00a0<\/strong><strong data-start=\"194\" data-end=\"265\">Hyla EST <\/strong><strong data-start=\"267\" data-end=\"361\">s\u00e4hk\u00f6moottoriharja, joka ei j\u00e4t\u00e4 mit\u00e4\u00e4n puolitiehen.<\/strong><\/p>\n<p data-start=\"267\" data-end=\"363\">Hanki samalla <a href=\"https:\/\/hylajams.fi\/?product=46910-patjan-sovitin-tampparin-harjaan\"><strong>Imeytymisen est\u00e4j\u00e4<\/strong><\/a>, jolloin ei tarvitse taistella k\u00e4pertyneiden maton reunojen tai -p\u00e4iden kanssa.<\/p>\n<p data-start=\"267\" data-end=\"363\">Hyla EST S\u00e4hk\u00f6moottoriharja on suunniteltu tehokkaaseen ja syv\u00e4lt\u00e4 puhdistavaan imurointiin. Se poistaa lian, p\u00f6lyn, lemmikkien karvat ja p\u00f6lypunkit tehokkaasti kodin pehmeilt\u00e4 pinnoilta \u2013 erityisesti niilt\u00e4, joissa lika piiloutuu syv\u00e4lle kuituihin.<\/p>\n<p data-start=\"616\" data-end=\"1030\">\ud83d\udd39 <strong data-start=\"619\" data-end=\"650\">T\u00e4rytt\u00e4v\u00e4 moottoritekniikka<\/strong> irrottaa syv\u00e4lt\u00e4 tekstiilist\u00e4 p\u00f6lyt, p\u00f6lypunkit, liat ja allergeenit syv\u00e4lt\u00e4 tekstiileist\u00e4<br data-start=\"680\" data-end=\"683\" \/>\ud83d\udd39 <strong data-start=\"686\" data-end=\"785\">Monik\u00e4ytt\u00f6inen \u2013 sopii tyynyille, patjoille, matoille, sohville, lattioille, lemmikkitalouksiin ja auton istuimille<\/strong><br data-start=\"785\" data-end=\"788\" \/>\ud83d\udd39 <strong data-start=\"791\" data-end=\"854\">Tehokas my\u00f6s lemmikkien karvoihin ja allergian aiheuttajiin<\/strong><br data-start=\"854\" data-end=\"857\" \/>\ud83d\udd39 <strong data-start=\"860\" data-end=\"913\">Helppo kiinnitt\u00e4\u00e4 ja k\u00e4ytt\u00e4\u00e4 HYLAn j\u00e4rjestelm\u00e4ss\u00e4<\/strong><br data-start=\"913\" data-end=\"916\" \/>\ud83d\udd39 <strong>Helppo k\u00e4ytt\u00e4\u00e4 ja pit\u00e4\u00e4 puhtaana \u2013 tulokset n\u00e4kyv\u00e4t jo ensimm\u00e4isell\u00e4 k\u00e4ytt\u00f6kerralla<\/strong><\/p>\n<h4><strong>K\u00e4ytt\u00f6esimerkkej\u00e4:<\/strong><\/h4>\n<ul>\n<li>Kokolattiamatto: Syv\u00e4 puhdistaa vanhatkin matot ja tuo v\u00e4rit esiin. Irrottaa hiekan, p\u00f6lyn ja murut nopeasti ja tehokkaasti.<\/li>\n<li>Makuuhuoneen patjat ja tyynyt: Syv\u00e4puhdistus p\u00f6lypunkeista ja muista ep\u00e4puhtauksista. Poistaa p\u00f6lypunkit ja raikastaa nukkumisymp\u00e4rist\u00f6n.<\/li>\n<li>M\u00f6kkiolosuhteet: Puhdistaa tehokkaasti pitk\u00e4\u00e4n k\u00e4ytt\u00e4m\u00e4tt\u00f6m\u00e4n tilan tekstiilit.<\/li>\n<li>It\u00e4maiset matot: Imeytymisen est\u00e4j\u00e4n avulla puhdistaa hell\u00e4varaisesti maton reunat ja -p\u00e4\u00e4t.<\/li>\n<li>Lemmikkien oleskelupaikat: Irrottaa karvat ja eliminoi hajut tehokkaasti.<\/li>\n<li>Auton istuimet ja tekstiilit: Poistaa karvat ja hiekan murut syv\u00e4lt\u00e4 istuinpinnoista tehokkaasti, my\u00f6s vaikeista paikoista.<\/li>\n<\/ul>\n<hr data-start=\"1402\" data-end=\"1405\" \/>\n<h3 data-start=\"1407\" data-end=\"1435\">\ud83d\udcac <strong data-start=\"1414\" data-end=\"1433\">Asiakaskokemus:<\/strong><\/h3>\n<p data-start=\"1436\" data-end=\"1801\"><em data-start=\"163\" data-end=\"730\">&#8221;Meill\u00e4 on kaksi koiraa ja vanha kangassohva, johon karvat takertuivat tiukasti. Hyla EST S\u00e4hk\u00f6moottoriharja oli pelastus \u2013 ensimm\u00e4isen imuroinnin j\u00e4lkeen sohvassa ei ollut karvan karvaa. My\u00f6s makuuhuoneen matosta l\u00e4hti p\u00f6ly\u00e4 ja likaa enemm\u00e4n kuin uskalsin kuvitella. Puhdistus tuntui kuin olisi vaihtanut koko maton uuteen! My\u00f6hemmin lis\u00e4simme harjaan imeytymisen est\u00e4j\u00e4n, ja se teki siivouksesta viel\u00e4 huolettomampaa \u2013 ei en\u00e4\u00e4 pelkoa siit\u00e4, ett\u00e4 maton reunat tai patjat j\u00e4\u00e4v\u00e4t harjaan kiinni. Ehdottomasti suosittelen t\u00e4t\u00e4 yhdistelm\u00e4\u00e4 muillekin lemmikkikodeille.&#8221;<\/em><br data-start=\"730\" data-end=\"733\" \/>\u2013 <strong data-start=\"735\" data-end=\"768\">Sanna, Hyla-k\u00e4ytt\u00e4j\u00e4 Espoosta<\/strong><\/p>\n<hr data-start=\"1803\" data-end=\"1806\" \/>\n<p data-start=\"1808\" data-end=\"1966\">\ud83d\udc49 <strong data-start=\"1811\" data-end=\"1908\">Hyla EST S\u00e4hk\u00f6moottoriharja tekee kodin arjesta helpompaa ja puhtaammasta n\u00e4kyv\u00e4sti paremman.<\/strong> Kokeile, ja huomaat eron jo ensimm\u00e4isell\u00e4 k\u00e4ytt\u00f6kerralla.<\/p>\n<h5><a href=\"https:\/\/hylajams.fi\/?page_id=7252\"><strong>EST TUOTTEET<\/strong><\/a><\/h5>\n<h5><strong><a href=\"https:\/\/www.hyla.com\/products\/products\"><span dir=\"auto\">HYLA INTERNATIONAL<\/span><\/a><\/strong><\/h5>\n","protected":false},"excerpt":{"rendered":"<p><strong data-start=\"86\" data-end=\"145\">Hyla EST S\u00e4hk\u00f6moottoriharja \u2013 Tehokasta syv\u00e4puhdistusta<\/strong><\/p>\n<p>Hyla s\u00e4hk\u00f6moottoriharjan t\u00e4rytt\u00e4v\u00e4 moottoritekniikka irrottaa p\u00f6lyn, karvat ja allergeenit syv\u00e4lt\u00e4 tekstiileist\u00e4. Sopii erinomaisesti matoille, patjoille, sohville, auton istuimille ja lemmikkitalouksiin. Helppo kiinnitt\u00e4\u00e4 HYLAn j\u00e4rjestelm\u00e4\u00e4n \u2013 tulokset n\u00e4kyv\u00e4t heti ensimm\u00e4isell\u00e4 k\u00e4ytt\u00f6kerralla. Lis\u00e4\u00e4 mukaan \u201cimeytymisen est\u00e4j\u00e4\u201d, niin mattojen reunat pysyv\u00e4t suorina.<\/p>\n","protected":false},"featured_media":8064,"template":"","meta":[],"product_brand":[],"product_cat":[952,950,773,290],"product_tag":[1628,1627,1131,114],"class_list":{"0":"post-8062","1":"product","2":"type-product","3":"status-publish","4":"has-post-thumbnail","6":"product_cat-est-lisatarvikkeet","7":"product_cat-est-suulakkeet-ja-harjat","8":"product_cat-hyla-est","9":"product_cat-hylan-lisatarvikkeet","10":"product_tag-hyla-est-lisavaruste","11":"product_tag-hyla-est-sahkomoottoriharja","12":"product_tag-hyla-lisavaruste","13":"product_tag-sahkomoottoriharja","14":"product_shipping_class-posti-m-paketti-19x36x60-cm-35-kg","15":"_wholesalex wsx-wholesalex-product","17":"first","18":"instock","19":"featured","20":"virtual","21":"purchasable","22":"product-type-simple"},"yoast_head":"<!-- This site is optimized with the Yoast SEO plugin v27.3 - https:\/\/yoast.com\/product\/yoast-seo-wordpress\/ -->\n<title>Hyla EST S\u00e4hk\u00f6moottoriharja - Syv\u00e4puhdasta joka kerta<\/title>\n<meta name=\"description\" content=\"Hyla EST S\u00e4hk\u00f6moottoriharja - Kun haluat oikeasti puhdasta, imuroi Hylan s\u00e4hk\u00f6moottoriharjalla. Erinomainen auton istuimille ja lemmikkitalouksiin.\" \/>\n<meta name=\"robots\" content=\"index, follow, max-snippet:-1, max-image-preview:large, max-video-preview:-1\" \/>\n<link rel=\"canonical\" href=\"https:\/\/hylajams.fi\/?product=hyla-est-sahkomoottoriharja\" \/>\n<meta property=\"og:locale\" content=\"fi_FI\" \/>\n<meta property=\"og:type\" content=\"article\" \/>\n<meta property=\"og:title\" content=\"Hyla EST S\u00e4hk\u00f6moottoriharja - Syv\u00e4puhdasta joka kerta\" \/>\n<meta property=\"og:description\" content=\"Hyla EST S\u00e4hk\u00f6moottoriharja - Kun haluat oikeasti puhdasta, imuroi Hylan s\u00e4hk\u00f6moottoriharjalla. Erinomainen auton istuimille ja lemmikkitalouksiin.\" \/>\n<meta property=\"og:url\" content=\"https:\/\/hylajams.fi\/?product=hyla-est-sahkomoottoriharja\" \/>\n<meta property=\"og:site_name\" content=\"Hyla Jams Verkkokauppa\" \/>\n<meta property=\"article:modified_time\" content=\"2026-02-27T17:57:33+00:00\" \/>\n<meta property=\"og:image\" content=\"https:\/\/hylajams.fi\/wp-content\/uploads\/2024\/08\/46320-HYLA-EST-Ventus-Electro-harja-taydellinen-kiinnitys-syvapuhdistukseen.jpg\" \/>\n\t<meta property=\"og:image:width\" content=\"617\" \/>\n\t<meta property=\"og:image:height\" content=\"617\" \/>\n\t<meta property=\"og:image:type\" content=\"image\/jpeg\" \/>\n<meta name=\"twitter:card\" content=\"summary_large_image\" \/>\n<meta name=\"twitter:label1\" content=\"Arvioitu lukuaika\" \/>\n\t<meta name=\"twitter:data1\" content=\"2 minuuttia\" \/>\n<script type=\"application\/ld+json\" class=\"yoast-schema-graph\">{\"@context\":\"https:\\\/\\\/schema.org\",\"@graph\":[{\"@type\":\"WebPage\",\"@id\":\"https:\\\/\\\/hylajams.fi\\\/?product=hyla-est-sahkomoottoriharja\",\"url\":\"https:\\\/\\\/hylajams.fi\\\/?product=hyla-est-sahkomoottoriharja\",\"name\":\"Hyla EST S\u00e4hk\u00f6moottoriharja - Syv\u00e4puhdasta joka kerta\",\"isPartOf\":{\"@id\":\"https:\\\/\\\/hylajams.fi\\\/#website\"},\"primaryImageOfPage\":{\"@id\":\"https:\\\/\\\/hylajams.fi\\\/?product=hyla-est-sahkomoottoriharja#primaryimage\"},\"image\":{\"@id\":\"https:\\\/\\\/hylajams.fi\\\/?product=hyla-est-sahkomoottoriharja#primaryimage\"},\"thumbnailUrl\":\"https:\\\/\\\/hylajams.fi\\\/wp-content\\\/uploads\\\/2024\\\/08\\\/46320-HYLA-EST-Ventus-Electro-harja-taydellinen-kiinnitys-syvapuhdistukseen.jpg\",\"datePublished\":\"2024-08-22T17:45:38+00:00\",\"dateModified\":\"2026-02-27T17:57:33+00:00\",\"description\":\"Hyla EST S\u00e4hk\u00f6moottoriharja - Kun haluat oikeasti puhdasta, imuroi Hylan s\u00e4hk\u00f6moottoriharjalla. Erinomainen auton istuimille ja lemmikkitalouksiin.\",\"breadcrumb\":{\"@id\":\"https:\\\/\\\/hylajams.fi\\\/?product=hyla-est-sahkomoottoriharja#breadcrumb\"},\"inLanguage\":\"fi\",\"potentialAction\":[{\"@type\":\"ReadAction\",\"target\":[\"https:\\\/\\\/hylajams.fi\\\/?product=hyla-est-sahkomoottoriharja\"]}]},{\"@type\":\"ImageObject\",\"inLanguage\":\"fi\",\"@id\":\"https:\\\/\\\/hylajams.fi\\\/?product=hyla-est-sahkomoottoriharja#primaryimage\",\"url\":\"https:\\\/\\\/hylajams.fi\\\/wp-content\\\/uploads\\\/2024\\\/08\\\/46320-HYLA-EST-Ventus-Electro-harja-taydellinen-kiinnitys-syvapuhdistukseen.jpg\",\"contentUrl\":\"https:\\\/\\\/hylajams.fi\\\/wp-content\\\/uploads\\\/2024\\\/08\\\/46320-HYLA-EST-Ventus-Electro-harja-taydellinen-kiinnitys-syvapuhdistukseen.jpg\",\"width\":617,\"height\":617,\"caption\":\"S\u00e4hk\u00f6moottoriharja\"},{\"@type\":\"BreadcrumbList\",\"@id\":\"https:\\\/\\\/hylajams.fi\\\/?product=hyla-est-sahkomoottoriharja#breadcrumb\",\"itemListElement\":[{\"@type\":\"ListItem\",\"position\":1,\"name\":\"Etusivu\",\"item\":\"https:\\\/\\\/hylajams.fi\\\/\"},{\"@type\":\"ListItem\",\"position\":2,\"name\":\"VERKKOKAUPPA\",\"item\":\"https:\\\/\\\/hylajams.fi\\\/?page_id=9\"},{\"@type\":\"ListItem\",\"position\":3,\"name\":\"46320 Hyla EST s\u00e4hk\u00f6moottoriharja\"}]},{\"@type\":\"WebSite\",\"@id\":\"https:\\\/\\\/hylajams.fi\\\/#website\",\"url\":\"https:\\\/\\\/hylajams.fi\\\/\",\"name\":\"Hyla Jams Verkkokauppa\",\"description\":\"Hyla ilman- ja huoneen puhdistusj\u00e4rjestelm\u00e4 Suomessa\",\"publisher\":{\"@id\":\"https:\\\/\\\/hylajams.fi\\\/#organization\"},\"potentialAction\":[{\"@type\":\"SearchAction\",\"target\":{\"@type\":\"EntryPoint\",\"urlTemplate\":\"https:\\\/\\\/hylajams.fi\\\/?s={search_term_string}\"},\"query-input\":{\"@type\":\"PropertyValueSpecification\",\"valueRequired\":true,\"valueName\":\"search_term_string\"}}],\"inLanguage\":\"fi\"},{\"@type\":\"Organization\",\"@id\":\"https:\\\/\\\/hylajams.fi\\\/#organization\",\"name\":\"Hyla Jams Verkkokauppa\",\"url\":\"https:\\\/\\\/hylajams.fi\\\/\",\"logo\":{\"@type\":\"ImageObject\",\"inLanguage\":\"fi\",\"@id\":\"https:\\\/\\\/hylajams.fi\\\/#\\\/schema\\\/logo\\\/image\\\/\",\"url\":\"https:\\\/\\\/hylajams.fi\\\/wp-content\\\/uploads\\\/2025\\\/02\\\/Logo-1-2.jpg\",\"contentUrl\":\"https:\\\/\\\/hylajams.fi\\\/wp-content\\\/uploads\\\/2025\\\/02\\\/Logo-1-2.jpg\",\"width\":500,\"height\":500,\"caption\":\"Hyla Jams Verkkokauppa\"},\"image\":{\"@id\":\"https:\\\/\\\/hylajams.fi\\\/#\\\/schema\\\/logo\\\/image\\\/\"},\"sameAs\":[\"https:\\\/\\\/www.instagram.com\\\/hylasiivous\\\/\"]}]}<\/script>\n<!-- \/ Yoast SEO plugin. -->","yoast_head_json":{"title":"Hyla EST S\u00e4hk\u00f6moottoriharja - Syv\u00e4puhdasta joka kerta","description":"Hyla EST S\u00e4hk\u00f6moottoriharja - Kun haluat oikeasti puhdasta, imuroi Hylan s\u00e4hk\u00f6moottoriharjalla. Erinomainen auton istuimille ja lemmikkitalouksiin.","robots":{"index":"index","follow":"follow","max-snippet":"max-snippet:-1","max-image-preview":"max-image-preview:large","max-video-preview":"max-video-preview:-1"},"canonical":"https:\/\/hylajams.fi\/?product=hyla-est-sahkomoottoriharja","og_locale":"fi_FI","og_type":"article","og_title":"Hyla EST S\u00e4hk\u00f6moottoriharja - Syv\u00e4puhdasta joka kerta","og_description":"Hyla EST S\u00e4hk\u00f6moottoriharja - Kun haluat oikeasti puhdasta, imuroi Hylan s\u00e4hk\u00f6moottoriharjalla. Erinomainen auton istuimille ja lemmikkitalouksiin.","og_url":"https:\/\/hylajams.fi\/?product=hyla-est-sahkomoottoriharja","og_site_name":"Hyla Jams Verkkokauppa","article_modified_time":"2026-02-27T17:57:33+00:00","og_image":[{"width":617,"height":617,"url":"https:\/\/hylajams.fi\/wp-content\/uploads\/2024\/08\/46320-HYLA-EST-Ventus-Electro-harja-taydellinen-kiinnitys-syvapuhdistukseen.jpg","type":"image\/jpeg"}],"twitter_card":"summary_large_image","twitter_misc":{"Arvioitu lukuaika":"2 minuuttia"},"schema":{"@context":"https:\/\/schema.org","@graph":[{"@type":"WebPage","@id":"https:\/\/hylajams.fi\/?product=hyla-est-sahkomoottoriharja","url":"https:\/\/hylajams.fi\/?product=hyla-est-sahkomoottoriharja","name":"Hyla EST S\u00e4hk\u00f6moottoriharja - Syv\u00e4puhdasta joka kerta","isPartOf":{"@id":"https:\/\/hylajams.fi\/#website"},"primaryImageOfPage":{"@id":"https:\/\/hylajams.fi\/?product=hyla-est-sahkomoottoriharja#primaryimage"},"image":{"@id":"https:\/\/hylajams.fi\/?product=hyla-est-sahkomoottoriharja#primaryimage"},"thumbnailUrl":"https:\/\/hylajams.fi\/wp-content\/uploads\/2024\/08\/46320-HYLA-EST-Ventus-Electro-harja-taydellinen-kiinnitys-syvapuhdistukseen.jpg","datePublished":"2024-08-22T17:45:38+00:00","dateModified":"2026-02-27T17:57:33+00:00","description":"Hyla EST S\u00e4hk\u00f6moottoriharja - Kun haluat oikeasti puhdasta, imuroi Hylan s\u00e4hk\u00f6moottoriharjalla. Erinomainen auton istuimille ja lemmikkitalouksiin.","breadcrumb":{"@id":"https:\/\/hylajams.fi\/?product=hyla-est-sahkomoottoriharja#breadcrumb"},"inLanguage":"fi","potentialAction":[{"@type":"ReadAction","target":["https:\/\/hylajams.fi\/?product=hyla-est-sahkomoottoriharja"]}]},{"@type":"ImageObject","inLanguage":"fi","@id":"https:\/\/hylajams.fi\/?product=hyla-est-sahkomoottoriharja#primaryimage","url":"https:\/\/hylajams.fi\/wp-content\/uploads\/2024\/08\/46320-HYLA-EST-Ventus-Electro-harja-taydellinen-kiinnitys-syvapuhdistukseen.jpg","contentUrl":"https:\/\/hylajams.fi\/wp-content\/uploads\/2024\/08\/46320-HYLA-EST-Ventus-Electro-harja-taydellinen-kiinnitys-syvapuhdistukseen.jpg","width":617,"height":617,"caption":"S\u00e4hk\u00f6moottoriharja"},{"@type":"BreadcrumbList","@id":"https:\/\/hylajams.fi\/?product=hyla-est-sahkomoottoriharja#breadcrumb","itemListElement":[{"@type":"ListItem","position":1,"name":"Etusivu","item":"https:\/\/hylajams.fi\/"},{"@type":"ListItem","position":2,"name":"VERKKOKAUPPA","item":"https:\/\/hylajams.fi\/?page_id=9"},{"@type":"ListItem","position":3,"name":"46320 Hyla EST s\u00e4hk\u00f6moottoriharja"}]},{"@type":"WebSite","@id":"https:\/\/hylajams.fi\/#website","url":"https:\/\/hylajams.fi\/","name":"Hyla Jams Verkkokauppa","description":"Hyla ilman- ja huoneen puhdistusj\u00e4rjestelm\u00e4 Suomessa","publisher":{"@id":"https:\/\/hylajams.fi\/#organization"},"potentialAction":[{"@type":"SearchAction","target":{"@type":"EntryPoint","urlTemplate":"https:\/\/hylajams.fi\/?s={search_term_string}"},"query-input":{"@type":"PropertyValueSpecification","valueRequired":true,"valueName":"search_term_string"}}],"inLanguage":"fi"},{"@type":"Organization","@id":"https:\/\/hylajams.fi\/#organization","name":"Hyla Jams Verkkokauppa","url":"https:\/\/hylajams.fi\/","logo":{"@type":"ImageObject","inLanguage":"fi","@id":"https:\/\/hylajams.fi\/#\/schema\/logo\/image\/","url":"https:\/\/hylajams.fi\/wp-content\/uploads\/2025\/02\/Logo-1-2.jpg","contentUrl":"https:\/\/hylajams.fi\/wp-content\/uploads\/2025\/02\/Logo-1-2.jpg","width":500,"height":500,"caption":"Hyla Jams Verkkokauppa"},"image":{"@id":"https:\/\/hylajams.fi\/#\/schema\/logo\/image\/"},"sameAs":["https:\/\/www.instagram.com\/hylasiivous\/"]}]}},"_links":{"self":[{"href":"https:\/\/hylajams.fi\/index.php?rest_route=\/wp\/v2\/product\/8062","targetHints":{"allow":["GET"]}}],"collection":[{"href":"https:\/\/hylajams.fi\/index.php?rest_route=\/wp\/v2\/product"}],"about":[{"href":"https:\/\/hylajams.fi\/index.php?rest_route=\/wp\/v2\/types\/product"}],"version-history":[{"count":5,"href":"https:\/\/hylajams.fi\/index.php?rest_route=\/wp\/v2\/product\/8062\/revisions"}],"predecessor-version":[{"id":11171,"href":"https:\/\/hylajams.fi\/index.php?rest_route=\/wp\/v2\/product\/8062\/revisions\/11171"}],"wp:featuredmedia":[{"embeddable":true,"href":"https:\/\/hylajams.fi\/index.php?rest_route=\/wp\/v2\/media\/8064"}],"wp:attachment":[{"href":"https:\/\/hylajams.fi\/index.php?rest_route=%2Fwp%2Fv2%2Fmedia&parent=8062"}],"wp:term":[{"taxonomy":"product_brand","embeddable":true,"href":"https:\/\/hylajams.fi\/index.php?rest_route=%2Fwp%2Fv2%2Fproduct_brand&post=8062"},{"taxonomy":"product_cat","embeddable":true,"href":"https:\/\/hylajams.fi\/index.php?rest_route=%2Fwp%2Fv2%2Fproduct_cat&post=8062"},{"taxonomy":"product_tag","embeddable":true,"href":"https:\/\/hylajams.fi\/index.php?rest_route=%2Fwp%2Fv2%2Fproduct_tag&post=8062"}],"curies":[{"name":"wp","href":"https:\/\/api.w.org\/{rel}","templated":true}]}}