{"id":8052,"date":"2024-08-13T15:35:12","date_gmt":"2024-08-13T12:35:12","guid":{"rendered":"https:\/\/hylajams.fi\/?post_type=product&#038;p=8052"},"modified":"2026-02-27T23:20:47","modified_gmt":"2026-02-27T21:20:47","slug":"pieni-tekstiilisuulake","status":"publish","type":"product","link":"https:\/\/hylajams.fi\/?product=pieni-tekstiilisuulake","title":{"rendered":"46480 Hyla tekstiilisuulake verhoiluille \u2013 veden imemiseen"},"content":{"rendered":"<p data-start=\"485\" data-end=\"757\"><strong data-start=\"485\" data-end=\"514\">Hyla pieni tekstiilisuulake <\/strong>on suunniteltu erityisesti pienten tekstiilipintojen tehokkaaseen ja hell\u00e4varaiseen puhdistukseen. Se sopii kaikkiin Hylan malleihin ja on erinomainen valinta esimerkiksi sohvien, nojatuolien, patjojen sek\u00e4 auton verhoilujen tahrojen puhdistamiseen.<\/p>\n<p data-start=\"759\" data-end=\"990\">Harjassa yhdistyv\u00e4t <strong data-start=\"779\" data-end=\"803\">hankaava harjaspinta<\/strong> ja <strong data-start=\"807\" data-end=\"824\">veden imeytys<\/strong>, jotka poistavat pinttyneenkin lian nopeasti ja vaivattomasti. Tekstiilipinnat puhdistuvat perusteellisesti, kun harjaa k\u00e4ytet\u00e4\u00e4n yhdess\u00e4 Hyla ilman- ja huoneen puhdistusj\u00e4rjestelm\u00e4n kanssa.<\/p>\n<p data-start=\"759\" data-end=\"990\"><strong>Pieni tekstiilisuulake k\u00e4ytt\u00f6:<\/strong><\/p>\n<ul data-start=\"992\" data-end=\"1255\">\n<li data-start=\"992\" data-end=\"1131\">\n<p data-start=\"994\" data-end=\"1131\"><strong data-start=\"994\" data-end=\"1032\">EST-mallissa (EST M\u00e4rk\u00e4pesuri -pesusarja):<\/strong> mahdollistaa ruiskutoiminnon, jolloin pesuvesi voidaan ruiskuttaa suoraan k\u00e4sitelt\u00e4v\u00e4\u00e4n kohteeseen.<\/p>\n<\/li>\n<li data-start=\"1132\" data-end=\"1255\">\n<p data-start=\"1134\" data-end=\"1255\"><strong data-start=\"1134\" data-end=\"1157\">NST ja GST -malleissa:<\/strong> mahdollistavat pesuaineen ruiskutuksen erikseen, pinnan hankaamisen ja likaveden imemisen pois.<\/p>\n<\/li>\n<\/ul>\n<p data-start=\"1257\" data-end=\"1268\"><strong data-start=\"1257\" data-end=\"1266\">Edut:<\/strong><\/p>\n<ul>\n<li data-start=\"1271\" data-end=\"1320\">Sopii kaikkiin Hyla-malleihin (EST, GST ja NST)<\/li>\n<li data-start=\"1323\" data-end=\"1379\">Tehokas pienille ja keskikokoisille tekstiilipinnoille<\/li>\n<li data-start=\"1382\" data-end=\"1434\">Poistaa tahrat, lian ja p\u00f6lyn yhdell\u00e4 k\u00e4sittelyll\u00e4<\/li>\n<li data-start=\"1437\" data-end=\"1487\">Ruiskuominaisuus k\u00e4ytett\u00e4viss\u00e4 EST-mallin kanssa<\/li>\n<li data-start=\"1490\" data-end=\"1553\">Helppo k\u00e4ytt\u00e4\u00e4 ja kiinnitt\u00e4\u00e4 Hylan perusletkuihin ja -putkiin<\/li>\n<\/ul>\n<p data-start=\"1555\" data-end=\"1707\">T\u00e4m\u00e4 lis\u00e4varuste on loistava apu verhoilujen, patjojen ja auton istuinten s\u00e4\u00e4nn\u00f6lliseen lian ja tahrojen puhdistukseen \u2013 pinnat pysyv\u00e4t raikkaina ja k\u00e4ytt\u00f6ik\u00e4 pitenee.<\/p>\n<p><strong><a href=\"https:\/\/hylajams.fi\/?page_id=7252\">HYLA EST TUOTTEET<\/a><\/strong><\/p>\n<p><strong><a href=\"https:\/\/hylajams.fi\/?page_id=8366\">HYLA GST TUOTTEET<\/a><\/strong><\/p>\n<p><strong><a href=\"https:\/\/hylajams.fi\/?page_id=8371\">HYLA NST TUOTTEET<\/a><\/strong><\/p>\n<p><strong><a href=\"https:\/\/www.hyla.com\/products\/products\">HYLA INTERNATIONAL<\/a><\/strong><\/p>\n","protected":false},"excerpt":{"rendered":"<p><strong>Monik\u00e4ytt\u00f6inen pieni tekstiilisuulake<\/strong> kaikille Hyla-malleille. Sopii nesteiden imemiseen, sohvien, nojatuolien, auton istuimien ja muiden verhoilupintojen puhdistamiseen. Tehosta puhdistamista hankaamalla harjaspinnalla ja veden imeytyksell\u00e4.<\/p>\n","protected":false},"featured_media":7308,"template":"","meta":[],"product_brand":[],"product_cat":[949,950,945,773,774,775,941],"product_tag":[1628,1697,1701,1700,1698,1699,1702,1703],"class_list":{"0":"post-8052","1":"product","2":"type-product","3":"status-publish","4":"has-post-thumbnail","6":"product_cat-est-markapesuri","7":"product_cat-est-suulakkeet-ja-harjat","8":"product_cat-hyla-gst-suulakkeet-ja-harjat","9":"product_cat-hyla-est","10":"product_cat-hyla-gst","11":"product_cat-hyla-nst","12":"product_cat-hyla-nst-suulakkeet","13":"product_tag-hyla-est-lisavaruste","14":"product_tag-hyla-pieni-tekstiilisuulake","15":"product_tag-istuinten-puhdistus","16":"product_tag-marka-tekstiilisuulake","17":"product_tag-tekstiilisuulake-est","18":"product_tag-tekstiilisuulake-gst-tekstiilisuulake-nst-verhoilusuulake","19":"product_tag-veden-imeminen","20":"product_tag-verhoilujen-puhdistus","21":"product_shipping_class-posti-s-paketti-11x32x3-cm-35-kg","22":"_wholesalex wsx-wholesalex-product","24":"first","25":"instock","26":"featured","27":"shipping-taxable","28":"purchasable","29":"product-type-simple"},"yoast_head":"<!-- This site is optimized with the Yoast SEO plugin v27.3 - https:\/\/yoast.com\/product\/yoast-seo-wordpress\/ -->\n<title>Pieni tekstiilisuulake \u2013 verhoilujen ja istuinten puhdistusharja<\/title>\n<meta name=\"description\" content=\"Pieni tekstiilisuulake - verhoilujen, sohvien ja auton istuinten puhdistukseen. Tehosta siivousta hankaavalla pinnalla ja veden imeytyksell\u00e4.\" \/>\n<meta name=\"robots\" content=\"index, follow, max-snippet:-1, max-image-preview:large, max-video-preview:-1\" \/>\n<link rel=\"canonical\" href=\"https:\/\/hylajams.fi\/?product=pieni-tekstiilisuulake\" \/>\n<meta property=\"og:locale\" content=\"fi_FI\" \/>\n<meta property=\"og:type\" content=\"article\" \/>\n<meta property=\"og:title\" content=\"Pieni tekstiilisuulake \u2013 verhoilujen ja istuinten puhdistusharja\" \/>\n<meta property=\"og:description\" content=\"Pieni tekstiilisuulake - verhoilujen, sohvien ja auton istuinten puhdistukseen. Tehosta siivousta hankaavalla pinnalla ja veden imeytyksell\u00e4.\" \/>\n<meta property=\"og:url\" content=\"https:\/\/hylajams.fi\/?product=pieni-tekstiilisuulake\" \/>\n<meta property=\"og:site_name\" content=\"Hyla Jams Verkkokauppa\" \/>\n<meta property=\"article:modified_time\" content=\"2026-02-27T21:20:47+00:00\" \/>\n<meta property=\"og:image\" content=\"https:\/\/hylajams.fi\/wp-content\/uploads\/2024\/03\/46480-Nimbus-EST-verhoilusuutin-ruiskutuksella27.jpg\" \/>\n\t<meta property=\"og:image:width\" content=\"1060\" \/>\n\t<meta property=\"og:image:height\" content=\"1077\" \/>\n\t<meta property=\"og:image:type\" content=\"image\/jpeg\" \/>\n<meta name=\"twitter:card\" content=\"summary_large_image\" \/>\n<meta name=\"twitter:label1\" content=\"Arvioitu lukuaika\" \/>\n\t<meta name=\"twitter:data1\" content=\"2 minuuttia\" \/>\n<script type=\"application\/ld+json\" class=\"yoast-schema-graph\">{\"@context\":\"https:\\\/\\\/schema.org\",\"@graph\":[{\"@type\":\"WebPage\",\"@id\":\"https:\\\/\\\/hylajams.fi\\\/?product=pieni-tekstiilisuulake\",\"url\":\"https:\\\/\\\/hylajams.fi\\\/?product=pieni-tekstiilisuulake\",\"name\":\"Pieni tekstiilisuulake \u2013 verhoilujen ja istuinten puhdistusharja\",\"isPartOf\":{\"@id\":\"https:\\\/\\\/hylajams.fi\\\/#website\"},\"primaryImageOfPage\":{\"@id\":\"https:\\\/\\\/hylajams.fi\\\/?product=pieni-tekstiilisuulake#primaryimage\"},\"image\":{\"@id\":\"https:\\\/\\\/hylajams.fi\\\/?product=pieni-tekstiilisuulake#primaryimage\"},\"thumbnailUrl\":\"https:\\\/\\\/hylajams.fi\\\/wp-content\\\/uploads\\\/2024\\\/03\\\/46480-Nimbus-EST-verhoilusuutin-ruiskutuksella27.jpg\",\"datePublished\":\"2024-08-13T12:35:12+00:00\",\"dateModified\":\"2026-02-27T21:20:47+00:00\",\"description\":\"Pieni tekstiilisuulake - verhoilujen, sohvien ja auton istuinten puhdistukseen. Tehosta siivousta hankaavalla pinnalla ja veden imeytyksell\u00e4.\",\"breadcrumb\":{\"@id\":\"https:\\\/\\\/hylajams.fi\\\/?product=pieni-tekstiilisuulake#breadcrumb\"},\"inLanguage\":\"fi\",\"potentialAction\":[{\"@type\":\"ReadAction\",\"target\":[\"https:\\\/\\\/hylajams.fi\\\/?product=pieni-tekstiilisuulake\"]}]},{\"@type\":\"ImageObject\",\"inLanguage\":\"fi\",\"@id\":\"https:\\\/\\\/hylajams.fi\\\/?product=pieni-tekstiilisuulake#primaryimage\",\"url\":\"https:\\\/\\\/hylajams.fi\\\/wp-content\\\/uploads\\\/2024\\\/03\\\/46480-Nimbus-EST-verhoilusuutin-ruiskutuksella27.jpg\",\"contentUrl\":\"https:\\\/\\\/hylajams.fi\\\/wp-content\\\/uploads\\\/2024\\\/03\\\/46480-Nimbus-EST-verhoilusuutin-ruiskutuksella27.jpg\",\"width\":1060,\"height\":1077,\"caption\":\"Verhoilusuutin ruiskutuksella\"},{\"@type\":\"BreadcrumbList\",\"@id\":\"https:\\\/\\\/hylajams.fi\\\/?product=pieni-tekstiilisuulake#breadcrumb\",\"itemListElement\":[{\"@type\":\"ListItem\",\"position\":1,\"name\":\"Etusivu\",\"item\":\"https:\\\/\\\/hylajams.fi\\\/\"},{\"@type\":\"ListItem\",\"position\":2,\"name\":\"VERKKOKAUPPA\",\"item\":\"https:\\\/\\\/hylajams.fi\\\/?page_id=9\"},{\"@type\":\"ListItem\",\"position\":3,\"name\":\"46480 Hyla tekstiilisuulake verhoiluille \u2013 veden imemiseen\"}]},{\"@type\":\"WebSite\",\"@id\":\"https:\\\/\\\/hylajams.fi\\\/#website\",\"url\":\"https:\\\/\\\/hylajams.fi\\\/\",\"name\":\"Hyla Jams Verkkokauppa\",\"description\":\"Hyla ilman- ja huoneen puhdistusj\u00e4rjestelm\u00e4 Suomessa\",\"publisher\":{\"@id\":\"https:\\\/\\\/hylajams.fi\\\/#organization\"},\"potentialAction\":[{\"@type\":\"SearchAction\",\"target\":{\"@type\":\"EntryPoint\",\"urlTemplate\":\"https:\\\/\\\/hylajams.fi\\\/?s={search_term_string}\"},\"query-input\":{\"@type\":\"PropertyValueSpecification\",\"valueRequired\":true,\"valueName\":\"search_term_string\"}}],\"inLanguage\":\"fi\"},{\"@type\":\"Organization\",\"@id\":\"https:\\\/\\\/hylajams.fi\\\/#organization\",\"name\":\"Hyla Jams Verkkokauppa\",\"url\":\"https:\\\/\\\/hylajams.fi\\\/\",\"logo\":{\"@type\":\"ImageObject\",\"inLanguage\":\"fi\",\"@id\":\"https:\\\/\\\/hylajams.fi\\\/#\\\/schema\\\/logo\\\/image\\\/\",\"url\":\"https:\\\/\\\/hylajams.fi\\\/wp-content\\\/uploads\\\/2025\\\/02\\\/Logo-1-2.jpg\",\"contentUrl\":\"https:\\\/\\\/hylajams.fi\\\/wp-content\\\/uploads\\\/2025\\\/02\\\/Logo-1-2.jpg\",\"width\":500,\"height\":500,\"caption\":\"Hyla Jams Verkkokauppa\"},\"image\":{\"@id\":\"https:\\\/\\\/hylajams.fi\\\/#\\\/schema\\\/logo\\\/image\\\/\"},\"sameAs\":[\"https:\\\/\\\/www.instagram.com\\\/hylasiivous\\\/\"]}]}<\/script>\n<!-- \/ Yoast SEO plugin. -->","yoast_head_json":{"title":"Pieni tekstiilisuulake \u2013 verhoilujen ja istuinten puhdistusharja","description":"Pieni tekstiilisuulake - verhoilujen, sohvien ja auton istuinten puhdistukseen. Tehosta siivousta hankaavalla pinnalla ja veden imeytyksell\u00e4.","robots":{"index":"index","follow":"follow","max-snippet":"max-snippet:-1","max-image-preview":"max-image-preview:large","max-video-preview":"max-video-preview:-1"},"canonical":"https:\/\/hylajams.fi\/?product=pieni-tekstiilisuulake","og_locale":"fi_FI","og_type":"article","og_title":"Pieni tekstiilisuulake \u2013 verhoilujen ja istuinten puhdistusharja","og_description":"Pieni tekstiilisuulake - verhoilujen, sohvien ja auton istuinten puhdistukseen. Tehosta siivousta hankaavalla pinnalla ja veden imeytyksell\u00e4.","og_url":"https:\/\/hylajams.fi\/?product=pieni-tekstiilisuulake","og_site_name":"Hyla Jams Verkkokauppa","article_modified_time":"2026-02-27T21:20:47+00:00","og_image":[{"width":1060,"height":1077,"url":"https:\/\/hylajams.fi\/wp-content\/uploads\/2024\/03\/46480-Nimbus-EST-verhoilusuutin-ruiskutuksella27.jpg","type":"image\/jpeg"}],"twitter_card":"summary_large_image","twitter_misc":{"Arvioitu lukuaika":"2 minuuttia"},"schema":{"@context":"https:\/\/schema.org","@graph":[{"@type":"WebPage","@id":"https:\/\/hylajams.fi\/?product=pieni-tekstiilisuulake","url":"https:\/\/hylajams.fi\/?product=pieni-tekstiilisuulake","name":"Pieni tekstiilisuulake \u2013 verhoilujen ja istuinten puhdistusharja","isPartOf":{"@id":"https:\/\/hylajams.fi\/#website"},"primaryImageOfPage":{"@id":"https:\/\/hylajams.fi\/?product=pieni-tekstiilisuulake#primaryimage"},"image":{"@id":"https:\/\/hylajams.fi\/?product=pieni-tekstiilisuulake#primaryimage"},"thumbnailUrl":"https:\/\/hylajams.fi\/wp-content\/uploads\/2024\/03\/46480-Nimbus-EST-verhoilusuutin-ruiskutuksella27.jpg","datePublished":"2024-08-13T12:35:12+00:00","dateModified":"2026-02-27T21:20:47+00:00","description":"Pieni tekstiilisuulake - verhoilujen, sohvien ja auton istuinten puhdistukseen. Tehosta siivousta hankaavalla pinnalla ja veden imeytyksell\u00e4.","breadcrumb":{"@id":"https:\/\/hylajams.fi\/?product=pieni-tekstiilisuulake#breadcrumb"},"inLanguage":"fi","potentialAction":[{"@type":"ReadAction","target":["https:\/\/hylajams.fi\/?product=pieni-tekstiilisuulake"]}]},{"@type":"ImageObject","inLanguage":"fi","@id":"https:\/\/hylajams.fi\/?product=pieni-tekstiilisuulake#primaryimage","url":"https:\/\/hylajams.fi\/wp-content\/uploads\/2024\/03\/46480-Nimbus-EST-verhoilusuutin-ruiskutuksella27.jpg","contentUrl":"https:\/\/hylajams.fi\/wp-content\/uploads\/2024\/03\/46480-Nimbus-EST-verhoilusuutin-ruiskutuksella27.jpg","width":1060,"height":1077,"caption":"Verhoilusuutin ruiskutuksella"},{"@type":"BreadcrumbList","@id":"https:\/\/hylajams.fi\/?product=pieni-tekstiilisuulake#breadcrumb","itemListElement":[{"@type":"ListItem","position":1,"name":"Etusivu","item":"https:\/\/hylajams.fi\/"},{"@type":"ListItem","position":2,"name":"VERKKOKAUPPA","item":"https:\/\/hylajams.fi\/?page_id=9"},{"@type":"ListItem","position":3,"name":"46480 Hyla tekstiilisuulake verhoiluille \u2013 veden imemiseen"}]},{"@type":"WebSite","@id":"https:\/\/hylajams.fi\/#website","url":"https:\/\/hylajams.fi\/","name":"Hyla Jams Verkkokauppa","description":"Hyla ilman- ja huoneen puhdistusj\u00e4rjestelm\u00e4 Suomessa","publisher":{"@id":"https:\/\/hylajams.fi\/#organization"},"potentialAction":[{"@type":"SearchAction","target":{"@type":"EntryPoint","urlTemplate":"https:\/\/hylajams.fi\/?s={search_term_string}"},"query-input":{"@type":"PropertyValueSpecification","valueRequired":true,"valueName":"search_term_string"}}],"inLanguage":"fi"},{"@type":"Organization","@id":"https:\/\/hylajams.fi\/#organization","name":"Hyla Jams Verkkokauppa","url":"https:\/\/hylajams.fi\/","logo":{"@type":"ImageObject","inLanguage":"fi","@id":"https:\/\/hylajams.fi\/#\/schema\/logo\/image\/","url":"https:\/\/hylajams.fi\/wp-content\/uploads\/2025\/02\/Logo-1-2.jpg","contentUrl":"https:\/\/hylajams.fi\/wp-content\/uploads\/2025\/02\/Logo-1-2.jpg","width":500,"height":500,"caption":"Hyla Jams Verkkokauppa"},"image":{"@id":"https:\/\/hylajams.fi\/#\/schema\/logo\/image\/"},"sameAs":["https:\/\/www.instagram.com\/hylasiivous\/"]}]}},"_links":{"self":[{"href":"https:\/\/hylajams.fi\/index.php?rest_route=\/wp\/v2\/product\/8052","targetHints":{"allow":["GET"]}}],"collection":[{"href":"https:\/\/hylajams.fi\/index.php?rest_route=\/wp\/v2\/product"}],"about":[{"href":"https:\/\/hylajams.fi\/index.php?rest_route=\/wp\/v2\/types\/product"}],"version-history":[{"count":5,"href":"https:\/\/hylajams.fi\/index.php?rest_route=\/wp\/v2\/product\/8052\/revisions"}],"predecessor-version":[{"id":13170,"href":"https:\/\/hylajams.fi\/index.php?rest_route=\/wp\/v2\/product\/8052\/revisions\/13170"}],"wp:featuredmedia":[{"embeddable":true,"href":"https:\/\/hylajams.fi\/index.php?rest_route=\/wp\/v2\/media\/7308"}],"wp:attachment":[{"href":"https:\/\/hylajams.fi\/index.php?rest_route=%2Fwp%2Fv2%2Fmedia&parent=8052"}],"wp:term":[{"taxonomy":"product_brand","embeddable":true,"href":"https:\/\/hylajams.fi\/index.php?rest_route=%2Fwp%2Fv2%2Fproduct_brand&post=8052"},{"taxonomy":"product_cat","embeddable":true,"href":"https:\/\/hylajams.fi\/index.php?rest_route=%2Fwp%2Fv2%2Fproduct_cat&post=8052"},{"taxonomy":"product_tag","embeddable":true,"href":"https:\/\/hylajams.fi\/index.php?rest_route=%2Fwp%2Fv2%2Fproduct_tag&post=8052"}],"curies":[{"name":"wp","href":"https:\/\/api.w.org\/{rel}","templated":true}]}}