{"id":8029,"date":"2024-08-13T14:42:15","date_gmt":"2024-08-13T11:42:15","guid":{"rendered":"https:\/\/hylajams.fi\/?post_type=product&#038;p=8029"},"modified":"2026-03-09T11:37:51","modified_gmt":"2026-03-09T09:37:51","slug":"synteettinen-harja-suihkuliittimella","status":"publish","type":"product","link":"https:\/\/hylajams.fi\/?product=synteettinen-harja-suihkuliittimella","title":{"rendered":"46504 Hyla EST Synteettinen harja suihkuliittimell\u00e4"},"content":{"rendered":"<p data-start=\"444\" data-end=\"715\"><strong data-start=\"444\" data-end=\"495\">Synteettinen harja suihkuliittimell\u00e4<\/strong> on suunniteltu k\u00e4ytett\u00e4v\u00e4ksi Hyla EST m\u00e4rk\u00e4pesurin kanssa, mutta sit\u00e4 voidaan k\u00e4ytt\u00e4\u00e4 my\u00f6s normaaliin kuivalattiaharjaukseen. Synteettinen harjas on kovempi kuin luonnon harjas, joten parkettien ym. puhdistaminen sujuu helpommin. T\u00e4m\u00e4 suulakeharja on erinomainen apuv\u00e4line, kun lattioilta, seinist\u00e4 tai katoista halutaan poistaa karkeampaa likaa ja hiekkaa sek\u00e4 pinta voidaan pest\u00e4 samanaikaisesti. T\u00e4m\u00e4 synteettinen harja ei kuulu Hyla EST m\u00e4rk\u00e4pesurin vakiovarusteisiin, vaan se on erikseen hankittava lis\u00e4varuste.<\/p>\n<p data-start=\"717\" data-end=\"997\">Synteettinen harja suihkuliittimell\u00e4 on valmistettu <strong data-start=\"738\" data-end=\"776\">kest\u00e4v\u00e4st\u00e4 synteettisest\u00e4 kuidusta<\/strong>, joka kest\u00e4\u00e4 kovassakin k\u00e4yt\u00f6ss\u00e4. Sen <strong data-start=\"815\" data-end=\"833\">suihkuliit\u00e4nt\u00e4, <\/strong>jota voidaan k\u00e4ytt\u00e4\u00e4 m\u00e4rk\u00e4pesurin kanssa,\u00a0 mahdollistaa veden suihkuttamisen pest\u00e4v\u00e4lle pinnalle suoraan harjan kautta. N\u00e4in lika irtoaa tehokkaasti ja Hyla imee lian sek\u00e4 veden pois samassa ty\u00f6vaiheessa.<\/p>\n<p data-start=\"717\" data-end=\"997\"><strong data-start=\"1376\" data-end=\"1387\">Huomio:<\/strong><br data-start=\"1387\" data-end=\"1390\" \/>Viel\u00e4 herkemmille lattioille ja pinnoille (esim. parketti, laminaatti) suositellaan vaihtoehtoisesti tuotetta <strong data-start=\"1491\" data-end=\"1516\"><a href=\"https:\/\/hylajams.fi\/?product=liinapidike-mikrokuituliinojen-sarja\">46745 lattiapesusarjaa<\/a> yhdess\u00e4 suihkulla varustetun <a href=\"https:\/\/hylajams.fi\/?product=hyla-est-yleislattiaharja-suihkeella\">yleislattiaharjan<\/a> kanssa<\/strong>, jossa on kolme erilaista mikrokuituliinaa hell\u00e4varaiseen puhdistukseen, lian irrottamiseen ja kuivaamiseen. N\u00e4ill\u00e4\u00a0voit poistaa samalla kertaa roskat, pyyhki\u00e4 lattian ja m\u00e4rk\u00e4pesuria k\u00e4ytt\u00e4m\u00e4ll\u00e4 my\u00f6s suihkuttaa vett\u00e4.<\/p>\n<p data-start=\"999\" data-end=\"1019\"><strong data-start=\"999\" data-end=\"1017\">K\u00e4ytt\u00f6kohteet:<\/strong><\/p>\n<ul>\n<li data-start=\"1022\" data-end=\"1047\">Kivilattiat ja kaakelit<\/li>\n<li data-start=\"1050\" data-end=\"1092\">Kosteutta kest\u00e4v\u00e4t sein\u00e4- ja kattopinnat<\/li>\n<li data-start=\"1095\" data-end=\"1153\">Tilat, joissa lika ja hiekka kulkeutuvat helposti sis\u00e4\u00e4n<\/li>\n<li data-start=\"1095\" data-end=\"1153\">ei kuulu EST m\u00e4rk\u00e4pesurin vakiovarusteisiin<\/li>\n<li data-start=\"1095\" data-end=\"1153\">on tarkoitettu k\u00e4ytett\u00e4v\u00e4ksi Hyla EST m\u00e4rk\u00e4pesurin kanssa tai ilman m\u00e4rk\u00e4pesuria<\/li>\n<\/ul>\n<p data-start=\"1155\" data-end=\"1166\"><strong data-start=\"1155\" data-end=\"1164\">Edut:<\/strong><\/p>\n<ul>\n<li data-start=\"1169\" data-end=\"1215\">Poistaa karkeat roskat ja hiekan tehokkaasti<\/li>\n<li data-start=\"1169\" data-end=\"1215\">Sopii monille lattiapinnoille<\/li>\n<li data-start=\"1218\" data-end=\"1281\">Mahdollistaa veden suihkuttamisen ja imemisen samanaikaisesti<\/li>\n<li data-start=\"1284\" data-end=\"1317\">Kest\u00e4v\u00e4 synteettinen materiaali kovaan k\u00e4ytt\u00f6\u00f6n<\/li>\n<li data-start=\"1320\" data-end=\"1374\">Soveltuu laajoille ja kulutusta kest\u00e4ville pinnoille<\/li>\n<\/ul>\n<p><strong><a href=\"https:\/\/hylajams.fi\/?page_id=7252\">HYLA EST TUOTTEET<\/a><\/strong><\/p>\n<p><strong><a href=\"https:\/\/www.hyla.com\/products\/products\">HYLA INTERNATIONAL<\/a><\/strong><\/p>\n","protected":false},"excerpt":{"rendered":"<h3 id=\"main_description\"><span dir=\"auto\">Sopii k\u00e4ytett\u00e4v\u00e4ksi kaikille sileille lattioille sek\u00e4 seinille ja katoille.<\/span><\/h3>\n<p>Kest\u00e4v\u00e4 <strong>musta synteettinen harja suihkuliittimell\u00e4 Hyla EST m\u00e4rk\u00e4pesuriin tai normaaliin kuivaharjaukseen.<\/strong> Suihkumahdollisuudella varustettu harja soveltuu erityisesti kivilattioiden, kaakelien ja muiden kosteutta kest\u00e4vien pintojen puhdistukseen. Harjaa voidaan k\u00e4ytt\u00e4\u00e4 my\u00f6s kuivaharjaukseen normaalin siivouksen tapaan.<\/p>\n","protected":false},"featured_media":13242,"template":"","meta":[],"product_brand":[],"product_cat":[949,950,773],"product_tag":[1751,898,1628,1750,1749,1748,1740,1272],"class_list":{"0":"post-8029","1":"product","2":"type-product","3":"status-publish","4":"has-post-thumbnail","6":"product_cat-est-markapesuri","7":"product_cat-est-suulakkeet-ja-harjat","8":"product_cat-hyla-est","9":"product_tag-est-lisaosa","10":"product_tag-est-markapesuri","11":"product_tag-hyla-est-lisavaruste","12":"product_tag-hyla-markapesuri","13":"product_tag-lattian-pesu","14":"product_tag-markapesurin-harja","15":"product_tag-markapuhdistus","16":"product_tag-synteettinen-harja-suihkuliittimella","17":"product_shipping_class-posti-s-paketti-11x32x3-cm-35-kg","18":"_wholesalex wsx-wholesalex-product","20":"first","21":"instock","22":"featured","23":"shipping-taxable","24":"purchasable","25":"product-type-simple"},"yoast_head":"<!-- This site is optimized with the Yoast SEO plugin v27.3 - https:\/\/yoast.com\/product\/yoast-seo-wordpress\/ -->\n<title>Synteettinen harja suihkuliittimell\u00e4<\/title>\n<meta name=\"description\" content=\"Synteettinen harja suihkuliittimell\u00e4 - kest\u00e4v\u00e4 harjasuulake EST m\u00e4rk\u00e4pesuriin. Pese kivilattiat ja kaakelipinnat ja poista hiekat ja lika tehokkaasti.\" \/>\n<meta name=\"robots\" content=\"index, follow, max-snippet:-1, max-image-preview:large, max-video-preview:-1\" \/>\n<link rel=\"canonical\" href=\"https:\/\/hylajams.fi\/?product=synteettinen-harja-suihkuliittimella\" \/>\n<meta property=\"og:locale\" content=\"fi_FI\" \/>\n<meta property=\"og:type\" content=\"article\" \/>\n<meta property=\"og:title\" content=\"Synteettinen harja suihkuliittimell\u00e4\" \/>\n<meta property=\"og:description\" content=\"Synteettinen harja suihkuliittimell\u00e4 - kest\u00e4v\u00e4 harjasuulake EST m\u00e4rk\u00e4pesuriin. Pese kivilattiat ja kaakelipinnat ja poista hiekat ja lika tehokkaasti.\" \/>\n<meta property=\"og:url\" content=\"https:\/\/hylajams.fi\/?product=synteettinen-harja-suihkuliittimella\" \/>\n<meta property=\"og:site_name\" content=\"Hyla Jams Verkkokauppa\" \/>\n<meta property=\"article:modified_time\" content=\"2026-03-09T09:37:51+00:00\" \/>\n<meta property=\"og:image\" content=\"https:\/\/hylajams.fi\/wp-content\/uploads\/2024\/08\/46500-Hyla-Karkea-harja.jpg\" \/>\n\t<meta property=\"og:image:width\" content=\"1365\" \/>\n\t<meta property=\"og:image:height\" content=\"2048\" \/>\n\t<meta property=\"og:image:type\" content=\"image\/jpeg\" \/>\n<meta name=\"twitter:card\" content=\"summary_large_image\" \/>\n<meta name=\"twitter:label1\" content=\"Arvioitu lukuaika\" \/>\n\t<meta name=\"twitter:data1\" content=\"2 minuuttia\" \/>\n<script type=\"application\/ld+json\" class=\"yoast-schema-graph\">{\"@context\":\"https:\\\/\\\/schema.org\",\"@graph\":[{\"@type\":\"WebPage\",\"@id\":\"https:\\\/\\\/hylajams.fi\\\/?product=synteettinen-harja-suihkuliittimella\",\"url\":\"https:\\\/\\\/hylajams.fi\\\/?product=synteettinen-harja-suihkuliittimella\",\"name\":\"Synteettinen harja suihkuliittimell\u00e4\",\"isPartOf\":{\"@id\":\"https:\\\/\\\/hylajams.fi\\\/#website\"},\"primaryImageOfPage\":{\"@id\":\"https:\\\/\\\/hylajams.fi\\\/?product=synteettinen-harja-suihkuliittimella#primaryimage\"},\"image\":{\"@id\":\"https:\\\/\\\/hylajams.fi\\\/?product=synteettinen-harja-suihkuliittimella#primaryimage\"},\"thumbnailUrl\":\"https:\\\/\\\/hylajams.fi\\\/wp-content\\\/uploads\\\/2024\\\/08\\\/46500-Hyla-Karkea-harja.jpg\",\"datePublished\":\"2024-08-13T11:42:15+00:00\",\"dateModified\":\"2026-03-09T09:37:51+00:00\",\"description\":\"Synteettinen harja suihkuliittimell\u00e4 - kest\u00e4v\u00e4 harjasuulake EST m\u00e4rk\u00e4pesuriin. Pese kivilattiat ja kaakelipinnat ja poista hiekat ja lika tehokkaasti.\",\"breadcrumb\":{\"@id\":\"https:\\\/\\\/hylajams.fi\\\/?product=synteettinen-harja-suihkuliittimella#breadcrumb\"},\"inLanguage\":\"fi\",\"potentialAction\":[{\"@type\":\"ReadAction\",\"target\":[\"https:\\\/\\\/hylajams.fi\\\/?product=synteettinen-harja-suihkuliittimella\"]}]},{\"@type\":\"ImageObject\",\"inLanguage\":\"fi\",\"@id\":\"https:\\\/\\\/hylajams.fi\\\/?product=synteettinen-harja-suihkuliittimella#primaryimage\",\"url\":\"https:\\\/\\\/hylajams.fi\\\/wp-content\\\/uploads\\\/2024\\\/08\\\/46500-Hyla-Karkea-harja.jpg\",\"contentUrl\":\"https:\\\/\\\/hylajams.fi\\\/wp-content\\\/uploads\\\/2024\\\/08\\\/46500-Hyla-Karkea-harja.jpg\",\"width\":1365,\"height\":2048,\"caption\":\"Hyla synteettinen lattiaharja\"},{\"@type\":\"BreadcrumbList\",\"@id\":\"https:\\\/\\\/hylajams.fi\\\/?product=synteettinen-harja-suihkuliittimella#breadcrumb\",\"itemListElement\":[{\"@type\":\"ListItem\",\"position\":1,\"name\":\"Etusivu\",\"item\":\"https:\\\/\\\/hylajams.fi\\\/\"},{\"@type\":\"ListItem\",\"position\":2,\"name\":\"VERKKOKAUPPA\",\"item\":\"https:\\\/\\\/hylajams.fi\\\/?page_id=9\"},{\"@type\":\"ListItem\",\"position\":3,\"name\":\"46504 Hyla EST Synteettinen harja suihkuliittimell\u00e4\"}]},{\"@type\":\"WebSite\",\"@id\":\"https:\\\/\\\/hylajams.fi\\\/#website\",\"url\":\"https:\\\/\\\/hylajams.fi\\\/\",\"name\":\"Hyla Jams Verkkokauppa\",\"description\":\"Hyla ilman- ja huoneen puhdistusj\u00e4rjestelm\u00e4 Suomessa\",\"publisher\":{\"@id\":\"https:\\\/\\\/hylajams.fi\\\/#organization\"},\"potentialAction\":[{\"@type\":\"SearchAction\",\"target\":{\"@type\":\"EntryPoint\",\"urlTemplate\":\"https:\\\/\\\/hylajams.fi\\\/?s={search_term_string}\"},\"query-input\":{\"@type\":\"PropertyValueSpecification\",\"valueRequired\":true,\"valueName\":\"search_term_string\"}}],\"inLanguage\":\"fi\"},{\"@type\":\"Organization\",\"@id\":\"https:\\\/\\\/hylajams.fi\\\/#organization\",\"name\":\"Hyla Jams Verkkokauppa\",\"url\":\"https:\\\/\\\/hylajams.fi\\\/\",\"logo\":{\"@type\":\"ImageObject\",\"inLanguage\":\"fi\",\"@id\":\"https:\\\/\\\/hylajams.fi\\\/#\\\/schema\\\/logo\\\/image\\\/\",\"url\":\"https:\\\/\\\/hylajams.fi\\\/wp-content\\\/uploads\\\/2025\\\/02\\\/Logo-1-2.jpg\",\"contentUrl\":\"https:\\\/\\\/hylajams.fi\\\/wp-content\\\/uploads\\\/2025\\\/02\\\/Logo-1-2.jpg\",\"width\":500,\"height\":500,\"caption\":\"Hyla Jams Verkkokauppa\"},\"image\":{\"@id\":\"https:\\\/\\\/hylajams.fi\\\/#\\\/schema\\\/logo\\\/image\\\/\"},\"sameAs\":[\"https:\\\/\\\/www.instagram.com\\\/hylasiivous\\\/\"]}]}<\/script>\n<!-- \/ Yoast SEO plugin. -->","yoast_head_json":{"title":"Synteettinen harja suihkuliittimell\u00e4","description":"Synteettinen harja suihkuliittimell\u00e4 - kest\u00e4v\u00e4 harjasuulake EST m\u00e4rk\u00e4pesuriin. Pese kivilattiat ja kaakelipinnat ja poista hiekat ja lika tehokkaasti.","robots":{"index":"index","follow":"follow","max-snippet":"max-snippet:-1","max-image-preview":"max-image-preview:large","max-video-preview":"max-video-preview:-1"},"canonical":"https:\/\/hylajams.fi\/?product=synteettinen-harja-suihkuliittimella","og_locale":"fi_FI","og_type":"article","og_title":"Synteettinen harja suihkuliittimell\u00e4","og_description":"Synteettinen harja suihkuliittimell\u00e4 - kest\u00e4v\u00e4 harjasuulake EST m\u00e4rk\u00e4pesuriin. Pese kivilattiat ja kaakelipinnat ja poista hiekat ja lika tehokkaasti.","og_url":"https:\/\/hylajams.fi\/?product=synteettinen-harja-suihkuliittimella","og_site_name":"Hyla Jams Verkkokauppa","article_modified_time":"2026-03-09T09:37:51+00:00","og_image":[{"width":1365,"height":2048,"url":"https:\/\/hylajams.fi\/wp-content\/uploads\/2024\/08\/46500-Hyla-Karkea-harja.jpg","type":"image\/jpeg"}],"twitter_card":"summary_large_image","twitter_misc":{"Arvioitu lukuaika":"2 minuuttia"},"schema":{"@context":"https:\/\/schema.org","@graph":[{"@type":"WebPage","@id":"https:\/\/hylajams.fi\/?product=synteettinen-harja-suihkuliittimella","url":"https:\/\/hylajams.fi\/?product=synteettinen-harja-suihkuliittimella","name":"Synteettinen harja suihkuliittimell\u00e4","isPartOf":{"@id":"https:\/\/hylajams.fi\/#website"},"primaryImageOfPage":{"@id":"https:\/\/hylajams.fi\/?product=synteettinen-harja-suihkuliittimella#primaryimage"},"image":{"@id":"https:\/\/hylajams.fi\/?product=synteettinen-harja-suihkuliittimella#primaryimage"},"thumbnailUrl":"https:\/\/hylajams.fi\/wp-content\/uploads\/2024\/08\/46500-Hyla-Karkea-harja.jpg","datePublished":"2024-08-13T11:42:15+00:00","dateModified":"2026-03-09T09:37:51+00:00","description":"Synteettinen harja suihkuliittimell\u00e4 - kest\u00e4v\u00e4 harjasuulake EST m\u00e4rk\u00e4pesuriin. Pese kivilattiat ja kaakelipinnat ja poista hiekat ja lika tehokkaasti.","breadcrumb":{"@id":"https:\/\/hylajams.fi\/?product=synteettinen-harja-suihkuliittimella#breadcrumb"},"inLanguage":"fi","potentialAction":[{"@type":"ReadAction","target":["https:\/\/hylajams.fi\/?product=synteettinen-harja-suihkuliittimella"]}]},{"@type":"ImageObject","inLanguage":"fi","@id":"https:\/\/hylajams.fi\/?product=synteettinen-harja-suihkuliittimella#primaryimage","url":"https:\/\/hylajams.fi\/wp-content\/uploads\/2024\/08\/46500-Hyla-Karkea-harja.jpg","contentUrl":"https:\/\/hylajams.fi\/wp-content\/uploads\/2024\/08\/46500-Hyla-Karkea-harja.jpg","width":1365,"height":2048,"caption":"Hyla synteettinen lattiaharja"},{"@type":"BreadcrumbList","@id":"https:\/\/hylajams.fi\/?product=synteettinen-harja-suihkuliittimella#breadcrumb","itemListElement":[{"@type":"ListItem","position":1,"name":"Etusivu","item":"https:\/\/hylajams.fi\/"},{"@type":"ListItem","position":2,"name":"VERKKOKAUPPA","item":"https:\/\/hylajams.fi\/?page_id=9"},{"@type":"ListItem","position":3,"name":"46504 Hyla EST Synteettinen harja suihkuliittimell\u00e4"}]},{"@type":"WebSite","@id":"https:\/\/hylajams.fi\/#website","url":"https:\/\/hylajams.fi\/","name":"Hyla Jams Verkkokauppa","description":"Hyla ilman- ja huoneen puhdistusj\u00e4rjestelm\u00e4 Suomessa","publisher":{"@id":"https:\/\/hylajams.fi\/#organization"},"potentialAction":[{"@type":"SearchAction","target":{"@type":"EntryPoint","urlTemplate":"https:\/\/hylajams.fi\/?s={search_term_string}"},"query-input":{"@type":"PropertyValueSpecification","valueRequired":true,"valueName":"search_term_string"}}],"inLanguage":"fi"},{"@type":"Organization","@id":"https:\/\/hylajams.fi\/#organization","name":"Hyla Jams Verkkokauppa","url":"https:\/\/hylajams.fi\/","logo":{"@type":"ImageObject","inLanguage":"fi","@id":"https:\/\/hylajams.fi\/#\/schema\/logo\/image\/","url":"https:\/\/hylajams.fi\/wp-content\/uploads\/2025\/02\/Logo-1-2.jpg","contentUrl":"https:\/\/hylajams.fi\/wp-content\/uploads\/2025\/02\/Logo-1-2.jpg","width":500,"height":500,"caption":"Hyla Jams Verkkokauppa"},"image":{"@id":"https:\/\/hylajams.fi\/#\/schema\/logo\/image\/"},"sameAs":["https:\/\/www.instagram.com\/hylasiivous\/"]}]}},"_links":{"self":[{"href":"https:\/\/hylajams.fi\/index.php?rest_route=\/wp\/v2\/product\/8029","targetHints":{"allow":["GET"]}}],"collection":[{"href":"https:\/\/hylajams.fi\/index.php?rest_route=\/wp\/v2\/product"}],"about":[{"href":"https:\/\/hylajams.fi\/index.php?rest_route=\/wp\/v2\/types\/product"}],"version-history":[{"count":12,"href":"https:\/\/hylajams.fi\/index.php?rest_route=\/wp\/v2\/product\/8029\/revisions"}],"predecessor-version":[{"id":13243,"href":"https:\/\/hylajams.fi\/index.php?rest_route=\/wp\/v2\/product\/8029\/revisions\/13243"}],"wp:featuredmedia":[{"embeddable":true,"href":"https:\/\/hylajams.fi\/index.php?rest_route=\/wp\/v2\/media\/13242"}],"wp:attachment":[{"href":"https:\/\/hylajams.fi\/index.php?rest_route=%2Fwp%2Fv2%2Fmedia&parent=8029"}],"wp:term":[{"taxonomy":"product_brand","embeddable":true,"href":"https:\/\/hylajams.fi\/index.php?rest_route=%2Fwp%2Fv2%2Fproduct_brand&post=8029"},{"taxonomy":"product_cat","embeddable":true,"href":"https:\/\/hylajams.fi\/index.php?rest_route=%2Fwp%2Fv2%2Fproduct_cat&post=8029"},{"taxonomy":"product_tag","embeddable":true,"href":"https:\/\/hylajams.fi\/index.php?rest_route=%2Fwp%2Fv2%2Fproduct_tag&post=8029"}],"curies":[{"name":"wp","href":"https:\/\/api.w.org\/{rel}","templated":true}]}}