{"id":746,"date":"2021-07-17T22:06:27","date_gmt":"2021-07-17T19:06:27","guid":{"rendered":"https:\/\/hylajams.fi\/?post_type=product&#038;p=746"},"modified":"2026-02-27T20:35:48","modified_gmt":"2026-02-27T18:35:48","slug":"pieni-kasiturbo-sahkomoottoriharja","status":"publish","type":"product","link":"https:\/\/hylajams.fi\/?product=pieni-kasiturbo-sahkomoottoriharja","title":{"rendered":"14207 Pieni s\u00e4hk\u00f6moottoriharja (GST\/NST)"},"content":{"rendered":"<p data-start=\"1038\" data-end=\"1224\"><strong>Pieni k\u00e4siturbo s\u00e4hk\u00f6moottoriharja<\/strong> on suunniteltu Hyla GST ja Hyla NST -j\u00e4rjestelmien k\u00e4ytt\u00e4jille, jotka haluavat tehokkaan mutta helposti k\u00e4sitelt\u00e4v\u00e4n lis\u00e4varusteen syv\u00e4puhdistukseen.<\/p>\n<p data-start=\"1226\" data-end=\"1466\">Harja kytket\u00e4\u00e4n k\u00e4tev\u00e4sti kaariosan s\u00e4hk\u00f6liit\u00e4nt\u00e4\u00e4n. Sen itsen\u00e4inen moottori tarjoaa tehoa l\u00e4hes yht\u00e4 paljon kuin suurempi s\u00e4hk\u00f6moottoriharja, mutta pienen kokonsa ansiosta se soveltuu erityisen hyvin hankalasti saavutettaviin kohteisiin.<\/p>\n<p data-start=\"1468\" data-end=\"1489\"><strong data-start=\"1468\" data-end=\"1487\">K\u00e4ytt\u00f6kohteita:<\/strong><\/p>\n<ul>\n<li data-start=\"1492\" data-end=\"1509\">portaiden matot<\/li>\n<li data-start=\"1512\" data-end=\"1534\">sohvat ja nojatuolit<\/li>\n<li data-start=\"1537\" data-end=\"1566\">auton istuimet ja sis\u00e4tilat<\/li>\n<li data-start=\"1569\" data-end=\"1607\">pehmustetut tuolit ja toimistotuolit<\/li>\n<li data-start=\"1610\" data-end=\"1629\">kulmikkaat nurkat<\/li>\n<li data-start=\"1632\" data-end=\"1651\">patjat ja vuoteet<\/li>\n<\/ul>\n<p data-start=\"1653\" data-end=\"1759\">\ud83d\udc49 <strong>Pieni k\u00e4siturbo s\u00e4hk\u00f6moottoriharja<\/strong> soveltuu ainoastaan kuivaimurointiin.<br data-start=\"1699\" data-end=\"1702\" \/>\u26a0\ufe0f Ei hiusten tai kasvojen l\u00e4heisyydess\u00e4 k\u00e4ytett\u00e4v\u00e4ksi.<\/p>\n<p data-start=\"1761\" data-end=\"1783\"><strong data-start=\"1761\" data-end=\"1781\">Tekniset tiedot:<\/strong><\/p>\n<ul>\n<li data-start=\"1786\" data-end=\"1808\">Mitat: 15 cm x 26 cm<\/li>\n<li data-start=\"1811\" data-end=\"1873\">Lyhyt s\u00e4hk\u00f6johto rajoittaa joidenkin kohteiden puhdistamista<\/li>\n<li data-start=\"1876\" data-end=\"1905\">Sy\u00f6tt\u00f6: liit\u00e4nt\u00e4 kaariosaan<\/li>\n<li data-start=\"1908\" data-end=\"1946\">Sopii Hyla NST ja GST -j\u00e4rjestelmiin<\/li>\n<\/ul>\n<div class=\"woocommerce-product-details__short-description\">\n<h5 data-start=\"4289\" data-end=\"4347\"><a href=\"https:\/\/hylajams.fi\/?page_id=8366\"><strong>HYLA GST TUOTTEET<\/strong><\/a><\/h5>\n<h5 data-start=\"4289\" data-end=\"4347\"><a href=\"https:\/\/hylajams.fi\/?page_id=8371\"><strong>HYLA NST TUOTTEET<\/strong><\/a><\/h5>\n<h5><strong><a href=\"https:\/\/www.hyla.com\/products\/products\"><span dir=\"auto\">HYLA INTERNATIONAL<\/span><\/a><\/strong><\/h5>\n<\/div>\n","protected":false},"excerpt":{"rendered":"<p><strong>Pieni k\u00e4siturbo s\u00e4hk\u00f6moottoriharja<\/strong> sopii t\u00e4ydellisesti sohville, portaiden matoille, auton sis\u00e4tiloihin ja patjoille. Tehokas, mutta kevyt k\u00e4ytt\u00e4\u00e4 \u2013 syv\u00e4puhdistaa tekstiilit Hyla GST ja NST -j\u00e4rjestelmill\u00e4.<\/p>\n","protected":false},"featured_media":1203,"template":"","meta":[],"product_brand":[],"product_cat":[946,945,774,775,290,942,941],"product_tag":[1646,1219,1131,1220,1647,1660,1648,114,1640],"class_list":{"0":"post-746","1":"product","2":"type-product","3":"status-publish","4":"has-post-thumbnail","6":"product_cat-hyla-gst-lisatarvikkeet","7":"product_cat-hyla-gst-suulakkeet-ja-harjat","8":"product_cat-hyla-gst","9":"product_cat-hyla-nst","10":"product_cat-hylan-lisatarvikkeet","11":"product_cat-hyla-nst-lisatarvikkeet","12":"product_cat-hyla-nst-suulakkeet","13":"product_tag-gst-harja","14":"product_tag-hyla-gst-lisavaruste","15":"product_tag-hyla-lisavaruste","16":"product_tag-hyla-nst-lisavaruste","17":"product_tag-nst-harja","18":"product_tag-pieni-sahkomoottoriharja-gst-nst","19":"product_tag-puhdistusharja","20":"product_tag-sahkomoottoriharja","21":"product_tag-tekstiiliharja","22":"product_shipping_class-posti-s-paketti-11x32x3-cm-35-kg","23":"_wholesalex wsx-wholesalex-product","25":"first","26":"instock","27":"featured","28":"shipping-taxable","29":"purchasable","30":"product-type-simple"},"yoast_head":"<!-- This site is optimized with the Yoast SEO plugin v27.3 - https:\/\/yoast.com\/product\/yoast-seo-wordpress\/ -->\n<title>Pieni k\u00e4siturbo s\u00e4hk\u00f6moottoriharja \u2013 syv\u00e4puhdistukseen<\/title>\n<meta name=\"description\" content=\"Tehokas pieni k\u00e4siturbo s\u00e4hk\u00f6moottoriharja Hyla GST\/NST -j\u00e4rjestelmille. Sopii sohville, portaiden matoille, auton sisustaan ja patjoille. Tilaa nyt!\" \/>\n<meta name=\"robots\" content=\"index, follow, max-snippet:-1, max-image-preview:large, max-video-preview:-1\" \/>\n<link rel=\"canonical\" href=\"https:\/\/hylajams.fi\/?product=pieni-kasiturbo-sahkomoottoriharja\" \/>\n<meta property=\"og:locale\" content=\"fi_FI\" \/>\n<meta property=\"og:type\" content=\"article\" \/>\n<meta property=\"og:title\" content=\"Pieni k\u00e4siturbo s\u00e4hk\u00f6moottoriharja \u2013 syv\u00e4puhdistukseen\" \/>\n<meta property=\"og:description\" content=\"Tehokas pieni k\u00e4siturbo s\u00e4hk\u00f6moottoriharja Hyla GST\/NST -j\u00e4rjestelmille. Sopii sohville, portaiden matoille, auton sisustaan ja patjoille. Tilaa nyt!\" \/>\n<meta property=\"og:url\" content=\"https:\/\/hylajams.fi\/?product=pieni-kasiturbo-sahkomoottoriharja\" \/>\n<meta property=\"og:site_name\" content=\"Hyla Jams Verkkokauppa\" \/>\n<meta property=\"article:modified_time\" content=\"2026-02-27T18:35:48+00:00\" \/>\n<meta property=\"og:image\" content=\"https:\/\/hylajams.fi\/wp-content\/uploads\/2021\/07\/14207-oma.jpg\" \/>\n\t<meta property=\"og:image:width\" content=\"640\" \/>\n\t<meta property=\"og:image:height\" content=\"480\" \/>\n\t<meta property=\"og:image:type\" content=\"image\/jpeg\" \/>\n<meta name=\"twitter:card\" content=\"summary_large_image\" \/>\n<meta name=\"twitter:label1\" content=\"Arvioitu lukuaika\" \/>\n\t<meta name=\"twitter:data1\" content=\"1 minuutti\" \/>\n<script type=\"application\/ld+json\" class=\"yoast-schema-graph\">{\"@context\":\"https:\\\/\\\/schema.org\",\"@graph\":[{\"@type\":\"WebPage\",\"@id\":\"https:\\\/\\\/hylajams.fi\\\/?product=pieni-kasiturbo-sahkomoottoriharja\",\"url\":\"https:\\\/\\\/hylajams.fi\\\/?product=pieni-kasiturbo-sahkomoottoriharja\",\"name\":\"Pieni k\u00e4siturbo s\u00e4hk\u00f6moottoriharja \u2013 syv\u00e4puhdistukseen\",\"isPartOf\":{\"@id\":\"https:\\\/\\\/hylajams.fi\\\/#website\"},\"primaryImageOfPage\":{\"@id\":\"https:\\\/\\\/hylajams.fi\\\/?product=pieni-kasiturbo-sahkomoottoriharja#primaryimage\"},\"image\":{\"@id\":\"https:\\\/\\\/hylajams.fi\\\/?product=pieni-kasiturbo-sahkomoottoriharja#primaryimage\"},\"thumbnailUrl\":\"https:\\\/\\\/hylajams.fi\\\/wp-content\\\/uploads\\\/2021\\\/07\\\/14207-oma.jpg\",\"datePublished\":\"2021-07-17T19:06:27+00:00\",\"dateModified\":\"2026-02-27T18:35:48+00:00\",\"description\":\"Tehokas pieni k\u00e4siturbo s\u00e4hk\u00f6moottoriharja Hyla GST\\\/NST -j\u00e4rjestelmille. Sopii sohville, portaiden matoille, auton sisustaan ja patjoille. Tilaa nyt!\",\"breadcrumb\":{\"@id\":\"https:\\\/\\\/hylajams.fi\\\/?product=pieni-kasiturbo-sahkomoottoriharja#breadcrumb\"},\"inLanguage\":\"fi\",\"potentialAction\":[{\"@type\":\"ReadAction\",\"target\":[\"https:\\\/\\\/hylajams.fi\\\/?product=pieni-kasiturbo-sahkomoottoriharja\"]}]},{\"@type\":\"ImageObject\",\"inLanguage\":\"fi\",\"@id\":\"https:\\\/\\\/hylajams.fi\\\/?product=pieni-kasiturbo-sahkomoottoriharja#primaryimage\",\"url\":\"https:\\\/\\\/hylajams.fi\\\/wp-content\\\/uploads\\\/2021\\\/07\\\/14207-oma.jpg\",\"contentUrl\":\"https:\\\/\\\/hylajams.fi\\\/wp-content\\\/uploads\\\/2021\\\/07\\\/14207-oma.jpg\",\"width\":640,\"height\":480,\"caption\":\"GST\\\/NST Pieni k\u00e4siturbo s\u00e4hk\u00f6moottoriharja\"},{\"@type\":\"BreadcrumbList\",\"@id\":\"https:\\\/\\\/hylajams.fi\\\/?product=pieni-kasiturbo-sahkomoottoriharja#breadcrumb\",\"itemListElement\":[{\"@type\":\"ListItem\",\"position\":1,\"name\":\"Etusivu\",\"item\":\"https:\\\/\\\/hylajams.fi\\\/\"},{\"@type\":\"ListItem\",\"position\":2,\"name\":\"VERKKOKAUPPA\",\"item\":\"https:\\\/\\\/hylajams.fi\\\/?page_id=9\"},{\"@type\":\"ListItem\",\"position\":3,\"name\":\"14207 Pieni s\u00e4hk\u00f6moottoriharja (GST\\\/NST)\"}]},{\"@type\":\"WebSite\",\"@id\":\"https:\\\/\\\/hylajams.fi\\\/#website\",\"url\":\"https:\\\/\\\/hylajams.fi\\\/\",\"name\":\"Hyla Jams Verkkokauppa\",\"description\":\"Hyla ilman- ja huoneen puhdistusj\u00e4rjestelm\u00e4 Suomessa\",\"publisher\":{\"@id\":\"https:\\\/\\\/hylajams.fi\\\/#organization\"},\"potentialAction\":[{\"@type\":\"SearchAction\",\"target\":{\"@type\":\"EntryPoint\",\"urlTemplate\":\"https:\\\/\\\/hylajams.fi\\\/?s={search_term_string}\"},\"query-input\":{\"@type\":\"PropertyValueSpecification\",\"valueRequired\":true,\"valueName\":\"search_term_string\"}}],\"inLanguage\":\"fi\"},{\"@type\":\"Organization\",\"@id\":\"https:\\\/\\\/hylajams.fi\\\/#organization\",\"name\":\"Hyla Jams Verkkokauppa\",\"url\":\"https:\\\/\\\/hylajams.fi\\\/\",\"logo\":{\"@type\":\"ImageObject\",\"inLanguage\":\"fi\",\"@id\":\"https:\\\/\\\/hylajams.fi\\\/#\\\/schema\\\/logo\\\/image\\\/\",\"url\":\"https:\\\/\\\/hylajams.fi\\\/wp-content\\\/uploads\\\/2025\\\/02\\\/Logo-1-2.jpg\",\"contentUrl\":\"https:\\\/\\\/hylajams.fi\\\/wp-content\\\/uploads\\\/2025\\\/02\\\/Logo-1-2.jpg\",\"width\":500,\"height\":500,\"caption\":\"Hyla Jams Verkkokauppa\"},\"image\":{\"@id\":\"https:\\\/\\\/hylajams.fi\\\/#\\\/schema\\\/logo\\\/image\\\/\"},\"sameAs\":[\"https:\\\/\\\/www.instagram.com\\\/hylasiivous\\\/\"]}]}<\/script>\n<!-- \/ Yoast SEO plugin. -->","yoast_head_json":{"title":"Pieni k\u00e4siturbo s\u00e4hk\u00f6moottoriharja \u2013 syv\u00e4puhdistukseen","description":"Tehokas pieni k\u00e4siturbo s\u00e4hk\u00f6moottoriharja Hyla GST\/NST -j\u00e4rjestelmille. Sopii sohville, portaiden matoille, auton sisustaan ja patjoille. Tilaa nyt!","robots":{"index":"index","follow":"follow","max-snippet":"max-snippet:-1","max-image-preview":"max-image-preview:large","max-video-preview":"max-video-preview:-1"},"canonical":"https:\/\/hylajams.fi\/?product=pieni-kasiturbo-sahkomoottoriharja","og_locale":"fi_FI","og_type":"article","og_title":"Pieni k\u00e4siturbo s\u00e4hk\u00f6moottoriharja \u2013 syv\u00e4puhdistukseen","og_description":"Tehokas pieni k\u00e4siturbo s\u00e4hk\u00f6moottoriharja Hyla GST\/NST -j\u00e4rjestelmille. Sopii sohville, portaiden matoille, auton sisustaan ja patjoille. Tilaa nyt!","og_url":"https:\/\/hylajams.fi\/?product=pieni-kasiturbo-sahkomoottoriharja","og_site_name":"Hyla Jams Verkkokauppa","article_modified_time":"2026-02-27T18:35:48+00:00","og_image":[{"width":640,"height":480,"url":"https:\/\/hylajams.fi\/wp-content\/uploads\/2021\/07\/14207-oma.jpg","type":"image\/jpeg"}],"twitter_card":"summary_large_image","twitter_misc":{"Arvioitu lukuaika":"1 minuutti"},"schema":{"@context":"https:\/\/schema.org","@graph":[{"@type":"WebPage","@id":"https:\/\/hylajams.fi\/?product=pieni-kasiturbo-sahkomoottoriharja","url":"https:\/\/hylajams.fi\/?product=pieni-kasiturbo-sahkomoottoriharja","name":"Pieni k\u00e4siturbo s\u00e4hk\u00f6moottoriharja \u2013 syv\u00e4puhdistukseen","isPartOf":{"@id":"https:\/\/hylajams.fi\/#website"},"primaryImageOfPage":{"@id":"https:\/\/hylajams.fi\/?product=pieni-kasiturbo-sahkomoottoriharja#primaryimage"},"image":{"@id":"https:\/\/hylajams.fi\/?product=pieni-kasiturbo-sahkomoottoriharja#primaryimage"},"thumbnailUrl":"https:\/\/hylajams.fi\/wp-content\/uploads\/2021\/07\/14207-oma.jpg","datePublished":"2021-07-17T19:06:27+00:00","dateModified":"2026-02-27T18:35:48+00:00","description":"Tehokas pieni k\u00e4siturbo s\u00e4hk\u00f6moottoriharja Hyla GST\/NST -j\u00e4rjestelmille. Sopii sohville, portaiden matoille, auton sisustaan ja patjoille. Tilaa nyt!","breadcrumb":{"@id":"https:\/\/hylajams.fi\/?product=pieni-kasiturbo-sahkomoottoriharja#breadcrumb"},"inLanguage":"fi","potentialAction":[{"@type":"ReadAction","target":["https:\/\/hylajams.fi\/?product=pieni-kasiturbo-sahkomoottoriharja"]}]},{"@type":"ImageObject","inLanguage":"fi","@id":"https:\/\/hylajams.fi\/?product=pieni-kasiturbo-sahkomoottoriharja#primaryimage","url":"https:\/\/hylajams.fi\/wp-content\/uploads\/2021\/07\/14207-oma.jpg","contentUrl":"https:\/\/hylajams.fi\/wp-content\/uploads\/2021\/07\/14207-oma.jpg","width":640,"height":480,"caption":"GST\/NST Pieni k\u00e4siturbo s\u00e4hk\u00f6moottoriharja"},{"@type":"BreadcrumbList","@id":"https:\/\/hylajams.fi\/?product=pieni-kasiturbo-sahkomoottoriharja#breadcrumb","itemListElement":[{"@type":"ListItem","position":1,"name":"Etusivu","item":"https:\/\/hylajams.fi\/"},{"@type":"ListItem","position":2,"name":"VERKKOKAUPPA","item":"https:\/\/hylajams.fi\/?page_id=9"},{"@type":"ListItem","position":3,"name":"14207 Pieni s\u00e4hk\u00f6moottoriharja (GST\/NST)"}]},{"@type":"WebSite","@id":"https:\/\/hylajams.fi\/#website","url":"https:\/\/hylajams.fi\/","name":"Hyla Jams Verkkokauppa","description":"Hyla ilman- ja huoneen puhdistusj\u00e4rjestelm\u00e4 Suomessa","publisher":{"@id":"https:\/\/hylajams.fi\/#organization"},"potentialAction":[{"@type":"SearchAction","target":{"@type":"EntryPoint","urlTemplate":"https:\/\/hylajams.fi\/?s={search_term_string}"},"query-input":{"@type":"PropertyValueSpecification","valueRequired":true,"valueName":"search_term_string"}}],"inLanguage":"fi"},{"@type":"Organization","@id":"https:\/\/hylajams.fi\/#organization","name":"Hyla Jams Verkkokauppa","url":"https:\/\/hylajams.fi\/","logo":{"@type":"ImageObject","inLanguage":"fi","@id":"https:\/\/hylajams.fi\/#\/schema\/logo\/image\/","url":"https:\/\/hylajams.fi\/wp-content\/uploads\/2025\/02\/Logo-1-2.jpg","contentUrl":"https:\/\/hylajams.fi\/wp-content\/uploads\/2025\/02\/Logo-1-2.jpg","width":500,"height":500,"caption":"Hyla Jams Verkkokauppa"},"image":{"@id":"https:\/\/hylajams.fi\/#\/schema\/logo\/image\/"},"sameAs":["https:\/\/www.instagram.com\/hylasiivous\/"]}]}},"_links":{"self":[{"href":"https:\/\/hylajams.fi\/index.php?rest_route=\/wp\/v2\/product\/746","targetHints":{"allow":["GET"]}}],"collection":[{"href":"https:\/\/hylajams.fi\/index.php?rest_route=\/wp\/v2\/product"}],"about":[{"href":"https:\/\/hylajams.fi\/index.php?rest_route=\/wp\/v2\/types\/product"}],"version-history":[{"count":7,"href":"https:\/\/hylajams.fi\/index.php?rest_route=\/wp\/v2\/product\/746\/revisions"}],"predecessor-version":[{"id":13161,"href":"https:\/\/hylajams.fi\/index.php?rest_route=\/wp\/v2\/product\/746\/revisions\/13161"}],"wp:featuredmedia":[{"embeddable":true,"href":"https:\/\/hylajams.fi\/index.php?rest_route=\/wp\/v2\/media\/1203"}],"wp:attachment":[{"href":"https:\/\/hylajams.fi\/index.php?rest_route=%2Fwp%2Fv2%2Fmedia&parent=746"}],"wp:term":[{"taxonomy":"product_brand","embeddable":true,"href":"https:\/\/hylajams.fi\/index.php?rest_route=%2Fwp%2Fv2%2Fproduct_brand&post=746"},{"taxonomy":"product_cat","embeddable":true,"href":"https:\/\/hylajams.fi\/index.php?rest_route=%2Fwp%2Fv2%2Fproduct_cat&post=746"},{"taxonomy":"product_tag","embeddable":true,"href":"https:\/\/hylajams.fi\/index.php?rest_route=%2Fwp%2Fv2%2Fproduct_tag&post=746"}],"curies":[{"name":"wp","href":"https:\/\/api.w.org\/{rel}","templated":true}]}}