{"id":7361,"date":"2024-03-25T21:10:13","date_gmt":"2024-03-25T19:10:13","guid":{"rendered":"https:\/\/hylajams.fi\/?post_type=product&#038;p=7361"},"modified":"2026-02-27T23:56:03","modified_gmt":"2026-02-27T21:56:03","slug":"markapesurin-mattosuutin","status":"publish","type":"product","link":"https:\/\/hylajams.fi\/?product=markapesurin-mattosuutin","title":{"rendered":"46535 Hyla EST m\u00e4rk\u00e4pesurin mattosuutin \u2013 mattojen ja m\u00e4rkien lattioiden pesuun"},"content":{"rendered":"<p data-start=\"211\" data-end=\"428\">Hyla EST m\u00e4rk\u00e4pesurin mattosuutin kuuluu laitteen vakioharjasarjaan ja on suunniteltu erityisesti mattojen ja m\u00e4rk\u00e4pesua kest\u00e4vien lattioiden tehokkaaseen puhdistukseen. Suuttimessa on sek\u00e4 harjasosa ett\u00e4 kumihuuli:<\/p>\n<ul>\n<li data-start=\"432\" data-end=\"511\"><strong data-start=\"432\" data-end=\"445\">Harjasosa<\/strong> irrottaa irtolian ja p\u00f6lyn pinnasta jo ennen varsinaista pesua.<\/li>\n<li data-start=\"514\" data-end=\"652\"><strong data-start=\"514\" data-end=\"527\">Kumihuuli<\/strong> imeytyy tiiviisti k\u00e4sitelt\u00e4v\u00e4\u00e4n pintaan ja poistaa veden sek\u00e4 irronneen lian nopeasti ja vaivattomasti HYLA:n vesiastiaan.<\/li>\n<\/ul>\n<p data-start=\"654\" data-end=\"911\">Ruiskusuutin levitt\u00e4\u00e4 pesuliuoksen tasaisesti suoraan matolle tai lattialle, jolloin pinttynytkin lika irtoaa helpommin. Yhdistelm\u00e4 harjasta, ruiskutoiminnosta ja kumihuulesta tekee mattosuuttimesta monipuolisen ja tehokkaan ty\u00f6kalun kodin puhtaanapitoon.<\/p>\n<p data-start=\"913\" data-end=\"1133\">M\u00e4rk\u00e4pesurin mattosuutin on kest\u00e4v\u00e4 rakenteeltaan ja sile\u00e4 pinta varmistavat helpon huollon \u2013 huuhtelu k\u00e4yt\u00f6n j\u00e4lkeen riitt\u00e4\u00e4. HYLA-mattosuuttimet ovat tunnettuja korkeasta laadustaan, pitk\u00e4ik\u00e4isyydest\u00e4\u00e4n ja miellytt\u00e4v\u00e4st\u00e4 k\u00e4ytett\u00e4vyydest\u00e4\u00e4n.<\/p>\n<p><strong><a href=\"https:\/\/hylajams.fi\/?page_id=7252\">HYLA EST TUOTTEET<\/a><\/strong><\/p>\n<p><strong><a href=\"https:\/\/www.hyla.com\/products\/products\">HYLA INTERNATIONAL<\/a><\/strong><\/p>\n","protected":false},"excerpt":{"rendered":"<p>Vakiosarjaan kuuluva mattosuutin Hyla EST m\u00e4rk\u00e4pesuriin. Ruiskusuuttimella varustettu, kest\u00e4v\u00e4 ja helppo puhdistaa. Harjasosa irrottaa irtolian, kumihuuli imee veden ja ruiskutoiminto tehostaa puhdistusta. Soveltuu pest\u00e4ville matoille ja koville lattioille.<\/p>\n","protected":false},"featured_media":7311,"template":"","meta":[],"product_brand":[],"product_cat":[949,950,773],"product_tag":[1628,1735,1737,1740,1739,1738,1736],"class_list":{"0":"post-7361","1":"product","2":"type-product","3":"status-publish","4":"has-post-thumbnail","6":"product_cat-est-markapesuri","7":"product_cat-est-suulakkeet-ja-harjat","8":"product_cat-hyla-est","9":"product_tag-hyla-est-lisavaruste","10":"product_tag-hyla-est-markapesurin-mattosuutin","11":"product_tag-markapesusuutin","12":"product_tag-markapuhdistus","13":"product_tag-markien-lattioiden-puhdistus","14":"product_tag-mattojen-pesu","15":"product_tag-mattosuutin","16":"product_shipping_class-posti-s-paketti-11x32x3-cm-35-kg","17":"_wholesalex wsx-wholesalex-product","19":"first","20":"instock","21":"featured","22":"shipping-taxable","23":"purchasable","24":"product-type-simple"},"yoast_head":"<!-- This site is optimized with the Yoast SEO plugin v27.3 - https:\/\/yoast.com\/product\/yoast-seo-wordpress\/ -->\n<title>M\u00e4rk\u00e4pesurin mattosuutin - Pese matot puhtaaksi.<\/title>\n<meta name=\"description\" content=\"M\u00e4rk\u00e4pesurin mattosuutin kuuluu vakioharjaan. Harjasosa irrottaa irtolian, kumihuuli poistaa veden ja ruiskusuutin tehostaa mattojen ja lattioiden pesua.\" \/>\n<meta name=\"robots\" content=\"index, follow, max-snippet:-1, max-image-preview:large, max-video-preview:-1\" \/>\n<link rel=\"canonical\" href=\"https:\/\/hylajams.fi\/?product=markapesurin-mattosuutin\" \/>\n<meta property=\"og:locale\" content=\"fi_FI\" \/>\n<meta property=\"og:type\" content=\"article\" \/>\n<meta property=\"og:title\" content=\"M\u00e4rk\u00e4pesurin mattosuutin - Pese matot puhtaaksi.\" \/>\n<meta property=\"og:description\" content=\"M\u00e4rk\u00e4pesurin mattosuutin kuuluu vakioharjaan. Harjasosa irrottaa irtolian, kumihuuli poistaa veden ja ruiskusuutin tehostaa mattojen ja lattioiden pesua.\" \/>\n<meta property=\"og:url\" content=\"https:\/\/hylajams.fi\/?product=markapesurin-mattosuutin\" \/>\n<meta property=\"og:site_name\" content=\"Hyla Jams Verkkokauppa\" \/>\n<meta property=\"article:modified_time\" content=\"2026-02-27T21:56:03+00:00\" \/>\n<meta property=\"og:image\" content=\"https:\/\/hylajams.fi\/wp-content\/uploads\/2024\/03\/46535-NIMBUS-marka-lattia-ja-matot-25.jpg\" \/>\n\t<meta property=\"og:image:width\" content=\"1047\" \/>\n\t<meta property=\"og:image:height\" content=\"1048\" \/>\n\t<meta property=\"og:image:type\" content=\"image\/jpeg\" \/>\n<meta name=\"twitter:card\" content=\"summary_large_image\" \/>\n<meta name=\"twitter:label1\" content=\"Arvioitu lukuaika\" \/>\n\t<meta name=\"twitter:data1\" content=\"1 minuutti\" \/>\n<script type=\"application\/ld+json\" class=\"yoast-schema-graph\">{\"@context\":\"https:\\\/\\\/schema.org\",\"@graph\":[{\"@type\":\"WebPage\",\"@id\":\"https:\\\/\\\/hylajams.fi\\\/?product=markapesurin-mattosuutin\",\"url\":\"https:\\\/\\\/hylajams.fi\\\/?product=markapesurin-mattosuutin\",\"name\":\"M\u00e4rk\u00e4pesurin mattosuutin - Pese matot puhtaaksi.\",\"isPartOf\":{\"@id\":\"https:\\\/\\\/hylajams.fi\\\/#website\"},\"primaryImageOfPage\":{\"@id\":\"https:\\\/\\\/hylajams.fi\\\/?product=markapesurin-mattosuutin#primaryimage\"},\"image\":{\"@id\":\"https:\\\/\\\/hylajams.fi\\\/?product=markapesurin-mattosuutin#primaryimage\"},\"thumbnailUrl\":\"https:\\\/\\\/hylajams.fi\\\/wp-content\\\/uploads\\\/2024\\\/03\\\/46535-NIMBUS-marka-lattia-ja-matot-25.jpg\",\"datePublished\":\"2024-03-25T19:10:13+00:00\",\"dateModified\":\"2026-02-27T21:56:03+00:00\",\"description\":\"M\u00e4rk\u00e4pesurin mattosuutin kuuluu vakioharjaan. Harjasosa irrottaa irtolian, kumihuuli poistaa veden ja ruiskusuutin tehostaa mattojen ja lattioiden pesua.\",\"breadcrumb\":{\"@id\":\"https:\\\/\\\/hylajams.fi\\\/?product=markapesurin-mattosuutin#breadcrumb\"},\"inLanguage\":\"fi\",\"potentialAction\":[{\"@type\":\"ReadAction\",\"target\":[\"https:\\\/\\\/hylajams.fi\\\/?product=markapesurin-mattosuutin\"]}]},{\"@type\":\"ImageObject\",\"inLanguage\":\"fi\",\"@id\":\"https:\\\/\\\/hylajams.fi\\\/?product=markapesurin-mattosuutin#primaryimage\",\"url\":\"https:\\\/\\\/hylajams.fi\\\/wp-content\\\/uploads\\\/2024\\\/03\\\/46535-NIMBUS-marka-lattia-ja-matot-25.jpg\",\"contentUrl\":\"https:\\\/\\\/hylajams.fi\\\/wp-content\\\/uploads\\\/2024\\\/03\\\/46535-NIMBUS-marka-lattia-ja-matot-25.jpg\",\"width\":1047,\"height\":1048,\"caption\":\"4 M\u00e4rk\u00e4 lattia ja matot\"},{\"@type\":\"BreadcrumbList\",\"@id\":\"https:\\\/\\\/hylajams.fi\\\/?product=markapesurin-mattosuutin#breadcrumb\",\"itemListElement\":[{\"@type\":\"ListItem\",\"position\":1,\"name\":\"Etusivu\",\"item\":\"https:\\\/\\\/hylajams.fi\\\/\"},{\"@type\":\"ListItem\",\"position\":2,\"name\":\"VERKKOKAUPPA\",\"item\":\"https:\\\/\\\/hylajams.fi\\\/?page_id=9\"},{\"@type\":\"ListItem\",\"position\":3,\"name\":\"46535 Hyla EST m\u00e4rk\u00e4pesurin mattosuutin \u2013 mattojen ja m\u00e4rkien lattioiden pesuun\"}]},{\"@type\":\"WebSite\",\"@id\":\"https:\\\/\\\/hylajams.fi\\\/#website\",\"url\":\"https:\\\/\\\/hylajams.fi\\\/\",\"name\":\"Hyla Jams Verkkokauppa\",\"description\":\"Hyla ilman- ja huoneen puhdistusj\u00e4rjestelm\u00e4 Suomessa\",\"publisher\":{\"@id\":\"https:\\\/\\\/hylajams.fi\\\/#organization\"},\"potentialAction\":[{\"@type\":\"SearchAction\",\"target\":{\"@type\":\"EntryPoint\",\"urlTemplate\":\"https:\\\/\\\/hylajams.fi\\\/?s={search_term_string}\"},\"query-input\":{\"@type\":\"PropertyValueSpecification\",\"valueRequired\":true,\"valueName\":\"search_term_string\"}}],\"inLanguage\":\"fi\"},{\"@type\":\"Organization\",\"@id\":\"https:\\\/\\\/hylajams.fi\\\/#organization\",\"name\":\"Hyla Jams Verkkokauppa\",\"url\":\"https:\\\/\\\/hylajams.fi\\\/\",\"logo\":{\"@type\":\"ImageObject\",\"inLanguage\":\"fi\",\"@id\":\"https:\\\/\\\/hylajams.fi\\\/#\\\/schema\\\/logo\\\/image\\\/\",\"url\":\"https:\\\/\\\/hylajams.fi\\\/wp-content\\\/uploads\\\/2025\\\/02\\\/Logo-1-2.jpg\",\"contentUrl\":\"https:\\\/\\\/hylajams.fi\\\/wp-content\\\/uploads\\\/2025\\\/02\\\/Logo-1-2.jpg\",\"width\":500,\"height\":500,\"caption\":\"Hyla Jams Verkkokauppa\"},\"image\":{\"@id\":\"https:\\\/\\\/hylajams.fi\\\/#\\\/schema\\\/logo\\\/image\\\/\"},\"sameAs\":[\"https:\\\/\\\/www.instagram.com\\\/hylasiivous\\\/\"]}]}<\/script>\n<!-- \/ Yoast SEO plugin. -->","yoast_head_json":{"title":"M\u00e4rk\u00e4pesurin mattosuutin - Pese matot puhtaaksi.","description":"M\u00e4rk\u00e4pesurin mattosuutin kuuluu vakioharjaan. Harjasosa irrottaa irtolian, kumihuuli poistaa veden ja ruiskusuutin tehostaa mattojen ja lattioiden pesua.","robots":{"index":"index","follow":"follow","max-snippet":"max-snippet:-1","max-image-preview":"max-image-preview:large","max-video-preview":"max-video-preview:-1"},"canonical":"https:\/\/hylajams.fi\/?product=markapesurin-mattosuutin","og_locale":"fi_FI","og_type":"article","og_title":"M\u00e4rk\u00e4pesurin mattosuutin - Pese matot puhtaaksi.","og_description":"M\u00e4rk\u00e4pesurin mattosuutin kuuluu vakioharjaan. Harjasosa irrottaa irtolian, kumihuuli poistaa veden ja ruiskusuutin tehostaa mattojen ja lattioiden pesua.","og_url":"https:\/\/hylajams.fi\/?product=markapesurin-mattosuutin","og_site_name":"Hyla Jams Verkkokauppa","article_modified_time":"2026-02-27T21:56:03+00:00","og_image":[{"width":1047,"height":1048,"url":"https:\/\/hylajams.fi\/wp-content\/uploads\/2024\/03\/46535-NIMBUS-marka-lattia-ja-matot-25.jpg","type":"image\/jpeg"}],"twitter_card":"summary_large_image","twitter_misc":{"Arvioitu lukuaika":"1 minuutti"},"schema":{"@context":"https:\/\/schema.org","@graph":[{"@type":"WebPage","@id":"https:\/\/hylajams.fi\/?product=markapesurin-mattosuutin","url":"https:\/\/hylajams.fi\/?product=markapesurin-mattosuutin","name":"M\u00e4rk\u00e4pesurin mattosuutin - Pese matot puhtaaksi.","isPartOf":{"@id":"https:\/\/hylajams.fi\/#website"},"primaryImageOfPage":{"@id":"https:\/\/hylajams.fi\/?product=markapesurin-mattosuutin#primaryimage"},"image":{"@id":"https:\/\/hylajams.fi\/?product=markapesurin-mattosuutin#primaryimage"},"thumbnailUrl":"https:\/\/hylajams.fi\/wp-content\/uploads\/2024\/03\/46535-NIMBUS-marka-lattia-ja-matot-25.jpg","datePublished":"2024-03-25T19:10:13+00:00","dateModified":"2026-02-27T21:56:03+00:00","description":"M\u00e4rk\u00e4pesurin mattosuutin kuuluu vakioharjaan. Harjasosa irrottaa irtolian, kumihuuli poistaa veden ja ruiskusuutin tehostaa mattojen ja lattioiden pesua.","breadcrumb":{"@id":"https:\/\/hylajams.fi\/?product=markapesurin-mattosuutin#breadcrumb"},"inLanguage":"fi","potentialAction":[{"@type":"ReadAction","target":["https:\/\/hylajams.fi\/?product=markapesurin-mattosuutin"]}]},{"@type":"ImageObject","inLanguage":"fi","@id":"https:\/\/hylajams.fi\/?product=markapesurin-mattosuutin#primaryimage","url":"https:\/\/hylajams.fi\/wp-content\/uploads\/2024\/03\/46535-NIMBUS-marka-lattia-ja-matot-25.jpg","contentUrl":"https:\/\/hylajams.fi\/wp-content\/uploads\/2024\/03\/46535-NIMBUS-marka-lattia-ja-matot-25.jpg","width":1047,"height":1048,"caption":"4 M\u00e4rk\u00e4 lattia ja matot"},{"@type":"BreadcrumbList","@id":"https:\/\/hylajams.fi\/?product=markapesurin-mattosuutin#breadcrumb","itemListElement":[{"@type":"ListItem","position":1,"name":"Etusivu","item":"https:\/\/hylajams.fi\/"},{"@type":"ListItem","position":2,"name":"VERKKOKAUPPA","item":"https:\/\/hylajams.fi\/?page_id=9"},{"@type":"ListItem","position":3,"name":"46535 Hyla EST m\u00e4rk\u00e4pesurin mattosuutin \u2013 mattojen ja m\u00e4rkien lattioiden pesuun"}]},{"@type":"WebSite","@id":"https:\/\/hylajams.fi\/#website","url":"https:\/\/hylajams.fi\/","name":"Hyla Jams Verkkokauppa","description":"Hyla ilman- ja huoneen puhdistusj\u00e4rjestelm\u00e4 Suomessa","publisher":{"@id":"https:\/\/hylajams.fi\/#organization"},"potentialAction":[{"@type":"SearchAction","target":{"@type":"EntryPoint","urlTemplate":"https:\/\/hylajams.fi\/?s={search_term_string}"},"query-input":{"@type":"PropertyValueSpecification","valueRequired":true,"valueName":"search_term_string"}}],"inLanguage":"fi"},{"@type":"Organization","@id":"https:\/\/hylajams.fi\/#organization","name":"Hyla Jams Verkkokauppa","url":"https:\/\/hylajams.fi\/","logo":{"@type":"ImageObject","inLanguage":"fi","@id":"https:\/\/hylajams.fi\/#\/schema\/logo\/image\/","url":"https:\/\/hylajams.fi\/wp-content\/uploads\/2025\/02\/Logo-1-2.jpg","contentUrl":"https:\/\/hylajams.fi\/wp-content\/uploads\/2025\/02\/Logo-1-2.jpg","width":500,"height":500,"caption":"Hyla Jams Verkkokauppa"},"image":{"@id":"https:\/\/hylajams.fi\/#\/schema\/logo\/image\/"},"sameAs":["https:\/\/www.instagram.com\/hylasiivous\/"]}]}},"_links":{"self":[{"href":"https:\/\/hylajams.fi\/index.php?rest_route=\/wp\/v2\/product\/7361","targetHints":{"allow":["GET"]}}],"collection":[{"href":"https:\/\/hylajams.fi\/index.php?rest_route=\/wp\/v2\/product"}],"about":[{"href":"https:\/\/hylajams.fi\/index.php?rest_route=\/wp\/v2\/types\/product"}],"version-history":[{"count":5,"href":"https:\/\/hylajams.fi\/index.php?rest_route=\/wp\/v2\/product\/7361\/revisions"}],"predecessor-version":[{"id":13176,"href":"https:\/\/hylajams.fi\/index.php?rest_route=\/wp\/v2\/product\/7361\/revisions\/13176"}],"wp:featuredmedia":[{"embeddable":true,"href":"https:\/\/hylajams.fi\/index.php?rest_route=\/wp\/v2\/media\/7311"}],"wp:attachment":[{"href":"https:\/\/hylajams.fi\/index.php?rest_route=%2Fwp%2Fv2%2Fmedia&parent=7361"}],"wp:term":[{"taxonomy":"product_brand","embeddable":true,"href":"https:\/\/hylajams.fi\/index.php?rest_route=%2Fwp%2Fv2%2Fproduct_brand&post=7361"},{"taxonomy":"product_cat","embeddable":true,"href":"https:\/\/hylajams.fi\/index.php?rest_route=%2Fwp%2Fv2%2Fproduct_cat&post=7361"},{"taxonomy":"product_tag","embeddable":true,"href":"https:\/\/hylajams.fi\/index.php?rest_route=%2Fwp%2Fv2%2Fproduct_tag&post=7361"}],"curies":[{"name":"wp","href":"https:\/\/api.w.org\/{rel}","templated":true}]}}