{"id":7352,"date":"2024-03-25T21:01:36","date_gmt":"2024-03-25T19:01:36","guid":{"rendered":"https:\/\/hylajams.fi\/?post_type=product&#038;p=7352"},"modified":"2026-02-27T23:53:59","modified_gmt":"2026-02-27T21:53:59","slug":"markapesurin-kovalattiaharja-ruiskuliittimella","status":"publish","type":"product","link":"https:\/\/hylajams.fi\/?product=markapesurin-kovalattiaharja-ruiskuliittimella","title":{"rendered":"46520 Hyla EST m\u00e4rk\u00e4pesurin kovalattiaharja ruiskuliittimell\u00e4"},"content":{"rendered":"<p><strong>EST m\u00e4rk\u00e4pesurin kovalattiaharja ruiskuliittimell\u00e4.\u00a0<\/strong><\/p>\n<p data-start=\"223\" data-end=\"489\">M\u00e4rk\u00e4pesurin kovalattiaharja ruiskuliittimell\u00e4 on suunniteltu erityisesti kovien pintojen tehokkaaseen puhdistukseen. Harjassa on <strong>harjaosa hankaamista<\/strong> varten ja <strong data-start=\"344\" data-end=\"364\">ruiskuominaisuus<\/strong> sek\u00e4 kaksinkertainen <strong data-start=\"370\" data-end=\"383\">kumihuuli<\/strong>, joka imeytyy tiiviisti pintaa vasten ja poistaa veden sek\u00e4 irronneen lian nopeasti Hyla:n vesiastiaan.<\/p>\n<p data-start=\"491\" data-end=\"625\">Kovien lattioiden suuttimella puhdistus sujuu vaivattomasti niin kotona kuin vaativammissakin ymp\u00e4rist\u00f6iss\u00e4. K\u00e4ytt\u00f6kohteita ovat mm.<\/p>\n<ul>\n<li data-start=\"628\" data-end=\"676\">kodin lattiat (laatat, laminaatit, muovimatot)<\/li>\n<li data-start=\"679\" data-end=\"703\">kellarit ja autotallit<\/li>\n<li data-start=\"706\" data-end=\"728\">ty\u00f6pajat ja varastot<\/li>\n<li data-start=\"731\" data-end=\"822\">sek\u00e4 kaupalliset tilat, joissa tarvitaan nopeaa ja tehokasta m\u00e4rk\u00e4- tai kuivapuhdistusta.<\/li>\n<\/ul>\n<p data-start=\"824\" data-end=\"1075\">M\u00e4rk\u00e4pesurin letkun kahvaa painamalla pesuvesi kulkeutuu s\u00e4ili\u00f6st\u00e4 suuttimen ruiskuliittimeen ja kostuttaa puhdistettavan pinnan juuri sopivasti. Pienell\u00e4 hankaamisliikkeell\u00e4 kostutettu lika irtoaa helposti my\u00f6s kapeista kohteista. T\u00e4m\u00e4 tekee pesusta perusteellista, mutta hell\u00e4varaista kaikille kosteutta kest\u00e4ville koville pinnoille.<\/p>\n<p data-start=\"1077\" data-end=\"1230\">Kest\u00e4v\u00e4 rakenne ja helppo puhdistettavuus tekev\u00e4t kovalattiaharjasta k\u00e4yt\u00e4nn\u00f6llisen lis\u00e4varusteen Hyla EST m\u00e4rk\u00e4pesurin vakiovarusteisiin.<\/p>\n<h2 data-start=\"1438\" data-end=\"1475\"><strong data-start=\"1441\" data-end=\"1473\">Ominaisuudet<\/strong><\/h2>\n<ul>\n<li data-start=\"1478\" data-end=\"1526\">Kuuluu HYLA EST m\u00e4rk\u00e4pesurin vakioharjasarjaan<\/li>\n<li data-start=\"1529\" data-end=\"1587\">Soveltuu kaikille kosteutta kest\u00e4ville koville pinnoille<\/li>\n<li data-start=\"1590\" data-end=\"1639\">Kumihuuli poistaa veden ja irtolian tehokkaasti<\/li>\n<li data-start=\"1642\" data-end=\"1688\">Ruiskutoiminto kostuttaa pinnan pesua varten<\/li>\n<li data-start=\"1691\" data-end=\"1764\">Sopii kotitalouksiin, kellareihin, ty\u00f6pajoihin ja kaupallisiin tiloihin<\/li>\n<li data-start=\"1767\" data-end=\"1812\">K\u00e4ytett\u00e4viss\u00e4 m\u00e4rk\u00e4- ja kuivapuhdistuksessa<\/li>\n<li data-start=\"1815\" data-end=\"1844\">Kest\u00e4v\u00e4 ja helppo puhdistaa<\/li>\n<\/ul>\n<p><strong><a href=\"https:\/\/hylajams.fi\/?page_id=7252\">HYLA EST TUOTTEET<\/a><\/strong><\/p>\n<p><strong><a href=\"https:\/\/www.hyla.com\/products\/products\">HYLA INTERNATIONAL<\/a><\/strong><\/p>\n","protected":false},"excerpt":{"rendered":"<p><strong>Hyla EST M\u00e4rk\u00e4pesurin kovalattiaharja ruiskuliittimell\u00e4.<\/strong> Tupla kumihuulet poistavat veden todella tehokkaasti ja ruiskutoiminnolla voit suihkuttaa pesuaineen suoraan kohteeseen, joka helpottaa kovien pintojen pesua kotona ja ty\u00f6ymp\u00e4rist\u00f6iss\u00e4.<\/p>\n","protected":false},"featured_media":7310,"template":"","meta":[],"product_brand":[],"product_cat":[949,950,773],"product_tag":[1628,1729,1730,1734,1733,1731,1732],"class_list":{"0":"post-7352","1":"product","2":"type-product","3":"status-publish","4":"has-post-thumbnail","6":"product_cat-est-markapesuri","7":"product_cat-est-suulakkeet-ja-harjat","8":"product_cat-hyla-est","9":"product_tag-hyla-est-lisavaruste","10":"product_tag-hyla-est-markapesurin-kovalattiaharja","11":"product_tag-kovalattiaharja","12":"product_tag-kovalattioiden-puhdistus","13":"product_tag-lattian-markapesu","14":"product_tag-markapesuharja","15":"product_tag-ruiskuliittimella-varustettu-harja","16":"product_shipping_class-posti-s-paketti-11x32x3-cm-35-kg","17":"_wholesalex wsx-wholesalex-product","19":"first","20":"instock","21":"featured","22":"shipping-taxable","23":"purchasable","24":"product-type-simple"},"yoast_head":"<!-- This site is optimized with the Yoast SEO plugin v27.3 - https:\/\/yoast.com\/product\/yoast-seo-wordpress\/ -->\n<title>M\u00e4rk\u00e4pesurin kovalattiaharja ruiskuliittimell\u00e4 - Koville pinnoille.<\/title>\n<meta name=\"description\" content=\"M\u00e4rk\u00e4pesurin kovalattiaharja ruiskuliittimell\u00e4 - Ruiskutoiminto ja kumihuulet tekev\u00e4t kovien lattioiden, kellarien ja ty\u00f6pajojen pesusta tehokasta.\" \/>\n<meta name=\"robots\" content=\"index, follow, max-snippet:-1, max-image-preview:large, max-video-preview:-1\" \/>\n<link rel=\"canonical\" href=\"https:\/\/hylajams.fi\/?product=markapesurin-kovalattiaharja-ruiskuliittimella\" \/>\n<meta property=\"og:locale\" content=\"fi_FI\" \/>\n<meta property=\"og:type\" content=\"article\" \/>\n<meta property=\"og:title\" content=\"M\u00e4rk\u00e4pesurin kovalattiaharja ruiskuliittimell\u00e4 - Koville pinnoille.\" \/>\n<meta property=\"og:description\" content=\"M\u00e4rk\u00e4pesurin kovalattiaharja ruiskuliittimell\u00e4 - Ruiskutoiminto ja kumihuulet tekev\u00e4t kovien lattioiden, kellarien ja ty\u00f6pajojen pesusta tehokasta.\" \/>\n<meta property=\"og:url\" content=\"https:\/\/hylajams.fi\/?product=markapesurin-kovalattiaharja-ruiskuliittimella\" \/>\n<meta property=\"og:site_name\" content=\"Hyla Jams Verkkokauppa\" \/>\n<meta property=\"article:modified_time\" content=\"2026-02-27T21:53:59+00:00\" \/>\n<meta property=\"og:image\" content=\"https:\/\/hylajams.fi\/wp-content\/uploads\/2024\/03\/46520-Hyla-Nimbus-EST-lattianpuhdistussuutin-15.jpg\" \/>\n\t<meta property=\"og:image:width\" content=\"1064\" \/>\n\t<meta property=\"og:image:height\" content=\"1066\" \/>\n\t<meta property=\"og:image:type\" content=\"image\/jpeg\" \/>\n<meta name=\"twitter:card\" content=\"summary_large_image\" \/>\n<meta name=\"twitter:label1\" content=\"Arvioitu lukuaika\" \/>\n\t<meta name=\"twitter:data1\" content=\"2 minuuttia\" \/>\n<script type=\"application\/ld+json\" class=\"yoast-schema-graph\">{\"@context\":\"https:\\\/\\\/schema.org\",\"@graph\":[{\"@type\":\"WebPage\",\"@id\":\"https:\\\/\\\/hylajams.fi\\\/?product=markapesurin-kovalattiaharja-ruiskuliittimella\",\"url\":\"https:\\\/\\\/hylajams.fi\\\/?product=markapesurin-kovalattiaharja-ruiskuliittimella\",\"name\":\"M\u00e4rk\u00e4pesurin kovalattiaharja ruiskuliittimell\u00e4 - Koville pinnoille.\",\"isPartOf\":{\"@id\":\"https:\\\/\\\/hylajams.fi\\\/#website\"},\"primaryImageOfPage\":{\"@id\":\"https:\\\/\\\/hylajams.fi\\\/?product=markapesurin-kovalattiaharja-ruiskuliittimella#primaryimage\"},\"image\":{\"@id\":\"https:\\\/\\\/hylajams.fi\\\/?product=markapesurin-kovalattiaharja-ruiskuliittimella#primaryimage\"},\"thumbnailUrl\":\"https:\\\/\\\/hylajams.fi\\\/wp-content\\\/uploads\\\/2024\\\/03\\\/46520-Hyla-Nimbus-EST-lattianpuhdistussuutin-15.jpg\",\"datePublished\":\"2024-03-25T19:01:36+00:00\",\"dateModified\":\"2026-02-27T21:53:59+00:00\",\"description\":\"M\u00e4rk\u00e4pesurin kovalattiaharja ruiskuliittimell\u00e4 - Ruiskutoiminto ja kumihuulet tekev\u00e4t kovien lattioiden, kellarien ja ty\u00f6pajojen pesusta tehokasta.\",\"breadcrumb\":{\"@id\":\"https:\\\/\\\/hylajams.fi\\\/?product=markapesurin-kovalattiaharja-ruiskuliittimella#breadcrumb\"},\"inLanguage\":\"fi\",\"potentialAction\":[{\"@type\":\"ReadAction\",\"target\":[\"https:\\\/\\\/hylajams.fi\\\/?product=markapesurin-kovalattiaharja-ruiskuliittimella\"]}]},{\"@type\":\"ImageObject\",\"inLanguage\":\"fi\",\"@id\":\"https:\\\/\\\/hylajams.fi\\\/?product=markapesurin-kovalattiaharja-ruiskuliittimella#primaryimage\",\"url\":\"https:\\\/\\\/hylajams.fi\\\/wp-content\\\/uploads\\\/2024\\\/03\\\/46520-Hyla-Nimbus-EST-lattianpuhdistussuutin-15.jpg\",\"contentUrl\":\"https:\\\/\\\/hylajams.fi\\\/wp-content\\\/uploads\\\/2024\\\/03\\\/46520-Hyla-Nimbus-EST-lattianpuhdistussuutin-15.jpg\",\"width\":1064,\"height\":1066,\"caption\":\"Lattianpuhdistus suihkusuuttimella\"},{\"@type\":\"BreadcrumbList\",\"@id\":\"https:\\\/\\\/hylajams.fi\\\/?product=markapesurin-kovalattiaharja-ruiskuliittimella#breadcrumb\",\"itemListElement\":[{\"@type\":\"ListItem\",\"position\":1,\"name\":\"Etusivu\",\"item\":\"https:\\\/\\\/hylajams.fi\\\/\"},{\"@type\":\"ListItem\",\"position\":2,\"name\":\"VERKKOKAUPPA\",\"item\":\"https:\\\/\\\/hylajams.fi\\\/?page_id=9\"},{\"@type\":\"ListItem\",\"position\":3,\"name\":\"46520 Hyla EST m\u00e4rk\u00e4pesurin kovalattiaharja ruiskuliittimell\u00e4\"}]},{\"@type\":\"WebSite\",\"@id\":\"https:\\\/\\\/hylajams.fi\\\/#website\",\"url\":\"https:\\\/\\\/hylajams.fi\\\/\",\"name\":\"Hyla Jams Verkkokauppa\",\"description\":\"Hyla ilman- ja huoneen puhdistusj\u00e4rjestelm\u00e4 Suomessa\",\"publisher\":{\"@id\":\"https:\\\/\\\/hylajams.fi\\\/#organization\"},\"potentialAction\":[{\"@type\":\"SearchAction\",\"target\":{\"@type\":\"EntryPoint\",\"urlTemplate\":\"https:\\\/\\\/hylajams.fi\\\/?s={search_term_string}\"},\"query-input\":{\"@type\":\"PropertyValueSpecification\",\"valueRequired\":true,\"valueName\":\"search_term_string\"}}],\"inLanguage\":\"fi\"},{\"@type\":\"Organization\",\"@id\":\"https:\\\/\\\/hylajams.fi\\\/#organization\",\"name\":\"Hyla Jams Verkkokauppa\",\"url\":\"https:\\\/\\\/hylajams.fi\\\/\",\"logo\":{\"@type\":\"ImageObject\",\"inLanguage\":\"fi\",\"@id\":\"https:\\\/\\\/hylajams.fi\\\/#\\\/schema\\\/logo\\\/image\\\/\",\"url\":\"https:\\\/\\\/hylajams.fi\\\/wp-content\\\/uploads\\\/2025\\\/02\\\/Logo-1-2.jpg\",\"contentUrl\":\"https:\\\/\\\/hylajams.fi\\\/wp-content\\\/uploads\\\/2025\\\/02\\\/Logo-1-2.jpg\",\"width\":500,\"height\":500,\"caption\":\"Hyla Jams Verkkokauppa\"},\"image\":{\"@id\":\"https:\\\/\\\/hylajams.fi\\\/#\\\/schema\\\/logo\\\/image\\\/\"},\"sameAs\":[\"https:\\\/\\\/www.instagram.com\\\/hylasiivous\\\/\"]}]}<\/script>\n<!-- \/ Yoast SEO plugin. -->","yoast_head_json":{"title":"M\u00e4rk\u00e4pesurin kovalattiaharja ruiskuliittimell\u00e4 - Koville pinnoille.","description":"M\u00e4rk\u00e4pesurin kovalattiaharja ruiskuliittimell\u00e4 - Ruiskutoiminto ja kumihuulet tekev\u00e4t kovien lattioiden, kellarien ja ty\u00f6pajojen pesusta tehokasta.","robots":{"index":"index","follow":"follow","max-snippet":"max-snippet:-1","max-image-preview":"max-image-preview:large","max-video-preview":"max-video-preview:-1"},"canonical":"https:\/\/hylajams.fi\/?product=markapesurin-kovalattiaharja-ruiskuliittimella","og_locale":"fi_FI","og_type":"article","og_title":"M\u00e4rk\u00e4pesurin kovalattiaharja ruiskuliittimell\u00e4 - Koville pinnoille.","og_description":"M\u00e4rk\u00e4pesurin kovalattiaharja ruiskuliittimell\u00e4 - Ruiskutoiminto ja kumihuulet tekev\u00e4t kovien lattioiden, kellarien ja ty\u00f6pajojen pesusta tehokasta.","og_url":"https:\/\/hylajams.fi\/?product=markapesurin-kovalattiaharja-ruiskuliittimella","og_site_name":"Hyla Jams Verkkokauppa","article_modified_time":"2026-02-27T21:53:59+00:00","og_image":[{"width":1064,"height":1066,"url":"https:\/\/hylajams.fi\/wp-content\/uploads\/2024\/03\/46520-Hyla-Nimbus-EST-lattianpuhdistussuutin-15.jpg","type":"image\/jpeg"}],"twitter_card":"summary_large_image","twitter_misc":{"Arvioitu lukuaika":"2 minuuttia"},"schema":{"@context":"https:\/\/schema.org","@graph":[{"@type":"WebPage","@id":"https:\/\/hylajams.fi\/?product=markapesurin-kovalattiaharja-ruiskuliittimella","url":"https:\/\/hylajams.fi\/?product=markapesurin-kovalattiaharja-ruiskuliittimella","name":"M\u00e4rk\u00e4pesurin kovalattiaharja ruiskuliittimell\u00e4 - Koville pinnoille.","isPartOf":{"@id":"https:\/\/hylajams.fi\/#website"},"primaryImageOfPage":{"@id":"https:\/\/hylajams.fi\/?product=markapesurin-kovalattiaharja-ruiskuliittimella#primaryimage"},"image":{"@id":"https:\/\/hylajams.fi\/?product=markapesurin-kovalattiaharja-ruiskuliittimella#primaryimage"},"thumbnailUrl":"https:\/\/hylajams.fi\/wp-content\/uploads\/2024\/03\/46520-Hyla-Nimbus-EST-lattianpuhdistussuutin-15.jpg","datePublished":"2024-03-25T19:01:36+00:00","dateModified":"2026-02-27T21:53:59+00:00","description":"M\u00e4rk\u00e4pesurin kovalattiaharja ruiskuliittimell\u00e4 - Ruiskutoiminto ja kumihuulet tekev\u00e4t kovien lattioiden, kellarien ja ty\u00f6pajojen pesusta tehokasta.","breadcrumb":{"@id":"https:\/\/hylajams.fi\/?product=markapesurin-kovalattiaharja-ruiskuliittimella#breadcrumb"},"inLanguage":"fi","potentialAction":[{"@type":"ReadAction","target":["https:\/\/hylajams.fi\/?product=markapesurin-kovalattiaharja-ruiskuliittimella"]}]},{"@type":"ImageObject","inLanguage":"fi","@id":"https:\/\/hylajams.fi\/?product=markapesurin-kovalattiaharja-ruiskuliittimella#primaryimage","url":"https:\/\/hylajams.fi\/wp-content\/uploads\/2024\/03\/46520-Hyla-Nimbus-EST-lattianpuhdistussuutin-15.jpg","contentUrl":"https:\/\/hylajams.fi\/wp-content\/uploads\/2024\/03\/46520-Hyla-Nimbus-EST-lattianpuhdistussuutin-15.jpg","width":1064,"height":1066,"caption":"Lattianpuhdistus suihkusuuttimella"},{"@type":"BreadcrumbList","@id":"https:\/\/hylajams.fi\/?product=markapesurin-kovalattiaharja-ruiskuliittimella#breadcrumb","itemListElement":[{"@type":"ListItem","position":1,"name":"Etusivu","item":"https:\/\/hylajams.fi\/"},{"@type":"ListItem","position":2,"name":"VERKKOKAUPPA","item":"https:\/\/hylajams.fi\/?page_id=9"},{"@type":"ListItem","position":3,"name":"46520 Hyla EST m\u00e4rk\u00e4pesurin kovalattiaharja ruiskuliittimell\u00e4"}]},{"@type":"WebSite","@id":"https:\/\/hylajams.fi\/#website","url":"https:\/\/hylajams.fi\/","name":"Hyla Jams Verkkokauppa","description":"Hyla ilman- ja huoneen puhdistusj\u00e4rjestelm\u00e4 Suomessa","publisher":{"@id":"https:\/\/hylajams.fi\/#organization"},"potentialAction":[{"@type":"SearchAction","target":{"@type":"EntryPoint","urlTemplate":"https:\/\/hylajams.fi\/?s={search_term_string}"},"query-input":{"@type":"PropertyValueSpecification","valueRequired":true,"valueName":"search_term_string"}}],"inLanguage":"fi"},{"@type":"Organization","@id":"https:\/\/hylajams.fi\/#organization","name":"Hyla Jams Verkkokauppa","url":"https:\/\/hylajams.fi\/","logo":{"@type":"ImageObject","inLanguage":"fi","@id":"https:\/\/hylajams.fi\/#\/schema\/logo\/image\/","url":"https:\/\/hylajams.fi\/wp-content\/uploads\/2025\/02\/Logo-1-2.jpg","contentUrl":"https:\/\/hylajams.fi\/wp-content\/uploads\/2025\/02\/Logo-1-2.jpg","width":500,"height":500,"caption":"Hyla Jams Verkkokauppa"},"image":{"@id":"https:\/\/hylajams.fi\/#\/schema\/logo\/image\/"},"sameAs":["https:\/\/www.instagram.com\/hylasiivous\/"]}]}},"_links":{"self":[{"href":"https:\/\/hylajams.fi\/index.php?rest_route=\/wp\/v2\/product\/7352","targetHints":{"allow":["GET"]}}],"collection":[{"href":"https:\/\/hylajams.fi\/index.php?rest_route=\/wp\/v2\/product"}],"about":[{"href":"https:\/\/hylajams.fi\/index.php?rest_route=\/wp\/v2\/types\/product"}],"version-history":[{"count":6,"href":"https:\/\/hylajams.fi\/index.php?rest_route=\/wp\/v2\/product\/7352\/revisions"}],"predecessor-version":[{"id":13175,"href":"https:\/\/hylajams.fi\/index.php?rest_route=\/wp\/v2\/product\/7352\/revisions\/13175"}],"wp:featuredmedia":[{"embeddable":true,"href":"https:\/\/hylajams.fi\/index.php?rest_route=\/wp\/v2\/media\/7310"}],"wp:attachment":[{"href":"https:\/\/hylajams.fi\/index.php?rest_route=%2Fwp%2Fv2%2Fmedia&parent=7352"}],"wp:term":[{"taxonomy":"product_brand","embeddable":true,"href":"https:\/\/hylajams.fi\/index.php?rest_route=%2Fwp%2Fv2%2Fproduct_brand&post=7352"},{"taxonomy":"product_cat","embeddable":true,"href":"https:\/\/hylajams.fi\/index.php?rest_route=%2Fwp%2Fv2%2Fproduct_cat&post=7352"},{"taxonomy":"product_tag","embeddable":true,"href":"https:\/\/hylajams.fi\/index.php?rest_route=%2Fwp%2Fv2%2Fproduct_tag&post=7352"}],"curies":[{"name":"wp","href":"https:\/\/api.w.org\/{rel}","templated":true}]}}