{"id":6823,"date":"2024-01-22T12:14:03","date_gmt":"2024-01-22T10:14:03","guid":{"rendered":"https:\/\/hylajams.fi\/?post_type=product&#038;p=6823"},"modified":"2026-02-28T00:58:22","modified_gmt":"2026-02-27T22:58:22","slug":"nst-vesiastian-nuppi","status":"publish","type":"product","link":"https:\/\/hylajams.fi\/?product=nst-vesiastian-nuppi","title":{"rendered":"11106 Hyla NST vesiastian nuppi"},"content":{"rendered":"<p data-start=\"371\" data-end=\"552\">Hyla <strong>NST vesiastian nuppi<\/strong> on t\u00e4rke\u00e4 varaosa, joka varmistaa laitteen oikean toiminnan. Kovassa k\u00e4yt\u00f6ss\u00e4 nuppi voi kulua tai vaurioitua, jolloin Hyla ei en\u00e4\u00e4 k\u00e4ynnisty normaalisti tai k\u00e4ynnistyminen on vaihtelevaa.<\/p>\n<p data-start=\"554\" data-end=\"595\">Nupin vaihtaminen on nopeaa ja helppoa:<\/p>\n<ul>\n<li data-start=\"598\" data-end=\"631\">Irrota vanha nuppi vesiastiasta<\/li>\n<li data-start=\"634\" data-end=\"690\">Aseta uusi paikalleen ja kiinnit\u00e4 se ohjeen mukaisesti<\/li>\n<li data-start=\"693\" data-end=\"727\">Hyla NST on j\u00e4lleen k\u00e4ytt\u00f6valmis<\/li>\n<\/ul>\n<p data-start=\"729\" data-end=\"820\">\ud83d\udc49<strong> <a href=\"https:\/\/www.youtube.com\/watch?v=jCUM0gJ2L_I\">Katso ohjevideomme<\/a> <\/strong>nupin vaihtamisesta, niin n\u00e4et kuinka helposti toimenpide onnistuu.<\/p>\n<p data-start=\"822\" data-end=\"876\">T\u00e4m\u00e4 varaosa sopii vain <strong data-start=\"850\" data-end=\"873\">Hyla NST -malleihin<\/strong>.<\/p>\n<hr data-start=\"878\" data-end=\"881\" \/>\n<h2 data-start=\"883\" data-end=\"904\"><strong data-start=\"886\" data-end=\"902\">Ominaisuudet<\/strong><\/h2>\n<ul>\n<li data-start=\"907\" data-end=\"940\">Sopii vain Hyla NST vesiastiaan<\/li>\n<li data-start=\"943\" data-end=\"973\">Helppo ja nopea vaihtaa itse<\/li>\n<li data-start=\"976\" data-end=\"1016\">Palauttaa laitteen normaalin toiminnan<\/li>\n<li data-start=\"1019\" data-end=\"1046\">Lis\u00e4\u00e4 laitteen k\u00e4ytt\u00f6ik\u00e4\u00e4<\/li>\n<\/ul>\n<p><strong><a href=\"https:\/\/hylajams.fi\/?page_id=8371\">HYLA NST TUOTTEET<\/a><\/strong><\/p>\n<p><strong><a href=\"https:\/\/www.hyla.com\/products\/products\">HYLA INTERNATIONAL<\/a><\/strong><\/p>\n","protected":false},"excerpt":{"rendered":"<h5 class=\"wp-block-preformatted\"><strong>NST vesiastian nuppi<\/strong><\/p>\n<p><a href=\"https:\/\/hylajams.fi\/?page_id=6336\"><img fetchpriority=\"high\" decoding=\"async\" class=\"alignnone size-medium wp-image-6798\" src=\"https:\/\/hylajams.fi\/wp-content\/uploads\/2024\/01\/Vesiastian-nupin-vaihto-300x290.png\" alt=\"\" width=\"300\" height=\"290\" srcset=\"https:\/\/hylajams.fi\/wp-content\/uploads\/2024\/01\/Vesiastian-nupin-vaihto-300x290.png 300w, https:\/\/hylajams.fi\/wp-content\/uploads\/2024\/01\/Vesiastian-nupin-vaihto.png 557w\" sizes=\"(max-width: 300px) 100vw, 300px\" \/><\/a><\/h5>\n<h5 class=\"wp-block-preformatted\">Hyla NST:n vesiastian nuppi saattaa kovassa k\u00e4yt\u00f6ss\u00e4 kulua ja voi est\u00e4\u00e4 Hylan k\u00e4ynnistymisen.<\/h5>\n","protected":false},"featured_media":6824,"template":"","meta":[],"product_brand":[],"product_cat":[775,847],"product_tag":[1131,1792,1895,1897,1817,1896],"class_list":{"0":"post-6823","1":"product","2":"type-product","3":"status-publish","4":"has-post-thumbnail","6":"product_cat-hyla-nst","7":"product_cat-hyla-nst-varaosat","8":"product_tag-hyla-lisavaruste","9":"product_tag-hyla-nst-lisaosa","10":"product_tag-hyla-nst-vesiastian-nuppi","11":"product_tag-hyla-vesiastia","12":"product_tag-imurin-osa","13":"product_tag-vesiastian-nuppi","14":"product_shipping_class-matkahuolto-xxs-3-x-25-x-40-cm","15":"_wholesalex wsx-wholesalex-product","17":"first","18":"instock","19":"featured","20":"shipping-taxable","21":"purchasable","22":"product-type-simple"},"yoast_head":"<!-- This site is optimized with the Yoast SEO plugin v27.3 - https:\/\/yoast.com\/product\/yoast-seo-wordpress\/ -->\n<title>NST vesiastian nuppi - Vaihda Hyla NST nuppi itse.<\/title>\n<meta name=\"description\" content=\"NST vesiastian nuppi - Vaihda Hyla NST:n vesiastian nuppi, jos Hyla ei k\u00e4ynnisty oikein. Vika saattaa olla t\u00e4ss\u00e4. Vaihdat sen itse helposti ohjeen mukaan.\" \/>\n<meta name=\"robots\" content=\"index, follow, max-snippet:-1, max-image-preview:large, max-video-preview:-1\" \/>\n<link rel=\"canonical\" href=\"https:\/\/hylajams.fi\/?product=nst-vesiastian-nuppi\" \/>\n<meta property=\"og:locale\" content=\"fi_FI\" \/>\n<meta property=\"og:type\" content=\"article\" \/>\n<meta property=\"og:title\" content=\"NST vesiastian nuppi - Vaihda Hyla NST nuppi itse.\" \/>\n<meta property=\"og:description\" content=\"NST vesiastian nuppi - Vaihda Hyla NST:n vesiastian nuppi, jos Hyla ei k\u00e4ynnisty oikein. Vika saattaa olla t\u00e4ss\u00e4. Vaihdat sen itse helposti ohjeen mukaan.\" \/>\n<meta property=\"og:url\" content=\"https:\/\/hylajams.fi\/?product=nst-vesiastian-nuppi\" \/>\n<meta property=\"og:site_name\" content=\"Hyla Jams Verkkokauppa\" \/>\n<meta property=\"article:modified_time\" content=\"2026-02-27T22:58:22+00:00\" \/>\n<meta property=\"og:image\" content=\"https:\/\/hylajams.fi\/wp-content\/uploads\/2024\/01\/11106-Vesiastian-nuppi.png\" \/>\n\t<meta property=\"og:image:width\" content=\"575\" \/>\n\t<meta property=\"og:image:height\" content=\"559\" \/>\n\t<meta property=\"og:image:type\" content=\"image\/png\" \/>\n<meta name=\"twitter:card\" content=\"summary_large_image\" \/>\n<meta name=\"twitter:label1\" content=\"Arvioitu lukuaika\" \/>\n\t<meta name=\"twitter:data1\" content=\"1 minuutti\" \/>\n<script type=\"application\/ld+json\" class=\"yoast-schema-graph\">{\"@context\":\"https:\\\/\\\/schema.org\",\"@graph\":[{\"@type\":\"WebPage\",\"@id\":\"https:\\\/\\\/hylajams.fi\\\/?product=nst-vesiastian-nuppi\",\"url\":\"https:\\\/\\\/hylajams.fi\\\/?product=nst-vesiastian-nuppi\",\"name\":\"NST vesiastian nuppi - Vaihda Hyla NST nuppi itse.\",\"isPartOf\":{\"@id\":\"https:\\\/\\\/hylajams.fi\\\/#website\"},\"primaryImageOfPage\":{\"@id\":\"https:\\\/\\\/hylajams.fi\\\/?product=nst-vesiastian-nuppi#primaryimage\"},\"image\":{\"@id\":\"https:\\\/\\\/hylajams.fi\\\/?product=nst-vesiastian-nuppi#primaryimage\"},\"thumbnailUrl\":\"https:\\\/\\\/hylajams.fi\\\/wp-content\\\/uploads\\\/2024\\\/01\\\/11106-Vesiastian-nuppi.png\",\"datePublished\":\"2024-01-22T10:14:03+00:00\",\"dateModified\":\"2026-02-27T22:58:22+00:00\",\"description\":\"NST vesiastian nuppi - Vaihda Hyla NST:n vesiastian nuppi, jos Hyla ei k\u00e4ynnisty oikein. Vika saattaa olla t\u00e4ss\u00e4. Vaihdat sen itse helposti ohjeen mukaan.\",\"breadcrumb\":{\"@id\":\"https:\\\/\\\/hylajams.fi\\\/?product=nst-vesiastian-nuppi#breadcrumb\"},\"inLanguage\":\"fi\",\"potentialAction\":[{\"@type\":\"ReadAction\",\"target\":[\"https:\\\/\\\/hylajams.fi\\\/?product=nst-vesiastian-nuppi\"]}]},{\"@type\":\"ImageObject\",\"inLanguage\":\"fi\",\"@id\":\"https:\\\/\\\/hylajams.fi\\\/?product=nst-vesiastian-nuppi#primaryimage\",\"url\":\"https:\\\/\\\/hylajams.fi\\\/wp-content\\\/uploads\\\/2024\\\/01\\\/11106-Vesiastian-nuppi.png\",\"contentUrl\":\"https:\\\/\\\/hylajams.fi\\\/wp-content\\\/uploads\\\/2024\\\/01\\\/11106-Vesiastian-nuppi.png\",\"width\":575,\"height\":559,\"caption\":\"NST vesiastian nuppi\"},{\"@type\":\"BreadcrumbList\",\"@id\":\"https:\\\/\\\/hylajams.fi\\\/?product=nst-vesiastian-nuppi#breadcrumb\",\"itemListElement\":[{\"@type\":\"ListItem\",\"position\":1,\"name\":\"Etusivu\",\"item\":\"https:\\\/\\\/hylajams.fi\\\/\"},{\"@type\":\"ListItem\",\"position\":2,\"name\":\"VERKKOKAUPPA\",\"item\":\"https:\\\/\\\/hylajams.fi\\\/?page_id=9\"},{\"@type\":\"ListItem\",\"position\":3,\"name\":\"11106 Hyla NST vesiastian nuppi\"}]},{\"@type\":\"WebSite\",\"@id\":\"https:\\\/\\\/hylajams.fi\\\/#website\",\"url\":\"https:\\\/\\\/hylajams.fi\\\/\",\"name\":\"Hyla Jams Verkkokauppa\",\"description\":\"Hyla ilman- ja huoneen puhdistusj\u00e4rjestelm\u00e4 Suomessa\",\"publisher\":{\"@id\":\"https:\\\/\\\/hylajams.fi\\\/#organization\"},\"potentialAction\":[{\"@type\":\"SearchAction\",\"target\":{\"@type\":\"EntryPoint\",\"urlTemplate\":\"https:\\\/\\\/hylajams.fi\\\/?s={search_term_string}\"},\"query-input\":{\"@type\":\"PropertyValueSpecification\",\"valueRequired\":true,\"valueName\":\"search_term_string\"}}],\"inLanguage\":\"fi\"},{\"@type\":\"Organization\",\"@id\":\"https:\\\/\\\/hylajams.fi\\\/#organization\",\"name\":\"Hyla Jams Verkkokauppa\",\"url\":\"https:\\\/\\\/hylajams.fi\\\/\",\"logo\":{\"@type\":\"ImageObject\",\"inLanguage\":\"fi\",\"@id\":\"https:\\\/\\\/hylajams.fi\\\/#\\\/schema\\\/logo\\\/image\\\/\",\"url\":\"https:\\\/\\\/hylajams.fi\\\/wp-content\\\/uploads\\\/2025\\\/02\\\/Logo-1-2.jpg\",\"contentUrl\":\"https:\\\/\\\/hylajams.fi\\\/wp-content\\\/uploads\\\/2025\\\/02\\\/Logo-1-2.jpg\",\"width\":500,\"height\":500,\"caption\":\"Hyla Jams Verkkokauppa\"},\"image\":{\"@id\":\"https:\\\/\\\/hylajams.fi\\\/#\\\/schema\\\/logo\\\/image\\\/\"},\"sameAs\":[\"https:\\\/\\\/www.instagram.com\\\/hylasiivous\\\/\"]}]}<\/script>\n<!-- \/ Yoast SEO plugin. -->","yoast_head_json":{"title":"NST vesiastian nuppi - Vaihda Hyla NST nuppi itse.","description":"NST vesiastian nuppi - Vaihda Hyla NST:n vesiastian nuppi, jos Hyla ei k\u00e4ynnisty oikein. Vika saattaa olla t\u00e4ss\u00e4. Vaihdat sen itse helposti ohjeen mukaan.","robots":{"index":"index","follow":"follow","max-snippet":"max-snippet:-1","max-image-preview":"max-image-preview:large","max-video-preview":"max-video-preview:-1"},"canonical":"https:\/\/hylajams.fi\/?product=nst-vesiastian-nuppi","og_locale":"fi_FI","og_type":"article","og_title":"NST vesiastian nuppi - Vaihda Hyla NST nuppi itse.","og_description":"NST vesiastian nuppi - Vaihda Hyla NST:n vesiastian nuppi, jos Hyla ei k\u00e4ynnisty oikein. Vika saattaa olla t\u00e4ss\u00e4. Vaihdat sen itse helposti ohjeen mukaan.","og_url":"https:\/\/hylajams.fi\/?product=nst-vesiastian-nuppi","og_site_name":"Hyla Jams Verkkokauppa","article_modified_time":"2026-02-27T22:58:22+00:00","og_image":[{"width":575,"height":559,"url":"https:\/\/hylajams.fi\/wp-content\/uploads\/2024\/01\/11106-Vesiastian-nuppi.png","type":"image\/png"}],"twitter_card":"summary_large_image","twitter_misc":{"Arvioitu lukuaika":"1 minuutti"},"schema":{"@context":"https:\/\/schema.org","@graph":[{"@type":"WebPage","@id":"https:\/\/hylajams.fi\/?product=nst-vesiastian-nuppi","url":"https:\/\/hylajams.fi\/?product=nst-vesiastian-nuppi","name":"NST vesiastian nuppi - Vaihda Hyla NST nuppi itse.","isPartOf":{"@id":"https:\/\/hylajams.fi\/#website"},"primaryImageOfPage":{"@id":"https:\/\/hylajams.fi\/?product=nst-vesiastian-nuppi#primaryimage"},"image":{"@id":"https:\/\/hylajams.fi\/?product=nst-vesiastian-nuppi#primaryimage"},"thumbnailUrl":"https:\/\/hylajams.fi\/wp-content\/uploads\/2024\/01\/11106-Vesiastian-nuppi.png","datePublished":"2024-01-22T10:14:03+00:00","dateModified":"2026-02-27T22:58:22+00:00","description":"NST vesiastian nuppi - Vaihda Hyla NST:n vesiastian nuppi, jos Hyla ei k\u00e4ynnisty oikein. Vika saattaa olla t\u00e4ss\u00e4. Vaihdat sen itse helposti ohjeen mukaan.","breadcrumb":{"@id":"https:\/\/hylajams.fi\/?product=nst-vesiastian-nuppi#breadcrumb"},"inLanguage":"fi","potentialAction":[{"@type":"ReadAction","target":["https:\/\/hylajams.fi\/?product=nst-vesiastian-nuppi"]}]},{"@type":"ImageObject","inLanguage":"fi","@id":"https:\/\/hylajams.fi\/?product=nst-vesiastian-nuppi#primaryimage","url":"https:\/\/hylajams.fi\/wp-content\/uploads\/2024\/01\/11106-Vesiastian-nuppi.png","contentUrl":"https:\/\/hylajams.fi\/wp-content\/uploads\/2024\/01\/11106-Vesiastian-nuppi.png","width":575,"height":559,"caption":"NST vesiastian nuppi"},{"@type":"BreadcrumbList","@id":"https:\/\/hylajams.fi\/?product=nst-vesiastian-nuppi#breadcrumb","itemListElement":[{"@type":"ListItem","position":1,"name":"Etusivu","item":"https:\/\/hylajams.fi\/"},{"@type":"ListItem","position":2,"name":"VERKKOKAUPPA","item":"https:\/\/hylajams.fi\/?page_id=9"},{"@type":"ListItem","position":3,"name":"11106 Hyla NST vesiastian nuppi"}]},{"@type":"WebSite","@id":"https:\/\/hylajams.fi\/#website","url":"https:\/\/hylajams.fi\/","name":"Hyla Jams Verkkokauppa","description":"Hyla ilman- ja huoneen puhdistusj\u00e4rjestelm\u00e4 Suomessa","publisher":{"@id":"https:\/\/hylajams.fi\/#organization"},"potentialAction":[{"@type":"SearchAction","target":{"@type":"EntryPoint","urlTemplate":"https:\/\/hylajams.fi\/?s={search_term_string}"},"query-input":{"@type":"PropertyValueSpecification","valueRequired":true,"valueName":"search_term_string"}}],"inLanguage":"fi"},{"@type":"Organization","@id":"https:\/\/hylajams.fi\/#organization","name":"Hyla Jams Verkkokauppa","url":"https:\/\/hylajams.fi\/","logo":{"@type":"ImageObject","inLanguage":"fi","@id":"https:\/\/hylajams.fi\/#\/schema\/logo\/image\/","url":"https:\/\/hylajams.fi\/wp-content\/uploads\/2025\/02\/Logo-1-2.jpg","contentUrl":"https:\/\/hylajams.fi\/wp-content\/uploads\/2025\/02\/Logo-1-2.jpg","width":500,"height":500,"caption":"Hyla Jams Verkkokauppa"},"image":{"@id":"https:\/\/hylajams.fi\/#\/schema\/logo\/image\/"},"sameAs":["https:\/\/www.instagram.com\/hylasiivous\/"]}]}},"_links":{"self":[{"href":"https:\/\/hylajams.fi\/index.php?rest_route=\/wp\/v2\/product\/6823","targetHints":{"allow":["GET"]}}],"collection":[{"href":"https:\/\/hylajams.fi\/index.php?rest_route=\/wp\/v2\/product"}],"about":[{"href":"https:\/\/hylajams.fi\/index.php?rest_route=\/wp\/v2\/types\/product"}],"version-history":[{"count":5,"href":"https:\/\/hylajams.fi\/index.php?rest_route=\/wp\/v2\/product\/6823\/revisions"}],"predecessor-version":[{"id":13198,"href":"https:\/\/hylajams.fi\/index.php?rest_route=\/wp\/v2\/product\/6823\/revisions\/13198"}],"wp:featuredmedia":[{"embeddable":true,"href":"https:\/\/hylajams.fi\/index.php?rest_route=\/wp\/v2\/media\/6824"}],"wp:attachment":[{"href":"https:\/\/hylajams.fi\/index.php?rest_route=%2Fwp%2Fv2%2Fmedia&parent=6823"}],"wp:term":[{"taxonomy":"product_brand","embeddable":true,"href":"https:\/\/hylajams.fi\/index.php?rest_route=%2Fwp%2Fv2%2Fproduct_brand&post=6823"},{"taxonomy":"product_cat","embeddable":true,"href":"https:\/\/hylajams.fi\/index.php?rest_route=%2Fwp%2Fv2%2Fproduct_cat&post=6823"},{"taxonomy":"product_tag","embeddable":true,"href":"https:\/\/hylajams.fi\/index.php?rest_route=%2Fwp%2Fv2%2Fproduct_tag&post=6823"}],"curies":[{"name":"wp","href":"https:\/\/api.w.org\/{rel}","templated":true}]}}