{"id":6662,"date":"2024-01-06T21:16:09","date_gmt":"2024-01-06T19:16:09","guid":{"rendered":"https:\/\/hylajams.fi\/?post_type=product&#038;p=6662"},"modified":"2026-02-27T19:48:13","modified_gmt":"2026-02-27T17:48:13","slug":"hyla-puhallussuutin","status":"publish","type":"product","link":"https:\/\/hylajams.fi\/?product=hyla-puhallussuutin","title":{"rendered":"46022 Hyla Puhallussuutin"},"content":{"rendered":"<p data-start=\"1846\" data-end=\"1985\">Hyla puhallussuutin tekee arjen siivouksesta entist\u00e4 monipuolisempaa ja tuo lis\u00e4k\u00e4ytt\u00f6mahdollisuuksia kodin ja muiden tilojen yll\u00e4pitoon. Se on suunniteltu sek\u00e4 <strong data-start=\"917\" data-end=\"950\">puhallukseen ett\u00e4 imurointiin<\/strong><\/p>\n<p>Hyla EST:n uusimmassa varustepaketissa mukana tuleva pelkk\u00e4 puhallussuutin ilman joustavaa putkea, sopii saumattomasti my\u00f6s Hyla GST- ja Hyla NST -malleihin. On hyv\u00e4 huomioida, ett\u00e4 <strong><span style=\"color: #339966;\">joustava putki<\/span> <\/strong>ei sis\u00e4lly t\u00e4m\u00e4n tuotteen hintaan, mutta sen voi hankkia erikseen <span style=\"color: #339966;\"><strong><a style=\"color: #339966;\" href=\"https:\/\/hylajams.fi\/?product=46024-puhallusputki-putki-ja-sovitin\">T\u00c4\u00c4LT\u00c4.<\/a><\/strong><\/span><\/p>\n<p>Puhallussuutin &#8211; osoittaa k\u00e4tevyytens\u00e4 ilmarenkaiden, ilmapallojen, ilmapatjojen ja muiden puhallettavien lelujen ja tarvikkeiden t\u00e4ytt\u00e4misess\u00e4. My\u00f6s esim. veden suihkuttaminen m\u00e4rk\u00e4pesurin avulla onnistuu. Suutin mahdollistaa sek\u00e4 Hylalla imemisen, ett\u00e4 puhaltamisen letkun tai putken avulla.<\/p>\n<p>Suosittelemme hankkimaan suuttimelle erillisen 54 cm pituisen taipuisan muoviputken pitempien kohteiden k\u00e4sittelyyn tai tutustumaan koko settiin (tuote 46024), joka sis\u00e4lt\u00e4\u00e4 t\u00e4m\u00e4n muoviputken. Muoviputki on valmistettu joustavasta, taipuvasta materiaalista, mik\u00e4 helpottaa puhdistusta monenlaisissa ahtaissa ja hankalissa paikoissa, kuten patterien v\u00e4leiss\u00e4, tulisijan-, j\u00e4\u00e4kaapin- ja mikrouunin takaa, pesukoneen pieniss\u00e4 tiloissa, auton moottoritilassa, pianon koskettimissa ja muissa vastaavissa vaikeasti tavoitettavissa kohteissa.<\/p>\n<p data-start=\"1846\" data-end=\"1985\">K\u00e4ytt\u00f6kohde esimerkit:<\/p>\n<ul>\n<li data-start=\"1174\" data-end=\"1264\"><strong data-start=\"1174\" data-end=\"1200\">Puhallettavat tuotteet<\/strong> \u2013 t\u00e4yt\u00e4 helposti ilmarenkaat, ilmapallot, ilmapatjat ja lelut<\/li>\n<li data-start=\"1267\" data-end=\"1320\"><strong data-start=\"1267\" data-end=\"1282\">M\u00e4rk\u00e4pesuri<\/strong> \u2013 veden suihkuttaminen, imeminen ja ohjaaminen tarkasti kohteeseen.<\/li>\n<li data-start=\"1323\" data-end=\"1414\"><strong data-start=\"1323\" data-end=\"1336\">Puhdistus<\/strong> \u2013 irrota p\u00f6ly ja roskat vaikeap\u00e4\u00e4syisist\u00e4 kohdista putken tai letkun avulla<\/li>\n<\/ul>\n<p><strong><a href=\"https:\/\/hylajams.fi\/?page_id=7252\">HYLA EST TUOTTEET<\/a><\/strong><\/p>\n<p><strong><a href=\"https:\/\/hylajams.fi\/?page_id=8366\">HYLA GST TUOTTEET<\/a><\/strong><\/p>\n<p><strong><a href=\"https:\/\/hylajams.fi\/?page_id=8371\">HYLA NST TUOTTEET<\/a><\/strong><\/p>\n<p><strong><a href=\"https:\/\/www.hyla.com\/products\/products\">HYLA INTERNATIONAL<\/a><\/strong><\/p>\n","protected":false},"excerpt":{"rendered":"<p><strong>Hyla puhallussuutin<\/strong> kuuluu EST-mallin vakiovarusteisiin ja sopii my\u00f6s GST- ja NST-j\u00e4rjestelmiin. Sopii puhallettavien tuotteiden t\u00e4ytt\u00f6\u00f6n, ahtaiden kohteiden puhdistukseen ja veden suihkuttamiseen m\u00e4rk\u00e4pesurin avulla.<\/p>\n","protected":false},"featured_media":6608,"template":"","meta":[],"product_brand":[],"product_cat":[890,952,914,946,773,774,775,290,940,942],"product_tag":[1131,1261,1624],"class_list":{"0":"post-6662","1":"product","2":"type-product","3":"status-publish","4":"has-post-thumbnail","6":"product_cat-hyla-est-letkut-ja-putket","7":"product_cat-est-lisatarvikkeet","8":"product_cat-hyla-gst-letkut-ja-putket","9":"product_cat-hyla-gst-lisatarvikkeet","10":"product_cat-hyla-est","11":"product_cat-hyla-gst","12":"product_cat-hyla-nst","13":"product_cat-hylan-lisatarvikkeet","14":"product_cat-hyla-nst-letkut-ja-putket","15":"product_cat-hyla-nst-lisatarvikkeet","16":"product_tag-hyla-lisavaruste","17":"product_tag-hyla-puhallussuutin","18":"product_tag-puhallussuutin","19":"product_shipping_class-posti-s-paketti-11x32x3-cm-35-kg","20":"_wholesalex wsx-wholesalex-product","22":"first","23":"instock","24":"featured","25":"shipping-taxable","26":"purchasable","27":"product-type-simple"},"yoast_head":"<!-- This site is optimized with the Yoast SEO plugin v27.3 - https:\/\/yoast.com\/product\/yoast-seo-wordpress\/ -->\n<title>Hyla puhallussuutin<\/title>\n<meta name=\"description\" content=\"Hyla puhallussuutin - mahdollistaa tarkan ja voimakkaan ilmavirran puhaltamiseen tai imemiseen sek\u00e4 erilaisten puhallettavien tuotteiden t\u00e4ytt\u00e4miseen.\" \/>\n<meta name=\"robots\" content=\"index, follow, max-snippet:-1, max-image-preview:large, max-video-preview:-1\" \/>\n<link rel=\"canonical\" href=\"https:\/\/hylajams.fi\/?product=hyla-puhallussuutin\" \/>\n<meta property=\"og:locale\" content=\"fi_FI\" \/>\n<meta property=\"og:type\" content=\"article\" \/>\n<meta property=\"og:title\" content=\"Hyla puhallussuutin\" \/>\n<meta property=\"og:description\" content=\"Hyla puhallussuutin - mahdollistaa tarkan ja voimakkaan ilmavirran puhaltamiseen tai imemiseen sek\u00e4 erilaisten puhallettavien tuotteiden t\u00e4ytt\u00e4miseen.\" \/>\n<meta property=\"og:url\" content=\"https:\/\/hylajams.fi\/?product=hyla-puhallussuutin\" \/>\n<meta property=\"og:site_name\" content=\"Hyla Jams Verkkokauppa\" \/>\n<meta property=\"article:modified_time\" content=\"2026-02-27T17:48:13+00:00\" \/>\n<meta property=\"og:image\" content=\"https:\/\/hylajams.fi\/wp-content\/uploads\/2024\/01\/46022-Puhallus-suutin-EST.png\" \/>\n\t<meta property=\"og:image:width\" content=\"547\" \/>\n\t<meta property=\"og:image:height\" content=\"543\" \/>\n\t<meta property=\"og:image:type\" content=\"image\/png\" \/>\n<meta name=\"twitter:card\" content=\"summary_large_image\" \/>\n<meta name=\"twitter:label1\" content=\"Arvioitu lukuaika\" \/>\n\t<meta name=\"twitter:data1\" content=\"2 minuuttia\" \/>\n<script type=\"application\/ld+json\" class=\"yoast-schema-graph\">{\"@context\":\"https:\\\/\\\/schema.org\",\"@graph\":[{\"@type\":\"WebPage\",\"@id\":\"https:\\\/\\\/hylajams.fi\\\/?product=hyla-puhallussuutin\",\"url\":\"https:\\\/\\\/hylajams.fi\\\/?product=hyla-puhallussuutin\",\"name\":\"Hyla puhallussuutin\",\"isPartOf\":{\"@id\":\"https:\\\/\\\/hylajams.fi\\\/#website\"},\"primaryImageOfPage\":{\"@id\":\"https:\\\/\\\/hylajams.fi\\\/?product=hyla-puhallussuutin#primaryimage\"},\"image\":{\"@id\":\"https:\\\/\\\/hylajams.fi\\\/?product=hyla-puhallussuutin#primaryimage\"},\"thumbnailUrl\":\"https:\\\/\\\/hylajams.fi\\\/wp-content\\\/uploads\\\/2024\\\/01\\\/46022-Puhallus-suutin-EST.png\",\"datePublished\":\"2024-01-06T19:16:09+00:00\",\"dateModified\":\"2026-02-27T17:48:13+00:00\",\"description\":\"Hyla puhallussuutin - mahdollistaa tarkan ja voimakkaan ilmavirran puhaltamiseen tai imemiseen sek\u00e4 erilaisten puhallettavien tuotteiden t\u00e4ytt\u00e4miseen.\",\"breadcrumb\":{\"@id\":\"https:\\\/\\\/hylajams.fi\\\/?product=hyla-puhallussuutin#breadcrumb\"},\"inLanguage\":\"fi\",\"potentialAction\":[{\"@type\":\"ReadAction\",\"target\":[\"https:\\\/\\\/hylajams.fi\\\/?product=hyla-puhallussuutin\"]}]},{\"@type\":\"ImageObject\",\"inLanguage\":\"fi\",\"@id\":\"https:\\\/\\\/hylajams.fi\\\/?product=hyla-puhallussuutin#primaryimage\",\"url\":\"https:\\\/\\\/hylajams.fi\\\/wp-content\\\/uploads\\\/2024\\\/01\\\/46022-Puhallus-suutin-EST.png\",\"contentUrl\":\"https:\\\/\\\/hylajams.fi\\\/wp-content\\\/uploads\\\/2024\\\/01\\\/46022-Puhallus-suutin-EST.png\",\"width\":547,\"height\":543,\"caption\":\"Puhallussuutin\"},{\"@type\":\"BreadcrumbList\",\"@id\":\"https:\\\/\\\/hylajams.fi\\\/?product=hyla-puhallussuutin#breadcrumb\",\"itemListElement\":[{\"@type\":\"ListItem\",\"position\":1,\"name\":\"Etusivu\",\"item\":\"https:\\\/\\\/hylajams.fi\\\/\"},{\"@type\":\"ListItem\",\"position\":2,\"name\":\"VERKKOKAUPPA\",\"item\":\"https:\\\/\\\/hylajams.fi\\\/?page_id=9\"},{\"@type\":\"ListItem\",\"position\":3,\"name\":\"46022 Hyla Puhallussuutin\"}]},{\"@type\":\"WebSite\",\"@id\":\"https:\\\/\\\/hylajams.fi\\\/#website\",\"url\":\"https:\\\/\\\/hylajams.fi\\\/\",\"name\":\"Hyla Jams Verkkokauppa\",\"description\":\"Hyla ilman- ja huoneen puhdistusj\u00e4rjestelm\u00e4 Suomessa\",\"publisher\":{\"@id\":\"https:\\\/\\\/hylajams.fi\\\/#organization\"},\"potentialAction\":[{\"@type\":\"SearchAction\",\"target\":{\"@type\":\"EntryPoint\",\"urlTemplate\":\"https:\\\/\\\/hylajams.fi\\\/?s={search_term_string}\"},\"query-input\":{\"@type\":\"PropertyValueSpecification\",\"valueRequired\":true,\"valueName\":\"search_term_string\"}}],\"inLanguage\":\"fi\"},{\"@type\":\"Organization\",\"@id\":\"https:\\\/\\\/hylajams.fi\\\/#organization\",\"name\":\"Hyla Jams Verkkokauppa\",\"url\":\"https:\\\/\\\/hylajams.fi\\\/\",\"logo\":{\"@type\":\"ImageObject\",\"inLanguage\":\"fi\",\"@id\":\"https:\\\/\\\/hylajams.fi\\\/#\\\/schema\\\/logo\\\/image\\\/\",\"url\":\"https:\\\/\\\/hylajams.fi\\\/wp-content\\\/uploads\\\/2025\\\/02\\\/Logo-1-2.jpg\",\"contentUrl\":\"https:\\\/\\\/hylajams.fi\\\/wp-content\\\/uploads\\\/2025\\\/02\\\/Logo-1-2.jpg\",\"width\":500,\"height\":500,\"caption\":\"Hyla Jams Verkkokauppa\"},\"image\":{\"@id\":\"https:\\\/\\\/hylajams.fi\\\/#\\\/schema\\\/logo\\\/image\\\/\"},\"sameAs\":[\"https:\\\/\\\/www.instagram.com\\\/hylasiivous\\\/\"]}]}<\/script>\n<!-- \/ Yoast SEO plugin. -->","yoast_head_json":{"title":"Hyla puhallussuutin","description":"Hyla puhallussuutin - mahdollistaa tarkan ja voimakkaan ilmavirran puhaltamiseen tai imemiseen sek\u00e4 erilaisten puhallettavien tuotteiden t\u00e4ytt\u00e4miseen.","robots":{"index":"index","follow":"follow","max-snippet":"max-snippet:-1","max-image-preview":"max-image-preview:large","max-video-preview":"max-video-preview:-1"},"canonical":"https:\/\/hylajams.fi\/?product=hyla-puhallussuutin","og_locale":"fi_FI","og_type":"article","og_title":"Hyla puhallussuutin","og_description":"Hyla puhallussuutin - mahdollistaa tarkan ja voimakkaan ilmavirran puhaltamiseen tai imemiseen sek\u00e4 erilaisten puhallettavien tuotteiden t\u00e4ytt\u00e4miseen.","og_url":"https:\/\/hylajams.fi\/?product=hyla-puhallussuutin","og_site_name":"Hyla Jams Verkkokauppa","article_modified_time":"2026-02-27T17:48:13+00:00","og_image":[{"width":547,"height":543,"url":"https:\/\/hylajams.fi\/wp-content\/uploads\/2024\/01\/46022-Puhallus-suutin-EST.png","type":"image\/png"}],"twitter_card":"summary_large_image","twitter_misc":{"Arvioitu lukuaika":"2 minuuttia"},"schema":{"@context":"https:\/\/schema.org","@graph":[{"@type":"WebPage","@id":"https:\/\/hylajams.fi\/?product=hyla-puhallussuutin","url":"https:\/\/hylajams.fi\/?product=hyla-puhallussuutin","name":"Hyla puhallussuutin","isPartOf":{"@id":"https:\/\/hylajams.fi\/#website"},"primaryImageOfPage":{"@id":"https:\/\/hylajams.fi\/?product=hyla-puhallussuutin#primaryimage"},"image":{"@id":"https:\/\/hylajams.fi\/?product=hyla-puhallussuutin#primaryimage"},"thumbnailUrl":"https:\/\/hylajams.fi\/wp-content\/uploads\/2024\/01\/46022-Puhallus-suutin-EST.png","datePublished":"2024-01-06T19:16:09+00:00","dateModified":"2026-02-27T17:48:13+00:00","description":"Hyla puhallussuutin - mahdollistaa tarkan ja voimakkaan ilmavirran puhaltamiseen tai imemiseen sek\u00e4 erilaisten puhallettavien tuotteiden t\u00e4ytt\u00e4miseen.","breadcrumb":{"@id":"https:\/\/hylajams.fi\/?product=hyla-puhallussuutin#breadcrumb"},"inLanguage":"fi","potentialAction":[{"@type":"ReadAction","target":["https:\/\/hylajams.fi\/?product=hyla-puhallussuutin"]}]},{"@type":"ImageObject","inLanguage":"fi","@id":"https:\/\/hylajams.fi\/?product=hyla-puhallussuutin#primaryimage","url":"https:\/\/hylajams.fi\/wp-content\/uploads\/2024\/01\/46022-Puhallus-suutin-EST.png","contentUrl":"https:\/\/hylajams.fi\/wp-content\/uploads\/2024\/01\/46022-Puhallus-suutin-EST.png","width":547,"height":543,"caption":"Puhallussuutin"},{"@type":"BreadcrumbList","@id":"https:\/\/hylajams.fi\/?product=hyla-puhallussuutin#breadcrumb","itemListElement":[{"@type":"ListItem","position":1,"name":"Etusivu","item":"https:\/\/hylajams.fi\/"},{"@type":"ListItem","position":2,"name":"VERKKOKAUPPA","item":"https:\/\/hylajams.fi\/?page_id=9"},{"@type":"ListItem","position":3,"name":"46022 Hyla Puhallussuutin"}]},{"@type":"WebSite","@id":"https:\/\/hylajams.fi\/#website","url":"https:\/\/hylajams.fi\/","name":"Hyla Jams Verkkokauppa","description":"Hyla ilman- ja huoneen puhdistusj\u00e4rjestelm\u00e4 Suomessa","publisher":{"@id":"https:\/\/hylajams.fi\/#organization"},"potentialAction":[{"@type":"SearchAction","target":{"@type":"EntryPoint","urlTemplate":"https:\/\/hylajams.fi\/?s={search_term_string}"},"query-input":{"@type":"PropertyValueSpecification","valueRequired":true,"valueName":"search_term_string"}}],"inLanguage":"fi"},{"@type":"Organization","@id":"https:\/\/hylajams.fi\/#organization","name":"Hyla Jams Verkkokauppa","url":"https:\/\/hylajams.fi\/","logo":{"@type":"ImageObject","inLanguage":"fi","@id":"https:\/\/hylajams.fi\/#\/schema\/logo\/image\/","url":"https:\/\/hylajams.fi\/wp-content\/uploads\/2025\/02\/Logo-1-2.jpg","contentUrl":"https:\/\/hylajams.fi\/wp-content\/uploads\/2025\/02\/Logo-1-2.jpg","width":500,"height":500,"caption":"Hyla Jams Verkkokauppa"},"image":{"@id":"https:\/\/hylajams.fi\/#\/schema\/logo\/image\/"},"sameAs":["https:\/\/www.instagram.com\/hylasiivous\/"]}]}},"_links":{"self":[{"href":"https:\/\/hylajams.fi\/index.php?rest_route=\/wp\/v2\/product\/6662","targetHints":{"allow":["GET"]}}],"collection":[{"href":"https:\/\/hylajams.fi\/index.php?rest_route=\/wp\/v2\/product"}],"about":[{"href":"https:\/\/hylajams.fi\/index.php?rest_route=\/wp\/v2\/types\/product"}],"version-history":[{"count":7,"href":"https:\/\/hylajams.fi\/index.php?rest_route=\/wp\/v2\/product\/6662\/revisions"}],"predecessor-version":[{"id":13148,"href":"https:\/\/hylajams.fi\/index.php?rest_route=\/wp\/v2\/product\/6662\/revisions\/13148"}],"wp:featuredmedia":[{"embeddable":true,"href":"https:\/\/hylajams.fi\/index.php?rest_route=\/wp\/v2\/media\/6608"}],"wp:attachment":[{"href":"https:\/\/hylajams.fi\/index.php?rest_route=%2Fwp%2Fv2%2Fmedia&parent=6662"}],"wp:term":[{"taxonomy":"product_brand","embeddable":true,"href":"https:\/\/hylajams.fi\/index.php?rest_route=%2Fwp%2Fv2%2Fproduct_brand&post=6662"},{"taxonomy":"product_cat","embeddable":true,"href":"https:\/\/hylajams.fi\/index.php?rest_route=%2Fwp%2Fv2%2Fproduct_cat&post=6662"},{"taxonomy":"product_tag","embeddable":true,"href":"https:\/\/hylajams.fi\/index.php?rest_route=%2Fwp%2Fv2%2Fproduct_tag&post=6662"}],"curies":[{"name":"wp","href":"https:\/\/api.w.org\/{rel}","templated":true}]}}