{"id":6653,"date":"2024-01-06T20:06:48","date_gmt":"2024-01-06T18:06:48","guid":{"rendered":"https:\/\/hylajams.fi\/?post_type=product&#038;p=6653"},"modified":"2026-02-28T00:20:12","modified_gmt":"2026-02-27T22:20:12","slug":"hyla-est-sahkomoottoriharja-setti","status":"publish","type":"product","link":"https:\/\/hylajams.fi\/?product=hyla-est-sahkomoottoriharja-setti","title":{"rendered":"44302 EST S\u00e4hk\u00f6moottoriharja (Ventus) setti"},"content":{"rendered":"<p>Sopii vain Hyla EST -malliin.<\/p>\n<p><strong>Hyla EST S\u00e4hk\u00f6moottoriharja setti kokonaisuus (VENTUS)<\/strong><\/p>\n<p>T\u00e4m\u00e4 kattava <strong>Hyla EST S\u00e4hk\u00f6moottoriharja setti<\/strong> kokonaisuus, nimelt\u00e4\u00e4n VENTUS, tarjoaa k\u00e4ytt\u00e4j\u00e4lle tehokkaan ja monipuolisen ty\u00f6kalun puhdistusteht\u00e4viin. Settiin kuuluu useita olennaisia osia, jotka yhdess\u00e4 muodostavat t\u00e4ydellisen kokonaisuuden. S\u00e4hk\u00f6moottoriharjaa ei ole tarkoitettu k\u00e4ytett\u00e4v\u00e4n veden kanssa, johon tarkoitukseen on muut ty\u00f6v\u00e4lineet.<\/p>\n<p><strong>Hylan S\u00e4hk\u00f6moottoriharjan k\u00e4ytt\u00f6 ja turvallisuus<\/strong><\/p>\n<ul>\n<li>Pys\u00e4k\u00f6intiasento: Kun teleskooppiputki on pystyasennossa, harja pys\u00e4htyy automaattisesti ja pysyy pystyss\u00e4. T\u00e4m\u00e4 mahdollistaa huonekalujen siirt\u00e4misen siivouksen tielt\u00e4.<\/li>\n<li>K\u00e4ynnistys: Paina jalalla vasemmalla puolella olevaa poljinta ja samalla siirr\u00e4 teleskooppiputkea taaksep\u00e4in, jolloin harja k\u00e4ynnistyy uudelleen. Hyla ei t\u00e4n\u00e4 aikana sammu, vaan puhdistaa ilmaa jatkuvasti.<\/li>\n<li>LED-valo: Harjan etuosassa on LED-valo, joka valaisee harjan edess\u00e4 olevan pinnan, helpottaen roskien, p\u00f6lyn ja lian havaitsemista my\u00f6s pimeiss\u00e4 tiloissa.<\/li>\n<li>Tehokas harjasosa: Harjan suurikokoinen harjasosa varmistaa lian tehokkaan poistamisen.<\/li>\n<li>Jos jokin pehme\u00e4 esine, kuten maton reuna tai kankaan pala, tarttuu harjan harjaksiin tai telaan, harja pys\u00e4htyy automaattisesti. Poista tukkeuma harjasta, paina vasemmalla puolella olevaa poljinta, ja siirr\u00e4 teleskooppivartta taaksep\u00e4in. T\u00e4m\u00e4n j\u00e4lkeen harja k\u00e4ynnistyy uudelleen.<\/li>\n<li>Suosittelemme hankkimaan harjaan kiinnitett\u00e4v\u00e4n\u00a0<a href=\"https:\/\/hylajams.fi\/?product=46910-patjan-sovitin-tampparin-harjaan\"><strong>imeytymisen est\u00e4j\u00e4n<\/strong><\/a>, joka est\u00e4\u00e4 kevytmattojen, maton nurkkien ja reunojen tarttumista voimakkaasti imev\u00e4\u00e4n harjaan.<\/li>\n<li>Teho: 150 W<\/li>\n<\/ul>\n<figure id=\"attachment_3798\" aria-describedby=\"caption-attachment-3798\" style=\"width: 191px\" class=\"wp-caption alignnone\"><a href=\"https:\/\/hylajams.fi\/?p=3494\"><img decoding=\"async\" class=\" wp-image-3798\" src=\"https:\/\/hylajams.fi\/wp-content\/uploads\/2022\/01\/46910__patjan-sovitin3-300x225.jpg\" alt=\"S\u00e4hk\u00f6moottoriharjaan sijoitettava imeytymisen est\u00e4j\u00e4\" width=\"191\" height=\"143\" srcset=\"https:\/\/hylajams.fi\/wp-content\/uploads\/2022\/01\/46910__patjan-sovitin3-300x225.jpg 300w, https:\/\/hylajams.fi\/wp-content\/uploads\/2022\/01\/46910__patjan-sovitin3-1024x768.jpg 1024w, https:\/\/hylajams.fi\/wp-content\/uploads\/2022\/01\/46910__patjan-sovitin3-768x576.jpg 768w, https:\/\/hylajams.fi\/wp-content\/uploads\/2022\/01\/46910__patjan-sovitin3-1536x1152.jpg 1536w, https:\/\/hylajams.fi\/wp-content\/uploads\/2022\/01\/46910__patjan-sovitin3-2048x1536.jpg 2048w, https:\/\/hylajams.fi\/wp-content\/uploads\/2022\/01\/46910__patjan-sovitin3-600x450.jpg 600w\" sizes=\"(max-width: 191px) 100vw, 191px\" \/><\/a><figcaption id=\"caption-attachment-3798\" class=\"wp-caption-text\">46910 Imeytymisen est\u00e4j\u00e4 s\u00e4hk\u00f6moottoriharjaan<\/figcaption><\/figure>\n<p><strong>Settiin kuuluu:\u00a0<\/strong>s\u00e4hk\u00f6moottoriharja, putket 2 kpl, s\u00e4hk\u00f6moottoriletku ja kaukos\u00e4\u00e4din.<\/p>\n<h4>K\u00e4yt\u00e4nn\u00f6lliset ominaisuudet<\/h4>\n<p><strong><a href=\"https:\/\/hylajams.fi\/?product=34110-kaukosaadin-est-ja-gst-kevat\">Kaukos\u00e4\u00e4din:<\/a><\/strong><\/p>\n<figure id=\"attachment_2990\" aria-describedby=\"caption-attachment-2990\" style=\"width: 141px\" class=\"wp-caption alignnone\"><a href=\"https:\/\/hylajams.fi\/?product=34110-kaukosaadin-est-ja-gst-kevat\"><img decoding=\"async\" class=\" wp-image-2990\" src=\"https:\/\/hylajams.fi\/wp-content\/uploads\/2021\/10\/34110-GST-kaukosaadin2-200x300.jpg\" alt=\"kaukos\u00e4\u00e4din putken kaariosassa\" width=\"141\" height=\"212\" srcset=\"https:\/\/hylajams.fi\/wp-content\/uploads\/2021\/10\/34110-GST-kaukosaadin2-200x300.jpg 200w, https:\/\/hylajams.fi\/wp-content\/uploads\/2021\/10\/34110-GST-kaukosaadin2.jpg 300w\" sizes=\"(max-width: 141px) 100vw, 141px\" \/><\/a><figcaption id=\"caption-attachment-2990\" class=\"wp-caption-text\">Kaukos\u00e4\u00e4din varren pidikkeess\u00e4<\/figcaption><\/figure>\n<p>HYLA EST- ja GST-s\u00e4hk\u00f6moottoriharja settiin kuuluu varressa kiinni oleva k\u00e4tev\u00e4 kaukos\u00e4\u00e4din, joka helpottaa k\u00e4ytt\u00f6\u00e4 esimerkiksi siivotessa tai keskeytyksen aikana. Kompaktin kokoinen ohjain kulkee mukana vaivattomasti ja tuo lis\u00e4\u00e4 mukavuutta jokap\u00e4iv\u00e4iseen siivoukseen.<\/p>\n<p><a href=\"https:\/\/hylajams.fi\/?product=hyla-est-sahkomoottoriharja\"><strong>S\u00e4hk\u00f6moottoriharja:<\/strong><\/a><\/p>\n<figure id=\"attachment_8065\" aria-describedby=\"caption-attachment-8065\" style=\"width: 218px\" class=\"wp-caption alignnone\"><a href=\"https:\/\/hylajams.fi\/?product=hyla-est-sahkomoottoriharja\"><img decoding=\"async\" class=\"wp-image-8065\" src=\"https:\/\/hylajams.fi\/wp-content\/uploads\/2024\/08\/46320-Hyla-EST-sahkomoottoriharja-taydellinen-300x300.jpg\" alt=\"S\u00e4hk\u00f6moottorin harja EST\" width=\"218\" height=\"218\" srcset=\"https:\/\/hylajams.fi\/wp-content\/uploads\/2024\/08\/46320-Hyla-EST-sahkomoottoriharja-taydellinen-300x300.jpg 300w, https:\/\/hylajams.fi\/wp-content\/uploads\/2024\/08\/46320-Hyla-EST-sahkomoottoriharja-taydellinen-150x150.jpg 150w, https:\/\/hylajams.fi\/wp-content\/uploads\/2024\/08\/46320-Hyla-EST-sahkomoottoriharja-taydellinen-600x600.jpg 600w, https:\/\/hylajams.fi\/wp-content\/uploads\/2024\/08\/46320-Hyla-EST-sahkomoottoriharja-taydellinen-100x100.jpg 100w, https:\/\/hylajams.fi\/wp-content\/uploads\/2024\/08\/46320-Hyla-EST-sahkomoottoriharja-taydellinen.jpg 617w\" sizes=\"(max-width: 218px) 100vw, 218px\" \/><\/a><figcaption id=\"caption-attachment-8065\" class=\"wp-caption-text\">Suulakkeet ja harjat<\/figcaption><\/figure>\n<p>S\u00e4hk\u00f6moottoriharja on ratkaisu tehokkaaseen ja hell\u00e4varaiseen mattojen, vuoteiden, sohvien sek\u00e4 muiden erilaisten pintojen, my\u00f6s lattiapintojen puhtaanapitoon. Sen avulla puhdistat syv\u00e4lt\u00e4 tekstiilien ja mattojen kuiduista ep\u00e4puhtaudet ilman pintojen vahingoittamista. T\u00e4m\u00e4 mahdollistaa puhtaanapidon ilman tarvetta kantaa raskaita mattoja ja patjoja ulkoilmaan tai parvekkeelle tai siirrell\u00e4 huonekaluja.<\/p>\n<p><strong><a href=\"https:\/\/hylajams.fi\/?product=hyla-est-sahkomoottoriharjan-letku\">S\u00e4hk\u00f6moottoriharjan letku:<\/a>\u00a0<\/strong><\/p>\n<figure id=\"attachment_11055\" aria-describedby=\"caption-attachment-11055\" style=\"width: 234px\" class=\"wp-caption alignnone\"><a href=\"https:\/\/hylajams.fi\/?product=hyla-est-sahkomoottoriharjan-letku\"><img loading=\"lazy\" decoding=\"async\" class=\" wp-image-11055\" src=\"https:\/\/hylajams.fi\/wp-content\/uploads\/2021\/07\/34002-Hyla-GST-sahkomoottoriharjan-letku-300x169.jpg\" alt=\"Hyla GST s\u00e4hk\u00f6moottoriharjan letku\" width=\"234\" height=\"132\" srcset=\"https:\/\/hylajams.fi\/wp-content\/uploads\/2021\/07\/34002-Hyla-GST-sahkomoottoriharjan-letku-300x169.jpg 300w, https:\/\/hylajams.fi\/wp-content\/uploads\/2021\/07\/34002-Hyla-GST-sahkomoottoriharjan-letku-768x432.jpg 768w, https:\/\/hylajams.fi\/wp-content\/uploads\/2021\/07\/34002-Hyla-GST-sahkomoottoriharjan-letku-600x338.jpg 600w, https:\/\/hylajams.fi\/wp-content\/uploads\/2021\/07\/34002-Hyla-GST-sahkomoottoriharjan-letku.jpg 960w\" sizes=\"(max-width: 234px) 100vw, 234px\" \/><\/a><figcaption id=\"caption-attachment-11055\" class=\"wp-caption-text\">Hyla GST s\u00e4hk\u00f6moottoriharjan letku<\/figcaption><\/figure>\n<p>S\u00e4hk\u00f6moottoriharjan letku on valmistettu taipuisasta, murtumattomasta ja joustavasta ter\u00e4snailonista, joka kest\u00e4\u00e4 vuodesta toiseen. (1,8m). Letkun sis\u00e4\u00e4n on integroitu letkun ja s\u00e4hk\u00f6moottoriharjan yhteydet, jolloin ulkopuolisia johtoja ei tarvita. T\u00e4m\u00e4 mahdollistaa huomaamattoman ja turvallisen k\u00e4yt\u00f6n.<\/p>\n<p><a href=\"https:\/\/hylajams.fi\/?product=44400-est-sahkomoottorin-harjan-easy-click-putki-1-kpl-ventus-kevat\"><strong>Helppo kiinnitys varret 2 kpl:<\/strong><\/a><\/p>\n<figure id=\"attachment_6597\" aria-describedby=\"caption-attachment-6597\" style=\"width: 225px\" class=\"wp-caption alignnone\"><a href=\"https:\/\/hylajams.fi\/?product=44400-est-sahkomoottorin-harjan-easy-click-putki-1-kpl-ventus-kevat\"><img loading=\"lazy\" decoding=\"async\" class=\" wp-image-6597\" src=\"https:\/\/hylajams.fi\/wp-content\/uploads\/2024\/01\/44400-EST-Sahkomoottorin-harjan-Easy-Click-putki-Ventus-2-kpl-300x300.png\" alt=\"S\u00e4hk\u00f6moottoriharjan putket 2 kpl\" width=\"225\" height=\"225\" srcset=\"https:\/\/hylajams.fi\/wp-content\/uploads\/2024\/01\/44400-EST-Sahkomoottorin-harjan-Easy-Click-putki-Ventus-2-kpl-300x300.png 300w, https:\/\/hylajams.fi\/wp-content\/uploads\/2024\/01\/44400-EST-Sahkomoottorin-harjan-Easy-Click-putki-Ventus-2-kpl-150x150.png 150w, https:\/\/hylajams.fi\/wp-content\/uploads\/2024\/01\/44400-EST-Sahkomoottorin-harjan-Easy-Click-putki-Ventus-2-kpl-100x100.png 100w, https:\/\/hylajams.fi\/wp-content\/uploads\/2024\/01\/44400-EST-Sahkomoottorin-harjan-Easy-Click-putki-Ventus-2-kpl.png 563w\" sizes=\"(max-width: 225px) 100vw, 225px\" \/><\/a><figcaption id=\"caption-attachment-6597\" class=\"wp-caption-text\">S\u00e4hk\u00f6moottoriharjan putket 2 kpl<\/figcaption><\/figure>\n<p>S\u00e4hk\u00f6moottoriharjan integroidut varret antavat turvallisen ty\u00f6skentelyn ilman n\u00e4kyvi\u00e4 johteita. Varret voidaan liitt\u00e4\u00e4 ja irrottaa erilleen turvallisesti ty\u00f6skentely tilanteessa, ja niit\u00e4 voidaan liitt\u00e4\u00e4 per\u00e4kk\u00e4in useitakin ilman toimintojen tehon laskemista. Kevyiden varsien avulla ty\u00f6skentelyn voi s\u00e4\u00e4t\u00e4\u00e4 oman mukavuuden mukaiseksi, ja jotka helpottavat korkeiden tai pitk\u00e4lle kurotettujen paikkojen tavoittamista. Varret on valmistettu eritt\u00e4in kest\u00e4v\u00e4st\u00e4 muovimateriaalista, joka kest\u00e4\u00e4 vuodesta vuoteen.<\/p>\n<p><strong>T\u00e4m\u00e4 VENTUS setti tarjoaa kokonaisvaltaisen ratkaisun puhdistustarpeisiisi HYLA EST -mallin kanssa. Se on suunniteltu helpottamaan ja tehostamaan erilaisia puhdistusteht\u00e4vi\u00e4 kodissasi ja ty\u00f6paikoilla.<\/strong><\/p>\n<h5><a href=\"https:\/\/hylajams.fi\/?page_id=7252\"><strong>EST TUOTTEET<\/strong><\/a><\/h5>\n<h5><strong><a href=\"https:\/\/www.hyla.com\/products\/products\"><span dir=\"auto\"><span dir=\"auto\" style=\"vertical-align: inherit;\"><span dir=\"auto\" style=\"vertical-align: inherit;\">HYLA INTERNATIONAL<\/span><\/span><\/span><\/a><\/strong><\/h5>\n","protected":false},"excerpt":{"rendered":"<p>HYLA EST S\u00e4hk\u00f6moottoriharja (VENTUS) \u2013 t\u00e4ydellinen setti syv\u00e4puhdistukseen.<\/p>\n<p>Sopii vain HYLA EST -malliin. Mukana s\u00e4hk\u00f6moottoriharja, 2 putkea, s\u00e4hk\u00f6moottoriletku ja kaukos\u00e4\u00e4din.\u00a0Tehokas 150 W moottori, LED-valo ja automaattiset turvatoiminnot varmistavat helpon ja turvallisen k\u00e4yt\u00f6n.<\/p>\n","protected":false},"featured_media":7172,"template":"","meta":[],"product_brand":[],"product_cat":[952,773],"product_tag":[1654,1779,1627,1782,1754,1781,1780],"class_list":{"0":"post-6653","1":"product","2":"type-product","3":"status-publish","4":"has-post-thumbnail","6":"product_cat-est-lisatarvikkeet","7":"product_cat-hyla-est","8":"product_tag-est-lisavaruste","9":"product_tag-est-sahkomoottoriharja-ventus","10":"product_tag-hyla-est-sahkomoottoriharja","11":"product_tag-hyla-est-setti","12":"product_tag-hyla-lisaosa","13":"product_tag-sahkomoottoriharja-est","14":"product_tag-ventus-harja-setti","15":"product_shipping_class-posti-m-paketti-19x36x60-cm-35-kg","16":"_wholesalex wsx-wholesalex-product","18":"first","19":"instock","20":"featured","21":"shipping-taxable","22":"purchasable","23":"product-type-simple"},"yoast_head":"<!-- This site is optimized with the Yoast SEO plugin v27.3 - https:\/\/yoast.com\/product\/yoast-seo-wordpress\/ -->\n<title>Hyla EST S\u00e4hk\u00f6moottoriharja setti - Tekee vuoteesta raikkaan.<\/title>\n<meta name=\"description\" content=\"Hyla EST S\u00e4hk\u00f6moottoriharja setti - on suunniteltu helpottamaan ja tehostamaan erilaisia puhdistusteht\u00e4vi\u00e4 kodissasi ja ty\u00f6paikoilla.\" \/>\n<meta name=\"robots\" content=\"index, follow, max-snippet:-1, max-image-preview:large, max-video-preview:-1\" \/>\n<link rel=\"canonical\" href=\"https:\/\/hylajams.fi\/?product=hyla-est-sahkomoottoriharja-setti\" \/>\n<meta property=\"og:locale\" content=\"fi_FI\" \/>\n<meta property=\"og:type\" content=\"article\" \/>\n<meta property=\"og:title\" content=\"Hyla EST S\u00e4hk\u00f6moottoriharja setti - Tekee vuoteesta raikkaan.\" \/>\n<meta property=\"og:description\" content=\"Hyla EST S\u00e4hk\u00f6moottoriharja setti - on suunniteltu helpottamaan ja tehostamaan erilaisia puhdistusteht\u00e4vi\u00e4 kodissasi ja ty\u00f6paikoilla.\" \/>\n<meta property=\"og:url\" content=\"https:\/\/hylajams.fi\/?product=hyla-est-sahkomoottoriharja-setti\" \/>\n<meta property=\"og:site_name\" content=\"Hyla Jams Verkkokauppa\" \/>\n<meta property=\"article:modified_time\" content=\"2026-02-27T22:20:12+00:00\" \/>\n<meta property=\"og:image\" content=\"https:\/\/hylajams.fi\/wp-content\/uploads\/2024\/02\/40200-Kampanja2.png\" \/>\n\t<meta property=\"og:image:width\" content=\"595\" \/>\n\t<meta property=\"og:image:height\" content=\"594\" \/>\n\t<meta property=\"og:image:type\" content=\"image\/png\" \/>\n<meta name=\"twitter:card\" content=\"summary_large_image\" \/>\n<meta name=\"twitter:label1\" content=\"Arvioitu lukuaika\" \/>\n\t<meta name=\"twitter:data1\" content=\"4 minuuttia\" \/>\n<script type=\"application\/ld+json\" class=\"yoast-schema-graph\">{\"@context\":\"https:\\\/\\\/schema.org\",\"@graph\":[{\"@type\":\"WebPage\",\"@id\":\"https:\\\/\\\/hylajams.fi\\\/?product=hyla-est-sahkomoottoriharja-setti\",\"url\":\"https:\\\/\\\/hylajams.fi\\\/?product=hyla-est-sahkomoottoriharja-setti\",\"name\":\"Hyla EST S\u00e4hk\u00f6moottoriharja setti - Tekee vuoteesta raikkaan.\",\"isPartOf\":{\"@id\":\"https:\\\/\\\/hylajams.fi\\\/#website\"},\"primaryImageOfPage\":{\"@id\":\"https:\\\/\\\/hylajams.fi\\\/?product=hyla-est-sahkomoottoriharja-setti#primaryimage\"},\"image\":{\"@id\":\"https:\\\/\\\/hylajams.fi\\\/?product=hyla-est-sahkomoottoriharja-setti#primaryimage\"},\"thumbnailUrl\":\"https:\\\/\\\/hylajams.fi\\\/wp-content\\\/uploads\\\/2024\\\/02\\\/40200-Kampanja2.png\",\"datePublished\":\"2024-01-06T18:06:48+00:00\",\"dateModified\":\"2026-02-27T22:20:12+00:00\",\"description\":\"Hyla EST S\u00e4hk\u00f6moottoriharja setti - on suunniteltu helpottamaan ja tehostamaan erilaisia puhdistusteht\u00e4vi\u00e4 kodissasi ja ty\u00f6paikoilla.\",\"breadcrumb\":{\"@id\":\"https:\\\/\\\/hylajams.fi\\\/?product=hyla-est-sahkomoottoriharja-setti#breadcrumb\"},\"inLanguage\":\"fi\",\"potentialAction\":[{\"@type\":\"ReadAction\",\"target\":[\"https:\\\/\\\/hylajams.fi\\\/?product=hyla-est-sahkomoottoriharja-setti\"]}]},{\"@type\":\"ImageObject\",\"inLanguage\":\"fi\",\"@id\":\"https:\\\/\\\/hylajams.fi\\\/?product=hyla-est-sahkomoottoriharja-setti#primaryimage\",\"url\":\"https:\\\/\\\/hylajams.fi\\\/wp-content\\\/uploads\\\/2024\\\/02\\\/40200-Kampanja2.png\",\"contentUrl\":\"https:\\\/\\\/hylajams.fi\\\/wp-content\\\/uploads\\\/2024\\\/02\\\/40200-Kampanja2.png\",\"width\":595,\"height\":594,\"caption\":\"EST S\u00e4hk\u00f6moottoriharja\"},{\"@type\":\"BreadcrumbList\",\"@id\":\"https:\\\/\\\/hylajams.fi\\\/?product=hyla-est-sahkomoottoriharja-setti#breadcrumb\",\"itemListElement\":[{\"@type\":\"ListItem\",\"position\":1,\"name\":\"Etusivu\",\"item\":\"https:\\\/\\\/hylajams.fi\\\/\"},{\"@type\":\"ListItem\",\"position\":2,\"name\":\"VERKKOKAUPPA\",\"item\":\"https:\\\/\\\/hylajams.fi\\\/?page_id=9\"},{\"@type\":\"ListItem\",\"position\":3,\"name\":\"44302 EST S\u00e4hk\u00f6moottoriharja (Ventus) setti\"}]},{\"@type\":\"WebSite\",\"@id\":\"https:\\\/\\\/hylajams.fi\\\/#website\",\"url\":\"https:\\\/\\\/hylajams.fi\\\/\",\"name\":\"Hyla Jams Verkkokauppa\",\"description\":\"Hyla ilman- ja huoneen puhdistusj\u00e4rjestelm\u00e4 Suomessa\",\"publisher\":{\"@id\":\"https:\\\/\\\/hylajams.fi\\\/#organization\"},\"potentialAction\":[{\"@type\":\"SearchAction\",\"target\":{\"@type\":\"EntryPoint\",\"urlTemplate\":\"https:\\\/\\\/hylajams.fi\\\/?s={search_term_string}\"},\"query-input\":{\"@type\":\"PropertyValueSpecification\",\"valueRequired\":true,\"valueName\":\"search_term_string\"}}],\"inLanguage\":\"fi\"},{\"@type\":\"Organization\",\"@id\":\"https:\\\/\\\/hylajams.fi\\\/#organization\",\"name\":\"Hyla Jams Verkkokauppa\",\"url\":\"https:\\\/\\\/hylajams.fi\\\/\",\"logo\":{\"@type\":\"ImageObject\",\"inLanguage\":\"fi\",\"@id\":\"https:\\\/\\\/hylajams.fi\\\/#\\\/schema\\\/logo\\\/image\\\/\",\"url\":\"https:\\\/\\\/hylajams.fi\\\/wp-content\\\/uploads\\\/2025\\\/02\\\/Logo-1-2.jpg\",\"contentUrl\":\"https:\\\/\\\/hylajams.fi\\\/wp-content\\\/uploads\\\/2025\\\/02\\\/Logo-1-2.jpg\",\"width\":500,\"height\":500,\"caption\":\"Hyla Jams Verkkokauppa\"},\"image\":{\"@id\":\"https:\\\/\\\/hylajams.fi\\\/#\\\/schema\\\/logo\\\/image\\\/\"},\"sameAs\":[\"https:\\\/\\\/www.instagram.com\\\/hylasiivous\\\/\"]}]}<\/script>\n<!-- \/ Yoast SEO plugin. -->","yoast_head_json":{"title":"Hyla EST S\u00e4hk\u00f6moottoriharja setti - Tekee vuoteesta raikkaan.","description":"Hyla EST S\u00e4hk\u00f6moottoriharja setti - on suunniteltu helpottamaan ja tehostamaan erilaisia puhdistusteht\u00e4vi\u00e4 kodissasi ja ty\u00f6paikoilla.","robots":{"index":"index","follow":"follow","max-snippet":"max-snippet:-1","max-image-preview":"max-image-preview:large","max-video-preview":"max-video-preview:-1"},"canonical":"https:\/\/hylajams.fi\/?product=hyla-est-sahkomoottoriharja-setti","og_locale":"fi_FI","og_type":"article","og_title":"Hyla EST S\u00e4hk\u00f6moottoriharja setti - Tekee vuoteesta raikkaan.","og_description":"Hyla EST S\u00e4hk\u00f6moottoriharja setti - on suunniteltu helpottamaan ja tehostamaan erilaisia puhdistusteht\u00e4vi\u00e4 kodissasi ja ty\u00f6paikoilla.","og_url":"https:\/\/hylajams.fi\/?product=hyla-est-sahkomoottoriharja-setti","og_site_name":"Hyla Jams Verkkokauppa","article_modified_time":"2026-02-27T22:20:12+00:00","og_image":[{"width":595,"height":594,"url":"https:\/\/hylajams.fi\/wp-content\/uploads\/2024\/02\/40200-Kampanja2.png","type":"image\/png"}],"twitter_card":"summary_large_image","twitter_misc":{"Arvioitu lukuaika":"4 minuuttia"},"schema":{"@context":"https:\/\/schema.org","@graph":[{"@type":"WebPage","@id":"https:\/\/hylajams.fi\/?product=hyla-est-sahkomoottoriharja-setti","url":"https:\/\/hylajams.fi\/?product=hyla-est-sahkomoottoriharja-setti","name":"Hyla EST S\u00e4hk\u00f6moottoriharja setti - Tekee vuoteesta raikkaan.","isPartOf":{"@id":"https:\/\/hylajams.fi\/#website"},"primaryImageOfPage":{"@id":"https:\/\/hylajams.fi\/?product=hyla-est-sahkomoottoriharja-setti#primaryimage"},"image":{"@id":"https:\/\/hylajams.fi\/?product=hyla-est-sahkomoottoriharja-setti#primaryimage"},"thumbnailUrl":"https:\/\/hylajams.fi\/wp-content\/uploads\/2024\/02\/40200-Kampanja2.png","datePublished":"2024-01-06T18:06:48+00:00","dateModified":"2026-02-27T22:20:12+00:00","description":"Hyla EST S\u00e4hk\u00f6moottoriharja setti - on suunniteltu helpottamaan ja tehostamaan erilaisia puhdistusteht\u00e4vi\u00e4 kodissasi ja ty\u00f6paikoilla.","breadcrumb":{"@id":"https:\/\/hylajams.fi\/?product=hyla-est-sahkomoottoriharja-setti#breadcrumb"},"inLanguage":"fi","potentialAction":[{"@type":"ReadAction","target":["https:\/\/hylajams.fi\/?product=hyla-est-sahkomoottoriharja-setti"]}]},{"@type":"ImageObject","inLanguage":"fi","@id":"https:\/\/hylajams.fi\/?product=hyla-est-sahkomoottoriharja-setti#primaryimage","url":"https:\/\/hylajams.fi\/wp-content\/uploads\/2024\/02\/40200-Kampanja2.png","contentUrl":"https:\/\/hylajams.fi\/wp-content\/uploads\/2024\/02\/40200-Kampanja2.png","width":595,"height":594,"caption":"EST S\u00e4hk\u00f6moottoriharja"},{"@type":"BreadcrumbList","@id":"https:\/\/hylajams.fi\/?product=hyla-est-sahkomoottoriharja-setti#breadcrumb","itemListElement":[{"@type":"ListItem","position":1,"name":"Etusivu","item":"https:\/\/hylajams.fi\/"},{"@type":"ListItem","position":2,"name":"VERKKOKAUPPA","item":"https:\/\/hylajams.fi\/?page_id=9"},{"@type":"ListItem","position":3,"name":"44302 EST S\u00e4hk\u00f6moottoriharja (Ventus) setti"}]},{"@type":"WebSite","@id":"https:\/\/hylajams.fi\/#website","url":"https:\/\/hylajams.fi\/","name":"Hyla Jams Verkkokauppa","description":"Hyla ilman- ja huoneen puhdistusj\u00e4rjestelm\u00e4 Suomessa","publisher":{"@id":"https:\/\/hylajams.fi\/#organization"},"potentialAction":[{"@type":"SearchAction","target":{"@type":"EntryPoint","urlTemplate":"https:\/\/hylajams.fi\/?s={search_term_string}"},"query-input":{"@type":"PropertyValueSpecification","valueRequired":true,"valueName":"search_term_string"}}],"inLanguage":"fi"},{"@type":"Organization","@id":"https:\/\/hylajams.fi\/#organization","name":"Hyla Jams Verkkokauppa","url":"https:\/\/hylajams.fi\/","logo":{"@type":"ImageObject","inLanguage":"fi","@id":"https:\/\/hylajams.fi\/#\/schema\/logo\/image\/","url":"https:\/\/hylajams.fi\/wp-content\/uploads\/2025\/02\/Logo-1-2.jpg","contentUrl":"https:\/\/hylajams.fi\/wp-content\/uploads\/2025\/02\/Logo-1-2.jpg","width":500,"height":500,"caption":"Hyla Jams Verkkokauppa"},"image":{"@id":"https:\/\/hylajams.fi\/#\/schema\/logo\/image\/"},"sameAs":["https:\/\/www.instagram.com\/hylasiivous\/"]}]}},"_links":{"self":[{"href":"https:\/\/hylajams.fi\/index.php?rest_route=\/wp\/v2\/product\/6653","targetHints":{"allow":["GET"]}}],"collection":[{"href":"https:\/\/hylajams.fi\/index.php?rest_route=\/wp\/v2\/product"}],"about":[{"href":"https:\/\/hylajams.fi\/index.php?rest_route=\/wp\/v2\/types\/product"}],"version-history":[{"count":6,"href":"https:\/\/hylajams.fi\/index.php?rest_route=\/wp\/v2\/product\/6653\/revisions"}],"predecessor-version":[{"id":11173,"href":"https:\/\/hylajams.fi\/index.php?rest_route=\/wp\/v2\/product\/6653\/revisions\/11173"}],"wp:featuredmedia":[{"embeddable":true,"href":"https:\/\/hylajams.fi\/index.php?rest_route=\/wp\/v2\/media\/7172"}],"wp:attachment":[{"href":"https:\/\/hylajams.fi\/index.php?rest_route=%2Fwp%2Fv2%2Fmedia&parent=6653"}],"wp:term":[{"taxonomy":"product_brand","embeddable":true,"href":"https:\/\/hylajams.fi\/index.php?rest_route=%2Fwp%2Fv2%2Fproduct_brand&post=6653"},{"taxonomy":"product_cat","embeddable":true,"href":"https:\/\/hylajams.fi\/index.php?rest_route=%2Fwp%2Fv2%2Fproduct_cat&post=6653"},{"taxonomy":"product_tag","embeddable":true,"href":"https:\/\/hylajams.fi\/index.php?rest_route=%2Fwp%2Fv2%2Fproduct_tag&post=6653"}],"curies":[{"name":"wp","href":"https:\/\/api.w.org\/{rel}","templated":true}]}}