{"id":6648,"date":"2024-01-06T19:48:07","date_gmt":"2024-01-06T17:48:07","guid":{"rendered":"https:\/\/hylajams.fi\/?post_type=product&#038;p=6648"},"modified":"2026-03-15T14:20:19","modified_gmt":"2026-03-15T12:20:19","slug":"hyla-est-kuiva-varsi","status":"publish","type":"product","link":"https:\/\/hylajams.fi\/?product=hyla-est-kuiva-varsi","title":{"rendered":"44800 Hyla EST Kuiva putki vakio, (Easy Click standardi)"},"content":{"rendered":"<p data-start=\"421\" data-end=\"680\">Hyla EST kuiva varsi (44800) on vakiomittainen ja k\u00e4yt\u00e4nn\u00f6llinen osa, joka sis\u00e4ltyy EST-peruspakettiin. Se on suunniteltu toimimaan yhdess\u00e4 normaalien suulakkeiden ja harjojen kanssa, ja sen <strong data-start=\"612\" data-end=\"642\">Helppo kiinnitys -toiminto<\/strong> takaa nopean ja vaivattoman k\u00e4yt\u00f6n. Hyla EST kuiva varren tunnistaa <span style=\"color: #808080;\"><strong>hopean metallin v\u00e4risest\u00e4<\/strong><\/span> klipsist\u00e4.<\/p>\n<p data-start=\"682\" data-end=\"1046\">Hyla EST kuiva varsi, jonka liitt\u00e4minen ja irrottaminen onnistuu vaivatta napsautettavien liitosten ansiosta, mik\u00e4 lis\u00e4\u00e4 sek\u00e4 turvallisuutta ett\u00e4 k\u00e4ytt\u00f6mukavuutta. Putkia voi liitt\u00e4\u00e4 useampia per\u00e4kk\u00e4in, jolloin ulottuvuus kasvaa ja my\u00f6s korkeiden pintojen siivous helpottuu. Yksitt\u00e4isen\u00e4 putkena se toimii erinomaisesti, ja sen pituus tekee my\u00f6s sis\u00e4pintojen puhdistamisesta helppoa.<\/p>\n<p data-start=\"1048\" data-end=\"1390\"><strong data-start=\"1048\" data-end=\"1065\">Ominaisuudet:<\/strong><br data-start=\"1065\" data-end=\"1068\" \/>\ud83d\udfe2 Vakio\u00admittainen kuiva putki, sopii HYLA EST -malliin<br data-start=\"1123\" data-end=\"1126\" \/>\ud83d\udfe2 Helppo kiinnitys -toiminto nopeaan liitt\u00e4miseen ja irrottamiseen<br data-start=\"1193\" data-end=\"1196\" \/>\ud83d\udfe2 Yhteensopiva suulakkeiden ja harjojen kanssa<br data-start=\"1243\" data-end=\"1246\" \/>\ud83d\udfe2 Mahdollisuus liitt\u00e4\u00e4 useampia putkia per\u00e4kk\u00e4in paremman ulottuvuuden saavuttamiseksi<br data-start=\"1333\" data-end=\"1336\" \/>\ud83d\udfe2 Kevyt ja kest\u00e4v\u00e4, soveltuu s\u00e4\u00e4nn\u00f6lliseen k\u00e4ytt\u00f6\u00f6n<\/p>\n<p data-start=\"1048\" data-end=\"1390\">Jos klipsi riikkoontuu, hanki uusi klipsi <a href=\"https:\/\/hylajams.fi\/?product=musta-klipsisetti-hyla-est-perusputkeen\">t\u00e4\u00e4lt\u00e4:<\/a><\/p>\n<h5 data-start=\"4289\" data-end=\"4347\"><a href=\"https:\/\/hylajams.fi\/?page_id=7252\"><strong>HYLA EST TUOTTEET<\/strong><\/a><\/h5>\n<h5><strong><a href=\"https:\/\/www.hyla.com\/products\/products\"><span dir=\"auto\">HYLA INTERNATIONAL<\/span><\/a><\/strong><\/h5>\n","protected":false},"excerpt":{"rendered":"<p>Hyla EST kuiva putki Helppo kiinnitys -toiminnolla. Vakio\u00admittainen perusputki, joka kuuluu EST-peruspakettiin ja toimii suulakkeiden sek\u00e4 harjojen kanssa. Turvallinen, kevyt ja helppo k\u00e4ytt\u00e4\u00e4 jokap\u00e4iv\u00e4isess\u00e4 siivouksessa.<\/p>\n","protected":false},"featured_media":6601,"template":"","meta":[],"product_brand":[],"product_cat":[890,773],"product_tag":[24,1622,1623],"class_list":{"0":"post-6648","1":"product","2":"type-product","3":"status-publish","4":"has-post-thumbnail","6":"product_cat-hyla-est-letkut-ja-putket","7":"product_cat-hyla-est","8":"product_tag-hyla-est","9":"product_tag-hyla-est-kuiva-putki-vakio","10":"product_tag-lisavaruste","11":"product_shipping_class-posti-s-paketti-11x32x3-cm-35-kg","12":"_wholesalex wsx-wholesalex-product","14":"first","15":"instock","16":"featured","17":"shipping-taxable","18":"purchasable","19":"product-type-simple"},"yoast_head":"<!-- This site is optimized with the Yoast SEO plugin v27.3 - https:\/\/yoast.com\/product\/yoast-seo-wordpress\/ -->\n<title>Hyla EST kuiva varsi - Perusputki imurointiin<\/title>\n<meta name=\"description\" content=\"Hyla EST kuiva varsi - Vakio\u00admittainen kuiva putki, helpolla kiinnitysmekanismilla, Nopeaan liitt\u00e4miseen ja irrottamiseen.\" \/>\n<meta name=\"robots\" content=\"index, follow, max-snippet:-1, max-image-preview:large, max-video-preview:-1\" \/>\n<link rel=\"canonical\" href=\"https:\/\/hylajams.fi\/?product=hyla-est-kuiva-varsi\" \/>\n<meta property=\"og:locale\" content=\"fi_FI\" \/>\n<meta property=\"og:type\" content=\"article\" \/>\n<meta property=\"og:title\" content=\"Hyla EST kuiva varsi - Perusputki imurointiin\" \/>\n<meta property=\"og:description\" content=\"Hyla EST kuiva varsi - Vakio\u00admittainen kuiva putki, helpolla kiinnitysmekanismilla, Nopeaan liitt\u00e4miseen ja irrottamiseen.\" \/>\n<meta property=\"og:url\" content=\"https:\/\/hylajams.fi\/?product=hyla-est-kuiva-varsi\" \/>\n<meta property=\"og:site_name\" content=\"Hyla Jams Verkkokauppa\" \/>\n<meta property=\"article:modified_time\" content=\"2026-03-15T12:20:19+00:00\" \/>\n<meta property=\"og:image\" content=\"https:\/\/hylajams.fi\/wp-content\/uploads\/2024\/01\/44800-Kuiva-putki-vakio-1-kpl.png\" \/>\n\t<meta property=\"og:image:width\" content=\"529\" \/>\n\t<meta property=\"og:image:height\" content=\"532\" \/>\n\t<meta property=\"og:image:type\" content=\"image\/png\" \/>\n<meta name=\"twitter:card\" content=\"summary_large_image\" \/>\n<meta name=\"twitter:label1\" content=\"Arvioitu lukuaika\" \/>\n\t<meta name=\"twitter:data1\" content=\"2 minuuttia\" \/>\n<script type=\"application\/ld+json\" class=\"yoast-schema-graph\">{\"@context\":\"https:\\\/\\\/schema.org\",\"@graph\":[{\"@type\":\"WebPage\",\"@id\":\"https:\\\/\\\/hylajams.fi\\\/?product=hyla-est-kuiva-varsi\",\"url\":\"https:\\\/\\\/hylajams.fi\\\/?product=hyla-est-kuiva-varsi\",\"name\":\"Hyla EST kuiva varsi - Perusputki imurointiin\",\"isPartOf\":{\"@id\":\"https:\\\/\\\/hylajams.fi\\\/#website\"},\"primaryImageOfPage\":{\"@id\":\"https:\\\/\\\/hylajams.fi\\\/?product=hyla-est-kuiva-varsi#primaryimage\"},\"image\":{\"@id\":\"https:\\\/\\\/hylajams.fi\\\/?product=hyla-est-kuiva-varsi#primaryimage\"},\"thumbnailUrl\":\"https:\\\/\\\/hylajams.fi\\\/wp-content\\\/uploads\\\/2024\\\/01\\\/44800-Kuiva-putki-vakio-1-kpl.png\",\"datePublished\":\"2024-01-06T17:48:07+00:00\",\"dateModified\":\"2026-03-15T12:20:19+00:00\",\"description\":\"Hyla EST kuiva varsi - Vakio\u00admittainen kuiva putki, helpolla kiinnitysmekanismilla, Nopeaan liitt\u00e4miseen ja irrottamiseen.\",\"breadcrumb\":{\"@id\":\"https:\\\/\\\/hylajams.fi\\\/?product=hyla-est-kuiva-varsi#breadcrumb\"},\"inLanguage\":\"fi\",\"potentialAction\":[{\"@type\":\"ReadAction\",\"target\":[\"https:\\\/\\\/hylajams.fi\\\/?product=hyla-est-kuiva-varsi\"]}]},{\"@type\":\"ImageObject\",\"inLanguage\":\"fi\",\"@id\":\"https:\\\/\\\/hylajams.fi\\\/?product=hyla-est-kuiva-varsi#primaryimage\",\"url\":\"https:\\\/\\\/hylajams.fi\\\/wp-content\\\/uploads\\\/2024\\\/01\\\/44800-Kuiva-putki-vakio-1-kpl.png\",\"contentUrl\":\"https:\\\/\\\/hylajams.fi\\\/wp-content\\\/uploads\\\/2024\\\/01\\\/44800-Kuiva-putki-vakio-1-kpl.png\",\"width\":529,\"height\":532,\"caption\":\"Hyla EST kuiva varsi\"},{\"@type\":\"BreadcrumbList\",\"@id\":\"https:\\\/\\\/hylajams.fi\\\/?product=hyla-est-kuiva-varsi#breadcrumb\",\"itemListElement\":[{\"@type\":\"ListItem\",\"position\":1,\"name\":\"Etusivu\",\"item\":\"https:\\\/\\\/hylajams.fi\\\/\"},{\"@type\":\"ListItem\",\"position\":2,\"name\":\"VERKKOKAUPPA\",\"item\":\"https:\\\/\\\/hylajams.fi\\\/?page_id=9\"},{\"@type\":\"ListItem\",\"position\":3,\"name\":\"44800 Hyla EST Kuiva putki vakio, (Easy Click standardi)\"}]},{\"@type\":\"WebSite\",\"@id\":\"https:\\\/\\\/hylajams.fi\\\/#website\",\"url\":\"https:\\\/\\\/hylajams.fi\\\/\",\"name\":\"Hyla Jams Verkkokauppa\",\"description\":\"Hyla ilman- ja huoneen puhdistusj\u00e4rjestelm\u00e4 Suomessa\",\"publisher\":{\"@id\":\"https:\\\/\\\/hylajams.fi\\\/#organization\"},\"potentialAction\":[{\"@type\":\"SearchAction\",\"target\":{\"@type\":\"EntryPoint\",\"urlTemplate\":\"https:\\\/\\\/hylajams.fi\\\/?s={search_term_string}\"},\"query-input\":{\"@type\":\"PropertyValueSpecification\",\"valueRequired\":true,\"valueName\":\"search_term_string\"}}],\"inLanguage\":\"fi\"},{\"@type\":\"Organization\",\"@id\":\"https:\\\/\\\/hylajams.fi\\\/#organization\",\"name\":\"Hyla Jams Verkkokauppa\",\"url\":\"https:\\\/\\\/hylajams.fi\\\/\",\"logo\":{\"@type\":\"ImageObject\",\"inLanguage\":\"fi\",\"@id\":\"https:\\\/\\\/hylajams.fi\\\/#\\\/schema\\\/logo\\\/image\\\/\",\"url\":\"https:\\\/\\\/hylajams.fi\\\/wp-content\\\/uploads\\\/2025\\\/02\\\/Logo-1-2.jpg\",\"contentUrl\":\"https:\\\/\\\/hylajams.fi\\\/wp-content\\\/uploads\\\/2025\\\/02\\\/Logo-1-2.jpg\",\"width\":500,\"height\":500,\"caption\":\"Hyla Jams Verkkokauppa\"},\"image\":{\"@id\":\"https:\\\/\\\/hylajams.fi\\\/#\\\/schema\\\/logo\\\/image\\\/\"},\"sameAs\":[\"https:\\\/\\\/www.instagram.com\\\/hylasiivous\\\/\"]}]}<\/script>\n<!-- \/ Yoast SEO plugin. -->","yoast_head_json":{"title":"Hyla EST kuiva varsi - Perusputki imurointiin","description":"Hyla EST kuiva varsi - Vakio\u00admittainen kuiva putki, helpolla kiinnitysmekanismilla, Nopeaan liitt\u00e4miseen ja irrottamiseen.","robots":{"index":"index","follow":"follow","max-snippet":"max-snippet:-1","max-image-preview":"max-image-preview:large","max-video-preview":"max-video-preview:-1"},"canonical":"https:\/\/hylajams.fi\/?product=hyla-est-kuiva-varsi","og_locale":"fi_FI","og_type":"article","og_title":"Hyla EST kuiva varsi - Perusputki imurointiin","og_description":"Hyla EST kuiva varsi - Vakio\u00admittainen kuiva putki, helpolla kiinnitysmekanismilla, Nopeaan liitt\u00e4miseen ja irrottamiseen.","og_url":"https:\/\/hylajams.fi\/?product=hyla-est-kuiva-varsi","og_site_name":"Hyla Jams Verkkokauppa","article_modified_time":"2026-03-15T12:20:19+00:00","og_image":[{"width":529,"height":532,"url":"https:\/\/hylajams.fi\/wp-content\/uploads\/2024\/01\/44800-Kuiva-putki-vakio-1-kpl.png","type":"image\/png"}],"twitter_card":"summary_large_image","twitter_misc":{"Arvioitu lukuaika":"2 minuuttia"},"schema":{"@context":"https:\/\/schema.org","@graph":[{"@type":"WebPage","@id":"https:\/\/hylajams.fi\/?product=hyla-est-kuiva-varsi","url":"https:\/\/hylajams.fi\/?product=hyla-est-kuiva-varsi","name":"Hyla EST kuiva varsi - Perusputki imurointiin","isPartOf":{"@id":"https:\/\/hylajams.fi\/#website"},"primaryImageOfPage":{"@id":"https:\/\/hylajams.fi\/?product=hyla-est-kuiva-varsi#primaryimage"},"image":{"@id":"https:\/\/hylajams.fi\/?product=hyla-est-kuiva-varsi#primaryimage"},"thumbnailUrl":"https:\/\/hylajams.fi\/wp-content\/uploads\/2024\/01\/44800-Kuiva-putki-vakio-1-kpl.png","datePublished":"2024-01-06T17:48:07+00:00","dateModified":"2026-03-15T12:20:19+00:00","description":"Hyla EST kuiva varsi - Vakio\u00admittainen kuiva putki, helpolla kiinnitysmekanismilla, Nopeaan liitt\u00e4miseen ja irrottamiseen.","breadcrumb":{"@id":"https:\/\/hylajams.fi\/?product=hyla-est-kuiva-varsi#breadcrumb"},"inLanguage":"fi","potentialAction":[{"@type":"ReadAction","target":["https:\/\/hylajams.fi\/?product=hyla-est-kuiva-varsi"]}]},{"@type":"ImageObject","inLanguage":"fi","@id":"https:\/\/hylajams.fi\/?product=hyla-est-kuiva-varsi#primaryimage","url":"https:\/\/hylajams.fi\/wp-content\/uploads\/2024\/01\/44800-Kuiva-putki-vakio-1-kpl.png","contentUrl":"https:\/\/hylajams.fi\/wp-content\/uploads\/2024\/01\/44800-Kuiva-putki-vakio-1-kpl.png","width":529,"height":532,"caption":"Hyla EST kuiva varsi"},{"@type":"BreadcrumbList","@id":"https:\/\/hylajams.fi\/?product=hyla-est-kuiva-varsi#breadcrumb","itemListElement":[{"@type":"ListItem","position":1,"name":"Etusivu","item":"https:\/\/hylajams.fi\/"},{"@type":"ListItem","position":2,"name":"VERKKOKAUPPA","item":"https:\/\/hylajams.fi\/?page_id=9"},{"@type":"ListItem","position":3,"name":"44800 Hyla EST Kuiva putki vakio, (Easy Click standardi)"}]},{"@type":"WebSite","@id":"https:\/\/hylajams.fi\/#website","url":"https:\/\/hylajams.fi\/","name":"Hyla Jams Verkkokauppa","description":"Hyla ilman- ja huoneen puhdistusj\u00e4rjestelm\u00e4 Suomessa","publisher":{"@id":"https:\/\/hylajams.fi\/#organization"},"potentialAction":[{"@type":"SearchAction","target":{"@type":"EntryPoint","urlTemplate":"https:\/\/hylajams.fi\/?s={search_term_string}"},"query-input":{"@type":"PropertyValueSpecification","valueRequired":true,"valueName":"search_term_string"}}],"inLanguage":"fi"},{"@type":"Organization","@id":"https:\/\/hylajams.fi\/#organization","name":"Hyla Jams Verkkokauppa","url":"https:\/\/hylajams.fi\/","logo":{"@type":"ImageObject","inLanguage":"fi","@id":"https:\/\/hylajams.fi\/#\/schema\/logo\/image\/","url":"https:\/\/hylajams.fi\/wp-content\/uploads\/2025\/02\/Logo-1-2.jpg","contentUrl":"https:\/\/hylajams.fi\/wp-content\/uploads\/2025\/02\/Logo-1-2.jpg","width":500,"height":500,"caption":"Hyla Jams Verkkokauppa"},"image":{"@id":"https:\/\/hylajams.fi\/#\/schema\/logo\/image\/"},"sameAs":["https:\/\/www.instagram.com\/hylasiivous\/"]}]}},"_links":{"self":[{"href":"https:\/\/hylajams.fi\/index.php?rest_route=\/wp\/v2\/product\/6648","targetHints":{"allow":["GET"]}}],"collection":[{"href":"https:\/\/hylajams.fi\/index.php?rest_route=\/wp\/v2\/product"}],"about":[{"href":"https:\/\/hylajams.fi\/index.php?rest_route=\/wp\/v2\/types\/product"}],"version-history":[{"count":8,"href":"https:\/\/hylajams.fi\/index.php?rest_route=\/wp\/v2\/product\/6648\/revisions"}],"predecessor-version":[{"id":13280,"href":"https:\/\/hylajams.fi\/index.php?rest_route=\/wp\/v2\/product\/6648\/revisions\/13280"}],"wp:featuredmedia":[{"embeddable":true,"href":"https:\/\/hylajams.fi\/index.php?rest_route=\/wp\/v2\/media\/6601"}],"wp:attachment":[{"href":"https:\/\/hylajams.fi\/index.php?rest_route=%2Fwp%2Fv2%2Fmedia&parent=6648"}],"wp:term":[{"taxonomy":"product_brand","embeddable":true,"href":"https:\/\/hylajams.fi\/index.php?rest_route=%2Fwp%2Fv2%2Fproduct_brand&post=6648"},{"taxonomy":"product_cat","embeddable":true,"href":"https:\/\/hylajams.fi\/index.php?rest_route=%2Fwp%2Fv2%2Fproduct_cat&post=6648"},{"taxonomy":"product_tag","embeddable":true,"href":"https:\/\/hylajams.fi\/index.php?rest_route=%2Fwp%2Fv2%2Fproduct_tag&post=6648"}],"curies":[{"name":"wp","href":"https:\/\/api.w.org\/{rel}","templated":true}]}}