{"id":6646,"date":"2024-01-06T19:31:36","date_gmt":"2024-01-06T17:31:36","guid":{"rendered":"https:\/\/hylajams.fi\/?post_type=product&#038;p=6646"},"modified":"2026-03-15T14:16:09","modified_gmt":"2026-03-15T12:16:09","slug":"hyla-est-sahkomoottoriharjan-varsi","status":"publish","type":"product","link":"https:\/\/hylajams.fi\/?product=hyla-est-sahkomoottoriharjan-varsi","title":{"rendered":"44400 Hyla EST s\u00e4hk\u00f6moottoriharjan putki, 1 kpl"},"content":{"rendered":"<p data-start=\"477\" data-end=\"726\">Hyla EST s\u00e4hk\u00f6moottoriharjan varsi (44400) on suunniteltu tuomaan mukavuutta ja helppoutta jokap\u00e4iv\u00e4iseen siivoukseen. Varressa on <strong data-start=\"603\" data-end=\"633\">Helppo kiinnitys -toiminto, <\/strong>ja sen tunnistat helposti<span style=\"color: #ff0000;\"><strong> punaisesta varsilukituksesta<\/strong><\/span>, ja joka mahdollistaa nopean liitt\u00e4misen ja irrottamisen, mik\u00e4 tekee k\u00e4yt\u00f6st\u00e4 sulavaa ja joustavaa.<\/p>\n<p data-start=\"728\" data-end=\"1089\">Integroidun virtakaapelin ansiosta k\u00e4ytt\u00f6 on turvallista ja huolettomampaa \u2013 ei en\u00e4\u00e4 ulkopuolisia johtoja tai monimutkaisia kytkent\u00f6j\u00e4. Hyla EST s\u00e4hk\u00f6moottoriharjan varsi, jonka voi yhdist\u00e4\u00e4 useampia per\u00e4kk\u00e4in, jolloin ylettyminen korkeisiin tai ahtaisiin paikkoihin onnistuu helposti. Yksitt\u00e4isen\u00e4kin putki toimii erinomaisesti, joten se mukautuu monipuolisesti erilaisiin siivoustilanteisiin.<\/p>\n<p data-start=\"1091\" data-end=\"1450\"><strong data-start=\"1091\" data-end=\"1108\">Ominaisuudet:<\/strong><br data-start=\"1108\" data-end=\"1111\" \/>\u25cf Sopii HYLA EST s\u00e4hk\u00f6moottoriharjasettiin (Ventus)<br data-start=\"1162\" data-end=\"1165\" \/>\u25cf Helppo kiinnitys -toiminto nopeaan liitt\u00e4miseen ja irrottamiseen<br data-start=\"1231\" data-end=\"1234\" \/>\u25cf Integroidulla virtakaapelilla turvalliseen ja siistiin k\u00e4ytt\u00f6\u00f6n<br data-start=\"1299\" data-end=\"1302\" \/>\u25cf Mahdollisuus liitt\u00e4\u00e4 useita putkia per\u00e4kk\u00e4in paremman ulottuvuuden saamiseksi<br data-start=\"1381\" data-end=\"1384\" \/>\u25cf Kevyt ja kest\u00e4v\u00e4 rakenne, joka soveltuu s\u00e4\u00e4nn\u00f6lliseen k\u00e4ytt\u00f6\u00f6n<\/p>\n<p data-start=\"1091\" data-end=\"1450\">Jos klipsi riikkoontuu, hanki uusi klipsi <a href=\"https:\/\/hylajams.fi\/?product=punainen-klipsisetti-hyla-est-sahkomoottoriharjan-putkeen\">t\u00e4\u00e4lt\u00e4:<\/a><\/p>\n<h5 data-start=\"4289\" data-end=\"4347\"><a href=\"https:\/\/hylajams.fi\/?page_id=7252\"><strong>HYLA EST TUOTTEET<\/strong><\/a><\/h5>\n<h5><strong><a href=\"https:\/\/www.hyla.com\/products\/products\"><span dir=\"auto\">HYLA INTERNATIONAL<\/span><\/a><\/strong><\/h5>\n","protected":false},"excerpt":{"rendered":"<p>Hyla EST s\u00e4hk\u00f6moottoriharjan varsi Helppo kiinnitys -toiminnolla. Integroidulla virtakaapelilla varustettu kest\u00e4v\u00e4 putki, joka tekee k\u00e4yt\u00f6st\u00e4 turvallista ja vaivatonta. Sopii t\u00e4ydellisesti Ventus-sarjaan.<\/p>\n","protected":false},"featured_media":11195,"template":"","meta":[],"product_brand":[],"product_cat":[890,773],"product_tag":[24,1625,1623],"class_list":{"0":"post-6646","1":"product","2":"type-product","3":"status-publish","4":"has-post-thumbnail","6":"product_cat-hyla-est-letkut-ja-putket","7":"product_cat-hyla-est","8":"product_tag-hyla-est","9":"product_tag-hyla-est-sahkomoottoriharjan-putki","10":"product_tag-lisavaruste","11":"product_shipping_class-posti-s-paketti-11x32x3-cm-35-kg","12":"_wholesalex wsx-wholesalex-product","14":"first","15":"instock","16":"featured","17":"shipping-taxable","18":"purchasable","19":"product-type-simple"},"yoast_head":"<!-- This site is optimized with the Yoast SEO plugin v27.3 - https:\/\/yoast.com\/product\/yoast-seo-wordpress\/ -->\n<title>Hyla EST s\u00e4hk\u00f6moottoriharjan varsi - Integroitu virtakaapelilla<\/title>\n<meta name=\"description\" content=\"Hyla EST s\u00e4hk\u00f6moottoriharjan varsi - Varressa on Helppo kiinnitys -toiminto, joka mahdollistaa nopean liitt\u00e4misen ja irrottamisen.\" \/>\n<meta name=\"robots\" content=\"index, follow, max-snippet:-1, max-image-preview:large, max-video-preview:-1\" \/>\n<link rel=\"canonical\" href=\"https:\/\/hylajams.fi\/?product=hyla-est-sahkomoottoriharjan-varsi\" \/>\n<meta property=\"og:locale\" content=\"fi_FI\" \/>\n<meta property=\"og:type\" content=\"article\" \/>\n<meta property=\"og:title\" content=\"Hyla EST s\u00e4hk\u00f6moottoriharjan varsi - Integroitu virtakaapelilla\" \/>\n<meta property=\"og:description\" content=\"Hyla EST s\u00e4hk\u00f6moottoriharjan varsi - Varressa on Helppo kiinnitys -toiminto, joka mahdollistaa nopean liitt\u00e4misen ja irrottamisen.\" \/>\n<meta property=\"og:url\" content=\"https:\/\/hylajams.fi\/?product=hyla-est-sahkomoottoriharjan-varsi\" \/>\n<meta property=\"og:site_name\" content=\"Hyla Jams Verkkokauppa\" \/>\n<meta property=\"article:modified_time\" content=\"2026-03-15T12:16:09+00:00\" \/>\n<meta property=\"og:image\" content=\"https:\/\/hylajams.fi\/wp-content\/uploads\/2024\/01\/44400-Hyla-EST-sahkomoottoriharjan-varsi.jpg\" \/>\n\t<meta property=\"og:image:width\" content=\"960\" \/>\n\t<meta property=\"og:image:height\" content=\"540\" \/>\n\t<meta property=\"og:image:type\" content=\"image\/jpeg\" \/>\n<meta name=\"twitter:card\" content=\"summary_large_image\" \/>\n<meta name=\"twitter:label1\" content=\"Arvioitu lukuaika\" \/>\n\t<meta name=\"twitter:data1\" content=\"2 minuuttia\" \/>\n<script type=\"application\/ld+json\" class=\"yoast-schema-graph\">{\"@context\":\"https:\\\/\\\/schema.org\",\"@graph\":[{\"@type\":\"WebPage\",\"@id\":\"https:\\\/\\\/hylajams.fi\\\/?product=hyla-est-sahkomoottoriharjan-varsi\",\"url\":\"https:\\\/\\\/hylajams.fi\\\/?product=hyla-est-sahkomoottoriharjan-varsi\",\"name\":\"Hyla EST s\u00e4hk\u00f6moottoriharjan varsi - Integroitu virtakaapelilla\",\"isPartOf\":{\"@id\":\"https:\\\/\\\/hylajams.fi\\\/#website\"},\"primaryImageOfPage\":{\"@id\":\"https:\\\/\\\/hylajams.fi\\\/?product=hyla-est-sahkomoottoriharjan-varsi#primaryimage\"},\"image\":{\"@id\":\"https:\\\/\\\/hylajams.fi\\\/?product=hyla-est-sahkomoottoriharjan-varsi#primaryimage\"},\"thumbnailUrl\":\"https:\\\/\\\/hylajams.fi\\\/wp-content\\\/uploads\\\/2024\\\/01\\\/44400-Hyla-EST-sahkomoottoriharjan-varsi.jpg\",\"datePublished\":\"2024-01-06T17:31:36+00:00\",\"dateModified\":\"2026-03-15T12:16:09+00:00\",\"description\":\"Hyla EST s\u00e4hk\u00f6moottoriharjan varsi - Varressa on Helppo kiinnitys -toiminto, joka mahdollistaa nopean liitt\u00e4misen ja irrottamisen.\",\"breadcrumb\":{\"@id\":\"https:\\\/\\\/hylajams.fi\\\/?product=hyla-est-sahkomoottoriharjan-varsi#breadcrumb\"},\"inLanguage\":\"fi\",\"potentialAction\":[{\"@type\":\"ReadAction\",\"target\":[\"https:\\\/\\\/hylajams.fi\\\/?product=hyla-est-sahkomoottoriharjan-varsi\"]}]},{\"@type\":\"ImageObject\",\"inLanguage\":\"fi\",\"@id\":\"https:\\\/\\\/hylajams.fi\\\/?product=hyla-est-sahkomoottoriharjan-varsi#primaryimage\",\"url\":\"https:\\\/\\\/hylajams.fi\\\/wp-content\\\/uploads\\\/2024\\\/01\\\/44400-Hyla-EST-sahkomoottoriharjan-varsi.jpg\",\"contentUrl\":\"https:\\\/\\\/hylajams.fi\\\/wp-content\\\/uploads\\\/2024\\\/01\\\/44400-Hyla-EST-sahkomoottoriharjan-varsi.jpg\",\"width\":960,\"height\":540,\"caption\":\"S\u00e4hk\u00f6moottoriharjan varsi\"},{\"@type\":\"BreadcrumbList\",\"@id\":\"https:\\\/\\\/hylajams.fi\\\/?product=hyla-est-sahkomoottoriharjan-varsi#breadcrumb\",\"itemListElement\":[{\"@type\":\"ListItem\",\"position\":1,\"name\":\"Etusivu\",\"item\":\"https:\\\/\\\/hylajams.fi\\\/\"},{\"@type\":\"ListItem\",\"position\":2,\"name\":\"VERKKOKAUPPA\",\"item\":\"https:\\\/\\\/hylajams.fi\\\/?page_id=9\"},{\"@type\":\"ListItem\",\"position\":3,\"name\":\"44400 Hyla EST s\u00e4hk\u00f6moottoriharjan putki, 1 kpl\"}]},{\"@type\":\"WebSite\",\"@id\":\"https:\\\/\\\/hylajams.fi\\\/#website\",\"url\":\"https:\\\/\\\/hylajams.fi\\\/\",\"name\":\"Hyla Jams Verkkokauppa\",\"description\":\"Hyla ilman- ja huoneen puhdistusj\u00e4rjestelm\u00e4 Suomessa\",\"publisher\":{\"@id\":\"https:\\\/\\\/hylajams.fi\\\/#organization\"},\"potentialAction\":[{\"@type\":\"SearchAction\",\"target\":{\"@type\":\"EntryPoint\",\"urlTemplate\":\"https:\\\/\\\/hylajams.fi\\\/?s={search_term_string}\"},\"query-input\":{\"@type\":\"PropertyValueSpecification\",\"valueRequired\":true,\"valueName\":\"search_term_string\"}}],\"inLanguage\":\"fi\"},{\"@type\":\"Organization\",\"@id\":\"https:\\\/\\\/hylajams.fi\\\/#organization\",\"name\":\"Hyla Jams Verkkokauppa\",\"url\":\"https:\\\/\\\/hylajams.fi\\\/\",\"logo\":{\"@type\":\"ImageObject\",\"inLanguage\":\"fi\",\"@id\":\"https:\\\/\\\/hylajams.fi\\\/#\\\/schema\\\/logo\\\/image\\\/\",\"url\":\"https:\\\/\\\/hylajams.fi\\\/wp-content\\\/uploads\\\/2025\\\/02\\\/Logo-1-2.jpg\",\"contentUrl\":\"https:\\\/\\\/hylajams.fi\\\/wp-content\\\/uploads\\\/2025\\\/02\\\/Logo-1-2.jpg\",\"width\":500,\"height\":500,\"caption\":\"Hyla Jams Verkkokauppa\"},\"image\":{\"@id\":\"https:\\\/\\\/hylajams.fi\\\/#\\\/schema\\\/logo\\\/image\\\/\"},\"sameAs\":[\"https:\\\/\\\/www.instagram.com\\\/hylasiivous\\\/\"]}]}<\/script>\n<!-- \/ Yoast SEO plugin. -->","yoast_head_json":{"title":"Hyla EST s\u00e4hk\u00f6moottoriharjan varsi - Integroitu virtakaapelilla","description":"Hyla EST s\u00e4hk\u00f6moottoriharjan varsi - Varressa on Helppo kiinnitys -toiminto, joka mahdollistaa nopean liitt\u00e4misen ja irrottamisen.","robots":{"index":"index","follow":"follow","max-snippet":"max-snippet:-1","max-image-preview":"max-image-preview:large","max-video-preview":"max-video-preview:-1"},"canonical":"https:\/\/hylajams.fi\/?product=hyla-est-sahkomoottoriharjan-varsi","og_locale":"fi_FI","og_type":"article","og_title":"Hyla EST s\u00e4hk\u00f6moottoriharjan varsi - Integroitu virtakaapelilla","og_description":"Hyla EST s\u00e4hk\u00f6moottoriharjan varsi - Varressa on Helppo kiinnitys -toiminto, joka mahdollistaa nopean liitt\u00e4misen ja irrottamisen.","og_url":"https:\/\/hylajams.fi\/?product=hyla-est-sahkomoottoriharjan-varsi","og_site_name":"Hyla Jams Verkkokauppa","article_modified_time":"2026-03-15T12:16:09+00:00","og_image":[{"width":960,"height":540,"url":"https:\/\/hylajams.fi\/wp-content\/uploads\/2024\/01\/44400-Hyla-EST-sahkomoottoriharjan-varsi.jpg","type":"image\/jpeg"}],"twitter_card":"summary_large_image","twitter_misc":{"Arvioitu lukuaika":"2 minuuttia"},"schema":{"@context":"https:\/\/schema.org","@graph":[{"@type":"WebPage","@id":"https:\/\/hylajams.fi\/?product=hyla-est-sahkomoottoriharjan-varsi","url":"https:\/\/hylajams.fi\/?product=hyla-est-sahkomoottoriharjan-varsi","name":"Hyla EST s\u00e4hk\u00f6moottoriharjan varsi - Integroitu virtakaapelilla","isPartOf":{"@id":"https:\/\/hylajams.fi\/#website"},"primaryImageOfPage":{"@id":"https:\/\/hylajams.fi\/?product=hyla-est-sahkomoottoriharjan-varsi#primaryimage"},"image":{"@id":"https:\/\/hylajams.fi\/?product=hyla-est-sahkomoottoriharjan-varsi#primaryimage"},"thumbnailUrl":"https:\/\/hylajams.fi\/wp-content\/uploads\/2024\/01\/44400-Hyla-EST-sahkomoottoriharjan-varsi.jpg","datePublished":"2024-01-06T17:31:36+00:00","dateModified":"2026-03-15T12:16:09+00:00","description":"Hyla EST s\u00e4hk\u00f6moottoriharjan varsi - Varressa on Helppo kiinnitys -toiminto, joka mahdollistaa nopean liitt\u00e4misen ja irrottamisen.","breadcrumb":{"@id":"https:\/\/hylajams.fi\/?product=hyla-est-sahkomoottoriharjan-varsi#breadcrumb"},"inLanguage":"fi","potentialAction":[{"@type":"ReadAction","target":["https:\/\/hylajams.fi\/?product=hyla-est-sahkomoottoriharjan-varsi"]}]},{"@type":"ImageObject","inLanguage":"fi","@id":"https:\/\/hylajams.fi\/?product=hyla-est-sahkomoottoriharjan-varsi#primaryimage","url":"https:\/\/hylajams.fi\/wp-content\/uploads\/2024\/01\/44400-Hyla-EST-sahkomoottoriharjan-varsi.jpg","contentUrl":"https:\/\/hylajams.fi\/wp-content\/uploads\/2024\/01\/44400-Hyla-EST-sahkomoottoriharjan-varsi.jpg","width":960,"height":540,"caption":"S\u00e4hk\u00f6moottoriharjan varsi"},{"@type":"BreadcrumbList","@id":"https:\/\/hylajams.fi\/?product=hyla-est-sahkomoottoriharjan-varsi#breadcrumb","itemListElement":[{"@type":"ListItem","position":1,"name":"Etusivu","item":"https:\/\/hylajams.fi\/"},{"@type":"ListItem","position":2,"name":"VERKKOKAUPPA","item":"https:\/\/hylajams.fi\/?page_id=9"},{"@type":"ListItem","position":3,"name":"44400 Hyla EST s\u00e4hk\u00f6moottoriharjan putki, 1 kpl"}]},{"@type":"WebSite","@id":"https:\/\/hylajams.fi\/#website","url":"https:\/\/hylajams.fi\/","name":"Hyla Jams Verkkokauppa","description":"Hyla ilman- ja huoneen puhdistusj\u00e4rjestelm\u00e4 Suomessa","publisher":{"@id":"https:\/\/hylajams.fi\/#organization"},"potentialAction":[{"@type":"SearchAction","target":{"@type":"EntryPoint","urlTemplate":"https:\/\/hylajams.fi\/?s={search_term_string}"},"query-input":{"@type":"PropertyValueSpecification","valueRequired":true,"valueName":"search_term_string"}}],"inLanguage":"fi"},{"@type":"Organization","@id":"https:\/\/hylajams.fi\/#organization","name":"Hyla Jams Verkkokauppa","url":"https:\/\/hylajams.fi\/","logo":{"@type":"ImageObject","inLanguage":"fi","@id":"https:\/\/hylajams.fi\/#\/schema\/logo\/image\/","url":"https:\/\/hylajams.fi\/wp-content\/uploads\/2025\/02\/Logo-1-2.jpg","contentUrl":"https:\/\/hylajams.fi\/wp-content\/uploads\/2025\/02\/Logo-1-2.jpg","width":500,"height":500,"caption":"Hyla Jams Verkkokauppa"},"image":{"@id":"https:\/\/hylajams.fi\/#\/schema\/logo\/image\/"},"sameAs":["https:\/\/www.instagram.com\/hylasiivous\/"]}]}},"_links":{"self":[{"href":"https:\/\/hylajams.fi\/index.php?rest_route=\/wp\/v2\/product\/6646","targetHints":{"allow":["GET"]}}],"collection":[{"href":"https:\/\/hylajams.fi\/index.php?rest_route=\/wp\/v2\/product"}],"about":[{"href":"https:\/\/hylajams.fi\/index.php?rest_route=\/wp\/v2\/types\/product"}],"version-history":[{"count":9,"href":"https:\/\/hylajams.fi\/index.php?rest_route=\/wp\/v2\/product\/6646\/revisions"}],"predecessor-version":[{"id":13277,"href":"https:\/\/hylajams.fi\/index.php?rest_route=\/wp\/v2\/product\/6646\/revisions\/13277"}],"wp:featuredmedia":[{"embeddable":true,"href":"https:\/\/hylajams.fi\/index.php?rest_route=\/wp\/v2\/media\/11195"}],"wp:attachment":[{"href":"https:\/\/hylajams.fi\/index.php?rest_route=%2Fwp%2Fv2%2Fmedia&parent=6646"}],"wp:term":[{"taxonomy":"product_brand","embeddable":true,"href":"https:\/\/hylajams.fi\/index.php?rest_route=%2Fwp%2Fv2%2Fproduct_brand&post=6646"},{"taxonomy":"product_cat","embeddable":true,"href":"https:\/\/hylajams.fi\/index.php?rest_route=%2Fwp%2Fv2%2Fproduct_cat&post=6646"},{"taxonomy":"product_tag","embeddable":true,"href":"https:\/\/hylajams.fi\/index.php?rest_route=%2Fwp%2Fv2%2Fproduct_tag&post=6646"}],"curies":[{"name":"wp","href":"https:\/\/api.w.org\/{rel}","templated":true}]}}