{"id":6644,"date":"2024-01-06T19:17:24","date_gmt":"2024-01-06T17:17:24","guid":{"rendered":"https:\/\/hylajams.fi\/?post_type=product&#038;p=6644"},"modified":"2026-02-27T20:07:23","modified_gmt":"2026-02-27T18:07:23","slug":"hyla-est-yleislattiaharja","status":"publish","type":"product","link":"https:\/\/hylajams.fi\/?product=hyla-est-yleislattiaharja","title":{"rendered":"46700  Hyla EST\/NST\/GST Yleislattiaharja"},"content":{"rendered":"<p data-start=\"442\" data-end=\"644\"><strong>Hyla EST yleislattiaharja<\/strong> on monipuolinen ja kest\u00e4v\u00e4 suulake lattioiden ja mattojen puhdistukseen. Se kuuluu HYLA EST -peruspakettiin ja on suunniteltu tekem\u00e4\u00e4n imuroinnista vaivatonta ja tehokasta.<\/p>\n<p data-start=\"646\" data-end=\"881\"><strong>Hyla EST yleislattiaharja, jossa <\/strong>kolmen nivelen rakenne mahdollistaa erinomaisen liikkuvuuden, joten p\u00e4\u00e4set helposti nurkkiin, kalusteiden alle ja ahtaisiin tiloihin. Vaihto onnistuu nopeasti joko suulakkeen p\u00e4\u00e4ll\u00e4 olevasta napista tai painamalla jalalla.<\/p>\n<p data-start=\"883\" data-end=\"1112\">Pinta on valmistettu laadukkaasta keinokuidusta, joka suojaa suulaketta kolhuilta ja on hell\u00e4varainen huonekaluille. Suulake on sertifioitu ISO 9001 -laatustandardin mukaisesti, mik\u00e4 takaa sen korkean laadun ja pitk\u00e4ik\u00e4isyyden.<\/p>\n<p data-start=\"1114\" data-end=\"1256\">Tukkeumat on helppo poistaa purkamalla suulake pienempiin osiin \u2013 katso opastusvideo alta ja pid\u00e4 suulake aina puhtaana ja toimintakunnossa.<\/p>\n<p data-start=\"1114\" data-end=\"1256\">\ud83d\udc49 <a href=\"https:\/\/www.youtube.com\/watch?v=DM74eDt6lxs\">Katso ohjevideo suulakkeen puhdistukseen<\/a><\/p>\n<h5 data-start=\"4289\" data-end=\"4347\"><a href=\"https:\/\/hylajams.fi\/?page_id=7252\"><strong>HYLA EST TUOTTEET<\/strong><\/a><\/h5>\n<h5><strong><a href=\"https:\/\/www.hyla.com\/products\/products\"><span dir=\"auto\">HYLA INTERNATIONAL<\/span><\/a><\/strong><\/h5>\n","protected":false},"excerpt":{"rendered":"<p class=\"\" data-start=\"200\" data-end=\"472\"><strong>HYLA EST Yleislattiasuulake<\/strong> tekee lattioiden ja mattojen imuroinnista helppoa ja tehokasta. Kolmen nivelen rakenne takaa erinomaisen liikkuvuuden, ja suulake on hell\u00e4varainen huonekaluille. Suulake sopii HYLA EST -peruspakettiin. Monipuolinen ja kest\u00e4v\u00e4 suulake lattioille ja matoille<\/p>\n","protected":false},"featured_media":11110,"template":"","meta":[],"product_brand":[],"product_cat":[950,945,773,774,775,941],"product_tag":[1628,1632,1219,1131,1220,1631],"class_list":{"0":"post-6644","1":"product","2":"type-product","3":"status-publish","4":"has-post-thumbnail","6":"product_cat-est-suulakkeet-ja-harjat","7":"product_cat-hyla-gst-suulakkeet-ja-harjat","8":"product_cat-hyla-est","9":"product_cat-hyla-gst","10":"product_cat-hyla-nst","11":"product_cat-hyla-nst-suulakkeet","12":"product_tag-hyla-est-lisavaruste","13":"product_tag-hyla-est-nst-gst-yleislattiaharja","14":"product_tag-hyla-gst-lisavaruste","15":"product_tag-hyla-lisavaruste","16":"product_tag-hyla-nst-lisavaruste","17":"product_tag-yleislattiaharja","18":"product_shipping_class-posti-s-paketti-11x32x3-cm-35-kg","19":"_wholesalex wsx-wholesalex-product","21":"first","22":"instock","23":"featured","24":"shipping-taxable","25":"purchasable","26":"product-type-simple"},"yoast_head":"<!-- This site is optimized with the Yoast SEO plugin v27.3 - https:\/\/yoast.com\/product\/yoast-seo-wordpress\/ -->\n<title>Hyla EST yleislattiaharja \u2013 kest\u00e4v\u00e4 ja monipuolinen lattiasuulake<\/title>\n<meta name=\"description\" content=\"Hyla EST yleislattiaharja sopii lattioille ja matoille, tarjoaa erinomaisen liikkuvuuden ja on hell\u00e4varainen huonekaluille.\" \/>\n<meta name=\"robots\" content=\"index, follow, max-snippet:-1, max-image-preview:large, max-video-preview:-1\" \/>\n<link rel=\"canonical\" href=\"https:\/\/hylajams.fi\/?product=hyla-est-yleislattiaharja\" \/>\n<meta property=\"og:locale\" content=\"fi_FI\" \/>\n<meta property=\"og:type\" content=\"article\" \/>\n<meta property=\"og:title\" content=\"Hyla EST yleislattiaharja \u2013 kest\u00e4v\u00e4 ja monipuolinen lattiasuulake\" \/>\n<meta property=\"og:description\" content=\"Hyla EST yleislattiaharja sopii lattioille ja matoille, tarjoaa erinomaisen liikkuvuuden ja on hell\u00e4varainen huonekaluille.\" \/>\n<meta property=\"og:url\" content=\"https:\/\/hylajams.fi\/?product=hyla-est-yleislattiaharja\" \/>\n<meta property=\"og:site_name\" content=\"Hyla Jams Verkkokauppa\" \/>\n<meta property=\"article:modified_time\" content=\"2026-02-27T18:07:23+00:00\" \/>\n<meta property=\"og:image\" content=\"https:\/\/hylajams.fi\/wp-content\/uploads\/2024\/01\/46700-Yleislattiasuulake1.jpg\" \/>\n\t<meta property=\"og:image:width\" content=\"1403\" \/>\n\t<meta property=\"og:image:height\" content=\"1063\" \/>\n\t<meta property=\"og:image:type\" content=\"image\/jpeg\" \/>\n<meta name=\"twitter:card\" content=\"summary_large_image\" \/>\n<meta name=\"twitter:label1\" content=\"Arvioitu lukuaika\" \/>\n\t<meta name=\"twitter:data1\" content=\"1 minuutti\" \/>\n<script type=\"application\/ld+json\" class=\"yoast-schema-graph\">{\"@context\":\"https:\\\/\\\/schema.org\",\"@graph\":[{\"@type\":\"WebPage\",\"@id\":\"https:\\\/\\\/hylajams.fi\\\/?product=hyla-est-yleislattiaharja\",\"url\":\"https:\\\/\\\/hylajams.fi\\\/?product=hyla-est-yleislattiaharja\",\"name\":\"Hyla EST yleislattiaharja \u2013 kest\u00e4v\u00e4 ja monipuolinen lattiasuulake\",\"isPartOf\":{\"@id\":\"https:\\\/\\\/hylajams.fi\\\/#website\"},\"primaryImageOfPage\":{\"@id\":\"https:\\\/\\\/hylajams.fi\\\/?product=hyla-est-yleislattiaharja#primaryimage\"},\"image\":{\"@id\":\"https:\\\/\\\/hylajams.fi\\\/?product=hyla-est-yleislattiaharja#primaryimage\"},\"thumbnailUrl\":\"https:\\\/\\\/hylajams.fi\\\/wp-content\\\/uploads\\\/2024\\\/01\\\/46700-Yleislattiasuulake1.jpg\",\"datePublished\":\"2024-01-06T17:17:24+00:00\",\"dateModified\":\"2026-02-27T18:07:23+00:00\",\"description\":\"Hyla EST yleislattiaharja sopii lattioille ja matoille, tarjoaa erinomaisen liikkuvuuden ja on hell\u00e4varainen huonekaluille.\",\"breadcrumb\":{\"@id\":\"https:\\\/\\\/hylajams.fi\\\/?product=hyla-est-yleislattiaharja#breadcrumb\"},\"inLanguage\":\"fi\",\"potentialAction\":[{\"@type\":\"ReadAction\",\"target\":[\"https:\\\/\\\/hylajams.fi\\\/?product=hyla-est-yleislattiaharja\"]}]},{\"@type\":\"ImageObject\",\"inLanguage\":\"fi\",\"@id\":\"https:\\\/\\\/hylajams.fi\\\/?product=hyla-est-yleislattiaharja#primaryimage\",\"url\":\"https:\\\/\\\/hylajams.fi\\\/wp-content\\\/uploads\\\/2024\\\/01\\\/46700-Yleislattiasuulake1.jpg\",\"contentUrl\":\"https:\\\/\\\/hylajams.fi\\\/wp-content\\\/uploads\\\/2024\\\/01\\\/46700-Yleislattiasuulake1.jpg\",\"width\":1403,\"height\":1063,\"caption\":\"Hyla yleislattiasuulake EST\"},{\"@type\":\"BreadcrumbList\",\"@id\":\"https:\\\/\\\/hylajams.fi\\\/?product=hyla-est-yleislattiaharja#breadcrumb\",\"itemListElement\":[{\"@type\":\"ListItem\",\"position\":1,\"name\":\"Etusivu\",\"item\":\"https:\\\/\\\/hylajams.fi\\\/\"},{\"@type\":\"ListItem\",\"position\":2,\"name\":\"VERKKOKAUPPA\",\"item\":\"https:\\\/\\\/hylajams.fi\\\/?page_id=9\"},{\"@type\":\"ListItem\",\"position\":3,\"name\":\"46700 Hyla EST\\\/NST\\\/GST Yleislattiaharja\"}]},{\"@type\":\"WebSite\",\"@id\":\"https:\\\/\\\/hylajams.fi\\\/#website\",\"url\":\"https:\\\/\\\/hylajams.fi\\\/\",\"name\":\"Hyla Jams Verkkokauppa\",\"description\":\"Hyla ilman- ja huoneen puhdistusj\u00e4rjestelm\u00e4 Suomessa\",\"publisher\":{\"@id\":\"https:\\\/\\\/hylajams.fi\\\/#organization\"},\"potentialAction\":[{\"@type\":\"SearchAction\",\"target\":{\"@type\":\"EntryPoint\",\"urlTemplate\":\"https:\\\/\\\/hylajams.fi\\\/?s={search_term_string}\"},\"query-input\":{\"@type\":\"PropertyValueSpecification\",\"valueRequired\":true,\"valueName\":\"search_term_string\"}}],\"inLanguage\":\"fi\"},{\"@type\":\"Organization\",\"@id\":\"https:\\\/\\\/hylajams.fi\\\/#organization\",\"name\":\"Hyla Jams Verkkokauppa\",\"url\":\"https:\\\/\\\/hylajams.fi\\\/\",\"logo\":{\"@type\":\"ImageObject\",\"inLanguage\":\"fi\",\"@id\":\"https:\\\/\\\/hylajams.fi\\\/#\\\/schema\\\/logo\\\/image\\\/\",\"url\":\"https:\\\/\\\/hylajams.fi\\\/wp-content\\\/uploads\\\/2025\\\/02\\\/Logo-1-2.jpg\",\"contentUrl\":\"https:\\\/\\\/hylajams.fi\\\/wp-content\\\/uploads\\\/2025\\\/02\\\/Logo-1-2.jpg\",\"width\":500,\"height\":500,\"caption\":\"Hyla Jams Verkkokauppa\"},\"image\":{\"@id\":\"https:\\\/\\\/hylajams.fi\\\/#\\\/schema\\\/logo\\\/image\\\/\"},\"sameAs\":[\"https:\\\/\\\/www.instagram.com\\\/hylasiivous\\\/\"]}]}<\/script>\n<!-- \/ Yoast SEO plugin. -->","yoast_head_json":{"title":"Hyla EST yleislattiaharja \u2013 kest\u00e4v\u00e4 ja monipuolinen lattiasuulake","description":"Hyla EST yleislattiaharja sopii lattioille ja matoille, tarjoaa erinomaisen liikkuvuuden ja on hell\u00e4varainen huonekaluille.","robots":{"index":"index","follow":"follow","max-snippet":"max-snippet:-1","max-image-preview":"max-image-preview:large","max-video-preview":"max-video-preview:-1"},"canonical":"https:\/\/hylajams.fi\/?product=hyla-est-yleislattiaharja","og_locale":"fi_FI","og_type":"article","og_title":"Hyla EST yleislattiaharja \u2013 kest\u00e4v\u00e4 ja monipuolinen lattiasuulake","og_description":"Hyla EST yleislattiaharja sopii lattioille ja matoille, tarjoaa erinomaisen liikkuvuuden ja on hell\u00e4varainen huonekaluille.","og_url":"https:\/\/hylajams.fi\/?product=hyla-est-yleislattiaharja","og_site_name":"Hyla Jams Verkkokauppa","article_modified_time":"2026-02-27T18:07:23+00:00","og_image":[{"width":1403,"height":1063,"url":"https:\/\/hylajams.fi\/wp-content\/uploads\/2024\/01\/46700-Yleislattiasuulake1.jpg","type":"image\/jpeg"}],"twitter_card":"summary_large_image","twitter_misc":{"Arvioitu lukuaika":"1 minuutti"},"schema":{"@context":"https:\/\/schema.org","@graph":[{"@type":"WebPage","@id":"https:\/\/hylajams.fi\/?product=hyla-est-yleislattiaharja","url":"https:\/\/hylajams.fi\/?product=hyla-est-yleislattiaharja","name":"Hyla EST yleislattiaharja \u2013 kest\u00e4v\u00e4 ja monipuolinen lattiasuulake","isPartOf":{"@id":"https:\/\/hylajams.fi\/#website"},"primaryImageOfPage":{"@id":"https:\/\/hylajams.fi\/?product=hyla-est-yleislattiaharja#primaryimage"},"image":{"@id":"https:\/\/hylajams.fi\/?product=hyla-est-yleislattiaharja#primaryimage"},"thumbnailUrl":"https:\/\/hylajams.fi\/wp-content\/uploads\/2024\/01\/46700-Yleislattiasuulake1.jpg","datePublished":"2024-01-06T17:17:24+00:00","dateModified":"2026-02-27T18:07:23+00:00","description":"Hyla EST yleislattiaharja sopii lattioille ja matoille, tarjoaa erinomaisen liikkuvuuden ja on hell\u00e4varainen huonekaluille.","breadcrumb":{"@id":"https:\/\/hylajams.fi\/?product=hyla-est-yleislattiaharja#breadcrumb"},"inLanguage":"fi","potentialAction":[{"@type":"ReadAction","target":["https:\/\/hylajams.fi\/?product=hyla-est-yleislattiaharja"]}]},{"@type":"ImageObject","inLanguage":"fi","@id":"https:\/\/hylajams.fi\/?product=hyla-est-yleislattiaharja#primaryimage","url":"https:\/\/hylajams.fi\/wp-content\/uploads\/2024\/01\/46700-Yleislattiasuulake1.jpg","contentUrl":"https:\/\/hylajams.fi\/wp-content\/uploads\/2024\/01\/46700-Yleislattiasuulake1.jpg","width":1403,"height":1063,"caption":"Hyla yleislattiasuulake EST"},{"@type":"BreadcrumbList","@id":"https:\/\/hylajams.fi\/?product=hyla-est-yleislattiaharja#breadcrumb","itemListElement":[{"@type":"ListItem","position":1,"name":"Etusivu","item":"https:\/\/hylajams.fi\/"},{"@type":"ListItem","position":2,"name":"VERKKOKAUPPA","item":"https:\/\/hylajams.fi\/?page_id=9"},{"@type":"ListItem","position":3,"name":"46700 Hyla EST\/NST\/GST Yleislattiaharja"}]},{"@type":"WebSite","@id":"https:\/\/hylajams.fi\/#website","url":"https:\/\/hylajams.fi\/","name":"Hyla Jams Verkkokauppa","description":"Hyla ilman- ja huoneen puhdistusj\u00e4rjestelm\u00e4 Suomessa","publisher":{"@id":"https:\/\/hylajams.fi\/#organization"},"potentialAction":[{"@type":"SearchAction","target":{"@type":"EntryPoint","urlTemplate":"https:\/\/hylajams.fi\/?s={search_term_string}"},"query-input":{"@type":"PropertyValueSpecification","valueRequired":true,"valueName":"search_term_string"}}],"inLanguage":"fi"},{"@type":"Organization","@id":"https:\/\/hylajams.fi\/#organization","name":"Hyla Jams Verkkokauppa","url":"https:\/\/hylajams.fi\/","logo":{"@type":"ImageObject","inLanguage":"fi","@id":"https:\/\/hylajams.fi\/#\/schema\/logo\/image\/","url":"https:\/\/hylajams.fi\/wp-content\/uploads\/2025\/02\/Logo-1-2.jpg","contentUrl":"https:\/\/hylajams.fi\/wp-content\/uploads\/2025\/02\/Logo-1-2.jpg","width":500,"height":500,"caption":"Hyla Jams Verkkokauppa"},"image":{"@id":"https:\/\/hylajams.fi\/#\/schema\/logo\/image\/"},"sameAs":["https:\/\/www.instagram.com\/hylasiivous\/"]}]}},"_links":{"self":[{"href":"https:\/\/hylajams.fi\/index.php?rest_route=\/wp\/v2\/product\/6644","targetHints":{"allow":["GET"]}}],"collection":[{"href":"https:\/\/hylajams.fi\/index.php?rest_route=\/wp\/v2\/product"}],"about":[{"href":"https:\/\/hylajams.fi\/index.php?rest_route=\/wp\/v2\/types\/product"}],"version-history":[{"count":7,"href":"https:\/\/hylajams.fi\/index.php?rest_route=\/wp\/v2\/product\/6644\/revisions"}],"predecessor-version":[{"id":13153,"href":"https:\/\/hylajams.fi\/index.php?rest_route=\/wp\/v2\/product\/6644\/revisions\/13153"}],"wp:featuredmedia":[{"embeddable":true,"href":"https:\/\/hylajams.fi\/index.php?rest_route=\/wp\/v2\/media\/11110"}],"wp:attachment":[{"href":"https:\/\/hylajams.fi\/index.php?rest_route=%2Fwp%2Fv2%2Fmedia&parent=6644"}],"wp:term":[{"taxonomy":"product_brand","embeddable":true,"href":"https:\/\/hylajams.fi\/index.php?rest_route=%2Fwp%2Fv2%2Fproduct_brand&post=6644"},{"taxonomy":"product_cat","embeddable":true,"href":"https:\/\/hylajams.fi\/index.php?rest_route=%2Fwp%2Fv2%2Fproduct_cat&post=6644"},{"taxonomy":"product_tag","embeddable":true,"href":"https:\/\/hylajams.fi\/index.php?rest_route=%2Fwp%2Fv2%2Fproduct_tag&post=6644"}],"curies":[{"name":"wp","href":"https:\/\/api.w.org\/{rel}","templated":true}]}}