{"id":5994,"date":"2023-10-24T19:58:27","date_gmt":"2023-10-24T16:58:27","guid":{"rendered":"https:\/\/hylajams.fi\/?post_type=product&#038;p=5994"},"modified":"2026-02-27T20:12:00","modified_gmt":"2026-02-27T18:12:00","slug":"iso-kirkas-vesisulake","status":"publish","type":"product","link":"https:\/\/hylajams.fi\/?product=iso-kirkas-vesisulake","title":{"rendered":"45410 Hyla iso kirkas vesisuulake"},"content":{"rendered":"<p data-start=\"365\" data-end=\"669\">Hyla <strong>iso kirkas vesisuulake<\/strong> (l\u00e4pin\u00e4kyv\u00e4) on suunniteltu vaativiin siivoustilanteisiin, joissa pienempi suulake ei riit\u00e4. Suurempi koko tekee siit\u00e4 ihanteellisen lis\u00e4varusteen, kun pit\u00e4\u00e4 poistaa paljon vett\u00e4, nesteit\u00e4 tai kosteutta kerralla \u2013 olipa kyseess\u00e4 vesivahinko, kaatunut \u00e4mp\u00e4ri tai m\u00e4r\u00e4t tekstiilit.<\/p>\n<p data-start=\"671\" data-end=\"1000\">L\u00e4pin\u00e4kyv\u00e4 rakenne mahdollistaa tarkan n\u00e4kyvyyden imuroinnin aikana, jolloin n\u00e4et selke\u00e4sti kuinka nesteet ja lika poistuvat pinnoilta. T\u00e4m\u00e4 tekee siivouksesta tehokasta ja varmaa. Iso kirkassuulake on my\u00f6s erinomainen sohvien, patjojen ja muiden tekstiilien syv\u00e4puhdistuksessa, sill\u00e4 se imee kosteuden ja p\u00f6lyn samalla kertaa.<\/p>\n<p data-start=\"1002\" data-end=\"1238\"><strong>Iso kirkas vesisuulake<\/strong> sopii kaikkiin Hyla EST-, GST- ja NST-malleihin, ja sit\u00e4 voidaan k\u00e4ytt\u00e4\u00e4 my\u00f6s m\u00e4rk\u00e4pesurissa. Se soveltuu t\u00e4ydellisesti sek\u00e4 kotik\u00e4ytt\u00f6\u00f6n ett\u00e4 ammattilaisille, jotka tarvitsevat ty\u00f6ss\u00e4\u00e4n tehokasta ja monipuolista apuv\u00e4linett\u00e4.<\/p>\n<p data-start=\"1377\" data-end=\"1394\">K\u00e4ytt\u00f6kohteita:<\/p>\n<ul>\n<li data-start=\"1397\" data-end=\"1427\">Vesivahinkojen nopea siivous<\/li>\n<li data-start=\"1430\" data-end=\"1463\">Suuret nestevuodot ja -roiskeet<\/li>\n<li data-start=\"1466\" data-end=\"1510\">Sohvien, patjojen ja tekstiilien puhdistus<\/li>\n<li data-start=\"1513\" data-end=\"1567\">Lattiapinnat ja matot, joihin on imeytynyt kosteutta<\/li>\n<li data-start=\"1570\" data-end=\"1607\">M\u00e4r\u00e4t auton istuimet ja lattiamatot<\/li>\n<li data-start=\"1610\" data-end=\"1647\">Kodin ja ty\u00f6tilojen kosteudenpoisto<\/li>\n<\/ul>\n<p>T\u00e4m\u00e4 suulake on yhteensopiva aiemmin markkinoilla olleen ison harjallisen kirkassuulakkeen kanssa. Harjaosan toimitus lopetettu.<\/p>\n<p><img fetchpriority=\"high\" decoding=\"async\" class=\"alignnone wp-image-5995 size-medium\" src=\"https:\/\/hylajams.fi\/wp-content\/uploads\/2023\/10\/14076-HYLA-Iso-yleisharja-225x300.jpg\" alt=\"iso harjallinen kirkassuulake\" width=\"225\" height=\"300\" srcset=\"https:\/\/hylajams.fi\/wp-content\/uploads\/2023\/10\/14076-HYLA-Iso-yleisharja-225x300.jpg 225w, https:\/\/hylajams.fi\/wp-content\/uploads\/2023\/10\/14076-HYLA-Iso-yleisharja-rotated.jpg 480w\" sizes=\"(max-width: 225px) 100vw, 225px\" \/><\/p>\n<p><strong><a href=\"https:\/\/hylajams.fi\/?page_id=7252\">HYLA EST TUOTTEET<\/a><\/strong><\/p>\n<p><strong><a href=\"https:\/\/hylajams.fi\/?page_id=8366\">HYLA GST TUOTTEET<\/a><\/strong><\/p>\n<p><strong><a href=\"https:\/\/hylajams.fi\/?page_id=8371\">HYLA NST TUOTTEET<\/a><\/strong><\/p>\n<p><strong><a href=\"https:\/\/www.hyla.com\/products\/products\">HYLA INTERNATIONAL<\/a><\/strong><\/p>\n","protected":false},"excerpt":{"rendered":"<p><strong>Iso kirkassuulake<\/strong> on t\u00e4ydellinen ratkaisu suurten nestem\u00e4\u00e4rien ja vesivahinkojen imurointiin. Sopii kaikkiin Hyla-malleihin sek\u00e4 m\u00e4rk\u00e4pesureihin.<\/p>\n<p>&nbsp;<\/p>\n<p>&nbsp;<\/p>\n","protected":false},"featured_media":6001,"template":"","meta":[],"product_brand":[],"product_cat":[952,950,946,945,773,774,775,290,942,941],"product_tag":[1633,1131,922,921,920,1634,918,901],"class_list":{"0":"post-5994","1":"product","2":"type-product","3":"status-publish","4":"has-post-thumbnail","6":"product_cat-est-lisatarvikkeet","7":"product_cat-est-suulakkeet-ja-harjat","8":"product_cat-hyla-gst-lisatarvikkeet","9":"product_cat-hyla-gst-suulakkeet-ja-harjat","10":"product_cat-hyla-est","11":"product_cat-hyla-gst","12":"product_cat-hyla-nst","13":"product_cat-hylan-lisatarvikkeet","14":"product_cat-hyla-nst-lisatarvikkeet","15":"product_cat-hyla-nst-suulakkeet","16":"product_tag-hyla-iso-kirkas-vesisuulake","17":"product_tag-hyla-lisavaruste","18":"product_tag-iso-kirkas-suulake","19":"product_tag-iso-marka-suulake","20":"product_tag-iso-vesi-suulake","21":"product_tag-isojen-tekstiilien-suulake","22":"product_tag-marka-suulake","23":"product_tag-vesi","24":"product_shipping_class-matkahuolto-s-10-x-40-x-55-cm","25":"_wholesalex wsx-wholesalex-product","27":"first","28":"instock","29":"featured","30":"shipping-taxable","31":"purchasable","32":"product-type-simple"},"yoast_head":"<!-- This site is optimized with the Yoast SEO plugin v27.3 - https:\/\/yoast.com\/product\/yoast-seo-wordpress\/ -->\n<title>Iso kirkas vesisuulake - Nesteiden ja vesivahinkojen imurointiin<\/title>\n<meta name=\"description\" content=\"Iso kirkas vesisuulake - sopii kaikkiin malleihin ja m\u00e4rk\u00e4pesuriin. Tehokas lis\u00e4varuste suurten nestem\u00e4\u00e4rien, vesivahinkojen ja kosteiden tekstiilien imurointiin.\" \/>\n<meta name=\"robots\" content=\"index, follow, max-snippet:-1, max-image-preview:large, max-video-preview:-1\" \/>\n<link rel=\"canonical\" href=\"https:\/\/hylajams.fi\/?product=iso-kirkas-vesisulake\" \/>\n<meta property=\"og:locale\" content=\"fi_FI\" \/>\n<meta property=\"og:type\" content=\"article\" \/>\n<meta property=\"og:title\" content=\"Iso kirkas vesisuulake - Nesteiden ja vesivahinkojen imurointiin\" \/>\n<meta property=\"og:description\" content=\"Iso kirkas vesisuulake - sopii kaikkiin malleihin ja m\u00e4rk\u00e4pesuriin. Tehokas lis\u00e4varuste suurten nestem\u00e4\u00e4rien, vesivahinkojen ja kosteiden tekstiilien imurointiin.\" \/>\n<meta property=\"og:url\" content=\"https:\/\/hylajams.fi\/?product=iso-kirkas-vesisulake\" \/>\n<meta property=\"og:site_name\" content=\"Hyla Jams Verkkokauppa\" \/>\n<meta property=\"article:modified_time\" content=\"2026-02-27T18:12:00+00:00\" \/>\n<meta property=\"og:image\" content=\"https:\/\/hylajams.fi\/wp-content\/uploads\/2023\/10\/45410-Iso-kirkassuulake.png\" \/>\n\t<meta property=\"og:image:width\" content=\"600\" \/>\n\t<meta property=\"og:image:height\" content=\"600\" \/>\n\t<meta property=\"og:image:type\" content=\"image\/png\" \/>\n<meta name=\"twitter:card\" content=\"summary_large_image\" \/>\n<meta name=\"twitter:label1\" content=\"Arvioitu lukuaika\" \/>\n\t<meta name=\"twitter:data1\" content=\"2 minuuttia\" \/>\n<script type=\"application\/ld+json\" class=\"yoast-schema-graph\">{\"@context\":\"https:\\\/\\\/schema.org\",\"@graph\":[{\"@type\":\"WebPage\",\"@id\":\"https:\\\/\\\/hylajams.fi\\\/?product=iso-kirkas-vesisulake\",\"url\":\"https:\\\/\\\/hylajams.fi\\\/?product=iso-kirkas-vesisulake\",\"name\":\"Iso kirkas vesisuulake - Nesteiden ja vesivahinkojen imurointiin\",\"isPartOf\":{\"@id\":\"https:\\\/\\\/hylajams.fi\\\/#website\"},\"primaryImageOfPage\":{\"@id\":\"https:\\\/\\\/hylajams.fi\\\/?product=iso-kirkas-vesisulake#primaryimage\"},\"image\":{\"@id\":\"https:\\\/\\\/hylajams.fi\\\/?product=iso-kirkas-vesisulake#primaryimage\"},\"thumbnailUrl\":\"https:\\\/\\\/hylajams.fi\\\/wp-content\\\/uploads\\\/2023\\\/10\\\/45410-Iso-kirkassuulake.png\",\"datePublished\":\"2023-10-24T16:58:27+00:00\",\"dateModified\":\"2026-02-27T18:12:00+00:00\",\"description\":\"Iso kirkas vesisuulake - sopii kaikkiin malleihin ja m\u00e4rk\u00e4pesuriin. Tehokas lis\u00e4varuste suurten nestem\u00e4\u00e4rien, vesivahinkojen ja kosteiden tekstiilien imurointiin.\",\"breadcrumb\":{\"@id\":\"https:\\\/\\\/hylajams.fi\\\/?product=iso-kirkas-vesisulake#breadcrumb\"},\"inLanguage\":\"fi\",\"potentialAction\":[{\"@type\":\"ReadAction\",\"target\":[\"https:\\\/\\\/hylajams.fi\\\/?product=iso-kirkas-vesisulake\"]}]},{\"@type\":\"ImageObject\",\"inLanguage\":\"fi\",\"@id\":\"https:\\\/\\\/hylajams.fi\\\/?product=iso-kirkas-vesisulake#primaryimage\",\"url\":\"https:\\\/\\\/hylajams.fi\\\/wp-content\\\/uploads\\\/2023\\\/10\\\/45410-Iso-kirkassuulake.png\",\"contentUrl\":\"https:\\\/\\\/hylajams.fi\\\/wp-content\\\/uploads\\\/2023\\\/10\\\/45410-Iso-kirkassuulake.png\",\"width\":600,\"height\":600,\"caption\":\"Iso kirkas vesisuulake\"},{\"@type\":\"BreadcrumbList\",\"@id\":\"https:\\\/\\\/hylajams.fi\\\/?product=iso-kirkas-vesisulake#breadcrumb\",\"itemListElement\":[{\"@type\":\"ListItem\",\"position\":1,\"name\":\"Etusivu\",\"item\":\"https:\\\/\\\/hylajams.fi\\\/\"},{\"@type\":\"ListItem\",\"position\":2,\"name\":\"VERKKOKAUPPA\",\"item\":\"https:\\\/\\\/hylajams.fi\\\/?page_id=9\"},{\"@type\":\"ListItem\",\"position\":3,\"name\":\"45410 Hyla iso kirkas vesisuulake\"}]},{\"@type\":\"WebSite\",\"@id\":\"https:\\\/\\\/hylajams.fi\\\/#website\",\"url\":\"https:\\\/\\\/hylajams.fi\\\/\",\"name\":\"Hyla Jams Verkkokauppa\",\"description\":\"Hyla ilman- ja huoneen puhdistusj\u00e4rjestelm\u00e4 Suomessa\",\"publisher\":{\"@id\":\"https:\\\/\\\/hylajams.fi\\\/#organization\"},\"potentialAction\":[{\"@type\":\"SearchAction\",\"target\":{\"@type\":\"EntryPoint\",\"urlTemplate\":\"https:\\\/\\\/hylajams.fi\\\/?s={search_term_string}\"},\"query-input\":{\"@type\":\"PropertyValueSpecification\",\"valueRequired\":true,\"valueName\":\"search_term_string\"}}],\"inLanguage\":\"fi\"},{\"@type\":\"Organization\",\"@id\":\"https:\\\/\\\/hylajams.fi\\\/#organization\",\"name\":\"Hyla Jams Verkkokauppa\",\"url\":\"https:\\\/\\\/hylajams.fi\\\/\",\"logo\":{\"@type\":\"ImageObject\",\"inLanguage\":\"fi\",\"@id\":\"https:\\\/\\\/hylajams.fi\\\/#\\\/schema\\\/logo\\\/image\\\/\",\"url\":\"https:\\\/\\\/hylajams.fi\\\/wp-content\\\/uploads\\\/2025\\\/02\\\/Logo-1-2.jpg\",\"contentUrl\":\"https:\\\/\\\/hylajams.fi\\\/wp-content\\\/uploads\\\/2025\\\/02\\\/Logo-1-2.jpg\",\"width\":500,\"height\":500,\"caption\":\"Hyla Jams Verkkokauppa\"},\"image\":{\"@id\":\"https:\\\/\\\/hylajams.fi\\\/#\\\/schema\\\/logo\\\/image\\\/\"},\"sameAs\":[\"https:\\\/\\\/www.instagram.com\\\/hylasiivous\\\/\"]}]}<\/script>\n<!-- \/ Yoast SEO plugin. -->","yoast_head_json":{"title":"Iso kirkas vesisuulake - Nesteiden ja vesivahinkojen imurointiin","description":"Iso kirkas vesisuulake - sopii kaikkiin malleihin ja m\u00e4rk\u00e4pesuriin. Tehokas lis\u00e4varuste suurten nestem\u00e4\u00e4rien, vesivahinkojen ja kosteiden tekstiilien imurointiin.","robots":{"index":"index","follow":"follow","max-snippet":"max-snippet:-1","max-image-preview":"max-image-preview:large","max-video-preview":"max-video-preview:-1"},"canonical":"https:\/\/hylajams.fi\/?product=iso-kirkas-vesisulake","og_locale":"fi_FI","og_type":"article","og_title":"Iso kirkas vesisuulake - Nesteiden ja vesivahinkojen imurointiin","og_description":"Iso kirkas vesisuulake - sopii kaikkiin malleihin ja m\u00e4rk\u00e4pesuriin. Tehokas lis\u00e4varuste suurten nestem\u00e4\u00e4rien, vesivahinkojen ja kosteiden tekstiilien imurointiin.","og_url":"https:\/\/hylajams.fi\/?product=iso-kirkas-vesisulake","og_site_name":"Hyla Jams Verkkokauppa","article_modified_time":"2026-02-27T18:12:00+00:00","og_image":[{"width":600,"height":600,"url":"https:\/\/hylajams.fi\/wp-content\/uploads\/2023\/10\/45410-Iso-kirkassuulake.png","type":"image\/png"}],"twitter_card":"summary_large_image","twitter_misc":{"Arvioitu lukuaika":"2 minuuttia"},"schema":{"@context":"https:\/\/schema.org","@graph":[{"@type":"WebPage","@id":"https:\/\/hylajams.fi\/?product=iso-kirkas-vesisulake","url":"https:\/\/hylajams.fi\/?product=iso-kirkas-vesisulake","name":"Iso kirkas vesisuulake - Nesteiden ja vesivahinkojen imurointiin","isPartOf":{"@id":"https:\/\/hylajams.fi\/#website"},"primaryImageOfPage":{"@id":"https:\/\/hylajams.fi\/?product=iso-kirkas-vesisulake#primaryimage"},"image":{"@id":"https:\/\/hylajams.fi\/?product=iso-kirkas-vesisulake#primaryimage"},"thumbnailUrl":"https:\/\/hylajams.fi\/wp-content\/uploads\/2023\/10\/45410-Iso-kirkassuulake.png","datePublished":"2023-10-24T16:58:27+00:00","dateModified":"2026-02-27T18:12:00+00:00","description":"Iso kirkas vesisuulake - sopii kaikkiin malleihin ja m\u00e4rk\u00e4pesuriin. Tehokas lis\u00e4varuste suurten nestem\u00e4\u00e4rien, vesivahinkojen ja kosteiden tekstiilien imurointiin.","breadcrumb":{"@id":"https:\/\/hylajams.fi\/?product=iso-kirkas-vesisulake#breadcrumb"},"inLanguage":"fi","potentialAction":[{"@type":"ReadAction","target":["https:\/\/hylajams.fi\/?product=iso-kirkas-vesisulake"]}]},{"@type":"ImageObject","inLanguage":"fi","@id":"https:\/\/hylajams.fi\/?product=iso-kirkas-vesisulake#primaryimage","url":"https:\/\/hylajams.fi\/wp-content\/uploads\/2023\/10\/45410-Iso-kirkassuulake.png","contentUrl":"https:\/\/hylajams.fi\/wp-content\/uploads\/2023\/10\/45410-Iso-kirkassuulake.png","width":600,"height":600,"caption":"Iso kirkas vesisuulake"},{"@type":"BreadcrumbList","@id":"https:\/\/hylajams.fi\/?product=iso-kirkas-vesisulake#breadcrumb","itemListElement":[{"@type":"ListItem","position":1,"name":"Etusivu","item":"https:\/\/hylajams.fi\/"},{"@type":"ListItem","position":2,"name":"VERKKOKAUPPA","item":"https:\/\/hylajams.fi\/?page_id=9"},{"@type":"ListItem","position":3,"name":"45410 Hyla iso kirkas vesisuulake"}]},{"@type":"WebSite","@id":"https:\/\/hylajams.fi\/#website","url":"https:\/\/hylajams.fi\/","name":"Hyla Jams Verkkokauppa","description":"Hyla ilman- ja huoneen puhdistusj\u00e4rjestelm\u00e4 Suomessa","publisher":{"@id":"https:\/\/hylajams.fi\/#organization"},"potentialAction":[{"@type":"SearchAction","target":{"@type":"EntryPoint","urlTemplate":"https:\/\/hylajams.fi\/?s={search_term_string}"},"query-input":{"@type":"PropertyValueSpecification","valueRequired":true,"valueName":"search_term_string"}}],"inLanguage":"fi"},{"@type":"Organization","@id":"https:\/\/hylajams.fi\/#organization","name":"Hyla Jams Verkkokauppa","url":"https:\/\/hylajams.fi\/","logo":{"@type":"ImageObject","inLanguage":"fi","@id":"https:\/\/hylajams.fi\/#\/schema\/logo\/image\/","url":"https:\/\/hylajams.fi\/wp-content\/uploads\/2025\/02\/Logo-1-2.jpg","contentUrl":"https:\/\/hylajams.fi\/wp-content\/uploads\/2025\/02\/Logo-1-2.jpg","width":500,"height":500,"caption":"Hyla Jams Verkkokauppa"},"image":{"@id":"https:\/\/hylajams.fi\/#\/schema\/logo\/image\/"},"sameAs":["https:\/\/www.instagram.com\/hylasiivous\/"]}]}},"_links":{"self":[{"href":"https:\/\/hylajams.fi\/index.php?rest_route=\/wp\/v2\/product\/5994","targetHints":{"allow":["GET"]}}],"collection":[{"href":"https:\/\/hylajams.fi\/index.php?rest_route=\/wp\/v2\/product"}],"about":[{"href":"https:\/\/hylajams.fi\/index.php?rest_route=\/wp\/v2\/types\/product"}],"version-history":[{"count":5,"href":"https:\/\/hylajams.fi\/index.php?rest_route=\/wp\/v2\/product\/5994\/revisions"}],"predecessor-version":[{"id":13154,"href":"https:\/\/hylajams.fi\/index.php?rest_route=\/wp\/v2\/product\/5994\/revisions\/13154"}],"wp:featuredmedia":[{"embeddable":true,"href":"https:\/\/hylajams.fi\/index.php?rest_route=\/wp\/v2\/media\/6001"}],"wp:attachment":[{"href":"https:\/\/hylajams.fi\/index.php?rest_route=%2Fwp%2Fv2%2Fmedia&parent=5994"}],"wp:term":[{"taxonomy":"product_brand","embeddable":true,"href":"https:\/\/hylajams.fi\/index.php?rest_route=%2Fwp%2Fv2%2Fproduct_brand&post=5994"},{"taxonomy":"product_cat","embeddable":true,"href":"https:\/\/hylajams.fi\/index.php?rest_route=%2Fwp%2Fv2%2Fproduct_cat&post=5994"},{"taxonomy":"product_tag","embeddable":true,"href":"https:\/\/hylajams.fi\/index.php?rest_route=%2Fwp%2Fv2%2Fproduct_tag&post=5994"}],"curies":[{"name":"wp","href":"https:\/\/api.w.org\/{rel}","templated":true}]}}