{"id":5990,"date":"2023-10-24T18:39:49","date_gmt":"2023-10-24T15:39:49","guid":{"rendered":"https:\/\/hylajams.fi\/?post_type=product&#038;p=5990"},"modified":"2026-02-27T20:15:58","modified_gmt":"2026-02-27T18:15:58","slug":"pieni-kirkas-sulake","status":"publish","type":"product","link":"https:\/\/hylajams.fi\/?product=pieni-kirkas-sulake","title":{"rendered":"46074 Hyla Pieni kirkas vesisuulake"},"content":{"rendered":"<p data-start=\"403\" data-end=\"662\"><strong>Pieni kirkas suulake (15 cm leve\u00e4)<\/strong> on monipuolinen lis\u00e4varuste, joka tekee siivouksesta entist\u00e4 helpompaa ja tarkempaa. Suulakkeen l\u00e4pin\u00e4kyv\u00e4 muotoilu mahdollistaa tarkan n\u00e4kyvyyden imuroinnin aikana, joten n\u00e4et heti, mit\u00e4 kaikkea se poistaa pinnoilta.<\/p>\n<p data-start=\"403\" data-end=\"662\"><img fetchpriority=\"high\" decoding=\"async\" class=\"alignnone wp-image-11270 size-medium\" src=\"https:\/\/hylajams.fi\/wp-content\/uploads\/2021\/08\/46074-Kirkas-suulake6-263x300.png\" alt=\"pieni kirkas suulake \u2013 l\u00e4pin\u00e4kyv\u00e4 lis\u00e4varuste nesteiden ja p\u00f6lyn imurointiin\" width=\"263\" height=\"300\" srcset=\"https:\/\/hylajams.fi\/wp-content\/uploads\/2021\/08\/46074-Kirkas-suulake6-263x300.png 263w, https:\/\/hylajams.fi\/wp-content\/uploads\/2021\/08\/46074-Kirkas-suulake6.png 404w\" sizes=\"(max-width: 263px) 100vw, 263px\" \/><\/p>\n<p data-start=\"664\" data-end=\"1025\"><strong>Pieni kirkas suulake<\/strong> sopii t\u00e4ydellisesti kodin ja auton sis\u00e4tilojen huolelliseen siivoukseen. Se imee tehokkaasti p\u00f6ly\u00e4, likaa ja erityisesti nesteit\u00e4 eri pinnoilta \u2013 kuten sohvilta, patjoilta, auton istuimilta ja lattialta. Olipa kyseess\u00e4 kaatunut juoma, kostea matto tai tekstiilipintojen syv\u00e4puhdistus, pieni kirkas suulake hoitaa teht\u00e4v\u00e4n nopeasti ja tehokkaasti.<\/p>\n<p data-start=\"1027\" data-end=\"1252\">Suulake voidaan yhdist\u00e4\u00e4 my\u00f6s verhosuulakkeeseen, jolloin k\u00e4ytt\u00f6mahdollisuudet laajenevat entisest\u00e4\u00e4n. Sopivan kokonsa ansiosta se sopii erityisesti ahtaisiin paikkoihin, joissa suuremmat suulakkeet eiv\u00e4t mahdu toimimaan.<\/p>\n<p data-start=\"1254\" data-end=\"1271\">K\u00e4ytt\u00f6kohteita:<\/p>\n<ul>\n<li data-start=\"1274\" data-end=\"1296\">Sohvat ja nojatuolit<\/li>\n<li data-start=\"1299\" data-end=\"1318\">Vuoteet ja patjat<\/li>\n<li data-start=\"1321\" data-end=\"1348\">Auton istuimet ja lattiat<\/li>\n<li data-start=\"1351\" data-end=\"1377\">Matot ja tekstiilipinnat<\/li>\n<li data-start=\"1380\" data-end=\"1411\">Lattiapinnat ja ahtaat paikat<\/li>\n<li data-start=\"1414\" data-end=\"1452\">Pienet roiskeet ja kaatuneet nesteet<\/li>\n<\/ul>\n<p data-start=\"1454\" data-end=\"1570\">T\u00e4m\u00e4 kirkas suulake on yhteensopiva kaikkien Hyla-mallien (EST, GST ja NST) kanssa ja toimii my\u00f6s m\u00e4rk\u00e4pesureissa.<\/p>\n<p><strong><a href=\"https:\/\/hylajams.fi\/?page_id=7252\">HYLA EST TUOTTEET<\/a><\/strong><\/p>\n<p><strong><a href=\"https:\/\/hylajams.fi\/?page_id=8366\">HYLA GST TUOTTEET<\/a><\/strong><\/p>\n<p><strong><a href=\"https:\/\/hylajams.fi\/?page_id=8371\">HYLA NST TUOTTEET<\/a><\/strong><\/p>\n<p><strong><a href=\"https:\/\/www.hyla.com\/products\/products\"><span dir=\"auto\">HYLA INTERNATIONAL<\/span><\/a><\/strong><\/p>\n","protected":false},"excerpt":{"rendered":"<p><strong>Pieni kirkas suulake (EST, GST, NST)<\/strong><\/p>\n<p>K\u00e4teen mukavasti sopiva ja l\u00e4pin\u00e4kyv\u00e4 kirkas vesisuulake, joka sopii kaikkiin Hyla-malleihin. Erinomainen nesteiden, p\u00f6lyn ja lian imurointiin sohvilta, autoista, vuoteista ja pienist\u00e4 tiloista.<\/p>\n<ul>\n<li>Suulakkeeseen ei kuulu muita osia.<\/li>\n<li>L\u00e4pin\u00e4kyv\u00e4 suulake, joka voidaan yhdist\u00e4\u00e4 verhosuulakkeeseen.<\/li>\n<li>Suulakkeella voidaan ime\u00e4 nesteit\u00e4 sohvilta, vuoteesta, auton lattioilta\/istuimilta, matoilta, lattiapinnoilta, pienist\u00e4 paikoista ja erilaisilta muilta pinnoilta.<\/li>\n<li>Leveys 15 cm.<\/li>\n<li>Sopii my\u00f6s kaikkiin Hyla malleihin sek\u00e4 m\u00e4rk\u00e4pesureihin.<\/li>\n<\/ul>\n","protected":false},"featured_media":5991,"template":"","meta":[],"product_brand":[],"product_cat":[952,950,946,945,773,774,775,290,942,941],"product_tag":[1131,1635,918,1234,1636,1637,1638,178,901],"class_list":{"0":"post-5990","1":"product","2":"type-product","3":"status-publish","4":"has-post-thumbnail","6":"product_cat-est-lisatarvikkeet","7":"product_cat-est-suulakkeet-ja-harjat","8":"product_cat-hyla-gst-lisatarvikkeet","9":"product_cat-hyla-gst-suulakkeet-ja-harjat","10":"product_cat-hyla-est","11":"product_cat-hyla-gst","12":"product_cat-hyla-nst","13":"product_cat-hylan-lisatarvikkeet","14":"product_cat-hyla-nst-lisatarvikkeet","15":"product_cat-hyla-nst-suulakkeet","16":"product_tag-hyla-lisavaruste","17":"product_tag-hyla-pieni-kirkas-vesisuulake","18":"product_tag-marka-suulake","19":"product_tag-pieni-kirkas-suulake","20":"product_tag-pieni-marka-suulake","21":"product_tag-pieni-vesi-suulake","22":"product_tag-pienten-tekstiilien-suulake","23":"product_tag-verhosuulake","24":"product_tag-vesi","25":"product_shipping_class-matkahuolto-s-10-x-40-x-55-cm","26":"_wholesalex wsx-wholesalex-product","28":"first","29":"instock","30":"featured","31":"shipping-taxable","32":"purchasable","33":"product-type-simple"},"yoast_head":"<!-- This site is optimized with the Yoast SEO plugin v27.3 - https:\/\/yoast.com\/product\/yoast-seo-wordpress\/ -->\n<title>Pieni kirkas suulake \u2013 Pieni l\u00e4pin\u00e4kyv\u00e4 suulake kaikkiin malleihin<\/title>\n<meta name=\"description\" content=\"Pieni kirkas suulake - L\u00e4pin\u00e4kyv\u00e4 15 cm suulake nesteiden, p\u00f6lyn ja lian imurointiin sohvilta, autoista ja kodin pinnoilta.\" \/>\n<meta name=\"robots\" content=\"index, follow, max-snippet:-1, max-image-preview:large, max-video-preview:-1\" \/>\n<link rel=\"canonical\" href=\"https:\/\/hylajams.fi\/?product=pieni-kirkas-sulake\" \/>\n<meta property=\"og:locale\" content=\"fi_FI\" \/>\n<meta property=\"og:type\" content=\"article\" \/>\n<meta property=\"og:title\" content=\"Pieni kirkas suulake \u2013 Pieni l\u00e4pin\u00e4kyv\u00e4 suulake kaikkiin malleihin\" \/>\n<meta property=\"og:description\" content=\"Pieni kirkas suulake - L\u00e4pin\u00e4kyv\u00e4 15 cm suulake nesteiden, p\u00f6lyn ja lian imurointiin sohvilta, autoista ja kodin pinnoilta.\" \/>\n<meta property=\"og:url\" content=\"https:\/\/hylajams.fi\/?product=pieni-kirkas-sulake\" \/>\n<meta property=\"og:site_name\" content=\"Hyla Jams Verkkokauppa\" \/>\n<meta property=\"article:modified_time\" content=\"2026-02-27T18:15:58+00:00\" \/>\n<meta property=\"og:image\" content=\"https:\/\/hylajams.fi\/wp-content\/uploads\/2023\/10\/46074-Kirkas-suulake.png\" \/>\n\t<meta property=\"og:image:width\" content=\"600\" \/>\n\t<meta property=\"og:image:height\" content=\"600\" \/>\n\t<meta property=\"og:image:type\" content=\"image\/png\" \/>\n<meta name=\"twitter:card\" content=\"summary_large_image\" \/>\n<meta name=\"twitter:label1\" content=\"Arvioitu lukuaika\" \/>\n\t<meta name=\"twitter:data1\" content=\"2 minuuttia\" \/>\n<script type=\"application\/ld+json\" class=\"yoast-schema-graph\">{\"@context\":\"https:\\\/\\\/schema.org\",\"@graph\":[{\"@type\":\"WebPage\",\"@id\":\"https:\\\/\\\/hylajams.fi\\\/?product=pieni-kirkas-sulake\",\"url\":\"https:\\\/\\\/hylajams.fi\\\/?product=pieni-kirkas-sulake\",\"name\":\"Pieni kirkas suulake \u2013 Pieni l\u00e4pin\u00e4kyv\u00e4 suulake kaikkiin malleihin\",\"isPartOf\":{\"@id\":\"https:\\\/\\\/hylajams.fi\\\/#website\"},\"primaryImageOfPage\":{\"@id\":\"https:\\\/\\\/hylajams.fi\\\/?product=pieni-kirkas-sulake#primaryimage\"},\"image\":{\"@id\":\"https:\\\/\\\/hylajams.fi\\\/?product=pieni-kirkas-sulake#primaryimage\"},\"thumbnailUrl\":\"https:\\\/\\\/hylajams.fi\\\/wp-content\\\/uploads\\\/2023\\\/10\\\/46074-Kirkas-suulake.png\",\"datePublished\":\"2023-10-24T15:39:49+00:00\",\"dateModified\":\"2026-02-27T18:15:58+00:00\",\"description\":\"Pieni kirkas suulake - L\u00e4pin\u00e4kyv\u00e4 15 cm suulake nesteiden, p\u00f6lyn ja lian imurointiin sohvilta, autoista ja kodin pinnoilta.\",\"breadcrumb\":{\"@id\":\"https:\\\/\\\/hylajams.fi\\\/?product=pieni-kirkas-sulake#breadcrumb\"},\"inLanguage\":\"fi\",\"potentialAction\":[{\"@type\":\"ReadAction\",\"target\":[\"https:\\\/\\\/hylajams.fi\\\/?product=pieni-kirkas-sulake\"]}]},{\"@type\":\"ImageObject\",\"inLanguage\":\"fi\",\"@id\":\"https:\\\/\\\/hylajams.fi\\\/?product=pieni-kirkas-sulake#primaryimage\",\"url\":\"https:\\\/\\\/hylajams.fi\\\/wp-content\\\/uploads\\\/2023\\\/10\\\/46074-Kirkas-suulake.png\",\"contentUrl\":\"https:\\\/\\\/hylajams.fi\\\/wp-content\\\/uploads\\\/2023\\\/10\\\/46074-Kirkas-suulake.png\",\"width\":600,\"height\":600,\"caption\":\"Pieni kirkas suulake\"},{\"@type\":\"BreadcrumbList\",\"@id\":\"https:\\\/\\\/hylajams.fi\\\/?product=pieni-kirkas-sulake#breadcrumb\",\"itemListElement\":[{\"@type\":\"ListItem\",\"position\":1,\"name\":\"Etusivu\",\"item\":\"https:\\\/\\\/hylajams.fi\\\/\"},{\"@type\":\"ListItem\",\"position\":2,\"name\":\"VERKKOKAUPPA\",\"item\":\"https:\\\/\\\/hylajams.fi\\\/?page_id=9\"},{\"@type\":\"ListItem\",\"position\":3,\"name\":\"46074 Hyla Pieni kirkas vesisuulake\"}]},{\"@type\":\"WebSite\",\"@id\":\"https:\\\/\\\/hylajams.fi\\\/#website\",\"url\":\"https:\\\/\\\/hylajams.fi\\\/\",\"name\":\"Hyla Jams Verkkokauppa\",\"description\":\"Hyla ilman- ja huoneen puhdistusj\u00e4rjestelm\u00e4 Suomessa\",\"publisher\":{\"@id\":\"https:\\\/\\\/hylajams.fi\\\/#organization\"},\"potentialAction\":[{\"@type\":\"SearchAction\",\"target\":{\"@type\":\"EntryPoint\",\"urlTemplate\":\"https:\\\/\\\/hylajams.fi\\\/?s={search_term_string}\"},\"query-input\":{\"@type\":\"PropertyValueSpecification\",\"valueRequired\":true,\"valueName\":\"search_term_string\"}}],\"inLanguage\":\"fi\"},{\"@type\":\"Organization\",\"@id\":\"https:\\\/\\\/hylajams.fi\\\/#organization\",\"name\":\"Hyla Jams Verkkokauppa\",\"url\":\"https:\\\/\\\/hylajams.fi\\\/\",\"logo\":{\"@type\":\"ImageObject\",\"inLanguage\":\"fi\",\"@id\":\"https:\\\/\\\/hylajams.fi\\\/#\\\/schema\\\/logo\\\/image\\\/\",\"url\":\"https:\\\/\\\/hylajams.fi\\\/wp-content\\\/uploads\\\/2025\\\/02\\\/Logo-1-2.jpg\",\"contentUrl\":\"https:\\\/\\\/hylajams.fi\\\/wp-content\\\/uploads\\\/2025\\\/02\\\/Logo-1-2.jpg\",\"width\":500,\"height\":500,\"caption\":\"Hyla Jams Verkkokauppa\"},\"image\":{\"@id\":\"https:\\\/\\\/hylajams.fi\\\/#\\\/schema\\\/logo\\\/image\\\/\"},\"sameAs\":[\"https:\\\/\\\/www.instagram.com\\\/hylasiivous\\\/\"]}]}<\/script>\n<!-- \/ Yoast SEO plugin. -->","yoast_head_json":{"title":"Pieni kirkas suulake \u2013 Pieni l\u00e4pin\u00e4kyv\u00e4 suulake kaikkiin malleihin","description":"Pieni kirkas suulake - L\u00e4pin\u00e4kyv\u00e4 15 cm suulake nesteiden, p\u00f6lyn ja lian imurointiin sohvilta, autoista ja kodin pinnoilta.","robots":{"index":"index","follow":"follow","max-snippet":"max-snippet:-1","max-image-preview":"max-image-preview:large","max-video-preview":"max-video-preview:-1"},"canonical":"https:\/\/hylajams.fi\/?product=pieni-kirkas-sulake","og_locale":"fi_FI","og_type":"article","og_title":"Pieni kirkas suulake \u2013 Pieni l\u00e4pin\u00e4kyv\u00e4 suulake kaikkiin malleihin","og_description":"Pieni kirkas suulake - L\u00e4pin\u00e4kyv\u00e4 15 cm suulake nesteiden, p\u00f6lyn ja lian imurointiin sohvilta, autoista ja kodin pinnoilta.","og_url":"https:\/\/hylajams.fi\/?product=pieni-kirkas-sulake","og_site_name":"Hyla Jams Verkkokauppa","article_modified_time":"2026-02-27T18:15:58+00:00","og_image":[{"width":600,"height":600,"url":"https:\/\/hylajams.fi\/wp-content\/uploads\/2023\/10\/46074-Kirkas-suulake.png","type":"image\/png"}],"twitter_card":"summary_large_image","twitter_misc":{"Arvioitu lukuaika":"2 minuuttia"},"schema":{"@context":"https:\/\/schema.org","@graph":[{"@type":"WebPage","@id":"https:\/\/hylajams.fi\/?product=pieni-kirkas-sulake","url":"https:\/\/hylajams.fi\/?product=pieni-kirkas-sulake","name":"Pieni kirkas suulake \u2013 Pieni l\u00e4pin\u00e4kyv\u00e4 suulake kaikkiin malleihin","isPartOf":{"@id":"https:\/\/hylajams.fi\/#website"},"primaryImageOfPage":{"@id":"https:\/\/hylajams.fi\/?product=pieni-kirkas-sulake#primaryimage"},"image":{"@id":"https:\/\/hylajams.fi\/?product=pieni-kirkas-sulake#primaryimage"},"thumbnailUrl":"https:\/\/hylajams.fi\/wp-content\/uploads\/2023\/10\/46074-Kirkas-suulake.png","datePublished":"2023-10-24T15:39:49+00:00","dateModified":"2026-02-27T18:15:58+00:00","description":"Pieni kirkas suulake - L\u00e4pin\u00e4kyv\u00e4 15 cm suulake nesteiden, p\u00f6lyn ja lian imurointiin sohvilta, autoista ja kodin pinnoilta.","breadcrumb":{"@id":"https:\/\/hylajams.fi\/?product=pieni-kirkas-sulake#breadcrumb"},"inLanguage":"fi","potentialAction":[{"@type":"ReadAction","target":["https:\/\/hylajams.fi\/?product=pieni-kirkas-sulake"]}]},{"@type":"ImageObject","inLanguage":"fi","@id":"https:\/\/hylajams.fi\/?product=pieni-kirkas-sulake#primaryimage","url":"https:\/\/hylajams.fi\/wp-content\/uploads\/2023\/10\/46074-Kirkas-suulake.png","contentUrl":"https:\/\/hylajams.fi\/wp-content\/uploads\/2023\/10\/46074-Kirkas-suulake.png","width":600,"height":600,"caption":"Pieni kirkas suulake"},{"@type":"BreadcrumbList","@id":"https:\/\/hylajams.fi\/?product=pieni-kirkas-sulake#breadcrumb","itemListElement":[{"@type":"ListItem","position":1,"name":"Etusivu","item":"https:\/\/hylajams.fi\/"},{"@type":"ListItem","position":2,"name":"VERKKOKAUPPA","item":"https:\/\/hylajams.fi\/?page_id=9"},{"@type":"ListItem","position":3,"name":"46074 Hyla Pieni kirkas vesisuulake"}]},{"@type":"WebSite","@id":"https:\/\/hylajams.fi\/#website","url":"https:\/\/hylajams.fi\/","name":"Hyla Jams Verkkokauppa","description":"Hyla ilman- ja huoneen puhdistusj\u00e4rjestelm\u00e4 Suomessa","publisher":{"@id":"https:\/\/hylajams.fi\/#organization"},"potentialAction":[{"@type":"SearchAction","target":{"@type":"EntryPoint","urlTemplate":"https:\/\/hylajams.fi\/?s={search_term_string}"},"query-input":{"@type":"PropertyValueSpecification","valueRequired":true,"valueName":"search_term_string"}}],"inLanguage":"fi"},{"@type":"Organization","@id":"https:\/\/hylajams.fi\/#organization","name":"Hyla Jams Verkkokauppa","url":"https:\/\/hylajams.fi\/","logo":{"@type":"ImageObject","inLanguage":"fi","@id":"https:\/\/hylajams.fi\/#\/schema\/logo\/image\/","url":"https:\/\/hylajams.fi\/wp-content\/uploads\/2025\/02\/Logo-1-2.jpg","contentUrl":"https:\/\/hylajams.fi\/wp-content\/uploads\/2025\/02\/Logo-1-2.jpg","width":500,"height":500,"caption":"Hyla Jams Verkkokauppa"},"image":{"@id":"https:\/\/hylajams.fi\/#\/schema\/logo\/image\/"},"sameAs":["https:\/\/www.instagram.com\/hylasiivous\/"]}]}},"_links":{"self":[{"href":"https:\/\/hylajams.fi\/index.php?rest_route=\/wp\/v2\/product\/5990","targetHints":{"allow":["GET"]}}],"collection":[{"href":"https:\/\/hylajams.fi\/index.php?rest_route=\/wp\/v2\/product"}],"about":[{"href":"https:\/\/hylajams.fi\/index.php?rest_route=\/wp\/v2\/types\/product"}],"version-history":[{"count":5,"href":"https:\/\/hylajams.fi\/index.php?rest_route=\/wp\/v2\/product\/5990\/revisions"}],"predecessor-version":[{"id":13155,"href":"https:\/\/hylajams.fi\/index.php?rest_route=\/wp\/v2\/product\/5990\/revisions\/13155"}],"wp:featuredmedia":[{"embeddable":true,"href":"https:\/\/hylajams.fi\/index.php?rest_route=\/wp\/v2\/media\/5991"}],"wp:attachment":[{"href":"https:\/\/hylajams.fi\/index.php?rest_route=%2Fwp%2Fv2%2Fmedia&parent=5990"}],"wp:term":[{"taxonomy":"product_brand","embeddable":true,"href":"https:\/\/hylajams.fi\/index.php?rest_route=%2Fwp%2Fv2%2Fproduct_brand&post=5990"},{"taxonomy":"product_cat","embeddable":true,"href":"https:\/\/hylajams.fi\/index.php?rest_route=%2Fwp%2Fv2%2Fproduct_cat&post=5990"},{"taxonomy":"product_tag","embeddable":true,"href":"https:\/\/hylajams.fi\/index.php?rest_route=%2Fwp%2Fv2%2Fproduct_tag&post=5990"}],"curies":[{"name":"wp","href":"https:\/\/api.w.org\/{rel}","templated":true}]}}