{"id":58,"date":"2021-07-21T09:06:36","date_gmt":"2021-07-21T06:06:36","guid":{"rendered":"https:\/\/hylajams.fi\/?post_type=product&#038;p=58"},"modified":"2026-02-28T12:00:21","modified_gmt":"2026-02-28T10:00:21","slug":"hyla-nst-vesiastia","status":"publish","type":"product","link":"https:\/\/hylajams.fi\/?product=hyla-nst-vesiastia","title":{"rendered":"11150 Hyla NST Vesiastia"},"content":{"rendered":"<p data-start=\"440\" data-end=\"515\"><img fetchpriority=\"high\" decoding=\"async\" class=\"alignnone size-medium wp-image-11000\" src=\"https:\/\/hylajams.fi\/wp-content\/uploads\/2021\/07\/11150-NST-Vesiastia-1-300x169.jpg\" alt=\"\ud83d\udfe2 HYLA NST vesiastia \ud83d\udfe2 HYLA vesis\u00e4ili\u00f6 ruskea l\u00e4pin\u00e4kyv\u00e4 \ud83d\udfe2 HYLA NST varaosa\" width=\"300\" height=\"169\" srcset=\"https:\/\/hylajams.fi\/wp-content\/uploads\/2021\/07\/11150-NST-Vesiastia-1-300x169.jpg 300w, https:\/\/hylajams.fi\/wp-content\/uploads\/2021\/07\/11150-NST-Vesiastia-1-768x432.jpg 768w, https:\/\/hylajams.fi\/wp-content\/uploads\/2021\/07\/11150-NST-Vesiastia-1-600x338.jpg 600w, https:\/\/hylajams.fi\/wp-content\/uploads\/2021\/07\/11150-NST-Vesiastia-1.jpg 960w\" sizes=\"(max-width: 300px) 100vw, 300px\" \/><\/p>\n<p data-start=\"440\" data-end=\"515\"><strong data-start=\"440\" data-end=\"513\">HYLA NST -vesiastia \u2013 luotettava ja kest\u00e4v\u00e4 osa siivousj\u00e4rjestelm\u00e4\u00e4si<\/strong><\/p>\n<p data-start=\"440\" data-end=\"515\"><strong><a href=\"https:\/\/hylajams.fi\/?page_id=8371\">HYLA NST -j\u00e4rjestelm\u00e4n esittelysivulle<\/a><\/strong><\/p>\n<p data-start=\"517\" data-end=\"825\">HYLA NST -mallille suunniteltu vesiastia on valmistettu laadukkaasta ja kest\u00e4v\u00e4st\u00e4 l\u00e4pin\u00e4kyv\u00e4st\u00e4 ruskeas\u00e4vyisest\u00e4 muovista. L\u00e4pin\u00e4kyv\u00e4 materiaali tekee veden tason seuraamisesta helppoa ilman, ett\u00e4 astiaa tarvitsee irrottaa Hylan moottoriyksik\u00f6st\u00e4. T\u00e4m\u00e4 s\u00e4ili\u00f6 on suunniteltu kest\u00e4m\u00e4\u00e4n k\u00e4ytt\u00f6\u00e4 ja helpottamaan p\u00e4ivitt\u00e4ist\u00e4 siivousta.<\/p>\n<p data-start=\"827\" data-end=\"1073\">Astiaan on merkitty selke\u00e4 tappimerkki, jonka avulla voit varmistaa oikean vesim\u00e4\u00e4r\u00e4n. Vesiastia varmistaa laitteen tehokkaan toiminnan kaikissa tilanteissa \u2013 olipa kyse normaalista siivouksesta, ilman raikastamisesta tai m\u00e4rk\u00e4pesurin k\u00e4yt\u00f6st\u00e4.<\/p>\n<h5 data-start=\"827\" data-end=\"1073\"><span style=\"color: #0000ff;\"><strong>T\u00e4rke\u00e4\u00e4: \u00c4l\u00e4 k\u00e4ynnist\u00e4 Hylaa koskaan ilman vett\u00e4!<\/strong><\/span><\/h5>\n<h4 data-start=\"1075\" data-end=\"1093\">K\u00e4ytt\u00f6ohjeet:<\/h4>\n<ul data-start=\"1094\" data-end=\"1462\">\n<li data-start=\"1094\" data-end=\"1153\">\n<p data-start=\"1096\" data-end=\"1153\">T\u00e4yt\u00e4 astia aina v\u00e4hint\u00e4\u00e4n tappimerkkiin ennen k\u00e4ytt\u00f6\u00e4.<\/p>\n<\/li>\n<li data-start=\"1154\" data-end=\"1212\">\n<p data-start=\"1156\" data-end=\"1212\">M\u00e4rk\u00e4pesuria k\u00e4ytett\u00e4ess\u00e4 k\u00e4yt\u00e4 hieman v\u00e4hemm\u00e4n vett\u00e4.<\/p>\n<\/li>\n<li data-start=\"1213\" data-end=\"1278\">\n<p data-start=\"1215\" data-end=\"1278\">K\u00e4yt\u00e4 aina kylm\u00e4\u00e4 vett\u00e4 parhaan puhdistustuloksen saamiseksi.<\/p>\n<\/li>\n<li data-start=\"1279\" data-end=\"1339\">\n<p data-start=\"1281\" data-end=\"1339\">\u201dIlmanpesussa\u201d kylm\u00e4 vesi raikastaa huoneilman nopeasti.<\/p>\n<\/li>\n<li data-start=\"1340\" data-end=\"1379\">\n<p data-start=\"1342\" data-end=\"1379\">\u00c4l\u00e4 pese astiaa astianpesukoneessa.<\/p>\n<\/li>\n<li data-start=\"1380\" data-end=\"1462\">\n<p data-start=\"1382\" data-end=\"1462\">Tyhjenn\u00e4 ja huuhtele astia siivouksen j\u00e4lkeen pitk\u00e4ik\u00e4isyyden varmistamiseksi.<\/p>\n<\/li>\n<\/ul>\n<p><strong>Astian k\u00e4sittely HYLA NST -mallissa<\/strong><\/p>\n<p>Kun k\u00e4sittelet HYLA NST -mallin vesiastiaa, noudata seuraavia turvallisuusohjeita, jotta s\u00e4ilyt\u00e4t astian k\u00e4ytt\u00f6varmuuden ja rikkoontumisen.<\/p>\n<h4 data-start=\"1464\" data-end=\"1491\">Turvallinen k\u00e4sittely:<\/h4>\n<ul data-start=\"1492\" data-end=\"1713\">\n<li data-start=\"1492\" data-end=\"1528\">\n<p data-start=\"1494\" data-end=\"1528\">Nosta astia varovasti reunoista.<\/p>\n<\/li>\n<li data-start=\"1529\" data-end=\"1588\">\n<p data-start=\"1531\" data-end=\"1588\">V\u00e4lt\u00e4 liiallista taivuttamista tai \u00e4killisi\u00e4 liikkeit\u00e4.<\/p>\n<\/li>\n<li data-start=\"1589\" data-end=\"1642\">\n<p data-start=\"1591\" data-end=\"1642\">Pid\u00e4 nosto tasapainoisena, jotta astia ei v\u00e4\u00e4nny.<\/p>\n<\/li>\n<li data-start=\"1643\" data-end=\"1713\">\n<p data-start=\"1645\" data-end=\"1713\">Tarkista astian kunto s\u00e4\u00e4nn\u00f6llisesti, erityisesti reunojen osalta.<\/p>\n<\/li>\n<\/ul>\n<p data-start=\"1715\" data-end=\"1829\">Kun pid\u00e4t vesiastian hyv\u00e4ss\u00e4 kunnossa, varmistat HYLA NST -j\u00e4rjestelm\u00e4si tehokkaan toiminnan ja pitk\u00e4ik\u00e4isyyden.<\/p>\n<h5 data-start=\"4289\" data-end=\"4347\"><strong><a href=\"https:\/\/hylajams.fi\/?page_id=8371\">HYLA NST TUOTTEET<\/a><\/strong><\/h5>\n<h5><strong><a href=\"https:\/\/www.hyla.com\/products\/products\"><span dir=\"auto\">HYLA INTERNATIONAL<\/span><\/a><\/strong><\/h5>\n","protected":false},"excerpt":{"rendered":"<p><strong>HYLA NST -mallille tarkoitettu vesiastia<\/strong><\/p>\n<p>HYLA NST -vesiastia on kest\u00e4v\u00e4 ja l\u00e4pin\u00e4kyv\u00e4 vesis\u00e4ili\u00f6, joka sopii t\u00e4ydellisesti HYLA NST -malliin. Helppo t\u00e4ytt\u00e4\u00e4 ja pit\u00e4\u00e4 puhtaana \u2013 varmistaa laitteen tehokkaan ja pitk\u00e4ik\u00e4isen k\u00e4yt\u00f6n.<\/p>\n","protected":false},"featured_media":11000,"template":"","meta":[],"product_brand":[],"product_cat":[775,942,847],"product_tag":[1922,1921,1967,1862,1131,1792,953,1920,25],"class_list":{"0":"post-58","1":"product","2":"type-product","3":"status-publish","4":"has-post-thumbnail","6":"product_cat-hyla-nst","7":"product_cat-hyla-nst-lisatarvikkeet","8":"product_cat-hyla-nst-varaosat","9":"product_tag-est-vesiastia","10":"product_tag-gst-vesiastia","11":"product_tag-hyla-imuri","12":"product_tag-hyla-imuri-varaosa","13":"product_tag-hyla-lisavaruste","14":"product_tag-hyla-nst-lisaosa","15":"product_tag-hyla-nst-vesiastia","16":"product_tag-imurin-vesiastia","17":"product_tag-vesiastia","18":"product_shipping_class-posti-l-paketti-37x36x60-cm-35-kg","19":"_wholesalex wsx-wholesalex-product","21":"first","22":"instock","23":"featured","24":"shipping-taxable","25":"purchasable","26":"product-type-simple"},"yoast_head":"<!-- This site is optimized with the Yoast SEO plugin v27.3 - https:\/\/yoast.com\/product\/yoast-seo-wordpress\/ -->\n<title>HYLA NST vesiastia, kest\u00e4v\u00e4 varaosa ja helppo k\u00e4ytt\u00f6 | Hyla Jams<\/title>\n<meta name=\"description\" content=\"HYLA NST vesiastia on kest\u00e4v\u00e4 ja l\u00e4pin\u00e4kyv\u00e4. Helppo t\u00e4ytt\u00e4\u00e4, puhdistaa ja k\u00e4ytt\u00e4\u00e4 joka siivouksessa.\" \/>\n<meta name=\"robots\" content=\"index, follow, max-snippet:-1, max-image-preview:large, max-video-preview:-1\" \/>\n<link rel=\"canonical\" href=\"https:\/\/hylajams.fi\/?product=hyla-nst-vesiastia\" \/>\n<meta property=\"og:locale\" content=\"fi_FI\" \/>\n<meta property=\"og:type\" content=\"article\" \/>\n<meta property=\"og:title\" content=\"HYLA NST vesiastia, kest\u00e4v\u00e4 varaosa ja helppo k\u00e4ytt\u00f6 | Hyla Jams\" \/>\n<meta property=\"og:description\" content=\"HYLA NST vesiastia on kest\u00e4v\u00e4 ja l\u00e4pin\u00e4kyv\u00e4. Helppo t\u00e4ytt\u00e4\u00e4, puhdistaa ja k\u00e4ytt\u00e4\u00e4 joka siivouksessa.\" \/>\n<meta property=\"og:url\" content=\"https:\/\/hylajams.fi\/?product=hyla-nst-vesiastia\" \/>\n<meta property=\"og:site_name\" content=\"Hyla Jams Verkkokauppa\" \/>\n<meta property=\"article:modified_time\" content=\"2026-02-28T10:00:21+00:00\" \/>\n<meta property=\"og:image\" content=\"https:\/\/hylajams.fi\/wp-content\/uploads\/2021\/07\/11150-NST-Vesiastia-1.jpg\" \/>\n\t<meta property=\"og:image:width\" content=\"960\" \/>\n\t<meta property=\"og:image:height\" content=\"540\" \/>\n\t<meta property=\"og:image:type\" content=\"image\/jpeg\" \/>\n<meta name=\"twitter:card\" content=\"summary_large_image\" \/>\n<meta name=\"twitter:label1\" content=\"Arvioitu lukuaika\" \/>\n\t<meta name=\"twitter:data1\" content=\"2 minuuttia\" \/>\n<script type=\"application\/ld+json\" class=\"yoast-schema-graph\">{\"@context\":\"https:\\\/\\\/schema.org\",\"@graph\":[{\"@type\":\"WebPage\",\"@id\":\"https:\\\/\\\/hylajams.fi\\\/?product=hyla-nst-vesiastia\",\"url\":\"https:\\\/\\\/hylajams.fi\\\/?product=hyla-nst-vesiastia\",\"name\":\"HYLA NST vesiastia, kest\u00e4v\u00e4 varaosa ja helppo k\u00e4ytt\u00f6 | Hyla Jams\",\"isPartOf\":{\"@id\":\"https:\\\/\\\/hylajams.fi\\\/#website\"},\"primaryImageOfPage\":{\"@id\":\"https:\\\/\\\/hylajams.fi\\\/?product=hyla-nst-vesiastia#primaryimage\"},\"image\":{\"@id\":\"https:\\\/\\\/hylajams.fi\\\/?product=hyla-nst-vesiastia#primaryimage\"},\"thumbnailUrl\":\"https:\\\/\\\/hylajams.fi\\\/wp-content\\\/uploads\\\/2021\\\/07\\\/11150-NST-Vesiastia-1.jpg\",\"datePublished\":\"2021-07-21T06:06:36+00:00\",\"dateModified\":\"2026-02-28T10:00:21+00:00\",\"description\":\"HYLA NST vesiastia on kest\u00e4v\u00e4 ja l\u00e4pin\u00e4kyv\u00e4. Helppo t\u00e4ytt\u00e4\u00e4, puhdistaa ja k\u00e4ytt\u00e4\u00e4 joka siivouksessa.\",\"breadcrumb\":{\"@id\":\"https:\\\/\\\/hylajams.fi\\\/?product=hyla-nst-vesiastia#breadcrumb\"},\"inLanguage\":\"fi\",\"potentialAction\":[{\"@type\":\"ReadAction\",\"target\":[\"https:\\\/\\\/hylajams.fi\\\/?product=hyla-nst-vesiastia\"]}]},{\"@type\":\"ImageObject\",\"inLanguage\":\"fi\",\"@id\":\"https:\\\/\\\/hylajams.fi\\\/?product=hyla-nst-vesiastia#primaryimage\",\"url\":\"https:\\\/\\\/hylajams.fi\\\/wp-content\\\/uploads\\\/2021\\\/07\\\/11150-NST-Vesiastia-1.jpg\",\"contentUrl\":\"https:\\\/\\\/hylajams.fi\\\/wp-content\\\/uploads\\\/2021\\\/07\\\/11150-NST-Vesiastia-1.jpg\",\"width\":960,\"height\":540,\"caption\":\"\ud83d\udfe2 HYLA NST vesiastia \ud83d\udfe2 HYLA vesis\u00e4ili\u00f6 ruskea l\u00e4pin\u00e4kyv\u00e4 \ud83d\udfe2 HYLA NST varaosa\"},{\"@type\":\"BreadcrumbList\",\"@id\":\"https:\\\/\\\/hylajams.fi\\\/?product=hyla-nst-vesiastia#breadcrumb\",\"itemListElement\":[{\"@type\":\"ListItem\",\"position\":1,\"name\":\"Etusivu\",\"item\":\"https:\\\/\\\/hylajams.fi\\\/\"},{\"@type\":\"ListItem\",\"position\":2,\"name\":\"VERKKOKAUPPA\",\"item\":\"https:\\\/\\\/hylajams.fi\\\/?page_id=9\"},{\"@type\":\"ListItem\",\"position\":3,\"name\":\"11150 Hyla NST Vesiastia\"}]},{\"@type\":\"WebSite\",\"@id\":\"https:\\\/\\\/hylajams.fi\\\/#website\",\"url\":\"https:\\\/\\\/hylajams.fi\\\/\",\"name\":\"Hyla Jams Verkkokauppa\",\"description\":\"Hyla ilman- ja huoneen puhdistusj\u00e4rjestelm\u00e4 Suomessa\",\"publisher\":{\"@id\":\"https:\\\/\\\/hylajams.fi\\\/#organization\"},\"potentialAction\":[{\"@type\":\"SearchAction\",\"target\":{\"@type\":\"EntryPoint\",\"urlTemplate\":\"https:\\\/\\\/hylajams.fi\\\/?s={search_term_string}\"},\"query-input\":{\"@type\":\"PropertyValueSpecification\",\"valueRequired\":true,\"valueName\":\"search_term_string\"}}],\"inLanguage\":\"fi\"},{\"@type\":\"Organization\",\"@id\":\"https:\\\/\\\/hylajams.fi\\\/#organization\",\"name\":\"Hyla Jams Verkkokauppa\",\"url\":\"https:\\\/\\\/hylajams.fi\\\/\",\"logo\":{\"@type\":\"ImageObject\",\"inLanguage\":\"fi\",\"@id\":\"https:\\\/\\\/hylajams.fi\\\/#\\\/schema\\\/logo\\\/image\\\/\",\"url\":\"https:\\\/\\\/hylajams.fi\\\/wp-content\\\/uploads\\\/2025\\\/02\\\/Logo-1-2.jpg\",\"contentUrl\":\"https:\\\/\\\/hylajams.fi\\\/wp-content\\\/uploads\\\/2025\\\/02\\\/Logo-1-2.jpg\",\"width\":500,\"height\":500,\"caption\":\"Hyla Jams Verkkokauppa\"},\"image\":{\"@id\":\"https:\\\/\\\/hylajams.fi\\\/#\\\/schema\\\/logo\\\/image\\\/\"},\"sameAs\":[\"https:\\\/\\\/www.instagram.com\\\/hylasiivous\\\/\"]}]}<\/script>\n<!-- \/ Yoast SEO plugin. -->","yoast_head_json":{"title":"HYLA NST vesiastia, kest\u00e4v\u00e4 varaosa ja helppo k\u00e4ytt\u00f6 | Hyla Jams","description":"HYLA NST vesiastia on kest\u00e4v\u00e4 ja l\u00e4pin\u00e4kyv\u00e4. Helppo t\u00e4ytt\u00e4\u00e4, puhdistaa ja k\u00e4ytt\u00e4\u00e4 joka siivouksessa.","robots":{"index":"index","follow":"follow","max-snippet":"max-snippet:-1","max-image-preview":"max-image-preview:large","max-video-preview":"max-video-preview:-1"},"canonical":"https:\/\/hylajams.fi\/?product=hyla-nst-vesiastia","og_locale":"fi_FI","og_type":"article","og_title":"HYLA NST vesiastia, kest\u00e4v\u00e4 varaosa ja helppo k\u00e4ytt\u00f6 | Hyla Jams","og_description":"HYLA NST vesiastia on kest\u00e4v\u00e4 ja l\u00e4pin\u00e4kyv\u00e4. Helppo t\u00e4ytt\u00e4\u00e4, puhdistaa ja k\u00e4ytt\u00e4\u00e4 joka siivouksessa.","og_url":"https:\/\/hylajams.fi\/?product=hyla-nst-vesiastia","og_site_name":"Hyla Jams Verkkokauppa","article_modified_time":"2026-02-28T10:00:21+00:00","og_image":[{"width":960,"height":540,"url":"https:\/\/hylajams.fi\/wp-content\/uploads\/2021\/07\/11150-NST-Vesiastia-1.jpg","type":"image\/jpeg"}],"twitter_card":"summary_large_image","twitter_misc":{"Arvioitu lukuaika":"2 minuuttia"},"schema":{"@context":"https:\/\/schema.org","@graph":[{"@type":"WebPage","@id":"https:\/\/hylajams.fi\/?product=hyla-nst-vesiastia","url":"https:\/\/hylajams.fi\/?product=hyla-nst-vesiastia","name":"HYLA NST vesiastia, kest\u00e4v\u00e4 varaosa ja helppo k\u00e4ytt\u00f6 | Hyla Jams","isPartOf":{"@id":"https:\/\/hylajams.fi\/#website"},"primaryImageOfPage":{"@id":"https:\/\/hylajams.fi\/?product=hyla-nst-vesiastia#primaryimage"},"image":{"@id":"https:\/\/hylajams.fi\/?product=hyla-nst-vesiastia#primaryimage"},"thumbnailUrl":"https:\/\/hylajams.fi\/wp-content\/uploads\/2021\/07\/11150-NST-Vesiastia-1.jpg","datePublished":"2021-07-21T06:06:36+00:00","dateModified":"2026-02-28T10:00:21+00:00","description":"HYLA NST vesiastia on kest\u00e4v\u00e4 ja l\u00e4pin\u00e4kyv\u00e4. Helppo t\u00e4ytt\u00e4\u00e4, puhdistaa ja k\u00e4ytt\u00e4\u00e4 joka siivouksessa.","breadcrumb":{"@id":"https:\/\/hylajams.fi\/?product=hyla-nst-vesiastia#breadcrumb"},"inLanguage":"fi","potentialAction":[{"@type":"ReadAction","target":["https:\/\/hylajams.fi\/?product=hyla-nst-vesiastia"]}]},{"@type":"ImageObject","inLanguage":"fi","@id":"https:\/\/hylajams.fi\/?product=hyla-nst-vesiastia#primaryimage","url":"https:\/\/hylajams.fi\/wp-content\/uploads\/2021\/07\/11150-NST-Vesiastia-1.jpg","contentUrl":"https:\/\/hylajams.fi\/wp-content\/uploads\/2021\/07\/11150-NST-Vesiastia-1.jpg","width":960,"height":540,"caption":"\ud83d\udfe2 HYLA NST vesiastia \ud83d\udfe2 HYLA vesis\u00e4ili\u00f6 ruskea l\u00e4pin\u00e4kyv\u00e4 \ud83d\udfe2 HYLA NST varaosa"},{"@type":"BreadcrumbList","@id":"https:\/\/hylajams.fi\/?product=hyla-nst-vesiastia#breadcrumb","itemListElement":[{"@type":"ListItem","position":1,"name":"Etusivu","item":"https:\/\/hylajams.fi\/"},{"@type":"ListItem","position":2,"name":"VERKKOKAUPPA","item":"https:\/\/hylajams.fi\/?page_id=9"},{"@type":"ListItem","position":3,"name":"11150 Hyla NST Vesiastia"}]},{"@type":"WebSite","@id":"https:\/\/hylajams.fi\/#website","url":"https:\/\/hylajams.fi\/","name":"Hyla Jams Verkkokauppa","description":"Hyla ilman- ja huoneen puhdistusj\u00e4rjestelm\u00e4 Suomessa","publisher":{"@id":"https:\/\/hylajams.fi\/#organization"},"potentialAction":[{"@type":"SearchAction","target":{"@type":"EntryPoint","urlTemplate":"https:\/\/hylajams.fi\/?s={search_term_string}"},"query-input":{"@type":"PropertyValueSpecification","valueRequired":true,"valueName":"search_term_string"}}],"inLanguage":"fi"},{"@type":"Organization","@id":"https:\/\/hylajams.fi\/#organization","name":"Hyla Jams Verkkokauppa","url":"https:\/\/hylajams.fi\/","logo":{"@type":"ImageObject","inLanguage":"fi","@id":"https:\/\/hylajams.fi\/#\/schema\/logo\/image\/","url":"https:\/\/hylajams.fi\/wp-content\/uploads\/2025\/02\/Logo-1-2.jpg","contentUrl":"https:\/\/hylajams.fi\/wp-content\/uploads\/2025\/02\/Logo-1-2.jpg","width":500,"height":500,"caption":"Hyla Jams Verkkokauppa"},"image":{"@id":"https:\/\/hylajams.fi\/#\/schema\/logo\/image\/"},"sameAs":["https:\/\/www.instagram.com\/hylasiivous\/"]}]}},"_links":{"self":[{"href":"https:\/\/hylajams.fi\/index.php?rest_route=\/wp\/v2\/product\/58","targetHints":{"allow":["GET"]}}],"collection":[{"href":"https:\/\/hylajams.fi\/index.php?rest_route=\/wp\/v2\/product"}],"about":[{"href":"https:\/\/hylajams.fi\/index.php?rest_route=\/wp\/v2\/types\/product"}],"version-history":[{"count":7,"href":"https:\/\/hylajams.fi\/index.php?rest_route=\/wp\/v2\/product\/58\/revisions"}],"predecessor-version":[{"id":13209,"href":"https:\/\/hylajams.fi\/index.php?rest_route=\/wp\/v2\/product\/58\/revisions\/13209"}],"wp:featuredmedia":[{"embeddable":true,"href":"https:\/\/hylajams.fi\/index.php?rest_route=\/wp\/v2\/media\/11000"}],"wp:attachment":[{"href":"https:\/\/hylajams.fi\/index.php?rest_route=%2Fwp%2Fv2%2Fmedia&parent=58"}],"wp:term":[{"taxonomy":"product_brand","embeddable":true,"href":"https:\/\/hylajams.fi\/index.php?rest_route=%2Fwp%2Fv2%2Fproduct_brand&post=58"},{"taxonomy":"product_cat","embeddable":true,"href":"https:\/\/hylajams.fi\/index.php?rest_route=%2Fwp%2Fv2%2Fproduct_cat&post=58"},{"taxonomy":"product_tag","embeddable":true,"href":"https:\/\/hylajams.fi\/index.php?rest_route=%2Fwp%2Fv2%2Fproduct_tag&post=58"}],"curies":[{"name":"wp","href":"https:\/\/api.w.org\/{rel}","templated":true}]}}