{"id":5468,"date":"2023-06-29T20:42:18","date_gmt":"2023-06-29T17:42:18","guid":{"rendered":"https:\/\/hylajams.fi\/?post_type=product&#038;p=5468"},"modified":"2026-02-27T20:42:12","modified_gmt":"2026-02-27T18:42:12","slug":"hyla-siivoushuiska-setti","status":"publish","type":"product","link":"https:\/\/hylajams.fi\/?product=hyla-siivoushuiska-setti","title":{"rendered":"46010 Hyla Siivoushuiska setti \u2013 reiitetty rakosuulake ja kangashuiskat"},"content":{"rendered":"<p data-start=\"642\" data-end=\"727\"><strong data-start=\"642\" data-end=\"727\">Kuinka puhdistat herk\u00e4t ja vaikeasti tavoitettavat pinnat ilman p\u00f6lyn levi\u00e4mist\u00e4?<\/strong><\/p>\n<p data-start=\"729\" data-end=\"943\">Television ja tietokoneen n\u00e4yt\u00f6t, <strong>hirsi-<\/strong> ja olohuoneensein\u00e4t, kaappien p\u00e4\u00e4lliset ja aluset, taulut, kirjahyllyt, kaihtimet ja muut pinnat ker\u00e4\u00e4v\u00e4t helposti p\u00f6ly\u00e4, mutta niiden siivoaminen voi olla hankalaa. Perinteiset p\u00f6lyhuiskat ja liinat vain levitt\u00e4v\u00e4t p\u00f6ly\u00e4 ilmaan.<\/p>\n<p data-start=\"945\" data-end=\"1217\"><strong data-start=\"945\" data-end=\"967\">Hyla Siivoushuiska<\/strong> (sopii NST, GST ja EST) tarjoaa uudenlaisen ratkaisun p\u00f6lyn ja lian poistamiseen. Sen joustava ja taipuisa pidike ylt\u00e4\u00e4 ahtaisiinkin paikkoihin, kuten sohvatyynyjen alle, nurkkiin ja hyllyjen v\u00e4leihin. Se on erityisen tehokas my\u00f6s seinien ja isojen pintojen siivouksessa.<\/p>\n<ul>\n<li data-start=\"1221\" data-end=\"1310\"><strong data-start=\"1221\" data-end=\"1274\">Imeyt\u00e4 p\u00f6ly suoraan Hyla-j\u00e4rjestelm\u00e4n vesiastiaan<\/strong>, ei p\u00f6lyn leijailua huoneilmassa.<\/li>\n<li data-start=\"1313\" data-end=\"1376\"><strong data-start=\"1313\" data-end=\"1344\">Taipuu hankaliin paikkoihin<\/strong> ja poistaa p\u00f6lyn tehokkaasti.<\/li>\n<li data-start=\"1379\" data-end=\"1439\"><strong data-start=\"1379\" data-end=\"1414\">K\u00e4ytett\u00e4viss\u00e4 my\u00f6s ilman imuria<\/strong> kevyemp\u00e4\u00e4n pyyhint\u00e4\u00e4n.<\/li>\n<li data-start=\"1442\" data-end=\"1513\"><strong data-start=\"1442\" data-end=\"1481\">Sis\u00e4lt\u00e4\u00e4 kaksi pest\u00e4v\u00e4\u00e4 p\u00f6lyhuiskaa<\/strong> ja rei\u2019itetyn rakosuulakkeen.<\/li>\n<\/ul>\n<figure id=\"attachment_8291\" aria-describedby=\"caption-attachment-8291\" style=\"width: 225px\" class=\"wp-caption alignnone\"><a href=\"https:\/\/hylajams.fi\/?page_id=5512\"><img fetchpriority=\"high\" decoding=\"async\" class=\"size-medium wp-image-8291\" src=\"https:\/\/hylajams.fi\/wp-content\/uploads\/2024\/10\/20240614_154643-225x300.jpg\" alt=\"Hirsiseinien raot puhtaaksi\" width=\"225\" height=\"300\" srcset=\"https:\/\/hylajams.fi\/wp-content\/uploads\/2024\/10\/20240614_154643-225x300.jpg 225w, https:\/\/hylajams.fi\/wp-content\/uploads\/2024\/10\/20240614_154643-768x1024.jpg 768w, https:\/\/hylajams.fi\/wp-content\/uploads\/2024\/10\/20240614_154643-1152x1536.jpg 1152w, https:\/\/hylajams.fi\/wp-content\/uploads\/2024\/10\/20240614_154643-1536x2048.jpg 1536w, https:\/\/hylajams.fi\/wp-content\/uploads\/2024\/10\/20240614_154643-600x800.jpg 600w, https:\/\/hylajams.fi\/wp-content\/uploads\/2024\/10\/20240614_154643-scaled.jpg 1920w\" sizes=\"(max-width: 225px) 100vw, 225px\" \/><\/a><figcaption id=\"caption-attachment-8291\" class=\"wp-caption-text\">HIRSISEIN\u00c4T<\/figcaption><\/figure>\n<p><a href=\"https:\/\/hylajams.fi\/?product=46010-hyla-siivoushuisku-setti\"><img decoding=\"async\" class=\"alignnone size-medium wp-image-8280\" src=\"https:\/\/hylajams.fi\/wp-content\/uploads\/2024\/10\/HIRSISEINAT-300x240.jpg\" alt=\"Hirsiseinien puhdistus\" width=\"300\" height=\"240\" srcset=\"https:\/\/hylajams.fi\/wp-content\/uploads\/2024\/10\/HIRSISEINAT-300x240.jpg 300w, https:\/\/hylajams.fi\/wp-content\/uploads\/2024\/10\/HIRSISEINAT-1024x819.jpg 1024w, https:\/\/hylajams.fi\/wp-content\/uploads\/2024\/10\/HIRSISEINAT-768x614.jpg 768w, https:\/\/hylajams.fi\/wp-content\/uploads\/2024\/10\/HIRSISEINAT-1536x1229.jpg 1536w, https:\/\/hylajams.fi\/wp-content\/uploads\/2024\/10\/HIRSISEINAT-600x480.jpg 600w, https:\/\/hylajams.fi\/wp-content\/uploads\/2024\/10\/HIRSISEINAT.jpg 2000w\" sizes=\"(max-width: 300px) 100vw, 300px\" \/><\/a><\/p>\n<p data-start=\"1515\" data-end=\"1748\">Rakosuulake on valmistettu kierr\u00e4tett\u00e4v\u00e4st\u00e4 polypropeenista, ja sen erityinen muotoilu tekee siit\u00e4 joustavan ja tehokkaan. P\u00f6lyhuiskat on valmistettu korkealaatuisesta mikrokuidusta (82 % polyesteri\u00e4) ja ne voidaan pest\u00e4 60\u202f\u00b0C:ssa.<\/p>\n<p data-start=\"1750\" data-end=\"1871\">Kokeile Hyla Siivoushuiskaa ja huomaa ero \u2013 puhdista herk\u00e4t pinnat turvallisesti ja tehokkaasti ilman p\u00f6lyn levi\u00e4mist\u00e4.<\/p>\n<h5><strong><a href=\"https:\/\/www.hyla.com\/products\/products\"><span dir=\"auto\">HYLA INTERNATIONAL<\/span><\/a><\/strong><\/h5>\n","protected":false},"excerpt":{"rendered":"<p class=\"\" data-start=\"0\" data-end=\"87\"><strong data-start=\"0\" data-end=\"85\">Kuinka puhdistat herk\u00e4t ja vaikeasti tavoitettavat pinnat ilman p\u00f6lyn levi\u00e4mist\u00e4? Uskomaton apu ulkohirsiseinien puhdistamisessa h\u00e4m\u00e4h\u00e4kin verkoista ja p\u00f6lyst\u00e4.<\/strong><\/p>\n<p class=\"\" data-start=\"89\" data-end=\"340\"><strong data-start=\"222\" data-end=\"268\">Hyla Siivoushuiska setti (NST, GST ja EST)<\/strong> on joustava ja taipuisa p\u00f6lyhuiska herkille ja vaikeasti tavoitettaville pinnoille. Sopii televisioille, n\u00e4yt\u00f6ille, tauluille, hyllyille ja kaihtimille. Imeyt\u00e4 p\u00f6ly suoraan Hyla-j\u00e4rjestelm\u00e4n vesiastiaan ilman p\u00f6lyn levi\u00e4mist\u00e4 huoneilmaan. Setti sis\u00e4lt\u00e4\u00e4 kaksi pest\u00e4v\u00e4\u00e4 p\u00f6lyhuiskaa ja rei\u2019itetyn rakosuulakkeen, jotka voidaan k\u00e4ytt\u00e4\u00e4 uudelleen.<\/p>\n<p data-start=\"1169\" data-end=\"1251\"><a href=\"https:\/\/hylajams.fi\/wp-content\/uploads\/2023\/07\/huisku.mp4\"><img decoding=\"async\" src=\"https:\/\/hylajams.fi\/wp-content\/uploads\/2023\/07\/2023-07-20-1-300x264.png\" \/><\/a><\/p>\n<p data-start=\"1169\" data-end=\"1251\">Voit pyyhki\u00e4 tv, tietokoneen n\u00e4yt\u00f6t, isot sein\u00e4pinta alat ym.<\/p>\n<p data-start=\"1169\" data-end=\"1251\">\ud83d\udcfa <strong data-start=\"1256\" data-end=\"1290\">Katso <a href=\"https:\/\/hylajams.fi\/wp-content\/uploads\/2023\/07\/huisku.mp4\">tuotevideo<\/a> ja lue lis\u00e4\u00e4: <a href=\"https:\/\/hylajams.fi\/?page_id=5512\">T\u00e4\u00e4lt\u00e4<\/a><\/strong><\/p>\n","protected":false},"featured_media":11933,"template":"","meta":[],"product_brand":[],"product_cat":[952,950,946,945,773,774,775,290,942,941],"product_tag":[1654,1652,1131,1663,1667,1653,1665,1664,1666,1668],"class_list":{"0":"post-5468","1":"product","2":"type-product","3":"status-publish","4":"has-post-thumbnail","6":"product_cat-est-lisatarvikkeet","7":"product_cat-est-suulakkeet-ja-harjat","8":"product_cat-hyla-gst-lisatarvikkeet","9":"product_cat-hyla-gst-suulakkeet-ja-harjat","10":"product_cat-hyla-est","11":"product_cat-hyla-gst","12":"product_cat-hyla-nst","13":"product_cat-hylan-lisatarvikkeet","14":"product_cat-hyla-nst-lisatarvikkeet","15":"product_cat-hyla-nst-suulakkeet","16":"product_tag-est-lisavaruste","17":"product_tag-gst-lisavaruste","18":"product_tag-hyla-lisavaruste","19":"product_tag-hyla-siivoushuiska-setti","20":"product_tag-kangas-siivoushuiska","21":"product_tag-nst-lisavaruste","22":"product_tag-reiitetty-rakosuulake","23":"product_tag-siivoushuiska","24":"product_tag-taipuva-rakosuulake","25":"product_tag-yleishuiskat","26":"product_shipping_class-posti-s-paketti-11x32x3-cm-35-kg","27":"_wholesalex wsx-wholesalex-product","29":"first","30":"instock","31":"featured","32":"shipping-taxable","33":"purchasable","34":"product-type-simple"},"yoast_head":"<!-- This site is optimized with the Yoast SEO plugin v27.3 - https:\/\/yoast.com\/product\/yoast-seo-wordpress\/ -->\n<title>Hyla Siivoushuiska setti \u2013 tehokas ja joustava p\u00f6lyhuiska<\/title>\n<meta name=\"description\" content=\"Tilaa Hyla Siivoushuiska setti (NST, GST ja EST) \u2013 joustava ja taipuisa p\u00f6lyhuiska, joka poistaa p\u00f6lyn kaikenlaisilta pinnoilta tehokkaasti.\" \/>\n<meta name=\"robots\" content=\"index, follow, max-snippet:-1, max-image-preview:large, max-video-preview:-1\" \/>\n<link rel=\"canonical\" href=\"https:\/\/hylajams.fi\/?product=hyla-siivoushuiska-setti\" \/>\n<meta property=\"og:locale\" content=\"fi_FI\" \/>\n<meta property=\"og:type\" content=\"article\" \/>\n<meta property=\"og:title\" content=\"Hyla Siivoushuiska setti \u2013 tehokas ja joustava p\u00f6lyhuiska\" \/>\n<meta property=\"og:description\" content=\"Tilaa Hyla Siivoushuiska setti (NST, GST ja EST) \u2013 joustava ja taipuisa p\u00f6lyhuiska, joka poistaa p\u00f6lyn kaikenlaisilta pinnoilta tehokkaasti.\" \/>\n<meta property=\"og:url\" content=\"https:\/\/hylajams.fi\/?product=hyla-siivoushuiska-setti\" \/>\n<meta property=\"og:site_name\" content=\"Hyla Jams Verkkokauppa\" \/>\n<meta property=\"article:modified_time\" content=\"2026-02-27T18:42:12+00:00\" \/>\n<meta property=\"og:image\" content=\"https:\/\/hylajams.fi\/wp-content\/uploads\/2025\/11\/2025-11-23-5.png\" \/>\n\t<meta property=\"og:image:width\" content=\"441\" \/>\n\t<meta property=\"og:image:height\" content=\"722\" \/>\n\t<meta property=\"og:image:type\" content=\"image\/png\" \/>\n<meta name=\"twitter:card\" content=\"summary_large_image\" \/>\n<meta name=\"twitter:label1\" content=\"Arvioitu lukuaika\" \/>\n\t<meta name=\"twitter:data1\" content=\"2 minuuttia\" \/>\n<script type=\"application\/ld+json\" class=\"yoast-schema-graph\">{\"@context\":\"https:\\\/\\\/schema.org\",\"@graph\":[{\"@type\":\"WebPage\",\"@id\":\"https:\\\/\\\/hylajams.fi\\\/?product=hyla-siivoushuiska-setti\",\"url\":\"https:\\\/\\\/hylajams.fi\\\/?product=hyla-siivoushuiska-setti\",\"name\":\"Hyla Siivoushuiska setti \u2013 tehokas ja joustava p\u00f6lyhuiska\",\"isPartOf\":{\"@id\":\"https:\\\/\\\/hylajams.fi\\\/#website\"},\"primaryImageOfPage\":{\"@id\":\"https:\\\/\\\/hylajams.fi\\\/?product=hyla-siivoushuiska-setti#primaryimage\"},\"image\":{\"@id\":\"https:\\\/\\\/hylajams.fi\\\/?product=hyla-siivoushuiska-setti#primaryimage\"},\"thumbnailUrl\":\"https:\\\/\\\/hylajams.fi\\\/wp-content\\\/uploads\\\/2025\\\/11\\\/2025-11-23-5.png\",\"datePublished\":\"2023-06-29T17:42:18+00:00\",\"dateModified\":\"2026-02-27T18:42:12+00:00\",\"description\":\"Tilaa Hyla Siivoushuiska setti (NST, GST ja EST) \u2013 joustava ja taipuisa p\u00f6lyhuiska, joka poistaa p\u00f6lyn kaikenlaisilta pinnoilta tehokkaasti.\",\"breadcrumb\":{\"@id\":\"https:\\\/\\\/hylajams.fi\\\/?product=hyla-siivoushuiska-setti#breadcrumb\"},\"inLanguage\":\"fi\",\"potentialAction\":[{\"@type\":\"ReadAction\",\"target\":[\"https:\\\/\\\/hylajams.fi\\\/?product=hyla-siivoushuiska-setti\"]}]},{\"@type\":\"ImageObject\",\"inLanguage\":\"fi\",\"@id\":\"https:\\\/\\\/hylajams.fi\\\/?product=hyla-siivoushuiska-setti#primaryimage\",\"url\":\"https:\\\/\\\/hylajams.fi\\\/wp-content\\\/uploads\\\/2025\\\/11\\\/2025-11-23-5.png\",\"contentUrl\":\"https:\\\/\\\/hylajams.fi\\\/wp-content\\\/uploads\\\/2025\\\/11\\\/2025-11-23-5.png\",\"width\":441,\"height\":722,\"caption\":\"Siivoushuiska jouluetu\"},{\"@type\":\"BreadcrumbList\",\"@id\":\"https:\\\/\\\/hylajams.fi\\\/?product=hyla-siivoushuiska-setti#breadcrumb\",\"itemListElement\":[{\"@type\":\"ListItem\",\"position\":1,\"name\":\"Etusivu\",\"item\":\"https:\\\/\\\/hylajams.fi\\\/\"},{\"@type\":\"ListItem\",\"position\":2,\"name\":\"VERKKOKAUPPA\",\"item\":\"https:\\\/\\\/hylajams.fi\\\/?page_id=9\"},{\"@type\":\"ListItem\",\"position\":3,\"name\":\"46010 Hyla Siivoushuiska setti \u2013 reiitetty rakosuulake ja kangashuiskat\"}]},{\"@type\":\"WebSite\",\"@id\":\"https:\\\/\\\/hylajams.fi\\\/#website\",\"url\":\"https:\\\/\\\/hylajams.fi\\\/\",\"name\":\"Hyla Jams Verkkokauppa\",\"description\":\"Hyla ilman- ja huoneen puhdistusj\u00e4rjestelm\u00e4 Suomessa\",\"publisher\":{\"@id\":\"https:\\\/\\\/hylajams.fi\\\/#organization\"},\"potentialAction\":[{\"@type\":\"SearchAction\",\"target\":{\"@type\":\"EntryPoint\",\"urlTemplate\":\"https:\\\/\\\/hylajams.fi\\\/?s={search_term_string}\"},\"query-input\":{\"@type\":\"PropertyValueSpecification\",\"valueRequired\":true,\"valueName\":\"search_term_string\"}}],\"inLanguage\":\"fi\"},{\"@type\":\"Organization\",\"@id\":\"https:\\\/\\\/hylajams.fi\\\/#organization\",\"name\":\"Hyla Jams Verkkokauppa\",\"url\":\"https:\\\/\\\/hylajams.fi\\\/\",\"logo\":{\"@type\":\"ImageObject\",\"inLanguage\":\"fi\",\"@id\":\"https:\\\/\\\/hylajams.fi\\\/#\\\/schema\\\/logo\\\/image\\\/\",\"url\":\"https:\\\/\\\/hylajams.fi\\\/wp-content\\\/uploads\\\/2025\\\/02\\\/Logo-1-2.jpg\",\"contentUrl\":\"https:\\\/\\\/hylajams.fi\\\/wp-content\\\/uploads\\\/2025\\\/02\\\/Logo-1-2.jpg\",\"width\":500,\"height\":500,\"caption\":\"Hyla Jams Verkkokauppa\"},\"image\":{\"@id\":\"https:\\\/\\\/hylajams.fi\\\/#\\\/schema\\\/logo\\\/image\\\/\"},\"sameAs\":[\"https:\\\/\\\/www.instagram.com\\\/hylasiivous\\\/\"]}]}<\/script>\n<!-- \/ Yoast SEO plugin. -->","yoast_head_json":{"title":"Hyla Siivoushuiska setti \u2013 tehokas ja joustava p\u00f6lyhuiska","description":"Tilaa Hyla Siivoushuiska setti (NST, GST ja EST) \u2013 joustava ja taipuisa p\u00f6lyhuiska, joka poistaa p\u00f6lyn kaikenlaisilta pinnoilta tehokkaasti.","robots":{"index":"index","follow":"follow","max-snippet":"max-snippet:-1","max-image-preview":"max-image-preview:large","max-video-preview":"max-video-preview:-1"},"canonical":"https:\/\/hylajams.fi\/?product=hyla-siivoushuiska-setti","og_locale":"fi_FI","og_type":"article","og_title":"Hyla Siivoushuiska setti \u2013 tehokas ja joustava p\u00f6lyhuiska","og_description":"Tilaa Hyla Siivoushuiska setti (NST, GST ja EST) \u2013 joustava ja taipuisa p\u00f6lyhuiska, joka poistaa p\u00f6lyn kaikenlaisilta pinnoilta tehokkaasti.","og_url":"https:\/\/hylajams.fi\/?product=hyla-siivoushuiska-setti","og_site_name":"Hyla Jams Verkkokauppa","article_modified_time":"2026-02-27T18:42:12+00:00","og_image":[{"width":441,"height":722,"url":"https:\/\/hylajams.fi\/wp-content\/uploads\/2025\/11\/2025-11-23-5.png","type":"image\/png"}],"twitter_card":"summary_large_image","twitter_misc":{"Arvioitu lukuaika":"2 minuuttia"},"schema":{"@context":"https:\/\/schema.org","@graph":[{"@type":"WebPage","@id":"https:\/\/hylajams.fi\/?product=hyla-siivoushuiska-setti","url":"https:\/\/hylajams.fi\/?product=hyla-siivoushuiska-setti","name":"Hyla Siivoushuiska setti \u2013 tehokas ja joustava p\u00f6lyhuiska","isPartOf":{"@id":"https:\/\/hylajams.fi\/#website"},"primaryImageOfPage":{"@id":"https:\/\/hylajams.fi\/?product=hyla-siivoushuiska-setti#primaryimage"},"image":{"@id":"https:\/\/hylajams.fi\/?product=hyla-siivoushuiska-setti#primaryimage"},"thumbnailUrl":"https:\/\/hylajams.fi\/wp-content\/uploads\/2025\/11\/2025-11-23-5.png","datePublished":"2023-06-29T17:42:18+00:00","dateModified":"2026-02-27T18:42:12+00:00","description":"Tilaa Hyla Siivoushuiska setti (NST, GST ja EST) \u2013 joustava ja taipuisa p\u00f6lyhuiska, joka poistaa p\u00f6lyn kaikenlaisilta pinnoilta tehokkaasti.","breadcrumb":{"@id":"https:\/\/hylajams.fi\/?product=hyla-siivoushuiska-setti#breadcrumb"},"inLanguage":"fi","potentialAction":[{"@type":"ReadAction","target":["https:\/\/hylajams.fi\/?product=hyla-siivoushuiska-setti"]}]},{"@type":"ImageObject","inLanguage":"fi","@id":"https:\/\/hylajams.fi\/?product=hyla-siivoushuiska-setti#primaryimage","url":"https:\/\/hylajams.fi\/wp-content\/uploads\/2025\/11\/2025-11-23-5.png","contentUrl":"https:\/\/hylajams.fi\/wp-content\/uploads\/2025\/11\/2025-11-23-5.png","width":441,"height":722,"caption":"Siivoushuiska jouluetu"},{"@type":"BreadcrumbList","@id":"https:\/\/hylajams.fi\/?product=hyla-siivoushuiska-setti#breadcrumb","itemListElement":[{"@type":"ListItem","position":1,"name":"Etusivu","item":"https:\/\/hylajams.fi\/"},{"@type":"ListItem","position":2,"name":"VERKKOKAUPPA","item":"https:\/\/hylajams.fi\/?page_id=9"},{"@type":"ListItem","position":3,"name":"46010 Hyla Siivoushuiska setti \u2013 reiitetty rakosuulake ja kangashuiskat"}]},{"@type":"WebSite","@id":"https:\/\/hylajams.fi\/#website","url":"https:\/\/hylajams.fi\/","name":"Hyla Jams Verkkokauppa","description":"Hyla ilman- ja huoneen puhdistusj\u00e4rjestelm\u00e4 Suomessa","publisher":{"@id":"https:\/\/hylajams.fi\/#organization"},"potentialAction":[{"@type":"SearchAction","target":{"@type":"EntryPoint","urlTemplate":"https:\/\/hylajams.fi\/?s={search_term_string}"},"query-input":{"@type":"PropertyValueSpecification","valueRequired":true,"valueName":"search_term_string"}}],"inLanguage":"fi"},{"@type":"Organization","@id":"https:\/\/hylajams.fi\/#organization","name":"Hyla Jams Verkkokauppa","url":"https:\/\/hylajams.fi\/","logo":{"@type":"ImageObject","inLanguage":"fi","@id":"https:\/\/hylajams.fi\/#\/schema\/logo\/image\/","url":"https:\/\/hylajams.fi\/wp-content\/uploads\/2025\/02\/Logo-1-2.jpg","contentUrl":"https:\/\/hylajams.fi\/wp-content\/uploads\/2025\/02\/Logo-1-2.jpg","width":500,"height":500,"caption":"Hyla Jams Verkkokauppa"},"image":{"@id":"https:\/\/hylajams.fi\/#\/schema\/logo\/image\/"},"sameAs":["https:\/\/www.instagram.com\/hylasiivous\/"]}]}},"_links":{"self":[{"href":"https:\/\/hylajams.fi\/index.php?rest_route=\/wp\/v2\/product\/5468","targetHints":{"allow":["GET"]}}],"collection":[{"href":"https:\/\/hylajams.fi\/index.php?rest_route=\/wp\/v2\/product"}],"about":[{"href":"https:\/\/hylajams.fi\/index.php?rest_route=\/wp\/v2\/types\/product"}],"version-history":[{"count":19,"href":"https:\/\/hylajams.fi\/index.php?rest_route=\/wp\/v2\/product\/5468\/revisions"}],"predecessor-version":[{"id":13163,"href":"https:\/\/hylajams.fi\/index.php?rest_route=\/wp\/v2\/product\/5468\/revisions\/13163"}],"wp:featuredmedia":[{"embeddable":true,"href":"https:\/\/hylajams.fi\/index.php?rest_route=\/wp\/v2\/media\/11933"}],"wp:attachment":[{"href":"https:\/\/hylajams.fi\/index.php?rest_route=%2Fwp%2Fv2%2Fmedia&parent=5468"}],"wp:term":[{"taxonomy":"product_brand","embeddable":true,"href":"https:\/\/hylajams.fi\/index.php?rest_route=%2Fwp%2Fv2%2Fproduct_brand&post=5468"},{"taxonomy":"product_cat","embeddable":true,"href":"https:\/\/hylajams.fi\/index.php?rest_route=%2Fwp%2Fv2%2Fproduct_cat&post=5468"},{"taxonomy":"product_tag","embeddable":true,"href":"https:\/\/hylajams.fi\/index.php?rest_route=%2Fwp%2Fv2%2Fproduct_tag&post=5468"}],"curies":[{"name":"wp","href":"https:\/\/api.w.org\/{rel}","templated":true}]}}