{"id":5139,"date":"2023-03-30T13:55:10","date_gmt":"2023-03-30T10:55:10","guid":{"rendered":"https:\/\/hylajams.fi\/?post_type=product&#038;p=5139"},"modified":"2026-03-15T14:22:00","modified_gmt":"2026-03-15T12:22:00","slug":"hyla-est-markapesurin-letku","status":"publish","type":"product","link":"https:\/\/hylajams.fi\/?product=hyla-est-markapesurin-letku","title":{"rendered":"45600 Hyla EST m\u00e4rk\u00e4pesurin letku"},"content":{"rendered":"<figure id=\"attachment_7331\" aria-describedby=\"caption-attachment-7331\" style=\"width: 297px\" class=\"wp-caption alignnone\"><img fetchpriority=\"high\" decoding=\"async\" class=\"size-medium wp-image-7331\" src=\"https:\/\/hylajams.fi\/wp-content\/uploads\/2023\/03\/45600-Markapesurin-letku-EST-297x300.jpg\" alt=\"Hyla EST M\u00e4rk\u00e4pesurin letku\" width=\"297\" height=\"300\" srcset=\"https:\/\/hylajams.fi\/wp-content\/uploads\/2023\/03\/45600-Markapesurin-letku-EST-297x300.jpg 297w, https:\/\/hylajams.fi\/wp-content\/uploads\/2023\/03\/45600-Markapesurin-letku-EST-1014x1024.jpg 1014w, https:\/\/hylajams.fi\/wp-content\/uploads\/2023\/03\/45600-Markapesurin-letku-EST-768x776.jpg 768w, https:\/\/hylajams.fi\/wp-content\/uploads\/2023\/03\/45600-Markapesurin-letku-EST-600x606.jpg 600w, https:\/\/hylajams.fi\/wp-content\/uploads\/2023\/03\/45600-Markapesurin-letku-EST-100x100.jpg 100w, https:\/\/hylajams.fi\/wp-content\/uploads\/2023\/03\/45600-Markapesurin-letku-EST.jpg 1063w\" sizes=\"(max-width: 297px) 100vw, 297px\" \/><figcaption id=\"caption-attachment-7331\" class=\"wp-caption-text\">Hyla EST M\u00e4rk\u00e4pesurin letku<\/figcaption><\/figure>\n<p data-start=\"197\" data-end=\"425\">Kest\u00e4v\u00e4, joustava ja taipuisa <strong data-start=\"227\" data-end=\"236\">letku<\/strong> on suunniteltu erityisesti <strong data-start=\"264\" data-end=\"290\">HYLA EST-m\u00e4rk\u00e4pesuriin<\/strong> (Nimbus, tuote nro 45700). Letku tunnistetaan helposti sinisest\u00e4 varsi-lukituksesta ja se on v\u00e4ltt\u00e4m\u00e4t\u00f6n osa m\u00e4rk\u00e4pesurin toimintaa.<\/p>\n<p data-start=\"427\" data-end=\"710\">Letku yhdist\u00e4\u00e4 laitteen ja suuttimen tiiviisti, varmistaen luotettavan ja turvallisen liitoksen. M\u00e4rk\u00e4pesurin letku on valmistettu <strong data-start=\"558\" data-end=\"602\">vahvasta ter\u00e4slangasta ja nailonlangasta<\/strong>, ja p\u00e4\u00e4llystetty kest\u00e4v\u00e4ll\u00e4 <strong data-start=\"631\" data-end=\"657\">PVC-muovipinnoitteella<\/strong>, mik\u00e4 lis\u00e4\u00e4 letkun kest\u00e4vyytt\u00e4 ja pitk\u00e4ik\u00e4isyytt\u00e4.<\/p>\n<p data-start=\"712\" data-end=\"869\">Uusissa malleissa kaaren ja letkun liitoskohdassa on <strong data-start=\"765\" data-end=\"788\">joustava muovijousi<\/strong>, joka est\u00e4\u00e4 liitoksen rikkoontumisen ja tekee k\u00e4yt\u00f6st\u00e4 entist\u00e4 huolettomampaa.<\/p>\n<p data-start=\"871\" data-end=\"1280\"><strong data-start=\"967\" data-end=\"1111\">T\u00e4ll\u00e4 uuden mallin m\u00e4rk\u00e4pesurilla voidaan puhdistaa mattoja, sohvia, tekstiilej\u00e4 ja kangaspintoja sek\u00e4 pest\u00e4 laattoja ja jopa parketteja<\/strong>, esimerkiksi k\u00e4ytt\u00e4m\u00e4ll\u00e4 lis\u00e4varusteita kuten <strong data-start=\"1158\" data-end=\"1211\"><a href=\"https:\/\/hylajams.fi\/?product=46706-hyla-est-vaihdettava-lattiaharja-suihkeella\">46706 Hyla EST vaihdettava lattiaharjaa<\/a> suihkeella<\/strong> tai <strong data-start=\"1216\" data-end=\"1310\"><a href=\"https:\/\/hylajams.fi\/?product=46745-hyla-moppi-pidike-3-liinaa\">46745 Lattianpesusarjaa<\/a>, jossa mukana 3 kpl mikrokuituliinoja (Hyla liinapidike + mikrokuituliinat)<\/strong>. M\u00e4rk\u00e4pesurin letku sopii t\u00e4ydellisesti alkuper\u00e4isen HYLA EST -m\u00e4rk\u00e4pesurin kanssa ja varmistaa laitteen parhaan mahdollisen toiminnan.<\/p>\n<p data-start=\"871\" data-end=\"1280\">Jos klipsi riikkoontuu, hanki uusi klipsi <a href=\"https:\/\/hylajams.fi\/?product=sininen-klipsi-hyla-est-vesiputkeen\">t\u00e4\u00e4lt\u00e4:<\/a><\/p>\n<h5 data-start=\"4289\" data-end=\"4347\"><a href=\"https:\/\/hylajams.fi\/?page_id=7252\"><strong>HYLA EST TUOTTEET<\/strong><\/a><\/h5>\n<h5><strong><a href=\"https:\/\/www.hyla.com\/products\/products\"><span dir=\"auto\">HYLA INTERNATIONAL<\/span><\/a><\/strong><\/h5>\n","protected":false},"excerpt":{"rendered":"<p><strong>HYLA EST M\u00e4rk\u00e4pesurin letku, <span style=\"color: #0000ff;\">sininen<\/span> varsi-lukitus.<\/strong> Joustava ja kest\u00e4v\u00e4 ter\u00e4snailonista valmistettu letku mattojen, sohvien, tekstiili- ja kangaspintojen sek\u00e4 laattojen ja parkettien pesuun. Sopii HYLA EST m\u00e4rk\u00e4pesuriin (Nimbus, 45700).<\/p>\n","protected":false},"featured_media":7331,"template":"","meta":[],"product_brand":[],"product_cat":[890,949,773],"product_tag":[24,1145,30],"class_list":{"0":"post-5139","1":"product","2":"type-product","3":"status-publish","4":"has-post-thumbnail","6":"product_cat-hyla-est-letkut-ja-putket","7":"product_cat-est-markapesuri","8":"product_cat-hyla-est","9":"product_tag-hyla-est","10":"product_tag-hyla-est-markapesurin-letku","11":"product_tag-letkut","12":"product_shipping_class-posti-s-paketti-11x32x3-cm-35-kg","13":"_wholesalex wsx-wholesalex-product","15":"first","16":"instock","17":"featured","18":"shipping-taxable","19":"purchasable","20":"product-type-simple"},"yoast_head":"<!-- This site is optimized with the Yoast SEO plugin v27.3 - https:\/\/yoast.com\/product\/yoast-seo-wordpress\/ -->\n<title>HYLA EST M\u00e4rk\u00e4pesurin letku \u2013 joustava ja kest\u00e4v\u00e4 | Hyla Jams<\/title>\n<meta name=\"description\" content=\"HYLA EST M\u00e4rk\u00e4pesurin letku, sininen lukitus. Mattojen, sohvien, tekstiili- ja kangaspintojen sek\u00e4 laattojen ja parkettien pesuun. EST m\u00e4rk\u00e4pesuri 45700.\" \/>\n<meta name=\"robots\" content=\"index, follow, max-snippet:-1, max-image-preview:large, max-video-preview:-1\" \/>\n<link rel=\"canonical\" href=\"https:\/\/hylajams.fi\/?product=hyla-est-markapesurin-letku\" \/>\n<meta property=\"og:locale\" content=\"fi_FI\" \/>\n<meta property=\"og:type\" content=\"article\" \/>\n<meta property=\"og:title\" content=\"HYLA EST M\u00e4rk\u00e4pesurin letku \u2013 joustava ja kest\u00e4v\u00e4 | Hyla Jams\" \/>\n<meta property=\"og:description\" content=\"HYLA EST M\u00e4rk\u00e4pesurin letku, sininen lukitus. Mattojen, sohvien, tekstiili- ja kangaspintojen sek\u00e4 laattojen ja parkettien pesuun. EST m\u00e4rk\u00e4pesuri 45700.\" \/>\n<meta property=\"og:url\" content=\"https:\/\/hylajams.fi\/?product=hyla-est-markapesurin-letku\" \/>\n<meta property=\"og:site_name\" content=\"Hyla Jams Verkkokauppa\" \/>\n<meta property=\"article:modified_time\" content=\"2026-03-15T12:22:00+00:00\" \/>\n<meta property=\"og:image\" content=\"https:\/\/hylajams.fi\/wp-content\/uploads\/2023\/03\/45600-Markapesurin-letku-EST.jpg\" \/>\n\t<meta property=\"og:image:width\" content=\"1063\" \/>\n\t<meta property=\"og:image:height\" content=\"1074\" \/>\n\t<meta property=\"og:image:type\" content=\"image\/jpeg\" \/>\n<meta name=\"twitter:card\" content=\"summary_large_image\" \/>\n<meta name=\"twitter:label1\" content=\"Arvioitu lukuaika\" \/>\n\t<meta name=\"twitter:data1\" content=\"2 minuuttia\" \/>\n<script type=\"application\/ld+json\" class=\"yoast-schema-graph\">{\"@context\":\"https:\\\/\\\/schema.org\",\"@graph\":[{\"@type\":\"WebPage\",\"@id\":\"https:\\\/\\\/hylajams.fi\\\/?product=hyla-est-markapesurin-letku\",\"url\":\"https:\\\/\\\/hylajams.fi\\\/?product=hyla-est-markapesurin-letku\",\"name\":\"HYLA EST M\u00e4rk\u00e4pesurin letku \u2013 joustava ja kest\u00e4v\u00e4 | Hyla Jams\",\"isPartOf\":{\"@id\":\"https:\\\/\\\/hylajams.fi\\\/#website\"},\"primaryImageOfPage\":{\"@id\":\"https:\\\/\\\/hylajams.fi\\\/?product=hyla-est-markapesurin-letku#primaryimage\"},\"image\":{\"@id\":\"https:\\\/\\\/hylajams.fi\\\/?product=hyla-est-markapesurin-letku#primaryimage\"},\"thumbnailUrl\":\"https:\\\/\\\/hylajams.fi\\\/wp-content\\\/uploads\\\/2023\\\/03\\\/45600-Markapesurin-letku-EST.jpg\",\"datePublished\":\"2023-03-30T10:55:10+00:00\",\"dateModified\":\"2026-03-15T12:22:00+00:00\",\"description\":\"HYLA EST M\u00e4rk\u00e4pesurin letku, sininen lukitus. Mattojen, sohvien, tekstiili- ja kangaspintojen sek\u00e4 laattojen ja parkettien pesuun. EST m\u00e4rk\u00e4pesuri 45700.\",\"breadcrumb\":{\"@id\":\"https:\\\/\\\/hylajams.fi\\\/?product=hyla-est-markapesurin-letku#breadcrumb\"},\"inLanguage\":\"fi\",\"potentialAction\":[{\"@type\":\"ReadAction\",\"target\":[\"https:\\\/\\\/hylajams.fi\\\/?product=hyla-est-markapesurin-letku\"]}]},{\"@type\":\"ImageObject\",\"inLanguage\":\"fi\",\"@id\":\"https:\\\/\\\/hylajams.fi\\\/?product=hyla-est-markapesurin-letku#primaryimage\",\"url\":\"https:\\\/\\\/hylajams.fi\\\/wp-content\\\/uploads\\\/2023\\\/03\\\/45600-Markapesurin-letku-EST.jpg\",\"contentUrl\":\"https:\\\/\\\/hylajams.fi\\\/wp-content\\\/uploads\\\/2023\\\/03\\\/45600-Markapesurin-letku-EST.jpg\",\"width\":1063,\"height\":1074,\"caption\":\"Hyla EST M\u00e4rk\u00e4pesurin letku\"},{\"@type\":\"BreadcrumbList\",\"@id\":\"https:\\\/\\\/hylajams.fi\\\/?product=hyla-est-markapesurin-letku#breadcrumb\",\"itemListElement\":[{\"@type\":\"ListItem\",\"position\":1,\"name\":\"Etusivu\",\"item\":\"https:\\\/\\\/hylajams.fi\\\/\"},{\"@type\":\"ListItem\",\"position\":2,\"name\":\"VERKKOKAUPPA\",\"item\":\"https:\\\/\\\/hylajams.fi\\\/?page_id=9\"},{\"@type\":\"ListItem\",\"position\":3,\"name\":\"45600 Hyla EST m\u00e4rk\u00e4pesurin letku\"}]},{\"@type\":\"WebSite\",\"@id\":\"https:\\\/\\\/hylajams.fi\\\/#website\",\"url\":\"https:\\\/\\\/hylajams.fi\\\/\",\"name\":\"Hyla Jams Verkkokauppa\",\"description\":\"Hyla ilman- ja huoneen puhdistusj\u00e4rjestelm\u00e4 Suomessa\",\"publisher\":{\"@id\":\"https:\\\/\\\/hylajams.fi\\\/#organization\"},\"potentialAction\":[{\"@type\":\"SearchAction\",\"target\":{\"@type\":\"EntryPoint\",\"urlTemplate\":\"https:\\\/\\\/hylajams.fi\\\/?s={search_term_string}\"},\"query-input\":{\"@type\":\"PropertyValueSpecification\",\"valueRequired\":true,\"valueName\":\"search_term_string\"}}],\"inLanguage\":\"fi\"},{\"@type\":\"Organization\",\"@id\":\"https:\\\/\\\/hylajams.fi\\\/#organization\",\"name\":\"Hyla Jams Verkkokauppa\",\"url\":\"https:\\\/\\\/hylajams.fi\\\/\",\"logo\":{\"@type\":\"ImageObject\",\"inLanguage\":\"fi\",\"@id\":\"https:\\\/\\\/hylajams.fi\\\/#\\\/schema\\\/logo\\\/image\\\/\",\"url\":\"https:\\\/\\\/hylajams.fi\\\/wp-content\\\/uploads\\\/2025\\\/02\\\/Logo-1-2.jpg\",\"contentUrl\":\"https:\\\/\\\/hylajams.fi\\\/wp-content\\\/uploads\\\/2025\\\/02\\\/Logo-1-2.jpg\",\"width\":500,\"height\":500,\"caption\":\"Hyla Jams Verkkokauppa\"},\"image\":{\"@id\":\"https:\\\/\\\/hylajams.fi\\\/#\\\/schema\\\/logo\\\/image\\\/\"},\"sameAs\":[\"https:\\\/\\\/www.instagram.com\\\/hylasiivous\\\/\"]}]}<\/script>\n<!-- \/ Yoast SEO plugin. -->","yoast_head_json":{"title":"HYLA EST M\u00e4rk\u00e4pesurin letku \u2013 joustava ja kest\u00e4v\u00e4 | Hyla Jams","description":"HYLA EST M\u00e4rk\u00e4pesurin letku, sininen lukitus. Mattojen, sohvien, tekstiili- ja kangaspintojen sek\u00e4 laattojen ja parkettien pesuun. EST m\u00e4rk\u00e4pesuri 45700.","robots":{"index":"index","follow":"follow","max-snippet":"max-snippet:-1","max-image-preview":"max-image-preview:large","max-video-preview":"max-video-preview:-1"},"canonical":"https:\/\/hylajams.fi\/?product=hyla-est-markapesurin-letku","og_locale":"fi_FI","og_type":"article","og_title":"HYLA EST M\u00e4rk\u00e4pesurin letku \u2013 joustava ja kest\u00e4v\u00e4 | Hyla Jams","og_description":"HYLA EST M\u00e4rk\u00e4pesurin letku, sininen lukitus. Mattojen, sohvien, tekstiili- ja kangaspintojen sek\u00e4 laattojen ja parkettien pesuun. EST m\u00e4rk\u00e4pesuri 45700.","og_url":"https:\/\/hylajams.fi\/?product=hyla-est-markapesurin-letku","og_site_name":"Hyla Jams Verkkokauppa","article_modified_time":"2026-03-15T12:22:00+00:00","og_image":[{"width":1063,"height":1074,"url":"https:\/\/hylajams.fi\/wp-content\/uploads\/2023\/03\/45600-Markapesurin-letku-EST.jpg","type":"image\/jpeg"}],"twitter_card":"summary_large_image","twitter_misc":{"Arvioitu lukuaika":"2 minuuttia"},"schema":{"@context":"https:\/\/schema.org","@graph":[{"@type":"WebPage","@id":"https:\/\/hylajams.fi\/?product=hyla-est-markapesurin-letku","url":"https:\/\/hylajams.fi\/?product=hyla-est-markapesurin-letku","name":"HYLA EST M\u00e4rk\u00e4pesurin letku \u2013 joustava ja kest\u00e4v\u00e4 | Hyla Jams","isPartOf":{"@id":"https:\/\/hylajams.fi\/#website"},"primaryImageOfPage":{"@id":"https:\/\/hylajams.fi\/?product=hyla-est-markapesurin-letku#primaryimage"},"image":{"@id":"https:\/\/hylajams.fi\/?product=hyla-est-markapesurin-letku#primaryimage"},"thumbnailUrl":"https:\/\/hylajams.fi\/wp-content\/uploads\/2023\/03\/45600-Markapesurin-letku-EST.jpg","datePublished":"2023-03-30T10:55:10+00:00","dateModified":"2026-03-15T12:22:00+00:00","description":"HYLA EST M\u00e4rk\u00e4pesurin letku, sininen lukitus. Mattojen, sohvien, tekstiili- ja kangaspintojen sek\u00e4 laattojen ja parkettien pesuun. EST m\u00e4rk\u00e4pesuri 45700.","breadcrumb":{"@id":"https:\/\/hylajams.fi\/?product=hyla-est-markapesurin-letku#breadcrumb"},"inLanguage":"fi","potentialAction":[{"@type":"ReadAction","target":["https:\/\/hylajams.fi\/?product=hyla-est-markapesurin-letku"]}]},{"@type":"ImageObject","inLanguage":"fi","@id":"https:\/\/hylajams.fi\/?product=hyla-est-markapesurin-letku#primaryimage","url":"https:\/\/hylajams.fi\/wp-content\/uploads\/2023\/03\/45600-Markapesurin-letku-EST.jpg","contentUrl":"https:\/\/hylajams.fi\/wp-content\/uploads\/2023\/03\/45600-Markapesurin-letku-EST.jpg","width":1063,"height":1074,"caption":"Hyla EST M\u00e4rk\u00e4pesurin letku"},{"@type":"BreadcrumbList","@id":"https:\/\/hylajams.fi\/?product=hyla-est-markapesurin-letku#breadcrumb","itemListElement":[{"@type":"ListItem","position":1,"name":"Etusivu","item":"https:\/\/hylajams.fi\/"},{"@type":"ListItem","position":2,"name":"VERKKOKAUPPA","item":"https:\/\/hylajams.fi\/?page_id=9"},{"@type":"ListItem","position":3,"name":"45600 Hyla EST m\u00e4rk\u00e4pesurin letku"}]},{"@type":"WebSite","@id":"https:\/\/hylajams.fi\/#website","url":"https:\/\/hylajams.fi\/","name":"Hyla Jams Verkkokauppa","description":"Hyla ilman- ja huoneen puhdistusj\u00e4rjestelm\u00e4 Suomessa","publisher":{"@id":"https:\/\/hylajams.fi\/#organization"},"potentialAction":[{"@type":"SearchAction","target":{"@type":"EntryPoint","urlTemplate":"https:\/\/hylajams.fi\/?s={search_term_string}"},"query-input":{"@type":"PropertyValueSpecification","valueRequired":true,"valueName":"search_term_string"}}],"inLanguage":"fi"},{"@type":"Organization","@id":"https:\/\/hylajams.fi\/#organization","name":"Hyla Jams Verkkokauppa","url":"https:\/\/hylajams.fi\/","logo":{"@type":"ImageObject","inLanguage":"fi","@id":"https:\/\/hylajams.fi\/#\/schema\/logo\/image\/","url":"https:\/\/hylajams.fi\/wp-content\/uploads\/2025\/02\/Logo-1-2.jpg","contentUrl":"https:\/\/hylajams.fi\/wp-content\/uploads\/2025\/02\/Logo-1-2.jpg","width":500,"height":500,"caption":"Hyla Jams Verkkokauppa"},"image":{"@id":"https:\/\/hylajams.fi\/#\/schema\/logo\/image\/"},"sameAs":["https:\/\/www.instagram.com\/hylasiivous\/"]}]}},"_links":{"self":[{"href":"https:\/\/hylajams.fi\/index.php?rest_route=\/wp\/v2\/product\/5139","targetHints":{"allow":["GET"]}}],"collection":[{"href":"https:\/\/hylajams.fi\/index.php?rest_route=\/wp\/v2\/product"}],"about":[{"href":"https:\/\/hylajams.fi\/index.php?rest_route=\/wp\/v2\/types\/product"}],"version-history":[{"count":9,"href":"https:\/\/hylajams.fi\/index.php?rest_route=\/wp\/v2\/product\/5139\/revisions"}],"predecessor-version":[{"id":13282,"href":"https:\/\/hylajams.fi\/index.php?rest_route=\/wp\/v2\/product\/5139\/revisions\/13282"}],"wp:featuredmedia":[{"embeddable":true,"href":"https:\/\/hylajams.fi\/index.php?rest_route=\/wp\/v2\/media\/7331"}],"wp:attachment":[{"href":"https:\/\/hylajams.fi\/index.php?rest_route=%2Fwp%2Fv2%2Fmedia&parent=5139"}],"wp:term":[{"taxonomy":"product_brand","embeddable":true,"href":"https:\/\/hylajams.fi\/index.php?rest_route=%2Fwp%2Fv2%2Fproduct_brand&post=5139"},{"taxonomy":"product_cat","embeddable":true,"href":"https:\/\/hylajams.fi\/index.php?rest_route=%2Fwp%2Fv2%2Fproduct_cat&post=5139"},{"taxonomy":"product_tag","embeddable":true,"href":"https:\/\/hylajams.fi\/index.php?rest_route=%2Fwp%2Fv2%2Fproduct_tag&post=5139"}],"curies":[{"name":"wp","href":"https:\/\/api.w.org\/{rel}","templated":true}]}}