{"id":4876,"date":"2023-02-16T23:06:24","date_gmt":"2023-02-16T21:06:24","guid":{"rendered":"https:\/\/hylajams.fi\/?post_type=product&#038;p=4876"},"modified":"2026-02-28T00:24:31","modified_gmt":"2026-02-27T22:24:31","slug":"hylan-pidempi-12-m-sahkojohto","status":"publish","type":"product","link":"https:\/\/hylajams.fi\/?product=hylan-pidempi-12-m-sahkojohto","title":{"rendered":"13189 Hylan pidempi 12 m s\u00e4hk\u00f6johto &#8211; enemm\u00e4n liikkumatilaa"},"content":{"rendered":"<h5 data-start=\"382\" data-end=\"585\">Hylan pidempi 12 m s\u00e4hk\u00f6johto<\/h5>\n<p data-start=\"1754\" data-end=\"1905\"><strong data-start=\"1754\" data-end=\"1778\">Hyla s\u00e4hk\u00f6johto 12 m<\/strong> tarjoaa enemm\u00e4n liikkumavaraa ja helpottaa siivousta suuremmissa tiloissa ilman, ett\u00e4 pistorasioita tarvitsee vaihtaa usein.<\/p>\n<p data-start=\"1907\" data-end=\"2054\">Pidennetty johto on erinomainen valinta erityisesti isompiin koteihin, toimistoihin ja tiloihin, joissa vakiomittainen 7,5 m johto ei aina riit\u00e4.<\/p>\n<p data-start=\"2056\" data-end=\"2219\">Johto mahtuu edelleen siististi kierrett\u00e4v\u00e4ksi Hylan moottoriyksik\u00f6n s\u00e4hk\u00f6johdon kannen alle, joten sen k\u00e4ytt\u00f6 ja s\u00e4ilytys on yht\u00e4 helppoa kuin lyhyemm\u00e4n mallin.<\/p>\n<p data-start=\"2056\" data-end=\"2219\">Hylan pidempi 12 m s\u00e4hk\u00f6johto on 12 m pituinen virtajohto, joka voidaan vaihtaa kaikkiin Hyla-laitteisiin. Vaihdamme perinteisen 7,5 metrin s\u00e4hk\u00f6johdon pidennettyyn 12 metrin s\u00e4hk\u00f6johtoon Hyla huollossa, kun ilmoitatte t\u00e4st\u00e4 huollon yhteydess\u00e4. Pidennetyn s\u00e4hk\u00f6johdon vaihtaminen lis\u00e4t\u00e4\u00e4n laskun loppusummaan. Johto on suunniteltu turvalliseksi, joustavaksi ja pitk\u00e4ik\u00e4iseksi, jotta laitteen k\u00e4ytt\u00f6 on vaivatonta.<\/p>\n<h3 data-start=\"2221\" data-end=\"2240\">Ominaisuudet:<\/h3>\n<ul>\n<li data-start=\"2243\" data-end=\"2257\">Pituus: 12 m<\/li>\n<li data-start=\"2260\" data-end=\"2296\">Yhteensopivuus: kaikki Hyla-mallit<\/li>\n<li data-start=\"2299\" data-end=\"2344\">Pidempi kantama ja enemm\u00e4n k\u00e4ytt\u00f6mukavuutta<\/li>\n<li>Kest\u00e4v\u00e4, turvallinen ja helppo keri\u00e4 s\u00e4hk\u00f6johto laitteen kannen alle<\/li>\n<\/ul>\n<p><strong><a href=\"https:\/\/hylajams.fi\/?page_id=7252\">HYLA EST TUOTTEET<\/a><\/strong><\/p>\n<p><strong><a href=\"https:\/\/hylajams.fi\/?page_id=8366\">HYLA GST TUOTTEET<\/a><\/strong><\/p>\n<p><strong><a href=\"https:\/\/hylajams.fi\/?page_id=8371\">HYLA NST TUOTTEET<\/a><\/strong><\/p>\n<p><strong><a href=\"https:\/\/www.hyla.com\/products\/products\"><span dir=\"auto\" style=\"vertical-align: inherit;\">HYLA INTERNATIONAL<\/span><\/a><\/strong><\/p>\n","protected":false},"excerpt":{"rendered":"<h5>Hylan pidempi 12 m s\u00e4hk\u00f6johto<\/h5>\n<p><strong>Hyla 12 m s\u00e4hk\u00f6johto<\/strong> tuo lis\u00e4\u00e4 k\u00e4ytt\u00f6mukavuutta pidemm\u00e4n kantaman ansiosta \u2014 johto mahtuu silti kierrett\u00e4v\u00e4ksi laitteen johdonkannen alle. Vaihdamme perinteisen 7,5 metrin s\u00e4hk\u00f6johdon pidennettyyn 12 metrin s\u00e4hk\u00f6johtoon, kun ilmoitatte t\u00e4st\u00e4 huollon yhteydess\u00e4. Pidennetyn s\u00e4hk\u00f6johdon vaihtaminen lis\u00e4t\u00e4\u00e4n laskun loppusummaan.<\/p>\n<p>&nbsp;<\/p>\n","protected":false},"featured_media":6835,"template":"","meta":[],"product_brand":[],"product_cat":[951,944,773,774,775,847],"product_tag":[1799,1798,1796,1794,1131,1793,1797,1795],"class_list":{"0":"post-4876","1":"product","2":"type-product","3":"status-publish","4":"has-post-thumbnail","6":"product_cat-est-varaosat","7":"product_cat-hyla-gst-varaosat","8":"product_cat-hyla-est","9":"product_cat-hyla-gst","10":"product_cat-hyla-nst","11":"product_cat-hyla-nst-varaosat","12":"product_tag-enemman-liikkumatilaa","13":"product_tag-est-sahkojohto","14":"product_tag-gst-sahkojohto","15":"product_tag-hyla-12-m-sahkojohto","16":"product_tag-hyla-lisavaruste","17":"product_tag-hyla-pidempi-sahkojohto-12-m","18":"product_tag-nst-sahkojohto","19":"product_tag-pitka-sahkojohto","20":"product_shipping_class-matkahuolto-s-10-x-40-x-55-cm","21":"_wholesalex wsx-wholesalex-product","23":"first","24":"instock","25":"featured","26":"shipping-taxable","27":"purchasable","28":"product-type-simple"},"yoast_head":"<!-- This site is optimized with the Yoast SEO plugin v27.3 - https:\/\/yoast.com\/product\/yoast-seo-wordpress\/ -->\n<title>Hylan pidempi 12 m s\u00e4hk\u00f6johto \u2013 pidennetty virtajohto<\/title>\n<meta name=\"description\" content=\"Hylan pidempi 12 m s\u00e4hk\u00f6johto - Lis\u00e4\u00e4 siivousmukavuutta ja pituutta isompiin tiloihin. Mahtuu edelleen Hyla laitteen kannen alle.\" \/>\n<meta name=\"robots\" content=\"index, follow, max-snippet:-1, max-image-preview:large, max-video-preview:-1\" \/>\n<link rel=\"canonical\" href=\"https:\/\/hylajams.fi\/?product=hylan-pidempi-12-m-sahkojohto\" \/>\n<meta property=\"og:locale\" content=\"fi_FI\" \/>\n<meta property=\"og:type\" content=\"article\" \/>\n<meta property=\"og:title\" content=\"Hylan pidempi 12 m s\u00e4hk\u00f6johto \u2013 pidennetty virtajohto\" \/>\n<meta property=\"og:description\" content=\"Hylan pidempi 12 m s\u00e4hk\u00f6johto - Lis\u00e4\u00e4 siivousmukavuutta ja pituutta isompiin tiloihin. Mahtuu edelleen Hyla laitteen kannen alle.\" \/>\n<meta property=\"og:url\" content=\"https:\/\/hylajams.fi\/?product=hylan-pidempi-12-m-sahkojohto\" \/>\n<meta property=\"og:site_name\" content=\"Hyla Jams Verkkokauppa\" \/>\n<meta property=\"article:modified_time\" content=\"2026-02-27T22:24:31+00:00\" \/>\n<meta property=\"og:image\" content=\"https:\/\/hylajams.fi\/wp-content\/uploads\/2023\/02\/13180-Virtajohto-Hylaan-75-m-1.png\" \/>\n\t<meta property=\"og:image:width\" content=\"550\" \/>\n\t<meta property=\"og:image:height\" content=\"564\" \/>\n\t<meta property=\"og:image:type\" content=\"image\/png\" \/>\n<meta name=\"twitter:card\" content=\"summary_large_image\" \/>\n<meta name=\"twitter:label1\" content=\"Arvioitu lukuaika\" \/>\n\t<meta name=\"twitter:data1\" content=\"2 minuuttia\" \/>\n<script type=\"application\/ld+json\" class=\"yoast-schema-graph\">{\"@context\":\"https:\\\/\\\/schema.org\",\"@graph\":[{\"@type\":\"WebPage\",\"@id\":\"https:\\\/\\\/hylajams.fi\\\/?product=hylan-pidempi-12-m-sahkojohto\",\"url\":\"https:\\\/\\\/hylajams.fi\\\/?product=hylan-pidempi-12-m-sahkojohto\",\"name\":\"Hylan pidempi 12 m s\u00e4hk\u00f6johto \u2013 pidennetty virtajohto\",\"isPartOf\":{\"@id\":\"https:\\\/\\\/hylajams.fi\\\/#website\"},\"primaryImageOfPage\":{\"@id\":\"https:\\\/\\\/hylajams.fi\\\/?product=hylan-pidempi-12-m-sahkojohto#primaryimage\"},\"image\":{\"@id\":\"https:\\\/\\\/hylajams.fi\\\/?product=hylan-pidempi-12-m-sahkojohto#primaryimage\"},\"thumbnailUrl\":\"https:\\\/\\\/hylajams.fi\\\/wp-content\\\/uploads\\\/2023\\\/02\\\/13180-Virtajohto-Hylaan-75-m-1.png\",\"datePublished\":\"2023-02-16T21:06:24+00:00\",\"dateModified\":\"2026-02-27T22:24:31+00:00\",\"description\":\"Hylan pidempi 12 m s\u00e4hk\u00f6johto - Lis\u00e4\u00e4 siivousmukavuutta ja pituutta isompiin tiloihin. Mahtuu edelleen Hyla laitteen kannen alle.\",\"breadcrumb\":{\"@id\":\"https:\\\/\\\/hylajams.fi\\\/?product=hylan-pidempi-12-m-sahkojohto#breadcrumb\"},\"inLanguage\":\"fi\",\"potentialAction\":[{\"@type\":\"ReadAction\",\"target\":[\"https:\\\/\\\/hylajams.fi\\\/?product=hylan-pidempi-12-m-sahkojohto\"]}]},{\"@type\":\"ImageObject\",\"inLanguage\":\"fi\",\"@id\":\"https:\\\/\\\/hylajams.fi\\\/?product=hylan-pidempi-12-m-sahkojohto#primaryimage\",\"url\":\"https:\\\/\\\/hylajams.fi\\\/wp-content\\\/uploads\\\/2023\\\/02\\\/13180-Virtajohto-Hylaan-75-m-1.png\",\"contentUrl\":\"https:\\\/\\\/hylajams.fi\\\/wp-content\\\/uploads\\\/2023\\\/02\\\/13180-Virtajohto-Hylaan-75-m-1.png\",\"width\":550,\"height\":564,\"caption\":\"Hylan 12 m virtajohto\"},{\"@type\":\"BreadcrumbList\",\"@id\":\"https:\\\/\\\/hylajams.fi\\\/?product=hylan-pidempi-12-m-sahkojohto#breadcrumb\",\"itemListElement\":[{\"@type\":\"ListItem\",\"position\":1,\"name\":\"Etusivu\",\"item\":\"https:\\\/\\\/hylajams.fi\\\/\"},{\"@type\":\"ListItem\",\"position\":2,\"name\":\"VERKKOKAUPPA\",\"item\":\"https:\\\/\\\/hylajams.fi\\\/?page_id=9\"},{\"@type\":\"ListItem\",\"position\":3,\"name\":\"13189 Hylan pidempi 12 m s\u00e4hk\u00f6johto &#8211; enemm\u00e4n liikkumatilaa\"}]},{\"@type\":\"WebSite\",\"@id\":\"https:\\\/\\\/hylajams.fi\\\/#website\",\"url\":\"https:\\\/\\\/hylajams.fi\\\/\",\"name\":\"Hyla Jams Verkkokauppa\",\"description\":\"Hyla ilman- ja huoneen puhdistusj\u00e4rjestelm\u00e4 Suomessa\",\"publisher\":{\"@id\":\"https:\\\/\\\/hylajams.fi\\\/#organization\"},\"potentialAction\":[{\"@type\":\"SearchAction\",\"target\":{\"@type\":\"EntryPoint\",\"urlTemplate\":\"https:\\\/\\\/hylajams.fi\\\/?s={search_term_string}\"},\"query-input\":{\"@type\":\"PropertyValueSpecification\",\"valueRequired\":true,\"valueName\":\"search_term_string\"}}],\"inLanguage\":\"fi\"},{\"@type\":\"Organization\",\"@id\":\"https:\\\/\\\/hylajams.fi\\\/#organization\",\"name\":\"Hyla Jams Verkkokauppa\",\"url\":\"https:\\\/\\\/hylajams.fi\\\/\",\"logo\":{\"@type\":\"ImageObject\",\"inLanguage\":\"fi\",\"@id\":\"https:\\\/\\\/hylajams.fi\\\/#\\\/schema\\\/logo\\\/image\\\/\",\"url\":\"https:\\\/\\\/hylajams.fi\\\/wp-content\\\/uploads\\\/2025\\\/02\\\/Logo-1-2.jpg\",\"contentUrl\":\"https:\\\/\\\/hylajams.fi\\\/wp-content\\\/uploads\\\/2025\\\/02\\\/Logo-1-2.jpg\",\"width\":500,\"height\":500,\"caption\":\"Hyla Jams Verkkokauppa\"},\"image\":{\"@id\":\"https:\\\/\\\/hylajams.fi\\\/#\\\/schema\\\/logo\\\/image\\\/\"},\"sameAs\":[\"https:\\\/\\\/www.instagram.com\\\/hylasiivous\\\/\"]}]}<\/script>\n<!-- \/ Yoast SEO plugin. -->","yoast_head_json":{"title":"Hylan pidempi 12 m s\u00e4hk\u00f6johto \u2013 pidennetty virtajohto","description":"Hylan pidempi 12 m s\u00e4hk\u00f6johto - Lis\u00e4\u00e4 siivousmukavuutta ja pituutta isompiin tiloihin. Mahtuu edelleen Hyla laitteen kannen alle.","robots":{"index":"index","follow":"follow","max-snippet":"max-snippet:-1","max-image-preview":"max-image-preview:large","max-video-preview":"max-video-preview:-1"},"canonical":"https:\/\/hylajams.fi\/?product=hylan-pidempi-12-m-sahkojohto","og_locale":"fi_FI","og_type":"article","og_title":"Hylan pidempi 12 m s\u00e4hk\u00f6johto \u2013 pidennetty virtajohto","og_description":"Hylan pidempi 12 m s\u00e4hk\u00f6johto - Lis\u00e4\u00e4 siivousmukavuutta ja pituutta isompiin tiloihin. Mahtuu edelleen Hyla laitteen kannen alle.","og_url":"https:\/\/hylajams.fi\/?product=hylan-pidempi-12-m-sahkojohto","og_site_name":"Hyla Jams Verkkokauppa","article_modified_time":"2026-02-27T22:24:31+00:00","og_image":[{"width":550,"height":564,"url":"https:\/\/hylajams.fi\/wp-content\/uploads\/2023\/02\/13180-Virtajohto-Hylaan-75-m-1.png","type":"image\/png"}],"twitter_card":"summary_large_image","twitter_misc":{"Arvioitu lukuaika":"2 minuuttia"},"schema":{"@context":"https:\/\/schema.org","@graph":[{"@type":"WebPage","@id":"https:\/\/hylajams.fi\/?product=hylan-pidempi-12-m-sahkojohto","url":"https:\/\/hylajams.fi\/?product=hylan-pidempi-12-m-sahkojohto","name":"Hylan pidempi 12 m s\u00e4hk\u00f6johto \u2013 pidennetty virtajohto","isPartOf":{"@id":"https:\/\/hylajams.fi\/#website"},"primaryImageOfPage":{"@id":"https:\/\/hylajams.fi\/?product=hylan-pidempi-12-m-sahkojohto#primaryimage"},"image":{"@id":"https:\/\/hylajams.fi\/?product=hylan-pidempi-12-m-sahkojohto#primaryimage"},"thumbnailUrl":"https:\/\/hylajams.fi\/wp-content\/uploads\/2023\/02\/13180-Virtajohto-Hylaan-75-m-1.png","datePublished":"2023-02-16T21:06:24+00:00","dateModified":"2026-02-27T22:24:31+00:00","description":"Hylan pidempi 12 m s\u00e4hk\u00f6johto - Lis\u00e4\u00e4 siivousmukavuutta ja pituutta isompiin tiloihin. Mahtuu edelleen Hyla laitteen kannen alle.","breadcrumb":{"@id":"https:\/\/hylajams.fi\/?product=hylan-pidempi-12-m-sahkojohto#breadcrumb"},"inLanguage":"fi","potentialAction":[{"@type":"ReadAction","target":["https:\/\/hylajams.fi\/?product=hylan-pidempi-12-m-sahkojohto"]}]},{"@type":"ImageObject","inLanguage":"fi","@id":"https:\/\/hylajams.fi\/?product=hylan-pidempi-12-m-sahkojohto#primaryimage","url":"https:\/\/hylajams.fi\/wp-content\/uploads\/2023\/02\/13180-Virtajohto-Hylaan-75-m-1.png","contentUrl":"https:\/\/hylajams.fi\/wp-content\/uploads\/2023\/02\/13180-Virtajohto-Hylaan-75-m-1.png","width":550,"height":564,"caption":"Hylan 12 m virtajohto"},{"@type":"BreadcrumbList","@id":"https:\/\/hylajams.fi\/?product=hylan-pidempi-12-m-sahkojohto#breadcrumb","itemListElement":[{"@type":"ListItem","position":1,"name":"Etusivu","item":"https:\/\/hylajams.fi\/"},{"@type":"ListItem","position":2,"name":"VERKKOKAUPPA","item":"https:\/\/hylajams.fi\/?page_id=9"},{"@type":"ListItem","position":3,"name":"13189 Hylan pidempi 12 m s\u00e4hk\u00f6johto &#8211; enemm\u00e4n liikkumatilaa"}]},{"@type":"WebSite","@id":"https:\/\/hylajams.fi\/#website","url":"https:\/\/hylajams.fi\/","name":"Hyla Jams Verkkokauppa","description":"Hyla ilman- ja huoneen puhdistusj\u00e4rjestelm\u00e4 Suomessa","publisher":{"@id":"https:\/\/hylajams.fi\/#organization"},"potentialAction":[{"@type":"SearchAction","target":{"@type":"EntryPoint","urlTemplate":"https:\/\/hylajams.fi\/?s={search_term_string}"},"query-input":{"@type":"PropertyValueSpecification","valueRequired":true,"valueName":"search_term_string"}}],"inLanguage":"fi"},{"@type":"Organization","@id":"https:\/\/hylajams.fi\/#organization","name":"Hyla Jams Verkkokauppa","url":"https:\/\/hylajams.fi\/","logo":{"@type":"ImageObject","inLanguage":"fi","@id":"https:\/\/hylajams.fi\/#\/schema\/logo\/image\/","url":"https:\/\/hylajams.fi\/wp-content\/uploads\/2025\/02\/Logo-1-2.jpg","contentUrl":"https:\/\/hylajams.fi\/wp-content\/uploads\/2025\/02\/Logo-1-2.jpg","width":500,"height":500,"caption":"Hyla Jams Verkkokauppa"},"image":{"@id":"https:\/\/hylajams.fi\/#\/schema\/logo\/image\/"},"sameAs":["https:\/\/www.instagram.com\/hylasiivous\/"]}]}},"_links":{"self":[{"href":"https:\/\/hylajams.fi\/index.php?rest_route=\/wp\/v2\/product\/4876","targetHints":{"allow":["GET"]}}],"collection":[{"href":"https:\/\/hylajams.fi\/index.php?rest_route=\/wp\/v2\/product"}],"about":[{"href":"https:\/\/hylajams.fi\/index.php?rest_route=\/wp\/v2\/types\/product"}],"version-history":[{"count":4,"href":"https:\/\/hylajams.fi\/index.php?rest_route=\/wp\/v2\/product\/4876\/revisions"}],"predecessor-version":[{"id":11301,"href":"https:\/\/hylajams.fi\/index.php?rest_route=\/wp\/v2\/product\/4876\/revisions\/11301"}],"wp:featuredmedia":[{"embeddable":true,"href":"https:\/\/hylajams.fi\/index.php?rest_route=\/wp\/v2\/media\/6835"}],"wp:attachment":[{"href":"https:\/\/hylajams.fi\/index.php?rest_route=%2Fwp%2Fv2%2Fmedia&parent=4876"}],"wp:term":[{"taxonomy":"product_brand","embeddable":true,"href":"https:\/\/hylajams.fi\/index.php?rest_route=%2Fwp%2Fv2%2Fproduct_brand&post=4876"},{"taxonomy":"product_cat","embeddable":true,"href":"https:\/\/hylajams.fi\/index.php?rest_route=%2Fwp%2Fv2%2Fproduct_cat&post=4876"},{"taxonomy":"product_tag","embeddable":true,"href":"https:\/\/hylajams.fi\/index.php?rest_route=%2Fwp%2Fv2%2Fproduct_tag&post=4876"}],"curies":[{"name":"wp","href":"https:\/\/api.w.org\/{rel}","templated":true}]}}