{"id":4872,"date":"2023-02-16T23:01:53","date_gmt":"2023-02-16T21:01:53","guid":{"rendered":"https:\/\/hylajams.fi\/?post_type=product&#038;p=4872"},"modified":"2026-02-28T00:25:32","modified_gmt":"2026-02-27T22:25:32","slug":"hylan-sahkojohdon-pituus","status":"publish","type":"product","link":"https:\/\/hylajams.fi\/?product=hylan-sahkojohdon-pituus","title":{"rendered":"13180 Hylan s\u00e4hk\u00f6johdon pituus 7,5 m (vakio)"},"content":{"rendered":"<h5 data-start=\"382\" data-end=\"585\">Hyla s\u00e4hk\u00f6johto vakio<\/h5>\n<p data-start=\"382\" data-end=\"585\"><strong data-start=\"393\" data-end=\"412\">Hylan s\u00e4hk\u00f6johdon pituus<\/strong>\u00a0on 7,5 m vakiopituinen virtajohto, joka kuuluu kaikkiin Hyla-laitteisiin. Johto on suunniteltu turvalliseksi, joustavaksi ja pitk\u00e4ik\u00e4iseksi, jotta laitteen k\u00e4ytt\u00f6 on vaivatonta.<\/p>\n<p data-start=\"587\" data-end=\"700\">Huollon yhteydess\u00e4 on mahdollista vaihtaa t\u00e4m\u00e4 perusmittainen 7,5 m johto pidemp\u00e4\u00e4n 12 m malliin, lis\u00e4maksusta.<\/p>\n<h3 data-start=\"702\" data-end=\"721\">Ominaisuudet:<\/h3>\n<ul>\n<li data-start=\"724\" data-end=\"739\">Pituus: 7,5 m<\/li>\n<li data-start=\"742\" data-end=\"778\">Yhteensopivuus: kaikki Hyla-mallit<\/li>\n<li data-start=\"781\" data-end=\"852\">Kest\u00e4v\u00e4, turvallinen ja helppo keri\u00e4 laitteen s\u00e4hk\u00f6johdon kannen alle<\/li>\n<\/ul>\n<p><strong><a href=\"https:\/\/hylajams.fi\/?page_id=7252\">HYLA EST TUOTTEET<\/a><\/strong><\/p>\n<p><strong><a href=\"https:\/\/hylajams.fi\/?page_id=8366\">HYLA GST TUOTTEET<\/a><\/strong><\/p>\n<p><strong><a href=\"https:\/\/hylajams.fi\/?page_id=8371\">HYLA NST TUOTTEET<\/a><\/strong><\/p>\n<p><strong><a href=\"https:\/\/www.hyla.com\/products\/products\"><span dir=\"auto\" style=\"vertical-align: inherit;\"><span dir=\"auto\" style=\"vertical-align: inherit;\">HYLA INTERNATIONAL<\/span><\/span><\/a><\/strong><\/p>\n","protected":false},"excerpt":{"rendered":"<h5>Hylan s\u00e4hk\u00f6johdon pituus<\/h5>\n<p><strong>Alkuper\u00e4inen Hyla 7,5 m s\u00e4hk\u00f6johto \u2014 vakiojohto<\/strong>, joka toimitetaan uusien Hyla-j\u00e4rjestelmien mukana. Kest\u00e4v\u00e4 ja turvallinen valinta arjen k\u00e4ytt\u00f6\u00f6n.<\/p>\n","protected":false},"featured_media":4878,"template":"","meta":[],"product_brand":[],"product_cat":[951,944,773,774,775,847],"product_tag":[100,1798,1796,1131,1800,1801,1803,1797,1802],"class_list":{"0":"post-4872","1":"product","2":"type-product","3":"status-publish","4":"has-post-thumbnail","6":"product_cat-est-varaosat","7":"product_cat-hyla-gst-varaosat","8":"product_cat-hyla-est","9":"product_cat-hyla-gst","10":"product_cat-hyla-nst","11":"product_cat-hyla-nst-varaosat","12":"product_tag-5-m","13":"product_tag-est-sahkojohto","14":"product_tag-gst-sahkojohto","15":"product_tag-hyla-lisavaruste","16":"product_tag-hyla-sahkojohto-7","17":"product_tag-hyla-vakio-sahkojohto","18":"product_tag-imurin-sahkojohto","19":"product_tag-nst-sahkojohto","20":"product_tag-sahkojohto-7","21":"product_shipping_class-matkahuolto-s-10-x-40-x-55-cm","22":"_wholesalex wsx-wholesalex-product","24":"first","25":"instock","26":"featured","27":"shipping-taxable","28":"purchasable","29":"product-type-simple"},"yoast_head":"<!-- This site is optimized with the Yoast SEO plugin v27.3 - https:\/\/yoast.com\/product\/yoast-seo-wordpress\/ -->\n<title>Hylan s\u00e4hk\u00f6johdon pituus - alkuper\u00e4inen virtajohto<\/title>\n<meta name=\"description\" content=\"Hylan s\u00e4hk\u00f6johdon pituus - Vakio virtajohto kaikissa Hyla -laitteissa. Mahdollisuus vaihtaa huollossa pidemp\u00e4\u00e4n 12 m johtoon.\" \/>\n<meta name=\"robots\" content=\"index, follow, max-snippet:-1, max-image-preview:large, max-video-preview:-1\" \/>\n<link rel=\"canonical\" href=\"https:\/\/hylajams.fi\/?product=hylan-sahkojohdon-pituus\" \/>\n<meta property=\"og:locale\" content=\"fi_FI\" \/>\n<meta property=\"og:type\" content=\"article\" \/>\n<meta property=\"og:title\" content=\"Hylan s\u00e4hk\u00f6johdon pituus - alkuper\u00e4inen virtajohto\" \/>\n<meta property=\"og:description\" content=\"Hylan s\u00e4hk\u00f6johdon pituus - Vakio virtajohto kaikissa Hyla -laitteissa. Mahdollisuus vaihtaa huollossa pidemp\u00e4\u00e4n 12 m johtoon.\" \/>\n<meta property=\"og:url\" content=\"https:\/\/hylajams.fi\/?product=hylan-sahkojohdon-pituus\" \/>\n<meta property=\"og:site_name\" content=\"Hyla Jams Verkkokauppa\" \/>\n<meta property=\"article:modified_time\" content=\"2026-02-27T22:25:32+00:00\" \/>\n<meta property=\"og:image\" content=\"https:\/\/hylajams.fi\/wp-content\/uploads\/2023\/02\/13180-Sahkojohto.png\" \/>\n\t<meta property=\"og:image:width\" content=\"600\" \/>\n\t<meta property=\"og:image:height\" content=\"600\" \/>\n\t<meta property=\"og:image:type\" content=\"image\/png\" \/>\n<meta name=\"twitter:card\" content=\"summary_large_image\" \/>\n<meta name=\"twitter:label1\" content=\"Arvioitu lukuaika\" \/>\n\t<meta name=\"twitter:data1\" content=\"1 minuutti\" \/>\n<script type=\"application\/ld+json\" class=\"yoast-schema-graph\">{\"@context\":\"https:\\\/\\\/schema.org\",\"@graph\":[{\"@type\":\"WebPage\",\"@id\":\"https:\\\/\\\/hylajams.fi\\\/?product=hylan-sahkojohdon-pituus\",\"url\":\"https:\\\/\\\/hylajams.fi\\\/?product=hylan-sahkojohdon-pituus\",\"name\":\"Hylan s\u00e4hk\u00f6johdon pituus - alkuper\u00e4inen virtajohto\",\"isPartOf\":{\"@id\":\"https:\\\/\\\/hylajams.fi\\\/#website\"},\"primaryImageOfPage\":{\"@id\":\"https:\\\/\\\/hylajams.fi\\\/?product=hylan-sahkojohdon-pituus#primaryimage\"},\"image\":{\"@id\":\"https:\\\/\\\/hylajams.fi\\\/?product=hylan-sahkojohdon-pituus#primaryimage\"},\"thumbnailUrl\":\"https:\\\/\\\/hylajams.fi\\\/wp-content\\\/uploads\\\/2023\\\/02\\\/13180-Sahkojohto.png\",\"datePublished\":\"2023-02-16T21:01:53+00:00\",\"dateModified\":\"2026-02-27T22:25:32+00:00\",\"description\":\"Hylan s\u00e4hk\u00f6johdon pituus - Vakio virtajohto kaikissa Hyla -laitteissa. Mahdollisuus vaihtaa huollossa pidemp\u00e4\u00e4n 12 m johtoon.\",\"breadcrumb\":{\"@id\":\"https:\\\/\\\/hylajams.fi\\\/?product=hylan-sahkojohdon-pituus#breadcrumb\"},\"inLanguage\":\"fi\",\"potentialAction\":[{\"@type\":\"ReadAction\",\"target\":[\"https:\\\/\\\/hylajams.fi\\\/?product=hylan-sahkojohdon-pituus\"]}]},{\"@type\":\"ImageObject\",\"inLanguage\":\"fi\",\"@id\":\"https:\\\/\\\/hylajams.fi\\\/?product=hylan-sahkojohdon-pituus#primaryimage\",\"url\":\"https:\\\/\\\/hylajams.fi\\\/wp-content\\\/uploads\\\/2023\\\/02\\\/13180-Sahkojohto.png\",\"contentUrl\":\"https:\\\/\\\/hylajams.fi\\\/wp-content\\\/uploads\\\/2023\\\/02\\\/13180-Sahkojohto.png\",\"width\":600,\"height\":600,\"caption\":\"Hylien varaosat\"},{\"@type\":\"BreadcrumbList\",\"@id\":\"https:\\\/\\\/hylajams.fi\\\/?product=hylan-sahkojohdon-pituus#breadcrumb\",\"itemListElement\":[{\"@type\":\"ListItem\",\"position\":1,\"name\":\"Etusivu\",\"item\":\"https:\\\/\\\/hylajams.fi\\\/\"},{\"@type\":\"ListItem\",\"position\":2,\"name\":\"VERKKOKAUPPA\",\"item\":\"https:\\\/\\\/hylajams.fi\\\/?page_id=9\"},{\"@type\":\"ListItem\",\"position\":3,\"name\":\"13180 Hylan s\u00e4hk\u00f6johdon pituus 7,5 m (vakio)\"}]},{\"@type\":\"WebSite\",\"@id\":\"https:\\\/\\\/hylajams.fi\\\/#website\",\"url\":\"https:\\\/\\\/hylajams.fi\\\/\",\"name\":\"Hyla Jams Verkkokauppa\",\"description\":\"Hyla ilman- ja huoneen puhdistusj\u00e4rjestelm\u00e4 Suomessa\",\"publisher\":{\"@id\":\"https:\\\/\\\/hylajams.fi\\\/#organization\"},\"potentialAction\":[{\"@type\":\"SearchAction\",\"target\":{\"@type\":\"EntryPoint\",\"urlTemplate\":\"https:\\\/\\\/hylajams.fi\\\/?s={search_term_string}\"},\"query-input\":{\"@type\":\"PropertyValueSpecification\",\"valueRequired\":true,\"valueName\":\"search_term_string\"}}],\"inLanguage\":\"fi\"},{\"@type\":\"Organization\",\"@id\":\"https:\\\/\\\/hylajams.fi\\\/#organization\",\"name\":\"Hyla Jams Verkkokauppa\",\"url\":\"https:\\\/\\\/hylajams.fi\\\/\",\"logo\":{\"@type\":\"ImageObject\",\"inLanguage\":\"fi\",\"@id\":\"https:\\\/\\\/hylajams.fi\\\/#\\\/schema\\\/logo\\\/image\\\/\",\"url\":\"https:\\\/\\\/hylajams.fi\\\/wp-content\\\/uploads\\\/2025\\\/02\\\/Logo-1-2.jpg\",\"contentUrl\":\"https:\\\/\\\/hylajams.fi\\\/wp-content\\\/uploads\\\/2025\\\/02\\\/Logo-1-2.jpg\",\"width\":500,\"height\":500,\"caption\":\"Hyla Jams Verkkokauppa\"},\"image\":{\"@id\":\"https:\\\/\\\/hylajams.fi\\\/#\\\/schema\\\/logo\\\/image\\\/\"},\"sameAs\":[\"https:\\\/\\\/www.instagram.com\\\/hylasiivous\\\/\"]}]}<\/script>\n<!-- \/ Yoast SEO plugin. -->","yoast_head_json":{"title":"Hylan s\u00e4hk\u00f6johdon pituus - alkuper\u00e4inen virtajohto","description":"Hylan s\u00e4hk\u00f6johdon pituus - Vakio virtajohto kaikissa Hyla -laitteissa. Mahdollisuus vaihtaa huollossa pidemp\u00e4\u00e4n 12 m johtoon.","robots":{"index":"index","follow":"follow","max-snippet":"max-snippet:-1","max-image-preview":"max-image-preview:large","max-video-preview":"max-video-preview:-1"},"canonical":"https:\/\/hylajams.fi\/?product=hylan-sahkojohdon-pituus","og_locale":"fi_FI","og_type":"article","og_title":"Hylan s\u00e4hk\u00f6johdon pituus - alkuper\u00e4inen virtajohto","og_description":"Hylan s\u00e4hk\u00f6johdon pituus - Vakio virtajohto kaikissa Hyla -laitteissa. Mahdollisuus vaihtaa huollossa pidemp\u00e4\u00e4n 12 m johtoon.","og_url":"https:\/\/hylajams.fi\/?product=hylan-sahkojohdon-pituus","og_site_name":"Hyla Jams Verkkokauppa","article_modified_time":"2026-02-27T22:25:32+00:00","og_image":[{"width":600,"height":600,"url":"https:\/\/hylajams.fi\/wp-content\/uploads\/2023\/02\/13180-Sahkojohto.png","type":"image\/png"}],"twitter_card":"summary_large_image","twitter_misc":{"Arvioitu lukuaika":"1 minuutti"},"schema":{"@context":"https:\/\/schema.org","@graph":[{"@type":"WebPage","@id":"https:\/\/hylajams.fi\/?product=hylan-sahkojohdon-pituus","url":"https:\/\/hylajams.fi\/?product=hylan-sahkojohdon-pituus","name":"Hylan s\u00e4hk\u00f6johdon pituus - alkuper\u00e4inen virtajohto","isPartOf":{"@id":"https:\/\/hylajams.fi\/#website"},"primaryImageOfPage":{"@id":"https:\/\/hylajams.fi\/?product=hylan-sahkojohdon-pituus#primaryimage"},"image":{"@id":"https:\/\/hylajams.fi\/?product=hylan-sahkojohdon-pituus#primaryimage"},"thumbnailUrl":"https:\/\/hylajams.fi\/wp-content\/uploads\/2023\/02\/13180-Sahkojohto.png","datePublished":"2023-02-16T21:01:53+00:00","dateModified":"2026-02-27T22:25:32+00:00","description":"Hylan s\u00e4hk\u00f6johdon pituus - Vakio virtajohto kaikissa Hyla -laitteissa. Mahdollisuus vaihtaa huollossa pidemp\u00e4\u00e4n 12 m johtoon.","breadcrumb":{"@id":"https:\/\/hylajams.fi\/?product=hylan-sahkojohdon-pituus#breadcrumb"},"inLanguage":"fi","potentialAction":[{"@type":"ReadAction","target":["https:\/\/hylajams.fi\/?product=hylan-sahkojohdon-pituus"]}]},{"@type":"ImageObject","inLanguage":"fi","@id":"https:\/\/hylajams.fi\/?product=hylan-sahkojohdon-pituus#primaryimage","url":"https:\/\/hylajams.fi\/wp-content\/uploads\/2023\/02\/13180-Sahkojohto.png","contentUrl":"https:\/\/hylajams.fi\/wp-content\/uploads\/2023\/02\/13180-Sahkojohto.png","width":600,"height":600,"caption":"Hylien varaosat"},{"@type":"BreadcrumbList","@id":"https:\/\/hylajams.fi\/?product=hylan-sahkojohdon-pituus#breadcrumb","itemListElement":[{"@type":"ListItem","position":1,"name":"Etusivu","item":"https:\/\/hylajams.fi\/"},{"@type":"ListItem","position":2,"name":"VERKKOKAUPPA","item":"https:\/\/hylajams.fi\/?page_id=9"},{"@type":"ListItem","position":3,"name":"13180 Hylan s\u00e4hk\u00f6johdon pituus 7,5 m (vakio)"}]},{"@type":"WebSite","@id":"https:\/\/hylajams.fi\/#website","url":"https:\/\/hylajams.fi\/","name":"Hyla Jams Verkkokauppa","description":"Hyla ilman- ja huoneen puhdistusj\u00e4rjestelm\u00e4 Suomessa","publisher":{"@id":"https:\/\/hylajams.fi\/#organization"},"potentialAction":[{"@type":"SearchAction","target":{"@type":"EntryPoint","urlTemplate":"https:\/\/hylajams.fi\/?s={search_term_string}"},"query-input":{"@type":"PropertyValueSpecification","valueRequired":true,"valueName":"search_term_string"}}],"inLanguage":"fi"},{"@type":"Organization","@id":"https:\/\/hylajams.fi\/#organization","name":"Hyla Jams Verkkokauppa","url":"https:\/\/hylajams.fi\/","logo":{"@type":"ImageObject","inLanguage":"fi","@id":"https:\/\/hylajams.fi\/#\/schema\/logo\/image\/","url":"https:\/\/hylajams.fi\/wp-content\/uploads\/2025\/02\/Logo-1-2.jpg","contentUrl":"https:\/\/hylajams.fi\/wp-content\/uploads\/2025\/02\/Logo-1-2.jpg","width":500,"height":500,"caption":"Hyla Jams Verkkokauppa"},"image":{"@id":"https:\/\/hylajams.fi\/#\/schema\/logo\/image\/"},"sameAs":["https:\/\/www.instagram.com\/hylasiivous\/"]}]}},"_links":{"self":[{"href":"https:\/\/hylajams.fi\/index.php?rest_route=\/wp\/v2\/product\/4872","targetHints":{"allow":["GET"]}}],"collection":[{"href":"https:\/\/hylajams.fi\/index.php?rest_route=\/wp\/v2\/product"}],"about":[{"href":"https:\/\/hylajams.fi\/index.php?rest_route=\/wp\/v2\/types\/product"}],"version-history":[{"count":3,"href":"https:\/\/hylajams.fi\/index.php?rest_route=\/wp\/v2\/product\/4872\/revisions"}],"predecessor-version":[{"id":11300,"href":"https:\/\/hylajams.fi\/index.php?rest_route=\/wp\/v2\/product\/4872\/revisions\/11300"}],"wp:featuredmedia":[{"embeddable":true,"href":"https:\/\/hylajams.fi\/index.php?rest_route=\/wp\/v2\/media\/4878"}],"wp:attachment":[{"href":"https:\/\/hylajams.fi\/index.php?rest_route=%2Fwp%2Fv2%2Fmedia&parent=4872"}],"wp:term":[{"taxonomy":"product_brand","embeddable":true,"href":"https:\/\/hylajams.fi\/index.php?rest_route=%2Fwp%2Fv2%2Fproduct_brand&post=4872"},{"taxonomy":"product_cat","embeddable":true,"href":"https:\/\/hylajams.fi\/index.php?rest_route=%2Fwp%2Fv2%2Fproduct_cat&post=4872"},{"taxonomy":"product_tag","embeddable":true,"href":"https:\/\/hylajams.fi\/index.php?rest_route=%2Fwp%2Fv2%2Fproduct_tag&post=4872"}],"curies":[{"name":"wp","href":"https:\/\/api.w.org\/{rel}","templated":true}]}}