{"id":4739,"date":"2023-01-26T14:56:07","date_gmt":"2023-01-26T12:56:07","guid":{"rendered":"https:\/\/hylajams.fi\/?post_type=product&#038;p=4739"},"modified":"2026-03-17T12:51:35","modified_gmt":"2026-03-17T10:51:35","slug":"hyla-everest-tuoksu","status":"publish","type":"product","link":"https:\/\/hylajams.fi\/?product=hyla-everest-tuoksu","title":{"rendered":"17276 Everest Hyla -tuoksu \u2013 vuoristo, 500 ml"},"content":{"rendered":"<p><strong>Everest Hyla -tuoksu<\/strong>. Suunniteltu erityisesti k\u00e4ytett\u00e4v\u00e4ksi Hyla puhdistusj\u00e4rjestelmiss\u00e4 ja AERA ilmanraikastimessa.<\/p>\n<p>Everest on vuorenhuippu, joka on maailman korkein vuori. Se sijaitsee Himalajan vuoristossa Nepalissa ja Kiinassa. Tuoksu on saanut inspiraationsa vuorenhuipulta ja tuo sen vuoren puhtauden ja raikkauden kotiisi. Everest vuorenhuippu on maailman korkein ja se on eritt\u00e4in harvinainen paikka, on my\u00f6s Everest tuoksuna unohtumaton ja ainutlaatuinen. Hyla Everest tuoksu &#8211;\u00a0 tarjoaa virkist\u00e4v\u00e4n makean tuoksun, joka vie sinut matkalle maailman korkeimman vuoren yli. T\u00e4m\u00e4 kevyt tuoksu muistuttaa tuulta, joka kulkee kukkien ja vuoristoruusujen t\u00e4ytt\u00e4m\u00e4ll\u00e4 huipulla. Sen raikas ja lumoava tuoksu on suunniteltu tuomaan kotiisi puhtauden ja raikkauden tunteen, luoden samalla rauhallisen ja virkist\u00e4v\u00e4n ymp\u00e4rist\u00f6n.<\/p>\n<p>Everest-tuoksu on suunniteltu erityisesti Hyla-puhdistusj\u00e4rjestelm\u00e4\u00e4n, ja voit k\u00e4ytt\u00e4\u00e4 sit\u00e4 my\u00f6s pieness\u00e4 Hyla AERA -ilmanraikastimessa. Tuoksu yhdist\u00e4\u00e4 tehokkaan imuroinnin ja ilmanpuhdistuksen. Kun lis\u00e4\u00e4t Everest-tuoksua Hyla-puhdistusveteen, saat nauttia huumaavasta tuoksusta samalla kun p\u00f6ly, allergeenit ja ep\u00e4puhtaudet poistuvat ymp\u00e4rist\u00f6st\u00e4si. Sen makeampi vivahde tekee siit\u00e4 ihanteellisen valinnan luomaan miellytt\u00e4v\u00e4n ilmapiirin kotiisi.<\/p>\n<ul>\n<li data-start=\"958\" data-end=\"1032\">Hyla ilman ja huoneenpuhdistusj\u00e4rjestelm\u00e4: 4\u20135 tippaa 4 litraan kylm\u00e4\u00e4 vett\u00e4 (maks. 5 ml)<\/li>\n<li data-start=\"1035\" data-end=\"1074\">Hyla AERA -ilmanraikastaja: 1\u20132 tippaa<\/li>\n<\/ul>\n<p data-start=\"1076\" data-end=\"1269\">T\u00e4m\u00e4 <strong data-start=\"1081\" data-end=\"1107\">500 ml:n pullo (0,5 l)<\/strong> riitt\u00e4\u00e4 pitk\u00e4ksi aikaa, tarjoten kest\u00e4v\u00e4n ja miellytt\u00e4v\u00e4n tuoksuel\u00e4myksen. Everest sopii t\u00e4ydellisesti kodin, toimiston tai muiden tilojen tunnelman luomiseen.<\/p>\n<p data-start=\"1271\" data-end=\"1284\"><strong data-start=\"1271\" data-end=\"1282\">Hy\u00f6dyt:<\/strong><\/p>\n<ul>\n<li data-start=\"1287\" data-end=\"1322\">Vuorenraikas ja virkist\u00e4v\u00e4 tuoksu<\/li>\n<li data-start=\"1325\" data-end=\"1365\">Luo puhtaan ja rauhoittavan ilmapiirin<\/li>\n<li data-start=\"1368\" data-end=\"1409\">Piilottaa ei-toivotut hajut tehokkaasti<\/li>\n<li data-start=\"1368\" data-end=\"1409\">Kaikkeen tuoksutteluun<\/li>\n<li data-start=\"1412\" data-end=\"1467\">Suunniteltu k\u00e4ytett\u00e4v\u00e4ksi Hyla ilman ja huoneenpuhdistusj\u00e4rjestelm\u00e4n ja AERA ilmanraikastajan kanssa<\/li>\n<li data-start=\"1470\" data-end=\"1499\">Pitk\u00e4kestoinen 500 ml pullo<\/li>\n<\/ul>\n<p data-start=\"1501\" data-end=\"1599\">Everest on yksi kahdeksasta Hyla -tuoksusta, joita on saatavana kahdessa koossa: 90 ml ja 500 ml.<\/p>\n<figure id=\"attachment_12985\" aria-describedby=\"caption-attachment-12985\" style=\"width: 300px\" class=\"wp-caption alignnone\"><a href=\"https:\/\/hylajams.fi\/?p=5064\"><img fetchpriority=\"high\" decoding=\"async\" class=\"size-medium wp-image-12985\" src=\"https:\/\/hylajams.fi\/wp-content\/uploads\/2026\/02\/Hylan-tuoksut-300x169.jpg\" alt=\"Hylan tuoksut\" width=\"300\" height=\"169\" srcset=\"https:\/\/hylajams.fi\/wp-content\/uploads\/2026\/02\/Hylan-tuoksut-300x169.jpg 300w, https:\/\/hylajams.fi\/wp-content\/uploads\/2026\/02\/Hylan-tuoksut-1024x576.jpg 1024w, https:\/\/hylajams.fi\/wp-content\/uploads\/2026\/02\/Hylan-tuoksut-768x432.jpg 768w, https:\/\/hylajams.fi\/wp-content\/uploads\/2026\/02\/Hylan-tuoksut-600x338.jpg 600w, https:\/\/hylajams.fi\/wp-content\/uploads\/2026\/02\/Hylan-tuoksut.jpg 1200w\" sizes=\"(max-width: 300px) 100vw, 300px\" \/><\/a><figcaption id=\"caption-attachment-12985\" class=\"wp-caption-text\">Hylan tuoksut<\/figcaption><\/figure>\n<p><strong><span style=\"color: #008000;\">Lue lis\u00e4\u00e4 Hyla tuoksuista <a style=\"color: #008000;\" href=\"https:\/\/hylajams.fi\/?p=5064\">T\u00c4\u00c4LT\u00c4<\/a><\/span><\/strong><\/p>\n<p><a href=\"https:\/\/hylajams.fi\/?product_cat=natural-care-tuoksut\"><strong>Hyla tuoksut verkkokaupassa<\/strong><\/a><\/p>\n<p><a href=\"https:\/\/www.hyla-naturalcare.com\/en\/\"><strong><span dir=\"auto\">Hyla Natural Care<\/span><\/strong><\/a><\/p>\n","protected":false},"excerpt":{"rendered":"<p><strong>Hyla Everest -tuoksu<\/strong> tuo kotiisi vuorenraikkaan ilman.<\/p>\n<p>Sopii kaikenlaiseen tuoksutteluun. Suunniteltu k\u00e4ytett\u00e4v\u00e4ksi Hyla -ilman ja huoneenpuhdistusj\u00e4rjestelmiss\u00e4 ja AERA-ilmanraikastimen kanssa. 500 ml pullo kest\u00e4\u00e4 pitk\u00e4\u00e4n.<\/p>\n","protected":false},"featured_media":12941,"template":"","meta":[],"product_brand":[],"product_cat":[50,1090],"product_tag":[1929,1931,1932,1131,1933,1570,78],"class_list":{"0":"post-4739","1":"product","2":"type-product","3":"status-publish","4":"has-post-thumbnail","6":"product_cat-hyla-tuoksut","7":"product_cat-hyla-tuoksut-500-ml","8":"product_tag-everest-hyla-tuoksu","9":"product_tag-hyla-est-tuoksu","10":"product_tag-hyla-gst-tuoksu","11":"product_tag-hyla-lisavaruste","12":"product_tag-hyla-nst-tuoksu","13":"product_tag-hyla-tuoksu-500-ml","14":"product_tag-ilmanraikastin","15":"product_shipping_class-posti-s-paketti-11x32x3-cm-35-kg","16":"_wholesalex wsx-wholesalex-product","18":"first","19":"instock","20":"featured","21":"shipping-taxable","22":"purchasable","23":"product-type-simple"},"yoast_head":"<!-- This site is optimized with the Yoast SEO plugin v27.3 - https:\/\/yoast.com\/product\/yoast-seo-wordpress\/ -->\n<title>Hyla Everest -tuoksu - Tee tuoksuinen vuoristo matka<\/title>\n<meta name=\"description\" content=\"Hyla Everest -tuoksu - Tuo vuoristoista inspiraatiota kotiin Hyla tuoksuilla. Hanki iso 500 ml pullo, joka riitt\u00e4\u00e4 pitk\u00e4\u00e4n.\" \/>\n<meta name=\"robots\" content=\"index, follow, max-snippet:-1, max-image-preview:large, max-video-preview:-1\" \/>\n<link rel=\"canonical\" href=\"https:\/\/hylajams.fi\/?product=hyla-everest-tuoksu\" \/>\n<meta property=\"og:locale\" content=\"fi_FI\" \/>\n<meta property=\"og:type\" content=\"article\" \/>\n<meta property=\"og:title\" content=\"Hyla Everest -tuoksu - Tee tuoksuinen vuoristo matka\" \/>\n<meta property=\"og:description\" content=\"Hyla Everest -tuoksu - Tuo vuoristoista inspiraatiota kotiin Hyla tuoksuilla. Hanki iso 500 ml pullo, joka riitt\u00e4\u00e4 pitk\u00e4\u00e4n.\" \/>\n<meta property=\"og:url\" content=\"https:\/\/hylajams.fi\/?product=hyla-everest-tuoksu\" \/>\n<meta property=\"og:site_name\" content=\"Hyla Jams Verkkokauppa\" \/>\n<meta property=\"article:modified_time\" content=\"2026-03-17T10:51:35+00:00\" \/>\n<meta property=\"og:image\" content=\"https:\/\/hylajams.fi\/wp-content\/uploads\/2023\/03\/17276-Uusi-Everest1.jpg\" \/>\n\t<meta property=\"og:image:width\" content=\"436\" \/>\n\t<meta property=\"og:image:height\" content=\"675\" \/>\n\t<meta property=\"og:image:type\" content=\"image\/jpeg\" \/>\n<meta name=\"twitter:card\" content=\"summary_large_image\" \/>\n<meta name=\"twitter:label1\" content=\"Arvioitu lukuaika\" \/>\n\t<meta name=\"twitter:data1\" content=\"2 minuuttia\" \/>\n<script type=\"application\/ld+json\" class=\"yoast-schema-graph\">{\"@context\":\"https:\\\/\\\/schema.org\",\"@graph\":[{\"@type\":\"WebPage\",\"@id\":\"https:\\\/\\\/hylajams.fi\\\/?product=hyla-everest-tuoksu\",\"url\":\"https:\\\/\\\/hylajams.fi\\\/?product=hyla-everest-tuoksu\",\"name\":\"Hyla Everest -tuoksu - Tee tuoksuinen vuoristo matka\",\"isPartOf\":{\"@id\":\"https:\\\/\\\/hylajams.fi\\\/#website\"},\"primaryImageOfPage\":{\"@id\":\"https:\\\/\\\/hylajams.fi\\\/?product=hyla-everest-tuoksu#primaryimage\"},\"image\":{\"@id\":\"https:\\\/\\\/hylajams.fi\\\/?product=hyla-everest-tuoksu#primaryimage\"},\"thumbnailUrl\":\"https:\\\/\\\/hylajams.fi\\\/wp-content\\\/uploads\\\/2023\\\/03\\\/17276-Uusi-Everest1.jpg\",\"datePublished\":\"2023-01-26T12:56:07+00:00\",\"dateModified\":\"2026-03-17T10:51:35+00:00\",\"description\":\"Hyla Everest -tuoksu - Tuo vuoristoista inspiraatiota kotiin Hyla tuoksuilla. Hanki iso 500 ml pullo, joka riitt\u00e4\u00e4 pitk\u00e4\u00e4n.\",\"breadcrumb\":{\"@id\":\"https:\\\/\\\/hylajams.fi\\\/?product=hyla-everest-tuoksu#breadcrumb\"},\"inLanguage\":\"fi\",\"potentialAction\":[{\"@type\":\"ReadAction\",\"target\":[\"https:\\\/\\\/hylajams.fi\\\/?product=hyla-everest-tuoksu\"]}]},{\"@type\":\"ImageObject\",\"inLanguage\":\"fi\",\"@id\":\"https:\\\/\\\/hylajams.fi\\\/?product=hyla-everest-tuoksu#primaryimage\",\"url\":\"https:\\\/\\\/hylajams.fi\\\/wp-content\\\/uploads\\\/2023\\\/03\\\/17276-Uusi-Everest1.jpg\",\"contentUrl\":\"https:\\\/\\\/hylajams.fi\\\/wp-content\\\/uploads\\\/2023\\\/03\\\/17276-Uusi-Everest1.jpg\",\"width\":436,\"height\":675,\"caption\":\"17246 Hyla tuoksu Everest\"},{\"@type\":\"BreadcrumbList\",\"@id\":\"https:\\\/\\\/hylajams.fi\\\/?product=hyla-everest-tuoksu#breadcrumb\",\"itemListElement\":[{\"@type\":\"ListItem\",\"position\":1,\"name\":\"Etusivu\",\"item\":\"https:\\\/\\\/hylajams.fi\\\/\"},{\"@type\":\"ListItem\",\"position\":2,\"name\":\"VERKKOKAUPPA\",\"item\":\"https:\\\/\\\/hylajams.fi\\\/?page_id=9\"},{\"@type\":\"ListItem\",\"position\":3,\"name\":\"17276 Everest Hyla -tuoksu \u2013 vuoristo, 500 ml\"}]},{\"@type\":\"WebSite\",\"@id\":\"https:\\\/\\\/hylajams.fi\\\/#website\",\"url\":\"https:\\\/\\\/hylajams.fi\\\/\",\"name\":\"Hyla Jams Verkkokauppa\",\"description\":\"Hyla ilman- ja huoneen puhdistusj\u00e4rjestelm\u00e4 Suomessa\",\"publisher\":{\"@id\":\"https:\\\/\\\/hylajams.fi\\\/#organization\"},\"potentialAction\":[{\"@type\":\"SearchAction\",\"target\":{\"@type\":\"EntryPoint\",\"urlTemplate\":\"https:\\\/\\\/hylajams.fi\\\/?s={search_term_string}\"},\"query-input\":{\"@type\":\"PropertyValueSpecification\",\"valueRequired\":true,\"valueName\":\"search_term_string\"}}],\"inLanguage\":\"fi\"},{\"@type\":\"Organization\",\"@id\":\"https:\\\/\\\/hylajams.fi\\\/#organization\",\"name\":\"Hyla Jams Verkkokauppa\",\"url\":\"https:\\\/\\\/hylajams.fi\\\/\",\"logo\":{\"@type\":\"ImageObject\",\"inLanguage\":\"fi\",\"@id\":\"https:\\\/\\\/hylajams.fi\\\/#\\\/schema\\\/logo\\\/image\\\/\",\"url\":\"https:\\\/\\\/hylajams.fi\\\/wp-content\\\/uploads\\\/2025\\\/02\\\/Logo-1-2.jpg\",\"contentUrl\":\"https:\\\/\\\/hylajams.fi\\\/wp-content\\\/uploads\\\/2025\\\/02\\\/Logo-1-2.jpg\",\"width\":500,\"height\":500,\"caption\":\"Hyla Jams Verkkokauppa\"},\"image\":{\"@id\":\"https:\\\/\\\/hylajams.fi\\\/#\\\/schema\\\/logo\\\/image\\\/\"},\"sameAs\":[\"https:\\\/\\\/www.instagram.com\\\/hylasiivous\\\/\"]}]}<\/script>\n<!-- \/ Yoast SEO plugin. -->","yoast_head_json":{"title":"Hyla Everest -tuoksu - Tee tuoksuinen vuoristo matka","description":"Hyla Everest -tuoksu - Tuo vuoristoista inspiraatiota kotiin Hyla tuoksuilla. Hanki iso 500 ml pullo, joka riitt\u00e4\u00e4 pitk\u00e4\u00e4n.","robots":{"index":"index","follow":"follow","max-snippet":"max-snippet:-1","max-image-preview":"max-image-preview:large","max-video-preview":"max-video-preview:-1"},"canonical":"https:\/\/hylajams.fi\/?product=hyla-everest-tuoksu","og_locale":"fi_FI","og_type":"article","og_title":"Hyla Everest -tuoksu - Tee tuoksuinen vuoristo matka","og_description":"Hyla Everest -tuoksu - Tuo vuoristoista inspiraatiota kotiin Hyla tuoksuilla. Hanki iso 500 ml pullo, joka riitt\u00e4\u00e4 pitk\u00e4\u00e4n.","og_url":"https:\/\/hylajams.fi\/?product=hyla-everest-tuoksu","og_site_name":"Hyla Jams Verkkokauppa","article_modified_time":"2026-03-17T10:51:35+00:00","og_image":[{"width":436,"height":675,"url":"https:\/\/hylajams.fi\/wp-content\/uploads\/2023\/03\/17276-Uusi-Everest1.jpg","type":"image\/jpeg"}],"twitter_card":"summary_large_image","twitter_misc":{"Arvioitu lukuaika":"2 minuuttia"},"schema":{"@context":"https:\/\/schema.org","@graph":[{"@type":"WebPage","@id":"https:\/\/hylajams.fi\/?product=hyla-everest-tuoksu","url":"https:\/\/hylajams.fi\/?product=hyla-everest-tuoksu","name":"Hyla Everest -tuoksu - Tee tuoksuinen vuoristo matka","isPartOf":{"@id":"https:\/\/hylajams.fi\/#website"},"primaryImageOfPage":{"@id":"https:\/\/hylajams.fi\/?product=hyla-everest-tuoksu#primaryimage"},"image":{"@id":"https:\/\/hylajams.fi\/?product=hyla-everest-tuoksu#primaryimage"},"thumbnailUrl":"https:\/\/hylajams.fi\/wp-content\/uploads\/2023\/03\/17276-Uusi-Everest1.jpg","datePublished":"2023-01-26T12:56:07+00:00","dateModified":"2026-03-17T10:51:35+00:00","description":"Hyla Everest -tuoksu - Tuo vuoristoista inspiraatiota kotiin Hyla tuoksuilla. Hanki iso 500 ml pullo, joka riitt\u00e4\u00e4 pitk\u00e4\u00e4n.","breadcrumb":{"@id":"https:\/\/hylajams.fi\/?product=hyla-everest-tuoksu#breadcrumb"},"inLanguage":"fi","potentialAction":[{"@type":"ReadAction","target":["https:\/\/hylajams.fi\/?product=hyla-everest-tuoksu"]}]},{"@type":"ImageObject","inLanguage":"fi","@id":"https:\/\/hylajams.fi\/?product=hyla-everest-tuoksu#primaryimage","url":"https:\/\/hylajams.fi\/wp-content\/uploads\/2023\/03\/17276-Uusi-Everest1.jpg","contentUrl":"https:\/\/hylajams.fi\/wp-content\/uploads\/2023\/03\/17276-Uusi-Everest1.jpg","width":436,"height":675,"caption":"17246 Hyla tuoksu Everest"},{"@type":"BreadcrumbList","@id":"https:\/\/hylajams.fi\/?product=hyla-everest-tuoksu#breadcrumb","itemListElement":[{"@type":"ListItem","position":1,"name":"Etusivu","item":"https:\/\/hylajams.fi\/"},{"@type":"ListItem","position":2,"name":"VERKKOKAUPPA","item":"https:\/\/hylajams.fi\/?page_id=9"},{"@type":"ListItem","position":3,"name":"17276 Everest Hyla -tuoksu \u2013 vuoristo, 500 ml"}]},{"@type":"WebSite","@id":"https:\/\/hylajams.fi\/#website","url":"https:\/\/hylajams.fi\/","name":"Hyla Jams Verkkokauppa","description":"Hyla ilman- ja huoneen puhdistusj\u00e4rjestelm\u00e4 Suomessa","publisher":{"@id":"https:\/\/hylajams.fi\/#organization"},"potentialAction":[{"@type":"SearchAction","target":{"@type":"EntryPoint","urlTemplate":"https:\/\/hylajams.fi\/?s={search_term_string}"},"query-input":{"@type":"PropertyValueSpecification","valueRequired":true,"valueName":"search_term_string"}}],"inLanguage":"fi"},{"@type":"Organization","@id":"https:\/\/hylajams.fi\/#organization","name":"Hyla Jams Verkkokauppa","url":"https:\/\/hylajams.fi\/","logo":{"@type":"ImageObject","inLanguage":"fi","@id":"https:\/\/hylajams.fi\/#\/schema\/logo\/image\/","url":"https:\/\/hylajams.fi\/wp-content\/uploads\/2025\/02\/Logo-1-2.jpg","contentUrl":"https:\/\/hylajams.fi\/wp-content\/uploads\/2025\/02\/Logo-1-2.jpg","width":500,"height":500,"caption":"Hyla Jams Verkkokauppa"},"image":{"@id":"https:\/\/hylajams.fi\/#\/schema\/logo\/image\/"},"sameAs":["https:\/\/www.instagram.com\/hylasiivous\/"]}]}},"_links":{"self":[{"href":"https:\/\/hylajams.fi\/index.php?rest_route=\/wp\/v2\/product\/4739","targetHints":{"allow":["GET"]}}],"collection":[{"href":"https:\/\/hylajams.fi\/index.php?rest_route=\/wp\/v2\/product"}],"about":[{"href":"https:\/\/hylajams.fi\/index.php?rest_route=\/wp\/v2\/types\/product"}],"version-history":[{"count":14,"href":"https:\/\/hylajams.fi\/index.php?rest_route=\/wp\/v2\/product\/4739\/revisions"}],"predecessor-version":[{"id":13123,"href":"https:\/\/hylajams.fi\/index.php?rest_route=\/wp\/v2\/product\/4739\/revisions\/13123"}],"wp:featuredmedia":[{"embeddable":true,"href":"https:\/\/hylajams.fi\/index.php?rest_route=\/wp\/v2\/media\/12941"}],"wp:attachment":[{"href":"https:\/\/hylajams.fi\/index.php?rest_route=%2Fwp%2Fv2%2Fmedia&parent=4739"}],"wp:term":[{"taxonomy":"product_brand","embeddable":true,"href":"https:\/\/hylajams.fi\/index.php?rest_route=%2Fwp%2Fv2%2Fproduct_brand&post=4739"},{"taxonomy":"product_cat","embeddable":true,"href":"https:\/\/hylajams.fi\/index.php?rest_route=%2Fwp%2Fv2%2Fproduct_cat&post=4739"},{"taxonomy":"product_tag","embeddable":true,"href":"https:\/\/hylajams.fi\/index.php?rest_route=%2Fwp%2Fv2%2Fproduct_tag&post=4739"}],"curies":[{"name":"wp","href":"https:\/\/api.w.org\/{rel}","templated":true}]}}