{"id":4733,"date":"2023-01-26T13:42:25","date_gmt":"2023-01-26T11:42:25","guid":{"rendered":"https:\/\/hylajams.fi\/?post_type=product&#038;p=4733"},"modified":"2026-03-17T12:51:26","modified_gmt":"2026-03-17T10:51:26","slug":"hyla-minttu-tuoksu","status":"publish","type":"product","link":"https:\/\/hylajams.fi\/?product=hyla-minttu-tuoksu","title":{"rendered":"17278 Minttu Hyla -tuoksu 500 ml \u2013 Raikas ja viilent\u00e4v\u00e4 huonetuoksu"},"content":{"rendered":"<p data-start=\"642\" data-end=\"1000\"><strong>Hyla Minttu -tuoksu<\/strong> tuo kotiin raikkaan ja viilent\u00e4v\u00e4n tunnelman. Eteerinen \u00f6ljy on valmistettu mintunlehdist\u00e4, ja sen virkist\u00e4v\u00e4 aromi on tunnettu hengitysteit\u00e4 avaavasta ja viilent\u00e4v\u00e4st\u00e4 vaikutuksestaan. Minttu on monille tuttu kes\u00e4st\u00e4 ja talvesta \u2013 sen tuoksu virkist\u00e4\u00e4 kuumalla s\u00e4\u00e4ll\u00e4 ja helpottaa tukkoisuutta kylm\u00e4n\u00e4 vuodenaikana.<\/p>\n<p data-start=\"1002\" data-end=\"1176\">Hyla-j\u00e4rjestelm\u00e4ss\u00e4 tuoksua k\u00e4ytet\u00e4\u00e4n lis\u00e4\u00e4m\u00e4ll\u00e4 vain muutama tippa ilmanraikastimen tai Hyla-imurin veteen. Samalla kun siivoat, huone t\u00e4yttyy raikkaasta mintun tuoksusta.<\/p>\n<p data-start=\"1178\" data-end=\"1393\">Hyla Minttu -tuoksu on saatavana kahdessa pullokoossa: pienempi 90 ml sek\u00e4 suurempi ja riittoisa 500 ml pullo. Harvoin huonetuoksuja saa n\u00e4in suurissa pakkauksissa, mik\u00e4 tekee t\u00e4st\u00e4 erinomaisen valinnan pitk\u00e4aikaiseen k\u00e4ytt\u00f6\u00f6n.<\/p>\n<p data-start=\"1395\" data-end=\"1414\"><strong data-start=\"1395\" data-end=\"1412\">Ominaisuudet:<\/strong><\/p>\n<ul>\n<li data-start=\"1417\" data-end=\"1460\">Mintunlehdist\u00e4 valmistettu eteerinen \u00f6ljy<\/li>\n<li data-start=\"1463\" data-end=\"1499\">Raikas ja viilent\u00e4v\u00e4 tuoksu kotiin<\/li>\n<li data-start=\"1502\" data-end=\"1533\">Sopii kaikkiin Hyla-malleihin<\/li>\n<li data-start=\"1536\" data-end=\"1560\">Riittoisa 500 ml pullo<\/li>\n<li data-start=\"1563\" data-end=\"1601\">K\u00e4ytt\u00f6 vain muutama tippa kerrallaan<\/li>\n<\/ul>\n<p>Minttu on vain yksi kahdeksasta ihanasta vaihtoehdosta. Katso koko valikoima ja l\u00f6yd\u00e4 oma suosikkisi \ud83d\udc49 <a href=\"https:\/\/hylajams.fi\/?product_cat=hyla-tuoksut\">Hyla tuoksut<\/a><\/p>\n<figure id=\"attachment_12985\" class=\"wp-caption alignnone\" aria-describedby=\"caption-attachment-12985\"><a href=\"https:\/\/hylajams.fi\/?p=5064\"><img fetchpriority=\"high\" decoding=\"async\" class=\"size-medium wp-image-12985\" src=\"https:\/\/hylajams.fi\/wp-content\/uploads\/2026\/02\/Hylan-tuoksut-300x169.jpg\" sizes=\"(max-width: 300px) 100vw, 300px\" srcset=\"https:\/\/hylajams.fi\/wp-content\/uploads\/2026\/02\/Hylan-tuoksut-300x169.jpg 300w, https:\/\/hylajams.fi\/wp-content\/uploads\/2026\/02\/Hylan-tuoksut-1024x576.jpg 1024w, https:\/\/hylajams.fi\/wp-content\/uploads\/2026\/02\/Hylan-tuoksut-768x432.jpg 768w, https:\/\/hylajams.fi\/wp-content\/uploads\/2026\/02\/Hylan-tuoksut-600x338.jpg 600w, https:\/\/hylajams.fi\/wp-content\/uploads\/2026\/02\/Hylan-tuoksut.jpg 1200w\" alt=\"Hylan tuoksut\" width=\"300\" height=\"169\" \/><\/a><figcaption id=\"caption-attachment-12985\" class=\"wp-caption-text\">Hylan tuoksut<\/figcaption><\/figure>\n<p><strong>Lue lis\u00e4\u00e4 Hyla tuoksuista\u00a0<a href=\"https:\/\/hylajams.fi\/?p=5064\">T\u00c4\u00c4LT\u00c4<\/a><\/strong><\/p>\n<p><a href=\"https:\/\/hylajams.fi\/?product_cat=natural-care-tuoksut\"><strong>Hyla tuoksut verkkokaupassa<\/strong><\/a><\/p>\n<p><a href=\"https:\/\/www.hyla-naturalcare.com\/en\/\"><strong><span dir=\"auto\"><span dir=\"auto\" style=\"vertical-align: inherit;\"><span dir=\"auto\" style=\"vertical-align: inherit;\"><span dir=\"auto\" style=\"vertical-align: inherit;\"><span dir=\"auto\" style=\"vertical-align: inherit;\">Hyla Natural Care<\/span><\/span><\/span><\/span><\/span><\/strong><\/a><\/p>\n","protected":false},"excerpt":{"rendered":"<p>Raikas ja viilent\u00e4v\u00e4 <strong>Hyla Minttu -tuoksu suuremmassa 500 ml pullossa.<\/strong> Sopii kaikkiin Hyla-malleihin ja tuo kotiin pitk\u00e4kestoista virkistyst\u00e4.<\/p>\n<ol>\n<li><\/li>\n<\/ol>\n","protected":false},"featured_media":12934,"template":"","meta":[],"product_brand":[],"product_cat":[50,1090],"product_tag":[1931,1932,1131,1934,1933,78,1942,1935,1936,1937],"class_list":{"0":"post-4733","1":"product","2":"type-product","3":"status-publish","4":"has-post-thumbnail","6":"product_cat-hyla-tuoksut","7":"product_cat-hyla-tuoksut-500-ml","8":"product_tag-hyla-est-tuoksu","9":"product_tag-hyla-gst-tuoksu","10":"product_tag-hyla-lisavaruste","11":"product_tag-hyla-minttu-tuoksu-500-ml","12":"product_tag-hyla-nst-tuoksu","13":"product_tag-ilmanraikastin","14":"product_tag-minttu-hyla-tuoksu","15":"product_tag-minttutuoksu","16":"product_tag-raikas-huonetuoksu","17":"product_tag-viilentava-huonetuoksu","18":"product_shipping_class-posti-s-paketti-11x32x3-cm-35-kg","19":"_wholesalex wsx-wholesalex-product","21":"first","22":"instock","23":"featured","24":"shipping-taxable","25":"purchasable","26":"product-type-simple"},"yoast_head":"<!-- This site is optimized with the Yoast SEO plugin v27.3 - https:\/\/yoast.com\/product\/yoast-seo-wordpress\/ -->\n<title>Hyla Minttu -tuoksu - Raikas ja viilent\u00e4v\u00e4 huonetuoksu<\/title>\n<meta name=\"description\" content=\"Hyla Minttu -tuoksu - Suuri 500 ml pullo tuo pitk\u00e4kestoista viilennyst\u00e4 ja raikkautta kotiin. Tilaa nyt Hyla Jams -verkkokaupasta!\" \/>\n<meta name=\"robots\" content=\"index, follow, max-snippet:-1, max-image-preview:large, max-video-preview:-1\" \/>\n<link rel=\"canonical\" href=\"https:\/\/hylajams.fi\/?product=hyla-minttu-tuoksu\" \/>\n<meta property=\"og:locale\" content=\"fi_FI\" \/>\n<meta property=\"og:type\" content=\"article\" \/>\n<meta property=\"og:title\" content=\"Hyla Minttu -tuoksu - Raikas ja viilent\u00e4v\u00e4 huonetuoksu\" \/>\n<meta property=\"og:description\" content=\"Hyla Minttu -tuoksu - Suuri 500 ml pullo tuo pitk\u00e4kestoista viilennyst\u00e4 ja raikkautta kotiin. Tilaa nyt Hyla Jams -verkkokaupasta!\" \/>\n<meta property=\"og:url\" content=\"https:\/\/hylajams.fi\/?product=hyla-minttu-tuoksu\" \/>\n<meta property=\"og:site_name\" content=\"Hyla Jams Verkkokauppa\" \/>\n<meta property=\"article:modified_time\" content=\"2026-03-17T10:51:26+00:00\" \/>\n<meta property=\"og:image\" content=\"https:\/\/hylajams.fi\/wp-content\/uploads\/2023\/03\/17278-UUSI-Minttu.jpg\" \/>\n\t<meta property=\"og:image:width\" content=\"447\" \/>\n\t<meta property=\"og:image:height\" content=\"675\" \/>\n\t<meta property=\"og:image:type\" content=\"image\/jpeg\" \/>\n<meta name=\"twitter:card\" content=\"summary_large_image\" \/>\n<meta name=\"twitter:label1\" content=\"Arvioitu lukuaika\" \/>\n\t<meta name=\"twitter:data1\" content=\"2 minuuttia\" \/>\n<script type=\"application\/ld+json\" class=\"yoast-schema-graph\">{\"@context\":\"https:\\\/\\\/schema.org\",\"@graph\":[{\"@type\":\"WebPage\",\"@id\":\"https:\\\/\\\/hylajams.fi\\\/?product=hyla-minttu-tuoksu\",\"url\":\"https:\\\/\\\/hylajams.fi\\\/?product=hyla-minttu-tuoksu\",\"name\":\"Hyla Minttu -tuoksu - Raikas ja viilent\u00e4v\u00e4 huonetuoksu\",\"isPartOf\":{\"@id\":\"https:\\\/\\\/hylajams.fi\\\/#website\"},\"primaryImageOfPage\":{\"@id\":\"https:\\\/\\\/hylajams.fi\\\/?product=hyla-minttu-tuoksu#primaryimage\"},\"image\":{\"@id\":\"https:\\\/\\\/hylajams.fi\\\/?product=hyla-minttu-tuoksu#primaryimage\"},\"thumbnailUrl\":\"https:\\\/\\\/hylajams.fi\\\/wp-content\\\/uploads\\\/2023\\\/03\\\/17278-UUSI-Minttu.jpg\",\"datePublished\":\"2023-01-26T11:42:25+00:00\",\"dateModified\":\"2026-03-17T10:51:26+00:00\",\"description\":\"Hyla Minttu -tuoksu - Suuri 500 ml pullo tuo pitk\u00e4kestoista viilennyst\u00e4 ja raikkautta kotiin. Tilaa nyt Hyla Jams -verkkokaupasta!\",\"breadcrumb\":{\"@id\":\"https:\\\/\\\/hylajams.fi\\\/?product=hyla-minttu-tuoksu#breadcrumb\"},\"inLanguage\":\"fi\",\"potentialAction\":[{\"@type\":\"ReadAction\",\"target\":[\"https:\\\/\\\/hylajams.fi\\\/?product=hyla-minttu-tuoksu\"]}]},{\"@type\":\"ImageObject\",\"inLanguage\":\"fi\",\"@id\":\"https:\\\/\\\/hylajams.fi\\\/?product=hyla-minttu-tuoksu#primaryimage\",\"url\":\"https:\\\/\\\/hylajams.fi\\\/wp-content\\\/uploads\\\/2023\\\/03\\\/17278-UUSI-Minttu.jpg\",\"contentUrl\":\"https:\\\/\\\/hylajams.fi\\\/wp-content\\\/uploads\\\/2023\\\/03\\\/17278-UUSI-Minttu.jpg\",\"width\":447,\"height\":675,\"caption\":\"17278 Hyla tuoksu Mentholi\"},{\"@type\":\"BreadcrumbList\",\"@id\":\"https:\\\/\\\/hylajams.fi\\\/?product=hyla-minttu-tuoksu#breadcrumb\",\"itemListElement\":[{\"@type\":\"ListItem\",\"position\":1,\"name\":\"Etusivu\",\"item\":\"https:\\\/\\\/hylajams.fi\\\/\"},{\"@type\":\"ListItem\",\"position\":2,\"name\":\"VERKKOKAUPPA\",\"item\":\"https:\\\/\\\/hylajams.fi\\\/?page_id=9\"},{\"@type\":\"ListItem\",\"position\":3,\"name\":\"17278 Minttu Hyla -tuoksu 500 ml \u2013 Raikas ja viilent\u00e4v\u00e4 huonetuoksu\"}]},{\"@type\":\"WebSite\",\"@id\":\"https:\\\/\\\/hylajams.fi\\\/#website\",\"url\":\"https:\\\/\\\/hylajams.fi\\\/\",\"name\":\"Hyla Jams Verkkokauppa\",\"description\":\"Hyla ilman- ja huoneen puhdistusj\u00e4rjestelm\u00e4 Suomessa\",\"publisher\":{\"@id\":\"https:\\\/\\\/hylajams.fi\\\/#organization\"},\"potentialAction\":[{\"@type\":\"SearchAction\",\"target\":{\"@type\":\"EntryPoint\",\"urlTemplate\":\"https:\\\/\\\/hylajams.fi\\\/?s={search_term_string}\"},\"query-input\":{\"@type\":\"PropertyValueSpecification\",\"valueRequired\":true,\"valueName\":\"search_term_string\"}}],\"inLanguage\":\"fi\"},{\"@type\":\"Organization\",\"@id\":\"https:\\\/\\\/hylajams.fi\\\/#organization\",\"name\":\"Hyla Jams Verkkokauppa\",\"url\":\"https:\\\/\\\/hylajams.fi\\\/\",\"logo\":{\"@type\":\"ImageObject\",\"inLanguage\":\"fi\",\"@id\":\"https:\\\/\\\/hylajams.fi\\\/#\\\/schema\\\/logo\\\/image\\\/\",\"url\":\"https:\\\/\\\/hylajams.fi\\\/wp-content\\\/uploads\\\/2025\\\/02\\\/Logo-1-2.jpg\",\"contentUrl\":\"https:\\\/\\\/hylajams.fi\\\/wp-content\\\/uploads\\\/2025\\\/02\\\/Logo-1-2.jpg\",\"width\":500,\"height\":500,\"caption\":\"Hyla Jams Verkkokauppa\"},\"image\":{\"@id\":\"https:\\\/\\\/hylajams.fi\\\/#\\\/schema\\\/logo\\\/image\\\/\"},\"sameAs\":[\"https:\\\/\\\/www.instagram.com\\\/hylasiivous\\\/\"]}]}<\/script>\n<!-- \/ Yoast SEO plugin. -->","yoast_head_json":{"title":"Hyla Minttu -tuoksu - Raikas ja viilent\u00e4v\u00e4 huonetuoksu","description":"Hyla Minttu -tuoksu - Suuri 500 ml pullo tuo pitk\u00e4kestoista viilennyst\u00e4 ja raikkautta kotiin. Tilaa nyt Hyla Jams -verkkokaupasta!","robots":{"index":"index","follow":"follow","max-snippet":"max-snippet:-1","max-image-preview":"max-image-preview:large","max-video-preview":"max-video-preview:-1"},"canonical":"https:\/\/hylajams.fi\/?product=hyla-minttu-tuoksu","og_locale":"fi_FI","og_type":"article","og_title":"Hyla Minttu -tuoksu - Raikas ja viilent\u00e4v\u00e4 huonetuoksu","og_description":"Hyla Minttu -tuoksu - Suuri 500 ml pullo tuo pitk\u00e4kestoista viilennyst\u00e4 ja raikkautta kotiin. Tilaa nyt Hyla Jams -verkkokaupasta!","og_url":"https:\/\/hylajams.fi\/?product=hyla-minttu-tuoksu","og_site_name":"Hyla Jams Verkkokauppa","article_modified_time":"2026-03-17T10:51:26+00:00","og_image":[{"width":447,"height":675,"url":"https:\/\/hylajams.fi\/wp-content\/uploads\/2023\/03\/17278-UUSI-Minttu.jpg","type":"image\/jpeg"}],"twitter_card":"summary_large_image","twitter_misc":{"Arvioitu lukuaika":"2 minuuttia"},"schema":{"@context":"https:\/\/schema.org","@graph":[{"@type":"WebPage","@id":"https:\/\/hylajams.fi\/?product=hyla-minttu-tuoksu","url":"https:\/\/hylajams.fi\/?product=hyla-minttu-tuoksu","name":"Hyla Minttu -tuoksu - Raikas ja viilent\u00e4v\u00e4 huonetuoksu","isPartOf":{"@id":"https:\/\/hylajams.fi\/#website"},"primaryImageOfPage":{"@id":"https:\/\/hylajams.fi\/?product=hyla-minttu-tuoksu#primaryimage"},"image":{"@id":"https:\/\/hylajams.fi\/?product=hyla-minttu-tuoksu#primaryimage"},"thumbnailUrl":"https:\/\/hylajams.fi\/wp-content\/uploads\/2023\/03\/17278-UUSI-Minttu.jpg","datePublished":"2023-01-26T11:42:25+00:00","dateModified":"2026-03-17T10:51:26+00:00","description":"Hyla Minttu -tuoksu - Suuri 500 ml pullo tuo pitk\u00e4kestoista viilennyst\u00e4 ja raikkautta kotiin. Tilaa nyt Hyla Jams -verkkokaupasta!","breadcrumb":{"@id":"https:\/\/hylajams.fi\/?product=hyla-minttu-tuoksu#breadcrumb"},"inLanguage":"fi","potentialAction":[{"@type":"ReadAction","target":["https:\/\/hylajams.fi\/?product=hyla-minttu-tuoksu"]}]},{"@type":"ImageObject","inLanguage":"fi","@id":"https:\/\/hylajams.fi\/?product=hyla-minttu-tuoksu#primaryimage","url":"https:\/\/hylajams.fi\/wp-content\/uploads\/2023\/03\/17278-UUSI-Minttu.jpg","contentUrl":"https:\/\/hylajams.fi\/wp-content\/uploads\/2023\/03\/17278-UUSI-Minttu.jpg","width":447,"height":675,"caption":"17278 Hyla tuoksu Mentholi"},{"@type":"BreadcrumbList","@id":"https:\/\/hylajams.fi\/?product=hyla-minttu-tuoksu#breadcrumb","itemListElement":[{"@type":"ListItem","position":1,"name":"Etusivu","item":"https:\/\/hylajams.fi\/"},{"@type":"ListItem","position":2,"name":"VERKKOKAUPPA","item":"https:\/\/hylajams.fi\/?page_id=9"},{"@type":"ListItem","position":3,"name":"17278 Minttu Hyla -tuoksu 500 ml \u2013 Raikas ja viilent\u00e4v\u00e4 huonetuoksu"}]},{"@type":"WebSite","@id":"https:\/\/hylajams.fi\/#website","url":"https:\/\/hylajams.fi\/","name":"Hyla Jams Verkkokauppa","description":"Hyla ilman- ja huoneen puhdistusj\u00e4rjestelm\u00e4 Suomessa","publisher":{"@id":"https:\/\/hylajams.fi\/#organization"},"potentialAction":[{"@type":"SearchAction","target":{"@type":"EntryPoint","urlTemplate":"https:\/\/hylajams.fi\/?s={search_term_string}"},"query-input":{"@type":"PropertyValueSpecification","valueRequired":true,"valueName":"search_term_string"}}],"inLanguage":"fi"},{"@type":"Organization","@id":"https:\/\/hylajams.fi\/#organization","name":"Hyla Jams Verkkokauppa","url":"https:\/\/hylajams.fi\/","logo":{"@type":"ImageObject","inLanguage":"fi","@id":"https:\/\/hylajams.fi\/#\/schema\/logo\/image\/","url":"https:\/\/hylajams.fi\/wp-content\/uploads\/2025\/02\/Logo-1-2.jpg","contentUrl":"https:\/\/hylajams.fi\/wp-content\/uploads\/2025\/02\/Logo-1-2.jpg","width":500,"height":500,"caption":"Hyla Jams Verkkokauppa"},"image":{"@id":"https:\/\/hylajams.fi\/#\/schema\/logo\/image\/"},"sameAs":["https:\/\/www.instagram.com\/hylasiivous\/"]}]}},"_links":{"self":[{"href":"https:\/\/hylajams.fi\/index.php?rest_route=\/wp\/v2\/product\/4733","targetHints":{"allow":["GET"]}}],"collection":[{"href":"https:\/\/hylajams.fi\/index.php?rest_route=\/wp\/v2\/product"}],"about":[{"href":"https:\/\/hylajams.fi\/index.php?rest_route=\/wp\/v2\/types\/product"}],"version-history":[{"count":12,"href":"https:\/\/hylajams.fi\/index.php?rest_route=\/wp\/v2\/product\/4733\/revisions"}],"predecessor-version":[{"id":13212,"href":"https:\/\/hylajams.fi\/index.php?rest_route=\/wp\/v2\/product\/4733\/revisions\/13212"}],"wp:featuredmedia":[{"embeddable":true,"href":"https:\/\/hylajams.fi\/index.php?rest_route=\/wp\/v2\/media\/12934"}],"wp:attachment":[{"href":"https:\/\/hylajams.fi\/index.php?rest_route=%2Fwp%2Fv2%2Fmedia&parent=4733"}],"wp:term":[{"taxonomy":"product_brand","embeddable":true,"href":"https:\/\/hylajams.fi\/index.php?rest_route=%2Fwp%2Fv2%2Fproduct_brand&post=4733"},{"taxonomy":"product_cat","embeddable":true,"href":"https:\/\/hylajams.fi\/index.php?rest_route=%2Fwp%2Fv2%2Fproduct_cat&post=4733"},{"taxonomy":"product_tag","embeddable":true,"href":"https:\/\/hylajams.fi\/index.php?rest_route=%2Fwp%2Fv2%2Fproduct_tag&post=4733"}],"curies":[{"name":"wp","href":"https:\/\/api.w.org\/{rel}","templated":true}]}}