{"id":4730,"date":"2023-01-26T02:23:27","date_gmt":"2023-01-26T00:23:27","guid":{"rendered":"https:\/\/hylajams.fi\/?post_type=product&#038;p=4730"},"modified":"2026-03-17T12:51:16","modified_gmt":"2026-03-17T10:51:16","slug":"hyla-tuoksu-eksoottinen-500-ml","status":"publish","type":"product","link":"https:\/\/hylajams.fi\/?product=hyla-tuoksu-eksoottinen-500-ml","title":{"rendered":"17277 Eksoottinen Hyla -tuoksu 500 ml"},"content":{"rendered":"<p data-start=\"753\" data-end=\"1126\">Hyla tuoksu <strong data-start=\"765\" data-end=\"787\">Eksoottinen 500 ml<\/strong> tarjoaa ylellisen tuoksuel\u00e4myksen, joka muistuttaa eksoottisista maista, kukista ja hedelmist\u00e4. Runsas, makea ja kukkainen tuoksu tuo mieleen matkat l\u00e4mpimiin maihin ja luo romanttisen, kutsuvan tunnelman kotiin. Se sopii t\u00e4ydellisesti rentouttaviin hetkiin, illanviettoihin ja tilanteisiin, joissa haluat tehd\u00e4 vaikutuksen tunnelmalla.<\/p>\n<p data-start=\"1128\" data-end=\"1356\">Hyla-tuoksut on suunniteltu k\u00e4ytett\u00e4v\u00e4ksi yhdess\u00e4 <strong data-start=\"1178\" data-end=\"1193\">Hyla-imurin<\/strong> tai <strong data-start=\"1198\" data-end=\"1218\">ilmanraikastimen<\/strong> kanssa. Riitt\u00e4\u00e4, ett\u00e4 lis\u00e4\u00e4t vain muutaman tipan laitteen veteen \u2013 samalla kun siivoat, huone saa raikkaan ja pitk\u00e4\u00e4n kest\u00e4v\u00e4n tuoksun.<\/p>\n<p data-start=\"1128\" data-end=\"1356\">Iso 500 ml pullo on harvinainen ja erityisen riittoisa vaihtoehto \u2013 yhdest\u00e4 pullosta riitt\u00e4\u00e4 pitk\u00e4ksi aikaa tuomaan kotiin trooppista tunnelmaa.<\/p>\n<p data-start=\"1128\" data-end=\"1356\">Kuten kaikki Hyla-tuoksut, my\u00f6s Eksoottinen valmistetaan luonnollisista materiaaleista, ja pullo on varustettu turvakorkilla.<\/p>\n<p data-start=\"1358\" data-end=\"1403\">Hyla tuoksu Eksoottinen 500 ml\u00a0 ja muita tuoksuja on saatavana kahdessa koossa:<\/p>\n<ul>\n<li data-start=\"1406\" data-end=\"1452\"><strong data-start=\"1406\" data-end=\"1415\">90 ml<\/strong> \u2013 pienempi pullo arkiseen k\u00e4ytt\u00f6\u00f6n<\/li>\n<li data-start=\"1455\" data-end=\"1514\"><strong data-start=\"1455\" data-end=\"1465\">500 ml<\/strong> \u2013 riittoisa vaihtoehto pitk\u00e4aikaiseen k\u00e4ytt\u00f6\u00f6n<\/li>\n<\/ul>\n<p data-start=\"1516\" data-end=\"1663\">Yhdest\u00e4 pullosta riitt\u00e4\u00e4 pitk\u00e4ksi aikaa, ja tuoksu s\u00e4ilyy raikkaana jopa useiden k\u00e4ytt\u00f6kertojen ajan. Harvoin saatavilla n\u00e4in suurissa pulloissa!<\/p>\n<p data-start=\"1665\" data-end=\"1810\">\ud83d\udc49 Hyla-tuoksuja on yhteens\u00e4 <strong data-start=\"1694\" data-end=\"1709\">8 erilaista<\/strong>, joista Eksoottinen on t\u00e4ydellinen valinta, kun haluat kotiisi hedelm\u00e4isen ja kukkaisen vivahteen.<\/p>\n<p><strong>Lue lis\u00e4\u00e4 Hyla tuoksuista\u00a0<a href=\"https:\/\/hylajams.fi\/?p=5064\">T\u00c4\u00c4LT\u00c4<\/a><\/strong><\/p>\n<p><a href=\"https:\/\/hylajams.fi\/?product_cat=natural-care-tuoksut\"><strong>Natural Care tuotteet verkkokaupassa<\/strong><\/a><\/p>\n<p><a href=\"https:\/\/www.hyla-naturalcare.com\/en\/\"><strong><span dir=\"auto\">Hyla Natural Care<\/span><\/strong><\/a><\/p>\n","protected":false},"excerpt":{"rendered":"<p><strong>Hyla tuoksu Eksoottinen 500 ml<\/strong> luo romanttisen ja kutsuvan ilmapiirin. Lis\u00e4\u00e4 vain muutama tippa Hyla-imurin tai ilmanraikastimen veteen ja tuo kotiin eksoottisten kukkien ja hedelmien raikas tuoksu.<\/p>\n","protected":false},"featured_media":12939,"template":"","meta":[],"product_brand":[],"product_cat":[50,1090],"product_tag":[837,1938,1931,1932,1131,1933,1293,78],"class_list":{"0":"post-4730","1":"product","2":"type-product","3":"status-publish","4":"has-post-thumbnail","6":"product_cat-hyla-tuoksut","7":"product_cat-hyla-tuoksut-500-ml","8":"product_tag-eksoottinen-tuoksu","9":"product_tag-huonetuoksu","10":"product_tag-hyla-est-tuoksu","11":"product_tag-hyla-gst-tuoksu","12":"product_tag-hyla-lisavaruste","13":"product_tag-hyla-nst-tuoksu","14":"product_tag-hyla-tuoksu-eksoottinen-500-ml","15":"product_tag-ilmanraikastin","16":"product_shipping_class-posti-s-paketti-11x32x3-cm-35-kg","17":"_wholesalex wsx-wholesalex-product","19":"first","20":"instock","21":"featured","22":"shipping-taxable","23":"purchasable","24":"product-type-simple"},"yoast_head":"<!-- This site is optimized with the Yoast SEO plugin v27.3 - https:\/\/yoast.com\/product\/yoast-seo-wordpress\/ -->\n<title>Hyla tuoksu Eksoottinen 500 ml \u2013 Raikas huonetuoksu imuriin<\/title>\n<meta name=\"description\" content=\"Hyla tuoksu Eksoottinen 500 ml - tuo kotiin kukkaisen ja hedelm\u00e4isen tuulahduksen. Lis\u00e4\u00e4 vain muutama tippa Hyla-imurin tai ilmanraikastimen veteen.\" \/>\n<meta name=\"robots\" content=\"index, follow, max-snippet:-1, max-image-preview:large, max-video-preview:-1\" \/>\n<link rel=\"canonical\" href=\"https:\/\/hylajams.fi\/?product=hyla-tuoksu-eksoottinen-500-ml\" \/>\n<meta property=\"og:locale\" content=\"fi_FI\" \/>\n<meta property=\"og:type\" content=\"article\" \/>\n<meta property=\"og:title\" content=\"Hyla tuoksu Eksoottinen 500 ml \u2013 Raikas huonetuoksu imuriin\" \/>\n<meta property=\"og:description\" content=\"Hyla tuoksu Eksoottinen 500 ml - tuo kotiin kukkaisen ja hedelm\u00e4isen tuulahduksen. Lis\u00e4\u00e4 vain muutama tippa Hyla-imurin tai ilmanraikastimen veteen.\" \/>\n<meta property=\"og:url\" content=\"https:\/\/hylajams.fi\/?product=hyla-tuoksu-eksoottinen-500-ml\" \/>\n<meta property=\"og:site_name\" content=\"Hyla Jams Verkkokauppa\" \/>\n<meta property=\"article:modified_time\" content=\"2026-03-17T10:51:16+00:00\" \/>\n<meta property=\"og:image\" content=\"https:\/\/hylajams.fi\/wp-content\/uploads\/2023\/03\/17277-Uusi-Eksottinen.jpg\" \/>\n\t<meta property=\"og:image:width\" content=\"451\" \/>\n\t<meta property=\"og:image:height\" content=\"672\" \/>\n\t<meta property=\"og:image:type\" content=\"image\/jpeg\" \/>\n<meta name=\"twitter:card\" content=\"summary_large_image\" \/>\n<meta name=\"twitter:label1\" content=\"Arvioitu lukuaika\" \/>\n\t<meta name=\"twitter:data1\" content=\"2 minuuttia\" \/>\n<script type=\"application\/ld+json\" class=\"yoast-schema-graph\">{\"@context\":\"https:\\\/\\\/schema.org\",\"@graph\":[{\"@type\":\"WebPage\",\"@id\":\"https:\\\/\\\/hylajams.fi\\\/?product=hyla-tuoksu-eksoottinen-500-ml\",\"url\":\"https:\\\/\\\/hylajams.fi\\\/?product=hyla-tuoksu-eksoottinen-500-ml\",\"name\":\"Hyla tuoksu Eksoottinen 500 ml \u2013 Raikas huonetuoksu imuriin\",\"isPartOf\":{\"@id\":\"https:\\\/\\\/hylajams.fi\\\/#website\"},\"primaryImageOfPage\":{\"@id\":\"https:\\\/\\\/hylajams.fi\\\/?product=hyla-tuoksu-eksoottinen-500-ml#primaryimage\"},\"image\":{\"@id\":\"https:\\\/\\\/hylajams.fi\\\/?product=hyla-tuoksu-eksoottinen-500-ml#primaryimage\"},\"thumbnailUrl\":\"https:\\\/\\\/hylajams.fi\\\/wp-content\\\/uploads\\\/2023\\\/03\\\/17277-Uusi-Eksottinen.jpg\",\"datePublished\":\"2023-01-26T00:23:27+00:00\",\"dateModified\":\"2026-03-17T10:51:16+00:00\",\"description\":\"Hyla tuoksu Eksoottinen 500 ml - tuo kotiin kukkaisen ja hedelm\u00e4isen tuulahduksen. Lis\u00e4\u00e4 vain muutama tippa Hyla-imurin tai ilmanraikastimen veteen.\",\"breadcrumb\":{\"@id\":\"https:\\\/\\\/hylajams.fi\\\/?product=hyla-tuoksu-eksoottinen-500-ml#breadcrumb\"},\"inLanguage\":\"fi\",\"potentialAction\":[{\"@type\":\"ReadAction\",\"target\":[\"https:\\\/\\\/hylajams.fi\\\/?product=hyla-tuoksu-eksoottinen-500-ml\"]}]},{\"@type\":\"ImageObject\",\"inLanguage\":\"fi\",\"@id\":\"https:\\\/\\\/hylajams.fi\\\/?product=hyla-tuoksu-eksoottinen-500-ml#primaryimage\",\"url\":\"https:\\\/\\\/hylajams.fi\\\/wp-content\\\/uploads\\\/2023\\\/03\\\/17277-Uusi-Eksottinen.jpg\",\"contentUrl\":\"https:\\\/\\\/hylajams.fi\\\/wp-content\\\/uploads\\\/2023\\\/03\\\/17277-Uusi-Eksottinen.jpg\",\"width\":451,\"height\":672,\"caption\":\"Eksoottinen\"},{\"@type\":\"BreadcrumbList\",\"@id\":\"https:\\\/\\\/hylajams.fi\\\/?product=hyla-tuoksu-eksoottinen-500-ml#breadcrumb\",\"itemListElement\":[{\"@type\":\"ListItem\",\"position\":1,\"name\":\"Etusivu\",\"item\":\"https:\\\/\\\/hylajams.fi\\\/\"},{\"@type\":\"ListItem\",\"position\":2,\"name\":\"VERKKOKAUPPA\",\"item\":\"https:\\\/\\\/hylajams.fi\\\/?page_id=9\"},{\"@type\":\"ListItem\",\"position\":3,\"name\":\"17277 Eksoottinen Hyla -tuoksu 500 ml\"}]},{\"@type\":\"WebSite\",\"@id\":\"https:\\\/\\\/hylajams.fi\\\/#website\",\"url\":\"https:\\\/\\\/hylajams.fi\\\/\",\"name\":\"Hyla Jams Verkkokauppa\",\"description\":\"Hyla ilman- ja huoneen puhdistusj\u00e4rjestelm\u00e4 Suomessa\",\"publisher\":{\"@id\":\"https:\\\/\\\/hylajams.fi\\\/#organization\"},\"potentialAction\":[{\"@type\":\"SearchAction\",\"target\":{\"@type\":\"EntryPoint\",\"urlTemplate\":\"https:\\\/\\\/hylajams.fi\\\/?s={search_term_string}\"},\"query-input\":{\"@type\":\"PropertyValueSpecification\",\"valueRequired\":true,\"valueName\":\"search_term_string\"}}],\"inLanguage\":\"fi\"},{\"@type\":\"Organization\",\"@id\":\"https:\\\/\\\/hylajams.fi\\\/#organization\",\"name\":\"Hyla Jams Verkkokauppa\",\"url\":\"https:\\\/\\\/hylajams.fi\\\/\",\"logo\":{\"@type\":\"ImageObject\",\"inLanguage\":\"fi\",\"@id\":\"https:\\\/\\\/hylajams.fi\\\/#\\\/schema\\\/logo\\\/image\\\/\",\"url\":\"https:\\\/\\\/hylajams.fi\\\/wp-content\\\/uploads\\\/2025\\\/02\\\/Logo-1-2.jpg\",\"contentUrl\":\"https:\\\/\\\/hylajams.fi\\\/wp-content\\\/uploads\\\/2025\\\/02\\\/Logo-1-2.jpg\",\"width\":500,\"height\":500,\"caption\":\"Hyla Jams Verkkokauppa\"},\"image\":{\"@id\":\"https:\\\/\\\/hylajams.fi\\\/#\\\/schema\\\/logo\\\/image\\\/\"},\"sameAs\":[\"https:\\\/\\\/www.instagram.com\\\/hylasiivous\\\/\"]}]}<\/script>\n<!-- \/ Yoast SEO plugin. -->","yoast_head_json":{"title":"Hyla tuoksu Eksoottinen 500 ml \u2013 Raikas huonetuoksu imuriin","description":"Hyla tuoksu Eksoottinen 500 ml - tuo kotiin kukkaisen ja hedelm\u00e4isen tuulahduksen. Lis\u00e4\u00e4 vain muutama tippa Hyla-imurin tai ilmanraikastimen veteen.","robots":{"index":"index","follow":"follow","max-snippet":"max-snippet:-1","max-image-preview":"max-image-preview:large","max-video-preview":"max-video-preview:-1"},"canonical":"https:\/\/hylajams.fi\/?product=hyla-tuoksu-eksoottinen-500-ml","og_locale":"fi_FI","og_type":"article","og_title":"Hyla tuoksu Eksoottinen 500 ml \u2013 Raikas huonetuoksu imuriin","og_description":"Hyla tuoksu Eksoottinen 500 ml - tuo kotiin kukkaisen ja hedelm\u00e4isen tuulahduksen. Lis\u00e4\u00e4 vain muutama tippa Hyla-imurin tai ilmanraikastimen veteen.","og_url":"https:\/\/hylajams.fi\/?product=hyla-tuoksu-eksoottinen-500-ml","og_site_name":"Hyla Jams Verkkokauppa","article_modified_time":"2026-03-17T10:51:16+00:00","og_image":[{"width":451,"height":672,"url":"https:\/\/hylajams.fi\/wp-content\/uploads\/2023\/03\/17277-Uusi-Eksottinen.jpg","type":"image\/jpeg"}],"twitter_card":"summary_large_image","twitter_misc":{"Arvioitu lukuaika":"2 minuuttia"},"schema":{"@context":"https:\/\/schema.org","@graph":[{"@type":"WebPage","@id":"https:\/\/hylajams.fi\/?product=hyla-tuoksu-eksoottinen-500-ml","url":"https:\/\/hylajams.fi\/?product=hyla-tuoksu-eksoottinen-500-ml","name":"Hyla tuoksu Eksoottinen 500 ml \u2013 Raikas huonetuoksu imuriin","isPartOf":{"@id":"https:\/\/hylajams.fi\/#website"},"primaryImageOfPage":{"@id":"https:\/\/hylajams.fi\/?product=hyla-tuoksu-eksoottinen-500-ml#primaryimage"},"image":{"@id":"https:\/\/hylajams.fi\/?product=hyla-tuoksu-eksoottinen-500-ml#primaryimage"},"thumbnailUrl":"https:\/\/hylajams.fi\/wp-content\/uploads\/2023\/03\/17277-Uusi-Eksottinen.jpg","datePublished":"2023-01-26T00:23:27+00:00","dateModified":"2026-03-17T10:51:16+00:00","description":"Hyla tuoksu Eksoottinen 500 ml - tuo kotiin kukkaisen ja hedelm\u00e4isen tuulahduksen. Lis\u00e4\u00e4 vain muutama tippa Hyla-imurin tai ilmanraikastimen veteen.","breadcrumb":{"@id":"https:\/\/hylajams.fi\/?product=hyla-tuoksu-eksoottinen-500-ml#breadcrumb"},"inLanguage":"fi","potentialAction":[{"@type":"ReadAction","target":["https:\/\/hylajams.fi\/?product=hyla-tuoksu-eksoottinen-500-ml"]}]},{"@type":"ImageObject","inLanguage":"fi","@id":"https:\/\/hylajams.fi\/?product=hyla-tuoksu-eksoottinen-500-ml#primaryimage","url":"https:\/\/hylajams.fi\/wp-content\/uploads\/2023\/03\/17277-Uusi-Eksottinen.jpg","contentUrl":"https:\/\/hylajams.fi\/wp-content\/uploads\/2023\/03\/17277-Uusi-Eksottinen.jpg","width":451,"height":672,"caption":"Eksoottinen"},{"@type":"BreadcrumbList","@id":"https:\/\/hylajams.fi\/?product=hyla-tuoksu-eksoottinen-500-ml#breadcrumb","itemListElement":[{"@type":"ListItem","position":1,"name":"Etusivu","item":"https:\/\/hylajams.fi\/"},{"@type":"ListItem","position":2,"name":"VERKKOKAUPPA","item":"https:\/\/hylajams.fi\/?page_id=9"},{"@type":"ListItem","position":3,"name":"17277 Eksoottinen Hyla -tuoksu 500 ml"}]},{"@type":"WebSite","@id":"https:\/\/hylajams.fi\/#website","url":"https:\/\/hylajams.fi\/","name":"Hyla Jams Verkkokauppa","description":"Hyla ilman- ja huoneen puhdistusj\u00e4rjestelm\u00e4 Suomessa","publisher":{"@id":"https:\/\/hylajams.fi\/#organization"},"potentialAction":[{"@type":"SearchAction","target":{"@type":"EntryPoint","urlTemplate":"https:\/\/hylajams.fi\/?s={search_term_string}"},"query-input":{"@type":"PropertyValueSpecification","valueRequired":true,"valueName":"search_term_string"}}],"inLanguage":"fi"},{"@type":"Organization","@id":"https:\/\/hylajams.fi\/#organization","name":"Hyla Jams Verkkokauppa","url":"https:\/\/hylajams.fi\/","logo":{"@type":"ImageObject","inLanguage":"fi","@id":"https:\/\/hylajams.fi\/#\/schema\/logo\/image\/","url":"https:\/\/hylajams.fi\/wp-content\/uploads\/2025\/02\/Logo-1-2.jpg","contentUrl":"https:\/\/hylajams.fi\/wp-content\/uploads\/2025\/02\/Logo-1-2.jpg","width":500,"height":500,"caption":"Hyla Jams Verkkokauppa"},"image":{"@id":"https:\/\/hylajams.fi\/#\/schema\/logo\/image\/"},"sameAs":["https:\/\/www.instagram.com\/hylasiivous\/"]}]}},"_links":{"self":[{"href":"https:\/\/hylajams.fi\/index.php?rest_route=\/wp\/v2\/product\/4730","targetHints":{"allow":["GET"]}}],"collection":[{"href":"https:\/\/hylajams.fi\/index.php?rest_route=\/wp\/v2\/product"}],"about":[{"href":"https:\/\/hylajams.fi\/index.php?rest_route=\/wp\/v2\/types\/product"}],"version-history":[{"count":9,"href":"https:\/\/hylajams.fi\/index.php?rest_route=\/wp\/v2\/product\/4730\/revisions"}],"predecessor-version":[{"id":13213,"href":"https:\/\/hylajams.fi\/index.php?rest_route=\/wp\/v2\/product\/4730\/revisions\/13213"}],"wp:featuredmedia":[{"embeddable":true,"href":"https:\/\/hylajams.fi\/index.php?rest_route=\/wp\/v2\/media\/12939"}],"wp:attachment":[{"href":"https:\/\/hylajams.fi\/index.php?rest_route=%2Fwp%2Fv2%2Fmedia&parent=4730"}],"wp:term":[{"taxonomy":"product_brand","embeddable":true,"href":"https:\/\/hylajams.fi\/index.php?rest_route=%2Fwp%2Fv2%2Fproduct_brand&post=4730"},{"taxonomy":"product_cat","embeddable":true,"href":"https:\/\/hylajams.fi\/index.php?rest_route=%2Fwp%2Fv2%2Fproduct_cat&post=4730"},{"taxonomy":"product_tag","embeddable":true,"href":"https:\/\/hylajams.fi\/index.php?rest_route=%2Fwp%2Fv2%2Fproduct_tag&post=4730"}],"curies":[{"name":"wp","href":"https:\/\/api.w.org\/{rel}","templated":true}]}}