{"id":4725,"date":"2023-01-26T01:52:58","date_gmt":"2023-01-25T23:52:58","guid":{"rendered":"https:\/\/hylajams.fi\/?post_type=product&#038;p=4725"},"modified":"2026-02-28T01:54:27","modified_gmt":"2026-02-27T23:54:27","slug":"manty-500-ml-hyla-tuoksu","status":"publish","type":"product","link":"https:\/\/hylajams.fi\/?product=manty-500-ml-hyla-tuoksu","title":{"rendered":"17272 M\u00e4nty Hyla -tuoksu 500 ml"},"content":{"rendered":"<p><strong>M\u00e4nty 500 ml Hyla tuoksu: <\/strong>Tuo kotiisi mets\u00e4nraikkaan tuulahduksen. T\u00e4m\u00e4 tuoksu ei pelk\u00e4st\u00e4\u00e4n raikasta huoneilmaa, vaan my\u00f6s luo rauhoittavan ja luonnonl\u00e4heisen tunnelman. M\u00e4nnyn tuoksu tunnetaan sen puhdistavista ja virkist\u00e4vist\u00e4 ominaisuuksista, jotka tekev\u00e4t siit\u00e4 erinomaisen valinnan kodin p\u00e4ivitt\u00e4iseen k\u00e4ytt\u00f6\u00f6n.<\/p>\n<p><strong>M\u00e4nnyn ominaisuudet:<\/strong><\/p>\n<ul>\n<li><strong>Luonnonl\u00e4heinen raikkaus:<\/strong>\u00a0M\u00e4nnyn ainutlaatuinen tuoksu tuo mets\u00e4n rauhan ja luonnon kosketuksen sis\u00e4tiloihin.<\/li>\n<li><strong>Rauhoittava vaikutus:<\/strong>\u00a0Auttaa luomaan rentouttavan ja stressitt\u00f6m\u00e4n ilmapiirin.<\/li>\n<li><strong>Hajunpoistaja:<\/strong>\u00a0Neutraloi tehokkaasti ep\u00e4miellytt\u00e4vi\u00e4 hajuja ja tekee kodin ilmasta miellytt\u00e4v\u00e4n puhtaan.<\/li>\n<\/ul>\n<p><strong>K\u00e4ytt\u00f6ohje:<\/strong><\/p>\n<ul>\n<li>Lis\u00e4\u00e4 4\u20135 tippaa Hyla-vesis\u00e4ili\u00f6\u00f6n (4 litraa vett\u00e4), ja anna m\u00e4nnyn raikkauden t\u00e4ytt\u00e4\u00e4 huoneesi siivouksen aikana ja sen j\u00e4lkeen.<\/li>\n<\/ul>\n<p><strong>Hy\u00f6dyt:<\/strong><\/p>\n<p><strong>M\u00e4nty 500 ml Hyla tuoksu<\/strong> on t\u00e4ydellinen, kun haluat puhdistaa ilmaa ja samalla tuoda kotiisi luonnon omaa raikkautta. T\u00e4m\u00e4 tuoksu sopii erityisesti tiloihin, joissa kaivataan virkist\u00e4v\u00e4\u00e4 ja luonnollista tunnelmaa, kuten olohuoneeseen, ty\u00f6tiloihin tai kylpyhuoneeseen.<\/p>\n<p><strong>Tilaa nyt ja tuo kotiisi raikas m\u00e4nnyn tuoksu \u2013 aivan kuin mets\u00e4 olisi l\u00e4hell\u00e4si!<\/strong><\/p>\n<ul>\n<li>Pulloissa on turvakorkit.<\/li>\n<li>Tuoksuja miellytt\u00e4v\u00e4\u00e4n sis\u00e4tilan tunnelmaan.<\/li>\n<li>Hurmaa aistit HYLA:n erityisill\u00e4 tuoksuilla ja luo asunnollesi henkil\u00f6kohtainen piirre.<\/li>\n<li>HYLA tuoksuja saa 8 eri luonnollisilla vaihtoehdoilla.<\/li>\n<li>Lis\u00e4\u00e4 tuoksua veteen, josta se siirtyy ilmaan HYLA:n ilmanraikastimella tai HYLA -laitteella.<\/li>\n<li>Jokainen HYLA tuoksu on valmistettu luonnon materiaalista.<\/li>\n<\/ul>\n<ul>\n<li data-start=\"1406\" data-end=\"1452\"><strong data-start=\"1406\" data-end=\"1415\">90 ml<\/strong>\u00a0\u2013 pienempi pullo arkiseen k\u00e4ytt\u00f6\u00f6n<\/li>\n<li data-start=\"1455\" data-end=\"1514\"><strong data-start=\"1455\" data-end=\"1465\">500 ml<\/strong>\u00a0\u2013 riittoisa vaihtoehto pitk\u00e4aikaiseen k\u00e4ytt\u00f6\u00f6n<\/li>\n<\/ul>\n<p data-start=\"1665\" data-end=\"1810\"><img decoding=\"async\" class=\"emoji\" role=\"img\" draggable=\"false\" src=\"https:\/\/s.w.org\/images\/core\/emoji\/16.0.1\/svg\/1f449.svg\" alt=\"\ud83d\udc49\" \/>\u00a0Hyla-tuoksuja on yhteens\u00e4\u00a0<strong data-start=\"1694\" data-end=\"1709\">8 erilaista.<\/strong><\/p>\n<p><strong>Lue lis\u00e4\u00e4 Hyla tuoksuista\u00a0<a href=\"https:\/\/hylajams.fi\/?p=5064\">T\u00c4\u00c4LT\u00c4<\/a><\/strong><\/p>\n<p><a href=\"https:\/\/hylajams.fi\/?product_cat=natural-care-tuoksut\"><strong>Natural Care tuotteet verkkokaupassa<\/strong><\/a><\/p>\n<p><a href=\"https:\/\/www.hyla-naturalcare.com\/en\/\"><strong><span dir=\"auto\"><span dir=\"auto\" style=\"vertical-align: inherit;\"><span dir=\"auto\" style=\"vertical-align: inherit;\">Hyla Natural Care<\/span><\/span><\/span><\/strong><\/a><\/p>\n","protected":false},"excerpt":{"rendered":"<p><strong>M\u00e4nty 500 ml Hyla tuoksu <\/strong>raikas ja mets\u00e4inen tuoksu nyt <strong>suuremmassa 500 ml pullossa.<\/strong>\u00a0Sopii kaikkiin Hyla-malleihin ja tuo kotiin pitk\u00e4kestoista virkistyst\u00e4.<\/p>\n","protected":false},"featured_media":12935,"template":"","meta":[],"product_brand":[],"product_cat":[50,1090],"product_tag":[1938,1931,1932,1131,1933,1939,1940,497],"class_list":{"0":"post-4725","1":"product","2":"type-product","3":"status-publish","4":"has-post-thumbnail","6":"product_cat-hyla-tuoksut","7":"product_cat-hyla-tuoksut-500-ml","8":"product_tag-huonetuoksu","9":"product_tag-hyla-est-tuoksu","10":"product_tag-hyla-gst-tuoksu","11":"product_tag-hyla-lisavaruste","12":"product_tag-hyla-nst-tuoksu","13":"product_tag-manty-hyla-tuoksu-500-ml","14":"product_tag-mantytuoksu","15":"product_tag-new-hyla-aera-ilmanraikastin","16":"product_shipping_class-posti-s-paketti-11x32x3-cm-35-kg","17":"_wholesalex wsx-wholesalex-product","19":"first","20":"instock","21":"featured","22":"shipping-taxable","23":"purchasable","24":"product-type-simple"},"yoast_head":"<!-- This site is optimized with the Yoast SEO plugin v27.3 - https:\/\/yoast.com\/product\/yoast-seo-wordpress\/ -->\n<title>M\u00e4nty 500 ml Hyla tuoksu - mets\u00e4nraikas tuulahdus<\/title>\n<meta name=\"description\" content=\"M\u00e4nty 500 ml Hyla tuoksu - M\u00e4nnyn ainutlaatuinen tuoksu tuo mets\u00e4n rauhan ja luonnon kosketuksen sis\u00e4tiloihin \u2013 riittoisa vaihtoehto.\" \/>\n<meta name=\"robots\" content=\"index, follow, max-snippet:-1, max-image-preview:large, max-video-preview:-1\" \/>\n<link rel=\"canonical\" href=\"https:\/\/hylajams.fi\/?product=manty-500-ml-hyla-tuoksu\" \/>\n<meta property=\"og:locale\" content=\"fi_FI\" \/>\n<meta property=\"og:type\" content=\"article\" \/>\n<meta property=\"og:title\" content=\"M\u00e4nty 500 ml Hyla tuoksu - mets\u00e4nraikas tuulahdus\" \/>\n<meta property=\"og:description\" content=\"M\u00e4nty 500 ml Hyla tuoksu - M\u00e4nnyn ainutlaatuinen tuoksu tuo mets\u00e4n rauhan ja luonnon kosketuksen sis\u00e4tiloihin \u2013 riittoisa vaihtoehto.\" \/>\n<meta property=\"og:url\" content=\"https:\/\/hylajams.fi\/?product=manty-500-ml-hyla-tuoksu\" \/>\n<meta property=\"og:site_name\" content=\"Hyla Jams Verkkokauppa\" \/>\n<meta property=\"article:modified_time\" content=\"2026-02-27T23:54:27+00:00\" \/>\n<meta property=\"og:image\" content=\"https:\/\/hylajams.fi\/wp-content\/uploads\/2023\/03\/17272-UUSI-manty.jpg\" \/>\n\t<meta property=\"og:image:width\" content=\"512\" \/>\n\t<meta property=\"og:image:height\" content=\"665\" \/>\n\t<meta property=\"og:image:type\" content=\"image\/jpeg\" \/>\n<meta name=\"twitter:card\" content=\"summary_large_image\" \/>\n<meta name=\"twitter:label1\" content=\"Arvioitu lukuaika\" \/>\n\t<meta name=\"twitter:data1\" content=\"2 minuuttia\" \/>\n<script type=\"application\/ld+json\" class=\"yoast-schema-graph\">{\"@context\":\"https:\\\/\\\/schema.org\",\"@graph\":[{\"@type\":\"WebPage\",\"@id\":\"https:\\\/\\\/hylajams.fi\\\/?product=manty-500-ml-hyla-tuoksu\",\"url\":\"https:\\\/\\\/hylajams.fi\\\/?product=manty-500-ml-hyla-tuoksu\",\"name\":\"M\u00e4nty 500 ml Hyla tuoksu - mets\u00e4nraikas tuulahdus\",\"isPartOf\":{\"@id\":\"https:\\\/\\\/hylajams.fi\\\/#website\"},\"primaryImageOfPage\":{\"@id\":\"https:\\\/\\\/hylajams.fi\\\/?product=manty-500-ml-hyla-tuoksu#primaryimage\"},\"image\":{\"@id\":\"https:\\\/\\\/hylajams.fi\\\/?product=manty-500-ml-hyla-tuoksu#primaryimage\"},\"thumbnailUrl\":\"https:\\\/\\\/hylajams.fi\\\/wp-content\\\/uploads\\\/2023\\\/03\\\/17272-UUSI-manty.jpg\",\"datePublished\":\"2023-01-25T23:52:58+00:00\",\"dateModified\":\"2026-02-27T23:54:27+00:00\",\"description\":\"M\u00e4nty 500 ml Hyla tuoksu - M\u00e4nnyn ainutlaatuinen tuoksu tuo mets\u00e4n rauhan ja luonnon kosketuksen sis\u00e4tiloihin \u2013 riittoisa vaihtoehto.\",\"breadcrumb\":{\"@id\":\"https:\\\/\\\/hylajams.fi\\\/?product=manty-500-ml-hyla-tuoksu#breadcrumb\"},\"inLanguage\":\"fi\",\"potentialAction\":[{\"@type\":\"ReadAction\",\"target\":[\"https:\\\/\\\/hylajams.fi\\\/?product=manty-500-ml-hyla-tuoksu\"]}]},{\"@type\":\"ImageObject\",\"inLanguage\":\"fi\",\"@id\":\"https:\\\/\\\/hylajams.fi\\\/?product=manty-500-ml-hyla-tuoksu#primaryimage\",\"url\":\"https:\\\/\\\/hylajams.fi\\\/wp-content\\\/uploads\\\/2023\\\/03\\\/17272-UUSI-manty.jpg\",\"contentUrl\":\"https:\\\/\\\/hylajams.fi\\\/wp-content\\\/uploads\\\/2023\\\/03\\\/17272-UUSI-manty.jpg\",\"width\":512,\"height\":665,\"caption\":\"17272 Hyla tuoksu M\u00e4nty\"},{\"@type\":\"BreadcrumbList\",\"@id\":\"https:\\\/\\\/hylajams.fi\\\/?product=manty-500-ml-hyla-tuoksu#breadcrumb\",\"itemListElement\":[{\"@type\":\"ListItem\",\"position\":1,\"name\":\"Etusivu\",\"item\":\"https:\\\/\\\/hylajams.fi\\\/\"},{\"@type\":\"ListItem\",\"position\":2,\"name\":\"VERKKOKAUPPA\",\"item\":\"https:\\\/\\\/hylajams.fi\\\/?page_id=9\"},{\"@type\":\"ListItem\",\"position\":3,\"name\":\"17272 M\u00e4nty Hyla -tuoksu 500 ml\"}]},{\"@type\":\"WebSite\",\"@id\":\"https:\\\/\\\/hylajams.fi\\\/#website\",\"url\":\"https:\\\/\\\/hylajams.fi\\\/\",\"name\":\"Hyla Jams Verkkokauppa\",\"description\":\"Hyla ilman- ja huoneen puhdistusj\u00e4rjestelm\u00e4 Suomessa\",\"publisher\":{\"@id\":\"https:\\\/\\\/hylajams.fi\\\/#organization\"},\"potentialAction\":[{\"@type\":\"SearchAction\",\"target\":{\"@type\":\"EntryPoint\",\"urlTemplate\":\"https:\\\/\\\/hylajams.fi\\\/?s={search_term_string}\"},\"query-input\":{\"@type\":\"PropertyValueSpecification\",\"valueRequired\":true,\"valueName\":\"search_term_string\"}}],\"inLanguage\":\"fi\"},{\"@type\":\"Organization\",\"@id\":\"https:\\\/\\\/hylajams.fi\\\/#organization\",\"name\":\"Hyla Jams Verkkokauppa\",\"url\":\"https:\\\/\\\/hylajams.fi\\\/\",\"logo\":{\"@type\":\"ImageObject\",\"inLanguage\":\"fi\",\"@id\":\"https:\\\/\\\/hylajams.fi\\\/#\\\/schema\\\/logo\\\/image\\\/\",\"url\":\"https:\\\/\\\/hylajams.fi\\\/wp-content\\\/uploads\\\/2025\\\/02\\\/Logo-1-2.jpg\",\"contentUrl\":\"https:\\\/\\\/hylajams.fi\\\/wp-content\\\/uploads\\\/2025\\\/02\\\/Logo-1-2.jpg\",\"width\":500,\"height\":500,\"caption\":\"Hyla Jams Verkkokauppa\"},\"image\":{\"@id\":\"https:\\\/\\\/hylajams.fi\\\/#\\\/schema\\\/logo\\\/image\\\/\"},\"sameAs\":[\"https:\\\/\\\/www.instagram.com\\\/hylasiivous\\\/\"]}]}<\/script>\n<!-- \/ Yoast SEO plugin. -->","yoast_head_json":{"title":"M\u00e4nty 500 ml Hyla tuoksu - mets\u00e4nraikas tuulahdus","description":"M\u00e4nty 500 ml Hyla tuoksu - M\u00e4nnyn ainutlaatuinen tuoksu tuo mets\u00e4n rauhan ja luonnon kosketuksen sis\u00e4tiloihin \u2013 riittoisa vaihtoehto.","robots":{"index":"index","follow":"follow","max-snippet":"max-snippet:-1","max-image-preview":"max-image-preview:large","max-video-preview":"max-video-preview:-1"},"canonical":"https:\/\/hylajams.fi\/?product=manty-500-ml-hyla-tuoksu","og_locale":"fi_FI","og_type":"article","og_title":"M\u00e4nty 500 ml Hyla tuoksu - mets\u00e4nraikas tuulahdus","og_description":"M\u00e4nty 500 ml Hyla tuoksu - M\u00e4nnyn ainutlaatuinen tuoksu tuo mets\u00e4n rauhan ja luonnon kosketuksen sis\u00e4tiloihin \u2013 riittoisa vaihtoehto.","og_url":"https:\/\/hylajams.fi\/?product=manty-500-ml-hyla-tuoksu","og_site_name":"Hyla Jams Verkkokauppa","article_modified_time":"2026-02-27T23:54:27+00:00","og_image":[{"width":512,"height":665,"url":"https:\/\/hylajams.fi\/wp-content\/uploads\/2023\/03\/17272-UUSI-manty.jpg","type":"image\/jpeg"}],"twitter_card":"summary_large_image","twitter_misc":{"Arvioitu lukuaika":"2 minuuttia"},"schema":{"@context":"https:\/\/schema.org","@graph":[{"@type":"WebPage","@id":"https:\/\/hylajams.fi\/?product=manty-500-ml-hyla-tuoksu","url":"https:\/\/hylajams.fi\/?product=manty-500-ml-hyla-tuoksu","name":"M\u00e4nty 500 ml Hyla tuoksu - mets\u00e4nraikas tuulahdus","isPartOf":{"@id":"https:\/\/hylajams.fi\/#website"},"primaryImageOfPage":{"@id":"https:\/\/hylajams.fi\/?product=manty-500-ml-hyla-tuoksu#primaryimage"},"image":{"@id":"https:\/\/hylajams.fi\/?product=manty-500-ml-hyla-tuoksu#primaryimage"},"thumbnailUrl":"https:\/\/hylajams.fi\/wp-content\/uploads\/2023\/03\/17272-UUSI-manty.jpg","datePublished":"2023-01-25T23:52:58+00:00","dateModified":"2026-02-27T23:54:27+00:00","description":"M\u00e4nty 500 ml Hyla tuoksu - M\u00e4nnyn ainutlaatuinen tuoksu tuo mets\u00e4n rauhan ja luonnon kosketuksen sis\u00e4tiloihin \u2013 riittoisa vaihtoehto.","breadcrumb":{"@id":"https:\/\/hylajams.fi\/?product=manty-500-ml-hyla-tuoksu#breadcrumb"},"inLanguage":"fi","potentialAction":[{"@type":"ReadAction","target":["https:\/\/hylajams.fi\/?product=manty-500-ml-hyla-tuoksu"]}]},{"@type":"ImageObject","inLanguage":"fi","@id":"https:\/\/hylajams.fi\/?product=manty-500-ml-hyla-tuoksu#primaryimage","url":"https:\/\/hylajams.fi\/wp-content\/uploads\/2023\/03\/17272-UUSI-manty.jpg","contentUrl":"https:\/\/hylajams.fi\/wp-content\/uploads\/2023\/03\/17272-UUSI-manty.jpg","width":512,"height":665,"caption":"17272 Hyla tuoksu M\u00e4nty"},{"@type":"BreadcrumbList","@id":"https:\/\/hylajams.fi\/?product=manty-500-ml-hyla-tuoksu#breadcrumb","itemListElement":[{"@type":"ListItem","position":1,"name":"Etusivu","item":"https:\/\/hylajams.fi\/"},{"@type":"ListItem","position":2,"name":"VERKKOKAUPPA","item":"https:\/\/hylajams.fi\/?page_id=9"},{"@type":"ListItem","position":3,"name":"17272 M\u00e4nty Hyla -tuoksu 500 ml"}]},{"@type":"WebSite","@id":"https:\/\/hylajams.fi\/#website","url":"https:\/\/hylajams.fi\/","name":"Hyla Jams Verkkokauppa","description":"Hyla ilman- ja huoneen puhdistusj\u00e4rjestelm\u00e4 Suomessa","publisher":{"@id":"https:\/\/hylajams.fi\/#organization"},"potentialAction":[{"@type":"SearchAction","target":{"@type":"EntryPoint","urlTemplate":"https:\/\/hylajams.fi\/?s={search_term_string}"},"query-input":{"@type":"PropertyValueSpecification","valueRequired":true,"valueName":"search_term_string"}}],"inLanguage":"fi"},{"@type":"Organization","@id":"https:\/\/hylajams.fi\/#organization","name":"Hyla Jams Verkkokauppa","url":"https:\/\/hylajams.fi\/","logo":{"@type":"ImageObject","inLanguage":"fi","@id":"https:\/\/hylajams.fi\/#\/schema\/logo\/image\/","url":"https:\/\/hylajams.fi\/wp-content\/uploads\/2025\/02\/Logo-1-2.jpg","contentUrl":"https:\/\/hylajams.fi\/wp-content\/uploads\/2025\/02\/Logo-1-2.jpg","width":500,"height":500,"caption":"Hyla Jams Verkkokauppa"},"image":{"@id":"https:\/\/hylajams.fi\/#\/schema\/logo\/image\/"},"sameAs":["https:\/\/www.instagram.com\/hylasiivous\/"]}]}},"_links":{"self":[{"href":"https:\/\/hylajams.fi\/index.php?rest_route=\/wp\/v2\/product\/4725","targetHints":{"allow":["GET"]}}],"collection":[{"href":"https:\/\/hylajams.fi\/index.php?rest_route=\/wp\/v2\/product"}],"about":[{"href":"https:\/\/hylajams.fi\/index.php?rest_route=\/wp\/v2\/types\/product"}],"version-history":[{"count":10,"href":"https:\/\/hylajams.fi\/index.php?rest_route=\/wp\/v2\/product\/4725\/revisions"}],"predecessor-version":[{"id":13211,"href":"https:\/\/hylajams.fi\/index.php?rest_route=\/wp\/v2\/product\/4725\/revisions\/13211"}],"wp:featuredmedia":[{"embeddable":true,"href":"https:\/\/hylajams.fi\/index.php?rest_route=\/wp\/v2\/media\/12935"}],"wp:attachment":[{"href":"https:\/\/hylajams.fi\/index.php?rest_route=%2Fwp%2Fv2%2Fmedia&parent=4725"}],"wp:term":[{"taxonomy":"product_brand","embeddable":true,"href":"https:\/\/hylajams.fi\/index.php?rest_route=%2Fwp%2Fv2%2Fproduct_brand&post=4725"},{"taxonomy":"product_cat","embeddable":true,"href":"https:\/\/hylajams.fi\/index.php?rest_route=%2Fwp%2Fv2%2Fproduct_cat&post=4725"},{"taxonomy":"product_tag","embeddable":true,"href":"https:\/\/hylajams.fi\/index.php?rest_route=%2Fwp%2Fv2%2Fproduct_tag&post=4725"}],"curies":[{"name":"wp","href":"https:\/\/api.w.org\/{rel}","templated":true}]}}