{"id":4712,"date":"2023-01-26T00:33:04","date_gmt":"2023-01-25T22:33:04","guid":{"rendered":"https:\/\/hylajams.fi\/?post_type=product&#038;p=4712"},"modified":"2026-03-17T12:51:06","modified_gmt":"2026-03-17T10:51:06","slug":"hyla-tuoksu-vanilja-mansikka-500-ml","status":"publish","type":"product","link":"https:\/\/hylajams.fi\/?product=hyla-tuoksu-vanilja-mansikka-500-ml","title":{"rendered":"17275 Vanilja &#038; Mansikka Hyla tuoksu 500 ml"},"content":{"rendered":"<p><strong>Hyla tuoksu vanilja &amp; mansikka 500 ml<\/strong><\/p>\n<p data-start=\"808\" data-end=\"1178\">Hyla <strong>tuoksu vanilja &amp; mansikka, 500 ml<\/strong> tuo kotiisi suloisen makean ja kes\u00e4isen ilmapiirin. T\u00e4m\u00e4 ainutlaatuinen tuoksuyhdistelm\u00e4 on t\u00e4ydellinen valinta, kun haluat luoda ymp\u00e4rillesi iloa, l\u00e4mp\u00f6\u00e4 ja hyv\u00e4\u00e4 mielt\u00e4. Lis\u00e4\u00e4 muutama tippa vesip\u00f6lynimurin vesis\u00e4ili\u00f6\u00f6n, ilmanraikastimeen tai h\u00f6yrypuhdistimeen ja anna kodillesi makeuden ja raikkauden halaus.<\/p>\n<p data-start=\"1180\" data-end=\"1531\">Vanilja on tunnettu makeasta, pehme\u00e4st\u00e4 ja rauhoittavasta tuoksustaan, jota k\u00e4ytet\u00e4\u00e4n usein rentoutumisen ja hyv\u00e4n olon luomiseksi. Mansikka puolestaan tuo raikkautta, kes\u00e4n tunnelmaa ja pirist\u00e4v\u00e4\u00e4 iloa. Yhdess\u00e4 n\u00e4m\u00e4 kaksi tuoksua muodostavat harmonisen kokonaisuuden, joka sopii t\u00e4ydellisesti niille, jotka rakastavat sek\u00e4 makeutta ett\u00e4 raikkautta.<\/p>\n<p data-start=\"1533\" data-end=\"1773\">Hyla-tuoksuja on saatavana kahdeksaa erilaista, pieniss\u00e4 90 ml ja suurissa 500 ml pulloissa. T\u00e4m\u00e4 <strong>vanilja &amp; mansikka<\/strong> -tuoksu on t\u00e4ydellinen kes\u00e4tuoksu, joka tekee siivouksesta nautinnollista ja saa kodin tuntumaan entist\u00e4 viihtyis\u00e4mm\u00e4lt\u00e4.<\/p>\n<ul>\n<li data-start=\"1406\" data-end=\"1452\"><strong data-start=\"1406\" data-end=\"1415\">90 ml<\/strong>\u00a0\u2013 pienempi pullo arkiseen k\u00e4ytt\u00f6\u00f6n<\/li>\n<li data-start=\"1455\" data-end=\"1514\"><strong data-start=\"1455\" data-end=\"1465\">500 ml<\/strong>\u00a0\u2013 riittoisa vaihtoehto pitk\u00e4aikaiseen k\u00e4ytt\u00f6\u00f6n<\/li>\n<\/ul>\n<p data-start=\"1665\" data-end=\"1810\"><img decoding=\"async\" class=\"emoji\" role=\"img\" draggable=\"false\" src=\"https:\/\/s.w.org\/images\/core\/emoji\/16.0.1\/svg\/1f449.svg\" alt=\"\ud83d\udc49\" \/>\u00a0Hyla-tuoksuja on yhteens\u00e4\u00a0<strong data-start=\"1694\" data-end=\"1709\">8 erilaista<\/strong>, joista joista vanilja-mansikka tuo kes\u00e4isen tunnelman mukanaan.<\/p>\n<p><strong>Lue lis\u00e4\u00e4 Hyla tuoksuista\u00a0<a href=\"https:\/\/hylajams.fi\/?p=5064\">T\u00c4\u00c4LT\u00c4<\/a><\/strong><\/p>\n<p><a href=\"https:\/\/hylajams.fi\/?product_cat=natural-care-tuoksut\"><strong>Natural Care tuotteet verkkokaupassa<\/strong><\/a><\/p>\n<p><a href=\"https:\/\/www.hyla-naturalcare.com\/en\/\"><strong><span dir=\"auto\">Hyla Natural Care<\/span><\/strong><\/a><\/p>\n","protected":false},"excerpt":{"rendered":"<p><strong>Hyla tuoksu vanilja &amp; mansikka 500 ml.<\/strong><\/p>\n<p>Kes\u00e4n makein tuulahdus! Vaniljan pehmeys ja mansikan raikkaus sulautuvat yhteen luoden kodin, jossa tuoksuu rakkaus ja ilo.<\/p>\n<p>T\u00e4m\u00e4 suloisen makea tuoksu luo kotiisi ainutlaatuisen ilmapiirin, t\u00e4ynn\u00e4 rakkautta ja iloa. Hyla <strong>vanilja &amp; mansikka<\/strong> -tuoksu on t\u00e4ydellinen lahja itsellesi tai yst\u00e4v\u00e4llesi. Anna kodillesi rakkauden ja makeuden halaus t\u00e4ll\u00e4 ainutlaatuisella tuoksulla.<\/p>\n","protected":false},"featured_media":12933,"template":"","meta":[],"product_brand":[],"product_cat":[50,1090],"product_tag":[1938,1931,1932,1131,1933,78,1943,1944],"class_list":{"0":"post-4712","1":"product","2":"type-product","3":"status-publish","4":"has-post-thumbnail","6":"product_cat-hyla-tuoksut","7":"product_cat-hyla-tuoksut-500-ml","8":"product_tag-huonetuoksu","9":"product_tag-hyla-est-tuoksu","10":"product_tag-hyla-gst-tuoksu","11":"product_tag-hyla-lisavaruste","12":"product_tag-hyla-nst-tuoksu","13":"product_tag-ilmanraikastin","14":"product_tag-vanilja-mansikka-hyla-tuoksu-500-ml","15":"product_tag-vanilja-mansikka-tuoksu","16":"product_shipping_class-posti-s-paketti-11x32x3-cm-35-kg","17":"_wholesalex wsx-wholesalex-product","19":"first","20":"instock","21":"featured","22":"shipping-taxable","23":"purchasable","24":"product-type-simple"},"yoast_head":"<!-- This site is optimized with the Yoast SEO plugin v27.3 - https:\/\/yoast.com\/product\/yoast-seo-wordpress\/ -->\n<title>Hyla tuoksu vanilja &amp; mansikka 500 ml - kes\u00e4n tunnelmaa tuoksu<\/title>\n<meta name=\"description\" content=\"Hyla tuoksu vanilja &amp; mansikka 500 ml - tuoksuyhdistelm\u00e4 on t\u00e4ydellinen valinta, kun haluat luoda ymp\u00e4rillesi iloa, l\u00e4mp\u00f6\u00e4 ja hyv\u00e4\u00e4 mielt\u00e4.\" \/>\n<meta name=\"robots\" content=\"index, follow, max-snippet:-1, max-image-preview:large, max-video-preview:-1\" \/>\n<link rel=\"canonical\" href=\"https:\/\/hylajams.fi\/?product=hyla-tuoksu-vanilja-mansikka-500-ml\" \/>\n<meta property=\"og:locale\" content=\"fi_FI\" \/>\n<meta property=\"og:type\" content=\"article\" \/>\n<meta property=\"og:title\" content=\"Hyla tuoksu vanilja &amp; mansikka 500 ml - kes\u00e4n tunnelmaa tuoksu\" \/>\n<meta property=\"og:description\" content=\"Hyla tuoksu vanilja &amp; mansikka 500 ml - tuoksuyhdistelm\u00e4 on t\u00e4ydellinen valinta, kun haluat luoda ymp\u00e4rillesi iloa, l\u00e4mp\u00f6\u00e4 ja hyv\u00e4\u00e4 mielt\u00e4.\" \/>\n<meta property=\"og:url\" content=\"https:\/\/hylajams.fi\/?product=hyla-tuoksu-vanilja-mansikka-500-ml\" \/>\n<meta property=\"og:site_name\" content=\"Hyla Jams Verkkokauppa\" \/>\n<meta property=\"article:modified_time\" content=\"2026-03-17T10:51:06+00:00\" \/>\n<meta property=\"og:image\" content=\"https:\/\/hylajams.fi\/wp-content\/uploads\/2023\/03\/17275-UUSI-mansikka.jpg\" \/>\n\t<meta property=\"og:image:width\" content=\"430\" \/>\n\t<meta property=\"og:image:height\" content=\"665\" \/>\n\t<meta property=\"og:image:type\" content=\"image\/jpeg\" \/>\n<meta name=\"twitter:card\" content=\"summary_large_image\" \/>\n<meta name=\"twitter:label1\" content=\"Arvioitu lukuaika\" \/>\n\t<meta name=\"twitter:data1\" content=\"2 minuuttia\" \/>\n<script type=\"application\/ld+json\" class=\"yoast-schema-graph\">{\"@context\":\"https:\\\/\\\/schema.org\",\"@graph\":[{\"@type\":\"WebPage\",\"@id\":\"https:\\\/\\\/hylajams.fi\\\/?product=hyla-tuoksu-vanilja-mansikka-500-ml\",\"url\":\"https:\\\/\\\/hylajams.fi\\\/?product=hyla-tuoksu-vanilja-mansikka-500-ml\",\"name\":\"Hyla tuoksu vanilja & mansikka 500 ml - kes\u00e4n tunnelmaa tuoksu\",\"isPartOf\":{\"@id\":\"https:\\\/\\\/hylajams.fi\\\/#website\"},\"primaryImageOfPage\":{\"@id\":\"https:\\\/\\\/hylajams.fi\\\/?product=hyla-tuoksu-vanilja-mansikka-500-ml#primaryimage\"},\"image\":{\"@id\":\"https:\\\/\\\/hylajams.fi\\\/?product=hyla-tuoksu-vanilja-mansikka-500-ml#primaryimage\"},\"thumbnailUrl\":\"https:\\\/\\\/hylajams.fi\\\/wp-content\\\/uploads\\\/2023\\\/03\\\/17275-UUSI-mansikka.jpg\",\"datePublished\":\"2023-01-25T22:33:04+00:00\",\"dateModified\":\"2026-03-17T10:51:06+00:00\",\"description\":\"Hyla tuoksu vanilja & mansikka 500 ml - tuoksuyhdistelm\u00e4 on t\u00e4ydellinen valinta, kun haluat luoda ymp\u00e4rillesi iloa, l\u00e4mp\u00f6\u00e4 ja hyv\u00e4\u00e4 mielt\u00e4.\",\"breadcrumb\":{\"@id\":\"https:\\\/\\\/hylajams.fi\\\/?product=hyla-tuoksu-vanilja-mansikka-500-ml#breadcrumb\"},\"inLanguage\":\"fi\",\"potentialAction\":[{\"@type\":\"ReadAction\",\"target\":[\"https:\\\/\\\/hylajams.fi\\\/?product=hyla-tuoksu-vanilja-mansikka-500-ml\"]}]},{\"@type\":\"ImageObject\",\"inLanguage\":\"fi\",\"@id\":\"https:\\\/\\\/hylajams.fi\\\/?product=hyla-tuoksu-vanilja-mansikka-500-ml#primaryimage\",\"url\":\"https:\\\/\\\/hylajams.fi\\\/wp-content\\\/uploads\\\/2023\\\/03\\\/17275-UUSI-mansikka.jpg\",\"contentUrl\":\"https:\\\/\\\/hylajams.fi\\\/wp-content\\\/uploads\\\/2023\\\/03\\\/17275-UUSI-mansikka.jpg\",\"width\":430,\"height\":665,\"caption\":\"Vanilja-mansikka tuoksu\"},{\"@type\":\"BreadcrumbList\",\"@id\":\"https:\\\/\\\/hylajams.fi\\\/?product=hyla-tuoksu-vanilja-mansikka-500-ml#breadcrumb\",\"itemListElement\":[{\"@type\":\"ListItem\",\"position\":1,\"name\":\"Etusivu\",\"item\":\"https:\\\/\\\/hylajams.fi\\\/\"},{\"@type\":\"ListItem\",\"position\":2,\"name\":\"VERKKOKAUPPA\",\"item\":\"https:\\\/\\\/hylajams.fi\\\/?page_id=9\"},{\"@type\":\"ListItem\",\"position\":3,\"name\":\"17275 Vanilja &#038; Mansikka Hyla tuoksu 500 ml\"}]},{\"@type\":\"WebSite\",\"@id\":\"https:\\\/\\\/hylajams.fi\\\/#website\",\"url\":\"https:\\\/\\\/hylajams.fi\\\/\",\"name\":\"Hyla Jams Verkkokauppa\",\"description\":\"Hyla ilman- ja huoneen puhdistusj\u00e4rjestelm\u00e4 Suomessa\",\"publisher\":{\"@id\":\"https:\\\/\\\/hylajams.fi\\\/#organization\"},\"potentialAction\":[{\"@type\":\"SearchAction\",\"target\":{\"@type\":\"EntryPoint\",\"urlTemplate\":\"https:\\\/\\\/hylajams.fi\\\/?s={search_term_string}\"},\"query-input\":{\"@type\":\"PropertyValueSpecification\",\"valueRequired\":true,\"valueName\":\"search_term_string\"}}],\"inLanguage\":\"fi\"},{\"@type\":\"Organization\",\"@id\":\"https:\\\/\\\/hylajams.fi\\\/#organization\",\"name\":\"Hyla Jams Verkkokauppa\",\"url\":\"https:\\\/\\\/hylajams.fi\\\/\",\"logo\":{\"@type\":\"ImageObject\",\"inLanguage\":\"fi\",\"@id\":\"https:\\\/\\\/hylajams.fi\\\/#\\\/schema\\\/logo\\\/image\\\/\",\"url\":\"https:\\\/\\\/hylajams.fi\\\/wp-content\\\/uploads\\\/2025\\\/02\\\/Logo-1-2.jpg\",\"contentUrl\":\"https:\\\/\\\/hylajams.fi\\\/wp-content\\\/uploads\\\/2025\\\/02\\\/Logo-1-2.jpg\",\"width\":500,\"height\":500,\"caption\":\"Hyla Jams Verkkokauppa\"},\"image\":{\"@id\":\"https:\\\/\\\/hylajams.fi\\\/#\\\/schema\\\/logo\\\/image\\\/\"},\"sameAs\":[\"https:\\\/\\\/www.instagram.com\\\/hylasiivous\\\/\"]}]}<\/script>\n<!-- \/ Yoast SEO plugin. -->","yoast_head_json":{"title":"Hyla tuoksu vanilja & mansikka 500 ml - kes\u00e4n tunnelmaa tuoksu","description":"Hyla tuoksu vanilja & mansikka 500 ml - tuoksuyhdistelm\u00e4 on t\u00e4ydellinen valinta, kun haluat luoda ymp\u00e4rillesi iloa, l\u00e4mp\u00f6\u00e4 ja hyv\u00e4\u00e4 mielt\u00e4.","robots":{"index":"index","follow":"follow","max-snippet":"max-snippet:-1","max-image-preview":"max-image-preview:large","max-video-preview":"max-video-preview:-1"},"canonical":"https:\/\/hylajams.fi\/?product=hyla-tuoksu-vanilja-mansikka-500-ml","og_locale":"fi_FI","og_type":"article","og_title":"Hyla tuoksu vanilja & mansikka 500 ml - kes\u00e4n tunnelmaa tuoksu","og_description":"Hyla tuoksu vanilja & mansikka 500 ml - tuoksuyhdistelm\u00e4 on t\u00e4ydellinen valinta, kun haluat luoda ymp\u00e4rillesi iloa, l\u00e4mp\u00f6\u00e4 ja hyv\u00e4\u00e4 mielt\u00e4.","og_url":"https:\/\/hylajams.fi\/?product=hyla-tuoksu-vanilja-mansikka-500-ml","og_site_name":"Hyla Jams Verkkokauppa","article_modified_time":"2026-03-17T10:51:06+00:00","og_image":[{"width":430,"height":665,"url":"https:\/\/hylajams.fi\/wp-content\/uploads\/2023\/03\/17275-UUSI-mansikka.jpg","type":"image\/jpeg"}],"twitter_card":"summary_large_image","twitter_misc":{"Arvioitu lukuaika":"2 minuuttia"},"schema":{"@context":"https:\/\/schema.org","@graph":[{"@type":"WebPage","@id":"https:\/\/hylajams.fi\/?product=hyla-tuoksu-vanilja-mansikka-500-ml","url":"https:\/\/hylajams.fi\/?product=hyla-tuoksu-vanilja-mansikka-500-ml","name":"Hyla tuoksu vanilja & mansikka 500 ml - kes\u00e4n tunnelmaa tuoksu","isPartOf":{"@id":"https:\/\/hylajams.fi\/#website"},"primaryImageOfPage":{"@id":"https:\/\/hylajams.fi\/?product=hyla-tuoksu-vanilja-mansikka-500-ml#primaryimage"},"image":{"@id":"https:\/\/hylajams.fi\/?product=hyla-tuoksu-vanilja-mansikka-500-ml#primaryimage"},"thumbnailUrl":"https:\/\/hylajams.fi\/wp-content\/uploads\/2023\/03\/17275-UUSI-mansikka.jpg","datePublished":"2023-01-25T22:33:04+00:00","dateModified":"2026-03-17T10:51:06+00:00","description":"Hyla tuoksu vanilja & mansikka 500 ml - tuoksuyhdistelm\u00e4 on t\u00e4ydellinen valinta, kun haluat luoda ymp\u00e4rillesi iloa, l\u00e4mp\u00f6\u00e4 ja hyv\u00e4\u00e4 mielt\u00e4.","breadcrumb":{"@id":"https:\/\/hylajams.fi\/?product=hyla-tuoksu-vanilja-mansikka-500-ml#breadcrumb"},"inLanguage":"fi","potentialAction":[{"@type":"ReadAction","target":["https:\/\/hylajams.fi\/?product=hyla-tuoksu-vanilja-mansikka-500-ml"]}]},{"@type":"ImageObject","inLanguage":"fi","@id":"https:\/\/hylajams.fi\/?product=hyla-tuoksu-vanilja-mansikka-500-ml#primaryimage","url":"https:\/\/hylajams.fi\/wp-content\/uploads\/2023\/03\/17275-UUSI-mansikka.jpg","contentUrl":"https:\/\/hylajams.fi\/wp-content\/uploads\/2023\/03\/17275-UUSI-mansikka.jpg","width":430,"height":665,"caption":"Vanilja-mansikka tuoksu"},{"@type":"BreadcrumbList","@id":"https:\/\/hylajams.fi\/?product=hyla-tuoksu-vanilja-mansikka-500-ml#breadcrumb","itemListElement":[{"@type":"ListItem","position":1,"name":"Etusivu","item":"https:\/\/hylajams.fi\/"},{"@type":"ListItem","position":2,"name":"VERKKOKAUPPA","item":"https:\/\/hylajams.fi\/?page_id=9"},{"@type":"ListItem","position":3,"name":"17275 Vanilja &#038; Mansikka Hyla tuoksu 500 ml"}]},{"@type":"WebSite","@id":"https:\/\/hylajams.fi\/#website","url":"https:\/\/hylajams.fi\/","name":"Hyla Jams Verkkokauppa","description":"Hyla ilman- ja huoneen puhdistusj\u00e4rjestelm\u00e4 Suomessa","publisher":{"@id":"https:\/\/hylajams.fi\/#organization"},"potentialAction":[{"@type":"SearchAction","target":{"@type":"EntryPoint","urlTemplate":"https:\/\/hylajams.fi\/?s={search_term_string}"},"query-input":{"@type":"PropertyValueSpecification","valueRequired":true,"valueName":"search_term_string"}}],"inLanguage":"fi"},{"@type":"Organization","@id":"https:\/\/hylajams.fi\/#organization","name":"Hyla Jams Verkkokauppa","url":"https:\/\/hylajams.fi\/","logo":{"@type":"ImageObject","inLanguage":"fi","@id":"https:\/\/hylajams.fi\/#\/schema\/logo\/image\/","url":"https:\/\/hylajams.fi\/wp-content\/uploads\/2025\/02\/Logo-1-2.jpg","contentUrl":"https:\/\/hylajams.fi\/wp-content\/uploads\/2025\/02\/Logo-1-2.jpg","width":500,"height":500,"caption":"Hyla Jams Verkkokauppa"},"image":{"@id":"https:\/\/hylajams.fi\/#\/schema\/logo\/image\/"},"sameAs":["https:\/\/www.instagram.com\/hylasiivous\/"]}]}},"_links":{"self":[{"href":"https:\/\/hylajams.fi\/index.php?rest_route=\/wp\/v2\/product\/4712","targetHints":{"allow":["GET"]}}],"collection":[{"href":"https:\/\/hylajams.fi\/index.php?rest_route=\/wp\/v2\/product"}],"about":[{"href":"https:\/\/hylajams.fi\/index.php?rest_route=\/wp\/v2\/types\/product"}],"version-history":[{"count":9,"href":"https:\/\/hylajams.fi\/index.php?rest_route=\/wp\/v2\/product\/4712\/revisions"}],"predecessor-version":[{"id":13215,"href":"https:\/\/hylajams.fi\/index.php?rest_route=\/wp\/v2\/product\/4712\/revisions\/13215"}],"wp:featuredmedia":[{"embeddable":true,"href":"https:\/\/hylajams.fi\/index.php?rest_route=\/wp\/v2\/media\/12933"}],"wp:attachment":[{"href":"https:\/\/hylajams.fi\/index.php?rest_route=%2Fwp%2Fv2%2Fmedia&parent=4712"}],"wp:term":[{"taxonomy":"product_brand","embeddable":true,"href":"https:\/\/hylajams.fi\/index.php?rest_route=%2Fwp%2Fv2%2Fproduct_brand&post=4712"},{"taxonomy":"product_cat","embeddable":true,"href":"https:\/\/hylajams.fi\/index.php?rest_route=%2Fwp%2Fv2%2Fproduct_cat&post=4712"},{"taxonomy":"product_tag","embeddable":true,"href":"https:\/\/hylajams.fi\/index.php?rest_route=%2Fwp%2Fv2%2Fproduct_tag&post=4712"}],"curies":[{"name":"wp","href":"https:\/\/api.w.org\/{rel}","templated":true}]}}