{"id":4702,"date":"2023-01-26T00:03:11","date_gmt":"2023-01-25T22:03:11","guid":{"rendered":"https:\/\/hylajams.fi\/?post_type=product&#038;p=4702"},"modified":"2026-02-28T02:07:01","modified_gmt":"2026-02-28T00:07:01","slug":"hyla-tuoksu-500-ml-laventeli","status":"publish","type":"product","link":"https:\/\/hylajams.fi\/?product=hyla-tuoksu-500-ml-laventeli","title":{"rendered":"17273 Laventeli Hyla tuoksu 500 ml"},"content":{"rendered":"<p data-start=\"743\" data-end=\"1001\"><strong>Hyla tuoksu 500 ml laventeli<\/strong> tuo kotiisi laventelin luonnollisen ja rauhoittavan tuoksun. Lis\u00e4\u00e4 muutama tippa vesip\u00f6lynimurin vesis\u00e4ili\u00f6\u00f6n, ilmanraikastimeen tai h\u00f6yrypuhdistimeen ja nauti levollisesta tunnelmasta siivouksen yhteydess\u00e4.<\/p>\n<p data-start=\"1003\" data-end=\"1308\"><strong>Hyla tuoksu 500 ml laventeli<\/strong> on tunnettu stressi\u00e4 ja j\u00e4nnityst\u00e4 lievitt\u00e4vist\u00e4 vaikutuksistaan. Se auttaa rauhoittamaan mielen, parantamaan unen laatua ja tukemaan keskittymiskyky\u00e4. Aromaterapiassa laventeli\u00f6ljy\u00e4 k\u00e4ytet\u00e4\u00e4n usein rentoutumisen tukena, ja se voi lievitt\u00e4\u00e4 p\u00e4\u00e4ns\u00e4rky\u00e4 sek\u00e4 v\u00e4hent\u00e4\u00e4 ahdistusta.<\/p>\n<p data-start=\"1310\" data-end=\"1571\">Hyla-tuoksuja on saatavana kahdeksaa eri raikasta tuoksua, ja nyt my\u00f6s suurissa 500 ml pulloissa, jotka kest\u00e4v\u00e4t pitk\u00e4\u00e4n. T\u00e4m\u00e4 laventelituoksu sopii erinomaisesti kaikille, jotka haluavat yhdist\u00e4\u00e4 siivouksen rauhoittavaan ja tasapainottavaan tuoksuel\u00e4mykseen.<\/p>\n<ul>\n<li data-start=\"1406\" data-end=\"1452\"><strong data-start=\"1406\" data-end=\"1415\">90 ml<\/strong>\u00a0\u2013 pienempi pullo arkiseen k\u00e4ytt\u00f6\u00f6n<\/li>\n<li data-start=\"1455\" data-end=\"1514\"><strong data-start=\"1455\" data-end=\"1465\">500 ml<\/strong>\u00a0\u2013 riittoisa vaihtoehto pitk\u00e4aikaiseen k\u00e4ytt\u00f6\u00f6n<\/li>\n<\/ul>\n<p data-start=\"1665\" data-end=\"1810\"><img decoding=\"async\" class=\"emoji\" role=\"img\" draggable=\"false\" src=\"https:\/\/s.w.org\/images\/core\/emoji\/16.0.1\/svg\/1f449.svg\" alt=\"\ud83d\udc49\" \/>\u00a0Hyla-tuoksuja on yhteens\u00e4\u00a0<strong data-start=\"1694\" data-end=\"1709\">8 erilaista<\/strong>, joista laventeli parantaa mielialaa.<\/p>\n<p><strong>Lue lis\u00e4\u00e4 Hyla tuoksuista\u00a0<a href=\"https:\/\/hylajams.fi\/?p=5064\">T\u00c4\u00c4LT\u00c4<\/a><\/strong><\/p>\n<p><a href=\"https:\/\/hylajams.fi\/?product_cat=natural-care-tuoksut\"><strong>Natural Care tuotteet verkkokaupassa<\/strong><\/a><\/p>\n<p><a href=\"https:\/\/www.hyla-naturalcare.com\/en\/\"><strong><span dir=\"auto\">Hyla Natural Care<\/span><\/strong><\/a><\/p>\n","protected":false},"excerpt":{"rendered":"<p><strong>\u00a0Hyla tuoksu 500 ml laventeli<\/strong>\u2013 rauhoittava ja rentouttava laventelin tuoksu, joka auttaa v\u00e4hent\u00e4m\u00e4\u00e4n stressi\u00e4 ja parantaa unen laatua.<\/p>\n","protected":false},"featured_media":12937,"template":"","meta":[],"product_brand":[],"product_cat":[50,1090],"product_tag":[1938,1931,1932,1131,1933,78,1945,1946],"class_list":{"0":"post-4702","1":"product","2":"type-product","3":"status-publish","4":"has-post-thumbnail","6":"product_cat-hyla-tuoksut","7":"product_cat-hyla-tuoksut-500-ml","8":"product_tag-huonetuoksu","9":"product_tag-hyla-est-tuoksu","10":"product_tag-hyla-gst-tuoksu","11":"product_tag-hyla-lisavaruste","12":"product_tag-hyla-nst-tuoksu","13":"product_tag-ilmanraikastin","14":"product_tag-laventeli-hyla-tuoksu-500-ml","15":"product_tag-laventelituoksu","16":"product_shipping_class-posti-s-paketti-11x32x3-cm-35-kg","17":"_wholesalex wsx-wholesalex-product","19":"first","20":"instock","21":"featured","22":"shipping-taxable","23":"purchasable","24":"product-type-simple"},"yoast_head":"<!-- This site is optimized with the Yoast SEO plugin v27.3 - https:\/\/yoast.com\/product\/yoast-seo-wordpress\/ -->\n<title>Hyla tuoksu 500 ml laventeli Rauhoittaa mielialaa<\/title>\n<meta name=\"description\" content=\"Hyla tuoksu 500 ml laventeli \u2013 iso pullo rauhoittavaa tuoksua vesip\u00f6lynimuriin ja ilmanraikastimeen ja luo kotiin levollisen ja puhtaan ilmapiirin.\" \/>\n<meta name=\"robots\" content=\"index, follow, max-snippet:-1, max-image-preview:large, max-video-preview:-1\" \/>\n<link rel=\"canonical\" href=\"https:\/\/hylajams.fi\/?product=hyla-tuoksu-500-ml-laventeli\" \/>\n<meta property=\"og:locale\" content=\"fi_FI\" \/>\n<meta property=\"og:type\" content=\"article\" \/>\n<meta property=\"og:title\" content=\"Hyla tuoksu 500 ml laventeli Rauhoittaa mielialaa\" \/>\n<meta property=\"og:description\" content=\"Hyla tuoksu 500 ml laventeli \u2013 iso pullo rauhoittavaa tuoksua vesip\u00f6lynimuriin ja ilmanraikastimeen ja luo kotiin levollisen ja puhtaan ilmapiirin.\" \/>\n<meta property=\"og:url\" content=\"https:\/\/hylajams.fi\/?product=hyla-tuoksu-500-ml-laventeli\" \/>\n<meta property=\"og:site_name\" content=\"Hyla Jams Verkkokauppa\" \/>\n<meta property=\"article:modified_time\" content=\"2026-02-28T00:07:01+00:00\" \/>\n<meta property=\"og:image\" content=\"https:\/\/hylajams.fi\/wp-content\/uploads\/2023\/03\/17273-UUSI-laventeli.jpg\" \/>\n\t<meta property=\"og:image:width\" content=\"452\" \/>\n\t<meta property=\"og:image:height\" content=\"665\" \/>\n\t<meta property=\"og:image:type\" content=\"image\/jpeg\" \/>\n<meta name=\"twitter:card\" content=\"summary_large_image\" \/>\n<meta name=\"twitter:label1\" content=\"Arvioitu lukuaika\" \/>\n\t<meta name=\"twitter:data1\" content=\"2 minuuttia\" \/>\n<script type=\"application\/ld+json\" class=\"yoast-schema-graph\">{\"@context\":\"https:\\\/\\\/schema.org\",\"@graph\":[{\"@type\":\"WebPage\",\"@id\":\"https:\\\/\\\/hylajams.fi\\\/?product=hyla-tuoksu-500-ml-laventeli\",\"url\":\"https:\\\/\\\/hylajams.fi\\\/?product=hyla-tuoksu-500-ml-laventeli\",\"name\":\"Hyla tuoksu 500 ml laventeli Rauhoittaa mielialaa\",\"isPartOf\":{\"@id\":\"https:\\\/\\\/hylajams.fi\\\/#website\"},\"primaryImageOfPage\":{\"@id\":\"https:\\\/\\\/hylajams.fi\\\/?product=hyla-tuoksu-500-ml-laventeli#primaryimage\"},\"image\":{\"@id\":\"https:\\\/\\\/hylajams.fi\\\/?product=hyla-tuoksu-500-ml-laventeli#primaryimage\"},\"thumbnailUrl\":\"https:\\\/\\\/hylajams.fi\\\/wp-content\\\/uploads\\\/2023\\\/03\\\/17273-UUSI-laventeli.jpg\",\"datePublished\":\"2023-01-25T22:03:11+00:00\",\"dateModified\":\"2026-02-28T00:07:01+00:00\",\"description\":\"Hyla tuoksu 500 ml laventeli \u2013 iso pullo rauhoittavaa tuoksua vesip\u00f6lynimuriin ja ilmanraikastimeen ja luo kotiin levollisen ja puhtaan ilmapiirin.\",\"breadcrumb\":{\"@id\":\"https:\\\/\\\/hylajams.fi\\\/?product=hyla-tuoksu-500-ml-laventeli#breadcrumb\"},\"inLanguage\":\"fi\",\"potentialAction\":[{\"@type\":\"ReadAction\",\"target\":[\"https:\\\/\\\/hylajams.fi\\\/?product=hyla-tuoksu-500-ml-laventeli\"]}]},{\"@type\":\"ImageObject\",\"inLanguage\":\"fi\",\"@id\":\"https:\\\/\\\/hylajams.fi\\\/?product=hyla-tuoksu-500-ml-laventeli#primaryimage\",\"url\":\"https:\\\/\\\/hylajams.fi\\\/wp-content\\\/uploads\\\/2023\\\/03\\\/17273-UUSI-laventeli.jpg\",\"contentUrl\":\"https:\\\/\\\/hylajams.fi\\\/wp-content\\\/uploads\\\/2023\\\/03\\\/17273-UUSI-laventeli.jpg\",\"width\":452,\"height\":665,\"caption\":\"17273 Hyla tuoksu aventeli\"},{\"@type\":\"BreadcrumbList\",\"@id\":\"https:\\\/\\\/hylajams.fi\\\/?product=hyla-tuoksu-500-ml-laventeli#breadcrumb\",\"itemListElement\":[{\"@type\":\"ListItem\",\"position\":1,\"name\":\"Etusivu\",\"item\":\"https:\\\/\\\/hylajams.fi\\\/\"},{\"@type\":\"ListItem\",\"position\":2,\"name\":\"VERKKOKAUPPA\",\"item\":\"https:\\\/\\\/hylajams.fi\\\/?page_id=9\"},{\"@type\":\"ListItem\",\"position\":3,\"name\":\"17273 Laventeli Hyla tuoksu 500 ml\"}]},{\"@type\":\"WebSite\",\"@id\":\"https:\\\/\\\/hylajams.fi\\\/#website\",\"url\":\"https:\\\/\\\/hylajams.fi\\\/\",\"name\":\"Hyla Jams Verkkokauppa\",\"description\":\"Hyla ilman- ja huoneen puhdistusj\u00e4rjestelm\u00e4 Suomessa\",\"publisher\":{\"@id\":\"https:\\\/\\\/hylajams.fi\\\/#organization\"},\"potentialAction\":[{\"@type\":\"SearchAction\",\"target\":{\"@type\":\"EntryPoint\",\"urlTemplate\":\"https:\\\/\\\/hylajams.fi\\\/?s={search_term_string}\"},\"query-input\":{\"@type\":\"PropertyValueSpecification\",\"valueRequired\":true,\"valueName\":\"search_term_string\"}}],\"inLanguage\":\"fi\"},{\"@type\":\"Organization\",\"@id\":\"https:\\\/\\\/hylajams.fi\\\/#organization\",\"name\":\"Hyla Jams Verkkokauppa\",\"url\":\"https:\\\/\\\/hylajams.fi\\\/\",\"logo\":{\"@type\":\"ImageObject\",\"inLanguage\":\"fi\",\"@id\":\"https:\\\/\\\/hylajams.fi\\\/#\\\/schema\\\/logo\\\/image\\\/\",\"url\":\"https:\\\/\\\/hylajams.fi\\\/wp-content\\\/uploads\\\/2025\\\/02\\\/Logo-1-2.jpg\",\"contentUrl\":\"https:\\\/\\\/hylajams.fi\\\/wp-content\\\/uploads\\\/2025\\\/02\\\/Logo-1-2.jpg\",\"width\":500,\"height\":500,\"caption\":\"Hyla Jams Verkkokauppa\"},\"image\":{\"@id\":\"https:\\\/\\\/hylajams.fi\\\/#\\\/schema\\\/logo\\\/image\\\/\"},\"sameAs\":[\"https:\\\/\\\/www.instagram.com\\\/hylasiivous\\\/\"]}]}<\/script>\n<!-- \/ Yoast SEO plugin. -->","yoast_head_json":{"title":"Hyla tuoksu 500 ml laventeli Rauhoittaa mielialaa","description":"Hyla tuoksu 500 ml laventeli \u2013 iso pullo rauhoittavaa tuoksua vesip\u00f6lynimuriin ja ilmanraikastimeen ja luo kotiin levollisen ja puhtaan ilmapiirin.","robots":{"index":"index","follow":"follow","max-snippet":"max-snippet:-1","max-image-preview":"max-image-preview:large","max-video-preview":"max-video-preview:-1"},"canonical":"https:\/\/hylajams.fi\/?product=hyla-tuoksu-500-ml-laventeli","og_locale":"fi_FI","og_type":"article","og_title":"Hyla tuoksu 500 ml laventeli Rauhoittaa mielialaa","og_description":"Hyla tuoksu 500 ml laventeli \u2013 iso pullo rauhoittavaa tuoksua vesip\u00f6lynimuriin ja ilmanraikastimeen ja luo kotiin levollisen ja puhtaan ilmapiirin.","og_url":"https:\/\/hylajams.fi\/?product=hyla-tuoksu-500-ml-laventeli","og_site_name":"Hyla Jams Verkkokauppa","article_modified_time":"2026-02-28T00:07:01+00:00","og_image":[{"width":452,"height":665,"url":"https:\/\/hylajams.fi\/wp-content\/uploads\/2023\/03\/17273-UUSI-laventeli.jpg","type":"image\/jpeg"}],"twitter_card":"summary_large_image","twitter_misc":{"Arvioitu lukuaika":"2 minuuttia"},"schema":{"@context":"https:\/\/schema.org","@graph":[{"@type":"WebPage","@id":"https:\/\/hylajams.fi\/?product=hyla-tuoksu-500-ml-laventeli","url":"https:\/\/hylajams.fi\/?product=hyla-tuoksu-500-ml-laventeli","name":"Hyla tuoksu 500 ml laventeli Rauhoittaa mielialaa","isPartOf":{"@id":"https:\/\/hylajams.fi\/#website"},"primaryImageOfPage":{"@id":"https:\/\/hylajams.fi\/?product=hyla-tuoksu-500-ml-laventeli#primaryimage"},"image":{"@id":"https:\/\/hylajams.fi\/?product=hyla-tuoksu-500-ml-laventeli#primaryimage"},"thumbnailUrl":"https:\/\/hylajams.fi\/wp-content\/uploads\/2023\/03\/17273-UUSI-laventeli.jpg","datePublished":"2023-01-25T22:03:11+00:00","dateModified":"2026-02-28T00:07:01+00:00","description":"Hyla tuoksu 500 ml laventeli \u2013 iso pullo rauhoittavaa tuoksua vesip\u00f6lynimuriin ja ilmanraikastimeen ja luo kotiin levollisen ja puhtaan ilmapiirin.","breadcrumb":{"@id":"https:\/\/hylajams.fi\/?product=hyla-tuoksu-500-ml-laventeli#breadcrumb"},"inLanguage":"fi","potentialAction":[{"@type":"ReadAction","target":["https:\/\/hylajams.fi\/?product=hyla-tuoksu-500-ml-laventeli"]}]},{"@type":"ImageObject","inLanguage":"fi","@id":"https:\/\/hylajams.fi\/?product=hyla-tuoksu-500-ml-laventeli#primaryimage","url":"https:\/\/hylajams.fi\/wp-content\/uploads\/2023\/03\/17273-UUSI-laventeli.jpg","contentUrl":"https:\/\/hylajams.fi\/wp-content\/uploads\/2023\/03\/17273-UUSI-laventeli.jpg","width":452,"height":665,"caption":"17273 Hyla tuoksu aventeli"},{"@type":"BreadcrumbList","@id":"https:\/\/hylajams.fi\/?product=hyla-tuoksu-500-ml-laventeli#breadcrumb","itemListElement":[{"@type":"ListItem","position":1,"name":"Etusivu","item":"https:\/\/hylajams.fi\/"},{"@type":"ListItem","position":2,"name":"VERKKOKAUPPA","item":"https:\/\/hylajams.fi\/?page_id=9"},{"@type":"ListItem","position":3,"name":"17273 Laventeli Hyla tuoksu 500 ml"}]},{"@type":"WebSite","@id":"https:\/\/hylajams.fi\/#website","url":"https:\/\/hylajams.fi\/","name":"Hyla Jams Verkkokauppa","description":"Hyla ilman- ja huoneen puhdistusj\u00e4rjestelm\u00e4 Suomessa","publisher":{"@id":"https:\/\/hylajams.fi\/#organization"},"potentialAction":[{"@type":"SearchAction","target":{"@type":"EntryPoint","urlTemplate":"https:\/\/hylajams.fi\/?s={search_term_string}"},"query-input":{"@type":"PropertyValueSpecification","valueRequired":true,"valueName":"search_term_string"}}],"inLanguage":"fi"},{"@type":"Organization","@id":"https:\/\/hylajams.fi\/#organization","name":"Hyla Jams Verkkokauppa","url":"https:\/\/hylajams.fi\/","logo":{"@type":"ImageObject","inLanguage":"fi","@id":"https:\/\/hylajams.fi\/#\/schema\/logo\/image\/","url":"https:\/\/hylajams.fi\/wp-content\/uploads\/2025\/02\/Logo-1-2.jpg","contentUrl":"https:\/\/hylajams.fi\/wp-content\/uploads\/2025\/02\/Logo-1-2.jpg","width":500,"height":500,"caption":"Hyla Jams Verkkokauppa"},"image":{"@id":"https:\/\/hylajams.fi\/#\/schema\/logo\/image\/"},"sameAs":["https:\/\/www.instagram.com\/hylasiivous\/"]}]}},"_links":{"self":[{"href":"https:\/\/hylajams.fi\/index.php?rest_route=\/wp\/v2\/product\/4702","targetHints":{"allow":["GET"]}}],"collection":[{"href":"https:\/\/hylajams.fi\/index.php?rest_route=\/wp\/v2\/product"}],"about":[{"href":"https:\/\/hylajams.fi\/index.php?rest_route=\/wp\/v2\/types\/product"}],"version-history":[{"count":11,"href":"https:\/\/hylajams.fi\/index.php?rest_route=\/wp\/v2\/product\/4702\/revisions"}],"predecessor-version":[{"id":13217,"href":"https:\/\/hylajams.fi\/index.php?rest_route=\/wp\/v2\/product\/4702\/revisions\/13217"}],"wp:featuredmedia":[{"embeddable":true,"href":"https:\/\/hylajams.fi\/index.php?rest_route=\/wp\/v2\/media\/12937"}],"wp:attachment":[{"href":"https:\/\/hylajams.fi\/index.php?rest_route=%2Fwp%2Fv2%2Fmedia&parent=4702"}],"wp:term":[{"taxonomy":"product_brand","embeddable":true,"href":"https:\/\/hylajams.fi\/index.php?rest_route=%2Fwp%2Fv2%2Fproduct_brand&post=4702"},{"taxonomy":"product_cat","embeddable":true,"href":"https:\/\/hylajams.fi\/index.php?rest_route=%2Fwp%2Fv2%2Fproduct_cat&post=4702"},{"taxonomy":"product_tag","embeddable":true,"href":"https:\/\/hylajams.fi\/index.php?rest_route=%2Fwp%2Fv2%2Fproduct_tag&post=4702"}],"curies":[{"name":"wp","href":"https:\/\/api.w.org\/{rel}","templated":true}]}}