{"id":3728,"date":"2022-03-26T14:19:04","date_gmt":"2022-03-26T12:19:04","guid":{"rendered":"https:\/\/hylajams.fi\/?post_type=product&#038;p=3728"},"modified":"2026-02-27T17:58:19","modified_gmt":"2026-02-27T15:58:19","slug":"hyla-suihkusaippua","status":"publish","type":"product","link":"https:\/\/hylajams.fi\/?product=hyla-suihkusaippua","title":{"rendered":"21161 Hyla suihkusaippua, Natural Care 250 ml"},"content":{"rendered":"<p><strong>Hyla suihkusaippua, Natural Care 250 ml<\/strong><\/p>\n<p>Hylan suihkusaippua on luonnollinen ja hell\u00e4varainen suihkusaippua, joka tekee jokaisesta suihkuhetkest\u00e4 raikkaan ja miellytt\u00e4v\u00e4n kokemuksen. Tuotteen luonnolliset ainesosat hoitavat ja suojaavat ihoa ja auttavat s\u00e4ilytt\u00e4m\u00e4\u00e4n sen oman luonnollisen tasapainon.<\/p>\n<p>Suihkusaippua (Shower Gel) kuuluu Hyla Natural Care -sarjaan, jossa yhdistyv\u00e4t luonnolliset raaka-aineet ja ihoa hemmottelevat ominaisuudet. Se sopii p\u00e4ivitt\u00e4iseen k\u00e4ytt\u00f6\u00f6n niin aikuisille kuin lapsillekin, j\u00e4tt\u00e4en iholle puhtaan ja virkistyneen tunteen.<\/p>\n<p><strong>Ominaisuudet:<\/strong><\/p>\n<ul>\n<li>Puhdistaa ihon hell\u00e4varaisesti uimisen tai suihkun j\u00e4lkeen<\/li>\n<li>J\u00e4tt\u00e4\u00e4 pitk\u00e4kestoisen raikkauden<\/li>\n<li>Sis\u00e4lt\u00e4\u00e4 luonnollisia, ihoa hoitavia ainesosia<\/li>\n<li>Sopii koko perheelle, my\u00f6s lapsille<\/li>\n<li>HYLA Natural Care -sarjaa<\/li>\n<li>Pakkauskoko: 250 ml<\/li>\n<\/ul>\n<p>T\u00e4m\u00e4 Suihkusaippua on t\u00e4ydellinen valinta, kun haluat yhdist\u00e4\u00e4 luonnollisuuden, puhtauden ja hyvinvoinnin jokap\u00e4iv\u00e4iseen rutiiniin.<\/p>\n<p>Suihkusaippua &#8211; Shower Gel &#8211; Natural Gare, 250 ml<\/p>\n<p><a href=\"https:\/\/hylajams.fi\/?product_cat=natural-care-tuoksut\"><strong>Natural Care tuotteet verkkokaupassa<\/strong><\/a><\/p>\n<p><a href=\"https:\/\/www.hyla-naturalcare.com\/en\/\"><strong><span dir=\"auto\">Hyla Natural Care<\/span><\/strong><\/a><\/p>\n","protected":false},"excerpt":{"rendered":"<p><strong>Hyla suihkusaippua &#8211; <\/strong>puhdistaa ihon hell\u00e4varaisesti, j\u00e4tt\u00e4\u00e4 pitk\u00e4kestoisen raikkauden ja sopii koko perheelle \u2013 my\u00f6s lapsille.<\/p>\n","protected":false},"featured_media":3731,"template":"","meta":[],"product_brand":[],"product_cat":[1038,991,1039],"product_tag":[1346,327,270,662,661],"class_list":{"0":"post-3728","1":"product","2":"type-product","3":"status-publish","4":"has-post-thumbnail","6":"product_cat-henkilokohtainen-hygienia","7":"product_cat-natural-care-luonnonkosmetiikkaa-koko-perheelle","8":"product_cat-natural-care-tuotteet","9":"product_tag-hyla-suihkusaippua","10":"product_tag-natural-care","11":"product_tag-saippua","12":"product_tag-shower-gel","13":"product_tag-suihkusaippua","14":"product_shipping_class-posti-s-paketti-11x32x3-cm-35-kg","15":"_wholesalex wsx-wholesalex-product","17":"first","18":"instock","19":"featured","20":"shipping-taxable","21":"purchasable","22":"product-type-simple"},"yoast_head":"<!-- This site is optimized with the Yoast SEO plugin v27.3 - https:\/\/yoast.com\/product\/yoast-seo-wordpress\/ -->\n<title>Hyla suihkusaippua - hell\u00e4varainen suihkusaippua my\u00f6s lapsille<\/title>\n<meta name=\"description\" content=\"Hyla suihkusaippua hell\u00e4varainen suihkusaippua koko perheelle. Luonnolliset ainesosat j\u00e4tt\u00e4v\u00e4t iholle pitk\u00e4kestoisen raikkauden ja suojan.\" \/>\n<meta name=\"robots\" content=\"index, follow, max-snippet:-1, max-image-preview:large, max-video-preview:-1\" \/>\n<link rel=\"canonical\" href=\"https:\/\/hylajams.fi\/?product=hyla-suihkusaippua\" \/>\n<meta property=\"og:locale\" content=\"fi_FI\" \/>\n<meta property=\"og:type\" content=\"article\" \/>\n<meta property=\"og:title\" content=\"Hyla suihkusaippua - hell\u00e4varainen suihkusaippua my\u00f6s lapsille\" \/>\n<meta property=\"og:description\" content=\"Hyla suihkusaippua hell\u00e4varainen suihkusaippua koko perheelle. Luonnolliset ainesosat j\u00e4tt\u00e4v\u00e4t iholle pitk\u00e4kestoisen raikkauden ja suojan.\" \/>\n<meta property=\"og:url\" content=\"https:\/\/hylajams.fi\/?product=hyla-suihkusaippua\" \/>\n<meta property=\"og:site_name\" content=\"Hyla Jams Verkkokauppa\" \/>\n<meta property=\"article:modified_time\" content=\"2026-02-27T15:58:19+00:00\" \/>\n<meta property=\"og:image\" content=\"https:\/\/hylajams.fi\/wp-content\/uploads\/2022\/03\/21161-Suihkusaippua2.png\" \/>\n\t<meta property=\"og:image:width\" content=\"600\" \/>\n\t<meta property=\"og:image:height\" content=\"600\" \/>\n\t<meta property=\"og:image:type\" content=\"image\/png\" \/>\n<meta name=\"twitter:card\" content=\"summary_large_image\" \/>\n<meta name=\"twitter:label1\" content=\"Arvioitu lukuaika\" \/>\n\t<meta name=\"twitter:data1\" content=\"1 minuutti\" \/>\n<script type=\"application\/ld+json\" class=\"yoast-schema-graph\">{\"@context\":\"https:\\\/\\\/schema.org\",\"@graph\":[{\"@type\":\"WebPage\",\"@id\":\"https:\\\/\\\/hylajams.fi\\\/?product=hyla-suihkusaippua\",\"url\":\"https:\\\/\\\/hylajams.fi\\\/?product=hyla-suihkusaippua\",\"name\":\"Hyla suihkusaippua - hell\u00e4varainen suihkusaippua my\u00f6s lapsille\",\"isPartOf\":{\"@id\":\"https:\\\/\\\/hylajams.fi\\\/#website\"},\"primaryImageOfPage\":{\"@id\":\"https:\\\/\\\/hylajams.fi\\\/?product=hyla-suihkusaippua#primaryimage\"},\"image\":{\"@id\":\"https:\\\/\\\/hylajams.fi\\\/?product=hyla-suihkusaippua#primaryimage\"},\"thumbnailUrl\":\"https:\\\/\\\/hylajams.fi\\\/wp-content\\\/uploads\\\/2022\\\/03\\\/21161-Suihkusaippua2.png\",\"datePublished\":\"2022-03-26T12:19:04+00:00\",\"dateModified\":\"2026-02-27T15:58:19+00:00\",\"description\":\"Hyla suihkusaippua hell\u00e4varainen suihkusaippua koko perheelle. Luonnolliset ainesosat j\u00e4tt\u00e4v\u00e4t iholle pitk\u00e4kestoisen raikkauden ja suojan.\",\"breadcrumb\":{\"@id\":\"https:\\\/\\\/hylajams.fi\\\/?product=hyla-suihkusaippua#breadcrumb\"},\"inLanguage\":\"fi\",\"potentialAction\":[{\"@type\":\"ReadAction\",\"target\":[\"https:\\\/\\\/hylajams.fi\\\/?product=hyla-suihkusaippua\"]}]},{\"@type\":\"ImageObject\",\"inLanguage\":\"fi\",\"@id\":\"https:\\\/\\\/hylajams.fi\\\/?product=hyla-suihkusaippua#primaryimage\",\"url\":\"https:\\\/\\\/hylajams.fi\\\/wp-content\\\/uploads\\\/2022\\\/03\\\/21161-Suihkusaippua2.png\",\"contentUrl\":\"https:\\\/\\\/hylajams.fi\\\/wp-content\\\/uploads\\\/2022\\\/03\\\/21161-Suihkusaippua2.png\",\"width\":600,\"height\":600,\"caption\":\"Hyla suihkusaippua\"},{\"@type\":\"BreadcrumbList\",\"@id\":\"https:\\\/\\\/hylajams.fi\\\/?product=hyla-suihkusaippua#breadcrumb\",\"itemListElement\":[{\"@type\":\"ListItem\",\"position\":1,\"name\":\"Etusivu\",\"item\":\"https:\\\/\\\/hylajams.fi\\\/\"},{\"@type\":\"ListItem\",\"position\":2,\"name\":\"VERKKOKAUPPA\",\"item\":\"https:\\\/\\\/hylajams.fi\\\/?page_id=9\"},{\"@type\":\"ListItem\",\"position\":3,\"name\":\"21161 Hyla suihkusaippua, Natural Care 250 ml\"}]},{\"@type\":\"WebSite\",\"@id\":\"https:\\\/\\\/hylajams.fi\\\/#website\",\"url\":\"https:\\\/\\\/hylajams.fi\\\/\",\"name\":\"Hyla Jams Verkkokauppa\",\"description\":\"Hyla ilman- ja huoneen puhdistusj\u00e4rjestelm\u00e4 Suomessa\",\"publisher\":{\"@id\":\"https:\\\/\\\/hylajams.fi\\\/#organization\"},\"potentialAction\":[{\"@type\":\"SearchAction\",\"target\":{\"@type\":\"EntryPoint\",\"urlTemplate\":\"https:\\\/\\\/hylajams.fi\\\/?s={search_term_string}\"},\"query-input\":{\"@type\":\"PropertyValueSpecification\",\"valueRequired\":true,\"valueName\":\"search_term_string\"}}],\"inLanguage\":\"fi\"},{\"@type\":\"Organization\",\"@id\":\"https:\\\/\\\/hylajams.fi\\\/#organization\",\"name\":\"Hyla Jams Verkkokauppa\",\"url\":\"https:\\\/\\\/hylajams.fi\\\/\",\"logo\":{\"@type\":\"ImageObject\",\"inLanguage\":\"fi\",\"@id\":\"https:\\\/\\\/hylajams.fi\\\/#\\\/schema\\\/logo\\\/image\\\/\",\"url\":\"https:\\\/\\\/hylajams.fi\\\/wp-content\\\/uploads\\\/2025\\\/02\\\/Logo-1-2.jpg\",\"contentUrl\":\"https:\\\/\\\/hylajams.fi\\\/wp-content\\\/uploads\\\/2025\\\/02\\\/Logo-1-2.jpg\",\"width\":500,\"height\":500,\"caption\":\"Hyla Jams Verkkokauppa\"},\"image\":{\"@id\":\"https:\\\/\\\/hylajams.fi\\\/#\\\/schema\\\/logo\\\/image\\\/\"},\"sameAs\":[\"https:\\\/\\\/www.instagram.com\\\/hylasiivous\\\/\"]}]}<\/script>\n<!-- \/ Yoast SEO plugin. -->","yoast_head_json":{"title":"Hyla suihkusaippua - hell\u00e4varainen suihkusaippua my\u00f6s lapsille","description":"Hyla suihkusaippua hell\u00e4varainen suihkusaippua koko perheelle. Luonnolliset ainesosat j\u00e4tt\u00e4v\u00e4t iholle pitk\u00e4kestoisen raikkauden ja suojan.","robots":{"index":"index","follow":"follow","max-snippet":"max-snippet:-1","max-image-preview":"max-image-preview:large","max-video-preview":"max-video-preview:-1"},"canonical":"https:\/\/hylajams.fi\/?product=hyla-suihkusaippua","og_locale":"fi_FI","og_type":"article","og_title":"Hyla suihkusaippua - hell\u00e4varainen suihkusaippua my\u00f6s lapsille","og_description":"Hyla suihkusaippua hell\u00e4varainen suihkusaippua koko perheelle. Luonnolliset ainesosat j\u00e4tt\u00e4v\u00e4t iholle pitk\u00e4kestoisen raikkauden ja suojan.","og_url":"https:\/\/hylajams.fi\/?product=hyla-suihkusaippua","og_site_name":"Hyla Jams Verkkokauppa","article_modified_time":"2026-02-27T15:58:19+00:00","og_image":[{"width":600,"height":600,"url":"https:\/\/hylajams.fi\/wp-content\/uploads\/2022\/03\/21161-Suihkusaippua2.png","type":"image\/png"}],"twitter_card":"summary_large_image","twitter_misc":{"Arvioitu lukuaika":"1 minuutti"},"schema":{"@context":"https:\/\/schema.org","@graph":[{"@type":"WebPage","@id":"https:\/\/hylajams.fi\/?product=hyla-suihkusaippua","url":"https:\/\/hylajams.fi\/?product=hyla-suihkusaippua","name":"Hyla suihkusaippua - hell\u00e4varainen suihkusaippua my\u00f6s lapsille","isPartOf":{"@id":"https:\/\/hylajams.fi\/#website"},"primaryImageOfPage":{"@id":"https:\/\/hylajams.fi\/?product=hyla-suihkusaippua#primaryimage"},"image":{"@id":"https:\/\/hylajams.fi\/?product=hyla-suihkusaippua#primaryimage"},"thumbnailUrl":"https:\/\/hylajams.fi\/wp-content\/uploads\/2022\/03\/21161-Suihkusaippua2.png","datePublished":"2022-03-26T12:19:04+00:00","dateModified":"2026-02-27T15:58:19+00:00","description":"Hyla suihkusaippua hell\u00e4varainen suihkusaippua koko perheelle. Luonnolliset ainesosat j\u00e4tt\u00e4v\u00e4t iholle pitk\u00e4kestoisen raikkauden ja suojan.","breadcrumb":{"@id":"https:\/\/hylajams.fi\/?product=hyla-suihkusaippua#breadcrumb"},"inLanguage":"fi","potentialAction":[{"@type":"ReadAction","target":["https:\/\/hylajams.fi\/?product=hyla-suihkusaippua"]}]},{"@type":"ImageObject","inLanguage":"fi","@id":"https:\/\/hylajams.fi\/?product=hyla-suihkusaippua#primaryimage","url":"https:\/\/hylajams.fi\/wp-content\/uploads\/2022\/03\/21161-Suihkusaippua2.png","contentUrl":"https:\/\/hylajams.fi\/wp-content\/uploads\/2022\/03\/21161-Suihkusaippua2.png","width":600,"height":600,"caption":"Hyla suihkusaippua"},{"@type":"BreadcrumbList","@id":"https:\/\/hylajams.fi\/?product=hyla-suihkusaippua#breadcrumb","itemListElement":[{"@type":"ListItem","position":1,"name":"Etusivu","item":"https:\/\/hylajams.fi\/"},{"@type":"ListItem","position":2,"name":"VERKKOKAUPPA","item":"https:\/\/hylajams.fi\/?page_id=9"},{"@type":"ListItem","position":3,"name":"21161 Hyla suihkusaippua, Natural Care 250 ml"}]},{"@type":"WebSite","@id":"https:\/\/hylajams.fi\/#website","url":"https:\/\/hylajams.fi\/","name":"Hyla Jams Verkkokauppa","description":"Hyla ilman- ja huoneen puhdistusj\u00e4rjestelm\u00e4 Suomessa","publisher":{"@id":"https:\/\/hylajams.fi\/#organization"},"potentialAction":[{"@type":"SearchAction","target":{"@type":"EntryPoint","urlTemplate":"https:\/\/hylajams.fi\/?s={search_term_string}"},"query-input":{"@type":"PropertyValueSpecification","valueRequired":true,"valueName":"search_term_string"}}],"inLanguage":"fi"},{"@type":"Organization","@id":"https:\/\/hylajams.fi\/#organization","name":"Hyla Jams Verkkokauppa","url":"https:\/\/hylajams.fi\/","logo":{"@type":"ImageObject","inLanguage":"fi","@id":"https:\/\/hylajams.fi\/#\/schema\/logo\/image\/","url":"https:\/\/hylajams.fi\/wp-content\/uploads\/2025\/02\/Logo-1-2.jpg","contentUrl":"https:\/\/hylajams.fi\/wp-content\/uploads\/2025\/02\/Logo-1-2.jpg","width":500,"height":500,"caption":"Hyla Jams Verkkokauppa"},"image":{"@id":"https:\/\/hylajams.fi\/#\/schema\/logo\/image\/"},"sameAs":["https:\/\/www.instagram.com\/hylasiivous\/"]}]}},"_links":{"self":[{"href":"https:\/\/hylajams.fi\/index.php?rest_route=\/wp\/v2\/product\/3728","targetHints":{"allow":["GET"]}}],"collection":[{"href":"https:\/\/hylajams.fi\/index.php?rest_route=\/wp\/v2\/product"}],"about":[{"href":"https:\/\/hylajams.fi\/index.php?rest_route=\/wp\/v2\/types\/product"}],"version-history":[{"count":4,"href":"https:\/\/hylajams.fi\/index.php?rest_route=\/wp\/v2\/product\/3728\/revisions"}],"predecessor-version":[{"id":11457,"href":"https:\/\/hylajams.fi\/index.php?rest_route=\/wp\/v2\/product\/3728\/revisions\/11457"}],"wp:featuredmedia":[{"embeddable":true,"href":"https:\/\/hylajams.fi\/index.php?rest_route=\/wp\/v2\/media\/3731"}],"wp:attachment":[{"href":"https:\/\/hylajams.fi\/index.php?rest_route=%2Fwp%2Fv2%2Fmedia&parent=3728"}],"wp:term":[{"taxonomy":"product_brand","embeddable":true,"href":"https:\/\/hylajams.fi\/index.php?rest_route=%2Fwp%2Fv2%2Fproduct_brand&post=3728"},{"taxonomy":"product_cat","embeddable":true,"href":"https:\/\/hylajams.fi\/index.php?rest_route=%2Fwp%2Fv2%2Fproduct_cat&post=3728"},{"taxonomy":"product_tag","embeddable":true,"href":"https:\/\/hylajams.fi\/index.php?rest_route=%2Fwp%2Fv2%2Fproduct_tag&post=3728"}],"curies":[{"name":"wp","href":"https:\/\/api.w.org\/{rel}","templated":true}]}}