{"id":3719,"date":"2022-03-26T14:00:51","date_gmt":"2022-03-26T12:00:51","guid":{"rendered":"https:\/\/hylajams.fi\/?post_type=product&#038;p=3719"},"modified":"2026-02-27T18:20:01","modified_gmt":"2026-02-27T16:20:01","slug":"hyla-vartalovoide","status":"publish","type":"product","link":"https:\/\/hylajams.fi\/?product=hyla-vartalovoide","title":{"rendered":"21177 Hyla Vartalovoide, 200 ml"},"content":{"rendered":"<p><strong>Hyla Vartalovoide,<\/strong> Body Lotion Personal Care 200 ml<\/p>\n<p>Hyla Vartalovoide, henkil\u00f6kohtainen hygienia, on ravitseva vartalovoide, joka auttaa palauttamaan ihon kosteustasapainon ja suojaa sit\u00e4 kuivumiselta. P\u00e4ivitt\u00e4inen peseytyminen, s\u00e4\u00e4olosuhteet tai \u00e4rsytt\u00e4v\u00e4t aineet voivat heikent\u00e4\u00e4 ihon luontaista suojaa \u2013 siksi s\u00e4\u00e4nn\u00f6llinen kosteutus on t\u00e4rke\u00e4\u00e4.<\/p>\n<p>Voide on valmistettu tuoreista aloe vera -geeliuutteesta ja ekstra-neitsytoliivi\u00f6ljyst\u00e4. Se sis\u00e4lt\u00e4\u00e4 runsaasti E-vitamiinia vehn\u00e4n alkio \u00f6ljyst\u00e4, aprikoosin siemen \u00f6ljyst\u00e4 ja manteli\u00f6ljyst\u00e4. Hyaluronihappo * t\u00e4ydent\u00e4\u00e4 koostumusta v\u00e4hent\u00e4en ihon ep\u00e4tasaisuuksia ja parantaen sen kimmoisuutta. Lopputulos on pehme\u00e4, joustava ja hyvinvoiva iho.<\/p>\n<p>(Hyaluronihappo* on kehon luontaisesti tuottama sokerimolekyyli, joka sitoutuu tehokkaasti veteen ja kosteuttaa ihoa sek\u00e4 muita kudoksia.)<\/p>\n<p><strong>K\u00e4ytt\u00f6kohteet:<\/strong><\/p>\n<ul>\n<li>P\u00e4ivitt\u00e4inen ihon kosteutus suihkun tai kylvyn j\u00e4lkeen<\/li>\n<li>Parranajon j\u00e4lkeen rauhoittavana hoitona<\/li>\n<li>Auringolle altistumisen j\u00e4lkeen tai ennen auringonottoa<\/li>\n<li>Karvanpoiston j\u00e4lkeen<\/li>\n<li>\u00c4rsytt\u00e4vien aineiden, kuten pesuaineiden, j\u00e4lkeen<\/li>\n<li>Lasten ihon kosteuttamiseen ja hoitamiseen<\/li>\n<\/ul>\n<p>Hyla Vartalovoide kuuluu Hyla Natural Care -sarjaan, jossa yhdistyv\u00e4t luonnolliset ainesosat ja tehokas ihonhoito.<\/p>\n<p><strong>Pakkauskoko<\/strong>: 200 ml.<\/p>\n<p><a href=\"https:\/\/hylajams.fi\/?product_cat=natural-care-tuoksut\"><strong>Natural Care tuotteet verkkokaupassa<\/strong><\/a><\/p>\n<p><a href=\"https:\/\/www.hyla-naturalcare.com\/en\/\"><strong><span dir=\"auto\">Hyla Natural Care<\/span><\/strong><\/a><\/p>\n","protected":false},"excerpt":{"rendered":"<p><strong>Hyla Vartalovoide <\/strong>kosteuttaa ja hoitaa ihoa luonnollisilla ainesosilla. Aloe vera, oliivi\u00f6ljy ja E-vitamiini tekev\u00e4t ihosta pehme\u00e4n ja kimmoisan.<\/p>\n<p>&nbsp;<\/p>\n","protected":false},"featured_media":8618,"template":"","meta":[],"product_brand":[],"product_cat":[1038,991,1039],"product_tag":[659,1591,327,332],"class_list":{"0":"post-3719","1":"product","2":"type-product","3":"status-publish","4":"has-post-thumbnail","6":"product_cat-henkilokohtainen-hygienia","7":"product_cat-natural-care-luonnonkosmetiikkaa-koko-perheelle","8":"product_cat-natural-care-tuotteet","9":"product_tag-body-lotion","10":"product_tag-hyla-vartalovoide-200-ml","11":"product_tag-natural-care","12":"product_tag-vartalovoide","13":"product_shipping_class-posti-s-paketti-11x32x3-cm-35-kg","14":"_wholesalex wsx-wholesalex-product","16":"first","17":"instock","18":"featured","19":"shipping-taxable","20":"purchasable","21":"product-type-simple"},"yoast_head":"<!-- This site is optimized with the Yoast SEO plugin v27.3 - https:\/\/yoast.com\/product\/yoast-seo-wordpress\/ -->\n<title>Hyla Vartalovoide - kosteuttava vartalovoide<\/title>\n<meta name=\"description\" content=\"Hyla Vartalovoide \u2013 kosteuttava vartalovoide aloe veralla, oliivi\u00f6ljyll\u00e4 ja E-vitamiinilla. Sopii koko perheelle, my\u00f6s herk\u00e4lle iholle.\" \/>\n<meta name=\"robots\" content=\"index, follow, max-snippet:-1, max-image-preview:large, max-video-preview:-1\" \/>\n<link rel=\"canonical\" href=\"https:\/\/hylajams.fi\/?product=hyla-vartalovoide\" \/>\n<meta property=\"og:locale\" content=\"fi_FI\" \/>\n<meta property=\"og:type\" content=\"article\" \/>\n<meta property=\"og:title\" content=\"Hyla Vartalovoide - kosteuttava vartalovoide\" \/>\n<meta property=\"og:description\" content=\"Hyla Vartalovoide \u2013 kosteuttava vartalovoide aloe veralla, oliivi\u00f6ljyll\u00e4 ja E-vitamiinilla. Sopii koko perheelle, my\u00f6s herk\u00e4lle iholle.\" \/>\n<meta property=\"og:url\" content=\"https:\/\/hylajams.fi\/?product=hyla-vartalovoide\" \/>\n<meta property=\"og:site_name\" content=\"Hyla Jams Verkkokauppa\" \/>\n<meta property=\"article:modified_time\" content=\"2026-02-27T16:20:01+00:00\" \/>\n<meta property=\"og:image\" content=\"https:\/\/hylajams.fi\/wp-content\/uploads\/2022\/03\/21177-body.jpg\" \/>\n\t<meta property=\"og:image:width\" content=\"945\" \/>\n\t<meta property=\"og:image:height\" content=\"945\" \/>\n\t<meta property=\"og:image:type\" content=\"image\/jpeg\" \/>\n<meta name=\"twitter:card\" content=\"summary_large_image\" \/>\n<meta name=\"twitter:label1\" content=\"Arvioitu lukuaika\" \/>\n\t<meta name=\"twitter:data1\" content=\"2 minuuttia\" \/>\n<script type=\"application\/ld+json\" class=\"yoast-schema-graph\">{\"@context\":\"https:\\\/\\\/schema.org\",\"@graph\":[{\"@type\":\"WebPage\",\"@id\":\"https:\\\/\\\/hylajams.fi\\\/?product=hyla-vartalovoide\",\"url\":\"https:\\\/\\\/hylajams.fi\\\/?product=hyla-vartalovoide\",\"name\":\"Hyla Vartalovoide - kosteuttava vartalovoide\",\"isPartOf\":{\"@id\":\"https:\\\/\\\/hylajams.fi\\\/#website\"},\"primaryImageOfPage\":{\"@id\":\"https:\\\/\\\/hylajams.fi\\\/?product=hyla-vartalovoide#primaryimage\"},\"image\":{\"@id\":\"https:\\\/\\\/hylajams.fi\\\/?product=hyla-vartalovoide#primaryimage\"},\"thumbnailUrl\":\"https:\\\/\\\/hylajams.fi\\\/wp-content\\\/uploads\\\/2022\\\/03\\\/21177-body.jpg\",\"datePublished\":\"2022-03-26T12:00:51+00:00\",\"dateModified\":\"2026-02-27T16:20:01+00:00\",\"description\":\"Hyla Vartalovoide \u2013 kosteuttava vartalovoide aloe veralla, oliivi\u00f6ljyll\u00e4 ja E-vitamiinilla. Sopii koko perheelle, my\u00f6s herk\u00e4lle iholle.\",\"breadcrumb\":{\"@id\":\"https:\\\/\\\/hylajams.fi\\\/?product=hyla-vartalovoide#breadcrumb\"},\"inLanguage\":\"fi\",\"potentialAction\":[{\"@type\":\"ReadAction\",\"target\":[\"https:\\\/\\\/hylajams.fi\\\/?product=hyla-vartalovoide\"]}]},{\"@type\":\"ImageObject\",\"inLanguage\":\"fi\",\"@id\":\"https:\\\/\\\/hylajams.fi\\\/?product=hyla-vartalovoide#primaryimage\",\"url\":\"https:\\\/\\\/hylajams.fi\\\/wp-content\\\/uploads\\\/2022\\\/03\\\/21177-body.jpg\",\"contentUrl\":\"https:\\\/\\\/hylajams.fi\\\/wp-content\\\/uploads\\\/2022\\\/03\\\/21177-body.jpg\",\"width\":945,\"height\":945,\"caption\":\"Hyla Vartalovoide\"},{\"@type\":\"BreadcrumbList\",\"@id\":\"https:\\\/\\\/hylajams.fi\\\/?product=hyla-vartalovoide#breadcrumb\",\"itemListElement\":[{\"@type\":\"ListItem\",\"position\":1,\"name\":\"Etusivu\",\"item\":\"https:\\\/\\\/hylajams.fi\\\/\"},{\"@type\":\"ListItem\",\"position\":2,\"name\":\"VERKKOKAUPPA\",\"item\":\"https:\\\/\\\/hylajams.fi\\\/?page_id=9\"},{\"@type\":\"ListItem\",\"position\":3,\"name\":\"21177 Hyla Vartalovoide, 200 ml\"}]},{\"@type\":\"WebSite\",\"@id\":\"https:\\\/\\\/hylajams.fi\\\/#website\",\"url\":\"https:\\\/\\\/hylajams.fi\\\/\",\"name\":\"Hyla Jams Verkkokauppa\",\"description\":\"Hyla ilman- ja huoneen puhdistusj\u00e4rjestelm\u00e4 Suomessa\",\"publisher\":{\"@id\":\"https:\\\/\\\/hylajams.fi\\\/#organization\"},\"potentialAction\":[{\"@type\":\"SearchAction\",\"target\":{\"@type\":\"EntryPoint\",\"urlTemplate\":\"https:\\\/\\\/hylajams.fi\\\/?s={search_term_string}\"},\"query-input\":{\"@type\":\"PropertyValueSpecification\",\"valueRequired\":true,\"valueName\":\"search_term_string\"}}],\"inLanguage\":\"fi\"},{\"@type\":\"Organization\",\"@id\":\"https:\\\/\\\/hylajams.fi\\\/#organization\",\"name\":\"Hyla Jams Verkkokauppa\",\"url\":\"https:\\\/\\\/hylajams.fi\\\/\",\"logo\":{\"@type\":\"ImageObject\",\"inLanguage\":\"fi\",\"@id\":\"https:\\\/\\\/hylajams.fi\\\/#\\\/schema\\\/logo\\\/image\\\/\",\"url\":\"https:\\\/\\\/hylajams.fi\\\/wp-content\\\/uploads\\\/2025\\\/02\\\/Logo-1-2.jpg\",\"contentUrl\":\"https:\\\/\\\/hylajams.fi\\\/wp-content\\\/uploads\\\/2025\\\/02\\\/Logo-1-2.jpg\",\"width\":500,\"height\":500,\"caption\":\"Hyla Jams Verkkokauppa\"},\"image\":{\"@id\":\"https:\\\/\\\/hylajams.fi\\\/#\\\/schema\\\/logo\\\/image\\\/\"},\"sameAs\":[\"https:\\\/\\\/www.instagram.com\\\/hylasiivous\\\/\"]}]}<\/script>\n<!-- \/ Yoast SEO plugin. -->","yoast_head_json":{"title":"Hyla Vartalovoide - kosteuttava vartalovoide","description":"Hyla Vartalovoide \u2013 kosteuttava vartalovoide aloe veralla, oliivi\u00f6ljyll\u00e4 ja E-vitamiinilla. Sopii koko perheelle, my\u00f6s herk\u00e4lle iholle.","robots":{"index":"index","follow":"follow","max-snippet":"max-snippet:-1","max-image-preview":"max-image-preview:large","max-video-preview":"max-video-preview:-1"},"canonical":"https:\/\/hylajams.fi\/?product=hyla-vartalovoide","og_locale":"fi_FI","og_type":"article","og_title":"Hyla Vartalovoide - kosteuttava vartalovoide","og_description":"Hyla Vartalovoide \u2013 kosteuttava vartalovoide aloe veralla, oliivi\u00f6ljyll\u00e4 ja E-vitamiinilla. Sopii koko perheelle, my\u00f6s herk\u00e4lle iholle.","og_url":"https:\/\/hylajams.fi\/?product=hyla-vartalovoide","og_site_name":"Hyla Jams Verkkokauppa","article_modified_time":"2026-02-27T16:20:01+00:00","og_image":[{"width":945,"height":945,"url":"https:\/\/hylajams.fi\/wp-content\/uploads\/2022\/03\/21177-body.jpg","type":"image\/jpeg"}],"twitter_card":"summary_large_image","twitter_misc":{"Arvioitu lukuaika":"2 minuuttia"},"schema":{"@context":"https:\/\/schema.org","@graph":[{"@type":"WebPage","@id":"https:\/\/hylajams.fi\/?product=hyla-vartalovoide","url":"https:\/\/hylajams.fi\/?product=hyla-vartalovoide","name":"Hyla Vartalovoide - kosteuttava vartalovoide","isPartOf":{"@id":"https:\/\/hylajams.fi\/#website"},"primaryImageOfPage":{"@id":"https:\/\/hylajams.fi\/?product=hyla-vartalovoide#primaryimage"},"image":{"@id":"https:\/\/hylajams.fi\/?product=hyla-vartalovoide#primaryimage"},"thumbnailUrl":"https:\/\/hylajams.fi\/wp-content\/uploads\/2022\/03\/21177-body.jpg","datePublished":"2022-03-26T12:00:51+00:00","dateModified":"2026-02-27T16:20:01+00:00","description":"Hyla Vartalovoide \u2013 kosteuttava vartalovoide aloe veralla, oliivi\u00f6ljyll\u00e4 ja E-vitamiinilla. Sopii koko perheelle, my\u00f6s herk\u00e4lle iholle.","breadcrumb":{"@id":"https:\/\/hylajams.fi\/?product=hyla-vartalovoide#breadcrumb"},"inLanguage":"fi","potentialAction":[{"@type":"ReadAction","target":["https:\/\/hylajams.fi\/?product=hyla-vartalovoide"]}]},{"@type":"ImageObject","inLanguage":"fi","@id":"https:\/\/hylajams.fi\/?product=hyla-vartalovoide#primaryimage","url":"https:\/\/hylajams.fi\/wp-content\/uploads\/2022\/03\/21177-body.jpg","contentUrl":"https:\/\/hylajams.fi\/wp-content\/uploads\/2022\/03\/21177-body.jpg","width":945,"height":945,"caption":"Hyla Vartalovoide"},{"@type":"BreadcrumbList","@id":"https:\/\/hylajams.fi\/?product=hyla-vartalovoide#breadcrumb","itemListElement":[{"@type":"ListItem","position":1,"name":"Etusivu","item":"https:\/\/hylajams.fi\/"},{"@type":"ListItem","position":2,"name":"VERKKOKAUPPA","item":"https:\/\/hylajams.fi\/?page_id=9"},{"@type":"ListItem","position":3,"name":"21177 Hyla Vartalovoide, 200 ml"}]},{"@type":"WebSite","@id":"https:\/\/hylajams.fi\/#website","url":"https:\/\/hylajams.fi\/","name":"Hyla Jams Verkkokauppa","description":"Hyla ilman- ja huoneen puhdistusj\u00e4rjestelm\u00e4 Suomessa","publisher":{"@id":"https:\/\/hylajams.fi\/#organization"},"potentialAction":[{"@type":"SearchAction","target":{"@type":"EntryPoint","urlTemplate":"https:\/\/hylajams.fi\/?s={search_term_string}"},"query-input":{"@type":"PropertyValueSpecification","valueRequired":true,"valueName":"search_term_string"}}],"inLanguage":"fi"},{"@type":"Organization","@id":"https:\/\/hylajams.fi\/#organization","name":"Hyla Jams Verkkokauppa","url":"https:\/\/hylajams.fi\/","logo":{"@type":"ImageObject","inLanguage":"fi","@id":"https:\/\/hylajams.fi\/#\/schema\/logo\/image\/","url":"https:\/\/hylajams.fi\/wp-content\/uploads\/2025\/02\/Logo-1-2.jpg","contentUrl":"https:\/\/hylajams.fi\/wp-content\/uploads\/2025\/02\/Logo-1-2.jpg","width":500,"height":500,"caption":"Hyla Jams Verkkokauppa"},"image":{"@id":"https:\/\/hylajams.fi\/#\/schema\/logo\/image\/"},"sameAs":["https:\/\/www.instagram.com\/hylasiivous\/"]}]}},"_links":{"self":[{"href":"https:\/\/hylajams.fi\/index.php?rest_route=\/wp\/v2\/product\/3719","targetHints":{"allow":["GET"]}}],"collection":[{"href":"https:\/\/hylajams.fi\/index.php?rest_route=\/wp\/v2\/product"}],"about":[{"href":"https:\/\/hylajams.fi\/index.php?rest_route=\/wp\/v2\/types\/product"}],"version-history":[{"count":7,"href":"https:\/\/hylajams.fi\/index.php?rest_route=\/wp\/v2\/product\/3719\/revisions"}],"predecessor-version":[{"id":11458,"href":"https:\/\/hylajams.fi\/index.php?rest_route=\/wp\/v2\/product\/3719\/revisions\/11458"}],"wp:featuredmedia":[{"embeddable":true,"href":"https:\/\/hylajams.fi\/index.php?rest_route=\/wp\/v2\/media\/8618"}],"wp:attachment":[{"href":"https:\/\/hylajams.fi\/index.php?rest_route=%2Fwp%2Fv2%2Fmedia&parent=3719"}],"wp:term":[{"taxonomy":"product_brand","embeddable":true,"href":"https:\/\/hylajams.fi\/index.php?rest_route=%2Fwp%2Fv2%2Fproduct_brand&post=3719"},{"taxonomy":"product_cat","embeddable":true,"href":"https:\/\/hylajams.fi\/index.php?rest_route=%2Fwp%2Fv2%2Fproduct_cat&post=3719"},{"taxonomy":"product_tag","embeddable":true,"href":"https:\/\/hylajams.fi\/index.php?rest_route=%2Fwp%2Fv2%2Fproduct_tag&post=3719"}],"curies":[{"name":"wp","href":"https:\/\/api.w.org\/{rel}","templated":true}]}}