{"id":3709,"date":"2022-03-26T13:03:59","date_gmt":"2022-03-26T11:03:59","guid":{"rendered":"https:\/\/hylajams.fi\/?post_type=product&#038;p=3709"},"modified":"2026-02-27T18:01:13","modified_gmt":"2026-02-27T16:01:13","slug":"hyla-deodorantti","status":"publish","type":"product","link":"https:\/\/hylajams.fi\/?product=hyla-deodorantti","title":{"rendered":"21171 Hyla deodorantti 50 ml \u2013 luonnollinen ja hell\u00e4varainen"},"content":{"rendered":"<p data-start=\"427\" data-end=\"770\"><strong>Hyla deodorantti<\/strong> on kehitetty hell\u00e4varaiseen ihonhoitoon, suojaten ja hoitaen ihoa samalla tehokkaasti. Tuotteessa yhdistyv\u00e4t luonnolliset ja bio-orgaaniset ainesosat: aloe vera -uute, oliivi\u00f6ljy, karitevoi sek\u00e4 moringa-, laventeli- ja rosmariiniuute. Ne kosteuttavat, ravitsevat ja tekev\u00e4t ihosta pehme\u00e4n ja hyvinvoivan.<\/p>\n<p data-start=\"772\" data-end=\"976\">Koostumus on t\u00e4ysin luonnollinen ja vapaa alumiinisuoloista, alkoholista, parabeeneista ja silikoneista, joten deodorantti ei h\u00e4iritse ihon luontaista tasapainoa. Sopii my\u00f6s herkk\u00e4ihoisille ja lapsille.<\/p>\n<p data-start=\"978\" data-end=\"1231\">Tuotteen antibakteeriset ominaisuudet auttavat hallitsemaan hikoilua luonnollisesti, ja se j\u00e4tt\u00e4\u00e4 iholle miellytt\u00e4v\u00e4n raikkauden tunteen koko p\u00e4iv\u00e4ksi. HYLA deodorantti tarjoaa turvallista ja tehokasta suojaa sek\u00e4 hoivaa iholle p\u00e4ivitt\u00e4iseen k\u00e4ytt\u00f6\u00f6n.<\/p>\n<p data-start=\"1233\" data-end=\"1257\"><strong data-start=\"1233\" data-end=\"1249\">Pakkauskoko:<\/strong> 50 ml<\/p>\n<p><a href=\"https:\/\/hylajams.fi\/?product_cat=natural-care-tuoksut\"><strong>Natural Care tuotteet verkkokaupassa<\/strong><\/a><\/p>\n<p><a href=\"https:\/\/www.hyla-naturalcare.com\/en\/\"><strong><span dir=\"auto\"><span dir=\"auto\" style=\"vertical-align: inherit;\"><span dir=\"auto\" style=\"vertical-align: inherit;\">Hyla Natural Care<\/span><\/span><\/span><\/strong><\/a><\/p>\n<p>&nbsp;<\/p>\n","protected":false},"excerpt":{"rendered":"<p><strong>Hyla deodorantti \u2013 luonnollista ja hell\u00e4varaista hoitoa ihollesi.<\/strong><\/p>\n<p>Deodorantti tarjoaa luonnollista ja hell\u00e4varaista suojaa iholle. Aloe vera, oliivi\u00f6ljy ja moringa hoitavat ja kosteuttavat ihoa tehokkaasti.<\/p>\n","protected":false},"featured_media":11459,"template":"","meta":[],"product_brand":[],"product_cat":[1038,991,1039],"product_tag":[347,1579,1348,1577,1578],"class_list":{"0":"post-3709","1":"product","2":"type-product","3":"status-publish","4":"has-post-thumbnail","6":"product_cat-henkilokohtainen-hygienia","7":"product_cat-natural-care-luonnonkosmetiikkaa-koko-perheelle","8":"product_cat-natural-care-tuotteet","9":"product_tag-deodorantti","10":"product_tag-hellavarainen-deodorantti","11":"product_tag-hyla-deodorantti-50-ml","12":"product_tag-luonnollinen-deodorantti","13":"product_tag-natural-care-deodorantti","14":"product_shipping_class-posti-s-paketti-11x32x3-cm-35-kg","15":"_wholesalex wsx-wholesalex-product","17":"first","18":"instock","19":"featured","20":"shipping-taxable","21":"purchasable","22":"product-type-simple"},"yoast_head":"<!-- This site is optimized with the Yoast SEO plugin v27.3 - https:\/\/yoast.com\/product\/yoast-seo-wordpress\/ -->\n<title>Hyla deodorantti - hell\u00e4varainen deodorantti<\/title>\n<meta name=\"description\" content=\"Hyla deodorantti \u2013 luonnollinen, bio-orgaaninen ja hell\u00e4varainen deodorantti aloe veralla ja moringalla. Sopii herk\u00e4lle iholle ja lapsille.\" \/>\n<meta name=\"robots\" content=\"index, follow, max-snippet:-1, max-image-preview:large, max-video-preview:-1\" \/>\n<link rel=\"canonical\" href=\"https:\/\/hylajams.fi\/?product=hyla-deodorantti\" \/>\n<meta property=\"og:locale\" content=\"fi_FI\" \/>\n<meta property=\"og:type\" content=\"article\" \/>\n<meta property=\"og:title\" content=\"Hyla deodorantti - hell\u00e4varainen deodorantti\" \/>\n<meta property=\"og:description\" content=\"Hyla deodorantti \u2013 luonnollinen, bio-orgaaninen ja hell\u00e4varainen deodorantti aloe veralla ja moringalla. Sopii herk\u00e4lle iholle ja lapsille.\" \/>\n<meta property=\"og:url\" content=\"https:\/\/hylajams.fi\/?product=hyla-deodorantti\" \/>\n<meta property=\"og:site_name\" content=\"Hyla Jams Verkkokauppa\" \/>\n<meta property=\"article:modified_time\" content=\"2026-02-27T16:01:13+00:00\" \/>\n<meta property=\"og:image\" content=\"https:\/\/hylajams.fi\/wp-content\/uploads\/2022\/03\/21171-deodorantti.jpg\" \/>\n\t<meta property=\"og:image:width\" content=\"456\" \/>\n\t<meta property=\"og:image:height\" content=\"531\" \/>\n\t<meta property=\"og:image:type\" content=\"image\/jpeg\" \/>\n<meta name=\"twitter:card\" content=\"summary_large_image\" \/>\n<meta name=\"twitter:label1\" content=\"Arvioitu lukuaika\" \/>\n\t<meta name=\"twitter:data1\" content=\"1 minuutti\" \/>\n<script type=\"application\/ld+json\" class=\"yoast-schema-graph\">{\"@context\":\"https:\\\/\\\/schema.org\",\"@graph\":[{\"@type\":\"WebPage\",\"@id\":\"https:\\\/\\\/hylajams.fi\\\/?product=hyla-deodorantti\",\"url\":\"https:\\\/\\\/hylajams.fi\\\/?product=hyla-deodorantti\",\"name\":\"Hyla deodorantti - hell\u00e4varainen deodorantti\",\"isPartOf\":{\"@id\":\"https:\\\/\\\/hylajams.fi\\\/#website\"},\"primaryImageOfPage\":{\"@id\":\"https:\\\/\\\/hylajams.fi\\\/?product=hyla-deodorantti#primaryimage\"},\"image\":{\"@id\":\"https:\\\/\\\/hylajams.fi\\\/?product=hyla-deodorantti#primaryimage\"},\"thumbnailUrl\":\"https:\\\/\\\/hylajams.fi\\\/wp-content\\\/uploads\\\/2022\\\/03\\\/21171-deodorantti.jpg\",\"datePublished\":\"2022-03-26T11:03:59+00:00\",\"dateModified\":\"2026-02-27T16:01:13+00:00\",\"description\":\"Hyla deodorantti \u2013 luonnollinen, bio-orgaaninen ja hell\u00e4varainen deodorantti aloe veralla ja moringalla. Sopii herk\u00e4lle iholle ja lapsille.\",\"breadcrumb\":{\"@id\":\"https:\\\/\\\/hylajams.fi\\\/?product=hyla-deodorantti#breadcrumb\"},\"inLanguage\":\"fi\",\"potentialAction\":[{\"@type\":\"ReadAction\",\"target\":[\"https:\\\/\\\/hylajams.fi\\\/?product=hyla-deodorantti\"]}]},{\"@type\":\"ImageObject\",\"inLanguage\":\"fi\",\"@id\":\"https:\\\/\\\/hylajams.fi\\\/?product=hyla-deodorantti#primaryimage\",\"url\":\"https:\\\/\\\/hylajams.fi\\\/wp-content\\\/uploads\\\/2022\\\/03\\\/21171-deodorantti.jpg\",\"contentUrl\":\"https:\\\/\\\/hylajams.fi\\\/wp-content\\\/uploads\\\/2022\\\/03\\\/21171-deodorantti.jpg\",\"width\":456,\"height\":531,\"caption\":\"Natural Care deodorantti\"},{\"@type\":\"BreadcrumbList\",\"@id\":\"https:\\\/\\\/hylajams.fi\\\/?product=hyla-deodorantti#breadcrumb\",\"itemListElement\":[{\"@type\":\"ListItem\",\"position\":1,\"name\":\"Etusivu\",\"item\":\"https:\\\/\\\/hylajams.fi\\\/\"},{\"@type\":\"ListItem\",\"position\":2,\"name\":\"VERKKOKAUPPA\",\"item\":\"https:\\\/\\\/hylajams.fi\\\/?page_id=9\"},{\"@type\":\"ListItem\",\"position\":3,\"name\":\"21171 Hyla deodorantti 50 ml \u2013 luonnollinen ja hell\u00e4varainen\"}]},{\"@type\":\"WebSite\",\"@id\":\"https:\\\/\\\/hylajams.fi\\\/#website\",\"url\":\"https:\\\/\\\/hylajams.fi\\\/\",\"name\":\"Hyla Jams Verkkokauppa\",\"description\":\"Hyla ilman- ja huoneen puhdistusj\u00e4rjestelm\u00e4 Suomessa\",\"publisher\":{\"@id\":\"https:\\\/\\\/hylajams.fi\\\/#organization\"},\"potentialAction\":[{\"@type\":\"SearchAction\",\"target\":{\"@type\":\"EntryPoint\",\"urlTemplate\":\"https:\\\/\\\/hylajams.fi\\\/?s={search_term_string}\"},\"query-input\":{\"@type\":\"PropertyValueSpecification\",\"valueRequired\":true,\"valueName\":\"search_term_string\"}}],\"inLanguage\":\"fi\"},{\"@type\":\"Organization\",\"@id\":\"https:\\\/\\\/hylajams.fi\\\/#organization\",\"name\":\"Hyla Jams Verkkokauppa\",\"url\":\"https:\\\/\\\/hylajams.fi\\\/\",\"logo\":{\"@type\":\"ImageObject\",\"inLanguage\":\"fi\",\"@id\":\"https:\\\/\\\/hylajams.fi\\\/#\\\/schema\\\/logo\\\/image\\\/\",\"url\":\"https:\\\/\\\/hylajams.fi\\\/wp-content\\\/uploads\\\/2025\\\/02\\\/Logo-1-2.jpg\",\"contentUrl\":\"https:\\\/\\\/hylajams.fi\\\/wp-content\\\/uploads\\\/2025\\\/02\\\/Logo-1-2.jpg\",\"width\":500,\"height\":500,\"caption\":\"Hyla Jams Verkkokauppa\"},\"image\":{\"@id\":\"https:\\\/\\\/hylajams.fi\\\/#\\\/schema\\\/logo\\\/image\\\/\"},\"sameAs\":[\"https:\\\/\\\/www.instagram.com\\\/hylasiivous\\\/\"]}]}<\/script>\n<!-- \/ Yoast SEO plugin. -->","yoast_head_json":{"title":"Hyla deodorantti - hell\u00e4varainen deodorantti","description":"Hyla deodorantti \u2013 luonnollinen, bio-orgaaninen ja hell\u00e4varainen deodorantti aloe veralla ja moringalla. Sopii herk\u00e4lle iholle ja lapsille.","robots":{"index":"index","follow":"follow","max-snippet":"max-snippet:-1","max-image-preview":"max-image-preview:large","max-video-preview":"max-video-preview:-1"},"canonical":"https:\/\/hylajams.fi\/?product=hyla-deodorantti","og_locale":"fi_FI","og_type":"article","og_title":"Hyla deodorantti - hell\u00e4varainen deodorantti","og_description":"Hyla deodorantti \u2013 luonnollinen, bio-orgaaninen ja hell\u00e4varainen deodorantti aloe veralla ja moringalla. Sopii herk\u00e4lle iholle ja lapsille.","og_url":"https:\/\/hylajams.fi\/?product=hyla-deodorantti","og_site_name":"Hyla Jams Verkkokauppa","article_modified_time":"2026-02-27T16:01:13+00:00","og_image":[{"width":456,"height":531,"url":"https:\/\/hylajams.fi\/wp-content\/uploads\/2022\/03\/21171-deodorantti.jpg","type":"image\/jpeg"}],"twitter_card":"summary_large_image","twitter_misc":{"Arvioitu lukuaika":"1 minuutti"},"schema":{"@context":"https:\/\/schema.org","@graph":[{"@type":"WebPage","@id":"https:\/\/hylajams.fi\/?product=hyla-deodorantti","url":"https:\/\/hylajams.fi\/?product=hyla-deodorantti","name":"Hyla deodorantti - hell\u00e4varainen deodorantti","isPartOf":{"@id":"https:\/\/hylajams.fi\/#website"},"primaryImageOfPage":{"@id":"https:\/\/hylajams.fi\/?product=hyla-deodorantti#primaryimage"},"image":{"@id":"https:\/\/hylajams.fi\/?product=hyla-deodorantti#primaryimage"},"thumbnailUrl":"https:\/\/hylajams.fi\/wp-content\/uploads\/2022\/03\/21171-deodorantti.jpg","datePublished":"2022-03-26T11:03:59+00:00","dateModified":"2026-02-27T16:01:13+00:00","description":"Hyla deodorantti \u2013 luonnollinen, bio-orgaaninen ja hell\u00e4varainen deodorantti aloe veralla ja moringalla. Sopii herk\u00e4lle iholle ja lapsille.","breadcrumb":{"@id":"https:\/\/hylajams.fi\/?product=hyla-deodorantti#breadcrumb"},"inLanguage":"fi","potentialAction":[{"@type":"ReadAction","target":["https:\/\/hylajams.fi\/?product=hyla-deodorantti"]}]},{"@type":"ImageObject","inLanguage":"fi","@id":"https:\/\/hylajams.fi\/?product=hyla-deodorantti#primaryimage","url":"https:\/\/hylajams.fi\/wp-content\/uploads\/2022\/03\/21171-deodorantti.jpg","contentUrl":"https:\/\/hylajams.fi\/wp-content\/uploads\/2022\/03\/21171-deodorantti.jpg","width":456,"height":531,"caption":"Natural Care deodorantti"},{"@type":"BreadcrumbList","@id":"https:\/\/hylajams.fi\/?product=hyla-deodorantti#breadcrumb","itemListElement":[{"@type":"ListItem","position":1,"name":"Etusivu","item":"https:\/\/hylajams.fi\/"},{"@type":"ListItem","position":2,"name":"VERKKOKAUPPA","item":"https:\/\/hylajams.fi\/?page_id=9"},{"@type":"ListItem","position":3,"name":"21171 Hyla deodorantti 50 ml \u2013 luonnollinen ja hell\u00e4varainen"}]},{"@type":"WebSite","@id":"https:\/\/hylajams.fi\/#website","url":"https:\/\/hylajams.fi\/","name":"Hyla Jams Verkkokauppa","description":"Hyla ilman- ja huoneen puhdistusj\u00e4rjestelm\u00e4 Suomessa","publisher":{"@id":"https:\/\/hylajams.fi\/#organization"},"potentialAction":[{"@type":"SearchAction","target":{"@type":"EntryPoint","urlTemplate":"https:\/\/hylajams.fi\/?s={search_term_string}"},"query-input":{"@type":"PropertyValueSpecification","valueRequired":true,"valueName":"search_term_string"}}],"inLanguage":"fi"},{"@type":"Organization","@id":"https:\/\/hylajams.fi\/#organization","name":"Hyla Jams Verkkokauppa","url":"https:\/\/hylajams.fi\/","logo":{"@type":"ImageObject","inLanguage":"fi","@id":"https:\/\/hylajams.fi\/#\/schema\/logo\/image\/","url":"https:\/\/hylajams.fi\/wp-content\/uploads\/2025\/02\/Logo-1-2.jpg","contentUrl":"https:\/\/hylajams.fi\/wp-content\/uploads\/2025\/02\/Logo-1-2.jpg","width":500,"height":500,"caption":"Hyla Jams Verkkokauppa"},"image":{"@id":"https:\/\/hylajams.fi\/#\/schema\/logo\/image\/"},"sameAs":["https:\/\/www.instagram.com\/hylasiivous\/"]}]}},"_links":{"self":[{"href":"https:\/\/hylajams.fi\/index.php?rest_route=\/wp\/v2\/product\/3709","targetHints":{"allow":["GET"]}}],"collection":[{"href":"https:\/\/hylajams.fi\/index.php?rest_route=\/wp\/v2\/product"}],"about":[{"href":"https:\/\/hylajams.fi\/index.php?rest_route=\/wp\/v2\/types\/product"}],"version-history":[{"count":7,"href":"https:\/\/hylajams.fi\/index.php?rest_route=\/wp\/v2\/product\/3709\/revisions"}],"predecessor-version":[{"id":11463,"href":"https:\/\/hylajams.fi\/index.php?rest_route=\/wp\/v2\/product\/3709\/revisions\/11463"}],"wp:featuredmedia":[{"embeddable":true,"href":"https:\/\/hylajams.fi\/index.php?rest_route=\/wp\/v2\/media\/11459"}],"wp:attachment":[{"href":"https:\/\/hylajams.fi\/index.php?rest_route=%2Fwp%2Fv2%2Fmedia&parent=3709"}],"wp:term":[{"taxonomy":"product_brand","embeddable":true,"href":"https:\/\/hylajams.fi\/index.php?rest_route=%2Fwp%2Fv2%2Fproduct_brand&post=3709"},{"taxonomy":"product_cat","embeddable":true,"href":"https:\/\/hylajams.fi\/index.php?rest_route=%2Fwp%2Fv2%2Fproduct_cat&post=3709"},{"taxonomy":"product_tag","embeddable":true,"href":"https:\/\/hylajams.fi\/index.php?rest_route=%2Fwp%2Fv2%2Fproduct_tag&post=3709"}],"curies":[{"name":"wp","href":"https:\/\/api.w.org\/{rel}","templated":true}]}}