{"id":3447,"date":"2022-01-15T21:23:45","date_gmt":"2022-01-15T19:23:45","guid":{"rendered":"https:\/\/hylajams.fi\/?post_type=product&#038;p=3447"},"modified":"2026-02-27T15:09:45","modified_gmt":"2026-02-27T13:09:45","slug":"hyla-skin-booster-kasvovoide","status":"publish","type":"product","link":"https:\/\/hylajams.fi\/?product=hyla-skin-booster-kasvovoide","title":{"rendered":"21185 Hyla Skin Booster kasvovoide &#8211; luonnollinen kasvovoide"},"content":{"rendered":"<p><strong>Hyla Skin Booster kasvovoide<\/strong>, luonnollinen kasvojen ja ihon hoitovoide<\/p>\n<p data-start=\"466\" data-end=\"734\"><strong>Hyla Skin Booster <\/strong>kasvovoide on luonnollinen ja tehokas hoitovoide, joka raikastaa, kosteuttaa ja\u00a0antaa iholle nopeasti raikkaan ja elinvoimaisen ilmeen. Voide j\u00e4tt\u00e4\u00e4 ihon silkkisen pehme\u00e4ksi, joustavaksi ja hyvin kosteutetuksi, auttaen palauttamaan ihon raikkauden ja elinvoimaisuuden.<\/p>\n<p data-start=\"736\" data-end=\"1021\">Kasvovoide sis\u00e4lt\u00e4\u00e4 luonnollisia ainesosia, kuten aloe veraa, oliivi\u00f6ljy\u00e4, granaattiomenauutetta ja muita kasviuutteita, jotka yhdess\u00e4 v\u00e4hent\u00e4v\u00e4t v\u00e4symyksen merkkej\u00e4 ja tukevat ihon elastisuutta. Se sopii niin naisille kuin miehille ja on hell\u00e4varainen my\u00f6s herk\u00e4lle aikuisen iholle.<\/p>\n<p data-start=\"1023\" data-end=\"1290\">Hyla Skin Booster on osa <strong data-start=\"1048\" data-end=\"1069\">HYLA Natural Care<\/strong> -sarjaa, joka tunnetaan bio-orgaanisista, luonnollisista tuotteistaan, jotka tukevat ihon hyvinvointia ja terveytt\u00e4. T\u00e4ydellinen valinta p\u00e4ivitt\u00e4iseen ihonhoitoon, joka yhdist\u00e4\u00e4 luonnonvoiman ja tehokkaan kosteutuksen.<\/p>\n<p data-start=\"1292\" data-end=\"1317\"><strong data-start=\"1292\" data-end=\"1308\">Pakkauskoko:<\/strong> 100 ml<\/p>\n<p><a href=\"https:\/\/hylajams.fi\/?product_cat=natural-care-tuoksut\"><strong>Natural Care tuotteet verkkokaupassa<\/strong><\/a><\/p>\n<p><a href=\"https:\/\/www.hyla-naturalcare.com\/en\/\"><strong><span dir=\"auto\">Hyla Natural Care<\/span><\/strong><\/a><\/p>\n","protected":false},"excerpt":{"rendered":"<p><strong>Hyla Skin BOOSTER kasvovoide<\/strong> (UUSI) 100 ml, kosteuttaa ja raikastaa ihoa luonnollisesti. Aloe vera, oliivi\u00f6ljy ja granaattiomena tukevat ihon hyvinvointia.<\/p>\n<p>&nbsp;<\/p>\n","protected":false},"featured_media":8477,"template":"","meta":[],"product_brand":[],"product_cat":[1038,991,1039],"product_tag":[1573,1349,336,1574,570,359,327,568],"class_list":{"0":"post-3447","1":"product","2":"type-product","3":"status-publish","4":"has-post-thumbnail","6":"product_cat-henkilokohtainen-hygienia","7":"product_cat-natural-care-luonnonkosmetiikkaa-koko-perheelle","8":"product_cat-natural-care-tuotteet","9":"product_tag-hyla-skin-booster","10":"product_tag-hyla-skin-booster-kasvovoide","11":"product_tag-iho","12":"product_tag-ihon-hoitoaine","13":"product_tag-kasvot","14":"product_tag-luonnollinen","15":"product_tag-natural-care","16":"product_tag-raikastaa","17":"product_shipping_class-matkahuolto-s-10-x-40-x-55-cm","18":"_wholesalex wsx-wholesalex-product","20":"first","21":"instock","22":"featured","23":"shipping-taxable","24":"purchasable","25":"product-type-simple"},"yoast_head":"<!-- This site is optimized with the Yoast SEO plugin v27.3 - https:\/\/yoast.com\/product\/yoast-seo-wordpress\/ -->\n<title>Hyla Skin Booster kasvovoide - herkk\u00e4ihoisten kasvovoide<\/title>\n<meta name=\"description\" content=\"Hyla Skin Booster kasvovoide \u2013 luonnollinen Hyla Natural Care -sarjaa. Kosteuttaa, raikastaa ja palauttaa ihon elastisuuden p\u00e4ivitt\u00e4iseen k\u00e4ytt\u00f6\u00f6n.\" \/>\n<meta name=\"robots\" content=\"index, follow, max-snippet:-1, max-image-preview:large, max-video-preview:-1\" \/>\n<link rel=\"canonical\" href=\"https:\/\/hylajams.fi\/?product=hyla-skin-booster-kasvovoide\" \/>\n<meta property=\"og:locale\" content=\"fi_FI\" \/>\n<meta property=\"og:type\" content=\"article\" \/>\n<meta property=\"og:title\" content=\"Hyla Skin Booster kasvovoide - herkk\u00e4ihoisten kasvovoide\" \/>\n<meta property=\"og:description\" content=\"Hyla Skin Booster kasvovoide \u2013 luonnollinen Hyla Natural Care -sarjaa. Kosteuttaa, raikastaa ja palauttaa ihon elastisuuden p\u00e4ivitt\u00e4iseen k\u00e4ytt\u00f6\u00f6n.\" \/>\n<meta property=\"og:url\" content=\"https:\/\/hylajams.fi\/?product=hyla-skin-booster-kasvovoide\" \/>\n<meta property=\"og:site_name\" content=\"Hyla Jams Verkkokauppa\" \/>\n<meta property=\"article:modified_time\" content=\"2026-02-27T13:09:45+00:00\" \/>\n<meta property=\"og:image\" content=\"https:\/\/hylajams.fi\/wp-content\/uploads\/2022\/01\/21185-Skin-BOOSTER-kasvovoide.jpg\" \/>\n\t<meta property=\"og:image:width\" content=\"1200\" \/>\n\t<meta property=\"og:image:height\" content=\"675\" \/>\n\t<meta property=\"og:image:type\" content=\"image\/jpeg\" \/>\n<meta name=\"twitter:card\" content=\"summary_large_image\" \/>\n<meta name=\"twitter:label1\" content=\"Arvioitu lukuaika\" \/>\n\t<meta name=\"twitter:data1\" content=\"1 minuutti\" \/>\n<script type=\"application\/ld+json\" class=\"yoast-schema-graph\">{\"@context\":\"https:\\\/\\\/schema.org\",\"@graph\":[{\"@type\":\"WebPage\",\"@id\":\"https:\\\/\\\/hylajams.fi\\\/?product=hyla-skin-booster-kasvovoide\",\"url\":\"https:\\\/\\\/hylajams.fi\\\/?product=hyla-skin-booster-kasvovoide\",\"name\":\"Hyla Skin Booster kasvovoide - herkk\u00e4ihoisten kasvovoide\",\"isPartOf\":{\"@id\":\"https:\\\/\\\/hylajams.fi\\\/#website\"},\"primaryImageOfPage\":{\"@id\":\"https:\\\/\\\/hylajams.fi\\\/?product=hyla-skin-booster-kasvovoide#primaryimage\"},\"image\":{\"@id\":\"https:\\\/\\\/hylajams.fi\\\/?product=hyla-skin-booster-kasvovoide#primaryimage\"},\"thumbnailUrl\":\"https:\\\/\\\/hylajams.fi\\\/wp-content\\\/uploads\\\/2022\\\/01\\\/21185-Skin-BOOSTER-kasvovoide.jpg\",\"datePublished\":\"2022-01-15T19:23:45+00:00\",\"dateModified\":\"2026-02-27T13:09:45+00:00\",\"description\":\"Hyla Skin Booster kasvovoide \u2013 luonnollinen Hyla Natural Care -sarjaa. Kosteuttaa, raikastaa ja palauttaa ihon elastisuuden p\u00e4ivitt\u00e4iseen k\u00e4ytt\u00f6\u00f6n.\",\"breadcrumb\":{\"@id\":\"https:\\\/\\\/hylajams.fi\\\/?product=hyla-skin-booster-kasvovoide#breadcrumb\"},\"inLanguage\":\"fi\",\"potentialAction\":[{\"@type\":\"ReadAction\",\"target\":[\"https:\\\/\\\/hylajams.fi\\\/?product=hyla-skin-booster-kasvovoide\"]}]},{\"@type\":\"ImageObject\",\"inLanguage\":\"fi\",\"@id\":\"https:\\\/\\\/hylajams.fi\\\/?product=hyla-skin-booster-kasvovoide#primaryimage\",\"url\":\"https:\\\/\\\/hylajams.fi\\\/wp-content\\\/uploads\\\/2022\\\/01\\\/21185-Skin-BOOSTER-kasvovoide.jpg\",\"contentUrl\":\"https:\\\/\\\/hylajams.fi\\\/wp-content\\\/uploads\\\/2022\\\/01\\\/21185-Skin-BOOSTER-kasvovoide.jpg\",\"width\":1200,\"height\":675,\"caption\":\"Hyla Skin Booster kasvovoide\"},{\"@type\":\"BreadcrumbList\",\"@id\":\"https:\\\/\\\/hylajams.fi\\\/?product=hyla-skin-booster-kasvovoide#breadcrumb\",\"itemListElement\":[{\"@type\":\"ListItem\",\"position\":1,\"name\":\"Etusivu\",\"item\":\"https:\\\/\\\/hylajams.fi\\\/\"},{\"@type\":\"ListItem\",\"position\":2,\"name\":\"VERKKOKAUPPA\",\"item\":\"https:\\\/\\\/hylajams.fi\\\/?page_id=9\"},{\"@type\":\"ListItem\",\"position\":3,\"name\":\"21185 Hyla Skin Booster kasvovoide &#8211; luonnollinen kasvovoide\"}]},{\"@type\":\"WebSite\",\"@id\":\"https:\\\/\\\/hylajams.fi\\\/#website\",\"url\":\"https:\\\/\\\/hylajams.fi\\\/\",\"name\":\"Hyla Jams Verkkokauppa\",\"description\":\"Hyla ilman- ja huoneen puhdistusj\u00e4rjestelm\u00e4 Suomessa\",\"publisher\":{\"@id\":\"https:\\\/\\\/hylajams.fi\\\/#organization\"},\"potentialAction\":[{\"@type\":\"SearchAction\",\"target\":{\"@type\":\"EntryPoint\",\"urlTemplate\":\"https:\\\/\\\/hylajams.fi\\\/?s={search_term_string}\"},\"query-input\":{\"@type\":\"PropertyValueSpecification\",\"valueRequired\":true,\"valueName\":\"search_term_string\"}}],\"inLanguage\":\"fi\"},{\"@type\":\"Organization\",\"@id\":\"https:\\\/\\\/hylajams.fi\\\/#organization\",\"name\":\"Hyla Jams Verkkokauppa\",\"url\":\"https:\\\/\\\/hylajams.fi\\\/\",\"logo\":{\"@type\":\"ImageObject\",\"inLanguage\":\"fi\",\"@id\":\"https:\\\/\\\/hylajams.fi\\\/#\\\/schema\\\/logo\\\/image\\\/\",\"url\":\"https:\\\/\\\/hylajams.fi\\\/wp-content\\\/uploads\\\/2025\\\/02\\\/Logo-1-2.jpg\",\"contentUrl\":\"https:\\\/\\\/hylajams.fi\\\/wp-content\\\/uploads\\\/2025\\\/02\\\/Logo-1-2.jpg\",\"width\":500,\"height\":500,\"caption\":\"Hyla Jams Verkkokauppa\"},\"image\":{\"@id\":\"https:\\\/\\\/hylajams.fi\\\/#\\\/schema\\\/logo\\\/image\\\/\"},\"sameAs\":[\"https:\\\/\\\/www.instagram.com\\\/hylasiivous\\\/\"]}]}<\/script>\n<!-- \/ Yoast SEO plugin. -->","yoast_head_json":{"title":"Hyla Skin Booster kasvovoide - herkk\u00e4ihoisten kasvovoide","description":"Hyla Skin Booster kasvovoide \u2013 luonnollinen Hyla Natural Care -sarjaa. Kosteuttaa, raikastaa ja palauttaa ihon elastisuuden p\u00e4ivitt\u00e4iseen k\u00e4ytt\u00f6\u00f6n.","robots":{"index":"index","follow":"follow","max-snippet":"max-snippet:-1","max-image-preview":"max-image-preview:large","max-video-preview":"max-video-preview:-1"},"canonical":"https:\/\/hylajams.fi\/?product=hyla-skin-booster-kasvovoide","og_locale":"fi_FI","og_type":"article","og_title":"Hyla Skin Booster kasvovoide - herkk\u00e4ihoisten kasvovoide","og_description":"Hyla Skin Booster kasvovoide \u2013 luonnollinen Hyla Natural Care -sarjaa. Kosteuttaa, raikastaa ja palauttaa ihon elastisuuden p\u00e4ivitt\u00e4iseen k\u00e4ytt\u00f6\u00f6n.","og_url":"https:\/\/hylajams.fi\/?product=hyla-skin-booster-kasvovoide","og_site_name":"Hyla Jams Verkkokauppa","article_modified_time":"2026-02-27T13:09:45+00:00","og_image":[{"width":1200,"height":675,"url":"https:\/\/hylajams.fi\/wp-content\/uploads\/2022\/01\/21185-Skin-BOOSTER-kasvovoide.jpg","type":"image\/jpeg"}],"twitter_card":"summary_large_image","twitter_misc":{"Arvioitu lukuaika":"1 minuutti"},"schema":{"@context":"https:\/\/schema.org","@graph":[{"@type":"WebPage","@id":"https:\/\/hylajams.fi\/?product=hyla-skin-booster-kasvovoide","url":"https:\/\/hylajams.fi\/?product=hyla-skin-booster-kasvovoide","name":"Hyla Skin Booster kasvovoide - herkk\u00e4ihoisten kasvovoide","isPartOf":{"@id":"https:\/\/hylajams.fi\/#website"},"primaryImageOfPage":{"@id":"https:\/\/hylajams.fi\/?product=hyla-skin-booster-kasvovoide#primaryimage"},"image":{"@id":"https:\/\/hylajams.fi\/?product=hyla-skin-booster-kasvovoide#primaryimage"},"thumbnailUrl":"https:\/\/hylajams.fi\/wp-content\/uploads\/2022\/01\/21185-Skin-BOOSTER-kasvovoide.jpg","datePublished":"2022-01-15T19:23:45+00:00","dateModified":"2026-02-27T13:09:45+00:00","description":"Hyla Skin Booster kasvovoide \u2013 luonnollinen Hyla Natural Care -sarjaa. Kosteuttaa, raikastaa ja palauttaa ihon elastisuuden p\u00e4ivitt\u00e4iseen k\u00e4ytt\u00f6\u00f6n.","breadcrumb":{"@id":"https:\/\/hylajams.fi\/?product=hyla-skin-booster-kasvovoide#breadcrumb"},"inLanguage":"fi","potentialAction":[{"@type":"ReadAction","target":["https:\/\/hylajams.fi\/?product=hyla-skin-booster-kasvovoide"]}]},{"@type":"ImageObject","inLanguage":"fi","@id":"https:\/\/hylajams.fi\/?product=hyla-skin-booster-kasvovoide#primaryimage","url":"https:\/\/hylajams.fi\/wp-content\/uploads\/2022\/01\/21185-Skin-BOOSTER-kasvovoide.jpg","contentUrl":"https:\/\/hylajams.fi\/wp-content\/uploads\/2022\/01\/21185-Skin-BOOSTER-kasvovoide.jpg","width":1200,"height":675,"caption":"Hyla Skin Booster kasvovoide"},{"@type":"BreadcrumbList","@id":"https:\/\/hylajams.fi\/?product=hyla-skin-booster-kasvovoide#breadcrumb","itemListElement":[{"@type":"ListItem","position":1,"name":"Etusivu","item":"https:\/\/hylajams.fi\/"},{"@type":"ListItem","position":2,"name":"VERKKOKAUPPA","item":"https:\/\/hylajams.fi\/?page_id=9"},{"@type":"ListItem","position":3,"name":"21185 Hyla Skin Booster kasvovoide &#8211; luonnollinen kasvovoide"}]},{"@type":"WebSite","@id":"https:\/\/hylajams.fi\/#website","url":"https:\/\/hylajams.fi\/","name":"Hyla Jams Verkkokauppa","description":"Hyla ilman- ja huoneen puhdistusj\u00e4rjestelm\u00e4 Suomessa","publisher":{"@id":"https:\/\/hylajams.fi\/#organization"},"potentialAction":[{"@type":"SearchAction","target":{"@type":"EntryPoint","urlTemplate":"https:\/\/hylajams.fi\/?s={search_term_string}"},"query-input":{"@type":"PropertyValueSpecification","valueRequired":true,"valueName":"search_term_string"}}],"inLanguage":"fi"},{"@type":"Organization","@id":"https:\/\/hylajams.fi\/#organization","name":"Hyla Jams Verkkokauppa","url":"https:\/\/hylajams.fi\/","logo":{"@type":"ImageObject","inLanguage":"fi","@id":"https:\/\/hylajams.fi\/#\/schema\/logo\/image\/","url":"https:\/\/hylajams.fi\/wp-content\/uploads\/2025\/02\/Logo-1-2.jpg","contentUrl":"https:\/\/hylajams.fi\/wp-content\/uploads\/2025\/02\/Logo-1-2.jpg","width":500,"height":500,"caption":"Hyla Jams Verkkokauppa"},"image":{"@id":"https:\/\/hylajams.fi\/#\/schema\/logo\/image\/"},"sameAs":["https:\/\/www.instagram.com\/hylasiivous\/"]}]}},"_links":{"self":[{"href":"https:\/\/hylajams.fi\/index.php?rest_route=\/wp\/v2\/product\/3447","targetHints":{"allow":["GET"]}}],"collection":[{"href":"https:\/\/hylajams.fi\/index.php?rest_route=\/wp\/v2\/product"}],"about":[{"href":"https:\/\/hylajams.fi\/index.php?rest_route=\/wp\/v2\/types\/product"}],"version-history":[{"count":6,"href":"https:\/\/hylajams.fi\/index.php?rest_route=\/wp\/v2\/product\/3447\/revisions"}],"predecessor-version":[{"id":11464,"href":"https:\/\/hylajams.fi\/index.php?rest_route=\/wp\/v2\/product\/3447\/revisions\/11464"}],"wp:featuredmedia":[{"embeddable":true,"href":"https:\/\/hylajams.fi\/index.php?rest_route=\/wp\/v2\/media\/8477"}],"wp:attachment":[{"href":"https:\/\/hylajams.fi\/index.php?rest_route=%2Fwp%2Fv2%2Fmedia&parent=3447"}],"wp:term":[{"taxonomy":"product_brand","embeddable":true,"href":"https:\/\/hylajams.fi\/index.php?rest_route=%2Fwp%2Fv2%2Fproduct_brand&post=3447"},{"taxonomy":"product_cat","embeddable":true,"href":"https:\/\/hylajams.fi\/index.php?rest_route=%2Fwp%2Fv2%2Fproduct_cat&post=3447"},{"taxonomy":"product_tag","embeddable":true,"href":"https:\/\/hylajams.fi\/index.php?rest_route=%2Fwp%2Fv2%2Fproduct_tag&post=3447"}],"curies":[{"name":"wp","href":"https:\/\/api.w.org\/{rel}","templated":true}]}}