{"id":3309,"date":"2022-01-01T18:19:04","date_gmt":"2022-01-01T16:19:04","guid":{"rendered":"https:\/\/hylajams.fi\/?post_type=product&#038;p=3309"},"modified":"2026-02-27T18:24:46","modified_gmt":"2026-02-27T16:24:46","slug":"hyla-virkistava-voide-tonic-voide","status":"publish","type":"product","link":"https:\/\/hylajams.fi\/?product=hyla-virkistava-voide-tonic-voide","title":{"rendered":"21163 Hyla Virkist\u00e4v\u00e4 voide (Tonic Gel) 200 ml"},"content":{"rendered":"<p>Hyla Virkist\u00e4v\u00e4 voide \u2013 Tonic voide \u2013 Natural Care, 200 ml<\/p>\n<p data-start=\"440\" data-end=\"708\">Hyla virkist\u00e4v\u00e4 voide &#8211;\u00a0 Tonic Gel &#8211; on luonnollinen, virkist\u00e4\u00e4, tasapainottaa ja hoitaa ihoa, ja joka ravitsee ihoa tehokkaasti ja nopeuttaa haavojen paranemista. Tuote on valmistettu kokonaan <strong data-start=\"605\" data-end=\"621\">aloe verasta<\/strong>, joka on vuosisatojen ajan tunnettu terapeuttisista ja hoitavista ominaisuuksistaan.<\/p>\n<p data-start=\"710\" data-end=\"978\">Aloe vera on luonnollinen \u201dihmekasvi\u201d, jonka sis\u00e4lt\u00e4m\u00e4t bioaktiiviset yhdisteet tukevat ihon hyvinvointia ja kosteustasapainoa. Hyla Tonic Gel soveltuu erinomaisesti p\u00e4ivitt\u00e4iseen ihonhoitoon ja liev\u00e4\u00e4n ihon \u00e4rsytykseen, tarjoten hell\u00e4varaista hoitoa koko perheelle.<\/p>\n<p data-start=\"980\" data-end=\"1168\">Tuote kuuluu <strong data-start=\"993\" data-end=\"1014\">HYLA Natural Care<\/strong> -sarjaan, joka tunnetaan t\u00e4ysin luonnollisista ja bio-orgaanisista tuotteistaan, jotka tukevat ihon hyvinvointia ja HYLA-laitteiden terveysvaikutuksia.<\/p>\n<p data-start=\"1170\" data-end=\"1195\"><strong data-start=\"1170\" data-end=\"1186\">Pakkauskoko:<\/strong> 200 ml<\/p>\n<p><a href=\"https:\/\/hylajams.fi\/?product_cat=natural-care-tuoksut\"><strong>Natural Care tuotteet verkkokaupassa<\/strong><\/a><\/p>\n<p><a href=\"https:\/\/www.hyla-naturalcare.com\/en\/\"><strong><span dir=\"auto\">Hyla Natural Care<\/span><\/strong><\/a><\/p>\n","protected":false},"excerpt":{"rendered":"<p><strong>Hyla Virkist\u00e4v\u00e4 voide \u2013 Tonic voide<\/strong> &#8211; aloe verasta ravitsee ja hoitaa ihoa luonnollisesti, tukien ihon hyvinvointia ja nopeuttaen haavojen paranemista\u00a0ja ravitsee ihoasi.<\/p>\n","protected":false},"featured_media":7246,"template":"","meta":[],"product_brand":[],"product_cat":[1038,991,1039],"product_tag":[1592,327,539],"class_list":{"0":"post-3309","1":"product","2":"type-product","3":"status-publish","4":"has-post-thumbnail","6":"product_cat-henkilokohtainen-hygienia","7":"product_cat-natural-care-luonnonkosmetiikkaa-koko-perheelle","8":"product_cat-natural-care-tuotteet","9":"product_tag-hyla-virkistava-voide","10":"product_tag-natural-care","11":"product_tag-tonic-gel","12":"product_shipping_class-posti-s-paketti-11x32x3-cm-35-kg","13":"_wholesalex wsx-wholesalex-product","15":"first","16":"instock","17":"featured","18":"shipping-taxable","19":"purchasable","20":"product-type-simple"},"yoast_head":"<!-- This site is optimized with the Yoast SEO plugin v27.3 - https:\/\/yoast.com\/product\/yoast-seo-wordpress\/ -->\n<title>Hyla Virkist\u00e4v\u00e4 voide \u2013 Tonic voide<\/title>\n<meta name=\"description\" content=\"Hyla Virkist\u00e4v\u00e4 voide \u2013 Tonic voide - aloe vera -geeli Hyla Natural Care -sarjasta. Ravitsee ihoa ja nopeuttaa haavojen paranemista hell\u00e4varaisesti.\" \/>\n<meta name=\"robots\" content=\"index, follow, max-snippet:-1, max-image-preview:large, max-video-preview:-1\" \/>\n<link rel=\"canonical\" href=\"https:\/\/hylajams.fi\/?product=hyla-virkistava-voide-tonic-voide\" \/>\n<meta property=\"og:locale\" content=\"fi_FI\" \/>\n<meta property=\"og:type\" content=\"article\" \/>\n<meta property=\"og:title\" content=\"Hyla Virkist\u00e4v\u00e4 voide \u2013 Tonic voide\" \/>\n<meta property=\"og:description\" content=\"Hyla Virkist\u00e4v\u00e4 voide \u2013 Tonic voide - aloe vera -geeli Hyla Natural Care -sarjasta. Ravitsee ihoa ja nopeuttaa haavojen paranemista hell\u00e4varaisesti.\" \/>\n<meta property=\"og:url\" content=\"https:\/\/hylajams.fi\/?product=hyla-virkistava-voide-tonic-voide\" \/>\n<meta property=\"og:site_name\" content=\"Hyla Jams Verkkokauppa\" \/>\n<meta property=\"article:modified_time\" content=\"2026-02-27T16:24:46+00:00\" \/>\n<meta property=\"og:image\" content=\"https:\/\/hylajams.fi\/wp-content\/uploads\/2022\/01\/21163-Tonic-gel.png\" \/>\n\t<meta property=\"og:image:width\" content=\"575\" \/>\n\t<meta property=\"og:image:height\" content=\"556\" \/>\n\t<meta property=\"og:image:type\" content=\"image\/png\" \/>\n<meta name=\"twitter:card\" content=\"summary_large_image\" \/>\n<meta name=\"twitter:label1\" content=\"Arvioitu lukuaika\" \/>\n\t<meta name=\"twitter:data1\" content=\"1 minuutti\" \/>\n<script type=\"application\/ld+json\" class=\"yoast-schema-graph\">{\"@context\":\"https:\\\/\\\/schema.org\",\"@graph\":[{\"@type\":\"WebPage\",\"@id\":\"https:\\\/\\\/hylajams.fi\\\/?product=hyla-virkistava-voide-tonic-voide\",\"url\":\"https:\\\/\\\/hylajams.fi\\\/?product=hyla-virkistava-voide-tonic-voide\",\"name\":\"Hyla Virkist\u00e4v\u00e4 voide \u2013 Tonic voide\",\"isPartOf\":{\"@id\":\"https:\\\/\\\/hylajams.fi\\\/#website\"},\"primaryImageOfPage\":{\"@id\":\"https:\\\/\\\/hylajams.fi\\\/?product=hyla-virkistava-voide-tonic-voide#primaryimage\"},\"image\":{\"@id\":\"https:\\\/\\\/hylajams.fi\\\/?product=hyla-virkistava-voide-tonic-voide#primaryimage\"},\"thumbnailUrl\":\"https:\\\/\\\/hylajams.fi\\\/wp-content\\\/uploads\\\/2022\\\/01\\\/21163-Tonic-gel.png\",\"datePublished\":\"2022-01-01T16:19:04+00:00\",\"dateModified\":\"2026-02-27T16:24:46+00:00\",\"description\":\"Hyla Virkist\u00e4v\u00e4 voide \u2013 Tonic voide - aloe vera -geeli Hyla Natural Care -sarjasta. Ravitsee ihoa ja nopeuttaa haavojen paranemista hell\u00e4varaisesti.\",\"breadcrumb\":{\"@id\":\"https:\\\/\\\/hylajams.fi\\\/?product=hyla-virkistava-voide-tonic-voide#breadcrumb\"},\"inLanguage\":\"fi\",\"potentialAction\":[{\"@type\":\"ReadAction\",\"target\":[\"https:\\\/\\\/hylajams.fi\\\/?product=hyla-virkistava-voide-tonic-voide\"]}]},{\"@type\":\"ImageObject\",\"inLanguage\":\"fi\",\"@id\":\"https:\\\/\\\/hylajams.fi\\\/?product=hyla-virkistava-voide-tonic-voide#primaryimage\",\"url\":\"https:\\\/\\\/hylajams.fi\\\/wp-content\\\/uploads\\\/2022\\\/01\\\/21163-Tonic-gel.png\",\"contentUrl\":\"https:\\\/\\\/hylajams.fi\\\/wp-content\\\/uploads\\\/2022\\\/01\\\/21163-Tonic-gel.png\",\"width\":575,\"height\":556,\"caption\":\"Hyla Virkist\u00e4v\u00e4 voide \u2013 Tonic voide\"},{\"@type\":\"BreadcrumbList\",\"@id\":\"https:\\\/\\\/hylajams.fi\\\/?product=hyla-virkistava-voide-tonic-voide#breadcrumb\",\"itemListElement\":[{\"@type\":\"ListItem\",\"position\":1,\"name\":\"Etusivu\",\"item\":\"https:\\\/\\\/hylajams.fi\\\/\"},{\"@type\":\"ListItem\",\"position\":2,\"name\":\"VERKKOKAUPPA\",\"item\":\"https:\\\/\\\/hylajams.fi\\\/?page_id=9\"},{\"@type\":\"ListItem\",\"position\":3,\"name\":\"21163 Hyla Virkist\u00e4v\u00e4 voide (Tonic Gel) 200 ml\"}]},{\"@type\":\"WebSite\",\"@id\":\"https:\\\/\\\/hylajams.fi\\\/#website\",\"url\":\"https:\\\/\\\/hylajams.fi\\\/\",\"name\":\"Hyla Jams Verkkokauppa\",\"description\":\"Hyla ilman- ja huoneen puhdistusj\u00e4rjestelm\u00e4 Suomessa\",\"publisher\":{\"@id\":\"https:\\\/\\\/hylajams.fi\\\/#organization\"},\"potentialAction\":[{\"@type\":\"SearchAction\",\"target\":{\"@type\":\"EntryPoint\",\"urlTemplate\":\"https:\\\/\\\/hylajams.fi\\\/?s={search_term_string}\"},\"query-input\":{\"@type\":\"PropertyValueSpecification\",\"valueRequired\":true,\"valueName\":\"search_term_string\"}}],\"inLanguage\":\"fi\"},{\"@type\":\"Organization\",\"@id\":\"https:\\\/\\\/hylajams.fi\\\/#organization\",\"name\":\"Hyla Jams Verkkokauppa\",\"url\":\"https:\\\/\\\/hylajams.fi\\\/\",\"logo\":{\"@type\":\"ImageObject\",\"inLanguage\":\"fi\",\"@id\":\"https:\\\/\\\/hylajams.fi\\\/#\\\/schema\\\/logo\\\/image\\\/\",\"url\":\"https:\\\/\\\/hylajams.fi\\\/wp-content\\\/uploads\\\/2025\\\/02\\\/Logo-1-2.jpg\",\"contentUrl\":\"https:\\\/\\\/hylajams.fi\\\/wp-content\\\/uploads\\\/2025\\\/02\\\/Logo-1-2.jpg\",\"width\":500,\"height\":500,\"caption\":\"Hyla Jams Verkkokauppa\"},\"image\":{\"@id\":\"https:\\\/\\\/hylajams.fi\\\/#\\\/schema\\\/logo\\\/image\\\/\"},\"sameAs\":[\"https:\\\/\\\/www.instagram.com\\\/hylasiivous\\\/\"]}]}<\/script>\n<!-- \/ Yoast SEO plugin. -->","yoast_head_json":{"title":"Hyla Virkist\u00e4v\u00e4 voide \u2013 Tonic voide","description":"Hyla Virkist\u00e4v\u00e4 voide \u2013 Tonic voide - aloe vera -geeli Hyla Natural Care -sarjasta. Ravitsee ihoa ja nopeuttaa haavojen paranemista hell\u00e4varaisesti.","robots":{"index":"index","follow":"follow","max-snippet":"max-snippet:-1","max-image-preview":"max-image-preview:large","max-video-preview":"max-video-preview:-1"},"canonical":"https:\/\/hylajams.fi\/?product=hyla-virkistava-voide-tonic-voide","og_locale":"fi_FI","og_type":"article","og_title":"Hyla Virkist\u00e4v\u00e4 voide \u2013 Tonic voide","og_description":"Hyla Virkist\u00e4v\u00e4 voide \u2013 Tonic voide - aloe vera -geeli Hyla Natural Care -sarjasta. Ravitsee ihoa ja nopeuttaa haavojen paranemista hell\u00e4varaisesti.","og_url":"https:\/\/hylajams.fi\/?product=hyla-virkistava-voide-tonic-voide","og_site_name":"Hyla Jams Verkkokauppa","article_modified_time":"2026-02-27T16:24:46+00:00","og_image":[{"width":575,"height":556,"url":"https:\/\/hylajams.fi\/wp-content\/uploads\/2022\/01\/21163-Tonic-gel.png","type":"image\/png"}],"twitter_card":"summary_large_image","twitter_misc":{"Arvioitu lukuaika":"1 minuutti"},"schema":{"@context":"https:\/\/schema.org","@graph":[{"@type":"WebPage","@id":"https:\/\/hylajams.fi\/?product=hyla-virkistava-voide-tonic-voide","url":"https:\/\/hylajams.fi\/?product=hyla-virkistava-voide-tonic-voide","name":"Hyla Virkist\u00e4v\u00e4 voide \u2013 Tonic voide","isPartOf":{"@id":"https:\/\/hylajams.fi\/#website"},"primaryImageOfPage":{"@id":"https:\/\/hylajams.fi\/?product=hyla-virkistava-voide-tonic-voide#primaryimage"},"image":{"@id":"https:\/\/hylajams.fi\/?product=hyla-virkistava-voide-tonic-voide#primaryimage"},"thumbnailUrl":"https:\/\/hylajams.fi\/wp-content\/uploads\/2022\/01\/21163-Tonic-gel.png","datePublished":"2022-01-01T16:19:04+00:00","dateModified":"2026-02-27T16:24:46+00:00","description":"Hyla Virkist\u00e4v\u00e4 voide \u2013 Tonic voide - aloe vera -geeli Hyla Natural Care -sarjasta. Ravitsee ihoa ja nopeuttaa haavojen paranemista hell\u00e4varaisesti.","breadcrumb":{"@id":"https:\/\/hylajams.fi\/?product=hyla-virkistava-voide-tonic-voide#breadcrumb"},"inLanguage":"fi","potentialAction":[{"@type":"ReadAction","target":["https:\/\/hylajams.fi\/?product=hyla-virkistava-voide-tonic-voide"]}]},{"@type":"ImageObject","inLanguage":"fi","@id":"https:\/\/hylajams.fi\/?product=hyla-virkistava-voide-tonic-voide#primaryimage","url":"https:\/\/hylajams.fi\/wp-content\/uploads\/2022\/01\/21163-Tonic-gel.png","contentUrl":"https:\/\/hylajams.fi\/wp-content\/uploads\/2022\/01\/21163-Tonic-gel.png","width":575,"height":556,"caption":"Hyla Virkist\u00e4v\u00e4 voide \u2013 Tonic voide"},{"@type":"BreadcrumbList","@id":"https:\/\/hylajams.fi\/?product=hyla-virkistava-voide-tonic-voide#breadcrumb","itemListElement":[{"@type":"ListItem","position":1,"name":"Etusivu","item":"https:\/\/hylajams.fi\/"},{"@type":"ListItem","position":2,"name":"VERKKOKAUPPA","item":"https:\/\/hylajams.fi\/?page_id=9"},{"@type":"ListItem","position":3,"name":"21163 Hyla Virkist\u00e4v\u00e4 voide (Tonic Gel) 200 ml"}]},{"@type":"WebSite","@id":"https:\/\/hylajams.fi\/#website","url":"https:\/\/hylajams.fi\/","name":"Hyla Jams Verkkokauppa","description":"Hyla ilman- ja huoneen puhdistusj\u00e4rjestelm\u00e4 Suomessa","publisher":{"@id":"https:\/\/hylajams.fi\/#organization"},"potentialAction":[{"@type":"SearchAction","target":{"@type":"EntryPoint","urlTemplate":"https:\/\/hylajams.fi\/?s={search_term_string}"},"query-input":{"@type":"PropertyValueSpecification","valueRequired":true,"valueName":"search_term_string"}}],"inLanguage":"fi"},{"@type":"Organization","@id":"https:\/\/hylajams.fi\/#organization","name":"Hyla Jams Verkkokauppa","url":"https:\/\/hylajams.fi\/","logo":{"@type":"ImageObject","inLanguage":"fi","@id":"https:\/\/hylajams.fi\/#\/schema\/logo\/image\/","url":"https:\/\/hylajams.fi\/wp-content\/uploads\/2025\/02\/Logo-1-2.jpg","contentUrl":"https:\/\/hylajams.fi\/wp-content\/uploads\/2025\/02\/Logo-1-2.jpg","width":500,"height":500,"caption":"Hyla Jams Verkkokauppa"},"image":{"@id":"https:\/\/hylajams.fi\/#\/schema\/logo\/image\/"},"sameAs":["https:\/\/www.instagram.com\/hylasiivous\/"]}]}},"_links":{"self":[{"href":"https:\/\/hylajams.fi\/index.php?rest_route=\/wp\/v2\/product\/3309","targetHints":{"allow":["GET"]}}],"collection":[{"href":"https:\/\/hylajams.fi\/index.php?rest_route=\/wp\/v2\/product"}],"about":[{"href":"https:\/\/hylajams.fi\/index.php?rest_route=\/wp\/v2\/types\/product"}],"version-history":[{"count":9,"href":"https:\/\/hylajams.fi\/index.php?rest_route=\/wp\/v2\/product\/3309\/revisions"}],"predecessor-version":[{"id":13128,"href":"https:\/\/hylajams.fi\/index.php?rest_route=\/wp\/v2\/product\/3309\/revisions\/13128"}],"wp:featuredmedia":[{"embeddable":true,"href":"https:\/\/hylajams.fi\/index.php?rest_route=\/wp\/v2\/media\/7246"}],"wp:attachment":[{"href":"https:\/\/hylajams.fi\/index.php?rest_route=%2Fwp%2Fv2%2Fmedia&parent=3309"}],"wp:term":[{"taxonomy":"product_brand","embeddable":true,"href":"https:\/\/hylajams.fi\/index.php?rest_route=%2Fwp%2Fv2%2Fproduct_brand&post=3309"},{"taxonomy":"product_cat","embeddable":true,"href":"https:\/\/hylajams.fi\/index.php?rest_route=%2Fwp%2Fv2%2Fproduct_cat&post=3309"},{"taxonomy":"product_tag","embeddable":true,"href":"https:\/\/hylajams.fi\/index.php?rest_route=%2Fwp%2Fv2%2Fproduct_tag&post=3309"}],"curies":[{"name":"wp","href":"https:\/\/api.w.org\/{rel}","templated":true}]}}