{"id":3041,"date":"2021-11-03T20:05:15","date_gmt":"2021-11-03T18:05:15","guid":{"rendered":"https:\/\/hylajams.fi\/?post_type=product&#038;p=3041"},"modified":"2026-03-18T00:02:23","modified_gmt":"2026-03-17T22:02:23","slug":"carpet-clean-puhdistusaine","status":"publish","type":"product","link":"https:\/\/hylajams.fi\/?product=carpet-clean-puhdistusaine","title":{"rendered":"21167 Hyla Carpet Clean \u2013 Puhdistusaine, 200 ml"},"content":{"rendered":"<p><strong>Hyla Carpet Clean \u2013 Puhdistusaine<\/strong>\u00a0tarjoaa luonnollisen ja tehokkaan ratkaisun mattojen ja verhoilujen puhdistukseen. Sen innovatiivinen koostumus perustuu luonnollisiin kasviuutteisiin, jotka tekev\u00e4t siit\u00e4 sek\u00e4 terveys- ett\u00e4 ymp\u00e4rist\u00f6yst\u00e4v\u00e4llisen vaihtoehdon kodin ja auton tekstiilipinnoille.<\/p>\n<p><strong>Hyla Carpet Clean \u2013 Puhdistusaine <\/strong>kuuluu Hyla Natural Care -sarjaan, jossa yhdistyv\u00e4t luonnolliset raaka-aineet ja parhaat ominaisuudet.<\/p>\n<p><strong>K\u00e4ytt\u00f6kohteet:<\/strong><\/p>\n<ul>\n<li>Auton mattojen ja verhoilujen raikastus ja syv\u00e4puhdistus<\/li>\n<li>Kodin matot ja kokolattiamatot<\/li>\n<li>Verhoillut huonekalut<\/li>\n<\/ul>\n<p><strong>Vaikutukset yhdell\u00e4 tuotteella:<\/strong><\/p>\n<ul>\n<li><strong>Tehokas puhdistus:<\/strong> poistaa pinttyneetkin tahrat ja palauttaa tekstiilien raikkauden.<\/li>\n<li><strong>Suojaus: l<\/strong>uonnollisten aktiivisten ainesosien ansiosta se suojaa v\u00e4rej\u00e4 ja materiaaleja puhdistuksen aikana.<\/li>\n<li><strong>Hoito ja uudistus:<\/strong> aloe vera ja oliivi\u00f6ljyuute ravitsevat tekstiilikuituja, j\u00e4tt\u00e4en pinnan kirkkaaksi ja elinvoimaiseksi.<\/li>\n<li><strong>Hygieenisyys:<\/strong> luonnollinen desinfioiva vaikutus tuhoaa bakteereja ja tekee pinnasta raikkaan.<\/li>\n<li><strong>Hajunpoisto:<\/strong> neutraloi ep\u00e4miellytt\u00e4v\u00e4t hajut ja j\u00e4tt\u00e4\u00e4 j\u00e4lkeens\u00e4 pitk\u00e4kestoisen, miellytt\u00e4v\u00e4n ja raikkaan tuoksun.<\/li>\n<\/ul>\n<p><strong>K\u00e4ytt\u00f6ohje:<\/strong><br \/>\nSuihkuta tuotetta matolle tai verhoilulle ja anna vaikuttaa noin 10 minuuttia. Puhdista pinta Hylan s\u00e4hk\u00f6moottoriharjalla tai pienell\u00e4 turboharjalla. Pinttyneille tahroille suihkuta ainetta suoraan, anna vaikuttaa hetki ja harjaa kevyesti. Carpet Clean sopii my\u00f6s Hyla-m\u00e4rk\u00e4pesurin kanssa k\u00e4ytett\u00e4v\u00e4ksi, sill\u00e4 se ei vaahtoa.<\/p>\n<p><strong>Ainesosat:<\/strong> vesi, eukalyptusuute, aloe vera, hydrolysoitu oliivi\u00f6ljy, minttu, sisilialainen sitruuna.<\/p>\n<ul>\n<li>Biohajoava yli 90 %<\/li>\n<li>Perustuu luonnollisiin kasviuutteisiin<\/li>\n<\/ul>\n<p>HYLA Carpet Clean tekee matoista ja verhoiluista puhtaat, raikkaat ja hyvin hoidetut \u2013 t\u00e4ysin ilman kemiallisia lis\u00e4aineita.<\/p>\n<p><a href=\"https:\/\/hylajams.fi\/?product_cat=natural-care-tuotteet\"><strong>Natural Care tuotteet verkkokaupassa<\/strong><\/a><\/p>\n<p><a href=\"https:\/\/www.hyla-naturalcare.com\/en\/\"><strong><span dir=\"auto\"><span dir=\"auto\" style=\"vertical-align: inherit;\"><span dir=\"auto\" style=\"vertical-align: inherit;\"><span dir=\"auto\" style=\"vertical-align: inherit;\"><span dir=\"auto\" style=\"vertical-align: inherit;\"><span dir=\"auto\" style=\"vertical-align: inherit;\"><span dir=\"auto\" style=\"vertical-align: inherit;\"><span dir=\"auto\" style=\"vertical-align: inherit;\"><span dir=\"auto\" style=\"vertical-align: inherit;\"><span dir=\"auto\" style=\"vertical-align: inherit;\"><span dir=\"auto\" style=\"vertical-align: inherit;\">Hyla Natural Care<\/span><\/span><\/span><\/span><\/span><\/span><\/span><\/span><\/span><\/span><\/span><\/strong><\/a><\/p>\n","protected":false},"excerpt":{"rendered":"<p>Hyla Carpet Clean \u2013 Matonpuhdistusaine\u00a0on luonnollinen ja tehokas matonpuhdistusaine, joka poistaa tahrat, raikastaa ja suojaa mattoja sek\u00e4 verhoiluja. Aloe veran ja oliivi\u00f6ljyuutteen ansiosta se hoitaa tekstiilikuituja ja j\u00e4tt\u00e4\u00e4 pitk\u00e4kestoisen, miellytt\u00e4v\u00e4n tuoksun.<\/p>\n","protected":false},"featured_media":7399,"template":"","meta":[],"product_brand":[],"product_cat":[991,1039,663,260],"product_tag":[572,1425,1580,1582,1581],"class_list":{"0":"post-3041","1":"product","2":"type-product","3":"status-publish","4":"has-post-thumbnail","6":"product_cat-natural-care-luonnonkosmetiikkaa-koko-perheelle","7":"product_cat-natural-care-tuotteet","8":"product_cat-puhdas-koti-ja-arki","9":"product_cat-siivoustarvikkeet-ja-hygieniatuotteet","10":"product_tag-aloe-vera","11":"product_tag-carpet-clean-puhdistusaine","12":"product_tag-hyla-carpet-clean","13":"product_tag-luonnollinen-matonpuhdistus","14":"product_tag-matonpuhdistusaine","15":"product_shipping_class-matkahuolto-s-10-x-40-x-55-cm","16":"_wholesalex wsx-wholesalex-product","18":"first","19":"instock","20":"featured","21":"shipping-taxable","22":"purchasable","23":"product-type-simple"},"yoast_head":"<!-- This site is optimized with the Yoast SEO plugin v27.3 - https:\/\/yoast.com\/product\/yoast-seo-wordpress\/ -->\n<title>Carpet Clean Puhdistusaine - pikaiseen raikastukseen<\/title>\n<meta name=\"description\" content=\"Hyla Carpet Clean \u2013 Puhdistusaine - Raikastava, poistaa tahroja, hoitaa ja neutraloi hajut ja tuo raikkaan tuoksun. Sopii my\u00f6s autoon ja verhoiluille.\" \/>\n<meta name=\"robots\" content=\"index, follow, max-snippet:-1, max-image-preview:large, max-video-preview:-1\" \/>\n<link rel=\"canonical\" href=\"https:\/\/hylajams.fi\/?product=carpet-clean-puhdistusaine\" \/>\n<meta property=\"og:locale\" content=\"fi_FI\" \/>\n<meta property=\"og:type\" content=\"article\" \/>\n<meta property=\"og:title\" content=\"Carpet Clean Puhdistusaine - pikaiseen raikastukseen\" \/>\n<meta property=\"og:description\" content=\"Hyla Carpet Clean \u2013 Puhdistusaine - Raikastava, poistaa tahroja, hoitaa ja neutraloi hajut ja tuo raikkaan tuoksun. Sopii my\u00f6s autoon ja verhoiluille.\" \/>\n<meta property=\"og:url\" content=\"https:\/\/hylajams.fi\/?product=carpet-clean-puhdistusaine\" \/>\n<meta property=\"og:site_name\" content=\"Hyla Jams Verkkokauppa\" \/>\n<meta property=\"article:modified_time\" content=\"2026-03-17T22:02:23+00:00\" \/>\n<meta property=\"og:image\" content=\"https:\/\/hylajams.fi\/wp-content\/uploads\/2021\/11\/21167-Carpet-Clean-Matonpuhdistusaine.jpg\" \/>\n\t<meta property=\"og:image:width\" content=\"1080\" \/>\n\t<meta property=\"og:image:height\" content=\"1080\" \/>\n\t<meta property=\"og:image:type\" content=\"image\/jpeg\" \/>\n<meta name=\"twitter:card\" content=\"summary_large_image\" \/>\n<meta name=\"twitter:label1\" content=\"Arvioitu lukuaika\" \/>\n\t<meta name=\"twitter:data1\" content=\"2 minuuttia\" \/>\n<script type=\"application\/ld+json\" class=\"yoast-schema-graph\">{\"@context\":\"https:\\\/\\\/schema.org\",\"@graph\":[{\"@type\":\"WebPage\",\"@id\":\"https:\\\/\\\/hylajams.fi\\\/?product=carpet-clean-puhdistusaine\",\"url\":\"https:\\\/\\\/hylajams.fi\\\/?product=carpet-clean-puhdistusaine\",\"name\":\"Carpet Clean Puhdistusaine - pikaiseen raikastukseen\",\"isPartOf\":{\"@id\":\"https:\\\/\\\/hylajams.fi\\\/#website\"},\"primaryImageOfPage\":{\"@id\":\"https:\\\/\\\/hylajams.fi\\\/?product=carpet-clean-puhdistusaine#primaryimage\"},\"image\":{\"@id\":\"https:\\\/\\\/hylajams.fi\\\/?product=carpet-clean-puhdistusaine#primaryimage\"},\"thumbnailUrl\":\"https:\\\/\\\/hylajams.fi\\\/wp-content\\\/uploads\\\/2021\\\/11\\\/21167-Carpet-Clean-Matonpuhdistusaine.jpg\",\"datePublished\":\"2021-11-03T18:05:15+00:00\",\"dateModified\":\"2026-03-17T22:02:23+00:00\",\"description\":\"Hyla Carpet Clean \u2013 Puhdistusaine - Raikastava, poistaa tahroja, hoitaa ja neutraloi hajut ja tuo raikkaan tuoksun. Sopii my\u00f6s autoon ja verhoiluille.\",\"breadcrumb\":{\"@id\":\"https:\\\/\\\/hylajams.fi\\\/?product=carpet-clean-puhdistusaine#breadcrumb\"},\"inLanguage\":\"fi\",\"potentialAction\":[{\"@type\":\"ReadAction\",\"target\":[\"https:\\\/\\\/hylajams.fi\\\/?product=carpet-clean-puhdistusaine\"]}]},{\"@type\":\"ImageObject\",\"inLanguage\":\"fi\",\"@id\":\"https:\\\/\\\/hylajams.fi\\\/?product=carpet-clean-puhdistusaine#primaryimage\",\"url\":\"https:\\\/\\\/hylajams.fi\\\/wp-content\\\/uploads\\\/2021\\\/11\\\/21167-Carpet-Clean-Matonpuhdistusaine.jpg\",\"contentUrl\":\"https:\\\/\\\/hylajams.fi\\\/wp-content\\\/uploads\\\/2021\\\/11\\\/21167-Carpet-Clean-Matonpuhdistusaine.jpg\",\"width\":1080,\"height\":1080,\"caption\":\"Carpet Clean Puhdistusaine\"},{\"@type\":\"BreadcrumbList\",\"@id\":\"https:\\\/\\\/hylajams.fi\\\/?product=carpet-clean-puhdistusaine#breadcrumb\",\"itemListElement\":[{\"@type\":\"ListItem\",\"position\":1,\"name\":\"Etusivu\",\"item\":\"https:\\\/\\\/hylajams.fi\\\/\"},{\"@type\":\"ListItem\",\"position\":2,\"name\":\"VERKKOKAUPPA\",\"item\":\"https:\\\/\\\/hylajams.fi\\\/?page_id=9\"},{\"@type\":\"ListItem\",\"position\":3,\"name\":\"21167 Hyla Carpet Clean \u2013 Puhdistusaine, 200 ml\"}]},{\"@type\":\"WebSite\",\"@id\":\"https:\\\/\\\/hylajams.fi\\\/#website\",\"url\":\"https:\\\/\\\/hylajams.fi\\\/\",\"name\":\"Hyla Jams Verkkokauppa\",\"description\":\"Hyla ilman- ja huoneen puhdistusj\u00e4rjestelm\u00e4 Suomessa\",\"publisher\":{\"@id\":\"https:\\\/\\\/hylajams.fi\\\/#organization\"},\"potentialAction\":[{\"@type\":\"SearchAction\",\"target\":{\"@type\":\"EntryPoint\",\"urlTemplate\":\"https:\\\/\\\/hylajams.fi\\\/?s={search_term_string}\"},\"query-input\":{\"@type\":\"PropertyValueSpecification\",\"valueRequired\":true,\"valueName\":\"search_term_string\"}}],\"inLanguage\":\"fi\"},{\"@type\":\"Organization\",\"@id\":\"https:\\\/\\\/hylajams.fi\\\/#organization\",\"name\":\"Hyla Jams Verkkokauppa\",\"url\":\"https:\\\/\\\/hylajams.fi\\\/\",\"logo\":{\"@type\":\"ImageObject\",\"inLanguage\":\"fi\",\"@id\":\"https:\\\/\\\/hylajams.fi\\\/#\\\/schema\\\/logo\\\/image\\\/\",\"url\":\"https:\\\/\\\/hylajams.fi\\\/wp-content\\\/uploads\\\/2025\\\/02\\\/Logo-1-2.jpg\",\"contentUrl\":\"https:\\\/\\\/hylajams.fi\\\/wp-content\\\/uploads\\\/2025\\\/02\\\/Logo-1-2.jpg\",\"width\":500,\"height\":500,\"caption\":\"Hyla Jams Verkkokauppa\"},\"image\":{\"@id\":\"https:\\\/\\\/hylajams.fi\\\/#\\\/schema\\\/logo\\\/image\\\/\"},\"sameAs\":[\"https:\\\/\\\/www.instagram.com\\\/hylasiivous\\\/\"]}]}<\/script>\n<!-- \/ Yoast SEO plugin. -->","yoast_head_json":{"title":"Carpet Clean Puhdistusaine - pikaiseen raikastukseen","description":"Hyla Carpet Clean \u2013 Puhdistusaine - Raikastava, poistaa tahroja, hoitaa ja neutraloi hajut ja tuo raikkaan tuoksun. Sopii my\u00f6s autoon ja verhoiluille.","robots":{"index":"index","follow":"follow","max-snippet":"max-snippet:-1","max-image-preview":"max-image-preview:large","max-video-preview":"max-video-preview:-1"},"canonical":"https:\/\/hylajams.fi\/?product=carpet-clean-puhdistusaine","og_locale":"fi_FI","og_type":"article","og_title":"Carpet Clean Puhdistusaine - pikaiseen raikastukseen","og_description":"Hyla Carpet Clean \u2013 Puhdistusaine - Raikastava, poistaa tahroja, hoitaa ja neutraloi hajut ja tuo raikkaan tuoksun. Sopii my\u00f6s autoon ja verhoiluille.","og_url":"https:\/\/hylajams.fi\/?product=carpet-clean-puhdistusaine","og_site_name":"Hyla Jams Verkkokauppa","article_modified_time":"2026-03-17T22:02:23+00:00","og_image":[{"width":1080,"height":1080,"url":"https:\/\/hylajams.fi\/wp-content\/uploads\/2021\/11\/21167-Carpet-Clean-Matonpuhdistusaine.jpg","type":"image\/jpeg"}],"twitter_card":"summary_large_image","twitter_misc":{"Arvioitu lukuaika":"2 minuuttia"},"schema":{"@context":"https:\/\/schema.org","@graph":[{"@type":"WebPage","@id":"https:\/\/hylajams.fi\/?product=carpet-clean-puhdistusaine","url":"https:\/\/hylajams.fi\/?product=carpet-clean-puhdistusaine","name":"Carpet Clean Puhdistusaine - pikaiseen raikastukseen","isPartOf":{"@id":"https:\/\/hylajams.fi\/#website"},"primaryImageOfPage":{"@id":"https:\/\/hylajams.fi\/?product=carpet-clean-puhdistusaine#primaryimage"},"image":{"@id":"https:\/\/hylajams.fi\/?product=carpet-clean-puhdistusaine#primaryimage"},"thumbnailUrl":"https:\/\/hylajams.fi\/wp-content\/uploads\/2021\/11\/21167-Carpet-Clean-Matonpuhdistusaine.jpg","datePublished":"2021-11-03T18:05:15+00:00","dateModified":"2026-03-17T22:02:23+00:00","description":"Hyla Carpet Clean \u2013 Puhdistusaine - Raikastava, poistaa tahroja, hoitaa ja neutraloi hajut ja tuo raikkaan tuoksun. Sopii my\u00f6s autoon ja verhoiluille.","breadcrumb":{"@id":"https:\/\/hylajams.fi\/?product=carpet-clean-puhdistusaine#breadcrumb"},"inLanguage":"fi","potentialAction":[{"@type":"ReadAction","target":["https:\/\/hylajams.fi\/?product=carpet-clean-puhdistusaine"]}]},{"@type":"ImageObject","inLanguage":"fi","@id":"https:\/\/hylajams.fi\/?product=carpet-clean-puhdistusaine#primaryimage","url":"https:\/\/hylajams.fi\/wp-content\/uploads\/2021\/11\/21167-Carpet-Clean-Matonpuhdistusaine.jpg","contentUrl":"https:\/\/hylajams.fi\/wp-content\/uploads\/2021\/11\/21167-Carpet-Clean-Matonpuhdistusaine.jpg","width":1080,"height":1080,"caption":"Carpet Clean Puhdistusaine"},{"@type":"BreadcrumbList","@id":"https:\/\/hylajams.fi\/?product=carpet-clean-puhdistusaine#breadcrumb","itemListElement":[{"@type":"ListItem","position":1,"name":"Etusivu","item":"https:\/\/hylajams.fi\/"},{"@type":"ListItem","position":2,"name":"VERKKOKAUPPA","item":"https:\/\/hylajams.fi\/?page_id=9"},{"@type":"ListItem","position":3,"name":"21167 Hyla Carpet Clean \u2013 Puhdistusaine, 200 ml"}]},{"@type":"WebSite","@id":"https:\/\/hylajams.fi\/#website","url":"https:\/\/hylajams.fi\/","name":"Hyla Jams Verkkokauppa","description":"Hyla ilman- ja huoneen puhdistusj\u00e4rjestelm\u00e4 Suomessa","publisher":{"@id":"https:\/\/hylajams.fi\/#organization"},"potentialAction":[{"@type":"SearchAction","target":{"@type":"EntryPoint","urlTemplate":"https:\/\/hylajams.fi\/?s={search_term_string}"},"query-input":{"@type":"PropertyValueSpecification","valueRequired":true,"valueName":"search_term_string"}}],"inLanguage":"fi"},{"@type":"Organization","@id":"https:\/\/hylajams.fi\/#organization","name":"Hyla Jams Verkkokauppa","url":"https:\/\/hylajams.fi\/","logo":{"@type":"ImageObject","inLanguage":"fi","@id":"https:\/\/hylajams.fi\/#\/schema\/logo\/image\/","url":"https:\/\/hylajams.fi\/wp-content\/uploads\/2025\/02\/Logo-1-2.jpg","contentUrl":"https:\/\/hylajams.fi\/wp-content\/uploads\/2025\/02\/Logo-1-2.jpg","width":500,"height":500,"caption":"Hyla Jams Verkkokauppa"},"image":{"@id":"https:\/\/hylajams.fi\/#\/schema\/logo\/image\/"},"sameAs":["https:\/\/www.instagram.com\/hylasiivous\/"]}]}},"_links":{"self":[{"href":"https:\/\/hylajams.fi\/index.php?rest_route=\/wp\/v2\/product\/3041","targetHints":{"allow":["GET"]}}],"collection":[{"href":"https:\/\/hylajams.fi\/index.php?rest_route=\/wp\/v2\/product"}],"about":[{"href":"https:\/\/hylajams.fi\/index.php?rest_route=\/wp\/v2\/types\/product"}],"version-history":[{"count":13,"href":"https:\/\/hylajams.fi\/index.php?rest_route=\/wp\/v2\/product\/3041\/revisions"}],"predecessor-version":[{"id":11466,"href":"https:\/\/hylajams.fi\/index.php?rest_route=\/wp\/v2\/product\/3041\/revisions\/11466"}],"wp:featuredmedia":[{"embeddable":true,"href":"https:\/\/hylajams.fi\/index.php?rest_route=\/wp\/v2\/media\/7399"}],"wp:attachment":[{"href":"https:\/\/hylajams.fi\/index.php?rest_route=%2Fwp%2Fv2%2Fmedia&parent=3041"}],"wp:term":[{"taxonomy":"product_brand","embeddable":true,"href":"https:\/\/hylajams.fi\/index.php?rest_route=%2Fwp%2Fv2%2Fproduct_brand&post=3041"},{"taxonomy":"product_cat","embeddable":true,"href":"https:\/\/hylajams.fi\/index.php?rest_route=%2Fwp%2Fv2%2Fproduct_cat&post=3041"},{"taxonomy":"product_tag","embeddable":true,"href":"https:\/\/hylajams.fi\/index.php?rest_route=%2Fwp%2Fv2%2Fproduct_tag&post=3041"}],"curies":[{"name":"wp","href":"https:\/\/api.w.org\/{rel}","templated":true}]}}