{"id":2973,"date":"2021-10-18T18:53:55","date_gmt":"2021-10-18T15:53:55","guid":{"rendered":"https:\/\/hylajams.fi\/?post_type=product&#038;p=2973"},"modified":"2026-02-28T00:30:11","modified_gmt":"2026-02-27T22:30:11","slug":"hyla-korvaava-ilmanpoistosaleikko","status":"publish","type":"product","link":"https:\/\/hylajams.fi\/?product=hyla-korvaava-ilmanpoistosaleikko","title":{"rendered":"33180 Hyla EST ja GST korvaava ilmanpoistos\u00e4leikk\u00f6,"},"content":{"rendered":"<p><strong>HYLA korvaava ilmanpoistos\u00e4leikk\u00f6<\/strong> on varaosa GST ja EST -mallin laitteisiin. S\u00e4leikk\u00f6 sijaitsee Hylan takaosassa, ja sen avulla laitteeseen voidaan liitt\u00e4\u00e4 puhallustoiminnot poistamalla s\u00e4leik\u00f6n yl\u00e4osassa olevasta nipukasta.<\/p>\n<p>Kun alkuper\u00e4inen s\u00e4leikk\u00f6 on kadonnut, kulunut tai rikkoutunut, t\u00e4m\u00e4 vaihtos\u00e4leikk\u00f6 palauttaa laitteen t\u00e4yden toiminnallisuuden. Sen ansiosta puhallus onnistuu turvallisesti ja tehokkaasti, ja laite toimii kuten on suunniteltu.<\/p>\n<p><strong>HYLA korvaava ilmanpoistos\u00e4leikk\u00f6 <\/strong>on k\u00e4yt\u00e4nn\u00f6llinen ja kest\u00e4v\u00e4 ratkaisu sek\u00e4 helppo asentaa \u2013 varmistaa, ett\u00e4 Hyla pysyy siistin\u00e4 ja puhallusominaisuus on aina helposti k\u00e4ytett\u00e4viss\u00e4.<\/p>\n<p><img fetchpriority=\"high\" decoding=\"async\" class=\"alignnone size-medium wp-image-8383\" src=\"https:\/\/hylajams.fi\/wp-content\/uploads\/2024\/10\/Etu-ja-takaluukku-300x169.jpg\" alt=\"Hyla GST ja EST takaosa\" width=\"300\" height=\"169\" srcset=\"https:\/\/hylajams.fi\/wp-content\/uploads\/2024\/10\/Etu-ja-takaluukku-300x169.jpg 300w, https:\/\/hylajams.fi\/wp-content\/uploads\/2024\/10\/Etu-ja-takaluukku-768x432.jpg 768w, https:\/\/hylajams.fi\/wp-content\/uploads\/2024\/10\/Etu-ja-takaluukku-600x338.jpg 600w, https:\/\/hylajams.fi\/wp-content\/uploads\/2024\/10\/Etu-ja-takaluukku.jpg 960w\" sizes=\"(max-width: 300px) 100vw, 300px\" \/><\/p>\n<p><strong>Tuotetiedot:<\/strong><\/p>\n<ul>\n<li>Sopii HYLA GST ja EST -malliin<\/li>\n<li>Sijainti: laitteen takaosassa<\/li>\n<li>Irrotetaan yl\u00e4osan nipukasta, kun k\u00e4ytet\u00e4\u00e4n puhallustoimintoja<\/li>\n<li>Laadukas vaihtos\u00e4leikk\u00f6 kadonneen tai rikkoutuneen tilalle<\/li>\n<\/ul>\n<p><strong><a href=\"https:\/\/hylajams.fi\/?page_id=7252\">HYLA EST TUOTTEET<\/a><\/strong><\/p>\n<p><strong><a href=\"https:\/\/hylajams.fi\/?page_id=8366\">HYLA GST TUOTTEET<\/a><\/strong><\/p>\n<p><strong><a href=\"https:\/\/www.hyla.com\/products\/products\">HYLA INTERNATIONAL<\/a><\/strong><\/p>\n","protected":false},"excerpt":{"rendered":"<p><strong>HYLA korvaava ilmanpoistos\u00e4leikk\u00f6<\/strong><\/p>\n<p>HYLA GST ja EST -mallin <strong>korvaava ilmanpoistos\u00e4leikk\u00f6<\/strong>. Vaihtos\u00e4leikk\u00f6 sijaitsee laitteen takaosassa ja mahdollistaa puhallustoiminnot.<\/p>\n","protected":false},"featured_media":8583,"template":"","meta":[],"product_brand":[],"product_cat":[951,944,773,774],"product_tag":[1815,1816,1813,1754,1131,1814,1817],"class_list":{"0":"post-2973","1":"product","2":"type-product","3":"status-publish","4":"has-post-thumbnail","6":"product_cat-est-varaosat","7":"product_cat-hyla-gst-varaosat","8":"product_cat-hyla-est","9":"product_cat-hyla-gst","10":"product_tag-est-ilmanpoistosaleikko","11":"product_tag-gst-ilmanpoistosaleikko","12":"product_tag-hyla-est-ja-gst-korvaava-ilmanpoistosaleikko","13":"product_tag-hyla-lisaosa","14":"product_tag-hyla-lisavaruste","15":"product_tag-ilmanpoistosaleikko","16":"product_tag-imurin-osa","17":"product_shipping_class-posti-xxs-paketti-35x25x3-cm-2-kg","18":"_wholesalex wsx-wholesalex-product","20":"first","21":"instock","22":"featured","23":"shipping-taxable","24":"purchasable","25":"product-type-simple"},"yoast_head":"<!-- This site is optimized with the Yoast SEO plugin v27.3 - https:\/\/yoast.com\/product\/yoast-seo-wordpress\/ -->\n<title>HYLA korvaava ilmanpoistos\u00e4leikk\u00f6 - puhallustoiminnon varaosa<\/title>\n<meta name=\"description\" content=\"HYLA korvaava ilmanpoistos\u00e4leikk\u00f6 - Vaihtos\u00e4leikk\u00f6 laitteen takaosaan mahdollistaa puhallustoiminnot ja palauttaa laitteen t\u00e4yden k\u00e4ytett\u00e4vyyden.\" \/>\n<meta name=\"robots\" content=\"index, follow, max-snippet:-1, max-image-preview:large, max-video-preview:-1\" \/>\n<link rel=\"canonical\" href=\"https:\/\/hylajams.fi\/?product=hyla-korvaava-ilmanpoistosaleikko\" \/>\n<meta property=\"og:locale\" content=\"fi_FI\" \/>\n<meta property=\"og:type\" content=\"article\" \/>\n<meta property=\"og:title\" content=\"HYLA korvaava ilmanpoistos\u00e4leikk\u00f6 - puhallustoiminnon varaosa\" \/>\n<meta property=\"og:description\" content=\"HYLA korvaava ilmanpoistos\u00e4leikk\u00f6 - Vaihtos\u00e4leikk\u00f6 laitteen takaosaan mahdollistaa puhallustoiminnot ja palauttaa laitteen t\u00e4yden k\u00e4ytett\u00e4vyyden.\" \/>\n<meta property=\"og:url\" content=\"https:\/\/hylajams.fi\/?product=hyla-korvaava-ilmanpoistosaleikko\" \/>\n<meta property=\"og:site_name\" content=\"Hyla Jams Verkkokauppa\" \/>\n<meta property=\"article:modified_time\" content=\"2026-02-27T22:30:11+00:00\" \/>\n<meta property=\"og:image\" content=\"https:\/\/hylajams.fi\/wp-content\/uploads\/2021\/10\/33180-Korvaava-ilmanpoistosaleikko.jpg\" \/>\n\t<meta property=\"og:image:width\" content=\"945\" \/>\n\t<meta property=\"og:image:height\" content=\"945\" \/>\n\t<meta property=\"og:image:type\" content=\"image\/jpeg\" \/>\n<meta name=\"twitter:card\" content=\"summary_large_image\" \/>\n<meta name=\"twitter:label1\" content=\"Arvioitu lukuaika\" \/>\n\t<meta name=\"twitter:data1\" content=\"2 minuuttia\" \/>\n<script type=\"application\/ld+json\" class=\"yoast-schema-graph\">{\"@context\":\"https:\\\/\\\/schema.org\",\"@graph\":[{\"@type\":\"WebPage\",\"@id\":\"https:\\\/\\\/hylajams.fi\\\/?product=hyla-korvaava-ilmanpoistosaleikko\",\"url\":\"https:\\\/\\\/hylajams.fi\\\/?product=hyla-korvaava-ilmanpoistosaleikko\",\"name\":\"HYLA korvaava ilmanpoistos\u00e4leikk\u00f6 - puhallustoiminnon varaosa\",\"isPartOf\":{\"@id\":\"https:\\\/\\\/hylajams.fi\\\/#website\"},\"primaryImageOfPage\":{\"@id\":\"https:\\\/\\\/hylajams.fi\\\/?product=hyla-korvaava-ilmanpoistosaleikko#primaryimage\"},\"image\":{\"@id\":\"https:\\\/\\\/hylajams.fi\\\/?product=hyla-korvaava-ilmanpoistosaleikko#primaryimage\"},\"thumbnailUrl\":\"https:\\\/\\\/hylajams.fi\\\/wp-content\\\/uploads\\\/2021\\\/10\\\/33180-Korvaava-ilmanpoistosaleikko.jpg\",\"datePublished\":\"2021-10-18T15:53:55+00:00\",\"dateModified\":\"2026-02-27T22:30:11+00:00\",\"description\":\"HYLA korvaava ilmanpoistos\u00e4leikk\u00f6 - Vaihtos\u00e4leikk\u00f6 laitteen takaosaan mahdollistaa puhallustoiminnot ja palauttaa laitteen t\u00e4yden k\u00e4ytett\u00e4vyyden.\",\"breadcrumb\":{\"@id\":\"https:\\\/\\\/hylajams.fi\\\/?product=hyla-korvaava-ilmanpoistosaleikko#breadcrumb\"},\"inLanguage\":\"fi\",\"potentialAction\":[{\"@type\":\"ReadAction\",\"target\":[\"https:\\\/\\\/hylajams.fi\\\/?product=hyla-korvaava-ilmanpoistosaleikko\"]}]},{\"@type\":\"ImageObject\",\"inLanguage\":\"fi\",\"@id\":\"https:\\\/\\\/hylajams.fi\\\/?product=hyla-korvaava-ilmanpoistosaleikko#primaryimage\",\"url\":\"https:\\\/\\\/hylajams.fi\\\/wp-content\\\/uploads\\\/2021\\\/10\\\/33180-Korvaava-ilmanpoistosaleikko.jpg\",\"contentUrl\":\"https:\\\/\\\/hylajams.fi\\\/wp-content\\\/uploads\\\/2021\\\/10\\\/33180-Korvaava-ilmanpoistosaleikko.jpg\",\"width\":945,\"height\":945,\"caption\":\"HYLA korvaava ilmanpoistos\u00e4leikk\u00f6\"},{\"@type\":\"BreadcrumbList\",\"@id\":\"https:\\\/\\\/hylajams.fi\\\/?product=hyla-korvaava-ilmanpoistosaleikko#breadcrumb\",\"itemListElement\":[{\"@type\":\"ListItem\",\"position\":1,\"name\":\"Etusivu\",\"item\":\"https:\\\/\\\/hylajams.fi\\\/\"},{\"@type\":\"ListItem\",\"position\":2,\"name\":\"VERKKOKAUPPA\",\"item\":\"https:\\\/\\\/hylajams.fi\\\/?page_id=9\"},{\"@type\":\"ListItem\",\"position\":3,\"name\":\"33180 Hyla EST ja GST korvaava ilmanpoistos\u00e4leikk\u00f6,\"}]},{\"@type\":\"WebSite\",\"@id\":\"https:\\\/\\\/hylajams.fi\\\/#website\",\"url\":\"https:\\\/\\\/hylajams.fi\\\/\",\"name\":\"Hyla Jams Verkkokauppa\",\"description\":\"Hyla ilman- ja huoneen puhdistusj\u00e4rjestelm\u00e4 Suomessa\",\"publisher\":{\"@id\":\"https:\\\/\\\/hylajams.fi\\\/#organization\"},\"potentialAction\":[{\"@type\":\"SearchAction\",\"target\":{\"@type\":\"EntryPoint\",\"urlTemplate\":\"https:\\\/\\\/hylajams.fi\\\/?s={search_term_string}\"},\"query-input\":{\"@type\":\"PropertyValueSpecification\",\"valueRequired\":true,\"valueName\":\"search_term_string\"}}],\"inLanguage\":\"fi\"},{\"@type\":\"Organization\",\"@id\":\"https:\\\/\\\/hylajams.fi\\\/#organization\",\"name\":\"Hyla Jams Verkkokauppa\",\"url\":\"https:\\\/\\\/hylajams.fi\\\/\",\"logo\":{\"@type\":\"ImageObject\",\"inLanguage\":\"fi\",\"@id\":\"https:\\\/\\\/hylajams.fi\\\/#\\\/schema\\\/logo\\\/image\\\/\",\"url\":\"https:\\\/\\\/hylajams.fi\\\/wp-content\\\/uploads\\\/2025\\\/02\\\/Logo-1-2.jpg\",\"contentUrl\":\"https:\\\/\\\/hylajams.fi\\\/wp-content\\\/uploads\\\/2025\\\/02\\\/Logo-1-2.jpg\",\"width\":500,\"height\":500,\"caption\":\"Hyla Jams Verkkokauppa\"},\"image\":{\"@id\":\"https:\\\/\\\/hylajams.fi\\\/#\\\/schema\\\/logo\\\/image\\\/\"},\"sameAs\":[\"https:\\\/\\\/www.instagram.com\\\/hylasiivous\\\/\"]}]}<\/script>\n<!-- \/ Yoast SEO plugin. -->","yoast_head_json":{"title":"HYLA korvaava ilmanpoistos\u00e4leikk\u00f6 - puhallustoiminnon varaosa","description":"HYLA korvaava ilmanpoistos\u00e4leikk\u00f6 - Vaihtos\u00e4leikk\u00f6 laitteen takaosaan mahdollistaa puhallustoiminnot ja palauttaa laitteen t\u00e4yden k\u00e4ytett\u00e4vyyden.","robots":{"index":"index","follow":"follow","max-snippet":"max-snippet:-1","max-image-preview":"max-image-preview:large","max-video-preview":"max-video-preview:-1"},"canonical":"https:\/\/hylajams.fi\/?product=hyla-korvaava-ilmanpoistosaleikko","og_locale":"fi_FI","og_type":"article","og_title":"HYLA korvaava ilmanpoistos\u00e4leikk\u00f6 - puhallustoiminnon varaosa","og_description":"HYLA korvaava ilmanpoistos\u00e4leikk\u00f6 - Vaihtos\u00e4leikk\u00f6 laitteen takaosaan mahdollistaa puhallustoiminnot ja palauttaa laitteen t\u00e4yden k\u00e4ytett\u00e4vyyden.","og_url":"https:\/\/hylajams.fi\/?product=hyla-korvaava-ilmanpoistosaleikko","og_site_name":"Hyla Jams Verkkokauppa","article_modified_time":"2026-02-27T22:30:11+00:00","og_image":[{"width":945,"height":945,"url":"https:\/\/hylajams.fi\/wp-content\/uploads\/2021\/10\/33180-Korvaava-ilmanpoistosaleikko.jpg","type":"image\/jpeg"}],"twitter_card":"summary_large_image","twitter_misc":{"Arvioitu lukuaika":"2 minuuttia"},"schema":{"@context":"https:\/\/schema.org","@graph":[{"@type":"WebPage","@id":"https:\/\/hylajams.fi\/?product=hyla-korvaava-ilmanpoistosaleikko","url":"https:\/\/hylajams.fi\/?product=hyla-korvaava-ilmanpoistosaleikko","name":"HYLA korvaava ilmanpoistos\u00e4leikk\u00f6 - puhallustoiminnon varaosa","isPartOf":{"@id":"https:\/\/hylajams.fi\/#website"},"primaryImageOfPage":{"@id":"https:\/\/hylajams.fi\/?product=hyla-korvaava-ilmanpoistosaleikko#primaryimage"},"image":{"@id":"https:\/\/hylajams.fi\/?product=hyla-korvaava-ilmanpoistosaleikko#primaryimage"},"thumbnailUrl":"https:\/\/hylajams.fi\/wp-content\/uploads\/2021\/10\/33180-Korvaava-ilmanpoistosaleikko.jpg","datePublished":"2021-10-18T15:53:55+00:00","dateModified":"2026-02-27T22:30:11+00:00","description":"HYLA korvaava ilmanpoistos\u00e4leikk\u00f6 - Vaihtos\u00e4leikk\u00f6 laitteen takaosaan mahdollistaa puhallustoiminnot ja palauttaa laitteen t\u00e4yden k\u00e4ytett\u00e4vyyden.","breadcrumb":{"@id":"https:\/\/hylajams.fi\/?product=hyla-korvaava-ilmanpoistosaleikko#breadcrumb"},"inLanguage":"fi","potentialAction":[{"@type":"ReadAction","target":["https:\/\/hylajams.fi\/?product=hyla-korvaava-ilmanpoistosaleikko"]}]},{"@type":"ImageObject","inLanguage":"fi","@id":"https:\/\/hylajams.fi\/?product=hyla-korvaava-ilmanpoistosaleikko#primaryimage","url":"https:\/\/hylajams.fi\/wp-content\/uploads\/2021\/10\/33180-Korvaava-ilmanpoistosaleikko.jpg","contentUrl":"https:\/\/hylajams.fi\/wp-content\/uploads\/2021\/10\/33180-Korvaava-ilmanpoistosaleikko.jpg","width":945,"height":945,"caption":"HYLA korvaava ilmanpoistos\u00e4leikk\u00f6"},{"@type":"BreadcrumbList","@id":"https:\/\/hylajams.fi\/?product=hyla-korvaava-ilmanpoistosaleikko#breadcrumb","itemListElement":[{"@type":"ListItem","position":1,"name":"Etusivu","item":"https:\/\/hylajams.fi\/"},{"@type":"ListItem","position":2,"name":"VERKKOKAUPPA","item":"https:\/\/hylajams.fi\/?page_id=9"},{"@type":"ListItem","position":3,"name":"33180 Hyla EST ja GST korvaava ilmanpoistos\u00e4leikk\u00f6,"}]},{"@type":"WebSite","@id":"https:\/\/hylajams.fi\/#website","url":"https:\/\/hylajams.fi\/","name":"Hyla Jams Verkkokauppa","description":"Hyla ilman- ja huoneen puhdistusj\u00e4rjestelm\u00e4 Suomessa","publisher":{"@id":"https:\/\/hylajams.fi\/#organization"},"potentialAction":[{"@type":"SearchAction","target":{"@type":"EntryPoint","urlTemplate":"https:\/\/hylajams.fi\/?s={search_term_string}"},"query-input":{"@type":"PropertyValueSpecification","valueRequired":true,"valueName":"search_term_string"}}],"inLanguage":"fi"},{"@type":"Organization","@id":"https:\/\/hylajams.fi\/#organization","name":"Hyla Jams Verkkokauppa","url":"https:\/\/hylajams.fi\/","logo":{"@type":"ImageObject","inLanguage":"fi","@id":"https:\/\/hylajams.fi\/#\/schema\/logo\/image\/","url":"https:\/\/hylajams.fi\/wp-content\/uploads\/2025\/02\/Logo-1-2.jpg","contentUrl":"https:\/\/hylajams.fi\/wp-content\/uploads\/2025\/02\/Logo-1-2.jpg","width":500,"height":500,"caption":"Hyla Jams Verkkokauppa"},"image":{"@id":"https:\/\/hylajams.fi\/#\/schema\/logo\/image\/"},"sameAs":["https:\/\/www.instagram.com\/hylasiivous\/"]}]}},"_links":{"self":[{"href":"https:\/\/hylajams.fi\/index.php?rest_route=\/wp\/v2\/product\/2973","targetHints":{"allow":["GET"]}}],"collection":[{"href":"https:\/\/hylajams.fi\/index.php?rest_route=\/wp\/v2\/product"}],"about":[{"href":"https:\/\/hylajams.fi\/index.php?rest_route=\/wp\/v2\/types\/product"}],"version-history":[{"count":6,"href":"https:\/\/hylajams.fi\/index.php?rest_route=\/wp\/v2\/product\/2973\/revisions"}],"predecessor-version":[{"id":13182,"href":"https:\/\/hylajams.fi\/index.php?rest_route=\/wp\/v2\/product\/2973\/revisions\/13182"}],"wp:featuredmedia":[{"embeddable":true,"href":"https:\/\/hylajams.fi\/index.php?rest_route=\/wp\/v2\/media\/8583"}],"wp:attachment":[{"href":"https:\/\/hylajams.fi\/index.php?rest_route=%2Fwp%2Fv2%2Fmedia&parent=2973"}],"wp:term":[{"taxonomy":"product_brand","embeddable":true,"href":"https:\/\/hylajams.fi\/index.php?rest_route=%2Fwp%2Fv2%2Fproduct_brand&post=2973"},{"taxonomy":"product_cat","embeddable":true,"href":"https:\/\/hylajams.fi\/index.php?rest_route=%2Fwp%2Fv2%2Fproduct_cat&post=2973"},{"taxonomy":"product_tag","embeddable":true,"href":"https:\/\/hylajams.fi\/index.php?rest_route=%2Fwp%2Fv2%2Fproduct_tag&post=2973"}],"curies":[{"name":"wp","href":"https:\/\/api.w.org\/{rel}","templated":true}]}}