{"id":2958,"date":"2021-10-18T15:34:46","date_gmt":"2021-10-18T12:34:46","guid":{"rendered":"https:\/\/hylajams.fi\/?post_type=product&#038;p=2958"},"modified":"2026-02-28T00:31:47","modified_gmt":"2026-02-27T22:31:47","slug":"hyla-vesiastian-kantokahva","status":"publish","type":"product","link":"https:\/\/hylajams.fi\/?product=hyla-vesiastian-kantokahva","title":{"rendered":"31630 Vesiastian kantokahva &#8211; GST ja EST"},"content":{"rendered":"<p><strong>HYLA vesiastian kantokahva<\/strong> on korkealaatuinen varaosa GST- ja EST-mallien vesis\u00e4ili\u00f6ihin. Kantokahva tekee s\u00e4ili\u00f6n k\u00e4sittelyst\u00e4 ja kuljettamisesta turvallista ja mukavaa. Laadukkaasta materiaalista valmistettu kahva kest\u00e4\u00e4 p\u00e4ivitt\u00e4ist\u00e4 k\u00e4ytt\u00f6\u00e4 ja takaa, ett\u00e4 vesiastia pysyy tukevasti otteessa.<\/p>\n<p>Kun vanha kahva on kulunut tai vaurioitunut, t\u00e4m\u00e4 vaihtokahva palauttaa s\u00e4ili\u00f6n k\u00e4ytt\u00f6mukavuuden ennalleen. Helppo asentaa ja luotettava k\u00e4yt\u00f6ss\u00e4 \u2013 pieni osa, jolla on suuri merkitys siivousj\u00e4rjestelm\u00e4n arjessa.<\/p>\n<p>T\u00e4ss\u00e4 sangan irrotus ohje:<\/p>\n<p><img fetchpriority=\"high\" decoding=\"async\" class=\"alignnone size-medium wp-image-11398\" src=\"https:\/\/hylajams.fi\/wp-content\/uploads\/2021\/10\/Sangan-irrotus1-300x197.jpg\" alt=\"Sangan vaihto\" width=\"300\" height=\"197\" srcset=\"https:\/\/hylajams.fi\/wp-content\/uploads\/2021\/10\/Sangan-irrotus1-300x197.jpg 300w, https:\/\/hylajams.fi\/wp-content\/uploads\/2021\/10\/Sangan-irrotus1-768x505.jpg 768w, https:\/\/hylajams.fi\/wp-content\/uploads\/2021\/10\/Sangan-irrotus1-600x394.jpg 600w, https:\/\/hylajams.fi\/wp-content\/uploads\/2021\/10\/Sangan-irrotus1.jpg 817w\" sizes=\"(max-width: 300px) 100vw, 300px\" \/> <img decoding=\"async\" class=\"alignnone  wp-image-11397\" src=\"https:\/\/hylajams.fi\/wp-content\/uploads\/2021\/10\/Sangan-irrotus-300x273.jpg\" alt=\"Sangan vaihto ja irrotus\" width=\"215\" height=\"196\" srcset=\"https:\/\/hylajams.fi\/wp-content\/uploads\/2021\/10\/Sangan-irrotus-300x273.jpg 300w, https:\/\/hylajams.fi\/wp-content\/uploads\/2021\/10\/Sangan-irrotus-600x545.jpg 600w, https:\/\/hylajams.fi\/wp-content\/uploads\/2021\/10\/Sangan-irrotus.jpg 692w\" sizes=\"(max-width: 215px) 100vw, 215px\" \/> <img decoding=\"async\" class=\"alignnone  wp-image-11396\" src=\"https:\/\/hylajams.fi\/wp-content\/uploads\/2021\/10\/Sangan-irrotus2-300x257.jpg\" alt=\"Paina vesiastiaa voimakkaasti\" width=\"230\" height=\"197\" srcset=\"https:\/\/hylajams.fi\/wp-content\/uploads\/2021\/10\/Sangan-irrotus2-300x257.jpg 300w, https:\/\/hylajams.fi\/wp-content\/uploads\/2021\/10\/Sangan-irrotus2.jpg 570w\" sizes=\"(max-width: 230px) 100vw, 230px\" \/><\/p>\n<p><strong>Tuotetiedot:<\/strong><\/p>\n<ul>\n<li>Sopii HYLA GST- ja HYLA EST -vesis\u00e4ili\u00f6ihin<\/li>\n<li>Vaihtokahva kuluneen tai rikkoutuneen tilalle<\/li>\n<li>Kest\u00e4v\u00e4 ja helppok\u00e4ytt\u00f6inen<\/li>\n<li>Parantaa s\u00e4ili\u00f6n turvallista k\u00e4sittely\u00e4<\/li>\n<\/ul>\n<p><strong><a href=\"https:\/\/hylajams.fi\/?page_id=7252\">HYLA EST TUOTTEET<\/a><\/strong><\/p>\n<p><strong><a href=\"https:\/\/hylajams.fi\/?page_id=8366\">HYLA GST TUOTTEET<\/a><\/strong><\/p>\n<p><strong><a href=\"https:\/\/www.hyla.com\/products\/products\">HYLA INTERNATIONAL<\/a><\/strong><\/p>\n","protected":false},"excerpt":{"rendered":"<p>Kest\u00e4v\u00e4 ja laadukas <strong>HYLA vesiastian kantokahva\u00a0GST- ja EST-malleihin.<\/strong> Vaihtokahva helpottaa s\u00e4ili\u00f6n k\u00e4ytt\u00f6\u00e4 ja kuljettamista.<\/p>\n","protected":false},"featured_media":8576,"template":"","meta":[],"product_brand":[],"product_cat":[951,944,773,774],"product_tag":[1824,1823,1204,1773,1131,1822,1825,1311],"class_list":{"0":"post-2958","1":"product","2":"type-product","3":"status-publish","4":"has-post-thumbnail","6":"product_cat-est-varaosat","7":"product_cat-hyla-gst-varaosat","8":"product_cat-hyla-est","9":"product_cat-hyla-gst","10":"product_tag-est-vesiastian-kahva","11":"product_tag-gst-vesiastian-kahva","12":"product_tag-hyla-est-lisaosa","13":"product_tag-hyla-gst-lisaosa","14":"product_tag-hyla-lisavaruste","15":"product_tag-hyla-vesiastian-kantokahva","16":"product_tag-imurin-lisaosa","17":"product_tag-vesiastian-kahva","18":"product_shipping_class-posti-s-paketti-11x32x3-cm-35-kg","19":"_wholesalex wsx-wholesalex-product","21":"first","22":"instock","23":"featured","24":"shipping-taxable","25":"purchasable","26":"product-type-simple"},"yoast_head":"<!-- This site is optimized with the Yoast SEO plugin v27.3 - https:\/\/yoast.com\/product\/yoast-seo-wordpress\/ -->\n<title>HYLA vesiastian kantokahva<\/title>\n<meta name=\"description\" content=\"HYLA vesiastian kantokahva GST- ja EST-malleihin. Laadukas vaihtokahva tekee vesis\u00e4ili\u00f6n kuljettamisesta turvallista ja mukavaa.\" \/>\n<meta name=\"robots\" content=\"index, follow, max-snippet:-1, max-image-preview:large, max-video-preview:-1\" \/>\n<link rel=\"canonical\" href=\"https:\/\/hylajams.fi\/?product=hyla-vesiastian-kantokahva\" \/>\n<meta property=\"og:locale\" content=\"fi_FI\" \/>\n<meta property=\"og:type\" content=\"article\" \/>\n<meta property=\"og:title\" content=\"HYLA vesiastian kantokahva\" \/>\n<meta property=\"og:description\" content=\"HYLA vesiastian kantokahva GST- ja EST-malleihin. Laadukas vaihtokahva tekee vesis\u00e4ili\u00f6n kuljettamisesta turvallista ja mukavaa.\" \/>\n<meta property=\"og:url\" content=\"https:\/\/hylajams.fi\/?product=hyla-vesiastian-kantokahva\" \/>\n<meta property=\"og:site_name\" content=\"Hyla Jams Verkkokauppa\" \/>\n<meta property=\"article:modified_time\" content=\"2026-02-27T22:31:47+00:00\" \/>\n<meta property=\"og:image\" content=\"https:\/\/hylajams.fi\/wp-content\/uploads\/2021\/10\/31630-Vesiastian-kantokahva3.jpg\" \/>\n\t<meta property=\"og:image:width\" content=\"945\" \/>\n\t<meta property=\"og:image:height\" content=\"945\" \/>\n\t<meta property=\"og:image:type\" content=\"image\/jpeg\" \/>\n<meta name=\"twitter:card\" content=\"summary_large_image\" \/>\n<meta name=\"twitter:label1\" content=\"Arvioitu lukuaika\" \/>\n\t<meta name=\"twitter:data1\" content=\"2 minuuttia\" \/>\n<script type=\"application\/ld+json\" class=\"yoast-schema-graph\">{\"@context\":\"https:\\\/\\\/schema.org\",\"@graph\":[{\"@type\":\"WebPage\",\"@id\":\"https:\\\/\\\/hylajams.fi\\\/?product=hyla-vesiastian-kantokahva\",\"url\":\"https:\\\/\\\/hylajams.fi\\\/?product=hyla-vesiastian-kantokahva\",\"name\":\"HYLA vesiastian kantokahva\",\"isPartOf\":{\"@id\":\"https:\\\/\\\/hylajams.fi\\\/#website\"},\"primaryImageOfPage\":{\"@id\":\"https:\\\/\\\/hylajams.fi\\\/?product=hyla-vesiastian-kantokahva#primaryimage\"},\"image\":{\"@id\":\"https:\\\/\\\/hylajams.fi\\\/?product=hyla-vesiastian-kantokahva#primaryimage\"},\"thumbnailUrl\":\"https:\\\/\\\/hylajams.fi\\\/wp-content\\\/uploads\\\/2021\\\/10\\\/31630-Vesiastian-kantokahva3.jpg\",\"datePublished\":\"2021-10-18T12:34:46+00:00\",\"dateModified\":\"2026-02-27T22:31:47+00:00\",\"description\":\"HYLA vesiastian kantokahva GST- ja EST-malleihin. Laadukas vaihtokahva tekee vesis\u00e4ili\u00f6n kuljettamisesta turvallista ja mukavaa.\",\"breadcrumb\":{\"@id\":\"https:\\\/\\\/hylajams.fi\\\/?product=hyla-vesiastian-kantokahva#breadcrumb\"},\"inLanguage\":\"fi\",\"potentialAction\":[{\"@type\":\"ReadAction\",\"target\":[\"https:\\\/\\\/hylajams.fi\\\/?product=hyla-vesiastian-kantokahva\"]}]},{\"@type\":\"ImageObject\",\"inLanguage\":\"fi\",\"@id\":\"https:\\\/\\\/hylajams.fi\\\/?product=hyla-vesiastian-kantokahva#primaryimage\",\"url\":\"https:\\\/\\\/hylajams.fi\\\/wp-content\\\/uploads\\\/2021\\\/10\\\/31630-Vesiastian-kantokahva3.jpg\",\"contentUrl\":\"https:\\\/\\\/hylajams.fi\\\/wp-content\\\/uploads\\\/2021\\\/10\\\/31630-Vesiastian-kantokahva3.jpg\",\"width\":945,\"height\":945,\"caption\":\"HYLA vesiastian kantokahva\"},{\"@type\":\"BreadcrumbList\",\"@id\":\"https:\\\/\\\/hylajams.fi\\\/?product=hyla-vesiastian-kantokahva#breadcrumb\",\"itemListElement\":[{\"@type\":\"ListItem\",\"position\":1,\"name\":\"Etusivu\",\"item\":\"https:\\\/\\\/hylajams.fi\\\/\"},{\"@type\":\"ListItem\",\"position\":2,\"name\":\"VERKKOKAUPPA\",\"item\":\"https:\\\/\\\/hylajams.fi\\\/?page_id=9\"},{\"@type\":\"ListItem\",\"position\":3,\"name\":\"31630 Vesiastian kantokahva &#8211; GST ja EST\"}]},{\"@type\":\"WebSite\",\"@id\":\"https:\\\/\\\/hylajams.fi\\\/#website\",\"url\":\"https:\\\/\\\/hylajams.fi\\\/\",\"name\":\"Hyla Jams Verkkokauppa\",\"description\":\"Hyla ilman- ja huoneen puhdistusj\u00e4rjestelm\u00e4 Suomessa\",\"publisher\":{\"@id\":\"https:\\\/\\\/hylajams.fi\\\/#organization\"},\"potentialAction\":[{\"@type\":\"SearchAction\",\"target\":{\"@type\":\"EntryPoint\",\"urlTemplate\":\"https:\\\/\\\/hylajams.fi\\\/?s={search_term_string}\"},\"query-input\":{\"@type\":\"PropertyValueSpecification\",\"valueRequired\":true,\"valueName\":\"search_term_string\"}}],\"inLanguage\":\"fi\"},{\"@type\":\"Organization\",\"@id\":\"https:\\\/\\\/hylajams.fi\\\/#organization\",\"name\":\"Hyla Jams Verkkokauppa\",\"url\":\"https:\\\/\\\/hylajams.fi\\\/\",\"logo\":{\"@type\":\"ImageObject\",\"inLanguage\":\"fi\",\"@id\":\"https:\\\/\\\/hylajams.fi\\\/#\\\/schema\\\/logo\\\/image\\\/\",\"url\":\"https:\\\/\\\/hylajams.fi\\\/wp-content\\\/uploads\\\/2025\\\/02\\\/Logo-1-2.jpg\",\"contentUrl\":\"https:\\\/\\\/hylajams.fi\\\/wp-content\\\/uploads\\\/2025\\\/02\\\/Logo-1-2.jpg\",\"width\":500,\"height\":500,\"caption\":\"Hyla Jams Verkkokauppa\"},\"image\":{\"@id\":\"https:\\\/\\\/hylajams.fi\\\/#\\\/schema\\\/logo\\\/image\\\/\"},\"sameAs\":[\"https:\\\/\\\/www.instagram.com\\\/hylasiivous\\\/\"]}]}<\/script>\n<!-- \/ Yoast SEO plugin. -->","yoast_head_json":{"title":"HYLA vesiastian kantokahva","description":"HYLA vesiastian kantokahva GST- ja EST-malleihin. Laadukas vaihtokahva tekee vesis\u00e4ili\u00f6n kuljettamisesta turvallista ja mukavaa.","robots":{"index":"index","follow":"follow","max-snippet":"max-snippet:-1","max-image-preview":"max-image-preview:large","max-video-preview":"max-video-preview:-1"},"canonical":"https:\/\/hylajams.fi\/?product=hyla-vesiastian-kantokahva","og_locale":"fi_FI","og_type":"article","og_title":"HYLA vesiastian kantokahva","og_description":"HYLA vesiastian kantokahva GST- ja EST-malleihin. Laadukas vaihtokahva tekee vesis\u00e4ili\u00f6n kuljettamisesta turvallista ja mukavaa.","og_url":"https:\/\/hylajams.fi\/?product=hyla-vesiastian-kantokahva","og_site_name":"Hyla Jams Verkkokauppa","article_modified_time":"2026-02-27T22:31:47+00:00","og_image":[{"width":945,"height":945,"url":"https:\/\/hylajams.fi\/wp-content\/uploads\/2021\/10\/31630-Vesiastian-kantokahva3.jpg","type":"image\/jpeg"}],"twitter_card":"summary_large_image","twitter_misc":{"Arvioitu lukuaika":"2 minuuttia"},"schema":{"@context":"https:\/\/schema.org","@graph":[{"@type":"WebPage","@id":"https:\/\/hylajams.fi\/?product=hyla-vesiastian-kantokahva","url":"https:\/\/hylajams.fi\/?product=hyla-vesiastian-kantokahva","name":"HYLA vesiastian kantokahva","isPartOf":{"@id":"https:\/\/hylajams.fi\/#website"},"primaryImageOfPage":{"@id":"https:\/\/hylajams.fi\/?product=hyla-vesiastian-kantokahva#primaryimage"},"image":{"@id":"https:\/\/hylajams.fi\/?product=hyla-vesiastian-kantokahva#primaryimage"},"thumbnailUrl":"https:\/\/hylajams.fi\/wp-content\/uploads\/2021\/10\/31630-Vesiastian-kantokahva3.jpg","datePublished":"2021-10-18T12:34:46+00:00","dateModified":"2026-02-27T22:31:47+00:00","description":"HYLA vesiastian kantokahva GST- ja EST-malleihin. Laadukas vaihtokahva tekee vesis\u00e4ili\u00f6n kuljettamisesta turvallista ja mukavaa.","breadcrumb":{"@id":"https:\/\/hylajams.fi\/?product=hyla-vesiastian-kantokahva#breadcrumb"},"inLanguage":"fi","potentialAction":[{"@type":"ReadAction","target":["https:\/\/hylajams.fi\/?product=hyla-vesiastian-kantokahva"]}]},{"@type":"ImageObject","inLanguage":"fi","@id":"https:\/\/hylajams.fi\/?product=hyla-vesiastian-kantokahva#primaryimage","url":"https:\/\/hylajams.fi\/wp-content\/uploads\/2021\/10\/31630-Vesiastian-kantokahva3.jpg","contentUrl":"https:\/\/hylajams.fi\/wp-content\/uploads\/2021\/10\/31630-Vesiastian-kantokahva3.jpg","width":945,"height":945,"caption":"HYLA vesiastian kantokahva"},{"@type":"BreadcrumbList","@id":"https:\/\/hylajams.fi\/?product=hyla-vesiastian-kantokahva#breadcrumb","itemListElement":[{"@type":"ListItem","position":1,"name":"Etusivu","item":"https:\/\/hylajams.fi\/"},{"@type":"ListItem","position":2,"name":"VERKKOKAUPPA","item":"https:\/\/hylajams.fi\/?page_id=9"},{"@type":"ListItem","position":3,"name":"31630 Vesiastian kantokahva &#8211; GST ja EST"}]},{"@type":"WebSite","@id":"https:\/\/hylajams.fi\/#website","url":"https:\/\/hylajams.fi\/","name":"Hyla Jams Verkkokauppa","description":"Hyla ilman- ja huoneen puhdistusj\u00e4rjestelm\u00e4 Suomessa","publisher":{"@id":"https:\/\/hylajams.fi\/#organization"},"potentialAction":[{"@type":"SearchAction","target":{"@type":"EntryPoint","urlTemplate":"https:\/\/hylajams.fi\/?s={search_term_string}"},"query-input":{"@type":"PropertyValueSpecification","valueRequired":true,"valueName":"search_term_string"}}],"inLanguage":"fi"},{"@type":"Organization","@id":"https:\/\/hylajams.fi\/#organization","name":"Hyla Jams Verkkokauppa","url":"https:\/\/hylajams.fi\/","logo":{"@type":"ImageObject","inLanguage":"fi","@id":"https:\/\/hylajams.fi\/#\/schema\/logo\/image\/","url":"https:\/\/hylajams.fi\/wp-content\/uploads\/2025\/02\/Logo-1-2.jpg","contentUrl":"https:\/\/hylajams.fi\/wp-content\/uploads\/2025\/02\/Logo-1-2.jpg","width":500,"height":500,"caption":"Hyla Jams Verkkokauppa"},"image":{"@id":"https:\/\/hylajams.fi\/#\/schema\/logo\/image\/"},"sameAs":["https:\/\/www.instagram.com\/hylasiivous\/"]}]}},"_links":{"self":[{"href":"https:\/\/hylajams.fi\/index.php?rest_route=\/wp\/v2\/product\/2958","targetHints":{"allow":["GET"]}}],"collection":[{"href":"https:\/\/hylajams.fi\/index.php?rest_route=\/wp\/v2\/product"}],"about":[{"href":"https:\/\/hylajams.fi\/index.php?rest_route=\/wp\/v2\/types\/product"}],"version-history":[{"count":3,"href":"https:\/\/hylajams.fi\/index.php?rest_route=\/wp\/v2\/product\/2958\/revisions"}],"predecessor-version":[{"id":11399,"href":"https:\/\/hylajams.fi\/index.php?rest_route=\/wp\/v2\/product\/2958\/revisions\/11399"}],"wp:featuredmedia":[{"embeddable":true,"href":"https:\/\/hylajams.fi\/index.php?rest_route=\/wp\/v2\/media\/8576"}],"wp:attachment":[{"href":"https:\/\/hylajams.fi\/index.php?rest_route=%2Fwp%2Fv2%2Fmedia&parent=2958"}],"wp:term":[{"taxonomy":"product_brand","embeddable":true,"href":"https:\/\/hylajams.fi\/index.php?rest_route=%2Fwp%2Fv2%2Fproduct_brand&post=2958"},{"taxonomy":"product_cat","embeddable":true,"href":"https:\/\/hylajams.fi\/index.php?rest_route=%2Fwp%2Fv2%2Fproduct_cat&post=2958"},{"taxonomy":"product_tag","embeddable":true,"href":"https:\/\/hylajams.fi\/index.php?rest_route=%2Fwp%2Fv2%2Fproduct_tag&post=2958"}],"curies":[{"name":"wp","href":"https:\/\/api.w.org\/{rel}","templated":true}]}}