{"id":2946,"date":"2021-10-18T14:27:30","date_gmt":"2021-10-18T11:27:30","guid":{"rendered":"https:\/\/hylajams.fi\/?post_type=product&#038;p=2946"},"modified":"2026-02-28T01:12:23","modified_gmt":"2026-02-27T23:12:23","slug":"hyla-nst-kahvan-merkkiosa","status":"publish","type":"product","link":"https:\/\/hylajams.fi\/?product=hyla-nst-kahvan-merkkiosa","title":{"rendered":"13223 Hyla NST kahvan merkkiosa"},"content":{"rendered":"<p><strong>HYLA NST kahvan merkkiosa<\/strong><\/p>\n<p>HYLA NST kahvan merkkiosa palauttaa kantorivan logon kadonneen tai vaurioituneen tilalle. T\u00e4m\u00e4 alkuper\u00e4inen varaosa on suunniteltu erityisesti NST-malliin, eik\u00e4 se sovi GST- tai EST-malleihin.<\/p>\n<p>Logo-osa on helppo asentaa itse, eik\u00e4 siihen tarvita erikoisty\u00f6kaluja. Se viimeistelee Hylan ulkon\u00e4\u00f6n ja s\u00e4ilytt\u00e4\u00e4 laitteen tyylikk\u00e4\u00e4n ja siistin ilmeen.<\/p>\n<p>Pid\u00e4 Hyla n\u00e4ytt\u00e4v\u00e4n ja alkuper\u00e4isen n\u00e4k\u00f6isen\u00e4 \u2013 tilaa tarvittaessa kahvan merkkiosa helposti verkkokaupasta.<\/p>\n<p><strong>Tuotetiedot:<\/strong><\/p>\n<ul>\n<li>Sopii vain HYLA NST -malliin<\/li>\n<li>Vaihtaa kadonneen tai rikkoutuneen logon<\/li>\n<li>Helppo asentaa itse<\/li>\n<li>Ei sovellu GST- tai EST-malleihin<\/li>\n<\/ul>\n<p><strong><a href=\"https:\/\/hylajams.fi\/?page_id=8371\">HYLA NST TUOTTEET<\/a><\/strong><\/p>\n<p><strong><a href=\"https:\/\/www.hyla.com\/products\/products\">HYLA INTERNATIONAL<\/a><\/strong><\/p>\n","protected":false},"excerpt":{"rendered":"<p><strong>HYLA NST kahvan logo-osa<\/strong> kadonneen tilalle. Helppo asentaa itse. Sopii vain NST-malliin.<\/p>\n","protected":false},"featured_media":2950,"template":"","meta":[],"product_brand":[],"product_cat":[775,847],"product_tag":[1131,1316,1792,1817,482,754],"class_list":{"0":"post-2946","1":"product","2":"type-product","3":"status-publish","4":"has-post-thumbnail","6":"product_cat-hyla-nst","7":"product_cat-hyla-nst-varaosat","8":"product_tag-hyla-lisavaruste","9":"product_tag-hyla-nst-kahvan-merkkiosa","10":"product_tag-hyla-nst-lisaosa","11":"product_tag-imurin-osa","12":"product_tag-kahvan-merkki","13":"product_tag-kahvan-osa","14":"product_shipping_class-posti-xxs-paketti-35x25x3-cm-2-kg","15":"_wholesalex wsx-wholesalex-product","17":"first","18":"instock","19":"featured","20":"shipping-taxable","21":"purchasable","22":"product-type-simple"},"yoast_head":"<!-- This site is optimized with the Yoast SEO plugin v27.3 - https:\/\/yoast.com\/product\/yoast-seo-wordpress\/ -->\n<title>HYLA NST kahvan merkkiosa \u2013 kantorivan logo NST-malliin<\/title>\n<meta name=\"description\" content=\"HYLA NST kahvan merkkiosa \u2013 tilaa alkuper\u00e4inen logo rikkoontuneen tai kadonneen tilalle. Helppo asentaa itse. Sopii vain NST-malliin.\" \/>\n<meta name=\"robots\" content=\"index, follow, max-snippet:-1, max-image-preview:large, max-video-preview:-1\" \/>\n<link rel=\"canonical\" href=\"https:\/\/hylajams.fi\/?product=hyla-nst-kahvan-merkkiosa\" \/>\n<meta property=\"og:locale\" content=\"fi_FI\" \/>\n<meta property=\"og:type\" content=\"article\" \/>\n<meta property=\"og:title\" content=\"HYLA NST kahvan merkkiosa \u2013 kantorivan logo NST-malliin\" \/>\n<meta property=\"og:description\" content=\"HYLA NST kahvan merkkiosa \u2013 tilaa alkuper\u00e4inen logo rikkoontuneen tai kadonneen tilalle. Helppo asentaa itse. Sopii vain NST-malliin.\" \/>\n<meta property=\"og:url\" content=\"https:\/\/hylajams.fi\/?product=hyla-nst-kahvan-merkkiosa\" \/>\n<meta property=\"og:site_name\" content=\"Hyla Jams Verkkokauppa\" \/>\n<meta property=\"article:modified_time\" content=\"2026-02-27T23:12:23+00:00\" \/>\n<meta property=\"og:image\" content=\"https:\/\/hylajams.fi\/wp-content\/uploads\/2021\/10\/13223-HYLA-NST-Kahvan-merkkiosa4.jpg\" \/>\n\t<meta property=\"og:image:width\" content=\"640\" \/>\n\t<meta property=\"og:image:height\" content=\"480\" \/>\n\t<meta property=\"og:image:type\" content=\"image\/jpeg\" \/>\n<meta name=\"twitter:card\" content=\"summary_large_image\" \/>\n<meta name=\"twitter:label1\" content=\"Arvioitu lukuaika\" \/>\n\t<meta name=\"twitter:data1\" content=\"1 minuutti\" \/>\n<script type=\"application\/ld+json\" class=\"yoast-schema-graph\">{\"@context\":\"https:\\\/\\\/schema.org\",\"@graph\":[{\"@type\":\"WebPage\",\"@id\":\"https:\\\/\\\/hylajams.fi\\\/?product=hyla-nst-kahvan-merkkiosa\",\"url\":\"https:\\\/\\\/hylajams.fi\\\/?product=hyla-nst-kahvan-merkkiosa\",\"name\":\"HYLA NST kahvan merkkiosa \u2013 kantorivan logo NST-malliin\",\"isPartOf\":{\"@id\":\"https:\\\/\\\/hylajams.fi\\\/#website\"},\"primaryImageOfPage\":{\"@id\":\"https:\\\/\\\/hylajams.fi\\\/?product=hyla-nst-kahvan-merkkiosa#primaryimage\"},\"image\":{\"@id\":\"https:\\\/\\\/hylajams.fi\\\/?product=hyla-nst-kahvan-merkkiosa#primaryimage\"},\"thumbnailUrl\":\"https:\\\/\\\/hylajams.fi\\\/wp-content\\\/uploads\\\/2021\\\/10\\\/13223-HYLA-NST-Kahvan-merkkiosa4.jpg\",\"datePublished\":\"2021-10-18T11:27:30+00:00\",\"dateModified\":\"2026-02-27T23:12:23+00:00\",\"description\":\"HYLA NST kahvan merkkiosa \u2013 tilaa alkuper\u00e4inen logo rikkoontuneen tai kadonneen tilalle. Helppo asentaa itse. Sopii vain NST-malliin.\",\"breadcrumb\":{\"@id\":\"https:\\\/\\\/hylajams.fi\\\/?product=hyla-nst-kahvan-merkkiosa#breadcrumb\"},\"inLanguage\":\"fi\",\"potentialAction\":[{\"@type\":\"ReadAction\",\"target\":[\"https:\\\/\\\/hylajams.fi\\\/?product=hyla-nst-kahvan-merkkiosa\"]}]},{\"@type\":\"ImageObject\",\"inLanguage\":\"fi\",\"@id\":\"https:\\\/\\\/hylajams.fi\\\/?product=hyla-nst-kahvan-merkkiosa#primaryimage\",\"url\":\"https:\\\/\\\/hylajams.fi\\\/wp-content\\\/uploads\\\/2021\\\/10\\\/13223-HYLA-NST-Kahvan-merkkiosa4.jpg\",\"contentUrl\":\"https:\\\/\\\/hylajams.fi\\\/wp-content\\\/uploads\\\/2021\\\/10\\\/13223-HYLA-NST-Kahvan-merkkiosa4.jpg\",\"width\":640,\"height\":480,\"caption\":\"HYLA NST kahvan merkkiosa\"},{\"@type\":\"BreadcrumbList\",\"@id\":\"https:\\\/\\\/hylajams.fi\\\/?product=hyla-nst-kahvan-merkkiosa#breadcrumb\",\"itemListElement\":[{\"@type\":\"ListItem\",\"position\":1,\"name\":\"Etusivu\",\"item\":\"https:\\\/\\\/hylajams.fi\\\/\"},{\"@type\":\"ListItem\",\"position\":2,\"name\":\"VERKKOKAUPPA\",\"item\":\"https:\\\/\\\/hylajams.fi\\\/?page_id=9\"},{\"@type\":\"ListItem\",\"position\":3,\"name\":\"13223 Hyla NST kahvan merkkiosa\"}]},{\"@type\":\"WebSite\",\"@id\":\"https:\\\/\\\/hylajams.fi\\\/#website\",\"url\":\"https:\\\/\\\/hylajams.fi\\\/\",\"name\":\"Hyla Jams Verkkokauppa\",\"description\":\"Hyla ilman- ja huoneen puhdistusj\u00e4rjestelm\u00e4 Suomessa\",\"publisher\":{\"@id\":\"https:\\\/\\\/hylajams.fi\\\/#organization\"},\"potentialAction\":[{\"@type\":\"SearchAction\",\"target\":{\"@type\":\"EntryPoint\",\"urlTemplate\":\"https:\\\/\\\/hylajams.fi\\\/?s={search_term_string}\"},\"query-input\":{\"@type\":\"PropertyValueSpecification\",\"valueRequired\":true,\"valueName\":\"search_term_string\"}}],\"inLanguage\":\"fi\"},{\"@type\":\"Organization\",\"@id\":\"https:\\\/\\\/hylajams.fi\\\/#organization\",\"name\":\"Hyla Jams Verkkokauppa\",\"url\":\"https:\\\/\\\/hylajams.fi\\\/\",\"logo\":{\"@type\":\"ImageObject\",\"inLanguage\":\"fi\",\"@id\":\"https:\\\/\\\/hylajams.fi\\\/#\\\/schema\\\/logo\\\/image\\\/\",\"url\":\"https:\\\/\\\/hylajams.fi\\\/wp-content\\\/uploads\\\/2025\\\/02\\\/Logo-1-2.jpg\",\"contentUrl\":\"https:\\\/\\\/hylajams.fi\\\/wp-content\\\/uploads\\\/2025\\\/02\\\/Logo-1-2.jpg\",\"width\":500,\"height\":500,\"caption\":\"Hyla Jams Verkkokauppa\"},\"image\":{\"@id\":\"https:\\\/\\\/hylajams.fi\\\/#\\\/schema\\\/logo\\\/image\\\/\"},\"sameAs\":[\"https:\\\/\\\/www.instagram.com\\\/hylasiivous\\\/\"]}]}<\/script>\n<!-- \/ Yoast SEO plugin. -->","yoast_head_json":{"title":"HYLA NST kahvan merkkiosa \u2013 kantorivan logo NST-malliin","description":"HYLA NST kahvan merkkiosa \u2013 tilaa alkuper\u00e4inen logo rikkoontuneen tai kadonneen tilalle. Helppo asentaa itse. Sopii vain NST-malliin.","robots":{"index":"index","follow":"follow","max-snippet":"max-snippet:-1","max-image-preview":"max-image-preview:large","max-video-preview":"max-video-preview:-1"},"canonical":"https:\/\/hylajams.fi\/?product=hyla-nst-kahvan-merkkiosa","og_locale":"fi_FI","og_type":"article","og_title":"HYLA NST kahvan merkkiosa \u2013 kantorivan logo NST-malliin","og_description":"HYLA NST kahvan merkkiosa \u2013 tilaa alkuper\u00e4inen logo rikkoontuneen tai kadonneen tilalle. Helppo asentaa itse. Sopii vain NST-malliin.","og_url":"https:\/\/hylajams.fi\/?product=hyla-nst-kahvan-merkkiosa","og_site_name":"Hyla Jams Verkkokauppa","article_modified_time":"2026-02-27T23:12:23+00:00","og_image":[{"width":640,"height":480,"url":"https:\/\/hylajams.fi\/wp-content\/uploads\/2021\/10\/13223-HYLA-NST-Kahvan-merkkiosa4.jpg","type":"image\/jpeg"}],"twitter_card":"summary_large_image","twitter_misc":{"Arvioitu lukuaika":"1 minuutti"},"schema":{"@context":"https:\/\/schema.org","@graph":[{"@type":"WebPage","@id":"https:\/\/hylajams.fi\/?product=hyla-nst-kahvan-merkkiosa","url":"https:\/\/hylajams.fi\/?product=hyla-nst-kahvan-merkkiosa","name":"HYLA NST kahvan merkkiosa \u2013 kantorivan logo NST-malliin","isPartOf":{"@id":"https:\/\/hylajams.fi\/#website"},"primaryImageOfPage":{"@id":"https:\/\/hylajams.fi\/?product=hyla-nst-kahvan-merkkiosa#primaryimage"},"image":{"@id":"https:\/\/hylajams.fi\/?product=hyla-nst-kahvan-merkkiosa#primaryimage"},"thumbnailUrl":"https:\/\/hylajams.fi\/wp-content\/uploads\/2021\/10\/13223-HYLA-NST-Kahvan-merkkiosa4.jpg","datePublished":"2021-10-18T11:27:30+00:00","dateModified":"2026-02-27T23:12:23+00:00","description":"HYLA NST kahvan merkkiosa \u2013 tilaa alkuper\u00e4inen logo rikkoontuneen tai kadonneen tilalle. Helppo asentaa itse. Sopii vain NST-malliin.","breadcrumb":{"@id":"https:\/\/hylajams.fi\/?product=hyla-nst-kahvan-merkkiosa#breadcrumb"},"inLanguage":"fi","potentialAction":[{"@type":"ReadAction","target":["https:\/\/hylajams.fi\/?product=hyla-nst-kahvan-merkkiosa"]}]},{"@type":"ImageObject","inLanguage":"fi","@id":"https:\/\/hylajams.fi\/?product=hyla-nst-kahvan-merkkiosa#primaryimage","url":"https:\/\/hylajams.fi\/wp-content\/uploads\/2021\/10\/13223-HYLA-NST-Kahvan-merkkiosa4.jpg","contentUrl":"https:\/\/hylajams.fi\/wp-content\/uploads\/2021\/10\/13223-HYLA-NST-Kahvan-merkkiosa4.jpg","width":640,"height":480,"caption":"HYLA NST kahvan merkkiosa"},{"@type":"BreadcrumbList","@id":"https:\/\/hylajams.fi\/?product=hyla-nst-kahvan-merkkiosa#breadcrumb","itemListElement":[{"@type":"ListItem","position":1,"name":"Etusivu","item":"https:\/\/hylajams.fi\/"},{"@type":"ListItem","position":2,"name":"VERKKOKAUPPA","item":"https:\/\/hylajams.fi\/?page_id=9"},{"@type":"ListItem","position":3,"name":"13223 Hyla NST kahvan merkkiosa"}]},{"@type":"WebSite","@id":"https:\/\/hylajams.fi\/#website","url":"https:\/\/hylajams.fi\/","name":"Hyla Jams Verkkokauppa","description":"Hyla ilman- ja huoneen puhdistusj\u00e4rjestelm\u00e4 Suomessa","publisher":{"@id":"https:\/\/hylajams.fi\/#organization"},"potentialAction":[{"@type":"SearchAction","target":{"@type":"EntryPoint","urlTemplate":"https:\/\/hylajams.fi\/?s={search_term_string}"},"query-input":{"@type":"PropertyValueSpecification","valueRequired":true,"valueName":"search_term_string"}}],"inLanguage":"fi"},{"@type":"Organization","@id":"https:\/\/hylajams.fi\/#organization","name":"Hyla Jams Verkkokauppa","url":"https:\/\/hylajams.fi\/","logo":{"@type":"ImageObject","inLanguage":"fi","@id":"https:\/\/hylajams.fi\/#\/schema\/logo\/image\/","url":"https:\/\/hylajams.fi\/wp-content\/uploads\/2025\/02\/Logo-1-2.jpg","contentUrl":"https:\/\/hylajams.fi\/wp-content\/uploads\/2025\/02\/Logo-1-2.jpg","width":500,"height":500,"caption":"Hyla Jams Verkkokauppa"},"image":{"@id":"https:\/\/hylajams.fi\/#\/schema\/logo\/image\/"},"sameAs":["https:\/\/www.instagram.com\/hylasiivous\/"]}]}},"_links":{"self":[{"href":"https:\/\/hylajams.fi\/index.php?rest_route=\/wp\/v2\/product\/2946","targetHints":{"allow":["GET"]}}],"collection":[{"href":"https:\/\/hylajams.fi\/index.php?rest_route=\/wp\/v2\/product"}],"about":[{"href":"https:\/\/hylajams.fi\/index.php?rest_route=\/wp\/v2\/types\/product"}],"version-history":[{"count":5,"href":"https:\/\/hylajams.fi\/index.php?rest_route=\/wp\/v2\/product\/2946\/revisions"}],"predecessor-version":[{"id":13200,"href":"https:\/\/hylajams.fi\/index.php?rest_route=\/wp\/v2\/product\/2946\/revisions\/13200"}],"wp:featuredmedia":[{"embeddable":true,"href":"https:\/\/hylajams.fi\/index.php?rest_route=\/wp\/v2\/media\/2950"}],"wp:attachment":[{"href":"https:\/\/hylajams.fi\/index.php?rest_route=%2Fwp%2Fv2%2Fmedia&parent=2946"}],"wp:term":[{"taxonomy":"product_brand","embeddable":true,"href":"https:\/\/hylajams.fi\/index.php?rest_route=%2Fwp%2Fv2%2Fproduct_brand&post=2946"},{"taxonomy":"product_cat","embeddable":true,"href":"https:\/\/hylajams.fi\/index.php?rest_route=%2Fwp%2Fv2%2Fproduct_cat&post=2946"},{"taxonomy":"product_tag","embeddable":true,"href":"https:\/\/hylajams.fi\/index.php?rest_route=%2Fwp%2Fv2%2Fproduct_tag&post=2946"}],"curies":[{"name":"wp","href":"https:\/\/api.w.org\/{rel}","templated":true}]}}