{"id":2935,"date":"2021-10-18T14:16:57","date_gmt":"2021-10-18T11:16:57","guid":{"rendered":"https:\/\/hylajams.fi\/?post_type=product&#038;p=2935"},"modified":"2026-02-28T00:47:56","modified_gmt":"2026-02-27T22:47:56","slug":"hyla-sahkomoottoriharjan-jakohihna","status":"publish","type":"product","link":"https:\/\/hylajams.fi\/?product=hyla-sahkomoottoriharjan-jakohihna","title":{"rendered":"14906 Hyla s\u00e4hk\u00f6moottoriharjan jakohihna"},"content":{"rendered":"<p><strong>HYLA s\u00e4hk\u00f6moottoriharjan jakohihna<\/strong><\/p>\n<p>HYLA s\u00e4hk\u00f6moottoriharjan jakohihna on alkuper\u00e4inen varaosa, joka varmistaa moottoriharjan toiminnan sujuvasti. Jakohihna kiert\u00e4\u00e4 harjan akselin ja mahdollistaa harjan tehokkaan py\u00f6rimisen. Jakohihna sopii kaikkien Hyla mallien s\u00e4hk\u00f6moottoriharjaan.<\/p>\n<p>S\u00e4hk\u00f6moottoriharjaan tarvitaan vain yksi jakohihna, ja sen vaihtaminen on helppoa ja nopeaa. Hihna on kest\u00e4v\u00e4 ja pitk\u00e4ik\u00e4inen, joten se takaa laitteen luotettavan toiminnan pitk\u00e4\u00e4n.<\/p>\n<p>Varaamalla ja asentamalla uuden jakohihnan varmistat, ett\u00e4 HYLA s\u00e4hk\u00f6moottoriharja toimii t\u00e4ydell\u00e4 teholla ja ett\u00e4 siivousj\u00e4lki pysyy tasaisena.<\/p>\n<p><strong>Tuotetiedot:<\/strong><\/p>\n<ul>\n<li>Sopii HYLA s\u00e4hk\u00f6moottoriharjaan<\/li>\n<li>Vain yksi jakohihna tarvitaan<\/li>\n<li>Kest\u00e4v\u00e4 ja pitk\u00e4ik\u00e4inen<\/li>\n<li>Helppo vaihtaa itse<\/li>\n<\/ul>\n<p><strong><a href=\"https:\/\/hylajams.fi\/?page_id=7252\">HYLA EST TUOTTEET<\/a><\/strong><\/p>\n<p><strong><a href=\"https:\/\/hylajams.fi\/?page_id=8366\">HYLA GST TUOTTEET<\/a><\/strong><\/p>\n<p><strong><a href=\"https:\/\/hylajams.fi\/?page_id=8371\">HYLA NST TUOTTEET<\/a><\/strong><\/p>\n<p><strong><a href=\"https:\/\/www.hyla.com\/products\/products\">HYLA INTERNATIONAL<\/a><\/strong><\/p>\n","protected":false},"excerpt":{"rendered":"<p><strong>HYLA s\u00e4hk\u00f6moottoriharjan jakohihna<\/strong> \u2013 kest\u00e4v\u00e4 ja helppo vaihtaa. Tarvitaan vain yksi hihna s\u00e4hk\u00f6moottoriharjaan.<\/p>\n","protected":false},"featured_media":2936,"template":"","meta":[],"product_brand":[],"product_cat":[944,774,775,847],"product_tag":[1868,1866,1754,1318,1867,1869,1828],"class_list":{"0":"post-2935","1":"product","2":"type-product","3":"status-publish","4":"has-post-thumbnail","6":"product_cat-hyla-gst-varaosat","7":"product_cat-hyla-gst","8":"product_cat-hyla-nst","9":"product_cat-hyla-nst-varaosat","10":"product_tag-est-jakohihna","11":"product_tag-gst-jakohihna","12":"product_tag-hyla-lisaosa","13":"product_tag-hyla-sahkomoottoriharjan-jakohihna","14":"product_tag-nst-jakohihna","15":"product_tag-sahkoharjan-hihna","16":"product_tag-sahkomoottoriharja-lisavaruste","17":"product_shipping_class-posti-xxs-paketti-35x25x3-cm-2-kg","18":"_wholesalex wsx-wholesalex-product","20":"first","21":"instock","22":"featured","23":"shipping-taxable","24":"purchasable","25":"product-type-simple"},"yoast_head":"<!-- This site is optimized with the Yoast SEO plugin v27.3 - https:\/\/yoast.com\/product\/yoast-seo-wordpress\/ -->\n<title>HYLA s\u00e4hk\u00f6moottoriharjan jakohihna \u2013 s\u00e4hk\u00f6harjan varaosa<\/title>\n<meta name=\"description\" content=\"HYLA s\u00e4hk\u00f6moottoriharjan jakohihna \u2013 kest\u00e4v\u00e4 ja helppo vaihtaa. Tarvitaan vain yksi hihna, varmistaa harjan tehokkaan py\u00f6rimisen.\" \/>\n<meta name=\"robots\" content=\"index, follow, max-snippet:-1, max-image-preview:large, max-video-preview:-1\" \/>\n<link rel=\"canonical\" href=\"https:\/\/hylajams.fi\/?product=hyla-sahkomoottoriharjan-jakohihna\" \/>\n<meta property=\"og:locale\" content=\"fi_FI\" \/>\n<meta property=\"og:type\" content=\"article\" \/>\n<meta property=\"og:title\" content=\"HYLA s\u00e4hk\u00f6moottoriharjan jakohihna \u2013 s\u00e4hk\u00f6harjan varaosa\" \/>\n<meta property=\"og:description\" content=\"HYLA s\u00e4hk\u00f6moottoriharjan jakohihna \u2013 kest\u00e4v\u00e4 ja helppo vaihtaa. Tarvitaan vain yksi hihna, varmistaa harjan tehokkaan py\u00f6rimisen.\" \/>\n<meta property=\"og:url\" content=\"https:\/\/hylajams.fi\/?product=hyla-sahkomoottoriharjan-jakohihna\" \/>\n<meta property=\"og:site_name\" content=\"Hyla Jams Verkkokauppa\" \/>\n<meta property=\"article:modified_time\" content=\"2026-02-27T22:47:56+00:00\" \/>\n<meta property=\"og:image\" content=\"https:\/\/hylajams.fi\/wp-content\/uploads\/2021\/10\/14906-Jakohihna-sahkomoottoriharjaan.jpg\" \/>\n\t<meta property=\"og:image:width\" content=\"1280\" \/>\n\t<meta property=\"og:image:height\" content=\"1088\" \/>\n\t<meta property=\"og:image:type\" content=\"image\/jpeg\" \/>\n<meta name=\"twitter:card\" content=\"summary_large_image\" \/>\n<meta name=\"twitter:label1\" content=\"Arvioitu lukuaika\" \/>\n\t<meta name=\"twitter:data1\" content=\"1 minuutti\" \/>\n<script type=\"application\/ld+json\" class=\"yoast-schema-graph\">{\"@context\":\"https:\\\/\\\/schema.org\",\"@graph\":[{\"@type\":\"WebPage\",\"@id\":\"https:\\\/\\\/hylajams.fi\\\/?product=hyla-sahkomoottoriharjan-jakohihna\",\"url\":\"https:\\\/\\\/hylajams.fi\\\/?product=hyla-sahkomoottoriharjan-jakohihna\",\"name\":\"HYLA s\u00e4hk\u00f6moottoriharjan jakohihna \u2013 s\u00e4hk\u00f6harjan varaosa\",\"isPartOf\":{\"@id\":\"https:\\\/\\\/hylajams.fi\\\/#website\"},\"primaryImageOfPage\":{\"@id\":\"https:\\\/\\\/hylajams.fi\\\/?product=hyla-sahkomoottoriharjan-jakohihna#primaryimage\"},\"image\":{\"@id\":\"https:\\\/\\\/hylajams.fi\\\/?product=hyla-sahkomoottoriharjan-jakohihna#primaryimage\"},\"thumbnailUrl\":\"https:\\\/\\\/hylajams.fi\\\/wp-content\\\/uploads\\\/2021\\\/10\\\/14906-Jakohihna-sahkomoottoriharjaan.jpg\",\"datePublished\":\"2021-10-18T11:16:57+00:00\",\"dateModified\":\"2026-02-27T22:47:56+00:00\",\"description\":\"HYLA s\u00e4hk\u00f6moottoriharjan jakohihna \u2013 kest\u00e4v\u00e4 ja helppo vaihtaa. Tarvitaan vain yksi hihna, varmistaa harjan tehokkaan py\u00f6rimisen.\",\"breadcrumb\":{\"@id\":\"https:\\\/\\\/hylajams.fi\\\/?product=hyla-sahkomoottoriharjan-jakohihna#breadcrumb\"},\"inLanguage\":\"fi\",\"potentialAction\":[{\"@type\":\"ReadAction\",\"target\":[\"https:\\\/\\\/hylajams.fi\\\/?product=hyla-sahkomoottoriharjan-jakohihna\"]}]},{\"@type\":\"ImageObject\",\"inLanguage\":\"fi\",\"@id\":\"https:\\\/\\\/hylajams.fi\\\/?product=hyla-sahkomoottoriharjan-jakohihna#primaryimage\",\"url\":\"https:\\\/\\\/hylajams.fi\\\/wp-content\\\/uploads\\\/2021\\\/10\\\/14906-Jakohihna-sahkomoottoriharjaan.jpg\",\"contentUrl\":\"https:\\\/\\\/hylajams.fi\\\/wp-content\\\/uploads\\\/2021\\\/10\\\/14906-Jakohihna-sahkomoottoriharjaan.jpg\",\"width\":1280,\"height\":1088,\"caption\":\"HYLA s\u00e4hk\u00f6moottoriharjan jakohihna\"},{\"@type\":\"BreadcrumbList\",\"@id\":\"https:\\\/\\\/hylajams.fi\\\/?product=hyla-sahkomoottoriharjan-jakohihna#breadcrumb\",\"itemListElement\":[{\"@type\":\"ListItem\",\"position\":1,\"name\":\"Etusivu\",\"item\":\"https:\\\/\\\/hylajams.fi\\\/\"},{\"@type\":\"ListItem\",\"position\":2,\"name\":\"VERKKOKAUPPA\",\"item\":\"https:\\\/\\\/hylajams.fi\\\/?page_id=9\"},{\"@type\":\"ListItem\",\"position\":3,\"name\":\"14906 Hyla s\u00e4hk\u00f6moottoriharjan jakohihna\"}]},{\"@type\":\"WebSite\",\"@id\":\"https:\\\/\\\/hylajams.fi\\\/#website\",\"url\":\"https:\\\/\\\/hylajams.fi\\\/\",\"name\":\"Hyla Jams Verkkokauppa\",\"description\":\"Hyla ilman- ja huoneen puhdistusj\u00e4rjestelm\u00e4 Suomessa\",\"publisher\":{\"@id\":\"https:\\\/\\\/hylajams.fi\\\/#organization\"},\"potentialAction\":[{\"@type\":\"SearchAction\",\"target\":{\"@type\":\"EntryPoint\",\"urlTemplate\":\"https:\\\/\\\/hylajams.fi\\\/?s={search_term_string}\"},\"query-input\":{\"@type\":\"PropertyValueSpecification\",\"valueRequired\":true,\"valueName\":\"search_term_string\"}}],\"inLanguage\":\"fi\"},{\"@type\":\"Organization\",\"@id\":\"https:\\\/\\\/hylajams.fi\\\/#organization\",\"name\":\"Hyla Jams Verkkokauppa\",\"url\":\"https:\\\/\\\/hylajams.fi\\\/\",\"logo\":{\"@type\":\"ImageObject\",\"inLanguage\":\"fi\",\"@id\":\"https:\\\/\\\/hylajams.fi\\\/#\\\/schema\\\/logo\\\/image\\\/\",\"url\":\"https:\\\/\\\/hylajams.fi\\\/wp-content\\\/uploads\\\/2025\\\/02\\\/Logo-1-2.jpg\",\"contentUrl\":\"https:\\\/\\\/hylajams.fi\\\/wp-content\\\/uploads\\\/2025\\\/02\\\/Logo-1-2.jpg\",\"width\":500,\"height\":500,\"caption\":\"Hyla Jams Verkkokauppa\"},\"image\":{\"@id\":\"https:\\\/\\\/hylajams.fi\\\/#\\\/schema\\\/logo\\\/image\\\/\"},\"sameAs\":[\"https:\\\/\\\/www.instagram.com\\\/hylasiivous\\\/\"]}]}<\/script>\n<!-- \/ Yoast SEO plugin. -->","yoast_head_json":{"title":"HYLA s\u00e4hk\u00f6moottoriharjan jakohihna \u2013 s\u00e4hk\u00f6harjan varaosa","description":"HYLA s\u00e4hk\u00f6moottoriharjan jakohihna \u2013 kest\u00e4v\u00e4 ja helppo vaihtaa. Tarvitaan vain yksi hihna, varmistaa harjan tehokkaan py\u00f6rimisen.","robots":{"index":"index","follow":"follow","max-snippet":"max-snippet:-1","max-image-preview":"max-image-preview:large","max-video-preview":"max-video-preview:-1"},"canonical":"https:\/\/hylajams.fi\/?product=hyla-sahkomoottoriharjan-jakohihna","og_locale":"fi_FI","og_type":"article","og_title":"HYLA s\u00e4hk\u00f6moottoriharjan jakohihna \u2013 s\u00e4hk\u00f6harjan varaosa","og_description":"HYLA s\u00e4hk\u00f6moottoriharjan jakohihna \u2013 kest\u00e4v\u00e4 ja helppo vaihtaa. Tarvitaan vain yksi hihna, varmistaa harjan tehokkaan py\u00f6rimisen.","og_url":"https:\/\/hylajams.fi\/?product=hyla-sahkomoottoriharjan-jakohihna","og_site_name":"Hyla Jams Verkkokauppa","article_modified_time":"2026-02-27T22:47:56+00:00","og_image":[{"width":1280,"height":1088,"url":"https:\/\/hylajams.fi\/wp-content\/uploads\/2021\/10\/14906-Jakohihna-sahkomoottoriharjaan.jpg","type":"image\/jpeg"}],"twitter_card":"summary_large_image","twitter_misc":{"Arvioitu lukuaika":"1 minuutti"},"schema":{"@context":"https:\/\/schema.org","@graph":[{"@type":"WebPage","@id":"https:\/\/hylajams.fi\/?product=hyla-sahkomoottoriharjan-jakohihna","url":"https:\/\/hylajams.fi\/?product=hyla-sahkomoottoriharjan-jakohihna","name":"HYLA s\u00e4hk\u00f6moottoriharjan jakohihna \u2013 s\u00e4hk\u00f6harjan varaosa","isPartOf":{"@id":"https:\/\/hylajams.fi\/#website"},"primaryImageOfPage":{"@id":"https:\/\/hylajams.fi\/?product=hyla-sahkomoottoriharjan-jakohihna#primaryimage"},"image":{"@id":"https:\/\/hylajams.fi\/?product=hyla-sahkomoottoriharjan-jakohihna#primaryimage"},"thumbnailUrl":"https:\/\/hylajams.fi\/wp-content\/uploads\/2021\/10\/14906-Jakohihna-sahkomoottoriharjaan.jpg","datePublished":"2021-10-18T11:16:57+00:00","dateModified":"2026-02-27T22:47:56+00:00","description":"HYLA s\u00e4hk\u00f6moottoriharjan jakohihna \u2013 kest\u00e4v\u00e4 ja helppo vaihtaa. Tarvitaan vain yksi hihna, varmistaa harjan tehokkaan py\u00f6rimisen.","breadcrumb":{"@id":"https:\/\/hylajams.fi\/?product=hyla-sahkomoottoriharjan-jakohihna#breadcrumb"},"inLanguage":"fi","potentialAction":[{"@type":"ReadAction","target":["https:\/\/hylajams.fi\/?product=hyla-sahkomoottoriharjan-jakohihna"]}]},{"@type":"ImageObject","inLanguage":"fi","@id":"https:\/\/hylajams.fi\/?product=hyla-sahkomoottoriharjan-jakohihna#primaryimage","url":"https:\/\/hylajams.fi\/wp-content\/uploads\/2021\/10\/14906-Jakohihna-sahkomoottoriharjaan.jpg","contentUrl":"https:\/\/hylajams.fi\/wp-content\/uploads\/2021\/10\/14906-Jakohihna-sahkomoottoriharjaan.jpg","width":1280,"height":1088,"caption":"HYLA s\u00e4hk\u00f6moottoriharjan jakohihna"},{"@type":"BreadcrumbList","@id":"https:\/\/hylajams.fi\/?product=hyla-sahkomoottoriharjan-jakohihna#breadcrumb","itemListElement":[{"@type":"ListItem","position":1,"name":"Etusivu","item":"https:\/\/hylajams.fi\/"},{"@type":"ListItem","position":2,"name":"VERKKOKAUPPA","item":"https:\/\/hylajams.fi\/?page_id=9"},{"@type":"ListItem","position":3,"name":"14906 Hyla s\u00e4hk\u00f6moottoriharjan jakohihna"}]},{"@type":"WebSite","@id":"https:\/\/hylajams.fi\/#website","url":"https:\/\/hylajams.fi\/","name":"Hyla Jams Verkkokauppa","description":"Hyla ilman- ja huoneen puhdistusj\u00e4rjestelm\u00e4 Suomessa","publisher":{"@id":"https:\/\/hylajams.fi\/#organization"},"potentialAction":[{"@type":"SearchAction","target":{"@type":"EntryPoint","urlTemplate":"https:\/\/hylajams.fi\/?s={search_term_string}"},"query-input":{"@type":"PropertyValueSpecification","valueRequired":true,"valueName":"search_term_string"}}],"inLanguage":"fi"},{"@type":"Organization","@id":"https:\/\/hylajams.fi\/#organization","name":"Hyla Jams Verkkokauppa","url":"https:\/\/hylajams.fi\/","logo":{"@type":"ImageObject","inLanguage":"fi","@id":"https:\/\/hylajams.fi\/#\/schema\/logo\/image\/","url":"https:\/\/hylajams.fi\/wp-content\/uploads\/2025\/02\/Logo-1-2.jpg","contentUrl":"https:\/\/hylajams.fi\/wp-content\/uploads\/2025\/02\/Logo-1-2.jpg","width":500,"height":500,"caption":"Hyla Jams Verkkokauppa"},"image":{"@id":"https:\/\/hylajams.fi\/#\/schema\/logo\/image\/"},"sameAs":["https:\/\/www.instagram.com\/hylasiivous\/"]}]}},"_links":{"self":[{"href":"https:\/\/hylajams.fi\/index.php?rest_route=\/wp\/v2\/product\/2935","targetHints":{"allow":["GET"]}}],"collection":[{"href":"https:\/\/hylajams.fi\/index.php?rest_route=\/wp\/v2\/product"}],"about":[{"href":"https:\/\/hylajams.fi\/index.php?rest_route=\/wp\/v2\/types\/product"}],"version-history":[{"count":4,"href":"https:\/\/hylajams.fi\/index.php?rest_route=\/wp\/v2\/product\/2935\/revisions"}],"predecessor-version":[{"id":13192,"href":"https:\/\/hylajams.fi\/index.php?rest_route=\/wp\/v2\/product\/2935\/revisions\/13192"}],"wp:featuredmedia":[{"embeddable":true,"href":"https:\/\/hylajams.fi\/index.php?rest_route=\/wp\/v2\/media\/2936"}],"wp:attachment":[{"href":"https:\/\/hylajams.fi\/index.php?rest_route=%2Fwp%2Fv2%2Fmedia&parent=2935"}],"wp:term":[{"taxonomy":"product_brand","embeddable":true,"href":"https:\/\/hylajams.fi\/index.php?rest_route=%2Fwp%2Fv2%2Fproduct_brand&post=2935"},{"taxonomy":"product_cat","embeddable":true,"href":"https:\/\/hylajams.fi\/index.php?rest_route=%2Fwp%2Fv2%2Fproduct_cat&post=2935"},{"taxonomy":"product_tag","embeddable":true,"href":"https:\/\/hylajams.fi\/index.php?rest_route=%2Fwp%2Fv2%2Fproduct_tag&post=2935"}],"curies":[{"name":"wp","href":"https:\/\/api.w.org\/{rel}","templated":true}]}}