{"id":2913,"date":"2021-10-18T13:43:49","date_gmt":"2021-10-18T10:43:49","guid":{"rendered":"https:\/\/hylajams.fi\/?post_type=product&#038;p=2913"},"modified":"2026-02-28T01:25:21","modified_gmt":"2026-02-27T23:25:21","slug":"hyla-nst-kaynnistyskytkin","status":"publish","type":"product","link":"https:\/\/hylajams.fi\/?product=hyla-nst-kaynnistyskytkin","title":{"rendered":"13114 Hyla NST k\u00e4ynnistyskytkin"},"content":{"rendered":"<p><strong>HYLA NST k\u00e4ynnistyskytkin<\/strong><\/p>\n<p>HYLA NST k\u00e4ynnistyskytkin on alkuper\u00e4inen varaosa, joka sopii ainoastaan NST-malliin. Kytkin varmistaa laitteen k\u00e4ynnistymisen ja turvallisen k\u00e4yt\u00f6n.<\/p>\n<p>Huomioithan, ett\u00e4 Hylan huoltoa saa tehd\u00e4 vain s\u00e4hk\u00f6alan ammattilainen. Hyla Jams ei vastaa asiakkaan itse tekemist\u00e4 v\u00e4\u00e4rin asennuksista tai huolloista. T\u00e4m\u00e4 k\u00e4ynnistyskytkin on v\u00e4ltt\u00e4m\u00e4t\u00f6n osa turvallista ja luotettavaa k\u00e4ytt\u00f6kokemusta.<\/p>\n<p><strong>Tuotetiedot:<\/strong><\/p>\n<ul>\n<li>Sopii vain HYLA NST -malliin<\/li>\n<li>K\u00e4ynnistyskytkin s\u00e4hk\u00f6isen toiminnan ohjaukseen<\/li>\n<li>Huolto tulee suorittaa s\u00e4hk\u00f6alan ammattilaisen toimesta<\/li>\n<li>Alkuper\u00e4inen varaosa<\/li>\n<\/ul>\n<p><strong><a href=\"https:\/\/hylajams.fi\/?page_id=8371\">HYLA NST TUOTTEET<\/a><\/strong><\/p>\n<p><strong><a href=\"https:\/\/www.hyla.com\/products\/products\">HYLA INTERNATIONAL<\/a><\/strong><\/p>\n","protected":false},"excerpt":{"rendered":"<p><strong>HYLA NST k\u00e4ynnistyskytkin<\/strong> \u2013 sopii vain NST-malliin. Huolto tulee suorittaa s\u00e4hk\u00f6alan ammattilaisella.<\/p>\n","protected":false},"featured_media":8561,"template":"","meta":[],"product_brand":[],"product_cat":[775,847],"product_tag":[1131,861,1792,1817,1901,1902],"class_list":{"0":"post-2913","1":"product","2":"type-product","3":"status-publish","4":"has-post-thumbnail","6":"product_cat-hyla-nst","7":"product_cat-hyla-nst-varaosat","8":"product_tag-hyla-lisavaruste","9":"product_tag-hyla-nst-kaynnistyskytkin","10":"product_tag-hyla-nst-lisaosa","11":"product_tag-imurin-osa","12":"product_tag-kaynnistyskytkin","13":"product_tag-sahkokomponentti","14":"product_shipping_class-posti-s-paketti-11x32x3-cm-35-kg","15":"_wholesalex wsx-wholesalex-product","17":"first","18":"instock","19":"featured","20":"shipping-taxable","21":"purchasable","22":"product-type-simple"},"yoast_head":"<!-- This site is optimized with the Yoast SEO plugin v27.3 - https:\/\/yoast.com\/product\/yoast-seo-wordpress\/ -->\n<title>HYLA NST k\u00e4ynnistyskytkin - Hyla NST s\u00e4hk\u00f6varaosa<\/title>\n<meta name=\"description\" content=\"HYLA NST k\u00e4ynnistyskytkin \u2013 sopii vain NST-malliin. Huolto vain s\u00e4hk\u00f6alan ammattilaiselle. Alkuper\u00e4inen varaosa turvalliseen k\u00e4ytt\u00f6\u00f6n.\" \/>\n<meta name=\"robots\" content=\"index, follow, max-snippet:-1, max-image-preview:large, max-video-preview:-1\" \/>\n<link rel=\"canonical\" href=\"https:\/\/hylajams.fi\/?product=hyla-nst-kaynnistyskytkin\" \/>\n<meta property=\"og:locale\" content=\"fi_FI\" \/>\n<meta property=\"og:type\" content=\"article\" \/>\n<meta property=\"og:title\" content=\"HYLA NST k\u00e4ynnistyskytkin - Hyla NST s\u00e4hk\u00f6varaosa\" \/>\n<meta property=\"og:description\" content=\"HYLA NST k\u00e4ynnistyskytkin \u2013 sopii vain NST-malliin. Huolto vain s\u00e4hk\u00f6alan ammattilaiselle. Alkuper\u00e4inen varaosa turvalliseen k\u00e4ytt\u00f6\u00f6n.\" \/>\n<meta property=\"og:url\" content=\"https:\/\/hylajams.fi\/?product=hyla-nst-kaynnistyskytkin\" \/>\n<meta property=\"og:site_name\" content=\"Hyla Jams Verkkokauppa\" \/>\n<meta property=\"article:modified_time\" content=\"2026-02-27T23:25:21+00:00\" \/>\n<meta property=\"og:image\" content=\"https:\/\/hylajams.fi\/wp-content\/uploads\/2021\/10\/13114-NST-katkaisin1.jpg\" \/>\n\t<meta property=\"og:image:width\" content=\"945\" \/>\n\t<meta property=\"og:image:height\" content=\"945\" \/>\n\t<meta property=\"og:image:type\" content=\"image\/jpeg\" \/>\n<meta name=\"twitter:card\" content=\"summary_large_image\" \/>\n<meta name=\"twitter:label1\" content=\"Arvioitu lukuaika\" \/>\n\t<meta name=\"twitter:data1\" content=\"1 minuutti\" \/>\n<script type=\"application\/ld+json\" class=\"yoast-schema-graph\">{\"@context\":\"https:\\\/\\\/schema.org\",\"@graph\":[{\"@type\":\"WebPage\",\"@id\":\"https:\\\/\\\/hylajams.fi\\\/?product=hyla-nst-kaynnistyskytkin\",\"url\":\"https:\\\/\\\/hylajams.fi\\\/?product=hyla-nst-kaynnistyskytkin\",\"name\":\"HYLA NST k\u00e4ynnistyskytkin - Hyla NST s\u00e4hk\u00f6varaosa\",\"isPartOf\":{\"@id\":\"https:\\\/\\\/hylajams.fi\\\/#website\"},\"primaryImageOfPage\":{\"@id\":\"https:\\\/\\\/hylajams.fi\\\/?product=hyla-nst-kaynnistyskytkin#primaryimage\"},\"image\":{\"@id\":\"https:\\\/\\\/hylajams.fi\\\/?product=hyla-nst-kaynnistyskytkin#primaryimage\"},\"thumbnailUrl\":\"https:\\\/\\\/hylajams.fi\\\/wp-content\\\/uploads\\\/2021\\\/10\\\/13114-NST-katkaisin1.jpg\",\"datePublished\":\"2021-10-18T10:43:49+00:00\",\"dateModified\":\"2026-02-27T23:25:21+00:00\",\"description\":\"HYLA NST k\u00e4ynnistyskytkin \u2013 sopii vain NST-malliin. Huolto vain s\u00e4hk\u00f6alan ammattilaiselle. Alkuper\u00e4inen varaosa turvalliseen k\u00e4ytt\u00f6\u00f6n.\",\"breadcrumb\":{\"@id\":\"https:\\\/\\\/hylajams.fi\\\/?product=hyla-nst-kaynnistyskytkin#breadcrumb\"},\"inLanguage\":\"fi\",\"potentialAction\":[{\"@type\":\"ReadAction\",\"target\":[\"https:\\\/\\\/hylajams.fi\\\/?product=hyla-nst-kaynnistyskytkin\"]}]},{\"@type\":\"ImageObject\",\"inLanguage\":\"fi\",\"@id\":\"https:\\\/\\\/hylajams.fi\\\/?product=hyla-nst-kaynnistyskytkin#primaryimage\",\"url\":\"https:\\\/\\\/hylajams.fi\\\/wp-content\\\/uploads\\\/2021\\\/10\\\/13114-NST-katkaisin1.jpg\",\"contentUrl\":\"https:\\\/\\\/hylajams.fi\\\/wp-content\\\/uploads\\\/2021\\\/10\\\/13114-NST-katkaisin1.jpg\",\"width\":945,\"height\":945,\"caption\":\"HYLA NST k\u00e4ynnistyskytkin\"},{\"@type\":\"BreadcrumbList\",\"@id\":\"https:\\\/\\\/hylajams.fi\\\/?product=hyla-nst-kaynnistyskytkin#breadcrumb\",\"itemListElement\":[{\"@type\":\"ListItem\",\"position\":1,\"name\":\"Etusivu\",\"item\":\"https:\\\/\\\/hylajams.fi\\\/\"},{\"@type\":\"ListItem\",\"position\":2,\"name\":\"VERKKOKAUPPA\",\"item\":\"https:\\\/\\\/hylajams.fi\\\/?page_id=9\"},{\"@type\":\"ListItem\",\"position\":3,\"name\":\"13114 Hyla NST k\u00e4ynnistyskytkin\"}]},{\"@type\":\"WebSite\",\"@id\":\"https:\\\/\\\/hylajams.fi\\\/#website\",\"url\":\"https:\\\/\\\/hylajams.fi\\\/\",\"name\":\"Hyla Jams Verkkokauppa\",\"description\":\"Hyla ilman- ja huoneen puhdistusj\u00e4rjestelm\u00e4 Suomessa\",\"publisher\":{\"@id\":\"https:\\\/\\\/hylajams.fi\\\/#organization\"},\"potentialAction\":[{\"@type\":\"SearchAction\",\"target\":{\"@type\":\"EntryPoint\",\"urlTemplate\":\"https:\\\/\\\/hylajams.fi\\\/?s={search_term_string}\"},\"query-input\":{\"@type\":\"PropertyValueSpecification\",\"valueRequired\":true,\"valueName\":\"search_term_string\"}}],\"inLanguage\":\"fi\"},{\"@type\":\"Organization\",\"@id\":\"https:\\\/\\\/hylajams.fi\\\/#organization\",\"name\":\"Hyla Jams Verkkokauppa\",\"url\":\"https:\\\/\\\/hylajams.fi\\\/\",\"logo\":{\"@type\":\"ImageObject\",\"inLanguage\":\"fi\",\"@id\":\"https:\\\/\\\/hylajams.fi\\\/#\\\/schema\\\/logo\\\/image\\\/\",\"url\":\"https:\\\/\\\/hylajams.fi\\\/wp-content\\\/uploads\\\/2025\\\/02\\\/Logo-1-2.jpg\",\"contentUrl\":\"https:\\\/\\\/hylajams.fi\\\/wp-content\\\/uploads\\\/2025\\\/02\\\/Logo-1-2.jpg\",\"width\":500,\"height\":500,\"caption\":\"Hyla Jams Verkkokauppa\"},\"image\":{\"@id\":\"https:\\\/\\\/hylajams.fi\\\/#\\\/schema\\\/logo\\\/image\\\/\"},\"sameAs\":[\"https:\\\/\\\/www.instagram.com\\\/hylasiivous\\\/\"]}]}<\/script>\n<!-- \/ Yoast SEO plugin. -->","yoast_head_json":{"title":"HYLA NST k\u00e4ynnistyskytkin - Hyla NST s\u00e4hk\u00f6varaosa","description":"HYLA NST k\u00e4ynnistyskytkin \u2013 sopii vain NST-malliin. Huolto vain s\u00e4hk\u00f6alan ammattilaiselle. Alkuper\u00e4inen varaosa turvalliseen k\u00e4ytt\u00f6\u00f6n.","robots":{"index":"index","follow":"follow","max-snippet":"max-snippet:-1","max-image-preview":"max-image-preview:large","max-video-preview":"max-video-preview:-1"},"canonical":"https:\/\/hylajams.fi\/?product=hyla-nst-kaynnistyskytkin","og_locale":"fi_FI","og_type":"article","og_title":"HYLA NST k\u00e4ynnistyskytkin - Hyla NST s\u00e4hk\u00f6varaosa","og_description":"HYLA NST k\u00e4ynnistyskytkin \u2013 sopii vain NST-malliin. Huolto vain s\u00e4hk\u00f6alan ammattilaiselle. Alkuper\u00e4inen varaosa turvalliseen k\u00e4ytt\u00f6\u00f6n.","og_url":"https:\/\/hylajams.fi\/?product=hyla-nst-kaynnistyskytkin","og_site_name":"Hyla Jams Verkkokauppa","article_modified_time":"2026-02-27T23:25:21+00:00","og_image":[{"width":945,"height":945,"url":"https:\/\/hylajams.fi\/wp-content\/uploads\/2021\/10\/13114-NST-katkaisin1.jpg","type":"image\/jpeg"}],"twitter_card":"summary_large_image","twitter_misc":{"Arvioitu lukuaika":"1 minuutti"},"schema":{"@context":"https:\/\/schema.org","@graph":[{"@type":"WebPage","@id":"https:\/\/hylajams.fi\/?product=hyla-nst-kaynnistyskytkin","url":"https:\/\/hylajams.fi\/?product=hyla-nst-kaynnistyskytkin","name":"HYLA NST k\u00e4ynnistyskytkin - Hyla NST s\u00e4hk\u00f6varaosa","isPartOf":{"@id":"https:\/\/hylajams.fi\/#website"},"primaryImageOfPage":{"@id":"https:\/\/hylajams.fi\/?product=hyla-nst-kaynnistyskytkin#primaryimage"},"image":{"@id":"https:\/\/hylajams.fi\/?product=hyla-nst-kaynnistyskytkin#primaryimage"},"thumbnailUrl":"https:\/\/hylajams.fi\/wp-content\/uploads\/2021\/10\/13114-NST-katkaisin1.jpg","datePublished":"2021-10-18T10:43:49+00:00","dateModified":"2026-02-27T23:25:21+00:00","description":"HYLA NST k\u00e4ynnistyskytkin \u2013 sopii vain NST-malliin. Huolto vain s\u00e4hk\u00f6alan ammattilaiselle. Alkuper\u00e4inen varaosa turvalliseen k\u00e4ytt\u00f6\u00f6n.","breadcrumb":{"@id":"https:\/\/hylajams.fi\/?product=hyla-nst-kaynnistyskytkin#breadcrumb"},"inLanguage":"fi","potentialAction":[{"@type":"ReadAction","target":["https:\/\/hylajams.fi\/?product=hyla-nst-kaynnistyskytkin"]}]},{"@type":"ImageObject","inLanguage":"fi","@id":"https:\/\/hylajams.fi\/?product=hyla-nst-kaynnistyskytkin#primaryimage","url":"https:\/\/hylajams.fi\/wp-content\/uploads\/2021\/10\/13114-NST-katkaisin1.jpg","contentUrl":"https:\/\/hylajams.fi\/wp-content\/uploads\/2021\/10\/13114-NST-katkaisin1.jpg","width":945,"height":945,"caption":"HYLA NST k\u00e4ynnistyskytkin"},{"@type":"BreadcrumbList","@id":"https:\/\/hylajams.fi\/?product=hyla-nst-kaynnistyskytkin#breadcrumb","itemListElement":[{"@type":"ListItem","position":1,"name":"Etusivu","item":"https:\/\/hylajams.fi\/"},{"@type":"ListItem","position":2,"name":"VERKKOKAUPPA","item":"https:\/\/hylajams.fi\/?page_id=9"},{"@type":"ListItem","position":3,"name":"13114 Hyla NST k\u00e4ynnistyskytkin"}]},{"@type":"WebSite","@id":"https:\/\/hylajams.fi\/#website","url":"https:\/\/hylajams.fi\/","name":"Hyla Jams Verkkokauppa","description":"Hyla ilman- ja huoneen puhdistusj\u00e4rjestelm\u00e4 Suomessa","publisher":{"@id":"https:\/\/hylajams.fi\/#organization"},"potentialAction":[{"@type":"SearchAction","target":{"@type":"EntryPoint","urlTemplate":"https:\/\/hylajams.fi\/?s={search_term_string}"},"query-input":{"@type":"PropertyValueSpecification","valueRequired":true,"valueName":"search_term_string"}}],"inLanguage":"fi"},{"@type":"Organization","@id":"https:\/\/hylajams.fi\/#organization","name":"Hyla Jams Verkkokauppa","url":"https:\/\/hylajams.fi\/","logo":{"@type":"ImageObject","inLanguage":"fi","@id":"https:\/\/hylajams.fi\/#\/schema\/logo\/image\/","url":"https:\/\/hylajams.fi\/wp-content\/uploads\/2025\/02\/Logo-1-2.jpg","contentUrl":"https:\/\/hylajams.fi\/wp-content\/uploads\/2025\/02\/Logo-1-2.jpg","width":500,"height":500,"caption":"Hyla Jams Verkkokauppa"},"image":{"@id":"https:\/\/hylajams.fi\/#\/schema\/logo\/image\/"},"sameAs":["https:\/\/www.instagram.com\/hylasiivous\/"]}]}},"_links":{"self":[{"href":"https:\/\/hylajams.fi\/index.php?rest_route=\/wp\/v2\/product\/2913","targetHints":{"allow":["GET"]}}],"collection":[{"href":"https:\/\/hylajams.fi\/index.php?rest_route=\/wp\/v2\/product"}],"about":[{"href":"https:\/\/hylajams.fi\/index.php?rest_route=\/wp\/v2\/types\/product"}],"version-history":[{"count":7,"href":"https:\/\/hylajams.fi\/index.php?rest_route=\/wp\/v2\/product\/2913\/revisions"}],"predecessor-version":[{"id":13202,"href":"https:\/\/hylajams.fi\/index.php?rest_route=\/wp\/v2\/product\/2913\/revisions\/13202"}],"wp:featuredmedia":[{"embeddable":true,"href":"https:\/\/hylajams.fi\/index.php?rest_route=\/wp\/v2\/media\/8561"}],"wp:attachment":[{"href":"https:\/\/hylajams.fi\/index.php?rest_route=%2Fwp%2Fv2%2Fmedia&parent=2913"}],"wp:term":[{"taxonomy":"product_brand","embeddable":true,"href":"https:\/\/hylajams.fi\/index.php?rest_route=%2Fwp%2Fv2%2Fproduct_brand&post=2913"},{"taxonomy":"product_cat","embeddable":true,"href":"https:\/\/hylajams.fi\/index.php?rest_route=%2Fwp%2Fv2%2Fproduct_cat&post=2913"},{"taxonomy":"product_tag","embeddable":true,"href":"https:\/\/hylajams.fi\/index.php?rest_route=%2Fwp%2Fv2%2Fproduct_tag&post=2913"}],"curies":[{"name":"wp","href":"https:\/\/api.w.org\/{rel}","templated":true}]}}