{"id":2910,"date":"2021-10-18T12:56:09","date_gmt":"2021-10-18T09:56:09","guid":{"rendered":"https:\/\/hylajams.fi\/?post_type=product&#038;p=2910"},"modified":"2026-02-28T00:49:47","modified_gmt":"2026-02-27T22:49:47","slug":"hyla-sahkomoottoriharjan-liitosjohdin","status":"publish","type":"product","link":"https:\/\/hylajams.fi\/?product=hyla-sahkomoottoriharjan-liitosjohdin","title":{"rendered":"14908 Hyla s\u00e4hk\u00f6moottoriharjan liitosjohdin"},"content":{"rendered":"<p><strong>HYLA s\u00e4hk\u00f6moottoriharjan liitosjohdin<\/strong><\/p>\n<p>HYLA s\u00e4hk\u00f6moottoriharjan liitosjohdin on alkuper\u00e4inen varaosa, joka kiinnitet\u00e4\u00e4n teleskooppivarteen ja liitet\u00e4\u00e4n alaosasta s\u00e4hk\u00f6moottoriharjaan. T\u00e4m\u00e4 johdin varmistaa s\u00e4hk\u00f6moottoriharjan luotettavan toiminnan ja turvallisen k\u00e4yt\u00f6n.<\/p>\n<p>Johto sopii sek\u00e4 HYLA NST- ett\u00e4 GST-s\u00e4hk\u00f6moottoriharjan malleihin ja on suunniteltu kest\u00e4m\u00e4\u00e4n p\u00e4ivitt\u00e4ist\u00e4 k\u00e4ytt\u00f6\u00e4. Helppo asentaa itse oikeaan paikkaan teleskooppivarressa, jolloin s\u00e4hk\u00f6moottoriharja toimii moitteettomasti.<\/p>\n<p><strong>Tuotetiedot:<\/strong><\/p>\n<ul>\n<li>Sopii HYLA NST- ja GST-malleihin<\/li>\n<li>Kiinnitet\u00e4\u00e4n teleskooppivarteen ja liitet\u00e4\u00e4n moottoriharjaan<\/li>\n<li>Alkuper\u00e4inen varaosa s\u00e4hk\u00f6moottoriharjaan<\/li>\n<li>Helppo asentaa itse<\/li>\n<\/ul>\n<p><strong><a href=\"https:\/\/hylajams.fi\/?page_id=8366\">HYLA GST TUOTTEET<\/a><\/strong><\/p>\n<p><strong><a href=\"https:\/\/hylajams.fi\/?page_id=8371\">HYLA NST TUOTTEET<\/a><\/strong><\/p>\n<p><strong><a href=\"https:\/\/www.hyla.com\/products\/products\">HYLA INTERNATIONAL<\/a><\/strong><\/p>\n","protected":false},"excerpt":{"rendered":"<p>HYLA s\u00e4hk\u00f6moottoriharjan liitosjohdin \u2013 sopii NST- ja GST-malleihin. Helppo asentaa teleskooppivarteen ja liitt\u00e4\u00e4 alaosasta harjaan.<\/p>\n","protected":false},"featured_media":2889,"template":"","meta":[],"product_brand":[],"product_cat":[944,774,775,847],"product_tag":[1879,1877,1754,1323,1878,1880,1828],"class_list":{"0":"post-2910","1":"product","2":"type-product","3":"status-publish","4":"has-post-thumbnail","6":"product_cat-hyla-gst-varaosat","7":"product_cat-hyla-gst","8":"product_cat-hyla-nst","9":"product_cat-hyla-nst-varaosat","10":"product_tag-est-liitosjohdin","11":"product_tag-gst-liitosjohdin","12":"product_tag-hyla-lisaosa","13":"product_tag-hyla-sahkomoottoriharjan-liitosjohdin","14":"product_tag-nst-liitosjohdin","15":"product_tag-sahkoharjan-johto","16":"product_tag-sahkomoottoriharja-lisavaruste","17":"product_shipping_class-posti-xxs-paketti-35x25x3-cm-2-kg","18":"_wholesalex wsx-wholesalex-product","20":"first","21":"instock","22":"featured","23":"shipping-taxable","24":"purchasable","25":"product-type-simple"},"yoast_head":"<!-- This site is optimized with the Yoast SEO plugin v27.3 - https:\/\/yoast.com\/product\/yoast-seo-wordpress\/ -->\n<title>HYLA s\u00e4hk\u00f6moottoriharjan liitosjohdin \u2013 NST- ja GST-mallit<\/title>\n<meta name=\"description\" content=\"HYLA s\u00e4hk\u00f6moottoriharjan liitosjohdin \u2013 sopii NST- ja GST-malleihin. Helppo asentaa, tai asennuttaa ammattilaisella teleskooppivarteen ja liitt\u00e4\u00e4 harjaan.\" \/>\n<meta name=\"robots\" content=\"index, follow, max-snippet:-1, max-image-preview:large, max-video-preview:-1\" \/>\n<link rel=\"canonical\" href=\"https:\/\/hylajams.fi\/?product=hyla-sahkomoottoriharjan-liitosjohdin\" \/>\n<meta property=\"og:locale\" content=\"fi_FI\" \/>\n<meta property=\"og:type\" content=\"article\" \/>\n<meta property=\"og:title\" content=\"HYLA s\u00e4hk\u00f6moottoriharjan liitosjohdin \u2013 NST- ja GST-mallit\" \/>\n<meta property=\"og:description\" content=\"HYLA s\u00e4hk\u00f6moottoriharjan liitosjohdin \u2013 sopii NST- ja GST-malleihin. Helppo asentaa, tai asennuttaa ammattilaisella teleskooppivarteen ja liitt\u00e4\u00e4 harjaan.\" \/>\n<meta property=\"og:url\" content=\"https:\/\/hylajams.fi\/?product=hyla-sahkomoottoriharjan-liitosjohdin\" \/>\n<meta property=\"og:site_name\" content=\"Hyla Jams Verkkokauppa\" \/>\n<meta property=\"article:modified_time\" content=\"2026-02-27T22:49:47+00:00\" \/>\n<meta property=\"og:image\" content=\"https:\/\/hylajams.fi\/wp-content\/uploads\/2021\/10\/Liitosjohto-ja-liitin.jpg\" \/>\n\t<meta property=\"og:image:width\" content=\"640\" \/>\n\t<meta property=\"og:image:height\" content=\"480\" \/>\n\t<meta property=\"og:image:type\" content=\"image\/jpeg\" \/>\n<meta name=\"twitter:card\" content=\"summary_large_image\" \/>\n<meta name=\"twitter:label1\" content=\"Arvioitu lukuaika\" \/>\n\t<meta name=\"twitter:data1\" content=\"1 minuutti\" \/>\n<script type=\"application\/ld+json\" class=\"yoast-schema-graph\">{\"@context\":\"https:\\\/\\\/schema.org\",\"@graph\":[{\"@type\":\"WebPage\",\"@id\":\"https:\\\/\\\/hylajams.fi\\\/?product=hyla-sahkomoottoriharjan-liitosjohdin\",\"url\":\"https:\\\/\\\/hylajams.fi\\\/?product=hyla-sahkomoottoriharjan-liitosjohdin\",\"name\":\"HYLA s\u00e4hk\u00f6moottoriharjan liitosjohdin \u2013 NST- ja GST-mallit\",\"isPartOf\":{\"@id\":\"https:\\\/\\\/hylajams.fi\\\/#website\"},\"primaryImageOfPage\":{\"@id\":\"https:\\\/\\\/hylajams.fi\\\/?product=hyla-sahkomoottoriharjan-liitosjohdin#primaryimage\"},\"image\":{\"@id\":\"https:\\\/\\\/hylajams.fi\\\/?product=hyla-sahkomoottoriharjan-liitosjohdin#primaryimage\"},\"thumbnailUrl\":\"https:\\\/\\\/hylajams.fi\\\/wp-content\\\/uploads\\\/2021\\\/10\\\/Liitosjohto-ja-liitin.jpg\",\"datePublished\":\"2021-10-18T09:56:09+00:00\",\"dateModified\":\"2026-02-27T22:49:47+00:00\",\"description\":\"HYLA s\u00e4hk\u00f6moottoriharjan liitosjohdin \u2013 sopii NST- ja GST-malleihin. Helppo asentaa, tai asennuttaa ammattilaisella teleskooppivarteen ja liitt\u00e4\u00e4 harjaan.\",\"breadcrumb\":{\"@id\":\"https:\\\/\\\/hylajams.fi\\\/?product=hyla-sahkomoottoriharjan-liitosjohdin#breadcrumb\"},\"inLanguage\":\"fi\",\"potentialAction\":[{\"@type\":\"ReadAction\",\"target\":[\"https:\\\/\\\/hylajams.fi\\\/?product=hyla-sahkomoottoriharjan-liitosjohdin\"]}]},{\"@type\":\"ImageObject\",\"inLanguage\":\"fi\",\"@id\":\"https:\\\/\\\/hylajams.fi\\\/?product=hyla-sahkomoottoriharjan-liitosjohdin#primaryimage\",\"url\":\"https:\\\/\\\/hylajams.fi\\\/wp-content\\\/uploads\\\/2021\\\/10\\\/Liitosjohto-ja-liitin.jpg\",\"contentUrl\":\"https:\\\/\\\/hylajams.fi\\\/wp-content\\\/uploads\\\/2021\\\/10\\\/Liitosjohto-ja-liitin.jpg\",\"width\":640,\"height\":480,\"caption\":\"HYLA s\u00e4hk\u00f6moottoriharjan liitosjohdin\"},{\"@type\":\"BreadcrumbList\",\"@id\":\"https:\\\/\\\/hylajams.fi\\\/?product=hyla-sahkomoottoriharjan-liitosjohdin#breadcrumb\",\"itemListElement\":[{\"@type\":\"ListItem\",\"position\":1,\"name\":\"Etusivu\",\"item\":\"https:\\\/\\\/hylajams.fi\\\/\"},{\"@type\":\"ListItem\",\"position\":2,\"name\":\"VERKKOKAUPPA\",\"item\":\"https:\\\/\\\/hylajams.fi\\\/?page_id=9\"},{\"@type\":\"ListItem\",\"position\":3,\"name\":\"14908 Hyla s\u00e4hk\u00f6moottoriharjan liitosjohdin\"}]},{\"@type\":\"WebSite\",\"@id\":\"https:\\\/\\\/hylajams.fi\\\/#website\",\"url\":\"https:\\\/\\\/hylajams.fi\\\/\",\"name\":\"Hyla Jams Verkkokauppa\",\"description\":\"Hyla ilman- ja huoneen puhdistusj\u00e4rjestelm\u00e4 Suomessa\",\"publisher\":{\"@id\":\"https:\\\/\\\/hylajams.fi\\\/#organization\"},\"potentialAction\":[{\"@type\":\"SearchAction\",\"target\":{\"@type\":\"EntryPoint\",\"urlTemplate\":\"https:\\\/\\\/hylajams.fi\\\/?s={search_term_string}\"},\"query-input\":{\"@type\":\"PropertyValueSpecification\",\"valueRequired\":true,\"valueName\":\"search_term_string\"}}],\"inLanguage\":\"fi\"},{\"@type\":\"Organization\",\"@id\":\"https:\\\/\\\/hylajams.fi\\\/#organization\",\"name\":\"Hyla Jams Verkkokauppa\",\"url\":\"https:\\\/\\\/hylajams.fi\\\/\",\"logo\":{\"@type\":\"ImageObject\",\"inLanguage\":\"fi\",\"@id\":\"https:\\\/\\\/hylajams.fi\\\/#\\\/schema\\\/logo\\\/image\\\/\",\"url\":\"https:\\\/\\\/hylajams.fi\\\/wp-content\\\/uploads\\\/2025\\\/02\\\/Logo-1-2.jpg\",\"contentUrl\":\"https:\\\/\\\/hylajams.fi\\\/wp-content\\\/uploads\\\/2025\\\/02\\\/Logo-1-2.jpg\",\"width\":500,\"height\":500,\"caption\":\"Hyla Jams Verkkokauppa\"},\"image\":{\"@id\":\"https:\\\/\\\/hylajams.fi\\\/#\\\/schema\\\/logo\\\/image\\\/\"},\"sameAs\":[\"https:\\\/\\\/www.instagram.com\\\/hylasiivous\\\/\"]}]}<\/script>\n<!-- \/ Yoast SEO plugin. -->","yoast_head_json":{"title":"HYLA s\u00e4hk\u00f6moottoriharjan liitosjohdin \u2013 NST- ja GST-mallit","description":"HYLA s\u00e4hk\u00f6moottoriharjan liitosjohdin \u2013 sopii NST- ja GST-malleihin. Helppo asentaa, tai asennuttaa ammattilaisella teleskooppivarteen ja liitt\u00e4\u00e4 harjaan.","robots":{"index":"index","follow":"follow","max-snippet":"max-snippet:-1","max-image-preview":"max-image-preview:large","max-video-preview":"max-video-preview:-1"},"canonical":"https:\/\/hylajams.fi\/?product=hyla-sahkomoottoriharjan-liitosjohdin","og_locale":"fi_FI","og_type":"article","og_title":"HYLA s\u00e4hk\u00f6moottoriharjan liitosjohdin \u2013 NST- ja GST-mallit","og_description":"HYLA s\u00e4hk\u00f6moottoriharjan liitosjohdin \u2013 sopii NST- ja GST-malleihin. Helppo asentaa, tai asennuttaa ammattilaisella teleskooppivarteen ja liitt\u00e4\u00e4 harjaan.","og_url":"https:\/\/hylajams.fi\/?product=hyla-sahkomoottoriharjan-liitosjohdin","og_site_name":"Hyla Jams Verkkokauppa","article_modified_time":"2026-02-27T22:49:47+00:00","og_image":[{"width":640,"height":480,"url":"https:\/\/hylajams.fi\/wp-content\/uploads\/2021\/10\/Liitosjohto-ja-liitin.jpg","type":"image\/jpeg"}],"twitter_card":"summary_large_image","twitter_misc":{"Arvioitu lukuaika":"1 minuutti"},"schema":{"@context":"https:\/\/schema.org","@graph":[{"@type":"WebPage","@id":"https:\/\/hylajams.fi\/?product=hyla-sahkomoottoriharjan-liitosjohdin","url":"https:\/\/hylajams.fi\/?product=hyla-sahkomoottoriharjan-liitosjohdin","name":"HYLA s\u00e4hk\u00f6moottoriharjan liitosjohdin \u2013 NST- ja GST-mallit","isPartOf":{"@id":"https:\/\/hylajams.fi\/#website"},"primaryImageOfPage":{"@id":"https:\/\/hylajams.fi\/?product=hyla-sahkomoottoriharjan-liitosjohdin#primaryimage"},"image":{"@id":"https:\/\/hylajams.fi\/?product=hyla-sahkomoottoriharjan-liitosjohdin#primaryimage"},"thumbnailUrl":"https:\/\/hylajams.fi\/wp-content\/uploads\/2021\/10\/Liitosjohto-ja-liitin.jpg","datePublished":"2021-10-18T09:56:09+00:00","dateModified":"2026-02-27T22:49:47+00:00","description":"HYLA s\u00e4hk\u00f6moottoriharjan liitosjohdin \u2013 sopii NST- ja GST-malleihin. Helppo asentaa, tai asennuttaa ammattilaisella teleskooppivarteen ja liitt\u00e4\u00e4 harjaan.","breadcrumb":{"@id":"https:\/\/hylajams.fi\/?product=hyla-sahkomoottoriharjan-liitosjohdin#breadcrumb"},"inLanguage":"fi","potentialAction":[{"@type":"ReadAction","target":["https:\/\/hylajams.fi\/?product=hyla-sahkomoottoriharjan-liitosjohdin"]}]},{"@type":"ImageObject","inLanguage":"fi","@id":"https:\/\/hylajams.fi\/?product=hyla-sahkomoottoriharjan-liitosjohdin#primaryimage","url":"https:\/\/hylajams.fi\/wp-content\/uploads\/2021\/10\/Liitosjohto-ja-liitin.jpg","contentUrl":"https:\/\/hylajams.fi\/wp-content\/uploads\/2021\/10\/Liitosjohto-ja-liitin.jpg","width":640,"height":480,"caption":"HYLA s\u00e4hk\u00f6moottoriharjan liitosjohdin"},{"@type":"BreadcrumbList","@id":"https:\/\/hylajams.fi\/?product=hyla-sahkomoottoriharjan-liitosjohdin#breadcrumb","itemListElement":[{"@type":"ListItem","position":1,"name":"Etusivu","item":"https:\/\/hylajams.fi\/"},{"@type":"ListItem","position":2,"name":"VERKKOKAUPPA","item":"https:\/\/hylajams.fi\/?page_id=9"},{"@type":"ListItem","position":3,"name":"14908 Hyla s\u00e4hk\u00f6moottoriharjan liitosjohdin"}]},{"@type":"WebSite","@id":"https:\/\/hylajams.fi\/#website","url":"https:\/\/hylajams.fi\/","name":"Hyla Jams Verkkokauppa","description":"Hyla ilman- ja huoneen puhdistusj\u00e4rjestelm\u00e4 Suomessa","publisher":{"@id":"https:\/\/hylajams.fi\/#organization"},"potentialAction":[{"@type":"SearchAction","target":{"@type":"EntryPoint","urlTemplate":"https:\/\/hylajams.fi\/?s={search_term_string}"},"query-input":{"@type":"PropertyValueSpecification","valueRequired":true,"valueName":"search_term_string"}}],"inLanguage":"fi"},{"@type":"Organization","@id":"https:\/\/hylajams.fi\/#organization","name":"Hyla Jams Verkkokauppa","url":"https:\/\/hylajams.fi\/","logo":{"@type":"ImageObject","inLanguage":"fi","@id":"https:\/\/hylajams.fi\/#\/schema\/logo\/image\/","url":"https:\/\/hylajams.fi\/wp-content\/uploads\/2025\/02\/Logo-1-2.jpg","contentUrl":"https:\/\/hylajams.fi\/wp-content\/uploads\/2025\/02\/Logo-1-2.jpg","width":500,"height":500,"caption":"Hyla Jams Verkkokauppa"},"image":{"@id":"https:\/\/hylajams.fi\/#\/schema\/logo\/image\/"},"sameAs":["https:\/\/www.instagram.com\/hylasiivous\/"]}]}},"_links":{"self":[{"href":"https:\/\/hylajams.fi\/index.php?rest_route=\/wp\/v2\/product\/2910","targetHints":{"allow":["GET"]}}],"collection":[{"href":"https:\/\/hylajams.fi\/index.php?rest_route=\/wp\/v2\/product"}],"about":[{"href":"https:\/\/hylajams.fi\/index.php?rest_route=\/wp\/v2\/types\/product"}],"version-history":[{"count":5,"href":"https:\/\/hylajams.fi\/index.php?rest_route=\/wp\/v2\/product\/2910\/revisions"}],"predecessor-version":[{"id":13194,"href":"https:\/\/hylajams.fi\/index.php?rest_route=\/wp\/v2\/product\/2910\/revisions\/13194"}],"wp:featuredmedia":[{"embeddable":true,"href":"https:\/\/hylajams.fi\/index.php?rest_route=\/wp\/v2\/media\/2889"}],"wp:attachment":[{"href":"https:\/\/hylajams.fi\/index.php?rest_route=%2Fwp%2Fv2%2Fmedia&parent=2910"}],"wp:term":[{"taxonomy":"product_brand","embeddable":true,"href":"https:\/\/hylajams.fi\/index.php?rest_route=%2Fwp%2Fv2%2Fproduct_brand&post=2910"},{"taxonomy":"product_cat","embeddable":true,"href":"https:\/\/hylajams.fi\/index.php?rest_route=%2Fwp%2Fv2%2Fproduct_cat&post=2910"},{"taxonomy":"product_tag","embeddable":true,"href":"https:\/\/hylajams.fi\/index.php?rest_route=%2Fwp%2Fv2%2Fproduct_tag&post=2910"}],"curies":[{"name":"wp","href":"https:\/\/api.w.org\/{rel}","templated":true}]}}