{"id":2905,"date":"2021-10-18T12:42:23","date_gmt":"2021-10-18T09:42:23","guid":{"rendered":"https:\/\/hylajams.fi\/?post_type=product&#038;p=2905"},"modified":"2026-02-28T00:52:34","modified_gmt":"2026-02-27T22:52:34","slug":"hyla-gst-imuyksikko","status":"publish","type":"product","link":"https:\/\/hylajams.fi\/?product=hyla-gst-imuyksikko","title":{"rendered":"33720 Hyla GST imuyksikk\u00f6 \u2013 separaattori"},"content":{"rendered":"<p><strong>Hyla GST imuyksikk\u00f6 (Separaattori)<\/strong><\/p>\n<p>Hyla GST imuyksikk\u00f6, eli separaattori, on alkuper\u00e4inen varaosa, joka sopii ainoastaan GST-malliin. Imuyksikk\u00f6 vastaa laitteen imutehosta ja veden sek\u00e4 ilman erottelusta puhdistuksen aikana.<\/p>\n<p>Asennus tulee suorittaa ainoastaan Hyla-huollon tai s\u00e4hk\u00f6alan ammattilaisen toimesta. Hyla Jams ei vastaa itseasennuksesta mahdollisesti syntyvist\u00e4 vahingoista tai muista kustannuksista. T\u00e4m\u00e4 varaosa on v\u00e4ltt\u00e4m\u00e4t\u00f6n, jotta HYLA GST toimii turvallisesti ja tehokkaasti.<\/p>\n<p><strong>Tuotetiedot:<\/strong><\/p>\n<ul>\n<li>Sopii vain HYLA GST -malliin<\/li>\n<li>Imuyksikk\u00f6 \/ separaattori koneisto<\/li>\n<li>Asennus vain Hyla-huollon tai s\u00e4hk\u00f6alan ammattilaisen toimesta<\/li>\n<li>Alkuper\u00e4inen varaosa<\/li>\n<\/ul>\n<p><strong><a href=\"https:\/\/hylajams.fi\/?page_id=8366\">HYLA GST TUOTTEET<\/a><\/strong><\/p>\n<p><strong><a href=\"https:\/\/www.hyla.com\/products\/products\">HYLA INTERNATIONAL<\/a><\/strong><\/p>\n<p>&nbsp;<\/p>\n","protected":false},"excerpt":{"rendered":"<p><strong>HYLA GST imuyksikk\u00f6 (separaattori)<\/strong> \u2013 sopii vain GST-malliin. Asennus vain Hyla-huollon tai s\u00e4hk\u00f6alan ammattilaisen toimesta.<\/p>\n","protected":false},"featured_media":7394,"template":"","meta":[],"product_brand":[],"product_cat":[944,774],"product_tag":[1882,1881,1773,1885,1131,1817,1883,1884],"class_list":{"0":"post-2905","1":"product","2":"type-product","3":"status-publish","4":"has-post-thumbnail","6":"product_cat-hyla-gst-varaosat","7":"product_cat-hyla-gst","8":"product_tag-gst-separaattori","9":"product_tag-hyla-gst-imuyksikko","10":"product_tag-hyla-gst-lisaosa","11":"product_tag-hyla-imuyksikko","12":"product_tag-hyla-lisavaruste","13":"product_tag-imurin-osa","14":"product_tag-imuyksikko-gst","15":"product_tag-separaattori-gst","16":"product_shipping_class-posti-m-paketti-19x36x60-cm-35-kg","17":"_wholesalex wsx-wholesalex-product","19":"first","20":"instock","21":"featured","22":"shipping-taxable","23":"purchasable","24":"product-type-simple"},"yoast_head":"<!-- This site is optimized with the Yoast SEO plugin v27.3 - https:\/\/yoast.com\/product\/yoast-seo-wordpress\/ -->\n<title>Hyla GST imuyksikk\u00f6 (Separaattori) - Hyla GST koneisto<\/title>\n<meta name=\"description\" content=\"Hyla GST imuyksikk\u00f6 (Separaattori) \u2013 sopii vain GST-malliin. Asennus vain Hyla-huollon tai s\u00e4hk\u00f6alan ammattilaisen toimesta.\" \/>\n<meta name=\"robots\" content=\"index, follow, max-snippet:-1, max-image-preview:large, max-video-preview:-1\" \/>\n<link rel=\"canonical\" href=\"https:\/\/hylajams.fi\/?product=hyla-gst-imuyksikko\" \/>\n<meta property=\"og:locale\" content=\"fi_FI\" \/>\n<meta property=\"og:type\" content=\"article\" \/>\n<meta property=\"og:title\" content=\"Hyla GST imuyksikk\u00f6 (Separaattori) - Hyla GST koneisto\" \/>\n<meta property=\"og:description\" content=\"Hyla GST imuyksikk\u00f6 (Separaattori) \u2013 sopii vain GST-malliin. Asennus vain Hyla-huollon tai s\u00e4hk\u00f6alan ammattilaisen toimesta.\" \/>\n<meta property=\"og:url\" content=\"https:\/\/hylajams.fi\/?product=hyla-gst-imuyksikko\" \/>\n<meta property=\"og:site_name\" content=\"Hyla Jams Verkkokauppa\" \/>\n<meta property=\"article:modified_time\" content=\"2026-02-27T22:52:34+00:00\" \/>\n<meta property=\"og:image\" content=\"https:\/\/hylajams.fi\/wp-content\/uploads\/2021\/10\/33720-Hyla-GST-imuyksikko.jpg\" \/>\n\t<meta property=\"og:image:width\" content=\"1080\" \/>\n\t<meta property=\"og:image:height\" content=\"1080\" \/>\n\t<meta property=\"og:image:type\" content=\"image\/jpeg\" \/>\n<meta name=\"twitter:card\" content=\"summary_large_image\" \/>\n<meta name=\"twitter:label1\" content=\"Arvioitu lukuaika\" \/>\n\t<meta name=\"twitter:data1\" content=\"1 minuutti\" \/>\n<script type=\"application\/ld+json\" class=\"yoast-schema-graph\">{\"@context\":\"https:\\\/\\\/schema.org\",\"@graph\":[{\"@type\":\"WebPage\",\"@id\":\"https:\\\/\\\/hylajams.fi\\\/?product=hyla-gst-imuyksikko\",\"url\":\"https:\\\/\\\/hylajams.fi\\\/?product=hyla-gst-imuyksikko\",\"name\":\"Hyla GST imuyksikk\u00f6 (Separaattori) - Hyla GST koneisto\",\"isPartOf\":{\"@id\":\"https:\\\/\\\/hylajams.fi\\\/#website\"},\"primaryImageOfPage\":{\"@id\":\"https:\\\/\\\/hylajams.fi\\\/?product=hyla-gst-imuyksikko#primaryimage\"},\"image\":{\"@id\":\"https:\\\/\\\/hylajams.fi\\\/?product=hyla-gst-imuyksikko#primaryimage\"},\"thumbnailUrl\":\"https:\\\/\\\/hylajams.fi\\\/wp-content\\\/uploads\\\/2021\\\/10\\\/33720-Hyla-GST-imuyksikko.jpg\",\"datePublished\":\"2021-10-18T09:42:23+00:00\",\"dateModified\":\"2026-02-27T22:52:34+00:00\",\"description\":\"Hyla GST imuyksikk\u00f6 (Separaattori) \u2013 sopii vain GST-malliin. Asennus vain Hyla-huollon tai s\u00e4hk\u00f6alan ammattilaisen toimesta.\",\"breadcrumb\":{\"@id\":\"https:\\\/\\\/hylajams.fi\\\/?product=hyla-gst-imuyksikko#breadcrumb\"},\"inLanguage\":\"fi\",\"potentialAction\":[{\"@type\":\"ReadAction\",\"target\":[\"https:\\\/\\\/hylajams.fi\\\/?product=hyla-gst-imuyksikko\"]}]},{\"@type\":\"ImageObject\",\"inLanguage\":\"fi\",\"@id\":\"https:\\\/\\\/hylajams.fi\\\/?product=hyla-gst-imuyksikko#primaryimage\",\"url\":\"https:\\\/\\\/hylajams.fi\\\/wp-content\\\/uploads\\\/2021\\\/10\\\/33720-Hyla-GST-imuyksikko.jpg\",\"contentUrl\":\"https:\\\/\\\/hylajams.fi\\\/wp-content\\\/uploads\\\/2021\\\/10\\\/33720-Hyla-GST-imuyksikko.jpg\",\"width\":1080,\"height\":1080,\"caption\":\"HYLA GST Imuyksikk\u00f6 (Separaattori)\"},{\"@type\":\"BreadcrumbList\",\"@id\":\"https:\\\/\\\/hylajams.fi\\\/?product=hyla-gst-imuyksikko#breadcrumb\",\"itemListElement\":[{\"@type\":\"ListItem\",\"position\":1,\"name\":\"Etusivu\",\"item\":\"https:\\\/\\\/hylajams.fi\\\/\"},{\"@type\":\"ListItem\",\"position\":2,\"name\":\"VERKKOKAUPPA\",\"item\":\"https:\\\/\\\/hylajams.fi\\\/?page_id=9\"},{\"@type\":\"ListItem\",\"position\":3,\"name\":\"33720 Hyla GST imuyksikk\u00f6 \u2013 separaattori\"}]},{\"@type\":\"WebSite\",\"@id\":\"https:\\\/\\\/hylajams.fi\\\/#website\",\"url\":\"https:\\\/\\\/hylajams.fi\\\/\",\"name\":\"Hyla Jams Verkkokauppa\",\"description\":\"Hyla ilman- ja huoneen puhdistusj\u00e4rjestelm\u00e4 Suomessa\",\"publisher\":{\"@id\":\"https:\\\/\\\/hylajams.fi\\\/#organization\"},\"potentialAction\":[{\"@type\":\"SearchAction\",\"target\":{\"@type\":\"EntryPoint\",\"urlTemplate\":\"https:\\\/\\\/hylajams.fi\\\/?s={search_term_string}\"},\"query-input\":{\"@type\":\"PropertyValueSpecification\",\"valueRequired\":true,\"valueName\":\"search_term_string\"}}],\"inLanguage\":\"fi\"},{\"@type\":\"Organization\",\"@id\":\"https:\\\/\\\/hylajams.fi\\\/#organization\",\"name\":\"Hyla Jams Verkkokauppa\",\"url\":\"https:\\\/\\\/hylajams.fi\\\/\",\"logo\":{\"@type\":\"ImageObject\",\"inLanguage\":\"fi\",\"@id\":\"https:\\\/\\\/hylajams.fi\\\/#\\\/schema\\\/logo\\\/image\\\/\",\"url\":\"https:\\\/\\\/hylajams.fi\\\/wp-content\\\/uploads\\\/2025\\\/02\\\/Logo-1-2.jpg\",\"contentUrl\":\"https:\\\/\\\/hylajams.fi\\\/wp-content\\\/uploads\\\/2025\\\/02\\\/Logo-1-2.jpg\",\"width\":500,\"height\":500,\"caption\":\"Hyla Jams Verkkokauppa\"},\"image\":{\"@id\":\"https:\\\/\\\/hylajams.fi\\\/#\\\/schema\\\/logo\\\/image\\\/\"},\"sameAs\":[\"https:\\\/\\\/www.instagram.com\\\/hylasiivous\\\/\"]}]}<\/script>\n<!-- \/ Yoast SEO plugin. -->","yoast_head_json":{"title":"Hyla GST imuyksikk\u00f6 (Separaattori) - Hyla GST koneisto","description":"Hyla GST imuyksikk\u00f6 (Separaattori) \u2013 sopii vain GST-malliin. Asennus vain Hyla-huollon tai s\u00e4hk\u00f6alan ammattilaisen toimesta.","robots":{"index":"index","follow":"follow","max-snippet":"max-snippet:-1","max-image-preview":"max-image-preview:large","max-video-preview":"max-video-preview:-1"},"canonical":"https:\/\/hylajams.fi\/?product=hyla-gst-imuyksikko","og_locale":"fi_FI","og_type":"article","og_title":"Hyla GST imuyksikk\u00f6 (Separaattori) - Hyla GST koneisto","og_description":"Hyla GST imuyksikk\u00f6 (Separaattori) \u2013 sopii vain GST-malliin. Asennus vain Hyla-huollon tai s\u00e4hk\u00f6alan ammattilaisen toimesta.","og_url":"https:\/\/hylajams.fi\/?product=hyla-gst-imuyksikko","og_site_name":"Hyla Jams Verkkokauppa","article_modified_time":"2026-02-27T22:52:34+00:00","og_image":[{"width":1080,"height":1080,"url":"https:\/\/hylajams.fi\/wp-content\/uploads\/2021\/10\/33720-Hyla-GST-imuyksikko.jpg","type":"image\/jpeg"}],"twitter_card":"summary_large_image","twitter_misc":{"Arvioitu lukuaika":"1 minuutti"},"schema":{"@context":"https:\/\/schema.org","@graph":[{"@type":"WebPage","@id":"https:\/\/hylajams.fi\/?product=hyla-gst-imuyksikko","url":"https:\/\/hylajams.fi\/?product=hyla-gst-imuyksikko","name":"Hyla GST imuyksikk\u00f6 (Separaattori) - Hyla GST koneisto","isPartOf":{"@id":"https:\/\/hylajams.fi\/#website"},"primaryImageOfPage":{"@id":"https:\/\/hylajams.fi\/?product=hyla-gst-imuyksikko#primaryimage"},"image":{"@id":"https:\/\/hylajams.fi\/?product=hyla-gst-imuyksikko#primaryimage"},"thumbnailUrl":"https:\/\/hylajams.fi\/wp-content\/uploads\/2021\/10\/33720-Hyla-GST-imuyksikko.jpg","datePublished":"2021-10-18T09:42:23+00:00","dateModified":"2026-02-27T22:52:34+00:00","description":"Hyla GST imuyksikk\u00f6 (Separaattori) \u2013 sopii vain GST-malliin. Asennus vain Hyla-huollon tai s\u00e4hk\u00f6alan ammattilaisen toimesta.","breadcrumb":{"@id":"https:\/\/hylajams.fi\/?product=hyla-gst-imuyksikko#breadcrumb"},"inLanguage":"fi","potentialAction":[{"@type":"ReadAction","target":["https:\/\/hylajams.fi\/?product=hyla-gst-imuyksikko"]}]},{"@type":"ImageObject","inLanguage":"fi","@id":"https:\/\/hylajams.fi\/?product=hyla-gst-imuyksikko#primaryimage","url":"https:\/\/hylajams.fi\/wp-content\/uploads\/2021\/10\/33720-Hyla-GST-imuyksikko.jpg","contentUrl":"https:\/\/hylajams.fi\/wp-content\/uploads\/2021\/10\/33720-Hyla-GST-imuyksikko.jpg","width":1080,"height":1080,"caption":"HYLA GST Imuyksikk\u00f6 (Separaattori)"},{"@type":"BreadcrumbList","@id":"https:\/\/hylajams.fi\/?product=hyla-gst-imuyksikko#breadcrumb","itemListElement":[{"@type":"ListItem","position":1,"name":"Etusivu","item":"https:\/\/hylajams.fi\/"},{"@type":"ListItem","position":2,"name":"VERKKOKAUPPA","item":"https:\/\/hylajams.fi\/?page_id=9"},{"@type":"ListItem","position":3,"name":"33720 Hyla GST imuyksikk\u00f6 \u2013 separaattori"}]},{"@type":"WebSite","@id":"https:\/\/hylajams.fi\/#website","url":"https:\/\/hylajams.fi\/","name":"Hyla Jams Verkkokauppa","description":"Hyla ilman- ja huoneen puhdistusj\u00e4rjestelm\u00e4 Suomessa","publisher":{"@id":"https:\/\/hylajams.fi\/#organization"},"potentialAction":[{"@type":"SearchAction","target":{"@type":"EntryPoint","urlTemplate":"https:\/\/hylajams.fi\/?s={search_term_string}"},"query-input":{"@type":"PropertyValueSpecification","valueRequired":true,"valueName":"search_term_string"}}],"inLanguage":"fi"},{"@type":"Organization","@id":"https:\/\/hylajams.fi\/#organization","name":"Hyla Jams Verkkokauppa","url":"https:\/\/hylajams.fi\/","logo":{"@type":"ImageObject","inLanguage":"fi","@id":"https:\/\/hylajams.fi\/#\/schema\/logo\/image\/","url":"https:\/\/hylajams.fi\/wp-content\/uploads\/2025\/02\/Logo-1-2.jpg","contentUrl":"https:\/\/hylajams.fi\/wp-content\/uploads\/2025\/02\/Logo-1-2.jpg","width":500,"height":500,"caption":"Hyla Jams Verkkokauppa"},"image":{"@id":"https:\/\/hylajams.fi\/#\/schema\/logo\/image\/"},"sameAs":["https:\/\/www.instagram.com\/hylasiivous\/"]}]}},"_links":{"self":[{"href":"https:\/\/hylajams.fi\/index.php?rest_route=\/wp\/v2\/product\/2905","targetHints":{"allow":["GET"]}}],"collection":[{"href":"https:\/\/hylajams.fi\/index.php?rest_route=\/wp\/v2\/product"}],"about":[{"href":"https:\/\/hylajams.fi\/index.php?rest_route=\/wp\/v2\/types\/product"}],"version-history":[{"count":7,"href":"https:\/\/hylajams.fi\/index.php?rest_route=\/wp\/v2\/product\/2905\/revisions"}],"predecessor-version":[{"id":13195,"href":"https:\/\/hylajams.fi\/index.php?rest_route=\/wp\/v2\/product\/2905\/revisions\/13195"}],"wp:featuredmedia":[{"embeddable":true,"href":"https:\/\/hylajams.fi\/index.php?rest_route=\/wp\/v2\/media\/7394"}],"wp:attachment":[{"href":"https:\/\/hylajams.fi\/index.php?rest_route=%2Fwp%2Fv2%2Fmedia&parent=2905"}],"wp:term":[{"taxonomy":"product_brand","embeddable":true,"href":"https:\/\/hylajams.fi\/index.php?rest_route=%2Fwp%2Fv2%2Fproduct_brand&post=2905"},{"taxonomy":"product_cat","embeddable":true,"href":"https:\/\/hylajams.fi\/index.php?rest_route=%2Fwp%2Fv2%2Fproduct_cat&post=2905"},{"taxonomy":"product_tag","embeddable":true,"href":"https:\/\/hylajams.fi\/index.php?rest_route=%2Fwp%2Fv2%2Fproduct_tag&post=2905"}],"curies":[{"name":"wp","href":"https:\/\/api.w.org\/{rel}","templated":true}]}}