{"id":2894,"date":"2021-10-18T11:44:59","date_gmt":"2021-10-18T08:44:59","guid":{"rendered":"https:\/\/hylajams.fi\/?post_type=product&#038;p=2894"},"modified":"2026-02-28T00:33:30","modified_gmt":"2026-02-27T22:33:30","slug":"hyla-rullakon-pyora","status":"publish","type":"product","link":"https:\/\/hylajams.fi\/?product=hyla-rullakon-pyora","title":{"rendered":"31110 Hyla rullakon py\u00f6r\u00e4, EST, GST"},"content":{"rendered":"<p data-start=\"173\" data-end=\"238\"><strong>Hyla rullakon py\u00f6r\u00e4<\/strong><\/p>\n<p data-start=\"173\" data-end=\"238\">Hyla rullakon py\u00f6r\u00e4, HYLA GST- ja EST malleihin sopiva rullakon alustan py\u00f6r\u00e4.\u00a0Kest\u00e4\u00e4 kulutusta, helppo pest\u00e4 ja puhdistaa ja on my\u00f6s eritt\u00e4in nopea ja helppo vaihtaa\u00a0 uusi tilalle ilman ty\u00f6kaluja. Renkaan pinta ei naarmuta lattioita.<\/p>\n<p data-start=\"173\" data-end=\"238\"><span class=\"a_GcMg\">Rullakossa on nelj\u00e4 kest\u00e4v\u00e4\u00e4 py\u00f6r\u00e4paria, yhteens\u00e4 kahdeksan py\u00f6r\u00e4\u00e4, jotka rullaavat vesiastiaa vakaasti per\u00e4ss\u00e4si ja takaavat sujuvan<\/span> <span class=\"a_GcMg\">liikkuvuuden jopa<\/span> <span class=\"a_GcMg\">kynnysten yli.<\/span><\/p>\n<p data-start=\"173\" data-end=\"238\">Jos py\u00f6r\u00e4 vaurioituu, sen vaihtaminen uuteen on vaivatonta ja nopeaa. My\u00f6s renkaiden puhdistaminen on helppoa. Nosta rengas pois paikoiltaan ja laita uusi tai puhdistettu rengas takaisin.<\/p>\n<p data-start=\"173\" data-end=\"238\"><img decoding=\"async\" class=\"alignnone  wp-image-11312\" src=\"https:\/\/hylajams.fi\/wp-content\/uploads\/2021\/10\/31110-225x300.jpg\" alt=\"EST ja GST rullakon rengas\" width=\"179\" height=\"239\" srcset=\"https:\/\/hylajams.fi\/wp-content\/uploads\/2021\/10\/31110-225x300.jpg 225w, https:\/\/hylajams.fi\/wp-content\/uploads\/2021\/10\/31110-rotated.jpg 480w\" sizes=\"(max-width: 179px) 100vw, 179px\" \/><\/p>\n<ul>\n<li data-start=\"242\" data-end=\"323\"><strong data-start=\"242\" data-end=\"255\">Sopivuus:<\/strong> suunniteltu erityisesti Hyla GST- ja EST-j\u00e4rjestelmien rullakoihin<\/li>\n<li data-start=\"326\" data-end=\"464\"><strong data-start=\"326\" data-end=\"340\">Kest\u00e4vyys:<\/strong> rullakossa on yhteens\u00e4 nelj\u00e4 py\u00f6r\u00e4paria (8 py\u00f6r\u00e4\u00e4), jotka varmistavat vakauden ja sujuvan liikkumisen my\u00f6s kynnyksien yli<\/li>\n<li data-start=\"467\" data-end=\"583\"><strong data-start=\"467\" data-end=\"485\">Helppo vaihto:<\/strong> jos py\u00f6r\u00e4 vaurioituu, sen irrottaminen ja korvaaminen uudella onnistuu nopeasti ilman ty\u00f6kaluja<\/li>\n<li data-start=\"586\" data-end=\"718\"><strong data-start=\"586\" data-end=\"606\">Puhdistettavuus:<\/strong> py\u00f6r\u00e4n voi irrottaa ja pest\u00e4 Hyla saippualiuoksella sek\u00e4 vedell\u00e4, jolloin liike pysyy kevyen\u00e4 ja esteett\u00f6m\u00e4n\u00e4<\/li>\n<\/ul>\n<p data-start=\"720\" data-end=\"761\"><strong data-start=\"720\" data-end=\"729\">Huom!<\/strong> Hinta koskee yht\u00e4 (1) py\u00f6r\u00e4\u00e4.<\/p>\n<p><iframe title=\"Rullakko\" src=\"https:\/\/www.canva.com\/design\/DAFuCjejYZU\/view?embed&amp;meta\" height=\"1000\" width=\"707\" style=\"border: none; border-radius: 8px; width: 707px; height: 1000px;\" allowfullscreen=\"allowfullscreen\" allow=\"fullscreen\"><\/iframe><\/p>\n<p><strong><a href=\"https:\/\/hylajams.fi\/?page_id=7252\">HYLA EST TUOTTEET<\/a><\/strong><\/p>\n<p><strong><a href=\"https:\/\/hylajams.fi\/?page_id=8366\">HYLA GST TUOTTEET<\/a><\/strong><\/p>\n<p><strong><a href=\"https:\/\/www.hyla.com\/products\/products\">HYLA INTERNATIONAL<\/a><\/strong><\/p>\n","protected":false},"excerpt":{"rendered":"<p><strong>Hyla rullakon py\u00f6r\u00e4<\/strong>, sopii HYLA GST- ja EST -malleihin. <strong>Hinta koskee yht\u00e4 py\u00f6r\u00e4\u00e4<\/strong>. Kest\u00e4v\u00e4 ja helposti vaihdettava \u2013 pit\u00e4\u00e4 laitteen liikkeen sulavana my\u00f6s kynnyksien yli.<\/p>\n","protected":false},"featured_media":2904,"template":"","meta":[],"product_brand":[],"product_cat":[951,944,773,774],"product_tag":[1830,1831,1204,1773,1131,1262,1832,1833],"class_list":{"0":"post-2894","1":"product","2":"type-product","3":"status-publish","4":"has-post-thumbnail","6":"product_cat-est-varaosat","7":"product_cat-hyla-gst-varaosat","8":"product_cat-hyla-est","9":"product_cat-hyla-gst","10":"product_tag-est-pyora","11":"product_tag-gst-pyora","12":"product_tag-hyla-est-lisaosa","13":"product_tag-hyla-gst-lisaosa","14":"product_tag-hyla-lisavaruste","15":"product_tag-hyla-rullakon-pyora","16":"product_tag-imurin-pyora","17":"product_tag-rullakon-osa","18":"product_shipping_class-posti-s-paketti-11x32x3-cm-35-kg","19":"_wholesalex wsx-wholesalex-product","21":"first","22":"instock","23":"featured","24":"shipping-taxable","25":"purchasable","26":"product-type-simple"},"yoast_head":"<!-- This site is optimized with the Yoast SEO plugin v27.3 - https:\/\/yoast.com\/product\/yoast-seo-wordpress\/ -->\n<title>Hyla rullakon py\u00f6r\u00e4 - rullaa helposti kynnyksen yli<\/title>\n<meta name=\"description\" content=\"Hyla rullakon py\u00f6r\u00e4 - GST- ja EST rullakoihin. Helppo vaihtaa ja puhdistaa. Nosta rengas pois paikoiltaan ja laita uusi tai puhdistettu rengas takaisin.\" \/>\n<meta name=\"robots\" content=\"index, follow, max-snippet:-1, max-image-preview:large, max-video-preview:-1\" \/>\n<link rel=\"canonical\" href=\"https:\/\/hylajams.fi\/?product=hyla-rullakon-pyora\" \/>\n<meta property=\"og:locale\" content=\"fi_FI\" \/>\n<meta property=\"og:type\" content=\"article\" \/>\n<meta property=\"og:title\" content=\"Hyla rullakon py\u00f6r\u00e4 - rullaa helposti kynnyksen yli\" \/>\n<meta property=\"og:description\" content=\"Hyla rullakon py\u00f6r\u00e4 - GST- ja EST rullakoihin. Helppo vaihtaa ja puhdistaa. Nosta rengas pois paikoiltaan ja laita uusi tai puhdistettu rengas takaisin.\" \/>\n<meta property=\"og:url\" content=\"https:\/\/hylajams.fi\/?product=hyla-rullakon-pyora\" \/>\n<meta property=\"og:site_name\" content=\"Hyla Jams Verkkokauppa\" \/>\n<meta property=\"article:modified_time\" content=\"2026-02-27T22:33:30+00:00\" \/>\n<meta property=\"og:image\" content=\"https:\/\/hylajams.fi\/wp-content\/uploads\/2021\/10\/31110-Hyla-GST-alustan-pyora1.jpg\" \/>\n\t<meta property=\"og:image:width\" content=\"640\" \/>\n\t<meta property=\"og:image:height\" content=\"480\" \/>\n\t<meta property=\"og:image:type\" content=\"image\/jpeg\" \/>\n<meta name=\"twitter:card\" content=\"summary_large_image\" \/>\n<meta name=\"twitter:label1\" content=\"Arvioitu lukuaika\" \/>\n\t<meta name=\"twitter:data1\" content=\"2 minuuttia\" \/>\n<script type=\"application\/ld+json\" class=\"yoast-schema-graph\">{\"@context\":\"https:\\\/\\\/schema.org\",\"@graph\":[{\"@type\":\"WebPage\",\"@id\":\"https:\\\/\\\/hylajams.fi\\\/?product=hyla-rullakon-pyora\",\"url\":\"https:\\\/\\\/hylajams.fi\\\/?product=hyla-rullakon-pyora\",\"name\":\"Hyla rullakon py\u00f6r\u00e4 - rullaa helposti kynnyksen yli\",\"isPartOf\":{\"@id\":\"https:\\\/\\\/hylajams.fi\\\/#website\"},\"primaryImageOfPage\":{\"@id\":\"https:\\\/\\\/hylajams.fi\\\/?product=hyla-rullakon-pyora#primaryimage\"},\"image\":{\"@id\":\"https:\\\/\\\/hylajams.fi\\\/?product=hyla-rullakon-pyora#primaryimage\"},\"thumbnailUrl\":\"https:\\\/\\\/hylajams.fi\\\/wp-content\\\/uploads\\\/2021\\\/10\\\/31110-Hyla-GST-alustan-pyora1.jpg\",\"datePublished\":\"2021-10-18T08:44:59+00:00\",\"dateModified\":\"2026-02-27T22:33:30+00:00\",\"description\":\"Hyla rullakon py\u00f6r\u00e4 - GST- ja EST rullakoihin. Helppo vaihtaa ja puhdistaa. Nosta rengas pois paikoiltaan ja laita uusi tai puhdistettu rengas takaisin.\",\"breadcrumb\":{\"@id\":\"https:\\\/\\\/hylajams.fi\\\/?product=hyla-rullakon-pyora#breadcrumb\"},\"inLanguage\":\"fi\",\"potentialAction\":[{\"@type\":\"ReadAction\",\"target\":[\"https:\\\/\\\/hylajams.fi\\\/?product=hyla-rullakon-pyora\"]}]},{\"@type\":\"ImageObject\",\"inLanguage\":\"fi\",\"@id\":\"https:\\\/\\\/hylajams.fi\\\/?product=hyla-rullakon-pyora#primaryimage\",\"url\":\"https:\\\/\\\/hylajams.fi\\\/wp-content\\\/uploads\\\/2021\\\/10\\\/31110-Hyla-GST-alustan-pyora1.jpg\",\"contentUrl\":\"https:\\\/\\\/hylajams.fi\\\/wp-content\\\/uploads\\\/2021\\\/10\\\/31110-Hyla-GST-alustan-pyora1.jpg\",\"width\":640,\"height\":480,\"caption\":\"Hyla rullakon py\u00f6r\u00e4\"},{\"@type\":\"BreadcrumbList\",\"@id\":\"https:\\\/\\\/hylajams.fi\\\/?product=hyla-rullakon-pyora#breadcrumb\",\"itemListElement\":[{\"@type\":\"ListItem\",\"position\":1,\"name\":\"Etusivu\",\"item\":\"https:\\\/\\\/hylajams.fi\\\/\"},{\"@type\":\"ListItem\",\"position\":2,\"name\":\"VERKKOKAUPPA\",\"item\":\"https:\\\/\\\/hylajams.fi\\\/?page_id=9\"},{\"@type\":\"ListItem\",\"position\":3,\"name\":\"31110 Hyla rullakon py\u00f6r\u00e4, EST, GST\"}]},{\"@type\":\"WebSite\",\"@id\":\"https:\\\/\\\/hylajams.fi\\\/#website\",\"url\":\"https:\\\/\\\/hylajams.fi\\\/\",\"name\":\"Hyla Jams Verkkokauppa\",\"description\":\"Hyla ilman- ja huoneen puhdistusj\u00e4rjestelm\u00e4 Suomessa\",\"publisher\":{\"@id\":\"https:\\\/\\\/hylajams.fi\\\/#organization\"},\"potentialAction\":[{\"@type\":\"SearchAction\",\"target\":{\"@type\":\"EntryPoint\",\"urlTemplate\":\"https:\\\/\\\/hylajams.fi\\\/?s={search_term_string}\"},\"query-input\":{\"@type\":\"PropertyValueSpecification\",\"valueRequired\":true,\"valueName\":\"search_term_string\"}}],\"inLanguage\":\"fi\"},{\"@type\":\"Organization\",\"@id\":\"https:\\\/\\\/hylajams.fi\\\/#organization\",\"name\":\"Hyla Jams Verkkokauppa\",\"url\":\"https:\\\/\\\/hylajams.fi\\\/\",\"logo\":{\"@type\":\"ImageObject\",\"inLanguage\":\"fi\",\"@id\":\"https:\\\/\\\/hylajams.fi\\\/#\\\/schema\\\/logo\\\/image\\\/\",\"url\":\"https:\\\/\\\/hylajams.fi\\\/wp-content\\\/uploads\\\/2025\\\/02\\\/Logo-1-2.jpg\",\"contentUrl\":\"https:\\\/\\\/hylajams.fi\\\/wp-content\\\/uploads\\\/2025\\\/02\\\/Logo-1-2.jpg\",\"width\":500,\"height\":500,\"caption\":\"Hyla Jams Verkkokauppa\"},\"image\":{\"@id\":\"https:\\\/\\\/hylajams.fi\\\/#\\\/schema\\\/logo\\\/image\\\/\"},\"sameAs\":[\"https:\\\/\\\/www.instagram.com\\\/hylasiivous\\\/\"]}]}<\/script>\n<!-- \/ Yoast SEO plugin. -->","yoast_head_json":{"title":"Hyla rullakon py\u00f6r\u00e4 - rullaa helposti kynnyksen yli","description":"Hyla rullakon py\u00f6r\u00e4 - GST- ja EST rullakoihin. Helppo vaihtaa ja puhdistaa. Nosta rengas pois paikoiltaan ja laita uusi tai puhdistettu rengas takaisin.","robots":{"index":"index","follow":"follow","max-snippet":"max-snippet:-1","max-image-preview":"max-image-preview:large","max-video-preview":"max-video-preview:-1"},"canonical":"https:\/\/hylajams.fi\/?product=hyla-rullakon-pyora","og_locale":"fi_FI","og_type":"article","og_title":"Hyla rullakon py\u00f6r\u00e4 - rullaa helposti kynnyksen yli","og_description":"Hyla rullakon py\u00f6r\u00e4 - GST- ja EST rullakoihin. Helppo vaihtaa ja puhdistaa. Nosta rengas pois paikoiltaan ja laita uusi tai puhdistettu rengas takaisin.","og_url":"https:\/\/hylajams.fi\/?product=hyla-rullakon-pyora","og_site_name":"Hyla Jams Verkkokauppa","article_modified_time":"2026-02-27T22:33:30+00:00","og_image":[{"width":640,"height":480,"url":"https:\/\/hylajams.fi\/wp-content\/uploads\/2021\/10\/31110-Hyla-GST-alustan-pyora1.jpg","type":"image\/jpeg"}],"twitter_card":"summary_large_image","twitter_misc":{"Arvioitu lukuaika":"2 minuuttia"},"schema":{"@context":"https:\/\/schema.org","@graph":[{"@type":"WebPage","@id":"https:\/\/hylajams.fi\/?product=hyla-rullakon-pyora","url":"https:\/\/hylajams.fi\/?product=hyla-rullakon-pyora","name":"Hyla rullakon py\u00f6r\u00e4 - rullaa helposti kynnyksen yli","isPartOf":{"@id":"https:\/\/hylajams.fi\/#website"},"primaryImageOfPage":{"@id":"https:\/\/hylajams.fi\/?product=hyla-rullakon-pyora#primaryimage"},"image":{"@id":"https:\/\/hylajams.fi\/?product=hyla-rullakon-pyora#primaryimage"},"thumbnailUrl":"https:\/\/hylajams.fi\/wp-content\/uploads\/2021\/10\/31110-Hyla-GST-alustan-pyora1.jpg","datePublished":"2021-10-18T08:44:59+00:00","dateModified":"2026-02-27T22:33:30+00:00","description":"Hyla rullakon py\u00f6r\u00e4 - GST- ja EST rullakoihin. Helppo vaihtaa ja puhdistaa. Nosta rengas pois paikoiltaan ja laita uusi tai puhdistettu rengas takaisin.","breadcrumb":{"@id":"https:\/\/hylajams.fi\/?product=hyla-rullakon-pyora#breadcrumb"},"inLanguage":"fi","potentialAction":[{"@type":"ReadAction","target":["https:\/\/hylajams.fi\/?product=hyla-rullakon-pyora"]}]},{"@type":"ImageObject","inLanguage":"fi","@id":"https:\/\/hylajams.fi\/?product=hyla-rullakon-pyora#primaryimage","url":"https:\/\/hylajams.fi\/wp-content\/uploads\/2021\/10\/31110-Hyla-GST-alustan-pyora1.jpg","contentUrl":"https:\/\/hylajams.fi\/wp-content\/uploads\/2021\/10\/31110-Hyla-GST-alustan-pyora1.jpg","width":640,"height":480,"caption":"Hyla rullakon py\u00f6r\u00e4"},{"@type":"BreadcrumbList","@id":"https:\/\/hylajams.fi\/?product=hyla-rullakon-pyora#breadcrumb","itemListElement":[{"@type":"ListItem","position":1,"name":"Etusivu","item":"https:\/\/hylajams.fi\/"},{"@type":"ListItem","position":2,"name":"VERKKOKAUPPA","item":"https:\/\/hylajams.fi\/?page_id=9"},{"@type":"ListItem","position":3,"name":"31110 Hyla rullakon py\u00f6r\u00e4, EST, GST"}]},{"@type":"WebSite","@id":"https:\/\/hylajams.fi\/#website","url":"https:\/\/hylajams.fi\/","name":"Hyla Jams Verkkokauppa","description":"Hyla ilman- ja huoneen puhdistusj\u00e4rjestelm\u00e4 Suomessa","publisher":{"@id":"https:\/\/hylajams.fi\/#organization"},"potentialAction":[{"@type":"SearchAction","target":{"@type":"EntryPoint","urlTemplate":"https:\/\/hylajams.fi\/?s={search_term_string}"},"query-input":{"@type":"PropertyValueSpecification","valueRequired":true,"valueName":"search_term_string"}}],"inLanguage":"fi"},{"@type":"Organization","@id":"https:\/\/hylajams.fi\/#organization","name":"Hyla Jams Verkkokauppa","url":"https:\/\/hylajams.fi\/","logo":{"@type":"ImageObject","inLanguage":"fi","@id":"https:\/\/hylajams.fi\/#\/schema\/logo\/image\/","url":"https:\/\/hylajams.fi\/wp-content\/uploads\/2025\/02\/Logo-1-2.jpg","contentUrl":"https:\/\/hylajams.fi\/wp-content\/uploads\/2025\/02\/Logo-1-2.jpg","width":500,"height":500,"caption":"Hyla Jams Verkkokauppa"},"image":{"@id":"https:\/\/hylajams.fi\/#\/schema\/logo\/image\/"},"sameAs":["https:\/\/www.instagram.com\/hylasiivous\/"]}]}},"_links":{"self":[{"href":"https:\/\/hylajams.fi\/index.php?rest_route=\/wp\/v2\/product\/2894","targetHints":{"allow":["GET"]}}],"collection":[{"href":"https:\/\/hylajams.fi\/index.php?rest_route=\/wp\/v2\/product"}],"about":[{"href":"https:\/\/hylajams.fi\/index.php?rest_route=\/wp\/v2\/types\/product"}],"version-history":[{"count":4,"href":"https:\/\/hylajams.fi\/index.php?rest_route=\/wp\/v2\/product\/2894\/revisions"}],"predecessor-version":[{"id":11314,"href":"https:\/\/hylajams.fi\/index.php?rest_route=\/wp\/v2\/product\/2894\/revisions\/11314"}],"wp:featuredmedia":[{"embeddable":true,"href":"https:\/\/hylajams.fi\/index.php?rest_route=\/wp\/v2\/media\/2904"}],"wp:attachment":[{"href":"https:\/\/hylajams.fi\/index.php?rest_route=%2Fwp%2Fv2%2Fmedia&parent=2894"}],"wp:term":[{"taxonomy":"product_brand","embeddable":true,"href":"https:\/\/hylajams.fi\/index.php?rest_route=%2Fwp%2Fv2%2Fproduct_brand&post=2894"},{"taxonomy":"product_cat","embeddable":true,"href":"https:\/\/hylajams.fi\/index.php?rest_route=%2Fwp%2Fv2%2Fproduct_cat&post=2894"},{"taxonomy":"product_tag","embeddable":true,"href":"https:\/\/hylajams.fi\/index.php?rest_route=%2Fwp%2Fv2%2Fproduct_tag&post=2894"}],"curies":[{"name":"wp","href":"https:\/\/api.w.org\/{rel}","templated":true}]}}