{"id":2892,"date":"2021-10-18T11:29:51","date_gmt":"2021-10-18T08:29:51","guid":{"rendered":"https:\/\/hylajams.fi\/?post_type=product&#038;p=2892"},"modified":"2026-02-28T00:34:40","modified_gmt":"2026-02-27T22:34:40","slug":"hyla-sahkomoottoriharjan-rulla","status":"publish","type":"product","link":"https:\/\/hylajams.fi\/?product=hyla-sahkomoottoriharjan-rulla","title":{"rendered":"14903 Hyla s\u00e4hk\u00f6moottoriharjan rulla"},"content":{"rendered":"<p><strong>HYLA s\u00e4hk\u00f6moottoriharjan rulla<\/strong><\/p>\n<p>HYLA s\u00e4hk\u00f6moottoriharjan rulla on alkuper\u00e4inen varaosa, joka sopii HYLA EST-, GST- ja NST-mallien s\u00e4hk\u00f6moottoriharjoihin. Harjarulla varmistaa harjan tasaisen liikkumisen ja py\u00f6rimisen ja optimaalisen siivoustuloksen.<\/p>\n<p>Rulla on helppo vaihtaa itse, ja se palauttaa s\u00e4hk\u00f6moottoriharjan t\u00e4yden tehokkuuden. Varaosamyynti takaa, ett\u00e4 HYLA-laitteesi toimii aina moitteettomasti ja pitk\u00e4ik\u00e4isesti.<\/p>\n<p><strong>Tuotetiedot:<\/strong><\/p>\n<ul>\n<li>Sopii HYLA EST, GST ja NST -malleihin<\/li>\n<li>Varaosatuote s\u00e4hk\u00f6moottoriharjaan<\/li>\n<li>Helppo asentaa itse<\/li>\n<li>Alkuper\u00e4inen harjarulla<\/li>\n<\/ul>\n<p><strong><a href=\"https:\/\/hylajams.fi\/?page_id=7252\">HYLA EST TUOTTEET<\/a><\/strong><\/p>\n<p><strong><a href=\"https:\/\/hylajams.fi\/?page_id=8366\">HYLA GST TUOTTEET<\/a><\/strong><\/p>\n<p><strong><a href=\"https:\/\/hylajams.fi\/?page_id=8371\">HYLA NST TUOTTEET<\/a><\/strong><\/p>\n<p><strong><a href=\"https:\/\/www.hyla.com\/products\/products\">HYLA INTERNATIONAL<\/a><\/strong><\/p>\n","protected":false},"excerpt":{"rendered":"<p><strong>HYLA s\u00e4hk\u00f6moottoriharjan rulla<\/strong> \u2013 sopii EST-, GST- ja NST-malleihin. Helppo vaihtaa, alkuper\u00e4inen varaosa.<\/p>\n","protected":false},"featured_media":8572,"template":"","meta":[],"product_brand":[],"product_cat":[951,944,773,774,775,847],"product_tag":[1811,1253,1326,1229,1251,1834,1828],"class_list":{"0":"post-2892","1":"product","2":"type-product","3":"status-publish","4":"has-post-thumbnail","6":"product_cat-est-varaosat","7":"product_cat-hyla-gst-varaosat","8":"product_cat-hyla-est","9":"product_cat-hyla-gst","10":"product_cat-hyla-nst","11":"product_cat-hyla-nst-varaosat","12":"product_tag-est-sahkomoottoriharja","13":"product_tag-gst-sahkomoottoriharja","14":"product_tag-hyla-sahkomoottoriharjan-rulla","15":"product_tag-hyla-varaosa","16":"product_tag-nst-sahkomoottoriharja","17":"product_tag-sahkoharjan-rulla","18":"product_tag-sahkomoottoriharja-lisavaruste","19":"product_shipping_class-posti-s-paketti-11x32x3-cm-35-kg","20":"_wholesalex wsx-wholesalex-product","22":"first","23":"instock","24":"featured","25":"shipping-taxable","26":"purchasable","27":"product-type-simple"},"yoast_head":"<!-- This site is optimized with the Yoast SEO plugin v27.3 - https:\/\/yoast.com\/product\/yoast-seo-wordpress\/ -->\n<title>HYLA s\u00e4hk\u00f6moottoriharjan rulla - Hyla s\u00e4hk\u00f6harjan varaosa<\/title>\n<meta name=\"description\" content=\"HYLA s\u00e4hk\u00f6moottoriharjan rulla \u2013 sopii EST-, GST- ja NST-malleihin. Helppo vaihtaa, alkuper\u00e4inen varaosa optimaaliseen siivoustulokseen.\" \/>\n<meta name=\"robots\" content=\"index, follow, max-snippet:-1, max-image-preview:large, max-video-preview:-1\" \/>\n<link rel=\"canonical\" href=\"https:\/\/hylajams.fi\/?product=hyla-sahkomoottoriharjan-rulla\" \/>\n<meta property=\"og:locale\" content=\"fi_FI\" \/>\n<meta property=\"og:type\" content=\"article\" \/>\n<meta property=\"og:title\" content=\"HYLA s\u00e4hk\u00f6moottoriharjan rulla - Hyla s\u00e4hk\u00f6harjan varaosa\" \/>\n<meta property=\"og:description\" content=\"HYLA s\u00e4hk\u00f6moottoriharjan rulla \u2013 sopii EST-, GST- ja NST-malleihin. Helppo vaihtaa, alkuper\u00e4inen varaosa optimaaliseen siivoustulokseen.\" \/>\n<meta property=\"og:url\" content=\"https:\/\/hylajams.fi\/?product=hyla-sahkomoottoriharjan-rulla\" \/>\n<meta property=\"og:site_name\" content=\"Hyla Jams Verkkokauppa\" \/>\n<meta property=\"article:modified_time\" content=\"2026-02-27T22:34:40+00:00\" \/>\n<meta property=\"og:image\" content=\"https:\/\/hylajams.fi\/wp-content\/uploads\/2021\/10\/14093-Tela-GST-NST-turboharjalle.jpg\" \/>\n\t<meta property=\"og:image:width\" content=\"945\" \/>\n\t<meta property=\"og:image:height\" content=\"945\" \/>\n\t<meta property=\"og:image:type\" content=\"image\/jpeg\" \/>\n<meta name=\"twitter:card\" content=\"summary_large_image\" \/>\n<meta name=\"twitter:label1\" content=\"Arvioitu lukuaika\" \/>\n\t<meta name=\"twitter:data1\" content=\"1 minuutti\" \/>\n<script type=\"application\/ld+json\" class=\"yoast-schema-graph\">{\"@context\":\"https:\\\/\\\/schema.org\",\"@graph\":[{\"@type\":\"WebPage\",\"@id\":\"https:\\\/\\\/hylajams.fi\\\/?product=hyla-sahkomoottoriharjan-rulla\",\"url\":\"https:\\\/\\\/hylajams.fi\\\/?product=hyla-sahkomoottoriharjan-rulla\",\"name\":\"HYLA s\u00e4hk\u00f6moottoriharjan rulla - Hyla s\u00e4hk\u00f6harjan varaosa\",\"isPartOf\":{\"@id\":\"https:\\\/\\\/hylajams.fi\\\/#website\"},\"primaryImageOfPage\":{\"@id\":\"https:\\\/\\\/hylajams.fi\\\/?product=hyla-sahkomoottoriharjan-rulla#primaryimage\"},\"image\":{\"@id\":\"https:\\\/\\\/hylajams.fi\\\/?product=hyla-sahkomoottoriharjan-rulla#primaryimage\"},\"thumbnailUrl\":\"https:\\\/\\\/hylajams.fi\\\/wp-content\\\/uploads\\\/2021\\\/10\\\/14093-Tela-GST-NST-turboharjalle.jpg\",\"datePublished\":\"2021-10-18T08:29:51+00:00\",\"dateModified\":\"2026-02-27T22:34:40+00:00\",\"description\":\"HYLA s\u00e4hk\u00f6moottoriharjan rulla \u2013 sopii EST-, GST- ja NST-malleihin. Helppo vaihtaa, alkuper\u00e4inen varaosa optimaaliseen siivoustulokseen.\",\"breadcrumb\":{\"@id\":\"https:\\\/\\\/hylajams.fi\\\/?product=hyla-sahkomoottoriharjan-rulla#breadcrumb\"},\"inLanguage\":\"fi\",\"potentialAction\":[{\"@type\":\"ReadAction\",\"target\":[\"https:\\\/\\\/hylajams.fi\\\/?product=hyla-sahkomoottoriharjan-rulla\"]}]},{\"@type\":\"ImageObject\",\"inLanguage\":\"fi\",\"@id\":\"https:\\\/\\\/hylajams.fi\\\/?product=hyla-sahkomoottoriharjan-rulla#primaryimage\",\"url\":\"https:\\\/\\\/hylajams.fi\\\/wp-content\\\/uploads\\\/2021\\\/10\\\/14093-Tela-GST-NST-turboharjalle.jpg\",\"contentUrl\":\"https:\\\/\\\/hylajams.fi\\\/wp-content\\\/uploads\\\/2021\\\/10\\\/14093-Tela-GST-NST-turboharjalle.jpg\",\"width\":945,\"height\":945,\"caption\":\"HYLA s\u00e4hk\u00f6moottoriharjan rulla\"},{\"@type\":\"BreadcrumbList\",\"@id\":\"https:\\\/\\\/hylajams.fi\\\/?product=hyla-sahkomoottoriharjan-rulla#breadcrumb\",\"itemListElement\":[{\"@type\":\"ListItem\",\"position\":1,\"name\":\"Etusivu\",\"item\":\"https:\\\/\\\/hylajams.fi\\\/\"},{\"@type\":\"ListItem\",\"position\":2,\"name\":\"VERKKOKAUPPA\",\"item\":\"https:\\\/\\\/hylajams.fi\\\/?page_id=9\"},{\"@type\":\"ListItem\",\"position\":3,\"name\":\"14903 Hyla s\u00e4hk\u00f6moottoriharjan rulla\"}]},{\"@type\":\"WebSite\",\"@id\":\"https:\\\/\\\/hylajams.fi\\\/#website\",\"url\":\"https:\\\/\\\/hylajams.fi\\\/\",\"name\":\"Hyla Jams Verkkokauppa\",\"description\":\"Hyla ilman- ja huoneen puhdistusj\u00e4rjestelm\u00e4 Suomessa\",\"publisher\":{\"@id\":\"https:\\\/\\\/hylajams.fi\\\/#organization\"},\"potentialAction\":[{\"@type\":\"SearchAction\",\"target\":{\"@type\":\"EntryPoint\",\"urlTemplate\":\"https:\\\/\\\/hylajams.fi\\\/?s={search_term_string}\"},\"query-input\":{\"@type\":\"PropertyValueSpecification\",\"valueRequired\":true,\"valueName\":\"search_term_string\"}}],\"inLanguage\":\"fi\"},{\"@type\":\"Organization\",\"@id\":\"https:\\\/\\\/hylajams.fi\\\/#organization\",\"name\":\"Hyla Jams Verkkokauppa\",\"url\":\"https:\\\/\\\/hylajams.fi\\\/\",\"logo\":{\"@type\":\"ImageObject\",\"inLanguage\":\"fi\",\"@id\":\"https:\\\/\\\/hylajams.fi\\\/#\\\/schema\\\/logo\\\/image\\\/\",\"url\":\"https:\\\/\\\/hylajams.fi\\\/wp-content\\\/uploads\\\/2025\\\/02\\\/Logo-1-2.jpg\",\"contentUrl\":\"https:\\\/\\\/hylajams.fi\\\/wp-content\\\/uploads\\\/2025\\\/02\\\/Logo-1-2.jpg\",\"width\":500,\"height\":500,\"caption\":\"Hyla Jams Verkkokauppa\"},\"image\":{\"@id\":\"https:\\\/\\\/hylajams.fi\\\/#\\\/schema\\\/logo\\\/image\\\/\"},\"sameAs\":[\"https:\\\/\\\/www.instagram.com\\\/hylasiivous\\\/\"]}]}<\/script>\n<!-- \/ Yoast SEO plugin. -->","yoast_head_json":{"title":"HYLA s\u00e4hk\u00f6moottoriharjan rulla - Hyla s\u00e4hk\u00f6harjan varaosa","description":"HYLA s\u00e4hk\u00f6moottoriharjan rulla \u2013 sopii EST-, GST- ja NST-malleihin. Helppo vaihtaa, alkuper\u00e4inen varaosa optimaaliseen siivoustulokseen.","robots":{"index":"index","follow":"follow","max-snippet":"max-snippet:-1","max-image-preview":"max-image-preview:large","max-video-preview":"max-video-preview:-1"},"canonical":"https:\/\/hylajams.fi\/?product=hyla-sahkomoottoriharjan-rulla","og_locale":"fi_FI","og_type":"article","og_title":"HYLA s\u00e4hk\u00f6moottoriharjan rulla - Hyla s\u00e4hk\u00f6harjan varaosa","og_description":"HYLA s\u00e4hk\u00f6moottoriharjan rulla \u2013 sopii EST-, GST- ja NST-malleihin. Helppo vaihtaa, alkuper\u00e4inen varaosa optimaaliseen siivoustulokseen.","og_url":"https:\/\/hylajams.fi\/?product=hyla-sahkomoottoriharjan-rulla","og_site_name":"Hyla Jams Verkkokauppa","article_modified_time":"2026-02-27T22:34:40+00:00","og_image":[{"width":945,"height":945,"url":"https:\/\/hylajams.fi\/wp-content\/uploads\/2021\/10\/14093-Tela-GST-NST-turboharjalle.jpg","type":"image\/jpeg"}],"twitter_card":"summary_large_image","twitter_misc":{"Arvioitu lukuaika":"1 minuutti"},"schema":{"@context":"https:\/\/schema.org","@graph":[{"@type":"WebPage","@id":"https:\/\/hylajams.fi\/?product=hyla-sahkomoottoriharjan-rulla","url":"https:\/\/hylajams.fi\/?product=hyla-sahkomoottoriharjan-rulla","name":"HYLA s\u00e4hk\u00f6moottoriharjan rulla - Hyla s\u00e4hk\u00f6harjan varaosa","isPartOf":{"@id":"https:\/\/hylajams.fi\/#website"},"primaryImageOfPage":{"@id":"https:\/\/hylajams.fi\/?product=hyla-sahkomoottoriharjan-rulla#primaryimage"},"image":{"@id":"https:\/\/hylajams.fi\/?product=hyla-sahkomoottoriharjan-rulla#primaryimage"},"thumbnailUrl":"https:\/\/hylajams.fi\/wp-content\/uploads\/2021\/10\/14093-Tela-GST-NST-turboharjalle.jpg","datePublished":"2021-10-18T08:29:51+00:00","dateModified":"2026-02-27T22:34:40+00:00","description":"HYLA s\u00e4hk\u00f6moottoriharjan rulla \u2013 sopii EST-, GST- ja NST-malleihin. Helppo vaihtaa, alkuper\u00e4inen varaosa optimaaliseen siivoustulokseen.","breadcrumb":{"@id":"https:\/\/hylajams.fi\/?product=hyla-sahkomoottoriharjan-rulla#breadcrumb"},"inLanguage":"fi","potentialAction":[{"@type":"ReadAction","target":["https:\/\/hylajams.fi\/?product=hyla-sahkomoottoriharjan-rulla"]}]},{"@type":"ImageObject","inLanguage":"fi","@id":"https:\/\/hylajams.fi\/?product=hyla-sahkomoottoriharjan-rulla#primaryimage","url":"https:\/\/hylajams.fi\/wp-content\/uploads\/2021\/10\/14093-Tela-GST-NST-turboharjalle.jpg","contentUrl":"https:\/\/hylajams.fi\/wp-content\/uploads\/2021\/10\/14093-Tela-GST-NST-turboharjalle.jpg","width":945,"height":945,"caption":"HYLA s\u00e4hk\u00f6moottoriharjan rulla"},{"@type":"BreadcrumbList","@id":"https:\/\/hylajams.fi\/?product=hyla-sahkomoottoriharjan-rulla#breadcrumb","itemListElement":[{"@type":"ListItem","position":1,"name":"Etusivu","item":"https:\/\/hylajams.fi\/"},{"@type":"ListItem","position":2,"name":"VERKKOKAUPPA","item":"https:\/\/hylajams.fi\/?page_id=9"},{"@type":"ListItem","position":3,"name":"14903 Hyla s\u00e4hk\u00f6moottoriharjan rulla"}]},{"@type":"WebSite","@id":"https:\/\/hylajams.fi\/#website","url":"https:\/\/hylajams.fi\/","name":"Hyla Jams Verkkokauppa","description":"Hyla ilman- ja huoneen puhdistusj\u00e4rjestelm\u00e4 Suomessa","publisher":{"@id":"https:\/\/hylajams.fi\/#organization"},"potentialAction":[{"@type":"SearchAction","target":{"@type":"EntryPoint","urlTemplate":"https:\/\/hylajams.fi\/?s={search_term_string}"},"query-input":{"@type":"PropertyValueSpecification","valueRequired":true,"valueName":"search_term_string"}}],"inLanguage":"fi"},{"@type":"Organization","@id":"https:\/\/hylajams.fi\/#organization","name":"Hyla Jams Verkkokauppa","url":"https:\/\/hylajams.fi\/","logo":{"@type":"ImageObject","inLanguage":"fi","@id":"https:\/\/hylajams.fi\/#\/schema\/logo\/image\/","url":"https:\/\/hylajams.fi\/wp-content\/uploads\/2025\/02\/Logo-1-2.jpg","contentUrl":"https:\/\/hylajams.fi\/wp-content\/uploads\/2025\/02\/Logo-1-2.jpg","width":500,"height":500,"caption":"Hyla Jams Verkkokauppa"},"image":{"@id":"https:\/\/hylajams.fi\/#\/schema\/logo\/image\/"},"sameAs":["https:\/\/www.instagram.com\/hylasiivous\/"]}]}},"_links":{"self":[{"href":"https:\/\/hylajams.fi\/index.php?rest_route=\/wp\/v2\/product\/2892","targetHints":{"allow":["GET"]}}],"collection":[{"href":"https:\/\/hylajams.fi\/index.php?rest_route=\/wp\/v2\/product"}],"about":[{"href":"https:\/\/hylajams.fi\/index.php?rest_route=\/wp\/v2\/types\/product"}],"version-history":[{"count":5,"href":"https:\/\/hylajams.fi\/index.php?rest_route=\/wp\/v2\/product\/2892\/revisions"}],"predecessor-version":[{"id":13184,"href":"https:\/\/hylajams.fi\/index.php?rest_route=\/wp\/v2\/product\/2892\/revisions\/13184"}],"wp:featuredmedia":[{"embeddable":true,"href":"https:\/\/hylajams.fi\/index.php?rest_route=\/wp\/v2\/media\/8572"}],"wp:attachment":[{"href":"https:\/\/hylajams.fi\/index.php?rest_route=%2Fwp%2Fv2%2Fmedia&parent=2892"}],"wp:term":[{"taxonomy":"product_brand","embeddable":true,"href":"https:\/\/hylajams.fi\/index.php?rest_route=%2Fwp%2Fv2%2Fproduct_brand&post=2892"},{"taxonomy":"product_cat","embeddable":true,"href":"https:\/\/hylajams.fi\/index.php?rest_route=%2Fwp%2Fv2%2Fproduct_cat&post=2892"},{"taxonomy":"product_tag","embeddable":true,"href":"https:\/\/hylajams.fi\/index.php?rest_route=%2Fwp%2Fv2%2Fproduct_tag&post=2892"}],"curies":[{"name":"wp","href":"https:\/\/api.w.org\/{rel}","templated":true}]}}