{"id":2890,"date":"2021-10-18T11:20:46","date_gmt":"2021-10-18T08:20:46","guid":{"rendered":"https:\/\/hylajams.fi\/?post_type=product&#038;p=2890"},"modified":"2026-02-28T01:28:14","modified_gmt":"2026-02-27T23:28:14","slug":"hyla-nst-rullakon-pyora","status":"publish","type":"product","link":"https:\/\/hylajams.fi\/?product=hyla-nst-rullakon-pyora","title":{"rendered":"12105 Hyla NST rullakon py\u00f6r\u00e4"},"content":{"rendered":"<p><strong>HYLA NST rullakon py\u00f6r\u00e4<\/strong><\/p>\n<p>HYLA NST rullakon py\u00f6r\u00e4 on alkuper\u00e4inen varaosa, joka sopii NST-mallin rullakkoon. Rullakossa on paikat nelj\u00e4lle py\u00f6r\u00e4lle, ja py\u00f6r\u00e4t myyd\u00e4\u00e4n yksitt\u00e4in, joten voit vaihtaa tarvittavan kappaleen helposti.<\/p>\n<p>Py\u00f6r\u00e4n asentaminen on helppoa, ja se palauttaa rullakon liikkumisen sujuvaksi ja turvalliseksi. T\u00e4m\u00e4 varaosa varmistaa, ett\u00e4 HYLA NST on helposti siirrett\u00e4viss\u00e4 siivouksen aikana.<\/p>\n<p><strong>Tuotetiedot:<\/strong><\/p>\n<ul>\n<li>Sopii HYLA NST rullakkoon<\/li>\n<li>Myyd\u00e4\u00e4n yksitt\u00e4in<\/li>\n<li>Helppo asentaa itse<\/li>\n<li>Alkuper\u00e4inen varaosa<\/li>\n<\/ul>\n<p><strong><a href=\"https:\/\/hylajams.fi\/?page_id=8371\">HYLA NST TUOTTEET<\/a><\/strong><\/p>\n<p><strong><a href=\"https:\/\/www.hyla.com\/products\/products\">HYLA INTERNATIONAL<\/a><\/strong><\/p>\n","protected":false},"excerpt":{"rendered":"<p><strong>HYLA NST rullakon py\u00f6r\u00e4<\/strong> \u2013 myyd\u00e4\u00e4n yksitt\u00e4in. Helppo asentaa ja sopii nelj\u00e4n py\u00f6r\u00e4n rullakkoon.<\/p>\n","protected":false},"featured_media":8566,"template":"","meta":[],"product_brand":[],"product_cat":[775,847],"product_tag":[1906,1131,1792,1327,1832,1833,448],"class_list":{"0":"post-2890","1":"product","2":"type-product","3":"status-publish","4":"has-post-thumbnail","6":"product_cat-hyla-nst","7":"product_cat-hyla-nst-varaosat","8":"product_tag-alusta-pyora","9":"product_tag-hyla-lisavaruste","10":"product_tag-hyla-nst-lisaosa","11":"product_tag-hyla-nst-rullakon-pyora","12":"product_tag-imurin-pyora","13":"product_tag-rullakon-osa","14":"product_tag-rullakon-pyora","15":"product_shipping_class-matkahuolto-s-10-x-40-x-55-cm","16":"_wholesalex wsx-wholesalex-product","18":"first","19":"instock","20":"featured","21":"shipping-taxable","22":"purchasable","23":"product-type-simple"},"yoast_head":"<!-- This site is optimized with the Yoast SEO plugin v27.3 - https:\/\/yoast.com\/product\/yoast-seo-wordpress\/ -->\n<title>HYLA NST rullakon py\u00f6r\u00e4 - Hyla NST varaosa rullakkoon<\/title>\n<meta name=\"description\" content=\"HYLA NST rullakon py\u00f6r\u00e4 \u2013 myyd\u00e4\u00e4n yksitt\u00e4in. Helppo asentaa, sopii nelj\u00e4n py\u00f6r\u00e4n rullakkoon ja varmistaa sujuvan liikkuvuuden.\" \/>\n<meta name=\"robots\" content=\"index, follow, max-snippet:-1, max-image-preview:large, max-video-preview:-1\" \/>\n<link rel=\"canonical\" href=\"https:\/\/hylajams.fi\/?product=hyla-nst-rullakon-pyora\" \/>\n<meta property=\"og:locale\" content=\"fi_FI\" \/>\n<meta property=\"og:type\" content=\"article\" \/>\n<meta property=\"og:title\" content=\"HYLA NST rullakon py\u00f6r\u00e4 - Hyla NST varaosa rullakkoon\" \/>\n<meta property=\"og:description\" content=\"HYLA NST rullakon py\u00f6r\u00e4 \u2013 myyd\u00e4\u00e4n yksitt\u00e4in. Helppo asentaa, sopii nelj\u00e4n py\u00f6r\u00e4n rullakkoon ja varmistaa sujuvan liikkuvuuden.\" \/>\n<meta property=\"og:url\" content=\"https:\/\/hylajams.fi\/?product=hyla-nst-rullakon-pyora\" \/>\n<meta property=\"og:site_name\" content=\"Hyla Jams Verkkokauppa\" \/>\n<meta property=\"article:modified_time\" content=\"2026-02-27T23:28:14+00:00\" \/>\n<meta property=\"og:image\" content=\"https:\/\/hylajams.fi\/wp-content\/uploads\/2021\/10\/12105-NST-Rullakon-rengas.jpg\" \/>\n\t<meta property=\"og:image:width\" content=\"945\" \/>\n\t<meta property=\"og:image:height\" content=\"945\" \/>\n\t<meta property=\"og:image:type\" content=\"image\/jpeg\" \/>\n<meta name=\"twitter:card\" content=\"summary_large_image\" \/>\n<meta name=\"twitter:label1\" content=\"Arvioitu lukuaika\" \/>\n\t<meta name=\"twitter:data1\" content=\"1 minuutti\" \/>\n<script type=\"application\/ld+json\" class=\"yoast-schema-graph\">{\"@context\":\"https:\\\/\\\/schema.org\",\"@graph\":[{\"@type\":\"WebPage\",\"@id\":\"https:\\\/\\\/hylajams.fi\\\/?product=hyla-nst-rullakon-pyora\",\"url\":\"https:\\\/\\\/hylajams.fi\\\/?product=hyla-nst-rullakon-pyora\",\"name\":\"HYLA NST rullakon py\u00f6r\u00e4 - Hyla NST varaosa rullakkoon\",\"isPartOf\":{\"@id\":\"https:\\\/\\\/hylajams.fi\\\/#website\"},\"primaryImageOfPage\":{\"@id\":\"https:\\\/\\\/hylajams.fi\\\/?product=hyla-nst-rullakon-pyora#primaryimage\"},\"image\":{\"@id\":\"https:\\\/\\\/hylajams.fi\\\/?product=hyla-nst-rullakon-pyora#primaryimage\"},\"thumbnailUrl\":\"https:\\\/\\\/hylajams.fi\\\/wp-content\\\/uploads\\\/2021\\\/10\\\/12105-NST-Rullakon-rengas.jpg\",\"datePublished\":\"2021-10-18T08:20:46+00:00\",\"dateModified\":\"2026-02-27T23:28:14+00:00\",\"description\":\"HYLA NST rullakon py\u00f6r\u00e4 \u2013 myyd\u00e4\u00e4n yksitt\u00e4in. Helppo asentaa, sopii nelj\u00e4n py\u00f6r\u00e4n rullakkoon ja varmistaa sujuvan liikkuvuuden.\",\"breadcrumb\":{\"@id\":\"https:\\\/\\\/hylajams.fi\\\/?product=hyla-nst-rullakon-pyora#breadcrumb\"},\"inLanguage\":\"fi\",\"potentialAction\":[{\"@type\":\"ReadAction\",\"target\":[\"https:\\\/\\\/hylajams.fi\\\/?product=hyla-nst-rullakon-pyora\"]}]},{\"@type\":\"ImageObject\",\"inLanguage\":\"fi\",\"@id\":\"https:\\\/\\\/hylajams.fi\\\/?product=hyla-nst-rullakon-pyora#primaryimage\",\"url\":\"https:\\\/\\\/hylajams.fi\\\/wp-content\\\/uploads\\\/2021\\\/10\\\/12105-NST-Rullakon-rengas.jpg\",\"contentUrl\":\"https:\\\/\\\/hylajams.fi\\\/wp-content\\\/uploads\\\/2021\\\/10\\\/12105-NST-Rullakon-rengas.jpg\",\"width\":945,\"height\":945,\"caption\":\"HYLA NST rullakon py\u00f6r\u00e4\"},{\"@type\":\"BreadcrumbList\",\"@id\":\"https:\\\/\\\/hylajams.fi\\\/?product=hyla-nst-rullakon-pyora#breadcrumb\",\"itemListElement\":[{\"@type\":\"ListItem\",\"position\":1,\"name\":\"Etusivu\",\"item\":\"https:\\\/\\\/hylajams.fi\\\/\"},{\"@type\":\"ListItem\",\"position\":2,\"name\":\"VERKKOKAUPPA\",\"item\":\"https:\\\/\\\/hylajams.fi\\\/?page_id=9\"},{\"@type\":\"ListItem\",\"position\":3,\"name\":\"12105 Hyla NST rullakon py\u00f6r\u00e4\"}]},{\"@type\":\"WebSite\",\"@id\":\"https:\\\/\\\/hylajams.fi\\\/#website\",\"url\":\"https:\\\/\\\/hylajams.fi\\\/\",\"name\":\"Hyla Jams Verkkokauppa\",\"description\":\"Hyla ilman- ja huoneen puhdistusj\u00e4rjestelm\u00e4 Suomessa\",\"publisher\":{\"@id\":\"https:\\\/\\\/hylajams.fi\\\/#organization\"},\"potentialAction\":[{\"@type\":\"SearchAction\",\"target\":{\"@type\":\"EntryPoint\",\"urlTemplate\":\"https:\\\/\\\/hylajams.fi\\\/?s={search_term_string}\"},\"query-input\":{\"@type\":\"PropertyValueSpecification\",\"valueRequired\":true,\"valueName\":\"search_term_string\"}}],\"inLanguage\":\"fi\"},{\"@type\":\"Organization\",\"@id\":\"https:\\\/\\\/hylajams.fi\\\/#organization\",\"name\":\"Hyla Jams Verkkokauppa\",\"url\":\"https:\\\/\\\/hylajams.fi\\\/\",\"logo\":{\"@type\":\"ImageObject\",\"inLanguage\":\"fi\",\"@id\":\"https:\\\/\\\/hylajams.fi\\\/#\\\/schema\\\/logo\\\/image\\\/\",\"url\":\"https:\\\/\\\/hylajams.fi\\\/wp-content\\\/uploads\\\/2025\\\/02\\\/Logo-1-2.jpg\",\"contentUrl\":\"https:\\\/\\\/hylajams.fi\\\/wp-content\\\/uploads\\\/2025\\\/02\\\/Logo-1-2.jpg\",\"width\":500,\"height\":500,\"caption\":\"Hyla Jams Verkkokauppa\"},\"image\":{\"@id\":\"https:\\\/\\\/hylajams.fi\\\/#\\\/schema\\\/logo\\\/image\\\/\"},\"sameAs\":[\"https:\\\/\\\/www.instagram.com\\\/hylasiivous\\\/\"]}]}<\/script>\n<!-- \/ Yoast SEO plugin. -->","yoast_head_json":{"title":"HYLA NST rullakon py\u00f6r\u00e4 - Hyla NST varaosa rullakkoon","description":"HYLA NST rullakon py\u00f6r\u00e4 \u2013 myyd\u00e4\u00e4n yksitt\u00e4in. Helppo asentaa, sopii nelj\u00e4n py\u00f6r\u00e4n rullakkoon ja varmistaa sujuvan liikkuvuuden.","robots":{"index":"index","follow":"follow","max-snippet":"max-snippet:-1","max-image-preview":"max-image-preview:large","max-video-preview":"max-video-preview:-1"},"canonical":"https:\/\/hylajams.fi\/?product=hyla-nst-rullakon-pyora","og_locale":"fi_FI","og_type":"article","og_title":"HYLA NST rullakon py\u00f6r\u00e4 - Hyla NST varaosa rullakkoon","og_description":"HYLA NST rullakon py\u00f6r\u00e4 \u2013 myyd\u00e4\u00e4n yksitt\u00e4in. Helppo asentaa, sopii nelj\u00e4n py\u00f6r\u00e4n rullakkoon ja varmistaa sujuvan liikkuvuuden.","og_url":"https:\/\/hylajams.fi\/?product=hyla-nst-rullakon-pyora","og_site_name":"Hyla Jams Verkkokauppa","article_modified_time":"2026-02-27T23:28:14+00:00","og_image":[{"width":945,"height":945,"url":"https:\/\/hylajams.fi\/wp-content\/uploads\/2021\/10\/12105-NST-Rullakon-rengas.jpg","type":"image\/jpeg"}],"twitter_card":"summary_large_image","twitter_misc":{"Arvioitu lukuaika":"1 minuutti"},"schema":{"@context":"https:\/\/schema.org","@graph":[{"@type":"WebPage","@id":"https:\/\/hylajams.fi\/?product=hyla-nst-rullakon-pyora","url":"https:\/\/hylajams.fi\/?product=hyla-nst-rullakon-pyora","name":"HYLA NST rullakon py\u00f6r\u00e4 - Hyla NST varaosa rullakkoon","isPartOf":{"@id":"https:\/\/hylajams.fi\/#website"},"primaryImageOfPage":{"@id":"https:\/\/hylajams.fi\/?product=hyla-nst-rullakon-pyora#primaryimage"},"image":{"@id":"https:\/\/hylajams.fi\/?product=hyla-nst-rullakon-pyora#primaryimage"},"thumbnailUrl":"https:\/\/hylajams.fi\/wp-content\/uploads\/2021\/10\/12105-NST-Rullakon-rengas.jpg","datePublished":"2021-10-18T08:20:46+00:00","dateModified":"2026-02-27T23:28:14+00:00","description":"HYLA NST rullakon py\u00f6r\u00e4 \u2013 myyd\u00e4\u00e4n yksitt\u00e4in. Helppo asentaa, sopii nelj\u00e4n py\u00f6r\u00e4n rullakkoon ja varmistaa sujuvan liikkuvuuden.","breadcrumb":{"@id":"https:\/\/hylajams.fi\/?product=hyla-nst-rullakon-pyora#breadcrumb"},"inLanguage":"fi","potentialAction":[{"@type":"ReadAction","target":["https:\/\/hylajams.fi\/?product=hyla-nst-rullakon-pyora"]}]},{"@type":"ImageObject","inLanguage":"fi","@id":"https:\/\/hylajams.fi\/?product=hyla-nst-rullakon-pyora#primaryimage","url":"https:\/\/hylajams.fi\/wp-content\/uploads\/2021\/10\/12105-NST-Rullakon-rengas.jpg","contentUrl":"https:\/\/hylajams.fi\/wp-content\/uploads\/2021\/10\/12105-NST-Rullakon-rengas.jpg","width":945,"height":945,"caption":"HYLA NST rullakon py\u00f6r\u00e4"},{"@type":"BreadcrumbList","@id":"https:\/\/hylajams.fi\/?product=hyla-nst-rullakon-pyora#breadcrumb","itemListElement":[{"@type":"ListItem","position":1,"name":"Etusivu","item":"https:\/\/hylajams.fi\/"},{"@type":"ListItem","position":2,"name":"VERKKOKAUPPA","item":"https:\/\/hylajams.fi\/?page_id=9"},{"@type":"ListItem","position":3,"name":"12105 Hyla NST rullakon py\u00f6r\u00e4"}]},{"@type":"WebSite","@id":"https:\/\/hylajams.fi\/#website","url":"https:\/\/hylajams.fi\/","name":"Hyla Jams Verkkokauppa","description":"Hyla ilman- ja huoneen puhdistusj\u00e4rjestelm\u00e4 Suomessa","publisher":{"@id":"https:\/\/hylajams.fi\/#organization"},"potentialAction":[{"@type":"SearchAction","target":{"@type":"EntryPoint","urlTemplate":"https:\/\/hylajams.fi\/?s={search_term_string}"},"query-input":{"@type":"PropertyValueSpecification","valueRequired":true,"valueName":"search_term_string"}}],"inLanguage":"fi"},{"@type":"Organization","@id":"https:\/\/hylajams.fi\/#organization","name":"Hyla Jams Verkkokauppa","url":"https:\/\/hylajams.fi\/","logo":{"@type":"ImageObject","inLanguage":"fi","@id":"https:\/\/hylajams.fi\/#\/schema\/logo\/image\/","url":"https:\/\/hylajams.fi\/wp-content\/uploads\/2025\/02\/Logo-1-2.jpg","contentUrl":"https:\/\/hylajams.fi\/wp-content\/uploads\/2025\/02\/Logo-1-2.jpg","width":500,"height":500,"caption":"Hyla Jams Verkkokauppa"},"image":{"@id":"https:\/\/hylajams.fi\/#\/schema\/logo\/image\/"},"sameAs":["https:\/\/www.instagram.com\/hylasiivous\/"]}]}},"_links":{"self":[{"href":"https:\/\/hylajams.fi\/index.php?rest_route=\/wp\/v2\/product\/2890","targetHints":{"allow":["GET"]}}],"collection":[{"href":"https:\/\/hylajams.fi\/index.php?rest_route=\/wp\/v2\/product"}],"about":[{"href":"https:\/\/hylajams.fi\/index.php?rest_route=\/wp\/v2\/types\/product"}],"version-history":[{"count":5,"href":"https:\/\/hylajams.fi\/index.php?rest_route=\/wp\/v2\/product\/2890\/revisions"}],"predecessor-version":[{"id":13204,"href":"https:\/\/hylajams.fi\/index.php?rest_route=\/wp\/v2\/product\/2890\/revisions\/13204"}],"wp:featuredmedia":[{"embeddable":true,"href":"https:\/\/hylajams.fi\/index.php?rest_route=\/wp\/v2\/media\/8566"}],"wp:attachment":[{"href":"https:\/\/hylajams.fi\/index.php?rest_route=%2Fwp%2Fv2%2Fmedia&parent=2890"}],"wp:term":[{"taxonomy":"product_brand","embeddable":true,"href":"https:\/\/hylajams.fi\/index.php?rest_route=%2Fwp%2Fv2%2Fproduct_brand&post=2890"},{"taxonomy":"product_cat","embeddable":true,"href":"https:\/\/hylajams.fi\/index.php?rest_route=%2Fwp%2Fv2%2Fproduct_cat&post=2890"},{"taxonomy":"product_tag","embeddable":true,"href":"https:\/\/hylajams.fi\/index.php?rest_route=%2Fwp%2Fv2%2Fproduct_tag&post=2890"}],"curies":[{"name":"wp","href":"https:\/\/api.w.org\/{rel}","templated":true}]}}