{"id":2571,"date":"2021-09-11T23:03:21","date_gmt":"2021-09-11T20:03:21","guid":{"rendered":"https:\/\/hylajams.fi\/?post_type=product&#038;p=2571"},"modified":"2026-02-27T15:15:02","modified_gmt":"2026-02-27T13:15:02","slug":"hyla-kasivoide","status":"publish","type":"product","link":"https:\/\/hylajams.fi\/?product=hyla-kasivoide","title":{"rendered":"21165 Hyla k\u00e4sivoide, 50 ml"},"content":{"rendered":"<p><strong>Hyla k\u00e4sivoide, 50 ml<\/strong><\/p>\n<p>Hyla Natural Care -sarjaan kuuluva k\u00e4sivoide on suunniteltu hoitamaan kuivaa ja rasittunutta ihoa tehokkaasti. Se auttaa torjumaan ik\u00e4\u00e4ntymisen merkkej\u00e4 ja j\u00e4tt\u00e4\u00e4 k\u00e4det pehme\u00e4n sileiksi.<\/p>\n<p>Voiteen hienostunut tuoksu sek\u00e4 kevyt koostumus imeytyv\u00e4t nopeasti ihoon, joka sis\u00e4lt\u00e4\u00e4 luonnollisia ainesosia, kuten aloe vera -geeli\u00e4, vehn\u00e4n alkio \u00f6ljy\u00e4, oliivi\u00f6ljy\u00e4, ruusu moskeija \u00f6ljy\u00e4 ja sheavoita. Voide tekee k\u00e4sist\u00e4 pehme\u00e4t ja samettiset ja n\u00e4m\u00e4 ravitsevat ja suojaavat ihoa ulkoisten tekij\u00f6iden aiheuttamalta \u00e4rsytykselt\u00e4 sek\u00e4 tasoittavat ihon ep\u00e4tasaisuuksia, kuten urheilusta tai pienten arpien j\u00e4tt\u00e4mi\u00e4 j\u00e4lki\u00e4.\u00a0Voiteen sis\u00e4lt\u00e4m\u00e4 hyaluronihappo t\u00e4ydent\u00e4\u00e4 anti-age-vaikutusta, joka tukee ihon kimmoisuutta ja kosteustasapainoa.<\/p>\n<p><strong>Pakkauskoko:<\/strong> 50 ml<\/p>\n<p><a href=\"https:\/\/hylajams.fi\/?product_cat=natural-care-tuoksut\"><strong>Natural Care tuotteet verkkokaupassa<\/strong><\/a><\/p>\n<p><a href=\"https:\/\/www.hyla-naturalcare.com\/en\/\"><strong><span dir=\"auto\">Hyla Natural Care<\/span><\/strong><\/a><\/p>\n","protected":false},"excerpt":{"rendered":"<p><strong>Hyla k\u00e4sivoide &#8211; <\/strong>Natural Care -sarjan kuuluva k\u00e4sivoide hoitaa kuivaa ja stressaantunutta ihoa tehokkaasti ja auttaa torjumaan ik\u00e4\u00e4ntymisen merkkej\u00e4.<\/p>\n<p>&nbsp;<\/p>\n","protected":false},"featured_media":2574,"template":"","meta":[],"product_brand":[],"product_cat":[1038,991,1039],"product_tag":[1575,221,339,327],"class_list":{"0":"post-2571","1":"product","2":"type-product","3":"status-publish","4":"has-post-thumbnail","6":"product_cat-henkilokohtainen-hygienia","7":"product_cat-natural-care-luonnonkosmetiikkaa-koko-perheelle","8":"product_cat-natural-care-tuotteet","9":"product_tag-hyla-kasivoide-50-ml","10":"product_tag-kasi","11":"product_tag-kasivoide","12":"product_tag-natural-care","13":"product_shipping_class-posti-s-paketti-11x32x3-cm-35-kg","14":"_wholesalex wsx-wholesalex-product","16":"first","17":"instock","18":"featured","19":"shipping-taxable","20":"purchasable","21":"product-type-simple"},"yoast_head":"<!-- This site is optimized with the Yoast SEO plugin v27.3 - https:\/\/yoast.com\/product\/yoast-seo-wordpress\/ -->\n<title>Hyla k\u00e4sivoide - kosteuttava ja hoitava k\u00e4sivoide<\/title>\n<meta name=\"description\" content=\"Hyla k\u00e4sivoide hoitaa kuivaa ihoa, pehment\u00e4\u00e4 ja suojaa luonnollisilla \u00f6ljyill\u00e4 ja hyaluronihapolla. Voide tekee k\u00e4sist\u00e4 pehme\u00e4t ja samettiset.\" \/>\n<meta name=\"robots\" content=\"index, follow, max-snippet:-1, max-image-preview:large, max-video-preview:-1\" \/>\n<link rel=\"canonical\" href=\"https:\/\/hylajams.fi\/?product=hyla-kasivoide\" \/>\n<meta property=\"og:locale\" content=\"fi_FI\" \/>\n<meta property=\"og:type\" content=\"article\" \/>\n<meta property=\"og:title\" content=\"Hyla k\u00e4sivoide - kosteuttava ja hoitava k\u00e4sivoide\" \/>\n<meta property=\"og:description\" content=\"Hyla k\u00e4sivoide hoitaa kuivaa ihoa, pehment\u00e4\u00e4 ja suojaa luonnollisilla \u00f6ljyill\u00e4 ja hyaluronihapolla. Voide tekee k\u00e4sist\u00e4 pehme\u00e4t ja samettiset.\" \/>\n<meta property=\"og:url\" content=\"https:\/\/hylajams.fi\/?product=hyla-kasivoide\" \/>\n<meta property=\"og:site_name\" content=\"Hyla Jams Verkkokauppa\" \/>\n<meta property=\"article:modified_time\" content=\"2026-02-27T13:15:02+00:00\" \/>\n<meta property=\"og:image\" content=\"https:\/\/hylajams.fi\/wp-content\/uploads\/2021\/09\/20210727_104025.jpg\" \/>\n\t<meta property=\"og:image:width\" content=\"640\" \/>\n\t<meta property=\"og:image:height\" content=\"480\" \/>\n\t<meta property=\"og:image:type\" content=\"image\/jpeg\" \/>\n<meta name=\"twitter:card\" content=\"summary_large_image\" \/>\n<meta name=\"twitter:label1\" content=\"Arvioitu lukuaika\" \/>\n\t<meta name=\"twitter:data1\" content=\"1 minuutti\" \/>\n<script type=\"application\/ld+json\" class=\"yoast-schema-graph\">{\"@context\":\"https:\\\/\\\/schema.org\",\"@graph\":[{\"@type\":\"WebPage\",\"@id\":\"https:\\\/\\\/hylajams.fi\\\/?product=hyla-kasivoide\",\"url\":\"https:\\\/\\\/hylajams.fi\\\/?product=hyla-kasivoide\",\"name\":\"Hyla k\u00e4sivoide - kosteuttava ja hoitava k\u00e4sivoide\",\"isPartOf\":{\"@id\":\"https:\\\/\\\/hylajams.fi\\\/#website\"},\"primaryImageOfPage\":{\"@id\":\"https:\\\/\\\/hylajams.fi\\\/?product=hyla-kasivoide#primaryimage\"},\"image\":{\"@id\":\"https:\\\/\\\/hylajams.fi\\\/?product=hyla-kasivoide#primaryimage\"},\"thumbnailUrl\":\"https:\\\/\\\/hylajams.fi\\\/wp-content\\\/uploads\\\/2021\\\/09\\\/20210727_104025.jpg\",\"datePublished\":\"2021-09-11T20:03:21+00:00\",\"dateModified\":\"2026-02-27T13:15:02+00:00\",\"description\":\"Hyla k\u00e4sivoide hoitaa kuivaa ihoa, pehment\u00e4\u00e4 ja suojaa luonnollisilla \u00f6ljyill\u00e4 ja hyaluronihapolla. Voide tekee k\u00e4sist\u00e4 pehme\u00e4t ja samettiset.\",\"breadcrumb\":{\"@id\":\"https:\\\/\\\/hylajams.fi\\\/?product=hyla-kasivoide#breadcrumb\"},\"inLanguage\":\"fi\",\"potentialAction\":[{\"@type\":\"ReadAction\",\"target\":[\"https:\\\/\\\/hylajams.fi\\\/?product=hyla-kasivoide\"]}]},{\"@type\":\"ImageObject\",\"inLanguage\":\"fi\",\"@id\":\"https:\\\/\\\/hylajams.fi\\\/?product=hyla-kasivoide#primaryimage\",\"url\":\"https:\\\/\\\/hylajams.fi\\\/wp-content\\\/uploads\\\/2021\\\/09\\\/20210727_104025.jpg\",\"contentUrl\":\"https:\\\/\\\/hylajams.fi\\\/wp-content\\\/uploads\\\/2021\\\/09\\\/20210727_104025.jpg\",\"width\":640,\"height\":480,\"caption\":\"Hyla k\u00e4sivoide\"},{\"@type\":\"BreadcrumbList\",\"@id\":\"https:\\\/\\\/hylajams.fi\\\/?product=hyla-kasivoide#breadcrumb\",\"itemListElement\":[{\"@type\":\"ListItem\",\"position\":1,\"name\":\"Etusivu\",\"item\":\"https:\\\/\\\/hylajams.fi\\\/\"},{\"@type\":\"ListItem\",\"position\":2,\"name\":\"VERKKOKAUPPA\",\"item\":\"https:\\\/\\\/hylajams.fi\\\/?page_id=9\"},{\"@type\":\"ListItem\",\"position\":3,\"name\":\"21165 Hyla k\u00e4sivoide, 50 ml\"}]},{\"@type\":\"WebSite\",\"@id\":\"https:\\\/\\\/hylajams.fi\\\/#website\",\"url\":\"https:\\\/\\\/hylajams.fi\\\/\",\"name\":\"Hyla Jams Verkkokauppa\",\"description\":\"Hyla ilman- ja huoneen puhdistusj\u00e4rjestelm\u00e4 Suomessa\",\"publisher\":{\"@id\":\"https:\\\/\\\/hylajams.fi\\\/#organization\"},\"potentialAction\":[{\"@type\":\"SearchAction\",\"target\":{\"@type\":\"EntryPoint\",\"urlTemplate\":\"https:\\\/\\\/hylajams.fi\\\/?s={search_term_string}\"},\"query-input\":{\"@type\":\"PropertyValueSpecification\",\"valueRequired\":true,\"valueName\":\"search_term_string\"}}],\"inLanguage\":\"fi\"},{\"@type\":\"Organization\",\"@id\":\"https:\\\/\\\/hylajams.fi\\\/#organization\",\"name\":\"Hyla Jams Verkkokauppa\",\"url\":\"https:\\\/\\\/hylajams.fi\\\/\",\"logo\":{\"@type\":\"ImageObject\",\"inLanguage\":\"fi\",\"@id\":\"https:\\\/\\\/hylajams.fi\\\/#\\\/schema\\\/logo\\\/image\\\/\",\"url\":\"https:\\\/\\\/hylajams.fi\\\/wp-content\\\/uploads\\\/2025\\\/02\\\/Logo-1-2.jpg\",\"contentUrl\":\"https:\\\/\\\/hylajams.fi\\\/wp-content\\\/uploads\\\/2025\\\/02\\\/Logo-1-2.jpg\",\"width\":500,\"height\":500,\"caption\":\"Hyla Jams Verkkokauppa\"},\"image\":{\"@id\":\"https:\\\/\\\/hylajams.fi\\\/#\\\/schema\\\/logo\\\/image\\\/\"},\"sameAs\":[\"https:\\\/\\\/www.instagram.com\\\/hylasiivous\\\/\"]}]}<\/script>\n<!-- \/ Yoast SEO plugin. -->","yoast_head_json":{"title":"Hyla k\u00e4sivoide - kosteuttava ja hoitava k\u00e4sivoide","description":"Hyla k\u00e4sivoide hoitaa kuivaa ihoa, pehment\u00e4\u00e4 ja suojaa luonnollisilla \u00f6ljyill\u00e4 ja hyaluronihapolla. Voide tekee k\u00e4sist\u00e4 pehme\u00e4t ja samettiset.","robots":{"index":"index","follow":"follow","max-snippet":"max-snippet:-1","max-image-preview":"max-image-preview:large","max-video-preview":"max-video-preview:-1"},"canonical":"https:\/\/hylajams.fi\/?product=hyla-kasivoide","og_locale":"fi_FI","og_type":"article","og_title":"Hyla k\u00e4sivoide - kosteuttava ja hoitava k\u00e4sivoide","og_description":"Hyla k\u00e4sivoide hoitaa kuivaa ihoa, pehment\u00e4\u00e4 ja suojaa luonnollisilla \u00f6ljyill\u00e4 ja hyaluronihapolla. Voide tekee k\u00e4sist\u00e4 pehme\u00e4t ja samettiset.","og_url":"https:\/\/hylajams.fi\/?product=hyla-kasivoide","og_site_name":"Hyla Jams Verkkokauppa","article_modified_time":"2026-02-27T13:15:02+00:00","og_image":[{"width":640,"height":480,"url":"https:\/\/hylajams.fi\/wp-content\/uploads\/2021\/09\/20210727_104025.jpg","type":"image\/jpeg"}],"twitter_card":"summary_large_image","twitter_misc":{"Arvioitu lukuaika":"1 minuutti"},"schema":{"@context":"https:\/\/schema.org","@graph":[{"@type":"WebPage","@id":"https:\/\/hylajams.fi\/?product=hyla-kasivoide","url":"https:\/\/hylajams.fi\/?product=hyla-kasivoide","name":"Hyla k\u00e4sivoide - kosteuttava ja hoitava k\u00e4sivoide","isPartOf":{"@id":"https:\/\/hylajams.fi\/#website"},"primaryImageOfPage":{"@id":"https:\/\/hylajams.fi\/?product=hyla-kasivoide#primaryimage"},"image":{"@id":"https:\/\/hylajams.fi\/?product=hyla-kasivoide#primaryimage"},"thumbnailUrl":"https:\/\/hylajams.fi\/wp-content\/uploads\/2021\/09\/20210727_104025.jpg","datePublished":"2021-09-11T20:03:21+00:00","dateModified":"2026-02-27T13:15:02+00:00","description":"Hyla k\u00e4sivoide hoitaa kuivaa ihoa, pehment\u00e4\u00e4 ja suojaa luonnollisilla \u00f6ljyill\u00e4 ja hyaluronihapolla. Voide tekee k\u00e4sist\u00e4 pehme\u00e4t ja samettiset.","breadcrumb":{"@id":"https:\/\/hylajams.fi\/?product=hyla-kasivoide#breadcrumb"},"inLanguage":"fi","potentialAction":[{"@type":"ReadAction","target":["https:\/\/hylajams.fi\/?product=hyla-kasivoide"]}]},{"@type":"ImageObject","inLanguage":"fi","@id":"https:\/\/hylajams.fi\/?product=hyla-kasivoide#primaryimage","url":"https:\/\/hylajams.fi\/wp-content\/uploads\/2021\/09\/20210727_104025.jpg","contentUrl":"https:\/\/hylajams.fi\/wp-content\/uploads\/2021\/09\/20210727_104025.jpg","width":640,"height":480,"caption":"Hyla k\u00e4sivoide"},{"@type":"BreadcrumbList","@id":"https:\/\/hylajams.fi\/?product=hyla-kasivoide#breadcrumb","itemListElement":[{"@type":"ListItem","position":1,"name":"Etusivu","item":"https:\/\/hylajams.fi\/"},{"@type":"ListItem","position":2,"name":"VERKKOKAUPPA","item":"https:\/\/hylajams.fi\/?page_id=9"},{"@type":"ListItem","position":3,"name":"21165 Hyla k\u00e4sivoide, 50 ml"}]},{"@type":"WebSite","@id":"https:\/\/hylajams.fi\/#website","url":"https:\/\/hylajams.fi\/","name":"Hyla Jams Verkkokauppa","description":"Hyla ilman- ja huoneen puhdistusj\u00e4rjestelm\u00e4 Suomessa","publisher":{"@id":"https:\/\/hylajams.fi\/#organization"},"potentialAction":[{"@type":"SearchAction","target":{"@type":"EntryPoint","urlTemplate":"https:\/\/hylajams.fi\/?s={search_term_string}"},"query-input":{"@type":"PropertyValueSpecification","valueRequired":true,"valueName":"search_term_string"}}],"inLanguage":"fi"},{"@type":"Organization","@id":"https:\/\/hylajams.fi\/#organization","name":"Hyla Jams Verkkokauppa","url":"https:\/\/hylajams.fi\/","logo":{"@type":"ImageObject","inLanguage":"fi","@id":"https:\/\/hylajams.fi\/#\/schema\/logo\/image\/","url":"https:\/\/hylajams.fi\/wp-content\/uploads\/2025\/02\/Logo-1-2.jpg","contentUrl":"https:\/\/hylajams.fi\/wp-content\/uploads\/2025\/02\/Logo-1-2.jpg","width":500,"height":500,"caption":"Hyla Jams Verkkokauppa"},"image":{"@id":"https:\/\/hylajams.fi\/#\/schema\/logo\/image\/"},"sameAs":["https:\/\/www.instagram.com\/hylasiivous\/"]}]}},"_links":{"self":[{"href":"https:\/\/hylajams.fi\/index.php?rest_route=\/wp\/v2\/product\/2571","targetHints":{"allow":["GET"]}}],"collection":[{"href":"https:\/\/hylajams.fi\/index.php?rest_route=\/wp\/v2\/product"}],"about":[{"href":"https:\/\/hylajams.fi\/index.php?rest_route=\/wp\/v2\/types\/product"}],"version-history":[{"count":4,"href":"https:\/\/hylajams.fi\/index.php?rest_route=\/wp\/v2\/product\/2571\/revisions"}],"predecessor-version":[{"id":11474,"href":"https:\/\/hylajams.fi\/index.php?rest_route=\/wp\/v2\/product\/2571\/revisions\/11474"}],"wp:featuredmedia":[{"embeddable":true,"href":"https:\/\/hylajams.fi\/index.php?rest_route=\/wp\/v2\/media\/2574"}],"wp:attachment":[{"href":"https:\/\/hylajams.fi\/index.php?rest_route=%2Fwp%2Fv2%2Fmedia&parent=2571"}],"wp:term":[{"taxonomy":"product_brand","embeddable":true,"href":"https:\/\/hylajams.fi\/index.php?rest_route=%2Fwp%2Fv2%2Fproduct_brand&post=2571"},{"taxonomy":"product_cat","embeddable":true,"href":"https:\/\/hylajams.fi\/index.php?rest_route=%2Fwp%2Fv2%2Fproduct_cat&post=2571"},{"taxonomy":"product_tag","embeddable":true,"href":"https:\/\/hylajams.fi\/index.php?rest_route=%2Fwp%2Fv2%2Fproduct_tag&post=2571"}],"curies":[{"name":"wp","href":"https:\/\/api.w.org\/{rel}","templated":true}]}}