{"id":2486,"date":"2021-09-06T14:26:13","date_gmt":"2021-09-06T11:26:13","guid":{"rendered":"https:\/\/hylajams.fi\/?post_type=product&#038;p=2486"},"modified":"2026-02-28T02:31:42","modified_gmt":"2026-02-28T00:31:42","slug":"pieni-hyla-keittiovaaka","status":"publish","type":"product","link":"https:\/\/hylajams.fi\/?product=pieni-hyla-keittiovaaka","title":{"rendered":"38244 Pieni Hyla keitti\u00f6vaaka"},"content":{"rendered":"<p><strong>Pieni Hyla keitti\u00f6vaaka<\/strong> on k\u00e4tev\u00e4 ja tarkka apuv\u00e4line arjessa kirjeiden punnitsemiseen, ruoanlaittoon, leivontaan ja annoskokojen mittaamiseen. N\u00e4pp\u00e4r\u00e4 koko tekee siit\u00e4 sopivan pieniin keitti\u00f6ihin, helppo kuljetettavaksi mukana vaikka m\u00f6kille, matkalle tai veneeseen. Ohut, vain 1,5 cm paksuinen vaaka mahtuu k\u00e4tev\u00e4sti laatikkoon tai hyllylle. Tyylik\u00e4s ja yksinkertainen muotoilu tuo k\u00e4yt\u00e4nn\u00f6llisyytt\u00e4 keitti\u00f6\u00f6n ilman turhaa tilan k\u00e4ytt\u00f6\u00e4.<\/p>\n<p>Pieni Hyla keitti\u00f6vaaka on tilaa s\u00e4\u00e4st\u00e4v\u00e4 ratkaisu keitti\u00f6n punnitustarpeisiin ja se auttaa mittaamaan ainekset tarkasti helpottaen annoskokojen hallintaa ja reseptien seuraamista, mik\u00e4 tekee leipomisesta, kokkaamisesta ja terveellisest\u00e4 ruokavaliosta huomattavasti helpompaa. Erinomainen valinta my\u00f6s pienten m\u00e4\u00e4rien punnitsemiseen \u2013 esimerkiksi mausteille, kahville, pienille kirjeille tai p\u00e4hkin\u00f6ille.<\/p>\n<p><strong>Tuotetiedot:<\/strong><\/p>\n<ul>\n<li>Paksuus: 1,5 cm<\/li>\n<li>Pituus: 20 cm<\/li>\n<li>Leveys: 14,5 cm<\/li>\n<li>Kompakti ja kevyt \u2013 helppo kuljettaa mukana<\/li>\n<li>Helppo k\u00e4ytt\u00e4\u00e4 ja puhdistaa<\/li>\n<\/ul>\n<h5><a href=\"https:\/\/hylajams.fi\/?page_id=9\">VERKKOKAUPPA<\/a><\/h5>\n<h5><strong><a href=\"https:\/\/www.hyla.com\/products\/products\"><span dir=\"auto\"><span dir=\"auto\" style=\"vertical-align: inherit;\"><span dir=\"auto\" style=\"vertical-align: inherit;\">HYLA INTERNATIONAL<\/span><\/span><\/span><\/a><\/strong><\/h5>\n","protected":false},"excerpt":{"rendered":"<p><strong>Pieni Hyla keitti\u00f6vaaka<\/strong> \u2013 tarkka ja kompakti apuv\u00e4line ruoanlaittoon ja leivontaan. Helppo kuljettaa ja s\u00e4ilytt\u00e4\u00e4.<\/p>\n<p>Pieni Hyla keitti\u00f6vaaka on k\u00e4tev\u00e4 apuv\u00e4line keitti\u00f6n arkeen. Sen tarkkuus tekee ruoanlaitosta ja leivonnasta helpompaa, kun ainekset voi mitata luotettavasti. K\u00e4tev\u00e4 koko mahdollistaa vaa\u2019an kuljettamisen helposti m\u00f6kille, matkalle tai vaikka veneeseen.<\/p>\n","protected":false},"featured_media":2487,"template":"","meta":[],"product_brand":[],"product_cat":[290],"product_tag":[1961,1964,1131,1966,1963,1307,1962,1965],"class_list":{"0":"post-2486","1":"product","2":"type-product","3":"status-publish","4":"has-post-thumbnail","6":"product_cat-hylan-lisatarvikkeet","7":"product_tag-hyla-keittiovaaka","8":"product_tag-hyla-kodin-apuvaline","9":"product_tag-hyla-lisavaruste","10":"product_tag-hyla-mittausvaline","11":"product_tag-keittiovaaka","12":"product_tag-pieni-hyla-keittiovaaka","13":"product_tag-pieni-vaaka","14":"product_tag-tarkka-keittiovaaka","15":"product_shipping_class-posti-s-paketti-11x32x3-cm-35-kg","16":"_wholesalex wsx-wholesalex-product","18":"first","19":"instock","20":"featured","21":"shipping-taxable","22":"purchasable","23":"product-type-simple"},"yoast_head":"<!-- This site is optimized with the Yoast SEO plugin v27.3 - https:\/\/yoast.com\/product\/yoast-seo-wordpress\/ -->\n<title>Pieni Hyla keitti\u00f6vaaka - tarkka digitaalivaaka keitti\u00f6\u00f6n<\/title>\n<meta name=\"description\" content=\"Pieni Hyla keitti\u00f6vaaka \u2013 tarkka, tilaa s\u00e4\u00e4st\u00e4v\u00e4 ja helppo kuljettaa. Sopii t\u00e4ydellisesti ruoanlaittoon, leivontaan ja terveelliseen arkeen.\" \/>\n<meta name=\"robots\" content=\"index, follow, max-snippet:-1, max-image-preview:large, max-video-preview:-1\" \/>\n<link rel=\"canonical\" href=\"https:\/\/hylajams.fi\/?product=pieni-hyla-keittiovaaka\" \/>\n<meta property=\"og:locale\" content=\"fi_FI\" \/>\n<meta property=\"og:type\" content=\"article\" \/>\n<meta property=\"og:title\" content=\"Pieni Hyla keitti\u00f6vaaka - tarkka digitaalivaaka keitti\u00f6\u00f6n\" \/>\n<meta property=\"og:description\" content=\"Pieni Hyla keitti\u00f6vaaka \u2013 tarkka, tilaa s\u00e4\u00e4st\u00e4v\u00e4 ja helppo kuljettaa. Sopii t\u00e4ydellisesti ruoanlaittoon, leivontaan ja terveelliseen arkeen.\" \/>\n<meta property=\"og:url\" content=\"https:\/\/hylajams.fi\/?product=pieni-hyla-keittiovaaka\" \/>\n<meta property=\"og:site_name\" content=\"Hyla Jams Verkkokauppa\" \/>\n<meta property=\"article:modified_time\" content=\"2026-02-28T00:31:42+00:00\" \/>\n<meta property=\"og:image\" content=\"https:\/\/hylajams.fi\/wp-content\/uploads\/2021\/09\/20191118_161235-Vaaka.jpg\" \/>\n\t<meta property=\"og:image:width\" content=\"460\" \/>\n\t<meta property=\"og:image:height\" content=\"614\" \/>\n\t<meta property=\"og:image:type\" content=\"image\/jpeg\" \/>\n<meta name=\"twitter:card\" content=\"summary_large_image\" \/>\n<meta name=\"twitter:label1\" content=\"Arvioitu lukuaika\" \/>\n\t<meta name=\"twitter:data1\" content=\"1 minuutti\" \/>\n<script type=\"application\/ld+json\" class=\"yoast-schema-graph\">{\"@context\":\"https:\\\/\\\/schema.org\",\"@graph\":[{\"@type\":\"WebPage\",\"@id\":\"https:\\\/\\\/hylajams.fi\\\/?product=pieni-hyla-keittiovaaka\",\"url\":\"https:\\\/\\\/hylajams.fi\\\/?product=pieni-hyla-keittiovaaka\",\"name\":\"Pieni Hyla keitti\u00f6vaaka - tarkka digitaalivaaka keitti\u00f6\u00f6n\",\"isPartOf\":{\"@id\":\"https:\\\/\\\/hylajams.fi\\\/#website\"},\"primaryImageOfPage\":{\"@id\":\"https:\\\/\\\/hylajams.fi\\\/?product=pieni-hyla-keittiovaaka#primaryimage\"},\"image\":{\"@id\":\"https:\\\/\\\/hylajams.fi\\\/?product=pieni-hyla-keittiovaaka#primaryimage\"},\"thumbnailUrl\":\"https:\\\/\\\/hylajams.fi\\\/wp-content\\\/uploads\\\/2021\\\/09\\\/20191118_161235-Vaaka.jpg\",\"datePublished\":\"2021-09-06T11:26:13+00:00\",\"dateModified\":\"2026-02-28T00:31:42+00:00\",\"description\":\"Pieni Hyla keitti\u00f6vaaka \u2013 tarkka, tilaa s\u00e4\u00e4st\u00e4v\u00e4 ja helppo kuljettaa. Sopii t\u00e4ydellisesti ruoanlaittoon, leivontaan ja terveelliseen arkeen.\",\"breadcrumb\":{\"@id\":\"https:\\\/\\\/hylajams.fi\\\/?product=pieni-hyla-keittiovaaka#breadcrumb\"},\"inLanguage\":\"fi\",\"potentialAction\":[{\"@type\":\"ReadAction\",\"target\":[\"https:\\\/\\\/hylajams.fi\\\/?product=pieni-hyla-keittiovaaka\"]}]},{\"@type\":\"ImageObject\",\"inLanguage\":\"fi\",\"@id\":\"https:\\\/\\\/hylajams.fi\\\/?product=pieni-hyla-keittiovaaka#primaryimage\",\"url\":\"https:\\\/\\\/hylajams.fi\\\/wp-content\\\/uploads\\\/2021\\\/09\\\/20191118_161235-Vaaka.jpg\",\"contentUrl\":\"https:\\\/\\\/hylajams.fi\\\/wp-content\\\/uploads\\\/2021\\\/09\\\/20191118_161235-Vaaka.jpg\",\"width\":460,\"height\":614,\"caption\":\"Pieni Hyla keitti\u00f6vaaka\"},{\"@type\":\"BreadcrumbList\",\"@id\":\"https:\\\/\\\/hylajams.fi\\\/?product=pieni-hyla-keittiovaaka#breadcrumb\",\"itemListElement\":[{\"@type\":\"ListItem\",\"position\":1,\"name\":\"Etusivu\",\"item\":\"https:\\\/\\\/hylajams.fi\\\/\"},{\"@type\":\"ListItem\",\"position\":2,\"name\":\"VERKKOKAUPPA\",\"item\":\"https:\\\/\\\/hylajams.fi\\\/?page_id=9\"},{\"@type\":\"ListItem\",\"position\":3,\"name\":\"38244 Pieni Hyla keitti\u00f6vaaka\"}]},{\"@type\":\"WebSite\",\"@id\":\"https:\\\/\\\/hylajams.fi\\\/#website\",\"url\":\"https:\\\/\\\/hylajams.fi\\\/\",\"name\":\"Hyla Jams Verkkokauppa\",\"description\":\"Hyla ilman- ja huoneen puhdistusj\u00e4rjestelm\u00e4 Suomessa\",\"publisher\":{\"@id\":\"https:\\\/\\\/hylajams.fi\\\/#organization\"},\"potentialAction\":[{\"@type\":\"SearchAction\",\"target\":{\"@type\":\"EntryPoint\",\"urlTemplate\":\"https:\\\/\\\/hylajams.fi\\\/?s={search_term_string}\"},\"query-input\":{\"@type\":\"PropertyValueSpecification\",\"valueRequired\":true,\"valueName\":\"search_term_string\"}}],\"inLanguage\":\"fi\"},{\"@type\":\"Organization\",\"@id\":\"https:\\\/\\\/hylajams.fi\\\/#organization\",\"name\":\"Hyla Jams Verkkokauppa\",\"url\":\"https:\\\/\\\/hylajams.fi\\\/\",\"logo\":{\"@type\":\"ImageObject\",\"inLanguage\":\"fi\",\"@id\":\"https:\\\/\\\/hylajams.fi\\\/#\\\/schema\\\/logo\\\/image\\\/\",\"url\":\"https:\\\/\\\/hylajams.fi\\\/wp-content\\\/uploads\\\/2025\\\/02\\\/Logo-1-2.jpg\",\"contentUrl\":\"https:\\\/\\\/hylajams.fi\\\/wp-content\\\/uploads\\\/2025\\\/02\\\/Logo-1-2.jpg\",\"width\":500,\"height\":500,\"caption\":\"Hyla Jams Verkkokauppa\"},\"image\":{\"@id\":\"https:\\\/\\\/hylajams.fi\\\/#\\\/schema\\\/logo\\\/image\\\/\"},\"sameAs\":[\"https:\\\/\\\/www.instagram.com\\\/hylasiivous\\\/\"]}]}<\/script>\n<!-- \/ Yoast SEO plugin. -->","yoast_head_json":{"title":"Pieni Hyla keitti\u00f6vaaka - tarkka digitaalivaaka keitti\u00f6\u00f6n","description":"Pieni Hyla keitti\u00f6vaaka \u2013 tarkka, tilaa s\u00e4\u00e4st\u00e4v\u00e4 ja helppo kuljettaa. Sopii t\u00e4ydellisesti ruoanlaittoon, leivontaan ja terveelliseen arkeen.","robots":{"index":"index","follow":"follow","max-snippet":"max-snippet:-1","max-image-preview":"max-image-preview:large","max-video-preview":"max-video-preview:-1"},"canonical":"https:\/\/hylajams.fi\/?product=pieni-hyla-keittiovaaka","og_locale":"fi_FI","og_type":"article","og_title":"Pieni Hyla keitti\u00f6vaaka - tarkka digitaalivaaka keitti\u00f6\u00f6n","og_description":"Pieni Hyla keitti\u00f6vaaka \u2013 tarkka, tilaa s\u00e4\u00e4st\u00e4v\u00e4 ja helppo kuljettaa. Sopii t\u00e4ydellisesti ruoanlaittoon, leivontaan ja terveelliseen arkeen.","og_url":"https:\/\/hylajams.fi\/?product=pieni-hyla-keittiovaaka","og_site_name":"Hyla Jams Verkkokauppa","article_modified_time":"2026-02-28T00:31:42+00:00","og_image":[{"width":460,"height":614,"url":"https:\/\/hylajams.fi\/wp-content\/uploads\/2021\/09\/20191118_161235-Vaaka.jpg","type":"image\/jpeg"}],"twitter_card":"summary_large_image","twitter_misc":{"Arvioitu lukuaika":"1 minuutti"},"schema":{"@context":"https:\/\/schema.org","@graph":[{"@type":"WebPage","@id":"https:\/\/hylajams.fi\/?product=pieni-hyla-keittiovaaka","url":"https:\/\/hylajams.fi\/?product=pieni-hyla-keittiovaaka","name":"Pieni Hyla keitti\u00f6vaaka - tarkka digitaalivaaka keitti\u00f6\u00f6n","isPartOf":{"@id":"https:\/\/hylajams.fi\/#website"},"primaryImageOfPage":{"@id":"https:\/\/hylajams.fi\/?product=pieni-hyla-keittiovaaka#primaryimage"},"image":{"@id":"https:\/\/hylajams.fi\/?product=pieni-hyla-keittiovaaka#primaryimage"},"thumbnailUrl":"https:\/\/hylajams.fi\/wp-content\/uploads\/2021\/09\/20191118_161235-Vaaka.jpg","datePublished":"2021-09-06T11:26:13+00:00","dateModified":"2026-02-28T00:31:42+00:00","description":"Pieni Hyla keitti\u00f6vaaka \u2013 tarkka, tilaa s\u00e4\u00e4st\u00e4v\u00e4 ja helppo kuljettaa. Sopii t\u00e4ydellisesti ruoanlaittoon, leivontaan ja terveelliseen arkeen.","breadcrumb":{"@id":"https:\/\/hylajams.fi\/?product=pieni-hyla-keittiovaaka#breadcrumb"},"inLanguage":"fi","potentialAction":[{"@type":"ReadAction","target":["https:\/\/hylajams.fi\/?product=pieni-hyla-keittiovaaka"]}]},{"@type":"ImageObject","inLanguage":"fi","@id":"https:\/\/hylajams.fi\/?product=pieni-hyla-keittiovaaka#primaryimage","url":"https:\/\/hylajams.fi\/wp-content\/uploads\/2021\/09\/20191118_161235-Vaaka.jpg","contentUrl":"https:\/\/hylajams.fi\/wp-content\/uploads\/2021\/09\/20191118_161235-Vaaka.jpg","width":460,"height":614,"caption":"Pieni Hyla keitti\u00f6vaaka"},{"@type":"BreadcrumbList","@id":"https:\/\/hylajams.fi\/?product=pieni-hyla-keittiovaaka#breadcrumb","itemListElement":[{"@type":"ListItem","position":1,"name":"Etusivu","item":"https:\/\/hylajams.fi\/"},{"@type":"ListItem","position":2,"name":"VERKKOKAUPPA","item":"https:\/\/hylajams.fi\/?page_id=9"},{"@type":"ListItem","position":3,"name":"38244 Pieni Hyla keitti\u00f6vaaka"}]},{"@type":"WebSite","@id":"https:\/\/hylajams.fi\/#website","url":"https:\/\/hylajams.fi\/","name":"Hyla Jams Verkkokauppa","description":"Hyla ilman- ja huoneen puhdistusj\u00e4rjestelm\u00e4 Suomessa","publisher":{"@id":"https:\/\/hylajams.fi\/#organization"},"potentialAction":[{"@type":"SearchAction","target":{"@type":"EntryPoint","urlTemplate":"https:\/\/hylajams.fi\/?s={search_term_string}"},"query-input":{"@type":"PropertyValueSpecification","valueRequired":true,"valueName":"search_term_string"}}],"inLanguage":"fi"},{"@type":"Organization","@id":"https:\/\/hylajams.fi\/#organization","name":"Hyla Jams Verkkokauppa","url":"https:\/\/hylajams.fi\/","logo":{"@type":"ImageObject","inLanguage":"fi","@id":"https:\/\/hylajams.fi\/#\/schema\/logo\/image\/","url":"https:\/\/hylajams.fi\/wp-content\/uploads\/2025\/02\/Logo-1-2.jpg","contentUrl":"https:\/\/hylajams.fi\/wp-content\/uploads\/2025\/02\/Logo-1-2.jpg","width":500,"height":500,"caption":"Hyla Jams Verkkokauppa"},"image":{"@id":"https:\/\/hylajams.fi\/#\/schema\/logo\/image\/"},"sameAs":["https:\/\/www.instagram.com\/hylasiivous\/"]}]}},"_links":{"self":[{"href":"https:\/\/hylajams.fi\/index.php?rest_route=\/wp\/v2\/product\/2486","targetHints":{"allow":["GET"]}}],"collection":[{"href":"https:\/\/hylajams.fi\/index.php?rest_route=\/wp\/v2\/product"}],"about":[{"href":"https:\/\/hylajams.fi\/index.php?rest_route=\/wp\/v2\/types\/product"}],"version-history":[{"count":3,"href":"https:\/\/hylajams.fi\/index.php?rest_route=\/wp\/v2\/product\/2486\/revisions"}],"predecessor-version":[{"id":11392,"href":"https:\/\/hylajams.fi\/index.php?rest_route=\/wp\/v2\/product\/2486\/revisions\/11392"}],"wp:featuredmedia":[{"embeddable":true,"href":"https:\/\/hylajams.fi\/index.php?rest_route=\/wp\/v2\/media\/2487"}],"wp:attachment":[{"href":"https:\/\/hylajams.fi\/index.php?rest_route=%2Fwp%2Fv2%2Fmedia&parent=2486"}],"wp:term":[{"taxonomy":"product_brand","embeddable":true,"href":"https:\/\/hylajams.fi\/index.php?rest_route=%2Fwp%2Fv2%2Fproduct_brand&post=2486"},{"taxonomy":"product_cat","embeddable":true,"href":"https:\/\/hylajams.fi\/index.php?rest_route=%2Fwp%2Fv2%2Fproduct_cat&post=2486"},{"taxonomy":"product_tag","embeddable":true,"href":"https:\/\/hylajams.fi\/index.php?rest_route=%2Fwp%2Fv2%2Fproduct_tag&post=2486"}],"curies":[{"name":"wp","href":"https:\/\/api.w.org\/{rel}","templated":true}]}}