{"id":2481,"date":"2021-09-06T14:12:03","date_gmt":"2021-09-06T11:12:03","guid":{"rendered":"https:\/\/hylajams.fi\/?post_type=product&#038;p=2481"},"modified":"2026-03-17T12:50:56","modified_gmt":"2026-03-17T10:50:56","slug":"hyla-tarvikepidike","status":"publish","type":"product","link":"https:\/\/hylajams.fi\/?product=hyla-tarvikepidike","title":{"rendered":"14145 Hyla tarvikepidike &#8211; Anna siivousv\u00e4lineillesi j\u00e4rjestyst\u00e4 ja tyyli\u00e4"},"content":{"rendered":"<p><strong>HYLA tarvikepidike<\/strong> tuo siivouskomeroon selkeytt\u00e4, j\u00e4rjestyst\u00e4 ja siisti\u00e4 ilmett\u00e4. Se on suunniteltu erityisesti HYLAn letkulle sek\u00e4 useiden suulakkeiden s\u00e4ilytt\u00e4miseen, joten kaikki tarvikkeet l\u00f6ytyv\u00e4t yhdest\u00e4 paikasta helposti ja nopeasti.<\/p>\n<p>T\u00e4m\u00e4 k\u00e4yt\u00e4nn\u00f6llinen pidike auttaa pit\u00e4m\u00e4\u00e4n letkun sek\u00e4 3\u20135 suulaketta j\u00e4rjestelm\u00e4llisesti tallessa. Sen avulla s\u00e4\u00e4st\u00e4t tilaa, v\u00e4lt\u00e4t sotkuiset letkut ja teet siivousv\u00e4lineiden k\u00e4yt\u00f6st\u00e4 vaivattomampaa. Tarvikepidike ei ainoastaan lis\u00e4\u00e4 k\u00e4yt\u00e4nn\u00f6llisyytt\u00e4, vaan my\u00f6s tuo siivouskomeroon tyylikk\u00e4\u00e4n ja huolitellun ilmeen.<\/p>\n<p>Olipa kyseess\u00e4 koti, m\u00f6kki tai ty\u00f6tila, HYLA tarvikepidike tekee siivousv\u00e4lineiden s\u00e4ilytt\u00e4misest\u00e4 selke\u00e4mp\u00e4\u00e4 ja miellytt\u00e4v\u00e4mp\u00e4\u00e4.<\/p>\n<p><strong>Tuotetiedot:<\/strong><\/p>\n<ul>\n<li>Soveltuu HYLA-letkun s\u00e4ilytt\u00e4miseen<\/li>\n<li>Tilaa 3\u20135 suulakkeelle<\/li>\n<li>J\u00e4rjestelm\u00e4llinen ja tilaa s\u00e4\u00e4st\u00e4v\u00e4 ratkaisu<\/li>\n<li>Tyylik\u00e4s ja siisti ilme siivouskomeroon<\/li>\n<\/ul>\n<p><strong><a href=\"https:\/\/hylajams.fi\/?page_id=7252\">HYLA EST TUOTTEET<\/a><\/strong><\/p>\n<p><strong><a href=\"https:\/\/hylajams.fi\/?page_id=8366\">HYLA GST TUOTTEET<\/a><\/strong><\/p>\n<p><strong><a href=\"https:\/\/hylajams.fi\/?page_id=8371\">HYLA NST TUOTTEET<\/a><\/strong><\/p>\n<p><strong><a href=\"https:\/\/www.hyla.com\/products\/products\">HYLA INTERNATIONAL<\/a><\/strong><\/p>\n","protected":false},"excerpt":{"rendered":"<p><strong>HYLA tarvikepidike \u2013 Anna siivouskomerollesi uusi, siisti ilme!<\/strong><\/p>\n<p>HYLA tarvikepidike pit\u00e4\u00e4 letkun ja suulakkeet j\u00e4rjestyksess\u00e4. Tyylik\u00e4s ja k\u00e4yt\u00e4nn\u00f6llinen ratkaisu siivouskomeroon.\u00a0Nautti uudesta j\u00e4rjestyksest\u00e4 ja siisteydest\u00e4 siivouskaapissasi, josta l\u00f6yd\u00e4t Hyla tarvikkeet nopeasti ja helposti!<\/p>\n","protected":false},"featured_media":7257,"template":"","meta":[],"product_brand":[],"product_cat":[952,946,773,774,775,290,942],"product_tag":[1841,1131,1308,1825,1842,1839,1840],"class_list":{"0":"post-2481","1":"product","2":"type-product","3":"status-publish","4":"has-post-thumbnail","6":"product_cat-est-lisatarvikkeet","7":"product_cat-hyla-gst-lisatarvikkeet","8":"product_cat-hyla-est","9":"product_cat-hyla-gst","10":"product_cat-hyla-nst","11":"product_cat-hylan-lisatarvikkeet","12":"product_cat-hyla-nst-lisatarvikkeet","13":"product_tag-hyla-jarjestys","14":"product_tag-hyla-lisavaruste","15":"product_tag-hyla-tarvikepidike","16":"product_tag-imurin-lisaosa","17":"product_tag-siivousvalineiden-jarjestaminen","18":"product_tag-siivousvalineiden-pidike","19":"product_tag-tarviketeline","20":"product_shipping_class-posti-m-paketti-19x36x60-cm-35-kg","21":"_wholesalex wsx-wholesalex-product","23":"first","24":"instock","25":"featured","26":"shipping-taxable","27":"purchasable","28":"product-type-simple"},"yoast_head":"<!-- This site is optimized with the Yoast SEO plugin v27.3 - https:\/\/yoast.com\/product\/yoast-seo-wordpress\/ -->\n<title>HYLA tarvikepidike \u2013 letkuteline ja suulakepidike siivouskomeroon<\/title>\n<meta name=\"description\" content=\"HYLA tarvikepidike \u2013 j\u00e4rjestyst\u00e4 ja tyyli\u00e4 siivouskomeroon. S\u00e4ilyt\u00e4 HYLA-letku ja 3\u20135 suulaketta helposti yhdess\u00e4 paikassa.\" \/>\n<meta name=\"robots\" content=\"index, follow, max-snippet:-1, max-image-preview:large, max-video-preview:-1\" \/>\n<link rel=\"canonical\" href=\"https:\/\/hylajams.fi\/?product=hyla-tarvikepidike\" \/>\n<meta property=\"og:locale\" content=\"fi_FI\" \/>\n<meta property=\"og:type\" content=\"article\" \/>\n<meta property=\"og:title\" content=\"HYLA tarvikepidike \u2013 letkuteline ja suulakepidike siivouskomeroon\" \/>\n<meta property=\"og:description\" content=\"HYLA tarvikepidike \u2013 j\u00e4rjestyst\u00e4 ja tyyli\u00e4 siivouskomeroon. S\u00e4ilyt\u00e4 HYLA-letku ja 3\u20135 suulaketta helposti yhdess\u00e4 paikassa.\" \/>\n<meta property=\"og:url\" content=\"https:\/\/hylajams.fi\/?product=hyla-tarvikepidike\" \/>\n<meta property=\"og:site_name\" content=\"Hyla Jams Verkkokauppa\" \/>\n<meta property=\"article:modified_time\" content=\"2026-03-17T10:50:56+00:00\" \/>\n<meta property=\"og:image\" content=\"https:\/\/hylajams.fi\/wp-content\/uploads\/2021\/09\/14145-HYLA-Letkuteline1.jpg\" \/>\n\t<meta property=\"og:image:width\" content=\"1062\" \/>\n\t<meta property=\"og:image:height\" content=\"1080\" \/>\n\t<meta property=\"og:image:type\" content=\"image\/jpeg\" \/>\n<meta name=\"twitter:card\" content=\"summary_large_image\" \/>\n<meta name=\"twitter:label1\" content=\"Arvioitu lukuaika\" \/>\n\t<meta name=\"twitter:data1\" content=\"1 minuutti\" \/>\n<script type=\"application\/ld+json\" class=\"yoast-schema-graph\">{\"@context\":\"https:\\\/\\\/schema.org\",\"@graph\":[{\"@type\":\"WebPage\",\"@id\":\"https:\\\/\\\/hylajams.fi\\\/?product=hyla-tarvikepidike\",\"url\":\"https:\\\/\\\/hylajams.fi\\\/?product=hyla-tarvikepidike\",\"name\":\"HYLA tarvikepidike \u2013 letkuteline ja suulakepidike siivouskomeroon\",\"isPartOf\":{\"@id\":\"https:\\\/\\\/hylajams.fi\\\/#website\"},\"primaryImageOfPage\":{\"@id\":\"https:\\\/\\\/hylajams.fi\\\/?product=hyla-tarvikepidike#primaryimage\"},\"image\":{\"@id\":\"https:\\\/\\\/hylajams.fi\\\/?product=hyla-tarvikepidike#primaryimage\"},\"thumbnailUrl\":\"https:\\\/\\\/hylajams.fi\\\/wp-content\\\/uploads\\\/2021\\\/09\\\/14145-HYLA-Letkuteline1.jpg\",\"datePublished\":\"2021-09-06T11:12:03+00:00\",\"dateModified\":\"2026-03-17T10:50:56+00:00\",\"description\":\"HYLA tarvikepidike \u2013 j\u00e4rjestyst\u00e4 ja tyyli\u00e4 siivouskomeroon. S\u00e4ilyt\u00e4 HYLA-letku ja 3\u20135 suulaketta helposti yhdess\u00e4 paikassa.\",\"breadcrumb\":{\"@id\":\"https:\\\/\\\/hylajams.fi\\\/?product=hyla-tarvikepidike#breadcrumb\"},\"inLanguage\":\"fi\",\"potentialAction\":[{\"@type\":\"ReadAction\",\"target\":[\"https:\\\/\\\/hylajams.fi\\\/?product=hyla-tarvikepidike\"]}]},{\"@type\":\"ImageObject\",\"inLanguage\":\"fi\",\"@id\":\"https:\\\/\\\/hylajams.fi\\\/?product=hyla-tarvikepidike#primaryimage\",\"url\":\"https:\\\/\\\/hylajams.fi\\\/wp-content\\\/uploads\\\/2021\\\/09\\\/14145-HYLA-Letkuteline1.jpg\",\"contentUrl\":\"https:\\\/\\\/hylajams.fi\\\/wp-content\\\/uploads\\\/2021\\\/09\\\/14145-HYLA-Letkuteline1.jpg\",\"width\":1062,\"height\":1080,\"caption\":\"HYLA tarvikepidike\"},{\"@type\":\"BreadcrumbList\",\"@id\":\"https:\\\/\\\/hylajams.fi\\\/?product=hyla-tarvikepidike#breadcrumb\",\"itemListElement\":[{\"@type\":\"ListItem\",\"position\":1,\"name\":\"Etusivu\",\"item\":\"https:\\\/\\\/hylajams.fi\\\/\"},{\"@type\":\"ListItem\",\"position\":2,\"name\":\"VERKKOKAUPPA\",\"item\":\"https:\\\/\\\/hylajams.fi\\\/?page_id=9\"},{\"@type\":\"ListItem\",\"position\":3,\"name\":\"14145 Hyla tarvikepidike &#8211; Anna siivousv\u00e4lineillesi j\u00e4rjestyst\u00e4 ja tyyli\u00e4\"}]},{\"@type\":\"WebSite\",\"@id\":\"https:\\\/\\\/hylajams.fi\\\/#website\",\"url\":\"https:\\\/\\\/hylajams.fi\\\/\",\"name\":\"Hyla Jams Verkkokauppa\",\"description\":\"Hyla ilman- ja huoneen puhdistusj\u00e4rjestelm\u00e4 Suomessa\",\"publisher\":{\"@id\":\"https:\\\/\\\/hylajams.fi\\\/#organization\"},\"potentialAction\":[{\"@type\":\"SearchAction\",\"target\":{\"@type\":\"EntryPoint\",\"urlTemplate\":\"https:\\\/\\\/hylajams.fi\\\/?s={search_term_string}\"},\"query-input\":{\"@type\":\"PropertyValueSpecification\",\"valueRequired\":true,\"valueName\":\"search_term_string\"}}],\"inLanguage\":\"fi\"},{\"@type\":\"Organization\",\"@id\":\"https:\\\/\\\/hylajams.fi\\\/#organization\",\"name\":\"Hyla Jams Verkkokauppa\",\"url\":\"https:\\\/\\\/hylajams.fi\\\/\",\"logo\":{\"@type\":\"ImageObject\",\"inLanguage\":\"fi\",\"@id\":\"https:\\\/\\\/hylajams.fi\\\/#\\\/schema\\\/logo\\\/image\\\/\",\"url\":\"https:\\\/\\\/hylajams.fi\\\/wp-content\\\/uploads\\\/2025\\\/02\\\/Logo-1-2.jpg\",\"contentUrl\":\"https:\\\/\\\/hylajams.fi\\\/wp-content\\\/uploads\\\/2025\\\/02\\\/Logo-1-2.jpg\",\"width\":500,\"height\":500,\"caption\":\"Hyla Jams Verkkokauppa\"},\"image\":{\"@id\":\"https:\\\/\\\/hylajams.fi\\\/#\\\/schema\\\/logo\\\/image\\\/\"},\"sameAs\":[\"https:\\\/\\\/www.instagram.com\\\/hylasiivous\\\/\"]}]}<\/script>\n<!-- \/ Yoast SEO plugin. -->","yoast_head_json":{"title":"HYLA tarvikepidike \u2013 letkuteline ja suulakepidike siivouskomeroon","description":"HYLA tarvikepidike \u2013 j\u00e4rjestyst\u00e4 ja tyyli\u00e4 siivouskomeroon. S\u00e4ilyt\u00e4 HYLA-letku ja 3\u20135 suulaketta helposti yhdess\u00e4 paikassa.","robots":{"index":"index","follow":"follow","max-snippet":"max-snippet:-1","max-image-preview":"max-image-preview:large","max-video-preview":"max-video-preview:-1"},"canonical":"https:\/\/hylajams.fi\/?product=hyla-tarvikepidike","og_locale":"fi_FI","og_type":"article","og_title":"HYLA tarvikepidike \u2013 letkuteline ja suulakepidike siivouskomeroon","og_description":"HYLA tarvikepidike \u2013 j\u00e4rjestyst\u00e4 ja tyyli\u00e4 siivouskomeroon. S\u00e4ilyt\u00e4 HYLA-letku ja 3\u20135 suulaketta helposti yhdess\u00e4 paikassa.","og_url":"https:\/\/hylajams.fi\/?product=hyla-tarvikepidike","og_site_name":"Hyla Jams Verkkokauppa","article_modified_time":"2026-03-17T10:50:56+00:00","og_image":[{"width":1062,"height":1080,"url":"https:\/\/hylajams.fi\/wp-content\/uploads\/2021\/09\/14145-HYLA-Letkuteline1.jpg","type":"image\/jpeg"}],"twitter_card":"summary_large_image","twitter_misc":{"Arvioitu lukuaika":"1 minuutti"},"schema":{"@context":"https:\/\/schema.org","@graph":[{"@type":"WebPage","@id":"https:\/\/hylajams.fi\/?product=hyla-tarvikepidike","url":"https:\/\/hylajams.fi\/?product=hyla-tarvikepidike","name":"HYLA tarvikepidike \u2013 letkuteline ja suulakepidike siivouskomeroon","isPartOf":{"@id":"https:\/\/hylajams.fi\/#website"},"primaryImageOfPage":{"@id":"https:\/\/hylajams.fi\/?product=hyla-tarvikepidike#primaryimage"},"image":{"@id":"https:\/\/hylajams.fi\/?product=hyla-tarvikepidike#primaryimage"},"thumbnailUrl":"https:\/\/hylajams.fi\/wp-content\/uploads\/2021\/09\/14145-HYLA-Letkuteline1.jpg","datePublished":"2021-09-06T11:12:03+00:00","dateModified":"2026-03-17T10:50:56+00:00","description":"HYLA tarvikepidike \u2013 j\u00e4rjestyst\u00e4 ja tyyli\u00e4 siivouskomeroon. S\u00e4ilyt\u00e4 HYLA-letku ja 3\u20135 suulaketta helposti yhdess\u00e4 paikassa.","breadcrumb":{"@id":"https:\/\/hylajams.fi\/?product=hyla-tarvikepidike#breadcrumb"},"inLanguage":"fi","potentialAction":[{"@type":"ReadAction","target":["https:\/\/hylajams.fi\/?product=hyla-tarvikepidike"]}]},{"@type":"ImageObject","inLanguage":"fi","@id":"https:\/\/hylajams.fi\/?product=hyla-tarvikepidike#primaryimage","url":"https:\/\/hylajams.fi\/wp-content\/uploads\/2021\/09\/14145-HYLA-Letkuteline1.jpg","contentUrl":"https:\/\/hylajams.fi\/wp-content\/uploads\/2021\/09\/14145-HYLA-Letkuteline1.jpg","width":1062,"height":1080,"caption":"HYLA tarvikepidike"},{"@type":"BreadcrumbList","@id":"https:\/\/hylajams.fi\/?product=hyla-tarvikepidike#breadcrumb","itemListElement":[{"@type":"ListItem","position":1,"name":"Etusivu","item":"https:\/\/hylajams.fi\/"},{"@type":"ListItem","position":2,"name":"VERKKOKAUPPA","item":"https:\/\/hylajams.fi\/?page_id=9"},{"@type":"ListItem","position":3,"name":"14145 Hyla tarvikepidike &#8211; Anna siivousv\u00e4lineillesi j\u00e4rjestyst\u00e4 ja tyyli\u00e4"}]},{"@type":"WebSite","@id":"https:\/\/hylajams.fi\/#website","url":"https:\/\/hylajams.fi\/","name":"Hyla Jams Verkkokauppa","description":"Hyla ilman- ja huoneen puhdistusj\u00e4rjestelm\u00e4 Suomessa","publisher":{"@id":"https:\/\/hylajams.fi\/#organization"},"potentialAction":[{"@type":"SearchAction","target":{"@type":"EntryPoint","urlTemplate":"https:\/\/hylajams.fi\/?s={search_term_string}"},"query-input":{"@type":"PropertyValueSpecification","valueRequired":true,"valueName":"search_term_string"}}],"inLanguage":"fi"},{"@type":"Organization","@id":"https:\/\/hylajams.fi\/#organization","name":"Hyla Jams Verkkokauppa","url":"https:\/\/hylajams.fi\/","logo":{"@type":"ImageObject","inLanguage":"fi","@id":"https:\/\/hylajams.fi\/#\/schema\/logo\/image\/","url":"https:\/\/hylajams.fi\/wp-content\/uploads\/2025\/02\/Logo-1-2.jpg","contentUrl":"https:\/\/hylajams.fi\/wp-content\/uploads\/2025\/02\/Logo-1-2.jpg","width":500,"height":500,"caption":"Hyla Jams Verkkokauppa"},"image":{"@id":"https:\/\/hylajams.fi\/#\/schema\/logo\/image\/"},"sameAs":["https:\/\/www.instagram.com\/hylasiivous\/"]}]}},"_links":{"self":[{"href":"https:\/\/hylajams.fi\/index.php?rest_route=\/wp\/v2\/product\/2481","targetHints":{"allow":["GET"]}}],"collection":[{"href":"https:\/\/hylajams.fi\/index.php?rest_route=\/wp\/v2\/product"}],"about":[{"href":"https:\/\/hylajams.fi\/index.php?rest_route=\/wp\/v2\/types\/product"}],"version-history":[{"count":6,"href":"https:\/\/hylajams.fi\/index.php?rest_route=\/wp\/v2\/product\/2481\/revisions"}],"predecessor-version":[{"id":13185,"href":"https:\/\/hylajams.fi\/index.php?rest_route=\/wp\/v2\/product\/2481\/revisions\/13185"}],"wp:featuredmedia":[{"embeddable":true,"href":"https:\/\/hylajams.fi\/index.php?rest_route=\/wp\/v2\/media\/7257"}],"wp:attachment":[{"href":"https:\/\/hylajams.fi\/index.php?rest_route=%2Fwp%2Fv2%2Fmedia&parent=2481"}],"wp:term":[{"taxonomy":"product_brand","embeddable":true,"href":"https:\/\/hylajams.fi\/index.php?rest_route=%2Fwp%2Fv2%2Fproduct_brand&post=2481"},{"taxonomy":"product_cat","embeddable":true,"href":"https:\/\/hylajams.fi\/index.php?rest_route=%2Fwp%2Fv2%2Fproduct_cat&post=2481"},{"taxonomy":"product_tag","embeddable":true,"href":"https:\/\/hylajams.fi\/index.php?rest_route=%2Fwp%2Fv2%2Fproduct_tag&post=2481"}],"curies":[{"name":"wp","href":"https:\/\/api.w.org\/{rel}","templated":true}]}}