{"id":2151,"date":"2021-08-23T11:54:50","date_gmt":"2021-08-23T08:54:50","guid":{"rendered":"https:\/\/hylajams.fi\/?post_type=product&#038;p=2151"},"modified":"2026-02-28T01:31:07","modified_gmt":"2026-02-27T23:31:07","slug":"hyla-nst-markapesuri","status":"publish","type":"product","link":"https:\/\/hylajams.fi\/?product=hyla-nst-markapesuri","title":{"rendered":"15131 Hyla NST M\u00e4rk\u00e4pesuri"},"content":{"rendered":"<p>HYLA NST M\u00e4rk\u00e4pesuri<\/p>\n<p>NST M\u00e4rk\u00e4pesuri on suunniteltu helpottamaan kodin, auton ja tekstiilipintojen perusteellista puhdistusta. Pesuri sopii HYLA NST -laitteeseen ja sis\u00e4lt\u00e4\u00e4 kuvassa n\u00e4kyv\u00e4t osat sek\u00e4 kaksi 0,5 litran biohajoavaa pesuainetta: yhden koville pinnoille ja toisen matoille sek\u00e4 tekstiileille.<\/p>\n<p>T\u00e4m\u00e4n m\u00e4rk\u00e4puhdistusj\u00e4rjestelm\u00e4n avulla onnistuu:<\/p>\n<ul>\n<li>Sileiden lattioiden (kivi, PVC, parketti jne.) m\u00e4rk\u00e4puhdistus<\/li>\n<li>Mattojen ja kokolattiamattojen pesu<\/li>\n<li>Verhoiltujen pintojen, huonekalujen ja auton sisustan pesu<\/li>\n<li>Lis\u00e4toiminto: veden suihkuttaminen<\/li>\n<\/ul>\n<p><strong>Tekniset tiedot:<\/strong><\/p>\n<ul>\n<li>Vesis\u00e4ili\u00f6n tilavuus: 3,5 l<\/li>\n<li>Yhden puhtaan veden t\u00e4yt\u00f6n puhdistuskapasiteetti:\n<ul>\n<li>15\u201320 m\u00b2 sileit\u00e4 lattioita<\/li>\n<li>3\u20138 m\u00b2 verhoiltuja pintoja<\/li>\n<\/ul>\n<\/li>\n<\/ul>\n<p><strong>Mukana toimitettavat tuotteet:<\/strong><\/p>\n<ul>\n<li>M\u00e4rk\u00e4pesuri HYLA NST -laitteeseen (huom! HYLA NST -p\u00e4\u00e4laite ei sis\u00e4lly)<\/li>\n<li>1 \u00d7 HYLA Puhdistusaine koville lattioille 500 ml (tuote nro 37091)<\/li>\n<li>1 \u00d7 HYLA Puhdistusaine matoille ja tekstiileille 500 ml (tuote nro 37101)<\/li>\n<\/ul>\n<p>HYLA-puhdistusaineet ovat 100 % biohajoavia ja turvallinen valinta kotiin. M\u00e4rk\u00e4pesurin eri harjaosat ja mukana tulevat puhdistusaineet auttavat poistamaan my\u00f6s pinttyneit\u00e4 tahroja verhoiluista, matoista ja kiinteist\u00e4 p\u00e4\u00e4llysteist\u00e4 tehokkaasti.<\/p>\n<p><a href=\"https:\/\/hylajams.fi\/?page_id=5570\"><strong>LUE LIS\u00c4\u00c4 M\u00c4RK\u00c4PESUREISTA<\/strong><\/a><\/p>\n<p><strong><a href=\"https:\/\/hylajams.fi\/?page_id=8371\">HYLA NST TUOTTEET<\/a><\/strong><\/p>\n<p><strong><a href=\"https:\/\/www.hyla.com\/products\/products\"><span dir=\"auto\">HYLA INTERNATIONAL<\/span><\/a><\/strong><\/p>\n","protected":false},"excerpt":{"rendered":"<p><strong>HYLA NST M\u00e4rk\u00e4pesuri<\/strong> mahdollistaa sileiden lattioiden, mattojen ja verhoilujen tehokkaan m\u00e4rk\u00e4puhdistuksen. Sis\u00e4lt\u00e4\u00e4 2 \u00d7 0,5 l puhdistusainetta.<\/p>\n<p>&nbsp;<\/p>\n<p><img fetchpriority=\"high\" decoding=\"async\" class=\"alignnone size-medium wp-image-2156\" src=\"https:\/\/hylajams.fi\/wp-content\/uploads\/2021\/08\/37101-Pesuaine-matot-225x300.jpg\" alt=\"\" width=\"225\" height=\"300\" srcset=\"https:\/\/hylajams.fi\/wp-content\/uploads\/2021\/08\/37101-Pesuaine-matot-225x300.jpg 225w, https:\/\/hylajams.fi\/wp-content\/uploads\/2021\/08\/37101-Pesuaine-matot.jpg 480w\" sizes=\"(max-width: 225px) 100vw, 225px\" \/> <img decoding=\"async\" class=\"alignnone size-medium wp-image-2157\" src=\"https:\/\/hylajams.fi\/wp-content\/uploads\/2021\/08\/37091-Pesuaine-kova-225x300.jpg\" alt=\"\" width=\"225\" height=\"300\" srcset=\"https:\/\/hylajams.fi\/wp-content\/uploads\/2021\/08\/37091-Pesuaine-kova-225x300.jpg 225w, https:\/\/hylajams.fi\/wp-content\/uploads\/2021\/08\/37091-Pesuaine-kova.jpg 480w\" sizes=\"(max-width: 225px) 100vw, 225px\" \/><\/p>\n","protected":false},"featured_media":10391,"template":"","meta":[],"product_brand":[],"product_cat":[775,290,942,948,260],"product_tag":[1754,1220,1120,1913,1914,1915,1912],"class_list":{"0":"post-2151","1":"product","2":"type-product","3":"status-publish","4":"has-post-thumbnail","6":"product_cat-hyla-nst","7":"product_cat-hylan-lisatarvikkeet","8":"product_cat-hyla-nst-lisatarvikkeet","9":"product_cat-hyla-nst-markapesuri","10":"product_cat-siivoustarvikkeet-ja-hygieniatuotteet","11":"product_tag-hyla-lisaosa","12":"product_tag-hyla-nst-lisavaruste","13":"product_tag-hyla-nst-markapesuri","14":"product_tag-markapesuri-nst","15":"product_tag-markapuhdistus-nst","16":"product_tag-nst-imuri","17":"product_tag-nst-markapesuri","18":"product_shipping_class-posti-m-paketti-19x36x60-cm-35-kg","19":"_wholesalex wsx-wholesalex-product","21":"first","22":"instock","23":"featured","24":"shipping-taxable","25":"purchasable","26":"product-type-simple"},"yoast_head":"<!-- This site is optimized with the Yoast SEO plugin v27.3 - https:\/\/yoast.com\/product\/yoast-seo-wordpress\/ -->\n<title>HYLA NST M\u00e4rk\u00e4pesuri - Hyla tekstiilien pesu, m\u00e4rk\u00e4puhdistus<\/title>\n<meta name=\"description\" content=\"HYLA NST M\u00e4rk\u00e4pesuri - sileille lattioille, matoille ja verhoiluille. Sis\u00e4lt\u00e4\u00e4: 2 \u00d7 0,5 l puhdistusainetta, 100 % biohajoavaa pesuainetta.\" \/>\n<meta name=\"robots\" content=\"index, follow, max-snippet:-1, max-image-preview:large, max-video-preview:-1\" \/>\n<link rel=\"canonical\" href=\"https:\/\/hylajams.fi\/?product=hyla-nst-markapesuri\" \/>\n<meta property=\"og:locale\" content=\"fi_FI\" \/>\n<meta property=\"og:type\" content=\"article\" \/>\n<meta property=\"og:title\" content=\"HYLA NST M\u00e4rk\u00e4pesuri - Hyla tekstiilien pesu, m\u00e4rk\u00e4puhdistus\" \/>\n<meta property=\"og:description\" content=\"HYLA NST M\u00e4rk\u00e4pesuri - sileille lattioille, matoille ja verhoiluille. Sis\u00e4lt\u00e4\u00e4: 2 \u00d7 0,5 l puhdistusainetta, 100 % biohajoavaa pesuainetta.\" \/>\n<meta property=\"og:url\" content=\"https:\/\/hylajams.fi\/?product=hyla-nst-markapesuri\" \/>\n<meta property=\"og:site_name\" content=\"Hyla Jams Verkkokauppa\" \/>\n<meta property=\"article:modified_time\" content=\"2026-02-27T23:31:07+00:00\" \/>\n<meta property=\"og:image\" content=\"https:\/\/hylajams.fi\/wp-content\/uploads\/2025\/05\/1-1.jpg\" \/>\n\t<meta property=\"og:image:width\" content=\"960\" \/>\n\t<meta property=\"og:image:height\" content=\"540\" \/>\n\t<meta property=\"og:image:type\" content=\"image\/jpeg\" \/>\n<meta name=\"twitter:card\" content=\"summary_large_image\" \/>\n<meta name=\"twitter:label1\" content=\"Arvioitu lukuaika\" \/>\n\t<meta name=\"twitter:data1\" content=\"2 minuuttia\" \/>\n<script type=\"application\/ld+json\" class=\"yoast-schema-graph\">{\"@context\":\"https:\\\/\\\/schema.org\",\"@graph\":[{\"@type\":\"WebPage\",\"@id\":\"https:\\\/\\\/hylajams.fi\\\/?product=hyla-nst-markapesuri\",\"url\":\"https:\\\/\\\/hylajams.fi\\\/?product=hyla-nst-markapesuri\",\"name\":\"HYLA NST M\u00e4rk\u00e4pesuri - Hyla tekstiilien pesu, m\u00e4rk\u00e4puhdistus\",\"isPartOf\":{\"@id\":\"https:\\\/\\\/hylajams.fi\\\/#website\"},\"primaryImageOfPage\":{\"@id\":\"https:\\\/\\\/hylajams.fi\\\/?product=hyla-nst-markapesuri#primaryimage\"},\"image\":{\"@id\":\"https:\\\/\\\/hylajams.fi\\\/?product=hyla-nst-markapesuri#primaryimage\"},\"thumbnailUrl\":\"https:\\\/\\\/hylajams.fi\\\/wp-content\\\/uploads\\\/2025\\\/05\\\/1-1.jpg\",\"datePublished\":\"2021-08-23T08:54:50+00:00\",\"dateModified\":\"2026-02-27T23:31:07+00:00\",\"description\":\"HYLA NST M\u00e4rk\u00e4pesuri - sileille lattioille, matoille ja verhoiluille. Sis\u00e4lt\u00e4\u00e4: 2 \u00d7 0,5 l puhdistusainetta, 100 % biohajoavaa pesuainetta.\",\"breadcrumb\":{\"@id\":\"https:\\\/\\\/hylajams.fi\\\/?product=hyla-nst-markapesuri#breadcrumb\"},\"inLanguage\":\"fi\",\"potentialAction\":[{\"@type\":\"ReadAction\",\"target\":[\"https:\\\/\\\/hylajams.fi\\\/?product=hyla-nst-markapesuri\"]}]},{\"@type\":\"ImageObject\",\"inLanguage\":\"fi\",\"@id\":\"https:\\\/\\\/hylajams.fi\\\/?product=hyla-nst-markapesuri#primaryimage\",\"url\":\"https:\\\/\\\/hylajams.fi\\\/wp-content\\\/uploads\\\/2025\\\/05\\\/1-1.jpg\",\"contentUrl\":\"https:\\\/\\\/hylajams.fi\\\/wp-content\\\/uploads\\\/2025\\\/05\\\/1-1.jpg\",\"width\":960,\"height\":540,\"caption\":\"HYLA NST M\u00e4rk\u00e4pesuri\"},{\"@type\":\"BreadcrumbList\",\"@id\":\"https:\\\/\\\/hylajams.fi\\\/?product=hyla-nst-markapesuri#breadcrumb\",\"itemListElement\":[{\"@type\":\"ListItem\",\"position\":1,\"name\":\"Etusivu\",\"item\":\"https:\\\/\\\/hylajams.fi\\\/\"},{\"@type\":\"ListItem\",\"position\":2,\"name\":\"VERKKOKAUPPA\",\"item\":\"https:\\\/\\\/hylajams.fi\\\/?page_id=9\"},{\"@type\":\"ListItem\",\"position\":3,\"name\":\"15131 Hyla NST M\u00e4rk\u00e4pesuri\"}]},{\"@type\":\"WebSite\",\"@id\":\"https:\\\/\\\/hylajams.fi\\\/#website\",\"url\":\"https:\\\/\\\/hylajams.fi\\\/\",\"name\":\"Hyla Jams Verkkokauppa\",\"description\":\"Hyla ilman- ja huoneen puhdistusj\u00e4rjestelm\u00e4 Suomessa\",\"publisher\":{\"@id\":\"https:\\\/\\\/hylajams.fi\\\/#organization\"},\"potentialAction\":[{\"@type\":\"SearchAction\",\"target\":{\"@type\":\"EntryPoint\",\"urlTemplate\":\"https:\\\/\\\/hylajams.fi\\\/?s={search_term_string}\"},\"query-input\":{\"@type\":\"PropertyValueSpecification\",\"valueRequired\":true,\"valueName\":\"search_term_string\"}}],\"inLanguage\":\"fi\"},{\"@type\":\"Organization\",\"@id\":\"https:\\\/\\\/hylajams.fi\\\/#organization\",\"name\":\"Hyla Jams Verkkokauppa\",\"url\":\"https:\\\/\\\/hylajams.fi\\\/\",\"logo\":{\"@type\":\"ImageObject\",\"inLanguage\":\"fi\",\"@id\":\"https:\\\/\\\/hylajams.fi\\\/#\\\/schema\\\/logo\\\/image\\\/\",\"url\":\"https:\\\/\\\/hylajams.fi\\\/wp-content\\\/uploads\\\/2025\\\/02\\\/Logo-1-2.jpg\",\"contentUrl\":\"https:\\\/\\\/hylajams.fi\\\/wp-content\\\/uploads\\\/2025\\\/02\\\/Logo-1-2.jpg\",\"width\":500,\"height\":500,\"caption\":\"Hyla Jams Verkkokauppa\"},\"image\":{\"@id\":\"https:\\\/\\\/hylajams.fi\\\/#\\\/schema\\\/logo\\\/image\\\/\"},\"sameAs\":[\"https:\\\/\\\/www.instagram.com\\\/hylasiivous\\\/\"]}]}<\/script>\n<!-- \/ Yoast SEO plugin. -->","yoast_head_json":{"title":"HYLA NST M\u00e4rk\u00e4pesuri - Hyla tekstiilien pesu, m\u00e4rk\u00e4puhdistus","description":"HYLA NST M\u00e4rk\u00e4pesuri - sileille lattioille, matoille ja verhoiluille. Sis\u00e4lt\u00e4\u00e4: 2 \u00d7 0,5 l puhdistusainetta, 100 % biohajoavaa pesuainetta.","robots":{"index":"index","follow":"follow","max-snippet":"max-snippet:-1","max-image-preview":"max-image-preview:large","max-video-preview":"max-video-preview:-1"},"canonical":"https:\/\/hylajams.fi\/?product=hyla-nst-markapesuri","og_locale":"fi_FI","og_type":"article","og_title":"HYLA NST M\u00e4rk\u00e4pesuri - Hyla tekstiilien pesu, m\u00e4rk\u00e4puhdistus","og_description":"HYLA NST M\u00e4rk\u00e4pesuri - sileille lattioille, matoille ja verhoiluille. Sis\u00e4lt\u00e4\u00e4: 2 \u00d7 0,5 l puhdistusainetta, 100 % biohajoavaa pesuainetta.","og_url":"https:\/\/hylajams.fi\/?product=hyla-nst-markapesuri","og_site_name":"Hyla Jams Verkkokauppa","article_modified_time":"2026-02-27T23:31:07+00:00","og_image":[{"width":960,"height":540,"url":"https:\/\/hylajams.fi\/wp-content\/uploads\/2025\/05\/1-1.jpg","type":"image\/jpeg"}],"twitter_card":"summary_large_image","twitter_misc":{"Arvioitu lukuaika":"2 minuuttia"},"schema":{"@context":"https:\/\/schema.org","@graph":[{"@type":"WebPage","@id":"https:\/\/hylajams.fi\/?product=hyla-nst-markapesuri","url":"https:\/\/hylajams.fi\/?product=hyla-nst-markapesuri","name":"HYLA NST M\u00e4rk\u00e4pesuri - Hyla tekstiilien pesu, m\u00e4rk\u00e4puhdistus","isPartOf":{"@id":"https:\/\/hylajams.fi\/#website"},"primaryImageOfPage":{"@id":"https:\/\/hylajams.fi\/?product=hyla-nst-markapesuri#primaryimage"},"image":{"@id":"https:\/\/hylajams.fi\/?product=hyla-nst-markapesuri#primaryimage"},"thumbnailUrl":"https:\/\/hylajams.fi\/wp-content\/uploads\/2025\/05\/1-1.jpg","datePublished":"2021-08-23T08:54:50+00:00","dateModified":"2026-02-27T23:31:07+00:00","description":"HYLA NST M\u00e4rk\u00e4pesuri - sileille lattioille, matoille ja verhoiluille. Sis\u00e4lt\u00e4\u00e4: 2 \u00d7 0,5 l puhdistusainetta, 100 % biohajoavaa pesuainetta.","breadcrumb":{"@id":"https:\/\/hylajams.fi\/?product=hyla-nst-markapesuri#breadcrumb"},"inLanguage":"fi","potentialAction":[{"@type":"ReadAction","target":["https:\/\/hylajams.fi\/?product=hyla-nst-markapesuri"]}]},{"@type":"ImageObject","inLanguage":"fi","@id":"https:\/\/hylajams.fi\/?product=hyla-nst-markapesuri#primaryimage","url":"https:\/\/hylajams.fi\/wp-content\/uploads\/2025\/05\/1-1.jpg","contentUrl":"https:\/\/hylajams.fi\/wp-content\/uploads\/2025\/05\/1-1.jpg","width":960,"height":540,"caption":"HYLA NST M\u00e4rk\u00e4pesuri"},{"@type":"BreadcrumbList","@id":"https:\/\/hylajams.fi\/?product=hyla-nst-markapesuri#breadcrumb","itemListElement":[{"@type":"ListItem","position":1,"name":"Etusivu","item":"https:\/\/hylajams.fi\/"},{"@type":"ListItem","position":2,"name":"VERKKOKAUPPA","item":"https:\/\/hylajams.fi\/?page_id=9"},{"@type":"ListItem","position":3,"name":"15131 Hyla NST M\u00e4rk\u00e4pesuri"}]},{"@type":"WebSite","@id":"https:\/\/hylajams.fi\/#website","url":"https:\/\/hylajams.fi\/","name":"Hyla Jams Verkkokauppa","description":"Hyla ilman- ja huoneen puhdistusj\u00e4rjestelm\u00e4 Suomessa","publisher":{"@id":"https:\/\/hylajams.fi\/#organization"},"potentialAction":[{"@type":"SearchAction","target":{"@type":"EntryPoint","urlTemplate":"https:\/\/hylajams.fi\/?s={search_term_string}"},"query-input":{"@type":"PropertyValueSpecification","valueRequired":true,"valueName":"search_term_string"}}],"inLanguage":"fi"},{"@type":"Organization","@id":"https:\/\/hylajams.fi\/#organization","name":"Hyla Jams Verkkokauppa","url":"https:\/\/hylajams.fi\/","logo":{"@type":"ImageObject","inLanguage":"fi","@id":"https:\/\/hylajams.fi\/#\/schema\/logo\/image\/","url":"https:\/\/hylajams.fi\/wp-content\/uploads\/2025\/02\/Logo-1-2.jpg","contentUrl":"https:\/\/hylajams.fi\/wp-content\/uploads\/2025\/02\/Logo-1-2.jpg","width":500,"height":500,"caption":"Hyla Jams Verkkokauppa"},"image":{"@id":"https:\/\/hylajams.fi\/#\/schema\/logo\/image\/"},"sameAs":["https:\/\/www.instagram.com\/hylasiivous\/"]}]}},"_links":{"self":[{"href":"https:\/\/hylajams.fi\/index.php?rest_route=\/wp\/v2\/product\/2151","targetHints":{"allow":["GET"]}}],"collection":[{"href":"https:\/\/hylajams.fi\/index.php?rest_route=\/wp\/v2\/product"}],"about":[{"href":"https:\/\/hylajams.fi\/index.php?rest_route=\/wp\/v2\/types\/product"}],"version-history":[{"count":7,"href":"https:\/\/hylajams.fi\/index.php?rest_route=\/wp\/v2\/product\/2151\/revisions"}],"predecessor-version":[{"id":13205,"href":"https:\/\/hylajams.fi\/index.php?rest_route=\/wp\/v2\/product\/2151\/revisions\/13205"}],"wp:featuredmedia":[{"embeddable":true,"href":"https:\/\/hylajams.fi\/index.php?rest_route=\/wp\/v2\/media\/10391"}],"wp:attachment":[{"href":"https:\/\/hylajams.fi\/index.php?rest_route=%2Fwp%2Fv2%2Fmedia&parent=2151"}],"wp:term":[{"taxonomy":"product_brand","embeddable":true,"href":"https:\/\/hylajams.fi\/index.php?rest_route=%2Fwp%2Fv2%2Fproduct_brand&post=2151"},{"taxonomy":"product_cat","embeddable":true,"href":"https:\/\/hylajams.fi\/index.php?rest_route=%2Fwp%2Fv2%2Fproduct_cat&post=2151"},{"taxonomy":"product_tag","embeddable":true,"href":"https:\/\/hylajams.fi\/index.php?rest_route=%2Fwp%2Fv2%2Fproduct_tag&post=2151"}],"curies":[{"name":"wp","href":"https:\/\/api.w.org\/{rel}","templated":true}]}}