{"id":20,"date":"2021-07-21T09:01:38","date_gmt":"2021-07-21T06:01:38","guid":{"rendered":"https:\/\/hylajams.fi\/?post_type=product&#038;p=20"},"modified":"2026-02-28T12:00:41","modified_gmt":"2026-02-28T10:00:41","slug":"hyla-est-gst-vesisailio","status":"publish","type":"product","link":"https:\/\/hylajams.fi\/?product=hyla-est-gst-vesisailio","title":{"rendered":"31500 Hyla EST\/GST vesis\u00e4ili\u00f6"},"content":{"rendered":"<p data-start=\"545\" data-end=\"629\"><strong data-start=\"545\" data-end=\"627\">HYLA EST ja GST vesis\u00e4ili\u00f6 4 litraa \u2013 turvallinen, kest\u00e4v\u00e4 ja helppok\u00e4ytt\u00f6inen<\/strong><\/p>\n<p data-start=\"545\" data-end=\"629\"><strong><a href=\"https:\/\/hylajams.fi\/?page_id=12273\">Katso esittely t\u00e4\u00e4lt\u00e4<\/a><\/strong><\/p>\n<p data-start=\"631\" data-end=\"836\">HYLA <a href=\"https:\/\/hylajams.fi\/?page_id=7252\">EST<\/a>\/<a href=\"https:\/\/hylajams.fi\/?page_id=8366\">GST<\/a> vesis\u00e4ili\u00f6 on suunniteltu kest\u00e4m\u00e4\u00e4n vaativaa k\u00e4ytt\u00f6\u00e4 ja sopii molempiin Hyla-malleihin. S\u00e4ili\u00f6 on valmistettu kirkkaasta, kest\u00e4v\u00e4st\u00e4 muovista, joka mahdollistaa veden tason helpon seurannan.<\/p>\n<p data-start=\"838\" data-end=\"1014\">Kahva varmistaa tasapainon ja tekee veden kaatamisesta sek\u00e4 s\u00e4ili\u00f6n kantamisesta vaivatonta. S\u00e4ili\u00f6 t\u00e4ytet\u00e4\u00e4n kylm\u00e4ll\u00e4 vedell\u00e4 v\u00e4hint\u00e4\u00e4n astian sivulla olevaan merkkiin asti.<\/p>\n<p data-start=\"1016\" data-end=\"1330\">Likavesi voidaan tyhjent\u00e4\u00e4 hygieenisesti ilman kosketusta: py\u00f6rit\u00e4 s\u00e4ili\u00f6t\u00e4 edestakaisin, jolloin pohjalle kertyneet ep\u00e4puhtaudet, p\u00f6lypunkit ja roskat sekoittuvat veteen eiv\u00e4tk\u00e4 j\u00e4\u00e4 pohjalle. Lopuksi voit poistaa mahdollisen rasvaj\u00e4\u00e4m\u00e4n pesuaineeseen kostutetulla talouspaperilla tai rievulla ja huuhdella hyvin.<\/p>\n<p data-start=\"1332\" data-end=\"1475\">T\u00e4m\u00e4 vesiastia tekee siivouksesta turvallista, helppoa ja hygieenist\u00e4, pit\u00e4en HYLA-j\u00e4rjestelm\u00e4si toiminnassa parhaalla mahdollisella tavalla.<\/p>\n<h5><strong><a href=\"https:\/\/www.hyla.com\/products\/products\"><span dir=\"auto\">HYLA INTERNATIONAL<\/span><\/a><\/strong><\/h5>\n","protected":false},"excerpt":{"rendered":"<p><strong data-start=\"187\" data-end=\"248\">HYLA EST\/GST vesis\u00e4ili\u00f6 4 l \u2013 kest\u00e4v\u00e4 ja helppok\u00e4ytt\u00f6inen<\/strong><br data-start=\"248\" data-end=\"251\" \/>Vesis\u00e4ili\u00f6 sopii sek\u00e4 HYLA EST- ett\u00e4 GST-malleihin. Kest\u00e4v\u00e4, l\u00e4pin\u00e4kyv\u00e4 muovimateriaali tekee veden tason seuraamisesta helppoa. K\u00e4tev\u00e4 kahva helpottaa kantamista ja kaatamista. Likavesi tyhjennet\u00e4\u00e4n helposti py\u00f6ritt\u00e4m\u00e4ll\u00e4 s\u00e4ili\u00f6t\u00e4, ilman kosketusta.<\/p>\n<p><a href=\"https:\/\/www.canva.com\/design\/DAFsjfLs-RY\/view\"><strong>LUE LIS\u00c4\u00c4 HYLA EST\/GST VESIASTIASTA<\/strong><\/a><\/p>\n<p class=\"cvGsUA direction-ltr align-center para-style-body\"><span class=\"OYPEnA text-decoration-none text-strikethrough-none\">Likaveden voit tyhjent\u00e4\u00e4 ilman kosketusta py\u00f6ritt\u00e4m\u00e4ll\u00e4 vesiastiassa olevaa vett\u00e4 edestakaisin. T\u00e4ll\u00e4 tavoin vesiastian pohjalle kertyneet roskat, liat, p\u00f6lypunkit ja muut ep\u00e4puhtaudet sekoittuvat veteen eiv\u00e4tk\u00e4 j\u00e4\u00e4 vesiastian pohjalle.<\/span><\/p>\n<p class=\"cvGsUA direction-ltr align-center para-style-body\"><a href=\"https:\/\/hylajams.fi\/?page_id=5895\"><strong><span class=\"OYPEnA text-decoration-none text-strikethrough-none\">KATSO VIDEO<\/span><\/strong><\/a><\/p>\n<p class=\"cvGsUA direction-ltr align-center para-style-body\"><span class=\"OYPEnA text-decoration-none text-strikethrough-none\">Viimeistele prosessi poistamalla mahdollinen rasva pesuaineeseen kostutetulla talouspaperilla tai rievulla. Muista huuhdella hyvin!<\/span><\/p>\n","protected":false},"featured_media":6585,"template":"","meta":[],"product_brand":[],"product_cat":[951,944,773,774],"product_tag":[1768,1769,1204,1958,1773,1967,1131,1960,1959],"class_list":{"0":"post-20","1":"product","2":"type-product","3":"status-publish","4":"has-post-thumbnail","6":"product_cat-est-varaosat","7":"product_cat-hyla-gst-varaosat","8":"product_cat-hyla-est","9":"product_cat-hyla-gst","10":"product_tag-est-vesisailio","11":"product_tag-gst-vesisailio","12":"product_tag-hyla-est-lisaosa","13":"product_tag-hyla-est-gst-vesisailio","14":"product_tag-hyla-gst-lisaosa","15":"product_tag-hyla-imuri","16":"product_tag-hyla-lisavaruste","17":"product_tag-imurin-vesisailio","18":"product_tag-markapesurin-vesisailio","19":"product_shipping_class-posti-m-paketti-19x36x60-cm-35-kg","20":"_wholesalex wsx-wholesalex-product","22":"first","23":"instock","24":"featured","25":"shipping-taxable","26":"purchasable","27":"product-type-simple"},"yoast_head":"<!-- This site is optimized with the Yoast SEO plugin v27.3 - https:\/\/yoast.com\/product\/yoast-seo-wordpress\/ -->\n<title>HYLA EST GST vesis\u00e4ili\u00f6 4 l \u2013 kest\u00e4v\u00e4 ja helppok\u00e4ytt\u00f6inen<\/title>\n<meta name=\"description\" content=\"HYLA EST GST vesis\u00e4ili\u00f6 4 l sopii molempiin malleihin. Kest\u00e4v\u00e4, l\u00e4pin\u00e4kyv\u00e4 s\u00e4ili\u00f6, helppo kantaa ja tyhjent\u00e4\u00e4 ilman kosketusta.\" \/>\n<meta name=\"robots\" content=\"index, follow, max-snippet:-1, max-image-preview:large, max-video-preview:-1\" \/>\n<link rel=\"canonical\" href=\"https:\/\/hylajams.fi\/?product=hyla-est-gst-vesisailio\" \/>\n<meta property=\"og:locale\" content=\"fi_FI\" \/>\n<meta property=\"og:type\" content=\"article\" \/>\n<meta property=\"og:title\" content=\"HYLA EST GST vesis\u00e4ili\u00f6 4 l \u2013 kest\u00e4v\u00e4 ja helppok\u00e4ytt\u00f6inen\" \/>\n<meta property=\"og:description\" content=\"HYLA EST GST vesis\u00e4ili\u00f6 4 l sopii molempiin malleihin. Kest\u00e4v\u00e4, l\u00e4pin\u00e4kyv\u00e4 s\u00e4ili\u00f6, helppo kantaa ja tyhjent\u00e4\u00e4 ilman kosketusta.\" \/>\n<meta property=\"og:url\" content=\"https:\/\/hylajams.fi\/?product=hyla-est-gst-vesisailio\" \/>\n<meta property=\"og:site_name\" content=\"Hyla Jams Verkkokauppa\" \/>\n<meta property=\"article:modified_time\" content=\"2026-02-28T10:00:41+00:00\" \/>\n<meta property=\"og:image\" content=\"https:\/\/hylajams.fi\/wp-content\/uploads\/2024\/01\/31500-Taydellinen-vesiastia.png\" \/>\n\t<meta property=\"og:image:width\" content=\"554\" \/>\n\t<meta property=\"og:image:height\" content=\"542\" \/>\n\t<meta property=\"og:image:type\" content=\"image\/png\" \/>\n<meta name=\"twitter:card\" content=\"summary_large_image\" \/>\n<meta name=\"twitter:label1\" content=\"Arvioitu lukuaika\" \/>\n\t<meta name=\"twitter:data1\" content=\"1 minuutti\" \/>\n<script type=\"application\/ld+json\" class=\"yoast-schema-graph\">{\"@context\":\"https:\\\/\\\/schema.org\",\"@graph\":[{\"@type\":\"WebPage\",\"@id\":\"https:\\\/\\\/hylajams.fi\\\/?product=hyla-est-gst-vesisailio\",\"url\":\"https:\\\/\\\/hylajams.fi\\\/?product=hyla-est-gst-vesisailio\",\"name\":\"HYLA EST GST vesis\u00e4ili\u00f6 4 l \u2013 kest\u00e4v\u00e4 ja helppok\u00e4ytt\u00f6inen\",\"isPartOf\":{\"@id\":\"https:\\\/\\\/hylajams.fi\\\/#website\"},\"primaryImageOfPage\":{\"@id\":\"https:\\\/\\\/hylajams.fi\\\/?product=hyla-est-gst-vesisailio#primaryimage\"},\"image\":{\"@id\":\"https:\\\/\\\/hylajams.fi\\\/?product=hyla-est-gst-vesisailio#primaryimage\"},\"thumbnailUrl\":\"https:\\\/\\\/hylajams.fi\\\/wp-content\\\/uploads\\\/2024\\\/01\\\/31500-Taydellinen-vesiastia.png\",\"datePublished\":\"2021-07-21T06:01:38+00:00\",\"dateModified\":\"2026-02-28T10:00:41+00:00\",\"description\":\"HYLA EST GST vesis\u00e4ili\u00f6 4 l sopii molempiin malleihin. Kest\u00e4v\u00e4, l\u00e4pin\u00e4kyv\u00e4 s\u00e4ili\u00f6, helppo kantaa ja tyhjent\u00e4\u00e4 ilman kosketusta.\",\"breadcrumb\":{\"@id\":\"https:\\\/\\\/hylajams.fi\\\/?product=hyla-est-gst-vesisailio#breadcrumb\"},\"inLanguage\":\"fi\",\"potentialAction\":[{\"@type\":\"ReadAction\",\"target\":[\"https:\\\/\\\/hylajams.fi\\\/?product=hyla-est-gst-vesisailio\"]}]},{\"@type\":\"ImageObject\",\"inLanguage\":\"fi\",\"@id\":\"https:\\\/\\\/hylajams.fi\\\/?product=hyla-est-gst-vesisailio#primaryimage\",\"url\":\"https:\\\/\\\/hylajams.fi\\\/wp-content\\\/uploads\\\/2024\\\/01\\\/31500-Taydellinen-vesiastia.png\",\"contentUrl\":\"https:\\\/\\\/hylajams.fi\\\/wp-content\\\/uploads\\\/2024\\\/01\\\/31500-Taydellinen-vesiastia.png\",\"width\":554,\"height\":542,\"caption\":\"EST Vesiastia\"},{\"@type\":\"BreadcrumbList\",\"@id\":\"https:\\\/\\\/hylajams.fi\\\/?product=hyla-est-gst-vesisailio#breadcrumb\",\"itemListElement\":[{\"@type\":\"ListItem\",\"position\":1,\"name\":\"Etusivu\",\"item\":\"https:\\\/\\\/hylajams.fi\\\/\"},{\"@type\":\"ListItem\",\"position\":2,\"name\":\"VERKKOKAUPPA\",\"item\":\"https:\\\/\\\/hylajams.fi\\\/?page_id=9\"},{\"@type\":\"ListItem\",\"position\":3,\"name\":\"31500 Hyla EST\\\/GST vesis\u00e4ili\u00f6\"}]},{\"@type\":\"WebSite\",\"@id\":\"https:\\\/\\\/hylajams.fi\\\/#website\",\"url\":\"https:\\\/\\\/hylajams.fi\\\/\",\"name\":\"Hyla Jams Verkkokauppa\",\"description\":\"Hyla ilman- ja huoneen puhdistusj\u00e4rjestelm\u00e4 Suomessa\",\"publisher\":{\"@id\":\"https:\\\/\\\/hylajams.fi\\\/#organization\"},\"potentialAction\":[{\"@type\":\"SearchAction\",\"target\":{\"@type\":\"EntryPoint\",\"urlTemplate\":\"https:\\\/\\\/hylajams.fi\\\/?s={search_term_string}\"},\"query-input\":{\"@type\":\"PropertyValueSpecification\",\"valueRequired\":true,\"valueName\":\"search_term_string\"}}],\"inLanguage\":\"fi\"},{\"@type\":\"Organization\",\"@id\":\"https:\\\/\\\/hylajams.fi\\\/#organization\",\"name\":\"Hyla Jams Verkkokauppa\",\"url\":\"https:\\\/\\\/hylajams.fi\\\/\",\"logo\":{\"@type\":\"ImageObject\",\"inLanguage\":\"fi\",\"@id\":\"https:\\\/\\\/hylajams.fi\\\/#\\\/schema\\\/logo\\\/image\\\/\",\"url\":\"https:\\\/\\\/hylajams.fi\\\/wp-content\\\/uploads\\\/2025\\\/02\\\/Logo-1-2.jpg\",\"contentUrl\":\"https:\\\/\\\/hylajams.fi\\\/wp-content\\\/uploads\\\/2025\\\/02\\\/Logo-1-2.jpg\",\"width\":500,\"height\":500,\"caption\":\"Hyla Jams Verkkokauppa\"},\"image\":{\"@id\":\"https:\\\/\\\/hylajams.fi\\\/#\\\/schema\\\/logo\\\/image\\\/\"},\"sameAs\":[\"https:\\\/\\\/www.instagram.com\\\/hylasiivous\\\/\"]}]}<\/script>\n<!-- \/ Yoast SEO plugin. -->","yoast_head_json":{"title":"HYLA EST GST vesis\u00e4ili\u00f6 4 l \u2013 kest\u00e4v\u00e4 ja helppok\u00e4ytt\u00f6inen","description":"HYLA EST GST vesis\u00e4ili\u00f6 4 l sopii molempiin malleihin. Kest\u00e4v\u00e4, l\u00e4pin\u00e4kyv\u00e4 s\u00e4ili\u00f6, helppo kantaa ja tyhjent\u00e4\u00e4 ilman kosketusta.","robots":{"index":"index","follow":"follow","max-snippet":"max-snippet:-1","max-image-preview":"max-image-preview:large","max-video-preview":"max-video-preview:-1"},"canonical":"https:\/\/hylajams.fi\/?product=hyla-est-gst-vesisailio","og_locale":"fi_FI","og_type":"article","og_title":"HYLA EST GST vesis\u00e4ili\u00f6 4 l \u2013 kest\u00e4v\u00e4 ja helppok\u00e4ytt\u00f6inen","og_description":"HYLA EST GST vesis\u00e4ili\u00f6 4 l sopii molempiin malleihin. Kest\u00e4v\u00e4, l\u00e4pin\u00e4kyv\u00e4 s\u00e4ili\u00f6, helppo kantaa ja tyhjent\u00e4\u00e4 ilman kosketusta.","og_url":"https:\/\/hylajams.fi\/?product=hyla-est-gst-vesisailio","og_site_name":"Hyla Jams Verkkokauppa","article_modified_time":"2026-02-28T10:00:41+00:00","og_image":[{"width":554,"height":542,"url":"https:\/\/hylajams.fi\/wp-content\/uploads\/2024\/01\/31500-Taydellinen-vesiastia.png","type":"image\/png"}],"twitter_card":"summary_large_image","twitter_misc":{"Arvioitu lukuaika":"1 minuutti"},"schema":{"@context":"https:\/\/schema.org","@graph":[{"@type":"WebPage","@id":"https:\/\/hylajams.fi\/?product=hyla-est-gst-vesisailio","url":"https:\/\/hylajams.fi\/?product=hyla-est-gst-vesisailio","name":"HYLA EST GST vesis\u00e4ili\u00f6 4 l \u2013 kest\u00e4v\u00e4 ja helppok\u00e4ytt\u00f6inen","isPartOf":{"@id":"https:\/\/hylajams.fi\/#website"},"primaryImageOfPage":{"@id":"https:\/\/hylajams.fi\/?product=hyla-est-gst-vesisailio#primaryimage"},"image":{"@id":"https:\/\/hylajams.fi\/?product=hyla-est-gst-vesisailio#primaryimage"},"thumbnailUrl":"https:\/\/hylajams.fi\/wp-content\/uploads\/2024\/01\/31500-Taydellinen-vesiastia.png","datePublished":"2021-07-21T06:01:38+00:00","dateModified":"2026-02-28T10:00:41+00:00","description":"HYLA EST GST vesis\u00e4ili\u00f6 4 l sopii molempiin malleihin. Kest\u00e4v\u00e4, l\u00e4pin\u00e4kyv\u00e4 s\u00e4ili\u00f6, helppo kantaa ja tyhjent\u00e4\u00e4 ilman kosketusta.","breadcrumb":{"@id":"https:\/\/hylajams.fi\/?product=hyla-est-gst-vesisailio#breadcrumb"},"inLanguage":"fi","potentialAction":[{"@type":"ReadAction","target":["https:\/\/hylajams.fi\/?product=hyla-est-gst-vesisailio"]}]},{"@type":"ImageObject","inLanguage":"fi","@id":"https:\/\/hylajams.fi\/?product=hyla-est-gst-vesisailio#primaryimage","url":"https:\/\/hylajams.fi\/wp-content\/uploads\/2024\/01\/31500-Taydellinen-vesiastia.png","contentUrl":"https:\/\/hylajams.fi\/wp-content\/uploads\/2024\/01\/31500-Taydellinen-vesiastia.png","width":554,"height":542,"caption":"EST Vesiastia"},{"@type":"BreadcrumbList","@id":"https:\/\/hylajams.fi\/?product=hyla-est-gst-vesisailio#breadcrumb","itemListElement":[{"@type":"ListItem","position":1,"name":"Etusivu","item":"https:\/\/hylajams.fi\/"},{"@type":"ListItem","position":2,"name":"VERKKOKAUPPA","item":"https:\/\/hylajams.fi\/?page_id=9"},{"@type":"ListItem","position":3,"name":"31500 Hyla EST\/GST vesis\u00e4ili\u00f6"}]},{"@type":"WebSite","@id":"https:\/\/hylajams.fi\/#website","url":"https:\/\/hylajams.fi\/","name":"Hyla Jams Verkkokauppa","description":"Hyla ilman- ja huoneen puhdistusj\u00e4rjestelm\u00e4 Suomessa","publisher":{"@id":"https:\/\/hylajams.fi\/#organization"},"potentialAction":[{"@type":"SearchAction","target":{"@type":"EntryPoint","urlTemplate":"https:\/\/hylajams.fi\/?s={search_term_string}"},"query-input":{"@type":"PropertyValueSpecification","valueRequired":true,"valueName":"search_term_string"}}],"inLanguage":"fi"},{"@type":"Organization","@id":"https:\/\/hylajams.fi\/#organization","name":"Hyla Jams Verkkokauppa","url":"https:\/\/hylajams.fi\/","logo":{"@type":"ImageObject","inLanguage":"fi","@id":"https:\/\/hylajams.fi\/#\/schema\/logo\/image\/","url":"https:\/\/hylajams.fi\/wp-content\/uploads\/2025\/02\/Logo-1-2.jpg","contentUrl":"https:\/\/hylajams.fi\/wp-content\/uploads\/2025\/02\/Logo-1-2.jpg","width":500,"height":500,"caption":"Hyla Jams Verkkokauppa"},"image":{"@id":"https:\/\/hylajams.fi\/#\/schema\/logo\/image\/"},"sameAs":["https:\/\/www.instagram.com\/hylasiivous\/"]}]}},"_links":{"self":[{"href":"https:\/\/hylajams.fi\/index.php?rest_route=\/wp\/v2\/product\/20","targetHints":{"allow":["GET"]}}],"collection":[{"href":"https:\/\/hylajams.fi\/index.php?rest_route=\/wp\/v2\/product"}],"about":[{"href":"https:\/\/hylajams.fi\/index.php?rest_route=\/wp\/v2\/types\/product"}],"version-history":[{"count":13,"href":"https:\/\/hylajams.fi\/index.php?rest_route=\/wp\/v2\/product\/20\/revisions"}],"predecessor-version":[{"id":13225,"href":"https:\/\/hylajams.fi\/index.php?rest_route=\/wp\/v2\/product\/20\/revisions\/13225"}],"wp:featuredmedia":[{"embeddable":true,"href":"https:\/\/hylajams.fi\/index.php?rest_route=\/wp\/v2\/media\/6585"}],"wp:attachment":[{"href":"https:\/\/hylajams.fi\/index.php?rest_route=%2Fwp%2Fv2%2Fmedia&parent=20"}],"wp:term":[{"taxonomy":"product_brand","embeddable":true,"href":"https:\/\/hylajams.fi\/index.php?rest_route=%2Fwp%2Fv2%2Fproduct_brand&post=20"},{"taxonomy":"product_cat","embeddable":true,"href":"https:\/\/hylajams.fi\/index.php?rest_route=%2Fwp%2Fv2%2Fproduct_cat&post=20"},{"taxonomy":"product_tag","embeddable":true,"href":"https:\/\/hylajams.fi\/index.php?rest_route=%2Fwp%2Fv2%2Fproduct_tag&post=20"}],"curies":[{"name":"wp","href":"https:\/\/api.w.org\/{rel}","templated":true}]}}