{"id":1799,"date":"2021-08-13T19:54:48","date_gmt":"2021-08-13T16:54:48","guid":{"rendered":"https:\/\/hylajams.fi\/?post_type=product&#038;p=1799"},"modified":"2026-02-27T19:20:06","modified_gmt":"2026-02-27T17:20:06","slug":"hyla-nst-markkapesurin-letku","status":"publish","type":"product","link":"https:\/\/hylajams.fi\/?product=hyla-nst-markkapesurin-letku","title":{"rendered":"15120 NST M\u00e4rk\u00e4pesurin letku"},"content":{"rendered":"<h5 data-start=\"4289\" data-end=\"4347\"><img fetchpriority=\"high\" decoding=\"async\" class=\"alignnone wp-image-11024 size-medium\" src=\"https:\/\/hylajams.fi\/wp-content\/uploads\/2021\/08\/15120-Hyla-NST-Markapesurin-letku-1-300x169.jpg\" alt=\"Hyla NST M\u00e4rk\u00e4pesurin letku liitoksineen\" width=\"300\" height=\"169\" srcset=\"https:\/\/hylajams.fi\/wp-content\/uploads\/2021\/08\/15120-Hyla-NST-Markapesurin-letku-1-300x169.jpg 300w, https:\/\/hylajams.fi\/wp-content\/uploads\/2021\/08\/15120-Hyla-NST-Markapesurin-letku-1-768x432.jpg 768w, https:\/\/hylajams.fi\/wp-content\/uploads\/2021\/08\/15120-Hyla-NST-Markapesurin-letku-1-600x338.jpg 600w, https:\/\/hylajams.fi\/wp-content\/uploads\/2021\/08\/15120-Hyla-NST-Markapesurin-letku-1.jpg 960w\" sizes=\"(max-width: 300px) 100vw, 300px\" \/><\/h5>\n<h5 data-start=\"4289\" data-end=\"4347\">15120 Hyla NST M\u00e4rk\u00e4pesurin letku liitoksineen<\/h5>\n<p data-start=\"209\" data-end=\"442\">HYLA NST M\u00e4rk\u00e4pesurin letku liitoksineen on suunniteltu sopimaan ainoastaan Hyla NST -m\u00e4rk\u00e4pesuriin. Se kuuluu m\u00e4rk\u00e4pesurin kokonaisuuteen (setti nro 15131) ja takaa tiiviin sek\u00e4 luotettavan liitoksen laitteen ja suuttimen v\u00e4lill\u00e4.<\/p>\n<p data-start=\"444\" data-end=\"632\">M\u00e4rk\u00e4pesuria k\u00e4ytet\u00e4\u00e4n monipuolisesti erilaisten pintojen, kuten tekstiilien, mattojen, lattioiden, kaakeleiden ja auton penkkien puhdistamiseen \u2013 ja t\u00e4m\u00e4 letku tekee ty\u00f6n vaivattomaksi.<\/p>\n<p data-start=\"634\" data-end=\"942\">Letku on valmistettu vahvasta ter\u00e4snailonista ja sen p\u00e4\u00e4ll\u00e4 on kulutusta kest\u00e4v\u00e4 PVC-muovipinnoite. Uusissa malleissa kaaren ja letkun liitoskohtaan on lis\u00e4tty joustava muovijousi, joka ehk\u00e4isee rikkoutumista ja lis\u00e4\u00e4 k\u00e4ytt\u00f6ik\u00e4\u00e4. N\u00e4in k\u00e4ytt\u00f6 on entist\u00e4 huolettomampaa ja letku pysyy hyv\u00e4kuntoisena pitk\u00e4\u00e4n.<\/p>\n<p data-start=\"944\" data-end=\"1207\">Letku soveltuu turvallisesti nesteiden imurointiin ja sen kuivattaminen onnistuu helposti hy\u00f6dynt\u00e4m\u00e4ll\u00e4 Hylan imu- ja puhalluspuolta, my\u00f6s kirkkaiden liitososien sis\u00e4lt\u00e4. Joustavuus antaa runsaasti liikkumavaraa, joten siivous onnistuu tehokkaasti ja mukavasti.<\/p>\n<p data-start=\"1209\" data-end=\"1391\">Kun tarvitset vaihtoa tai varaletkun, t\u00e4m\u00e4 alkuper\u00e4inen Hyla-osa on varma valinta \u2013 se varmistaa m\u00e4rk\u00e4pesurin parhaan mahdollisen toiminnan ja kest\u00e4vyyden my\u00f6s vaativassa k\u00e4yt\u00f6ss\u00e4.<\/p>\n<h5 data-start=\"4289\" data-end=\"4347\"><strong><a href=\"https:\/\/hylajams.fi\/?page_id=8371\">HYLA NST TUOTTEET<\/a><\/strong><\/h5>\n<h5><strong><a href=\"https:\/\/www.hyla.com\/products\/products\"><span dir=\"auto\"><span dir=\"auto\" style=\"vertical-align: inherit;\"><span dir=\"auto\" style=\"vertical-align: inherit;\">HYLA INTERNATIONAL<\/span><\/span><\/span><\/a><\/strong><\/h5>\n","protected":false},"excerpt":{"rendered":"<p>\ud83d\udfe2 15120 NST M\u00e4rk\u00e4pesurin letku<\/p>\n<p>HYLA NST M\u00e4rk\u00e4pesurin alkuper\u00e4inen letku liitoksineen. Sopii vain NST-mallin m\u00e4rk\u00e4pesuriin (setti nro 15131).<\/p>\n","protected":false},"featured_media":11024,"template":"","meta":[],"product_brand":[],"product_cat":[775,940,948],"product_tag":[39,1619,30],"class_list":{"0":"post-1799","1":"product","2":"type-product","3":"status-publish","4":"has-post-thumbnail","6":"product_cat-hyla-nst","7":"product_cat-hyla-nst-letkut-ja-putket","8":"product_cat-hyla-nst-markapesuri","9":"product_tag-hyla-nst","10":"product_tag-hyla-nst-markapesurin-letku","11":"product_tag-letkut","12":"product_shipping_class-posti-m-paketti-19x36x60-cm-35-kg","13":"_wholesalex wsx-wholesalex-product","15":"first","16":"instock","17":"featured","18":"shipping-taxable","19":"purchasable","20":"product-type-simple"},"yoast_head":"<!-- This site is optimized with the Yoast SEO plugin v27.3 - https:\/\/yoast.com\/product\/yoast-seo-wordpress\/ -->\n<title>15120 Hyla NST M\u00e4rk\u00e4pesurin letku<\/title>\n<meta name=\"description\" content=\"Hyla NST M\u00e4rk\u00e4pesurin letku, jolla puhdistetaan tekstiilej\u00e4, mattoja, lattioita ja kaakeleita, sek\u00e4 auton penkkej\u00e4, johon t\u00e4m\u00e4 letku on sopiva liitoksineen.\" \/>\n<meta name=\"robots\" content=\"index, follow, max-snippet:-1, max-image-preview:large, max-video-preview:-1\" \/>\n<link rel=\"canonical\" href=\"https:\/\/hylajams.fi\/?product=hyla-nst-markkapesurin-letku\" \/>\n<meta property=\"og:locale\" content=\"fi_FI\" \/>\n<meta property=\"og:type\" content=\"article\" \/>\n<meta property=\"og:title\" content=\"15120 Hyla NST M\u00e4rk\u00e4pesurin letku\" \/>\n<meta property=\"og:description\" content=\"Hyla NST M\u00e4rk\u00e4pesurin letku, jolla puhdistetaan tekstiilej\u00e4, mattoja, lattioita ja kaakeleita, sek\u00e4 auton penkkej\u00e4, johon t\u00e4m\u00e4 letku on sopiva liitoksineen.\" \/>\n<meta property=\"og:url\" content=\"https:\/\/hylajams.fi\/?product=hyla-nst-markkapesurin-letku\" \/>\n<meta property=\"og:site_name\" content=\"Hyla Jams Verkkokauppa\" \/>\n<meta property=\"article:modified_time\" content=\"2026-02-27T17:20:06+00:00\" \/>\n<meta property=\"og:image\" content=\"https:\/\/hylajams.fi\/wp-content\/uploads\/2021\/08\/15120-Hyla-NST-Markapesurin-letku-1.jpg\" \/>\n\t<meta property=\"og:image:width\" content=\"960\" \/>\n\t<meta property=\"og:image:height\" content=\"540\" \/>\n\t<meta property=\"og:image:type\" content=\"image\/jpeg\" \/>\n<meta name=\"twitter:card\" content=\"summary_large_image\" \/>\n<meta name=\"twitter:label1\" content=\"Arvioitu lukuaika\" \/>\n\t<meta name=\"twitter:data1\" content=\"2 minuuttia\" \/>\n<script type=\"application\/ld+json\" class=\"yoast-schema-graph\">{\"@context\":\"https:\\\/\\\/schema.org\",\"@graph\":[{\"@type\":\"WebPage\",\"@id\":\"https:\\\/\\\/hylajams.fi\\\/?product=hyla-nst-markkapesurin-letku\",\"url\":\"https:\\\/\\\/hylajams.fi\\\/?product=hyla-nst-markkapesurin-letku\",\"name\":\"15120 Hyla NST M\u00e4rk\u00e4pesurin letku\",\"isPartOf\":{\"@id\":\"https:\\\/\\\/hylajams.fi\\\/#website\"},\"primaryImageOfPage\":{\"@id\":\"https:\\\/\\\/hylajams.fi\\\/?product=hyla-nst-markkapesurin-letku#primaryimage\"},\"image\":{\"@id\":\"https:\\\/\\\/hylajams.fi\\\/?product=hyla-nst-markkapesurin-letku#primaryimage\"},\"thumbnailUrl\":\"https:\\\/\\\/hylajams.fi\\\/wp-content\\\/uploads\\\/2021\\\/08\\\/15120-Hyla-NST-Markapesurin-letku-1.jpg\",\"datePublished\":\"2021-08-13T16:54:48+00:00\",\"dateModified\":\"2026-02-27T17:20:06+00:00\",\"description\":\"Hyla NST M\u00e4rk\u00e4pesurin letku, jolla puhdistetaan tekstiilej\u00e4, mattoja, lattioita ja kaakeleita, sek\u00e4 auton penkkej\u00e4, johon t\u00e4m\u00e4 letku on sopiva liitoksineen.\",\"breadcrumb\":{\"@id\":\"https:\\\/\\\/hylajams.fi\\\/?product=hyla-nst-markkapesurin-letku#breadcrumb\"},\"inLanguage\":\"fi\",\"potentialAction\":[{\"@type\":\"ReadAction\",\"target\":[\"https:\\\/\\\/hylajams.fi\\\/?product=hyla-nst-markkapesurin-letku\"]}]},{\"@type\":\"ImageObject\",\"inLanguage\":\"fi\",\"@id\":\"https:\\\/\\\/hylajams.fi\\\/?product=hyla-nst-markkapesurin-letku#primaryimage\",\"url\":\"https:\\\/\\\/hylajams.fi\\\/wp-content\\\/uploads\\\/2021\\\/08\\\/15120-Hyla-NST-Markapesurin-letku-1.jpg\",\"contentUrl\":\"https:\\\/\\\/hylajams.fi\\\/wp-content\\\/uploads\\\/2021\\\/08\\\/15120-Hyla-NST-Markapesurin-letku-1.jpg\",\"width\":960,\"height\":540,\"caption\":\"Hyla NST M\u00e4rk\u00e4pesurin letku\"},{\"@type\":\"BreadcrumbList\",\"@id\":\"https:\\\/\\\/hylajams.fi\\\/?product=hyla-nst-markkapesurin-letku#breadcrumb\",\"itemListElement\":[{\"@type\":\"ListItem\",\"position\":1,\"name\":\"Etusivu\",\"item\":\"https:\\\/\\\/hylajams.fi\\\/\"},{\"@type\":\"ListItem\",\"position\":2,\"name\":\"VERKKOKAUPPA\",\"item\":\"https:\\\/\\\/hylajams.fi\\\/?page_id=9\"},{\"@type\":\"ListItem\",\"position\":3,\"name\":\"15120 NST M\u00e4rk\u00e4pesurin letku\"}]},{\"@type\":\"WebSite\",\"@id\":\"https:\\\/\\\/hylajams.fi\\\/#website\",\"url\":\"https:\\\/\\\/hylajams.fi\\\/\",\"name\":\"Hyla Jams Verkkokauppa\",\"description\":\"Hyla ilman- ja huoneen puhdistusj\u00e4rjestelm\u00e4 Suomessa\",\"publisher\":{\"@id\":\"https:\\\/\\\/hylajams.fi\\\/#organization\"},\"potentialAction\":[{\"@type\":\"SearchAction\",\"target\":{\"@type\":\"EntryPoint\",\"urlTemplate\":\"https:\\\/\\\/hylajams.fi\\\/?s={search_term_string}\"},\"query-input\":{\"@type\":\"PropertyValueSpecification\",\"valueRequired\":true,\"valueName\":\"search_term_string\"}}],\"inLanguage\":\"fi\"},{\"@type\":\"Organization\",\"@id\":\"https:\\\/\\\/hylajams.fi\\\/#organization\",\"name\":\"Hyla Jams Verkkokauppa\",\"url\":\"https:\\\/\\\/hylajams.fi\\\/\",\"logo\":{\"@type\":\"ImageObject\",\"inLanguage\":\"fi\",\"@id\":\"https:\\\/\\\/hylajams.fi\\\/#\\\/schema\\\/logo\\\/image\\\/\",\"url\":\"https:\\\/\\\/hylajams.fi\\\/wp-content\\\/uploads\\\/2025\\\/02\\\/Logo-1-2.jpg\",\"contentUrl\":\"https:\\\/\\\/hylajams.fi\\\/wp-content\\\/uploads\\\/2025\\\/02\\\/Logo-1-2.jpg\",\"width\":500,\"height\":500,\"caption\":\"Hyla Jams Verkkokauppa\"},\"image\":{\"@id\":\"https:\\\/\\\/hylajams.fi\\\/#\\\/schema\\\/logo\\\/image\\\/\"},\"sameAs\":[\"https:\\\/\\\/www.instagram.com\\\/hylasiivous\\\/\"]}]}<\/script>\n<!-- \/ Yoast SEO plugin. -->","yoast_head_json":{"title":"15120 Hyla NST M\u00e4rk\u00e4pesurin letku","description":"Hyla NST M\u00e4rk\u00e4pesurin letku, jolla puhdistetaan tekstiilej\u00e4, mattoja, lattioita ja kaakeleita, sek\u00e4 auton penkkej\u00e4, johon t\u00e4m\u00e4 letku on sopiva liitoksineen.","robots":{"index":"index","follow":"follow","max-snippet":"max-snippet:-1","max-image-preview":"max-image-preview:large","max-video-preview":"max-video-preview:-1"},"canonical":"https:\/\/hylajams.fi\/?product=hyla-nst-markkapesurin-letku","og_locale":"fi_FI","og_type":"article","og_title":"15120 Hyla NST M\u00e4rk\u00e4pesurin letku","og_description":"Hyla NST M\u00e4rk\u00e4pesurin letku, jolla puhdistetaan tekstiilej\u00e4, mattoja, lattioita ja kaakeleita, sek\u00e4 auton penkkej\u00e4, johon t\u00e4m\u00e4 letku on sopiva liitoksineen.","og_url":"https:\/\/hylajams.fi\/?product=hyla-nst-markkapesurin-letku","og_site_name":"Hyla Jams Verkkokauppa","article_modified_time":"2026-02-27T17:20:06+00:00","og_image":[{"width":960,"height":540,"url":"https:\/\/hylajams.fi\/wp-content\/uploads\/2021\/08\/15120-Hyla-NST-Markapesurin-letku-1.jpg","type":"image\/jpeg"}],"twitter_card":"summary_large_image","twitter_misc":{"Arvioitu lukuaika":"2 minuuttia"},"schema":{"@context":"https:\/\/schema.org","@graph":[{"@type":"WebPage","@id":"https:\/\/hylajams.fi\/?product=hyla-nst-markkapesurin-letku","url":"https:\/\/hylajams.fi\/?product=hyla-nst-markkapesurin-letku","name":"15120 Hyla NST M\u00e4rk\u00e4pesurin letku","isPartOf":{"@id":"https:\/\/hylajams.fi\/#website"},"primaryImageOfPage":{"@id":"https:\/\/hylajams.fi\/?product=hyla-nst-markkapesurin-letku#primaryimage"},"image":{"@id":"https:\/\/hylajams.fi\/?product=hyla-nst-markkapesurin-letku#primaryimage"},"thumbnailUrl":"https:\/\/hylajams.fi\/wp-content\/uploads\/2021\/08\/15120-Hyla-NST-Markapesurin-letku-1.jpg","datePublished":"2021-08-13T16:54:48+00:00","dateModified":"2026-02-27T17:20:06+00:00","description":"Hyla NST M\u00e4rk\u00e4pesurin letku, jolla puhdistetaan tekstiilej\u00e4, mattoja, lattioita ja kaakeleita, sek\u00e4 auton penkkej\u00e4, johon t\u00e4m\u00e4 letku on sopiva liitoksineen.","breadcrumb":{"@id":"https:\/\/hylajams.fi\/?product=hyla-nst-markkapesurin-letku#breadcrumb"},"inLanguage":"fi","potentialAction":[{"@type":"ReadAction","target":["https:\/\/hylajams.fi\/?product=hyla-nst-markkapesurin-letku"]}]},{"@type":"ImageObject","inLanguage":"fi","@id":"https:\/\/hylajams.fi\/?product=hyla-nst-markkapesurin-letku#primaryimage","url":"https:\/\/hylajams.fi\/wp-content\/uploads\/2021\/08\/15120-Hyla-NST-Markapesurin-letku-1.jpg","contentUrl":"https:\/\/hylajams.fi\/wp-content\/uploads\/2021\/08\/15120-Hyla-NST-Markapesurin-letku-1.jpg","width":960,"height":540,"caption":"Hyla NST M\u00e4rk\u00e4pesurin letku"},{"@type":"BreadcrumbList","@id":"https:\/\/hylajams.fi\/?product=hyla-nst-markkapesurin-letku#breadcrumb","itemListElement":[{"@type":"ListItem","position":1,"name":"Etusivu","item":"https:\/\/hylajams.fi\/"},{"@type":"ListItem","position":2,"name":"VERKKOKAUPPA","item":"https:\/\/hylajams.fi\/?page_id=9"},{"@type":"ListItem","position":3,"name":"15120 NST M\u00e4rk\u00e4pesurin letku"}]},{"@type":"WebSite","@id":"https:\/\/hylajams.fi\/#website","url":"https:\/\/hylajams.fi\/","name":"Hyla Jams Verkkokauppa","description":"Hyla ilman- ja huoneen puhdistusj\u00e4rjestelm\u00e4 Suomessa","publisher":{"@id":"https:\/\/hylajams.fi\/#organization"},"potentialAction":[{"@type":"SearchAction","target":{"@type":"EntryPoint","urlTemplate":"https:\/\/hylajams.fi\/?s={search_term_string}"},"query-input":{"@type":"PropertyValueSpecification","valueRequired":true,"valueName":"search_term_string"}}],"inLanguage":"fi"},{"@type":"Organization","@id":"https:\/\/hylajams.fi\/#organization","name":"Hyla Jams Verkkokauppa","url":"https:\/\/hylajams.fi\/","logo":{"@type":"ImageObject","inLanguage":"fi","@id":"https:\/\/hylajams.fi\/#\/schema\/logo\/image\/","url":"https:\/\/hylajams.fi\/wp-content\/uploads\/2025\/02\/Logo-1-2.jpg","contentUrl":"https:\/\/hylajams.fi\/wp-content\/uploads\/2025\/02\/Logo-1-2.jpg","width":500,"height":500,"caption":"Hyla Jams Verkkokauppa"},"image":{"@id":"https:\/\/hylajams.fi\/#\/schema\/logo\/image\/"},"sameAs":["https:\/\/www.instagram.com\/hylasiivous\/"]}]}},"_links":{"self":[{"href":"https:\/\/hylajams.fi\/index.php?rest_route=\/wp\/v2\/product\/1799","targetHints":{"allow":["GET"]}}],"collection":[{"href":"https:\/\/hylajams.fi\/index.php?rest_route=\/wp\/v2\/product"}],"about":[{"href":"https:\/\/hylajams.fi\/index.php?rest_route=\/wp\/v2\/types\/product"}],"version-history":[{"count":8,"href":"https:\/\/hylajams.fi\/index.php?rest_route=\/wp\/v2\/product\/1799\/revisions"}],"predecessor-version":[{"id":11044,"href":"https:\/\/hylajams.fi\/index.php?rest_route=\/wp\/v2\/product\/1799\/revisions\/11044"}],"wp:featuredmedia":[{"embeddable":true,"href":"https:\/\/hylajams.fi\/index.php?rest_route=\/wp\/v2\/media\/11024"}],"wp:attachment":[{"href":"https:\/\/hylajams.fi\/index.php?rest_route=%2Fwp%2Fv2%2Fmedia&parent=1799"}],"wp:term":[{"taxonomy":"product_brand","embeddable":true,"href":"https:\/\/hylajams.fi\/index.php?rest_route=%2Fwp%2Fv2%2Fproduct_brand&post=1799"},{"taxonomy":"product_cat","embeddable":true,"href":"https:\/\/hylajams.fi\/index.php?rest_route=%2Fwp%2Fv2%2Fproduct_cat&post=1799"},{"taxonomy":"product_tag","embeddable":true,"href":"https:\/\/hylajams.fi\/index.php?rest_route=%2Fwp%2Fv2%2Fproduct_tag&post=1799"}],"curies":[{"name":"wp","href":"https:\/\/api.w.org\/{rel}","templated":true}]}}