{"id":1765,"date":"2021-08-10T00:00:32","date_gmt":"2021-08-09T21:00:32","guid":{"rendered":"https:\/\/hylajams.fi\/?post_type=product&#038;p=1765"},"modified":"2026-02-27T20:38:21","modified_gmt":"2026-02-27T18:38:21","slug":"hyla-est-kasiturbo-sahkomoottoriharja","status":"publish","type":"product","link":"https:\/\/hylajams.fi\/?product=hyla-est-kasiturbo-sahkomoottoriharja","title":{"rendered":"46207 Pieni s\u00e4hk\u00f6moottoriharja (EST)"},"content":{"rendered":"<p><strong>HYLA EST k\u00e4siturbo s\u00e4hk\u00f6moottoriharja<\/strong><\/p>\n<p>HYLA EST k\u00e4siturbo s\u00e4hk\u00f6moottoriharja on pieni, k\u00e4teen sopiva ja tehokas ratkaisu tekstiilien, mattojen ja verhoilujen syv\u00e4puhdistukseen. Se on suunniteltu uuteen HYLA EST -malliin ja liitet\u00e4\u00e4n helposti s\u00e4hk\u00f6moottoriletkuun tai putkeen. Harjassa on oma moottori ja py\u00f6riv\u00e4 harjaosa, joka poistaa tehokkaasti p\u00f6lypunkit, lian, hiukset, lemmikkiel\u00e4inten karvat ja muruset.<\/p>\n<p>K\u00e4siturboharja on ihanteellinen esimerkiksi porrasmattojen, sohvien, vuodesohvien, kangastuolien, tyynyjen, patjojen ja auton sis\u00e4tilojen puhdistukseen. Sopivan kokonsa ja sis\u00e4\u00e4n rakennettujen integroitujen s\u00e4hk\u00f6istyksen ansiosta se on ketter\u00e4 k\u00e4ytt\u00e4\u00e4 my\u00f6s ahtaammissa ja hankalissa kohteissa, joissa suurempi s\u00e4hk\u00f6harja olisi k\u00f6mpel\u00f6. T\u00e4ss\u00e4 mallissa ei ole ulkopuolisia s\u00e4hk\u00f6johtoja hankaloittamassa puhdistamista.\u00a0 Sopii k\u00e4ytett\u00e4v\u00e4ksi suoraan s\u00e4hk\u00f6moottoriharjan putken tai letkun kanssa.<\/p>\n<p>Turvallinen k\u00e4ytt\u00e4\u00e4: harjassa ei ole ulkoisia johtoja, ja se sopii vain kuivan imuroinnin tarpeisiin. Ei lasten k\u00e4ytt\u00f6\u00f6n.<\/p>\n<p><strong>Tuotetiedot:<\/strong><\/p>\n<ul>\n<li>Mitat: 15 \u00d7 26 cm<\/li>\n<li>Suunniteltu vain HYLA EST -malliin, ei k\u00e4y NST tai GST<\/li>\n<li>Oma moottori ja py\u00f6riv\u00e4 harjaosa<\/li>\n<li>Sopii tekstiilien, verhoilujen, mattojen ja pehmeiden pintojen syv\u00e4puhdistukseen<\/li>\n<li>Kevyt ja helposti liikuteltava lis\u00e4osa<\/li>\n<\/ul>\n<p><strong><a href=\"https:\/\/hylajams.fi\/?page_id=7252\">HYLA EST TUOTTEET<\/a><\/strong><\/p>\n<p><strong><a href=\"https:\/\/www.hyla.com\/products\/products\">HYLA INTERNATIONAL<\/a><\/strong><\/p>\n","protected":false},"excerpt":{"rendered":"<p><strong>HYLA EST k\u00e4siturbo s\u00e4hk\u00f6moottoriharja<\/strong><\/p>\n<p>HYLA EST k\u00e4siturbo s\u00e4hk\u00f6moottoriharja on pienikokoinen mutta tehokas lis\u00e4osa, joka syv\u00e4puhdistaa tekstiilit, matot ja verhoilut.<\/p>\n<p>T\u00e4ss\u00e4 esittelemme Hyla EST K\u00e4siturbo s\u00e4hk\u00f6moottoriharjan \u2013 pienikokoisen, mutta tehokkaan syv\u00e4puhdistusv\u00e4lineen, joka on suunniteltu erityisesti EST-mallille. K\u00e4siturboharja on ihanteellinen valinta, kun tarvitset liikuteltavan ja kompaktin apuv\u00e4lineen syv\u00e4puhdistukseen.<\/p>\n<p><strong>T\u00e4rkeimm\u00e4t Ominaisuudet:<\/strong><\/p>\n<ol>\n<li><strong>Helppo kuljettaa:<\/strong> Pienen kokonsa ansiosta Hyla EST K\u00e4siturbo S\u00e4hk\u00f6moottoriharja on helppo kuljettaa mukana, mik\u00e4 tekee siivoamisesta entist\u00e4 k\u00e4tev\u00e4mp\u00e4\u00e4.<\/li>\n<li><strong>Joustava ja vaivaton asennus:<\/strong> Harja sijoitetaan EST-mallin s\u00e4hk\u00f6moottoriletkuun tai putkeen k\u00e4ytt\u00e4en edistyksellist\u00e4 <strong>helppo asennus tekniikkaa<\/strong>, jolloin asennus onnistuu sekunneissa. Voit k\u00e4ytt\u00e4\u00e4 useita putkia per\u00e4kk\u00e4in ty\u00f6skentely tarpeen mukaan, jolloin se mahdollistaa p\u00f6lyjen puhdistuksen korkealta tai pidemm\u00e4n matkan p\u00e4\u00e4st\u00e4. N\u00e4in pystyt k\u00e4sittelem\u00e4\u00e4n hankaliakin paikkoja tehokkaas<\/li>\n<li><strong>Tehokas syv\u00e4puhdistus:<\/strong> Harja on t\u00e4ydellinen porrasmattojen, sohvien, autojen sis\u00e4tilojen, pehmustettujen tuolien, kulmikkaiden nurkkien, toimistotuolien jne. syv\u00e4puhdistukseen. Se sopii my\u00f6s vuodesohvien, kangastuolien, verhoiltujen tuotteiden, patjojen ja tyynyjen syv\u00e4puhdistukseen.<\/li>\n<li><strong>Sopiva koko:<\/strong> Itsen\u00e4isell\u00e4 moottorilla varustettu k\u00e4siturbo s\u00e4hk\u00f6moottoriharja on k\u00e4teen sopiva, mutta tehokas liikuteltava. Se on kuin isomman s\u00e4hk\u00f6moottoriharjan pikkusisko, mutta parempi k\u00e4sitell\u00e4 pieniss\u00e4 kohteissa.<\/li>\n<li><strong>EST-malliin suunniteltu:<\/strong> Harja on suunniteltu erityisesti Hyla EST -mallille, ja se sopii t\u00e4ydellisesti sen ominaisuuksiin ja k\u00e4ytt\u00f6tarpeisiin.<\/li>\n<li><strong>Kuiva imurointi:<\/strong> Sopii erinomaisesti kuivan imuroinnin tarpeisiin, ja se syv\u00e4puhdistaa my\u00f6s vuoteet.<\/li>\n<li><strong>Tehokas py\u00f6riv\u00e4 harjaosa:<\/strong> Harjassa on integroitu, sis\u00e4\u00e4nrakennettu py\u00f6riv\u00e4 harjaosa, joka on eritt\u00e4in tehokas p\u00f6lypunkkien, lian, lemmikkiel\u00e4inten karvojen, hiusten ja murusten poistamiseen.<\/li>\n<li><strong>Turvallinen k\u00e4ytt\u00f6:<\/strong> Harjassa ei ole s\u00e4hk\u00f6johtoja ulkopuolella, mik\u00e4 tekee siivoamisesta esteet\u00f6nt\u00e4 ja turvallista.<\/li>\n<\/ol>\n<p><strong>Tekniset Tiedot:<\/strong><\/p>\n<ul>\n<li>Mitat: 15 cm x 26 cm<\/li>\n<li>Sopii vain Hyla EST -malliin<\/li>\n<li>Vain kuiva imurointiin, ei hiusten l\u00e4heisyyteen, ei kasvojen l\u00e4helle.<\/li>\n<li>Ei lasten k\u00e4ytt\u00f6\u00f6n<\/li>\n<\/ul>\n<p>Hyla EST k\u00e4siturbo s\u00e4hk\u00f6moottoriharja tarjoaa vaivatonta, tehokasta ja monipuolista syv\u00e4puhdistusta sopivassa muodossa. Olipa kyseess\u00e4 kodin p\u00e4ivitt\u00e4inen puhdistus tai syv\u00e4puhdistustarve, t\u00e4m\u00e4 k\u00e4siturboharja on ihanteellinen kumppani EST-mallin omistajille.<\/p>\n","protected":false},"featured_media":6610,"template":"","meta":[],"product_brand":[],"product_cat":[952,950,773,290],"product_tag":[1662,1628,1131,1661,1648,114,1640],"class_list":{"0":"post-1765","1":"product","2":"type-product","3":"status-publish","4":"has-post-thumbnail","6":"product_cat-est-lisatarvikkeet","7":"product_cat-est-suulakkeet-ja-harjat","8":"product_cat-hyla-est","9":"product_cat-hylan-lisatarvikkeet","10":"product_tag-est-harja","11":"product_tag-hyla-est-lisavaruste","12":"product_tag-hyla-lisavaruste","13":"product_tag-pieni-sahkomoottoriharja-est","14":"product_tag-puhdistusharja","15":"product_tag-sahkomoottoriharja","16":"product_tag-tekstiiliharja","17":"product_shipping_class-posti-s-paketti-11x32x3-cm-35-kg","18":"_wholesalex wsx-wholesalex-product","20":"first","21":"instock","22":"featured","23":"shipping-taxable","24":"purchasable","25":"product-type-simple"},"yoast_head":"<!-- This site is optimized with the Yoast SEO plugin v27.3 - https:\/\/yoast.com\/product\/yoast-seo-wordpress\/ -->\n<title>HYLA EST k\u00e4siturbo s\u00e4hk\u00f6moottoriharja - Hyla EST k\u00e4siturbo<\/title>\n<meta name=\"description\" content=\"HYLA EST k\u00e4siturbo s\u00e4hk\u00f6moottoriharja syv\u00e4puhdistaa tekstiilit, matot ja verhoilut tehokkaasti. Kompakti ja tehokas lis\u00e4osa HYLA EST -malliin.\" \/>\n<meta name=\"robots\" content=\"index, follow, max-snippet:-1, max-image-preview:large, max-video-preview:-1\" \/>\n<link rel=\"canonical\" href=\"https:\/\/hylajams.fi\/?product=hyla-est-kasiturbo-sahkomoottoriharja\" \/>\n<meta property=\"og:locale\" content=\"fi_FI\" \/>\n<meta property=\"og:type\" content=\"article\" \/>\n<meta property=\"og:title\" content=\"HYLA EST k\u00e4siturbo s\u00e4hk\u00f6moottoriharja - Hyla EST k\u00e4siturbo\" \/>\n<meta property=\"og:description\" content=\"HYLA EST k\u00e4siturbo s\u00e4hk\u00f6moottoriharja syv\u00e4puhdistaa tekstiilit, matot ja verhoilut tehokkaasti. Kompakti ja tehokas lis\u00e4osa HYLA EST -malliin.\" \/>\n<meta property=\"og:url\" content=\"https:\/\/hylajams.fi\/?product=hyla-est-kasiturbo-sahkomoottoriharja\" \/>\n<meta property=\"og:site_name\" content=\"Hyla Jams Verkkokauppa\" \/>\n<meta property=\"article:modified_time\" content=\"2026-02-27T18:38:21+00:00\" \/>\n<meta property=\"og:image\" content=\"https:\/\/hylajams.fi\/wp-content\/uploads\/2024\/01\/46207-Hyla-EST-Pieni-kasiturbo-sahkomoottoriharja.png\" \/>\n\t<meta property=\"og:image:width\" content=\"568\" \/>\n\t<meta property=\"og:image:height\" content=\"565\" \/>\n\t<meta property=\"og:image:type\" content=\"image\/png\" \/>\n<meta name=\"twitter:card\" content=\"summary_large_image\" \/>\n<meta name=\"twitter:label1\" content=\"Arvioitu lukuaika\" \/>\n\t<meta name=\"twitter:data1\" content=\"2 minuuttia\" \/>\n<script type=\"application\/ld+json\" class=\"yoast-schema-graph\">{\"@context\":\"https:\\\/\\\/schema.org\",\"@graph\":[{\"@type\":\"WebPage\",\"@id\":\"https:\\\/\\\/hylajams.fi\\\/?product=hyla-est-kasiturbo-sahkomoottoriharja\",\"url\":\"https:\\\/\\\/hylajams.fi\\\/?product=hyla-est-kasiturbo-sahkomoottoriharja\",\"name\":\"HYLA EST k\u00e4siturbo s\u00e4hk\u00f6moottoriharja - Hyla EST k\u00e4siturbo\",\"isPartOf\":{\"@id\":\"https:\\\/\\\/hylajams.fi\\\/#website\"},\"primaryImageOfPage\":{\"@id\":\"https:\\\/\\\/hylajams.fi\\\/?product=hyla-est-kasiturbo-sahkomoottoriharja#primaryimage\"},\"image\":{\"@id\":\"https:\\\/\\\/hylajams.fi\\\/?product=hyla-est-kasiturbo-sahkomoottoriharja#primaryimage\"},\"thumbnailUrl\":\"https:\\\/\\\/hylajams.fi\\\/wp-content\\\/uploads\\\/2024\\\/01\\\/46207-Hyla-EST-Pieni-kasiturbo-sahkomoottoriharja.png\",\"datePublished\":\"2021-08-09T21:00:32+00:00\",\"dateModified\":\"2026-02-27T18:38:21+00:00\",\"description\":\"HYLA EST k\u00e4siturbo s\u00e4hk\u00f6moottoriharja syv\u00e4puhdistaa tekstiilit, matot ja verhoilut tehokkaasti. Kompakti ja tehokas lis\u00e4osa HYLA EST -malliin.\",\"breadcrumb\":{\"@id\":\"https:\\\/\\\/hylajams.fi\\\/?product=hyla-est-kasiturbo-sahkomoottoriharja#breadcrumb\"},\"inLanguage\":\"fi\",\"potentialAction\":[{\"@type\":\"ReadAction\",\"target\":[\"https:\\\/\\\/hylajams.fi\\\/?product=hyla-est-kasiturbo-sahkomoottoriharja\"]}]},{\"@type\":\"ImageObject\",\"inLanguage\":\"fi\",\"@id\":\"https:\\\/\\\/hylajams.fi\\\/?product=hyla-est-kasiturbo-sahkomoottoriharja#primaryimage\",\"url\":\"https:\\\/\\\/hylajams.fi\\\/wp-content\\\/uploads\\\/2024\\\/01\\\/46207-Hyla-EST-Pieni-kasiturbo-sahkomoottoriharja.png\",\"contentUrl\":\"https:\\\/\\\/hylajams.fi\\\/wp-content\\\/uploads\\\/2024\\\/01\\\/46207-Hyla-EST-Pieni-kasiturbo-sahkomoottoriharja.png\",\"width\":568,\"height\":565,\"caption\":\"HYLA EST k\u00e4siturbo s\u00e4hk\u00f6moottoriharja \u2013 kompakti syv\u00e4puhdistusharja EST-malliin\"},{\"@type\":\"BreadcrumbList\",\"@id\":\"https:\\\/\\\/hylajams.fi\\\/?product=hyla-est-kasiturbo-sahkomoottoriharja#breadcrumb\",\"itemListElement\":[{\"@type\":\"ListItem\",\"position\":1,\"name\":\"Etusivu\",\"item\":\"https:\\\/\\\/hylajams.fi\\\/\"},{\"@type\":\"ListItem\",\"position\":2,\"name\":\"VERKKOKAUPPA\",\"item\":\"https:\\\/\\\/hylajams.fi\\\/?page_id=9\"},{\"@type\":\"ListItem\",\"position\":3,\"name\":\"46207 Pieni s\u00e4hk\u00f6moottoriharja (EST)\"}]},{\"@type\":\"WebSite\",\"@id\":\"https:\\\/\\\/hylajams.fi\\\/#website\",\"url\":\"https:\\\/\\\/hylajams.fi\\\/\",\"name\":\"Hyla Jams Verkkokauppa\",\"description\":\"Hyla ilman- ja huoneen puhdistusj\u00e4rjestelm\u00e4 Suomessa\",\"publisher\":{\"@id\":\"https:\\\/\\\/hylajams.fi\\\/#organization\"},\"potentialAction\":[{\"@type\":\"SearchAction\",\"target\":{\"@type\":\"EntryPoint\",\"urlTemplate\":\"https:\\\/\\\/hylajams.fi\\\/?s={search_term_string}\"},\"query-input\":{\"@type\":\"PropertyValueSpecification\",\"valueRequired\":true,\"valueName\":\"search_term_string\"}}],\"inLanguage\":\"fi\"},{\"@type\":\"Organization\",\"@id\":\"https:\\\/\\\/hylajams.fi\\\/#organization\",\"name\":\"Hyla Jams Verkkokauppa\",\"url\":\"https:\\\/\\\/hylajams.fi\\\/\",\"logo\":{\"@type\":\"ImageObject\",\"inLanguage\":\"fi\",\"@id\":\"https:\\\/\\\/hylajams.fi\\\/#\\\/schema\\\/logo\\\/image\\\/\",\"url\":\"https:\\\/\\\/hylajams.fi\\\/wp-content\\\/uploads\\\/2025\\\/02\\\/Logo-1-2.jpg\",\"contentUrl\":\"https:\\\/\\\/hylajams.fi\\\/wp-content\\\/uploads\\\/2025\\\/02\\\/Logo-1-2.jpg\",\"width\":500,\"height\":500,\"caption\":\"Hyla Jams Verkkokauppa\"},\"image\":{\"@id\":\"https:\\\/\\\/hylajams.fi\\\/#\\\/schema\\\/logo\\\/image\\\/\"},\"sameAs\":[\"https:\\\/\\\/www.instagram.com\\\/hylasiivous\\\/\"]}]}<\/script>\n<!-- \/ Yoast SEO plugin. -->","yoast_head_json":{"title":"HYLA EST k\u00e4siturbo s\u00e4hk\u00f6moottoriharja - Hyla EST k\u00e4siturbo","description":"HYLA EST k\u00e4siturbo s\u00e4hk\u00f6moottoriharja syv\u00e4puhdistaa tekstiilit, matot ja verhoilut tehokkaasti. Kompakti ja tehokas lis\u00e4osa HYLA EST -malliin.","robots":{"index":"index","follow":"follow","max-snippet":"max-snippet:-1","max-image-preview":"max-image-preview:large","max-video-preview":"max-video-preview:-1"},"canonical":"https:\/\/hylajams.fi\/?product=hyla-est-kasiturbo-sahkomoottoriharja","og_locale":"fi_FI","og_type":"article","og_title":"HYLA EST k\u00e4siturbo s\u00e4hk\u00f6moottoriharja - Hyla EST k\u00e4siturbo","og_description":"HYLA EST k\u00e4siturbo s\u00e4hk\u00f6moottoriharja syv\u00e4puhdistaa tekstiilit, matot ja verhoilut tehokkaasti. Kompakti ja tehokas lis\u00e4osa HYLA EST -malliin.","og_url":"https:\/\/hylajams.fi\/?product=hyla-est-kasiturbo-sahkomoottoriharja","og_site_name":"Hyla Jams Verkkokauppa","article_modified_time":"2026-02-27T18:38:21+00:00","og_image":[{"width":568,"height":565,"url":"https:\/\/hylajams.fi\/wp-content\/uploads\/2024\/01\/46207-Hyla-EST-Pieni-kasiturbo-sahkomoottoriharja.png","type":"image\/png"}],"twitter_card":"summary_large_image","twitter_misc":{"Arvioitu lukuaika":"2 minuuttia"},"schema":{"@context":"https:\/\/schema.org","@graph":[{"@type":"WebPage","@id":"https:\/\/hylajams.fi\/?product=hyla-est-kasiturbo-sahkomoottoriharja","url":"https:\/\/hylajams.fi\/?product=hyla-est-kasiturbo-sahkomoottoriharja","name":"HYLA EST k\u00e4siturbo s\u00e4hk\u00f6moottoriharja - Hyla EST k\u00e4siturbo","isPartOf":{"@id":"https:\/\/hylajams.fi\/#website"},"primaryImageOfPage":{"@id":"https:\/\/hylajams.fi\/?product=hyla-est-kasiturbo-sahkomoottoriharja#primaryimage"},"image":{"@id":"https:\/\/hylajams.fi\/?product=hyla-est-kasiturbo-sahkomoottoriharja#primaryimage"},"thumbnailUrl":"https:\/\/hylajams.fi\/wp-content\/uploads\/2024\/01\/46207-Hyla-EST-Pieni-kasiturbo-sahkomoottoriharja.png","datePublished":"2021-08-09T21:00:32+00:00","dateModified":"2026-02-27T18:38:21+00:00","description":"HYLA EST k\u00e4siturbo s\u00e4hk\u00f6moottoriharja syv\u00e4puhdistaa tekstiilit, matot ja verhoilut tehokkaasti. Kompakti ja tehokas lis\u00e4osa HYLA EST -malliin.","breadcrumb":{"@id":"https:\/\/hylajams.fi\/?product=hyla-est-kasiturbo-sahkomoottoriharja#breadcrumb"},"inLanguage":"fi","potentialAction":[{"@type":"ReadAction","target":["https:\/\/hylajams.fi\/?product=hyla-est-kasiturbo-sahkomoottoriharja"]}]},{"@type":"ImageObject","inLanguage":"fi","@id":"https:\/\/hylajams.fi\/?product=hyla-est-kasiturbo-sahkomoottoriharja#primaryimage","url":"https:\/\/hylajams.fi\/wp-content\/uploads\/2024\/01\/46207-Hyla-EST-Pieni-kasiturbo-sahkomoottoriharja.png","contentUrl":"https:\/\/hylajams.fi\/wp-content\/uploads\/2024\/01\/46207-Hyla-EST-Pieni-kasiturbo-sahkomoottoriharja.png","width":568,"height":565,"caption":"HYLA EST k\u00e4siturbo s\u00e4hk\u00f6moottoriharja \u2013 kompakti syv\u00e4puhdistusharja EST-malliin"},{"@type":"BreadcrumbList","@id":"https:\/\/hylajams.fi\/?product=hyla-est-kasiturbo-sahkomoottoriharja#breadcrumb","itemListElement":[{"@type":"ListItem","position":1,"name":"Etusivu","item":"https:\/\/hylajams.fi\/"},{"@type":"ListItem","position":2,"name":"VERKKOKAUPPA","item":"https:\/\/hylajams.fi\/?page_id=9"},{"@type":"ListItem","position":3,"name":"46207 Pieni s\u00e4hk\u00f6moottoriharja (EST)"}]},{"@type":"WebSite","@id":"https:\/\/hylajams.fi\/#website","url":"https:\/\/hylajams.fi\/","name":"Hyla Jams Verkkokauppa","description":"Hyla ilman- ja huoneen puhdistusj\u00e4rjestelm\u00e4 Suomessa","publisher":{"@id":"https:\/\/hylajams.fi\/#organization"},"potentialAction":[{"@type":"SearchAction","target":{"@type":"EntryPoint","urlTemplate":"https:\/\/hylajams.fi\/?s={search_term_string}"},"query-input":{"@type":"PropertyValueSpecification","valueRequired":true,"valueName":"search_term_string"}}],"inLanguage":"fi"},{"@type":"Organization","@id":"https:\/\/hylajams.fi\/#organization","name":"Hyla Jams Verkkokauppa","url":"https:\/\/hylajams.fi\/","logo":{"@type":"ImageObject","inLanguage":"fi","@id":"https:\/\/hylajams.fi\/#\/schema\/logo\/image\/","url":"https:\/\/hylajams.fi\/wp-content\/uploads\/2025\/02\/Logo-1-2.jpg","contentUrl":"https:\/\/hylajams.fi\/wp-content\/uploads\/2025\/02\/Logo-1-2.jpg","width":500,"height":500,"caption":"Hyla Jams Verkkokauppa"},"image":{"@id":"https:\/\/hylajams.fi\/#\/schema\/logo\/image\/"},"sameAs":["https:\/\/www.instagram.com\/hylasiivous\/"]}]}},"_links":{"self":[{"href":"https:\/\/hylajams.fi\/index.php?rest_route=\/wp\/v2\/product\/1765","targetHints":{"allow":["GET"]}}],"collection":[{"href":"https:\/\/hylajams.fi\/index.php?rest_route=\/wp\/v2\/product"}],"about":[{"href":"https:\/\/hylajams.fi\/index.php?rest_route=\/wp\/v2\/types\/product"}],"version-history":[{"count":6,"href":"https:\/\/hylajams.fi\/index.php?rest_route=\/wp\/v2\/product\/1765\/revisions"}],"predecessor-version":[{"id":13162,"href":"https:\/\/hylajams.fi\/index.php?rest_route=\/wp\/v2\/product\/1765\/revisions\/13162"}],"wp:featuredmedia":[{"embeddable":true,"href":"https:\/\/hylajams.fi\/index.php?rest_route=\/wp\/v2\/media\/6610"}],"wp:attachment":[{"href":"https:\/\/hylajams.fi\/index.php?rest_route=%2Fwp%2Fv2%2Fmedia&parent=1765"}],"wp:term":[{"taxonomy":"product_brand","embeddable":true,"href":"https:\/\/hylajams.fi\/index.php?rest_route=%2Fwp%2Fv2%2Fproduct_brand&post=1765"},{"taxonomy":"product_cat","embeddable":true,"href":"https:\/\/hylajams.fi\/index.php?rest_route=%2Fwp%2Fv2%2Fproduct_cat&post=1765"},{"taxonomy":"product_tag","embeddable":true,"href":"https:\/\/hylajams.fi\/index.php?rest_route=%2Fwp%2Fv2%2Fproduct_tag&post=1765"}],"curies":[{"name":"wp","href":"https:\/\/api.w.org\/{rel}","templated":true}]}}