{"id":1761,"date":"2021-08-09T23:47:04","date_gmt":"2021-08-09T20:47:04","guid":{"rendered":"https:\/\/hylajams.fi\/?post_type=product&#038;p=1761"},"modified":"2026-02-27T20:49:11","modified_gmt":"2026-02-27T18:49:11","slug":"mikrokuituliinapidike-yleislattiaharjalle","status":"publish","type":"product","link":"https:\/\/hylajams.fi\/?product=mikrokuituliinapidike-yleislattiaharjalle","title":{"rendered":"46765 Mikrokuituliina pidike yleislattiaharjalle"},"content":{"rendered":"<p><strong>Mikrokuituliinapidike yleislattiaharjalle<\/strong><strong>\u00a0<\/strong><\/p>\n<p>Mikrokuituliinapidike on k\u00e4tev\u00e4 lis\u00e4varuste, joka yhdistyy helposti Hylan vakiovarusteena olevaan yleislattiaharjaan. Pidikkeess\u00e4 olevat tarrat kiinnittyv\u00e4t tiukasti mikrokuituliinoihin, joita on saatavilla eri lattiatyypeille, kuten parketille, laatalle ja laminaatille.<\/p>\n<p>T\u00e4m\u00e4 mikrokuituliinapidike yleislattiaharjalle mahdollistaa lattioiden imuroinnin ja pyyhkimisen samanaikaisesti, jolloin pinnat j\u00e4\u00e4v\u00e4t puhtaiksi ja kiilt\u00e4viksi. Mikrokuituliinat eiv\u00e4t sis\u00e4lly tuotteen mukana, mutta ne ovat saatavilla erikseen varaosina. Verkkokaupasta voi hankkia my\u00f6s koko setin, johon sis\u00e4ltyy pidike ja 3 kpl mikrokuituliinoja.<\/p>\n<p><strong>Tuotetiedot:<\/strong><\/p>\n<ul>\n<li>Yhteensopiva <strong><a href=\"https:\/\/hylajams.fi\/?product=hyla-est-yleislattiaharja\">HYLA yleislattiaharjan<\/a><\/strong> kanssa<\/li>\n<li>Tarrakiinnitys mikrokuituliinoihin<\/li>\n<li>Mikrokuituliinat saatavana erikseen (<strong><a href=\"https:\/\/hylajams.fi\/?product=mikrokuituliinat-setti\">tuote nro 46755<\/a><\/strong>)<\/li>\n<li>Mahdollisuus ostaa koko setti (pidike + 3 mikrokuituliinaa)<\/li>\n<li>Soveltuu kaikille koville pinnoille<\/li>\n<\/ul>\n<p><strong><a href=\"https:\/\/hylajams.fi\/?page_id=7252\">HYLA EST TUOTTEET<\/a><\/strong><\/p>\n<p><strong><a href=\"https:\/\/hylajams.fi\/?page_id=8366\">HYLA GST TUOTTEET<\/a><\/strong><\/p>\n<p><strong><a href=\"https:\/\/hylajams.fi\/?page_id=8371\">HYLA NST TUOTTEET<\/a><\/strong><\/p>\n<p><strong><a href=\"https:\/\/www.hyla.com\/products\/products\"><span dir=\"auto\" style=\"vertical-align: inherit;\"><span dir=\"auto\" style=\"vertical-align: inherit;\">HYLA INTERNATIONAL<\/span><\/span><\/a><\/strong><\/p>\n","protected":false},"excerpt":{"rendered":"<p><strong>HYLA mikrokuituliinapidike yleislattiaharjalle<\/strong> \u2013 kiinnittyy helposti tarrapinnalla liinoihin. Liinat tilattavissa erikseen tai settin\u00e4.<\/p>\n","protected":false},"featured_media":10850,"template":"","meta":[],"product_brand":[],"product_cat":[952,950,946,945,773,774,775,942,941],"product_tag":[1131,1473,1679,1685,1681,1684,1683,1686,1682],"class_list":{"0":"post-1761","1":"product","2":"type-product","3":"status-publish","4":"has-post-thumbnail","6":"product_cat-est-lisatarvikkeet","7":"product_cat-est-suulakkeet-ja-harjat","8":"product_cat-hyla-gst-lisatarvikkeet","9":"product_cat-hyla-gst-suulakkeet-ja-harjat","10":"product_cat-hyla-est","11":"product_cat-hyla-gst","12":"product_cat-hyla-nst","13":"product_cat-hyla-nst-lisatarvikkeet","14":"product_cat-hyla-nst-suulakkeet","15":"product_tag-hyla-lisavaruste","16":"product_tag-hyla-yleislattiaharja","17":"product_tag-lattian-puhdistus","18":"product_tag-lattianpesupidike","19":"product_tag-mikrokuituliina-pidike","20":"product_tag-moppi-pidike","21":"product_tag-pidike-mikrokuituliinalle","22":"product_tag-yleishuiskapidike","23":"product_tag-yleislattiaharja-pidike","24":"product_shipping_class-posti-s-paketti-11x32x3-cm-35-kg","25":"_wholesalex wsx-wholesalex-product","27":"first","28":"instock","29":"featured","30":"shipping-taxable","31":"purchasable","32":"product-type-simple"},"yoast_head":"<!-- This site is optimized with the Yoast SEO plugin v27.3 - https:\/\/yoast.com\/product\/yoast-seo-wordpress\/ -->\n<title>Mikrokuituliinapidike yleislattiaharjalle - tarrakiinnitteinen pidike<\/title>\n<meta name=\"description\" content=\"Mikrokuituliinapidike yleislattiaharjalle \u2013 k\u00e4yt\u00e4nn\u00f6llinen lis\u00e4varuste lattioiden pyyhint\u00e4\u00e4n. Liinat tilattavissa erikseen tai settin\u00e4.\" \/>\n<meta name=\"robots\" content=\"index, follow, max-snippet:-1, max-image-preview:large, max-video-preview:-1\" \/>\n<link rel=\"canonical\" href=\"https:\/\/hylajams.fi\/?product=mikrokuituliinapidike-yleislattiaharjalle\" \/>\n<meta property=\"og:locale\" content=\"fi_FI\" \/>\n<meta property=\"og:type\" content=\"article\" \/>\n<meta property=\"og:title\" content=\"Mikrokuituliinapidike yleislattiaharjalle - tarrakiinnitteinen pidike\" \/>\n<meta property=\"og:description\" content=\"Mikrokuituliinapidike yleislattiaharjalle \u2013 k\u00e4yt\u00e4nn\u00f6llinen lis\u00e4varuste lattioiden pyyhint\u00e4\u00e4n. Liinat tilattavissa erikseen tai settin\u00e4.\" \/>\n<meta property=\"og:url\" content=\"https:\/\/hylajams.fi\/?product=mikrokuituliinapidike-yleislattiaharjalle\" \/>\n<meta property=\"og:site_name\" content=\"Hyla Jams Verkkokauppa\" \/>\n<meta property=\"article:modified_time\" content=\"2026-02-27T18:49:11+00:00\" \/>\n<meta property=\"og:image\" content=\"https:\/\/hylajams.fi\/wp-content\/uploads\/2021\/08\/46765-Hyla-moppi-pidike.jpg\" \/>\n\t<meta property=\"og:image:width\" content=\"945\" \/>\n\t<meta property=\"og:image:height\" content=\"945\" \/>\n\t<meta property=\"og:image:type\" content=\"image\/jpeg\" \/>\n<meta name=\"twitter:card\" content=\"summary_large_image\" \/>\n<meta name=\"twitter:label1\" content=\"Arvioitu lukuaika\" \/>\n\t<meta name=\"twitter:data1\" content=\"1 minuutti\" \/>\n<script type=\"application\/ld+json\" class=\"yoast-schema-graph\">{\"@context\":\"https:\\\/\\\/schema.org\",\"@graph\":[{\"@type\":\"WebPage\",\"@id\":\"https:\\\/\\\/hylajams.fi\\\/?product=mikrokuituliinapidike-yleislattiaharjalle\",\"url\":\"https:\\\/\\\/hylajams.fi\\\/?product=mikrokuituliinapidike-yleislattiaharjalle\",\"name\":\"Mikrokuituliinapidike yleislattiaharjalle - tarrakiinnitteinen pidike\",\"isPartOf\":{\"@id\":\"https:\\\/\\\/hylajams.fi\\\/#website\"},\"primaryImageOfPage\":{\"@id\":\"https:\\\/\\\/hylajams.fi\\\/?product=mikrokuituliinapidike-yleislattiaharjalle#primaryimage\"},\"image\":{\"@id\":\"https:\\\/\\\/hylajams.fi\\\/?product=mikrokuituliinapidike-yleislattiaharjalle#primaryimage\"},\"thumbnailUrl\":\"https:\\\/\\\/hylajams.fi\\\/wp-content\\\/uploads\\\/2021\\\/08\\\/46765-Hyla-moppi-pidike.jpg\",\"datePublished\":\"2021-08-09T20:47:04+00:00\",\"dateModified\":\"2026-02-27T18:49:11+00:00\",\"description\":\"Mikrokuituliinapidike yleislattiaharjalle \u2013 k\u00e4yt\u00e4nn\u00f6llinen lis\u00e4varuste lattioiden pyyhint\u00e4\u00e4n. Liinat tilattavissa erikseen tai settin\u00e4.\",\"breadcrumb\":{\"@id\":\"https:\\\/\\\/hylajams.fi\\\/?product=mikrokuituliinapidike-yleislattiaharjalle#breadcrumb\"},\"inLanguage\":\"fi\",\"potentialAction\":[{\"@type\":\"ReadAction\",\"target\":[\"https:\\\/\\\/hylajams.fi\\\/?product=mikrokuituliinapidike-yleislattiaharjalle\"]}]},{\"@type\":\"ImageObject\",\"inLanguage\":\"fi\",\"@id\":\"https:\\\/\\\/hylajams.fi\\\/?product=mikrokuituliinapidike-yleislattiaharjalle#primaryimage\",\"url\":\"https:\\\/\\\/hylajams.fi\\\/wp-content\\\/uploads\\\/2021\\\/08\\\/46765-Hyla-moppi-pidike.jpg\",\"contentUrl\":\"https:\\\/\\\/hylajams.fi\\\/wp-content\\\/uploads\\\/2021\\\/08\\\/46765-Hyla-moppi-pidike.jpg\",\"width\":945,\"height\":945,\"caption\":\"HYLA mikrokuituliina pidike yleislattiaharjalle \u2013 tarrakiinnitteinen pidike mikrokuituliinoille\"},{\"@type\":\"BreadcrumbList\",\"@id\":\"https:\\\/\\\/hylajams.fi\\\/?product=mikrokuituliinapidike-yleislattiaharjalle#breadcrumb\",\"itemListElement\":[{\"@type\":\"ListItem\",\"position\":1,\"name\":\"Etusivu\",\"item\":\"https:\\\/\\\/hylajams.fi\\\/\"},{\"@type\":\"ListItem\",\"position\":2,\"name\":\"VERKKOKAUPPA\",\"item\":\"https:\\\/\\\/hylajams.fi\\\/?page_id=9\"},{\"@type\":\"ListItem\",\"position\":3,\"name\":\"46765 Mikrokuituliina pidike yleislattiaharjalle\"}]},{\"@type\":\"WebSite\",\"@id\":\"https:\\\/\\\/hylajams.fi\\\/#website\",\"url\":\"https:\\\/\\\/hylajams.fi\\\/\",\"name\":\"Hyla Jams Verkkokauppa\",\"description\":\"Hyla ilman- ja huoneen puhdistusj\u00e4rjestelm\u00e4 Suomessa\",\"publisher\":{\"@id\":\"https:\\\/\\\/hylajams.fi\\\/#organization\"},\"potentialAction\":[{\"@type\":\"SearchAction\",\"target\":{\"@type\":\"EntryPoint\",\"urlTemplate\":\"https:\\\/\\\/hylajams.fi\\\/?s={search_term_string}\"},\"query-input\":{\"@type\":\"PropertyValueSpecification\",\"valueRequired\":true,\"valueName\":\"search_term_string\"}}],\"inLanguage\":\"fi\"},{\"@type\":\"Organization\",\"@id\":\"https:\\\/\\\/hylajams.fi\\\/#organization\",\"name\":\"Hyla Jams Verkkokauppa\",\"url\":\"https:\\\/\\\/hylajams.fi\\\/\",\"logo\":{\"@type\":\"ImageObject\",\"inLanguage\":\"fi\",\"@id\":\"https:\\\/\\\/hylajams.fi\\\/#\\\/schema\\\/logo\\\/image\\\/\",\"url\":\"https:\\\/\\\/hylajams.fi\\\/wp-content\\\/uploads\\\/2025\\\/02\\\/Logo-1-2.jpg\",\"contentUrl\":\"https:\\\/\\\/hylajams.fi\\\/wp-content\\\/uploads\\\/2025\\\/02\\\/Logo-1-2.jpg\",\"width\":500,\"height\":500,\"caption\":\"Hyla Jams Verkkokauppa\"},\"image\":{\"@id\":\"https:\\\/\\\/hylajams.fi\\\/#\\\/schema\\\/logo\\\/image\\\/\"},\"sameAs\":[\"https:\\\/\\\/www.instagram.com\\\/hylasiivous\\\/\"]}]}<\/script>\n<!-- \/ Yoast SEO plugin. -->","yoast_head_json":{"title":"Mikrokuituliinapidike yleislattiaharjalle - tarrakiinnitteinen pidike","description":"Mikrokuituliinapidike yleislattiaharjalle \u2013 k\u00e4yt\u00e4nn\u00f6llinen lis\u00e4varuste lattioiden pyyhint\u00e4\u00e4n. Liinat tilattavissa erikseen tai settin\u00e4.","robots":{"index":"index","follow":"follow","max-snippet":"max-snippet:-1","max-image-preview":"max-image-preview:large","max-video-preview":"max-video-preview:-1"},"canonical":"https:\/\/hylajams.fi\/?product=mikrokuituliinapidike-yleislattiaharjalle","og_locale":"fi_FI","og_type":"article","og_title":"Mikrokuituliinapidike yleislattiaharjalle - tarrakiinnitteinen pidike","og_description":"Mikrokuituliinapidike yleislattiaharjalle \u2013 k\u00e4yt\u00e4nn\u00f6llinen lis\u00e4varuste lattioiden pyyhint\u00e4\u00e4n. Liinat tilattavissa erikseen tai settin\u00e4.","og_url":"https:\/\/hylajams.fi\/?product=mikrokuituliinapidike-yleislattiaharjalle","og_site_name":"Hyla Jams Verkkokauppa","article_modified_time":"2026-02-27T18:49:11+00:00","og_image":[{"width":945,"height":945,"url":"https:\/\/hylajams.fi\/wp-content\/uploads\/2021\/08\/46765-Hyla-moppi-pidike.jpg","type":"image\/jpeg"}],"twitter_card":"summary_large_image","twitter_misc":{"Arvioitu lukuaika":"1 minuutti"},"schema":{"@context":"https:\/\/schema.org","@graph":[{"@type":"WebPage","@id":"https:\/\/hylajams.fi\/?product=mikrokuituliinapidike-yleislattiaharjalle","url":"https:\/\/hylajams.fi\/?product=mikrokuituliinapidike-yleislattiaharjalle","name":"Mikrokuituliinapidike yleislattiaharjalle - tarrakiinnitteinen pidike","isPartOf":{"@id":"https:\/\/hylajams.fi\/#website"},"primaryImageOfPage":{"@id":"https:\/\/hylajams.fi\/?product=mikrokuituliinapidike-yleislattiaharjalle#primaryimage"},"image":{"@id":"https:\/\/hylajams.fi\/?product=mikrokuituliinapidike-yleislattiaharjalle#primaryimage"},"thumbnailUrl":"https:\/\/hylajams.fi\/wp-content\/uploads\/2021\/08\/46765-Hyla-moppi-pidike.jpg","datePublished":"2021-08-09T20:47:04+00:00","dateModified":"2026-02-27T18:49:11+00:00","description":"Mikrokuituliinapidike yleislattiaharjalle \u2013 k\u00e4yt\u00e4nn\u00f6llinen lis\u00e4varuste lattioiden pyyhint\u00e4\u00e4n. Liinat tilattavissa erikseen tai settin\u00e4.","breadcrumb":{"@id":"https:\/\/hylajams.fi\/?product=mikrokuituliinapidike-yleislattiaharjalle#breadcrumb"},"inLanguage":"fi","potentialAction":[{"@type":"ReadAction","target":["https:\/\/hylajams.fi\/?product=mikrokuituliinapidike-yleislattiaharjalle"]}]},{"@type":"ImageObject","inLanguage":"fi","@id":"https:\/\/hylajams.fi\/?product=mikrokuituliinapidike-yleislattiaharjalle#primaryimage","url":"https:\/\/hylajams.fi\/wp-content\/uploads\/2021\/08\/46765-Hyla-moppi-pidike.jpg","contentUrl":"https:\/\/hylajams.fi\/wp-content\/uploads\/2021\/08\/46765-Hyla-moppi-pidike.jpg","width":945,"height":945,"caption":"HYLA mikrokuituliina pidike yleislattiaharjalle \u2013 tarrakiinnitteinen pidike mikrokuituliinoille"},{"@type":"BreadcrumbList","@id":"https:\/\/hylajams.fi\/?product=mikrokuituliinapidike-yleislattiaharjalle#breadcrumb","itemListElement":[{"@type":"ListItem","position":1,"name":"Etusivu","item":"https:\/\/hylajams.fi\/"},{"@type":"ListItem","position":2,"name":"VERKKOKAUPPA","item":"https:\/\/hylajams.fi\/?page_id=9"},{"@type":"ListItem","position":3,"name":"46765 Mikrokuituliina pidike yleislattiaharjalle"}]},{"@type":"WebSite","@id":"https:\/\/hylajams.fi\/#website","url":"https:\/\/hylajams.fi\/","name":"Hyla Jams Verkkokauppa","description":"Hyla ilman- ja huoneen puhdistusj\u00e4rjestelm\u00e4 Suomessa","publisher":{"@id":"https:\/\/hylajams.fi\/#organization"},"potentialAction":[{"@type":"SearchAction","target":{"@type":"EntryPoint","urlTemplate":"https:\/\/hylajams.fi\/?s={search_term_string}"},"query-input":{"@type":"PropertyValueSpecification","valueRequired":true,"valueName":"search_term_string"}}],"inLanguage":"fi"},{"@type":"Organization","@id":"https:\/\/hylajams.fi\/#organization","name":"Hyla Jams Verkkokauppa","url":"https:\/\/hylajams.fi\/","logo":{"@type":"ImageObject","inLanguage":"fi","@id":"https:\/\/hylajams.fi\/#\/schema\/logo\/image\/","url":"https:\/\/hylajams.fi\/wp-content\/uploads\/2025\/02\/Logo-1-2.jpg","contentUrl":"https:\/\/hylajams.fi\/wp-content\/uploads\/2025\/02\/Logo-1-2.jpg","width":500,"height":500,"caption":"Hyla Jams Verkkokauppa"},"image":{"@id":"https:\/\/hylajams.fi\/#\/schema\/logo\/image\/"},"sameAs":["https:\/\/www.instagram.com\/hylasiivous\/"]}]}},"_links":{"self":[{"href":"https:\/\/hylajams.fi\/index.php?rest_route=\/wp\/v2\/product\/1761","targetHints":{"allow":["GET"]}}],"collection":[{"href":"https:\/\/hylajams.fi\/index.php?rest_route=\/wp\/v2\/product"}],"about":[{"href":"https:\/\/hylajams.fi\/index.php?rest_route=\/wp\/v2\/types\/product"}],"version-history":[{"count":4,"href":"https:\/\/hylajams.fi\/index.php?rest_route=\/wp\/v2\/product\/1761\/revisions"}],"predecessor-version":[{"id":11434,"href":"https:\/\/hylajams.fi\/index.php?rest_route=\/wp\/v2\/product\/1761\/revisions\/11434"}],"wp:featuredmedia":[{"embeddable":true,"href":"https:\/\/hylajams.fi\/index.php?rest_route=\/wp\/v2\/media\/10850"}],"wp:attachment":[{"href":"https:\/\/hylajams.fi\/index.php?rest_route=%2Fwp%2Fv2%2Fmedia&parent=1761"}],"wp:term":[{"taxonomy":"product_brand","embeddable":true,"href":"https:\/\/hylajams.fi\/index.php?rest_route=%2Fwp%2Fv2%2Fproduct_brand&post=1761"},{"taxonomy":"product_cat","embeddable":true,"href":"https:\/\/hylajams.fi\/index.php?rest_route=%2Fwp%2Fv2%2Fproduct_cat&post=1761"},{"taxonomy":"product_tag","embeddable":true,"href":"https:\/\/hylajams.fi\/index.php?rest_route=%2Fwp%2Fv2%2Fproduct_tag&post=1761"}],"curies":[{"name":"wp","href":"https:\/\/api.w.org\/{rel}","templated":true}]}}